{"id":48885,"date":"2025-03-04T14:19:34","date_gmt":"2025-03-04T12:19:34","guid":{"rendered":"https:\/\/miumjau.ee\/toode\/koiran-pallolelu-narulla-dog-comets-oranssi\/"},"modified":"2026-01-07T22:43:58","modified_gmt":"2026-01-07T20:43:58","slug":"koiran-pallolelu-narulla-dog-comets-oranssi","status":"publish","type":"product","link":"https:\/\/miumjau.ee\/fi\/tuote\/koiran-pallolelu-narulla-dog-comets-oranssi\/","title":{"rendered":"Koiran pallolelu narulla Dog Comets, oranssi"},"content":{"rendered":"","protected":false},"excerpt":{"rendered":"<p data-start=\"1135\" data-end=\"1207\"><strong data-start=\"1135\" data-end=\"1207\">Dog Comets -leikkipallo \u2013 pitk\u00e4kestoista hauskuutta koirallesi! \ud83d\ude80\ud83d\udc36<\/strong><\/p>\n<p data-start=\"1209\" data-end=\"1489\">Dog Comets Swift Tuttle-, Halley- ja Hale Bopp -pallot on nimetty kuuluisien komeettojen mukaan ja ne on suunniteltu tarjoamaan maksimaalista noutoleikki\u00e4. \u00c4lyk\u00e4s uurrettu muotoilu helpottaa koiran hengitt\u00e4mist\u00e4 palloa kantaessa, mahdollistaen pidemm\u00e4t ja hauskemmat leikkihetket.<\/p>\n<p data-start=\"1491\" data-end=\"1841\">\ud83c\udfbe <strong data-start=\"1494\" data-end=\"1535\">Miksi valita Dog Comets -leikkipallo?<\/strong><br data-start=\"1535\" data-end=\"1538\" \/>\u2714 100 % luonnonkumia \u2013 turvallinen, kest\u00e4v\u00e4 ja pureskelunkest\u00e4v\u00e4<br data-start=\"1602\" data-end=\"1605\" \/>\u2714 Puhdistaa hampaita \u2013 uurteet auttavat poistamaan likaa ja hierovat ikeni\u00e4<br data-start=\"1680\" data-end=\"1683\" \/>\u2714 Erinomainen pomppu \u2013 t\u00e4ydellinen vuorovaikutteisiin leikkeihin<br data-start=\"1747\" data-end=\"1750\" \/>\u2714 Kelluu vedess\u00e4 \u2013 sopii my\u00f6s vesileikkeihin<br data-start=\"1794\" data-end=\"1797\" \/>\u2714 Helppo puhdistaa \u2013 huuhtele vain vedell\u00e4<\/p>\n<p data-start=\"1843\" data-end=\"1950\">\ud83d\udef8 <strong data-start=\"1846\" data-end=\"1868\">Kaksi vaihtoehtoa:<\/strong><br data-start=\"1868\" data-end=\"1871\" \/>\ud83d\udd39 Ilman narua \u2013 \u00d8 6 cm<br data-start=\"1894\" data-end=\"1897\" \/>\ud83d\udd39 Narulla \u2013 pidempiin heittoihin ja vetoleikkeihin<\/p>\n<p data-start=\"1952\" data-end=\"2103\">Vie koirasi leikit uudelle tasolle Dog Comets -leikkipallolla \u2013 kest\u00e4v\u00e4, pomppiva ja t\u00e4ydellinen jokaiselle seikkailunhaluiselle nelijalkaiselle! \ud83d\udc3e\u2728<\/p>\n","protected":false},"featured_media":28058,"template":"","meta":[],"product_brand":[],"product_cat":[484],"product_tag":[],"class_list":{"0":"post-48885","1":"product","2":"type-product","3":"status-publish","4":"has-post-thumbnail","6":"product_cat-lelut-koirille","8":"first","9":"instock","10":"taxable","11":"shipping-taxable","12":"purchasable","13":"product-type-simple"},"yoast_head":"<!-- This site is optimized with the Yoast SEO plugin v27.2 - https:\/\/yoast.com\/product\/yoast-seo-wordpress\/ -->\n<title>Koiran pallolelu narulla Dog Comets, oranssi - MiuMjau<\/title>\n<meta name=\"robots\" content=\"index, follow, max-snippet:-1, max-image-preview:large, max-video-preview:-1\" \/>\n<link rel=\"canonical\" href=\"https:\/\/miumjau.ee\/fi\/tuote\/koiran-pallolelu-narulla-dog-comets-oranssi\/\" \/>\n<meta property=\"og:locale\" content=\"fi_FI\" \/>\n<meta property=\"og:type\" content=\"article\" \/>\n<meta property=\"og:title\" content=\"Koiran pallolelu narulla Dog Comets, oranssi - MiuMjau\" \/>\n<meta property=\"og:description\" content=\"Dog Comets -leikkipallo \u2013 pitk\u00e4kestoista hauskuutta koirallesi! \ud83d\ude80\ud83d\udc36 Dog Comets Swift Tuttle-, Halley- ja Hale Bopp -pallot on nimetty kuuluisien komeettojen mukaan ja ne on suunniteltu tarjoamaan maksimaalista noutoleikki\u00e4. \u00c4lyk\u00e4s uurrettu muotoilu helpottaa koiran hengitt\u00e4mist\u00e4 palloa kantaessa, mahdollistaen pidemm\u00e4t ja hauskemmat leikkihetket. \ud83c\udfbe Miksi valita Dog Comets -leikkipallo?\u2714 100 % luonnonkumia \u2013 turvallinen, kest\u00e4v\u00e4 ja pureskelunkest\u00e4v\u00e4\u2714 Puhdistaa hampaita \u2013 uurteet auttavat poistamaan likaa ja hierovat ikeni\u00e4\u2714 Erinomainen pomppu \u2013 t\u00e4ydellinen vuorovaikutteisiin leikkeihin\u2714 Kelluu vedess\u00e4 \u2013 sopii my\u00f6s vesileikkeihin\u2714 Helppo puhdistaa \u2013 huuhtele vain vedell\u00e4 \ud83d\udef8 Kaksi vaihtoehtoa:\ud83d\udd39 Ilman narua \u2013 \u00d8 6 cm\ud83d\udd39 Narulla \u2013 pidempiin heittoihin ja vetoleikkeihin Vie koirasi leikit uudelle tasolle Dog Comets -leikkipallolla \u2013 kest\u00e4v\u00e4, pomppiva ja t\u00e4ydellinen jokaiselle seikkailunhaluiselle nelijalkaiselle! \ud83d\udc3e\u2728\" \/>\n<meta property=\"og:url\" content=\"https:\/\/miumjau.ee\/fi\/tuote\/koiran-pallolelu-narulla-dog-comets-oranssi\/\" \/>\n<meta property=\"og:site_name\" content=\"MiuMjau\" \/>\n<meta property=\"article:publisher\" content=\"https:\/\/www.facebook.com\/miumjaupood\/\" \/>\n<meta property=\"article:modified_time\" content=\"2026-01-07T20:43:58+00:00\" \/>\n<meta property=\"og:image\" content=\"https:\/\/miumjau.ee\/wp-content\/uploads\/2025\/03\/manguasi-koertele-dog-comets16.jpg\" \/>\n\t<meta property=\"og:image:width\" content=\"600\" \/>\n\t<meta property=\"og:image:height\" content=\"800\" \/>\n\t<meta property=\"og:image:type\" content=\"image\/jpeg\" \/>\n<meta name=\"twitter:card\" content=\"summary_large_image\" \/>\n<script type=\"application\/ld+json\" class=\"yoast-schema-graph\">{\"@context\":\"https:\/\/schema.org\",\"@graph\":[{\"@type\":\"WebPage\",\"@id\":\"https:\/\/miumjau.ee\/fi\/tuote\/koiran-pallolelu-narulla-dog-comets-oranssi\/\",\"url\":\"https:\/\/miumjau.ee\/fi\/tuote\/koiran-pallolelu-narulla-dog-comets-oranssi\/\",\"name\":\"Koiran pallolelu narulla Dog Comets, oranssi - MiuMjau\",\"isPartOf\":{\"@id\":\"https:\/\/miumjau.ee\/#website\"},\"primaryImageOfPage\":{\"@id\":\"https:\/\/miumjau.ee\/fi\/tuote\/koiran-pallolelu-narulla-dog-comets-oranssi\/#primaryimage\"},\"image\":{\"@id\":\"https:\/\/miumjau.ee\/fi\/tuote\/koiran-pallolelu-narulla-dog-comets-oranssi\/#primaryimage\"},\"thumbnailUrl\":\"https:\/\/miumjau.ee\/wp-content\/uploads\/2025\/03\/manguasi-koertele-dog-comets16.jpg\",\"datePublished\":\"2025-03-04T12:19:34+00:00\",\"dateModified\":\"2026-01-07T20:43:58+00:00\",\"breadcrumb\":{\"@id\":\"https:\/\/miumjau.ee\/fi\/tuote\/koiran-pallolelu-narulla-dog-comets-oranssi\/#breadcrumb\"},\"inLanguage\":\"fi\",\"potentialAction\":[{\"@type\":\"ReadAction\",\"target\":[\"https:\/\/miumjau.ee\/fi\/tuote\/koiran-pallolelu-narulla-dog-comets-oranssi\/\"]}]},{\"@type\":\"ImageObject\",\"inLanguage\":\"fi\",\"@id\":\"https:\/\/miumjau.ee\/fi\/tuote\/koiran-pallolelu-narulla-dog-comets-oranssi\/#primaryimage\",\"url\":\"https:\/\/miumjau.ee\/wp-content\/uploads\/2025\/03\/manguasi-koertele-dog-comets16.jpg\",\"contentUrl\":\"https:\/\/miumjau.ee\/wp-content\/uploads\/2025\/03\/manguasi-koertele-dog-comets16.jpg\",\"width\":600,\"height\":800,\"caption\":\"M\u00e4nguasi koerale DOg Comets\"},{\"@type\":\"BreadcrumbList\",\"@id\":\"https:\/\/miumjau.ee\/fi\/tuote\/koiran-pallolelu-narulla-dog-comets-oranssi\/#breadcrumb\",\"itemListElement\":[{\"@type\":\"ListItem\",\"position\":1,\"name\":\"Home\",\"item\":\"https:\/\/miumjau.ee\/fi\/\"},{\"@type\":\"ListItem\",\"position\":2,\"name\":\"Kauppa\",\"item\":\"https:\/\/miumjau.ee\/fi\/kauppa\/\"},{\"@type\":\"ListItem\",\"position\":3,\"name\":\"Koiran pallolelu narulla Dog Comets, oranssi\"}]},{\"@type\":\"WebSite\",\"@id\":\"https:\/\/miumjau.ee\/#website\",\"url\":\"https:\/\/miumjau.ee\/\",\"name\":\"MiuMjau\",\"description\":\"Kraapimispuud kassidele\",\"publisher\":{\"@id\":\"https:\/\/miumjau.ee\/#organization\"},\"potentialAction\":[{\"@type\":\"SearchAction\",\"target\":{\"@type\":\"EntryPoint\",\"urlTemplate\":\"https:\/\/miumjau.ee\/?s={search_term_string}\"},\"query-input\":{\"@type\":\"PropertyValueSpecification\",\"valueRequired\":true,\"valueName\":\"search_term_string\"}}],\"inLanguage\":\"fi\"},{\"@type\":\"Organization\",\"@id\":\"https:\/\/miumjau.ee\/#organization\",\"name\":\"MiuMjau O\u00dc\",\"url\":\"https:\/\/miumjau.ee\/\",\"logo\":{\"@type\":\"ImageObject\",\"inLanguage\":\"fi\",\"@id\":\"https:\/\/miumjau.ee\/#\/schema\/logo\/image\/\",\"url\":\"https:\/\/miumjau.ee\/wp-content\/uploads\/2022\/04\/MiuMjau-logo-kollane.png\",\"contentUrl\":\"https:\/\/miumjau.ee\/wp-content\/uploads\/2022\/04\/MiuMjau-logo-kollane.png\",\"width\":219,\"height\":100,\"caption\":\"MiuMjau O\u00dc\"},\"image\":{\"@id\":\"https:\/\/miumjau.ee\/#\/schema\/logo\/image\/\"},\"sameAs\":[\"https:\/\/www.facebook.com\/miumjaupood\/\"]}]}<\/script>\n<!-- \/ Yoast SEO plugin. -->","yoast_head_json":{"title":"Koiran pallolelu narulla Dog Comets, oranssi - MiuMjau","robots":{"index":"index","follow":"follow","max-snippet":"max-snippet:-1","max-image-preview":"max-image-preview:large","max-video-preview":"max-video-preview:-1"},"canonical":"https:\/\/miumjau.ee\/fi\/tuote\/koiran-pallolelu-narulla-dog-comets-oranssi\/","og_locale":"fi_FI","og_type":"article","og_title":"Koiran pallolelu narulla Dog Comets, oranssi - MiuMjau","og_description":"Dog Comets -leikkipallo \u2013 pitk\u00e4kestoista hauskuutta koirallesi! \ud83d\ude80\ud83d\udc36 Dog Comets Swift Tuttle-, Halley- ja Hale Bopp -pallot on nimetty kuuluisien komeettojen mukaan ja ne on suunniteltu tarjoamaan maksimaalista noutoleikki\u00e4. \u00c4lyk\u00e4s uurrettu muotoilu helpottaa koiran hengitt\u00e4mist\u00e4 palloa kantaessa, mahdollistaen pidemm\u00e4t ja hauskemmat leikkihetket. \ud83c\udfbe Miksi valita Dog Comets -leikkipallo?\u2714 100 % luonnonkumia \u2013 turvallinen, kest\u00e4v\u00e4 ja pureskelunkest\u00e4v\u00e4\u2714 Puhdistaa hampaita \u2013 uurteet auttavat poistamaan likaa ja hierovat ikeni\u00e4\u2714 Erinomainen pomppu \u2013 t\u00e4ydellinen vuorovaikutteisiin leikkeihin\u2714 Kelluu vedess\u00e4 \u2013 sopii my\u00f6s vesileikkeihin\u2714 Helppo puhdistaa \u2013 huuhtele vain vedell\u00e4 \ud83d\udef8 Kaksi vaihtoehtoa:\ud83d\udd39 Ilman narua \u2013 \u00d8 6 cm\ud83d\udd39 Narulla \u2013 pidempiin heittoihin ja vetoleikkeihin Vie koirasi leikit uudelle tasolle Dog Comets -leikkipallolla \u2013 kest\u00e4v\u00e4, pomppiva ja t\u00e4ydellinen jokaiselle seikkailunhaluiselle nelijalkaiselle! \ud83d\udc3e\u2728","og_url":"https:\/\/miumjau.ee\/fi\/tuote\/koiran-pallolelu-narulla-dog-comets-oranssi\/","og_site_name":"MiuMjau","article_publisher":"https:\/\/www.facebook.com\/miumjaupood\/","article_modified_time":"2026-01-07T20:43:58+00:00","og_image":[{"width":600,"height":800,"url":"https:\/\/miumjau.ee\/wp-content\/uploads\/2025\/03\/manguasi-koertele-dog-comets16.jpg","type":"image\/jpeg"}],"twitter_card":"summary_large_image","schema":{"@context":"https:\/\/schema.org","@graph":[{"@type":"WebPage","@id":"https:\/\/miumjau.ee\/fi\/tuote\/koiran-pallolelu-narulla-dog-comets-oranssi\/","url":"https:\/\/miumjau.ee\/fi\/tuote\/koiran-pallolelu-narulla-dog-comets-oranssi\/","name":"Koiran pallolelu narulla Dog Comets, oranssi - MiuMjau","isPartOf":{"@id":"https:\/\/miumjau.ee\/#website"},"primaryImageOfPage":{"@id":"https:\/\/miumjau.ee\/fi\/tuote\/koiran-pallolelu-narulla-dog-comets-oranssi\/#primaryimage"},"image":{"@id":"https:\/\/miumjau.ee\/fi\/tuote\/koiran-pallolelu-narulla-dog-comets-oranssi\/#primaryimage"},"thumbnailUrl":"https:\/\/miumjau.ee\/wp-content\/uploads\/2025\/03\/manguasi-koertele-dog-comets16.jpg","datePublished":"2025-03-04T12:19:34+00:00","dateModified":"2026-01-07T20:43:58+00:00","breadcrumb":{"@id":"https:\/\/miumjau.ee\/fi\/tuote\/koiran-pallolelu-narulla-dog-comets-oranssi\/#breadcrumb"},"inLanguage":"fi","potentialAction":[{"@type":"ReadAction","target":["https:\/\/miumjau.ee\/fi\/tuote\/koiran-pallolelu-narulla-dog-comets-oranssi\/"]}]},{"@type":"ImageObject","inLanguage":"fi","@id":"https:\/\/miumjau.ee\/fi\/tuote\/koiran-pallolelu-narulla-dog-comets-oranssi\/#primaryimage","url":"https:\/\/miumjau.ee\/wp-content\/uploads\/2025\/03\/manguasi-koertele-dog-comets16.jpg","contentUrl":"https:\/\/miumjau.ee\/wp-content\/uploads\/2025\/03\/manguasi-koertele-dog-comets16.jpg","width":600,"height":800,"caption":"M\u00e4nguasi koerale DOg Comets"},{"@type":"BreadcrumbList","@id":"https:\/\/miumjau.ee\/fi\/tuote\/koiran-pallolelu-narulla-dog-comets-oranssi\/#breadcrumb","itemListElement":[{"@type":"ListItem","position":1,"name":"Home","item":"https:\/\/miumjau.ee\/fi\/"},{"@type":"ListItem","position":2,"name":"Kauppa","item":"https:\/\/miumjau.ee\/fi\/kauppa\/"},{"@type":"ListItem","position":3,"name":"Koiran pallolelu narulla Dog Comets, oranssi"}]},{"@type":"WebSite","@id":"https:\/\/miumjau.ee\/#website","url":"https:\/\/miumjau.ee\/","name":"MiuMjau","description":"Kraapimispuud kassidele","publisher":{"@id":"https:\/\/miumjau.ee\/#organization"},"potentialAction":[{"@type":"SearchAction","target":{"@type":"EntryPoint","urlTemplate":"https:\/\/miumjau.ee\/?s={search_term_string}"},"query-input":{"@type":"PropertyValueSpecification","valueRequired":true,"valueName":"search_term_string"}}],"inLanguage":"fi"},{"@type":"Organization","@id":"https:\/\/miumjau.ee\/#organization","name":"MiuMjau O\u00dc","url":"https:\/\/miumjau.ee\/","logo":{"@type":"ImageObject","inLanguage":"fi","@id":"https:\/\/miumjau.ee\/#\/schema\/logo\/image\/","url":"https:\/\/miumjau.ee\/wp-content\/uploads\/2022\/04\/MiuMjau-logo-kollane.png","contentUrl":"https:\/\/miumjau.ee\/wp-content\/uploads\/2022\/04\/MiuMjau-logo-kollane.png","width":219,"height":100,"caption":"MiuMjau O\u00dc"},"image":{"@id":"https:\/\/miumjau.ee\/#\/schema\/logo\/image\/"},"sameAs":["https:\/\/www.facebook.com\/miumjaupood\/"]}]}},"_links":{"self":[{"href":"https:\/\/miumjau.ee\/fi\/wp-json\/wp\/v2\/product\/48885","targetHints":{"allow":["GET"]}}],"collection":[{"href":"https:\/\/miumjau.ee\/fi\/wp-json\/wp\/v2\/product"}],"about":[{"href":"https:\/\/miumjau.ee\/fi\/wp-json\/wp\/v2\/types\/product"}],"wp:featuredmedia":[{"embeddable":true,"href":"https:\/\/miumjau.ee\/fi\/wp-json\/wp\/v2\/media\/28058"}],"wp:attachment":[{"href":"https:\/\/miumjau.ee\/fi\/wp-json\/wp\/v2\/media?parent=48885"}],"wp:term":[{"taxonomy":"product_brand","embeddable":true,"href":"https:\/\/miumjau.ee\/fi\/wp-json\/wp\/v2\/product_brand?post=48885"},{"taxonomy":"product_cat","embeddable":true,"href":"https:\/\/miumjau.ee\/fi\/wp-json\/wp\/v2\/product_cat?post=48885"},{"taxonomy":"product_tag","embeddable":true,"href":"https:\/\/miumjau.ee\/fi\/wp-json\/wp\/v2\/product_tag?post=48885"}],"curies":[{"name":"wp","href":"https:\/\/api.w.org\/{rel}","templated":true}]}}