{"id":48866,"date":"2025-03-05T11:33:25","date_gmt":"2025-03-05T09:33:25","guid":{"rendered":"https:\/\/miumjau.ee\/toode\/kong-extreme-erittain-kestava-kuminen-koiran-pallo-s\/"},"modified":"2026-01-07T22:43:58","modified_gmt":"2026-01-07T20:43:58","slug":"kong-extreme-erittain-kestava-kuminen-koiran-pallo-s","status":"publish","type":"product","link":"https:\/\/miumjau.ee\/fi\/tuote\/kong-extreme-erittain-kestava-kuminen-koiran-pallo-s\/","title":{"rendered":"KONG Extreme eritt\u00e4in kest\u00e4v\u00e4 kuminen koiran pallo S"},"content":{"rendered":"","protected":false},"excerpt":{"rendered":"<p data-start=\"1027\" data-end=\"1094\"><strong data-start=\"1027\" data-end=\"1094\">KONG Ball Extreme \u2013 markkinoiden vahvin ja kest\u00e4vin pallo! \ud83d\udc36\ud83d\udca5<\/strong><\/p>\n<p data-start=\"1096\" data-end=\"1348\">KONG Ball Extreme on \u00e4\u00e4rimm\u00e4isen kest\u00e4v\u00e4 ja vahva pallo, joka sopii t\u00e4ydellisesti koirille, jotka rakastavat noutoleikkej\u00e4 ja pureskelua. Valmistettu KONG Extreme -eritt\u00e4in kest\u00e4v\u00e4st\u00e4 kumista, pallo kest\u00e4\u00e4 vaativimmatkin pureskeluhetket ja noutoleikit.<\/p>\n<p data-start=\"1350\" data-end=\"1655\">\ud83d\udd25 <strong data-start=\"1353\" data-end=\"1388\">Miksi valita KONG Ball Extreme?<\/strong><br data-start=\"1388\" data-end=\"1391\" \/>\u2714 Eritt\u00e4in kest\u00e4v\u00e4 \u2013 valmistettu KONG Extreme -kumista kest\u00e4m\u00e4\u00e4n kovaa pureskelua<br data-start=\"1472\" data-end=\"1475\" \/>\u2714 T\u00e4ydellinen noutoon ja pureskeluun \u2013 pomppii erinomaisesti ja pit\u00e4\u00e4 koiran aktiivisena<br data-start=\"1563\" data-end=\"1566\" \/>\u2714 Turvallinen koiralle \u2013 suunniteltu luotettavaksi leluksi voimakkaille pureskelijoille<\/p>\n<p data-start=\"1657\" data-end=\"1711\">\ud83d\udccf <strong data-start=\"1660\" data-end=\"1669\">Koot:<\/strong><br data-start=\"1669\" data-end=\"1672\" \/>\ud83d\udd39 S \u2013 \u00d8 6,35 cm<br data-start=\"1688\" data-end=\"1691\" \/>\ud83d\udd39 M\/L \u2013 \u00d8 7,62 cm<\/p>\n<p data-start=\"1713\" data-end=\"1841\">KONG Ball Extreme on paras valinta vahvaleukaisille koirille \u2013 kest\u00e4v\u00e4, pitk\u00e4ik\u00e4inen ja t\u00e4ydellinen loputtomaan leikkiin! \ud83d\udc3e\ud83d\ude80<\/p>\n","protected":false},"featured_media":28270,"template":"","meta":[],"product_brand":[],"product_cat":[484],"product_tag":[],"class_list":{"0":"post-48866","1":"product","2":"type-product","3":"status-publish","4":"has-post-thumbnail","6":"product_cat-lelut-koirille","8":"first","9":"instock","10":"taxable","11":"shipping-taxable","12":"purchasable","13":"product-type-simple"},"yoast_head":"<!-- This site is optimized with the Yoast SEO plugin v27.2 - https:\/\/yoast.com\/product\/yoast-seo-wordpress\/ -->\n<title>KONG Extreme eritt\u00e4in kest\u00e4v\u00e4 kuminen koiran pallo S - MiuMjau<\/title>\n<meta name=\"robots\" content=\"index, follow, max-snippet:-1, max-image-preview:large, max-video-preview:-1\" \/>\n<link rel=\"canonical\" href=\"https:\/\/miumjau.ee\/fi\/tuote\/kong-extreme-erittain-kestava-kuminen-koiran-pallo-s\/\" \/>\n<meta property=\"og:locale\" content=\"fi_FI\" \/>\n<meta property=\"og:type\" content=\"article\" \/>\n<meta property=\"og:title\" content=\"KONG Extreme eritt\u00e4in kest\u00e4v\u00e4 kuminen koiran pallo S - MiuMjau\" \/>\n<meta property=\"og:description\" content=\"KONG Ball Extreme \u2013 markkinoiden vahvin ja kest\u00e4vin pallo! \ud83d\udc36\ud83d\udca5 KONG Ball Extreme on \u00e4\u00e4rimm\u00e4isen kest\u00e4v\u00e4 ja vahva pallo, joka sopii t\u00e4ydellisesti koirille, jotka rakastavat noutoleikkej\u00e4 ja pureskelua. Valmistettu KONG Extreme -eritt\u00e4in kest\u00e4v\u00e4st\u00e4 kumista, pallo kest\u00e4\u00e4 vaativimmatkin pureskeluhetket ja noutoleikit. \ud83d\udd25 Miksi valita KONG Ball Extreme?\u2714 Eritt\u00e4in kest\u00e4v\u00e4 \u2013 valmistettu KONG Extreme -kumista kest\u00e4m\u00e4\u00e4n kovaa pureskelua\u2714 T\u00e4ydellinen noutoon ja pureskeluun \u2013 pomppii erinomaisesti ja pit\u00e4\u00e4 koiran aktiivisena\u2714 Turvallinen koiralle \u2013 suunniteltu luotettavaksi leluksi voimakkaille pureskelijoille \ud83d\udccf Koot:\ud83d\udd39 S \u2013 \u00d8 6,35 cm\ud83d\udd39 M\/L \u2013 \u00d8 7,62 cm KONG Ball Extreme on paras valinta vahvaleukaisille koirille \u2013 kest\u00e4v\u00e4, pitk\u00e4ik\u00e4inen ja t\u00e4ydellinen loputtomaan leikkiin! \ud83d\udc3e\ud83d\ude80\" \/>\n<meta property=\"og:url\" content=\"https:\/\/miumjau.ee\/fi\/tuote\/kong-extreme-erittain-kestava-kuminen-koiran-pallo-s\/\" \/>\n<meta property=\"og:site_name\" content=\"MiuMjau\" \/>\n<meta property=\"article:publisher\" content=\"https:\/\/www.facebook.com\/miumjaupood\/\" \/>\n<meta property=\"article:modified_time\" content=\"2026-01-07T20:43:58+00:00\" \/>\n<meta property=\"og:image\" content=\"https:\/\/miumjau.ee\/wp-content\/uploads\/2025\/03\/manguasi-koerale-kong34.jpg\" \/>\n\t<meta property=\"og:image:width\" content=\"600\" \/>\n\t<meta property=\"og:image:height\" content=\"800\" \/>\n\t<meta property=\"og:image:type\" content=\"image\/jpeg\" \/>\n<meta name=\"twitter:card\" content=\"summary_large_image\" \/>\n<script type=\"application\/ld+json\" class=\"yoast-schema-graph\">{\"@context\":\"https:\/\/schema.org\",\"@graph\":[{\"@type\":\"WebPage\",\"@id\":\"https:\/\/miumjau.ee\/fi\/tuote\/kong-extreme-erittain-kestava-kuminen-koiran-pallo-s\/\",\"url\":\"https:\/\/miumjau.ee\/fi\/tuote\/kong-extreme-erittain-kestava-kuminen-koiran-pallo-s\/\",\"name\":\"KONG Extreme eritt\u00e4in kest\u00e4v\u00e4 kuminen koiran pallo S - MiuMjau\",\"isPartOf\":{\"@id\":\"https:\/\/miumjau.ee\/#website\"},\"primaryImageOfPage\":{\"@id\":\"https:\/\/miumjau.ee\/fi\/tuote\/kong-extreme-erittain-kestava-kuminen-koiran-pallo-s\/#primaryimage\"},\"image\":{\"@id\":\"https:\/\/miumjau.ee\/fi\/tuote\/kong-extreme-erittain-kestava-kuminen-koiran-pallo-s\/#primaryimage\"},\"thumbnailUrl\":\"https:\/\/miumjau.ee\/wp-content\/uploads\/2025\/03\/manguasi-koerale-kong34.jpg\",\"datePublished\":\"2025-03-05T09:33:25+00:00\",\"dateModified\":\"2026-01-07T20:43:58+00:00\",\"breadcrumb\":{\"@id\":\"https:\/\/miumjau.ee\/fi\/tuote\/kong-extreme-erittain-kestava-kuminen-koiran-pallo-s\/#breadcrumb\"},\"inLanguage\":\"fi\",\"potentialAction\":[{\"@type\":\"ReadAction\",\"target\":[\"https:\/\/miumjau.ee\/fi\/tuote\/kong-extreme-erittain-kestava-kuminen-koiran-pallo-s\/\"]}]},{\"@type\":\"ImageObject\",\"inLanguage\":\"fi\",\"@id\":\"https:\/\/miumjau.ee\/fi\/tuote\/kong-extreme-erittain-kestava-kuminen-koiran-pallo-s\/#primaryimage\",\"url\":\"https:\/\/miumjau.ee\/wp-content\/uploads\/2025\/03\/manguasi-koerale-kong34.jpg\",\"contentUrl\":\"https:\/\/miumjau.ee\/wp-content\/uploads\/2025\/03\/manguasi-koerale-kong34.jpg\",\"width\":600,\"height\":800,\"caption\":\"M\u00e4nguasi koerale KONG\"},{\"@type\":\"BreadcrumbList\",\"@id\":\"https:\/\/miumjau.ee\/fi\/tuote\/kong-extreme-erittain-kestava-kuminen-koiran-pallo-s\/#breadcrumb\",\"itemListElement\":[{\"@type\":\"ListItem\",\"position\":1,\"name\":\"Home\",\"item\":\"https:\/\/miumjau.ee\/fi\/\"},{\"@type\":\"ListItem\",\"position\":2,\"name\":\"Kauppa\",\"item\":\"https:\/\/miumjau.ee\/fi\/kauppa\/\"},{\"@type\":\"ListItem\",\"position\":3,\"name\":\"KONG Extreme eritt\u00e4in kest\u00e4v\u00e4 kuminen koiran pallo S\"}]},{\"@type\":\"WebSite\",\"@id\":\"https:\/\/miumjau.ee\/#website\",\"url\":\"https:\/\/miumjau.ee\/\",\"name\":\"MiuMjau\",\"description\":\"Kraapimispuud kassidele\",\"publisher\":{\"@id\":\"https:\/\/miumjau.ee\/#organization\"},\"potentialAction\":[{\"@type\":\"SearchAction\",\"target\":{\"@type\":\"EntryPoint\",\"urlTemplate\":\"https:\/\/miumjau.ee\/?s={search_term_string}\"},\"query-input\":{\"@type\":\"PropertyValueSpecification\",\"valueRequired\":true,\"valueName\":\"search_term_string\"}}],\"inLanguage\":\"fi\"},{\"@type\":\"Organization\",\"@id\":\"https:\/\/miumjau.ee\/#organization\",\"name\":\"MiuMjau O\u00dc\",\"url\":\"https:\/\/miumjau.ee\/\",\"logo\":{\"@type\":\"ImageObject\",\"inLanguage\":\"fi\",\"@id\":\"https:\/\/miumjau.ee\/#\/schema\/logo\/image\/\",\"url\":\"https:\/\/miumjau.ee\/wp-content\/uploads\/2022\/04\/MiuMjau-logo-kollane.png\",\"contentUrl\":\"https:\/\/miumjau.ee\/wp-content\/uploads\/2022\/04\/MiuMjau-logo-kollane.png\",\"width\":219,\"height\":100,\"caption\":\"MiuMjau O\u00dc\"},\"image\":{\"@id\":\"https:\/\/miumjau.ee\/#\/schema\/logo\/image\/\"},\"sameAs\":[\"https:\/\/www.facebook.com\/miumjaupood\/\"]}]}<\/script>\n<!-- \/ Yoast SEO plugin. -->","yoast_head_json":{"title":"KONG Extreme eritt\u00e4in kest\u00e4v\u00e4 kuminen koiran pallo S - MiuMjau","robots":{"index":"index","follow":"follow","max-snippet":"max-snippet:-1","max-image-preview":"max-image-preview:large","max-video-preview":"max-video-preview:-1"},"canonical":"https:\/\/miumjau.ee\/fi\/tuote\/kong-extreme-erittain-kestava-kuminen-koiran-pallo-s\/","og_locale":"fi_FI","og_type":"article","og_title":"KONG Extreme eritt\u00e4in kest\u00e4v\u00e4 kuminen koiran pallo S - MiuMjau","og_description":"KONG Ball Extreme \u2013 markkinoiden vahvin ja kest\u00e4vin pallo! \ud83d\udc36\ud83d\udca5 KONG Ball Extreme on \u00e4\u00e4rimm\u00e4isen kest\u00e4v\u00e4 ja vahva pallo, joka sopii t\u00e4ydellisesti koirille, jotka rakastavat noutoleikkej\u00e4 ja pureskelua. Valmistettu KONG Extreme -eritt\u00e4in kest\u00e4v\u00e4st\u00e4 kumista, pallo kest\u00e4\u00e4 vaativimmatkin pureskeluhetket ja noutoleikit. \ud83d\udd25 Miksi valita KONG Ball Extreme?\u2714 Eritt\u00e4in kest\u00e4v\u00e4 \u2013 valmistettu KONG Extreme -kumista kest\u00e4m\u00e4\u00e4n kovaa pureskelua\u2714 T\u00e4ydellinen noutoon ja pureskeluun \u2013 pomppii erinomaisesti ja pit\u00e4\u00e4 koiran aktiivisena\u2714 Turvallinen koiralle \u2013 suunniteltu luotettavaksi leluksi voimakkaille pureskelijoille \ud83d\udccf Koot:\ud83d\udd39 S \u2013 \u00d8 6,35 cm\ud83d\udd39 M\/L \u2013 \u00d8 7,62 cm KONG Ball Extreme on paras valinta vahvaleukaisille koirille \u2013 kest\u00e4v\u00e4, pitk\u00e4ik\u00e4inen ja t\u00e4ydellinen loputtomaan leikkiin! \ud83d\udc3e\ud83d\ude80","og_url":"https:\/\/miumjau.ee\/fi\/tuote\/kong-extreme-erittain-kestava-kuminen-koiran-pallo-s\/","og_site_name":"MiuMjau","article_publisher":"https:\/\/www.facebook.com\/miumjaupood\/","article_modified_time":"2026-01-07T20:43:58+00:00","og_image":[{"width":600,"height":800,"url":"https:\/\/miumjau.ee\/wp-content\/uploads\/2025\/03\/manguasi-koerale-kong34.jpg","type":"image\/jpeg"}],"twitter_card":"summary_large_image","schema":{"@context":"https:\/\/schema.org","@graph":[{"@type":"WebPage","@id":"https:\/\/miumjau.ee\/fi\/tuote\/kong-extreme-erittain-kestava-kuminen-koiran-pallo-s\/","url":"https:\/\/miumjau.ee\/fi\/tuote\/kong-extreme-erittain-kestava-kuminen-koiran-pallo-s\/","name":"KONG Extreme eritt\u00e4in kest\u00e4v\u00e4 kuminen koiran pallo S - MiuMjau","isPartOf":{"@id":"https:\/\/miumjau.ee\/#website"},"primaryImageOfPage":{"@id":"https:\/\/miumjau.ee\/fi\/tuote\/kong-extreme-erittain-kestava-kuminen-koiran-pallo-s\/#primaryimage"},"image":{"@id":"https:\/\/miumjau.ee\/fi\/tuote\/kong-extreme-erittain-kestava-kuminen-koiran-pallo-s\/#primaryimage"},"thumbnailUrl":"https:\/\/miumjau.ee\/wp-content\/uploads\/2025\/03\/manguasi-koerale-kong34.jpg","datePublished":"2025-03-05T09:33:25+00:00","dateModified":"2026-01-07T20:43:58+00:00","breadcrumb":{"@id":"https:\/\/miumjau.ee\/fi\/tuote\/kong-extreme-erittain-kestava-kuminen-koiran-pallo-s\/#breadcrumb"},"inLanguage":"fi","potentialAction":[{"@type":"ReadAction","target":["https:\/\/miumjau.ee\/fi\/tuote\/kong-extreme-erittain-kestava-kuminen-koiran-pallo-s\/"]}]},{"@type":"ImageObject","inLanguage":"fi","@id":"https:\/\/miumjau.ee\/fi\/tuote\/kong-extreme-erittain-kestava-kuminen-koiran-pallo-s\/#primaryimage","url":"https:\/\/miumjau.ee\/wp-content\/uploads\/2025\/03\/manguasi-koerale-kong34.jpg","contentUrl":"https:\/\/miumjau.ee\/wp-content\/uploads\/2025\/03\/manguasi-koerale-kong34.jpg","width":600,"height":800,"caption":"M\u00e4nguasi koerale KONG"},{"@type":"BreadcrumbList","@id":"https:\/\/miumjau.ee\/fi\/tuote\/kong-extreme-erittain-kestava-kuminen-koiran-pallo-s\/#breadcrumb","itemListElement":[{"@type":"ListItem","position":1,"name":"Home","item":"https:\/\/miumjau.ee\/fi\/"},{"@type":"ListItem","position":2,"name":"Kauppa","item":"https:\/\/miumjau.ee\/fi\/kauppa\/"},{"@type":"ListItem","position":3,"name":"KONG Extreme eritt\u00e4in kest\u00e4v\u00e4 kuminen koiran pallo S"}]},{"@type":"WebSite","@id":"https:\/\/miumjau.ee\/#website","url":"https:\/\/miumjau.ee\/","name":"MiuMjau","description":"Kraapimispuud kassidele","publisher":{"@id":"https:\/\/miumjau.ee\/#organization"},"potentialAction":[{"@type":"SearchAction","target":{"@type":"EntryPoint","urlTemplate":"https:\/\/miumjau.ee\/?s={search_term_string}"},"query-input":{"@type":"PropertyValueSpecification","valueRequired":true,"valueName":"search_term_string"}}],"inLanguage":"fi"},{"@type":"Organization","@id":"https:\/\/miumjau.ee\/#organization","name":"MiuMjau O\u00dc","url":"https:\/\/miumjau.ee\/","logo":{"@type":"ImageObject","inLanguage":"fi","@id":"https:\/\/miumjau.ee\/#\/schema\/logo\/image\/","url":"https:\/\/miumjau.ee\/wp-content\/uploads\/2022\/04\/MiuMjau-logo-kollane.png","contentUrl":"https:\/\/miumjau.ee\/wp-content\/uploads\/2022\/04\/MiuMjau-logo-kollane.png","width":219,"height":100,"caption":"MiuMjau O\u00dc"},"image":{"@id":"https:\/\/miumjau.ee\/#\/schema\/logo\/image\/"},"sameAs":["https:\/\/www.facebook.com\/miumjaupood\/"]}]}},"_links":{"self":[{"href":"https:\/\/miumjau.ee\/fi\/wp-json\/wp\/v2\/product\/48866","targetHints":{"allow":["GET"]}}],"collection":[{"href":"https:\/\/miumjau.ee\/fi\/wp-json\/wp\/v2\/product"}],"about":[{"href":"https:\/\/miumjau.ee\/fi\/wp-json\/wp\/v2\/types\/product"}],"wp:featuredmedia":[{"embeddable":true,"href":"https:\/\/miumjau.ee\/fi\/wp-json\/wp\/v2\/media\/28270"}],"wp:attachment":[{"href":"https:\/\/miumjau.ee\/fi\/wp-json\/wp\/v2\/media?parent=48866"}],"wp:term":[{"taxonomy":"product_brand","embeddable":true,"href":"https:\/\/miumjau.ee\/fi\/wp-json\/wp\/v2\/product_brand?post=48866"},{"taxonomy":"product_cat","embeddable":true,"href":"https:\/\/miumjau.ee\/fi\/wp-json\/wp\/v2\/product_cat?post=48866"},{"taxonomy":"product_tag","embeddable":true,"href":"https:\/\/miumjau.ee\/fi\/wp-json\/wp\/v2\/product_tag?post=48866"}],"curies":[{"name":"wp","href":"https:\/\/api.w.org\/{rel}","templated":true}]}}