{"id":48858,"date":"2025-03-05T11:40:07","date_gmt":"2025-03-05T09:40:07","guid":{"rendered":"https:\/\/miumjau.ee\/toode\/kong-extreme-erittain-kestava-koiran-pallo-narulla-l\/"},"modified":"2026-01-07T22:43:58","modified_gmt":"2026-01-07T20:43:58","slug":"kong-extreme-erittain-kestava-koiran-pallo-narulla-l","status":"publish","type":"product","link":"https:\/\/miumjau.ee\/fi\/tuote\/kong-extreme-erittain-kestava-koiran-pallo-narulla-l\/","title":{"rendered":"KONG Extreme eritt\u00e4in kest\u00e4v\u00e4 koiran pallo narulla, L"},"content":{"rendered":"","protected":false},"excerpt":{"rendered":"<p data-start=\"1089\" data-end=\"1162\"><strong data-start=\"1089\" data-end=\"1162\">KONG BALL with Rope \u2013 kest\u00e4v\u00e4 lelu voimakkaille pureskelijoille! \ud83d\udc36\ud83d\udcaa<\/strong><\/p>\n<p data-start=\"1164\" data-end=\"1434\">KONG BALL with Rope on suunniteltu erityisesti voimakkaille pureskelijoille, jotka tarvitsevat leluja kest\u00e4m\u00e4\u00e4n intensiivist\u00e4 pureskelua. Luonnonkumi tarjoaa pitk\u00e4kestoista hauskuutta ja kest\u00e4vyytt\u00e4, ja 100 % puuvillainen naru hieroo ikeni\u00e4 ja tukee hampaiden terveytt\u00e4.<\/p>\n<p data-start=\"1436\" data-end=\"1798\">\ud83d\udd25 <strong data-start=\"1439\" data-end=\"1476\">Miksi valita KONG BALL with Rope?<\/strong><br data-start=\"1476\" data-end=\"1479\" \/>\u2714 Kest\u00e4v\u00e4 luonnonkumi \u2013 ihanteellinen vahvoille koirille, jotka rakastavat pureskelua<br data-start=\"1564\" data-end=\"1567\" \/>\u2714 Puuvillainen naru \u2013 hieroo ikeni\u00e4 ja tukee hampaiden terveytt\u00e4<br data-start=\"1631\" data-end=\"1634\" \/>\u2714 T\u00e4ydellinen veto- ja noutoleikkeihin \u2013 vahva naru vet\u00e4miseen ja heitt\u00e4miseen<br data-start=\"1712\" data-end=\"1715\" \/>\u2714 Sopii keskikokoisille koirille \u2013 suunniteltu koirille, joiden paino on 13\u201330 kg<\/p>\n<p data-start=\"1800\" data-end=\"1879\">\ud83d\udccf <strong data-start=\"1803\" data-end=\"1813\">Mitat:<\/strong><br data-start=\"1813\" data-end=\"1816\" \/>\ud83d\udd39 Pallon \u00d8 \u2013 8 cm<br data-start=\"1834\" data-end=\"1837\" \/>\ud83d\udd39 Kokonaispituus (narun kanssa) \u2013 34 cm<\/p>\n<p data-start=\"1881\" data-end=\"1999\">KONG BALL with Rope \u2013 kest\u00e4v\u00e4, hauska ja terveellinen lelu, joka pit\u00e4\u00e4 koirasi aktiivisena ja hampaat kunnossa! \ud83d\udc3e\ud83c\udfbe<\/p>\n","protected":false},"featured_media":28294,"template":"","meta":[],"product_brand":[],"product_cat":[484],"product_tag":[],"class_list":{"0":"post-48858","1":"product","2":"type-product","3":"status-publish","4":"has-post-thumbnail","6":"product_cat-lelut-koirille","8":"first","9":"instock","10":"sale","11":"taxable","12":"shipping-taxable","13":"purchasable","14":"product-type-simple"},"yoast_head":"<!-- This site is optimized with the Yoast SEO plugin v27.4 - https:\/\/yoast.com\/product\/yoast-seo-wordpress\/ -->\n<title>KONG Extreme eritt\u00e4in kest\u00e4v\u00e4 koiran pallo narulla, L - MiuMjau<\/title>\n<meta name=\"robots\" content=\"index, follow, max-snippet:-1, max-image-preview:large, max-video-preview:-1\" \/>\n<link rel=\"canonical\" href=\"https:\/\/miumjau.ee\/fi\/tuote\/kong-extreme-erittain-kestava-koiran-pallo-narulla-l\/\" \/>\n<meta property=\"og:locale\" content=\"fi_FI\" \/>\n<meta property=\"og:type\" content=\"article\" \/>\n<meta property=\"og:title\" content=\"KONG Extreme eritt\u00e4in kest\u00e4v\u00e4 koiran pallo narulla, L - MiuMjau\" \/>\n<meta property=\"og:description\" content=\"KONG BALL with Rope \u2013 kest\u00e4v\u00e4 lelu voimakkaille pureskelijoille! \ud83d\udc36\ud83d\udcaa KONG BALL with Rope on suunniteltu erityisesti voimakkaille pureskelijoille, jotka tarvitsevat leluja kest\u00e4m\u00e4\u00e4n intensiivist\u00e4 pureskelua. Luonnonkumi tarjoaa pitk\u00e4kestoista hauskuutta ja kest\u00e4vyytt\u00e4, ja 100 % puuvillainen naru hieroo ikeni\u00e4 ja tukee hampaiden terveytt\u00e4. \ud83d\udd25 Miksi valita KONG BALL with Rope?\u2714 Kest\u00e4v\u00e4 luonnonkumi \u2013 ihanteellinen vahvoille koirille, jotka rakastavat pureskelua\u2714 Puuvillainen naru \u2013 hieroo ikeni\u00e4 ja tukee hampaiden terveytt\u00e4\u2714 T\u00e4ydellinen veto- ja noutoleikkeihin \u2013 vahva naru vet\u00e4miseen ja heitt\u00e4miseen\u2714 Sopii keskikokoisille koirille \u2013 suunniteltu koirille, joiden paino on 13\u201330 kg \ud83d\udccf Mitat:\ud83d\udd39 Pallon \u00d8 \u2013 8 cm\ud83d\udd39 Kokonaispituus (narun kanssa) \u2013 34 cm KONG BALL with Rope \u2013 kest\u00e4v\u00e4, hauska ja terveellinen lelu, joka pit\u00e4\u00e4 koirasi aktiivisena ja hampaat kunnossa! \ud83d\udc3e\ud83c\udfbe\" \/>\n<meta property=\"og:url\" content=\"https:\/\/miumjau.ee\/fi\/tuote\/kong-extreme-erittain-kestava-koiran-pallo-narulla-l\/\" \/>\n<meta property=\"og:site_name\" content=\"MiuMjau\" \/>\n<meta property=\"article:publisher\" content=\"https:\/\/www.facebook.com\/miumjaupood\/\" \/>\n<meta property=\"article:modified_time\" content=\"2026-01-07T20:43:58+00:00\" \/>\n<meta property=\"og:image\" content=\"https:\/\/miumjau.ee\/wp-content\/uploads\/2025\/03\/manguasi-koerale-kong39.jpg\" \/>\n\t<meta property=\"og:image:width\" content=\"600\" \/>\n\t<meta property=\"og:image:height\" content=\"800\" \/>\n\t<meta property=\"og:image:type\" content=\"image\/jpeg\" \/>\n<meta name=\"twitter:card\" content=\"summary_large_image\" \/>\n<script type=\"application\/ld+json\" class=\"yoast-schema-graph\">{\"@context\":\"https:\\\/\\\/schema.org\",\"@graph\":[{\"@type\":\"WebPage\",\"@id\":\"https:\\\/\\\/miumjau.ee\\\/fi\\\/tuote\\\/kong-extreme-erittain-kestava-koiran-pallo-narulla-l\\\/\",\"url\":\"https:\\\/\\\/miumjau.ee\\\/fi\\\/tuote\\\/kong-extreme-erittain-kestava-koiran-pallo-narulla-l\\\/\",\"name\":\"KONG Extreme eritt\u00e4in kest\u00e4v\u00e4 koiran pallo narulla, L - MiuMjau\",\"isPartOf\":{\"@id\":\"https:\\\/\\\/miumjau.ee\\\/#website\"},\"primaryImageOfPage\":{\"@id\":\"https:\\\/\\\/miumjau.ee\\\/fi\\\/tuote\\\/kong-extreme-erittain-kestava-koiran-pallo-narulla-l\\\/#primaryimage\"},\"image\":{\"@id\":\"https:\\\/\\\/miumjau.ee\\\/fi\\\/tuote\\\/kong-extreme-erittain-kestava-koiran-pallo-narulla-l\\\/#primaryimage\"},\"thumbnailUrl\":\"https:\\\/\\\/miumjau.ee\\\/wp-content\\\/uploads\\\/2025\\\/03\\\/manguasi-koerale-kong39.jpg\",\"datePublished\":\"2025-03-05T09:40:07+00:00\",\"dateModified\":\"2026-01-07T20:43:58+00:00\",\"breadcrumb\":{\"@id\":\"https:\\\/\\\/miumjau.ee\\\/fi\\\/tuote\\\/kong-extreme-erittain-kestava-koiran-pallo-narulla-l\\\/#breadcrumb\"},\"inLanguage\":\"fi\",\"potentialAction\":[{\"@type\":\"ReadAction\",\"target\":[\"https:\\\/\\\/miumjau.ee\\\/fi\\\/tuote\\\/kong-extreme-erittain-kestava-koiran-pallo-narulla-l\\\/\"]}]},{\"@type\":\"ImageObject\",\"inLanguage\":\"fi\",\"@id\":\"https:\\\/\\\/miumjau.ee\\\/fi\\\/tuote\\\/kong-extreme-erittain-kestava-koiran-pallo-narulla-l\\\/#primaryimage\",\"url\":\"https:\\\/\\\/miumjau.ee\\\/wp-content\\\/uploads\\\/2025\\\/03\\\/manguasi-koerale-kong39.jpg\",\"contentUrl\":\"https:\\\/\\\/miumjau.ee\\\/wp-content\\\/uploads\\\/2025\\\/03\\\/manguasi-koerale-kong39.jpg\",\"width\":600,\"height\":800,\"caption\":\"M\u00e4nguasi koerale KONG\"},{\"@type\":\"BreadcrumbList\",\"@id\":\"https:\\\/\\\/miumjau.ee\\\/fi\\\/tuote\\\/kong-extreme-erittain-kestava-koiran-pallo-narulla-l\\\/#breadcrumb\",\"itemListElement\":[{\"@type\":\"ListItem\",\"position\":1,\"name\":\"Home\",\"item\":\"https:\\\/\\\/miumjau.ee\\\/fi\\\/\"},{\"@type\":\"ListItem\",\"position\":2,\"name\":\"Kauppa\",\"item\":\"https:\\\/\\\/miumjau.ee\\\/fi\\\/kauppa\\\/\"},{\"@type\":\"ListItem\",\"position\":3,\"name\":\"KONG Extreme eritt\u00e4in kest\u00e4v\u00e4 koiran pallo narulla, L\"}]},{\"@type\":\"WebSite\",\"@id\":\"https:\\\/\\\/miumjau.ee\\\/#website\",\"url\":\"https:\\\/\\\/miumjau.ee\\\/\",\"name\":\"MiuMjau\",\"description\":\"Kraapimispuud kassidele\",\"publisher\":{\"@id\":\"https:\\\/\\\/miumjau.ee\\\/#organization\"},\"potentialAction\":[{\"@type\":\"SearchAction\",\"target\":{\"@type\":\"EntryPoint\",\"urlTemplate\":\"https:\\\/\\\/miumjau.ee\\\/?s={search_term_string}\"},\"query-input\":{\"@type\":\"PropertyValueSpecification\",\"valueRequired\":true,\"valueName\":\"search_term_string\"}}],\"inLanguage\":\"fi\"},{\"@type\":\"Organization\",\"@id\":\"https:\\\/\\\/miumjau.ee\\\/#organization\",\"name\":\"MiuMjau O\u00dc\",\"url\":\"https:\\\/\\\/miumjau.ee\\\/\",\"logo\":{\"@type\":\"ImageObject\",\"inLanguage\":\"fi\",\"@id\":\"https:\\\/\\\/miumjau.ee\\\/#\\\/schema\\\/logo\\\/image\\\/\",\"url\":\"https:\\\/\\\/miumjau.ee\\\/wp-content\\\/uploads\\\/2022\\\/04\\\/MiuMjau-logo-kollane.png\",\"contentUrl\":\"https:\\\/\\\/miumjau.ee\\\/wp-content\\\/uploads\\\/2022\\\/04\\\/MiuMjau-logo-kollane.png\",\"width\":219,\"height\":100,\"caption\":\"MiuMjau O\u00dc\"},\"image\":{\"@id\":\"https:\\\/\\\/miumjau.ee\\\/#\\\/schema\\\/logo\\\/image\\\/\"},\"sameAs\":[\"https:\\\/\\\/www.facebook.com\\\/miumjaupood\\\/\"]}]}<\/script>\n<!-- \/ Yoast SEO plugin. -->","yoast_head_json":{"title":"KONG Extreme eritt\u00e4in kest\u00e4v\u00e4 koiran pallo narulla, L - MiuMjau","robots":{"index":"index","follow":"follow","max-snippet":"max-snippet:-1","max-image-preview":"max-image-preview:large","max-video-preview":"max-video-preview:-1"},"canonical":"https:\/\/miumjau.ee\/fi\/tuote\/kong-extreme-erittain-kestava-koiran-pallo-narulla-l\/","og_locale":"fi_FI","og_type":"article","og_title":"KONG Extreme eritt\u00e4in kest\u00e4v\u00e4 koiran pallo narulla, L - MiuMjau","og_description":"KONG BALL with Rope \u2013 kest\u00e4v\u00e4 lelu voimakkaille pureskelijoille! \ud83d\udc36\ud83d\udcaa KONG BALL with Rope on suunniteltu erityisesti voimakkaille pureskelijoille, jotka tarvitsevat leluja kest\u00e4m\u00e4\u00e4n intensiivist\u00e4 pureskelua. Luonnonkumi tarjoaa pitk\u00e4kestoista hauskuutta ja kest\u00e4vyytt\u00e4, ja 100 % puuvillainen naru hieroo ikeni\u00e4 ja tukee hampaiden terveytt\u00e4. \ud83d\udd25 Miksi valita KONG BALL with Rope?\u2714 Kest\u00e4v\u00e4 luonnonkumi \u2013 ihanteellinen vahvoille koirille, jotka rakastavat pureskelua\u2714 Puuvillainen naru \u2013 hieroo ikeni\u00e4 ja tukee hampaiden terveytt\u00e4\u2714 T\u00e4ydellinen veto- ja noutoleikkeihin \u2013 vahva naru vet\u00e4miseen ja heitt\u00e4miseen\u2714 Sopii keskikokoisille koirille \u2013 suunniteltu koirille, joiden paino on 13\u201330 kg \ud83d\udccf Mitat:\ud83d\udd39 Pallon \u00d8 \u2013 8 cm\ud83d\udd39 Kokonaispituus (narun kanssa) \u2013 34 cm KONG BALL with Rope \u2013 kest\u00e4v\u00e4, hauska ja terveellinen lelu, joka pit\u00e4\u00e4 koirasi aktiivisena ja hampaat kunnossa! \ud83d\udc3e\ud83c\udfbe","og_url":"https:\/\/miumjau.ee\/fi\/tuote\/kong-extreme-erittain-kestava-koiran-pallo-narulla-l\/","og_site_name":"MiuMjau","article_publisher":"https:\/\/www.facebook.com\/miumjaupood\/","article_modified_time":"2026-01-07T20:43:58+00:00","og_image":[{"width":600,"height":800,"url":"https:\/\/miumjau.ee\/wp-content\/uploads\/2025\/03\/manguasi-koerale-kong39.jpg","type":"image\/jpeg"}],"twitter_card":"summary_large_image","schema":{"@context":"https:\/\/schema.org","@graph":[{"@type":"WebPage","@id":"https:\/\/miumjau.ee\/fi\/tuote\/kong-extreme-erittain-kestava-koiran-pallo-narulla-l\/","url":"https:\/\/miumjau.ee\/fi\/tuote\/kong-extreme-erittain-kestava-koiran-pallo-narulla-l\/","name":"KONG Extreme eritt\u00e4in kest\u00e4v\u00e4 koiran pallo narulla, L - MiuMjau","isPartOf":{"@id":"https:\/\/miumjau.ee\/#website"},"primaryImageOfPage":{"@id":"https:\/\/miumjau.ee\/fi\/tuote\/kong-extreme-erittain-kestava-koiran-pallo-narulla-l\/#primaryimage"},"image":{"@id":"https:\/\/miumjau.ee\/fi\/tuote\/kong-extreme-erittain-kestava-koiran-pallo-narulla-l\/#primaryimage"},"thumbnailUrl":"https:\/\/miumjau.ee\/wp-content\/uploads\/2025\/03\/manguasi-koerale-kong39.jpg","datePublished":"2025-03-05T09:40:07+00:00","dateModified":"2026-01-07T20:43:58+00:00","breadcrumb":{"@id":"https:\/\/miumjau.ee\/fi\/tuote\/kong-extreme-erittain-kestava-koiran-pallo-narulla-l\/#breadcrumb"},"inLanguage":"fi","potentialAction":[{"@type":"ReadAction","target":["https:\/\/miumjau.ee\/fi\/tuote\/kong-extreme-erittain-kestava-koiran-pallo-narulla-l\/"]}]},{"@type":"ImageObject","inLanguage":"fi","@id":"https:\/\/miumjau.ee\/fi\/tuote\/kong-extreme-erittain-kestava-koiran-pallo-narulla-l\/#primaryimage","url":"https:\/\/miumjau.ee\/wp-content\/uploads\/2025\/03\/manguasi-koerale-kong39.jpg","contentUrl":"https:\/\/miumjau.ee\/wp-content\/uploads\/2025\/03\/manguasi-koerale-kong39.jpg","width":600,"height":800,"caption":"M\u00e4nguasi koerale KONG"},{"@type":"BreadcrumbList","@id":"https:\/\/miumjau.ee\/fi\/tuote\/kong-extreme-erittain-kestava-koiran-pallo-narulla-l\/#breadcrumb","itemListElement":[{"@type":"ListItem","position":1,"name":"Home","item":"https:\/\/miumjau.ee\/fi\/"},{"@type":"ListItem","position":2,"name":"Kauppa","item":"https:\/\/miumjau.ee\/fi\/kauppa\/"},{"@type":"ListItem","position":3,"name":"KONG Extreme eritt\u00e4in kest\u00e4v\u00e4 koiran pallo narulla, L"}]},{"@type":"WebSite","@id":"https:\/\/miumjau.ee\/#website","url":"https:\/\/miumjau.ee\/","name":"MiuMjau","description":"Kraapimispuud kassidele","publisher":{"@id":"https:\/\/miumjau.ee\/#organization"},"potentialAction":[{"@type":"SearchAction","target":{"@type":"EntryPoint","urlTemplate":"https:\/\/miumjau.ee\/?s={search_term_string}"},"query-input":{"@type":"PropertyValueSpecification","valueRequired":true,"valueName":"search_term_string"}}],"inLanguage":"fi"},{"@type":"Organization","@id":"https:\/\/miumjau.ee\/#organization","name":"MiuMjau O\u00dc","url":"https:\/\/miumjau.ee\/","logo":{"@type":"ImageObject","inLanguage":"fi","@id":"https:\/\/miumjau.ee\/#\/schema\/logo\/image\/","url":"https:\/\/miumjau.ee\/wp-content\/uploads\/2022\/04\/MiuMjau-logo-kollane.png","contentUrl":"https:\/\/miumjau.ee\/wp-content\/uploads\/2022\/04\/MiuMjau-logo-kollane.png","width":219,"height":100,"caption":"MiuMjau O\u00dc"},"image":{"@id":"https:\/\/miumjau.ee\/#\/schema\/logo\/image\/"},"sameAs":["https:\/\/www.facebook.com\/miumjaupood\/"]}]}},"_links":{"self":[{"href":"https:\/\/miumjau.ee\/fi\/wp-json\/wp\/v2\/product\/48858","targetHints":{"allow":["GET"]}}],"collection":[{"href":"https:\/\/miumjau.ee\/fi\/wp-json\/wp\/v2\/product"}],"about":[{"href":"https:\/\/miumjau.ee\/fi\/wp-json\/wp\/v2\/types\/product"}],"wp:featuredmedia":[{"embeddable":true,"href":"https:\/\/miumjau.ee\/fi\/wp-json\/wp\/v2\/media\/28294"}],"wp:attachment":[{"href":"https:\/\/miumjau.ee\/fi\/wp-json\/wp\/v2\/media?parent=48858"}],"wp:term":[{"taxonomy":"product_brand","embeddable":true,"href":"https:\/\/miumjau.ee\/fi\/wp-json\/wp\/v2\/product_brand?post=48858"},{"taxonomy":"product_cat","embeddable":true,"href":"https:\/\/miumjau.ee\/fi\/wp-json\/wp\/v2\/product_cat?post=48858"},{"taxonomy":"product_tag","embeddable":true,"href":"https:\/\/miumjau.ee\/fi\/wp-json\/wp\/v2\/product_tag?post=48858"}],"curies":[{"name":"wp","href":"https:\/\/api.w.org\/{rel}","templated":true}]}}