{"id":48844,"date":"2025-03-05T09:58:11","date_gmt":"2025-03-05T07:58:11","guid":{"rendered":"https:\/\/miumjau.ee\/toode\/chuckit-max-glow-pallo-pimeassa-pelaamiseen-s\/"},"modified":"2026-01-07T22:43:58","modified_gmt":"2026-01-07T20:43:58","slug":"chuckit-max-glow-pallo-pimeassa-pelaamiseen-s","status":"publish","type":"product","link":"https:\/\/miumjau.ee\/fi\/tuote\/chuckit-max-glow-pallo-pimeassa-pelaamiseen-s\/","title":{"rendered":"Chuckit! Max Glow Pallo pime\u00e4ss\u00e4 pelaamiseen S"},"content":{"rendered":"","protected":false},"excerpt":{"rendered":"<p data-start=\"1020\" data-end=\"1088\"><strong data-start=\"1020\" data-end=\"1088\">Chuckit! Max Glow \u2013 pomppiva ja hehkuva pallo y\u00f6leikkeihin! \ud83c\udf19\ud83d\udc36<\/strong><\/p>\n<p data-start=\"1090\" data-end=\"1290\">Tee pime\u00e4ss\u00e4 pelaamisesta todellinen seikkailu Chuckit! Max Glow -pallon avulla! T\u00e4m\u00e4 kest\u00e4v\u00e4 kumipallo pomppii pitk\u00e4lle ja hehkuu pime\u00e4ss\u00e4, joten voit leikki\u00e4 koirasi kanssa my\u00f6s h\u00e4m\u00e4r\u00e4ss\u00e4 tai y\u00f6ll\u00e4.<\/p>\n<p data-start=\"1292\" data-end=\"1627\">\u2728 <strong data-start=\"1294\" data-end=\"1329\">Miksi valita Chuckit! Max Glow?<\/strong><br data-start=\"1329\" data-end=\"1332\" \/>\u2714 Hehkuu pime\u00e4ss\u00e4 \u2013 lataa kirkkaassa valossa 5\u201310 minuuttia ja nauti jopa 30 minuuttia hehkua<br data-start=\"1425\" data-end=\"1428\" \/>\u2714 Korkea pomppuisuus \u2013 t\u00e4ydellinen heitto- ja noutoleikkeihin<br data-start=\"1489\" data-end=\"1492\" \/>\u2714 Helppo puhdistaa \u2013 sile\u00e4 kumipinta ei ker\u00e4\u00e4 likaa<br data-start=\"1543\" data-end=\"1546\" \/>\u2714 Yhteensopiva Chuckit! -heittimien kanssa \u2013 pidemm\u00e4t heitot ja enemm\u00e4n hauskaa<\/p>\n<p data-start=\"1629\" data-end=\"1728\">\ud83d\udccf <strong data-start=\"1632\" data-end=\"1641\">Koot:<\/strong><br data-start=\"1641\" data-end=\"1644\" \/>\ud83d\udd39 S \u2013 \u00d8 5 cm<br data-start=\"1657\" data-end=\"1660\" \/>\ud83d\udd39 M \u2013 \u00d8 6 cm (1 tai 2 pakkausta)<br data-start=\"1693\" data-end=\"1696\" \/>\ud83d\udd39 L \u2013 \u00d8 7 cm<br data-start=\"1709\" data-end=\"1712\" \/>\ud83d\udd39 XL \u2013 \u00d8 9 cm<\/p>\n<p data-start=\"1730\" data-end=\"1843\">\u00c4l\u00e4 anna pimeyden lopettaa leikki\u00e4 \u2013 Chuckit! Max Glow -pallon kanssa koirasi voi leikki\u00e4 milloin tahansa! \ud83d\ude80\ud83d\udc3e<\/p>\n","protected":false},"featured_media":28184,"template":"","meta":[],"product_brand":[],"product_cat":[484],"product_tag":[],"class_list":{"0":"post-48844","1":"product","2":"type-product","3":"status-publish","4":"has-post-thumbnail","6":"product_cat-lelut-koirille","8":"first","9":"instock","10":"taxable","11":"shipping-taxable","12":"purchasable","13":"product-type-simple"},"yoast_head":"<!-- This site is optimized with the Yoast SEO plugin v27.2 - https:\/\/yoast.com\/product\/yoast-seo-wordpress\/ -->\n<title>Chuckit! Max Glow Pallo pime\u00e4ss\u00e4 pelaamiseen S - MiuMjau<\/title>\n<meta name=\"robots\" content=\"index, follow, max-snippet:-1, max-image-preview:large, max-video-preview:-1\" \/>\n<link rel=\"canonical\" href=\"https:\/\/miumjau.ee\/fi\/tuote\/chuckit-max-glow-pallo-pimeassa-pelaamiseen-s\/\" \/>\n<meta property=\"og:locale\" content=\"fi_FI\" \/>\n<meta property=\"og:type\" content=\"article\" \/>\n<meta property=\"og:title\" content=\"Chuckit! Max Glow Pallo pime\u00e4ss\u00e4 pelaamiseen S - MiuMjau\" \/>\n<meta property=\"og:description\" content=\"Chuckit! Max Glow \u2013 pomppiva ja hehkuva pallo y\u00f6leikkeihin! \ud83c\udf19\ud83d\udc36 Tee pime\u00e4ss\u00e4 pelaamisesta todellinen seikkailu Chuckit! Max Glow -pallon avulla! T\u00e4m\u00e4 kest\u00e4v\u00e4 kumipallo pomppii pitk\u00e4lle ja hehkuu pime\u00e4ss\u00e4, joten voit leikki\u00e4 koirasi kanssa my\u00f6s h\u00e4m\u00e4r\u00e4ss\u00e4 tai y\u00f6ll\u00e4. \u2728 Miksi valita Chuckit! Max Glow?\u2714 Hehkuu pime\u00e4ss\u00e4 \u2013 lataa kirkkaassa valossa 5\u201310 minuuttia ja nauti jopa 30 minuuttia hehkua\u2714 Korkea pomppuisuus \u2013 t\u00e4ydellinen heitto- ja noutoleikkeihin\u2714 Helppo puhdistaa \u2013 sile\u00e4 kumipinta ei ker\u00e4\u00e4 likaa\u2714 Yhteensopiva Chuckit! -heittimien kanssa \u2013 pidemm\u00e4t heitot ja enemm\u00e4n hauskaa \ud83d\udccf Koot:\ud83d\udd39 S \u2013 \u00d8 5 cm\ud83d\udd39 M \u2013 \u00d8 6 cm (1 tai 2 pakkausta)\ud83d\udd39 L \u2013 \u00d8 7 cm\ud83d\udd39 XL \u2013 \u00d8 9 cm \u00c4l\u00e4 anna pimeyden lopettaa leikki\u00e4 \u2013 Chuckit! Max Glow -pallon kanssa koirasi voi leikki\u00e4 milloin tahansa! \ud83d\ude80\ud83d\udc3e\" \/>\n<meta property=\"og:url\" content=\"https:\/\/miumjau.ee\/fi\/tuote\/chuckit-max-glow-pallo-pimeassa-pelaamiseen-s\/\" \/>\n<meta property=\"og:site_name\" content=\"MiuMjau\" \/>\n<meta property=\"article:publisher\" content=\"https:\/\/www.facebook.com\/miumjaupood\/\" \/>\n<meta property=\"article:modified_time\" content=\"2026-01-07T20:43:58+00:00\" \/>\n<meta property=\"og:image\" content=\"https:\/\/miumjau.ee\/wp-content\/uploads\/2025\/03\/manguasi-koerale-chuckit2.jpg\" \/>\n\t<meta property=\"og:image:width\" content=\"600\" \/>\n\t<meta property=\"og:image:height\" content=\"800\" \/>\n\t<meta property=\"og:image:type\" content=\"image\/jpeg\" \/>\n<meta name=\"twitter:card\" content=\"summary_large_image\" \/>\n<script type=\"application\/ld+json\" class=\"yoast-schema-graph\">{\"@context\":\"https:\/\/schema.org\",\"@graph\":[{\"@type\":\"WebPage\",\"@id\":\"https:\/\/miumjau.ee\/fi\/tuote\/chuckit-max-glow-pallo-pimeassa-pelaamiseen-s\/\",\"url\":\"https:\/\/miumjau.ee\/fi\/tuote\/chuckit-max-glow-pallo-pimeassa-pelaamiseen-s\/\",\"name\":\"Chuckit! Max Glow Pallo pime\u00e4ss\u00e4 pelaamiseen S - MiuMjau\",\"isPartOf\":{\"@id\":\"https:\/\/miumjau.ee\/#website\"},\"primaryImageOfPage\":{\"@id\":\"https:\/\/miumjau.ee\/fi\/tuote\/chuckit-max-glow-pallo-pimeassa-pelaamiseen-s\/#primaryimage\"},\"image\":{\"@id\":\"https:\/\/miumjau.ee\/fi\/tuote\/chuckit-max-glow-pallo-pimeassa-pelaamiseen-s\/#primaryimage\"},\"thumbnailUrl\":\"https:\/\/miumjau.ee\/wp-content\/uploads\/2025\/03\/manguasi-koerale-chuckit2.jpg\",\"datePublished\":\"2025-03-05T07:58:11+00:00\",\"dateModified\":\"2026-01-07T20:43:58+00:00\",\"breadcrumb\":{\"@id\":\"https:\/\/miumjau.ee\/fi\/tuote\/chuckit-max-glow-pallo-pimeassa-pelaamiseen-s\/#breadcrumb\"},\"inLanguage\":\"fi\",\"potentialAction\":[{\"@type\":\"ReadAction\",\"target\":[\"https:\/\/miumjau.ee\/fi\/tuote\/chuckit-max-glow-pallo-pimeassa-pelaamiseen-s\/\"]}]},{\"@type\":\"ImageObject\",\"inLanguage\":\"fi\",\"@id\":\"https:\/\/miumjau.ee\/fi\/tuote\/chuckit-max-glow-pallo-pimeassa-pelaamiseen-s\/#primaryimage\",\"url\":\"https:\/\/miumjau.ee\/wp-content\/uploads\/2025\/03\/manguasi-koerale-chuckit2.jpg\",\"contentUrl\":\"https:\/\/miumjau.ee\/wp-content\/uploads\/2025\/03\/manguasi-koerale-chuckit2.jpg\",\"width\":600,\"height\":800,\"caption\":\"Helendav pall pimedas m\u00e4ngimiseks Chuckit! Max Glow S\"},{\"@type\":\"BreadcrumbList\",\"@id\":\"https:\/\/miumjau.ee\/fi\/tuote\/chuckit-max-glow-pallo-pimeassa-pelaamiseen-s\/#breadcrumb\",\"itemListElement\":[{\"@type\":\"ListItem\",\"position\":1,\"name\":\"Home\",\"item\":\"https:\/\/miumjau.ee\/fi\/\"},{\"@type\":\"ListItem\",\"position\":2,\"name\":\"Kauppa\",\"item\":\"https:\/\/miumjau.ee\/fi\/kauppa\/\"},{\"@type\":\"ListItem\",\"position\":3,\"name\":\"Chuckit! Max Glow Pallo pime\u00e4ss\u00e4 pelaamiseen S\"}]},{\"@type\":\"WebSite\",\"@id\":\"https:\/\/miumjau.ee\/#website\",\"url\":\"https:\/\/miumjau.ee\/\",\"name\":\"MiuMjau\",\"description\":\"Kraapimispuud kassidele\",\"publisher\":{\"@id\":\"https:\/\/miumjau.ee\/#organization\"},\"potentialAction\":[{\"@type\":\"SearchAction\",\"target\":{\"@type\":\"EntryPoint\",\"urlTemplate\":\"https:\/\/miumjau.ee\/?s={search_term_string}\"},\"query-input\":{\"@type\":\"PropertyValueSpecification\",\"valueRequired\":true,\"valueName\":\"search_term_string\"}}],\"inLanguage\":\"fi\"},{\"@type\":\"Organization\",\"@id\":\"https:\/\/miumjau.ee\/#organization\",\"name\":\"MiuMjau O\u00dc\",\"url\":\"https:\/\/miumjau.ee\/\",\"logo\":{\"@type\":\"ImageObject\",\"inLanguage\":\"fi\",\"@id\":\"https:\/\/miumjau.ee\/#\/schema\/logo\/image\/\",\"url\":\"https:\/\/miumjau.ee\/wp-content\/uploads\/2022\/04\/MiuMjau-logo-kollane.png\",\"contentUrl\":\"https:\/\/miumjau.ee\/wp-content\/uploads\/2022\/04\/MiuMjau-logo-kollane.png\",\"width\":219,\"height\":100,\"caption\":\"MiuMjau O\u00dc\"},\"image\":{\"@id\":\"https:\/\/miumjau.ee\/#\/schema\/logo\/image\/\"},\"sameAs\":[\"https:\/\/www.facebook.com\/miumjaupood\/\"]}]}<\/script>\n<!-- \/ Yoast SEO plugin. -->","yoast_head_json":{"title":"Chuckit! Max Glow Pallo pime\u00e4ss\u00e4 pelaamiseen S - MiuMjau","robots":{"index":"index","follow":"follow","max-snippet":"max-snippet:-1","max-image-preview":"max-image-preview:large","max-video-preview":"max-video-preview:-1"},"canonical":"https:\/\/miumjau.ee\/fi\/tuote\/chuckit-max-glow-pallo-pimeassa-pelaamiseen-s\/","og_locale":"fi_FI","og_type":"article","og_title":"Chuckit! Max Glow Pallo pime\u00e4ss\u00e4 pelaamiseen S - MiuMjau","og_description":"Chuckit! Max Glow \u2013 pomppiva ja hehkuva pallo y\u00f6leikkeihin! \ud83c\udf19\ud83d\udc36 Tee pime\u00e4ss\u00e4 pelaamisesta todellinen seikkailu Chuckit! Max Glow -pallon avulla! T\u00e4m\u00e4 kest\u00e4v\u00e4 kumipallo pomppii pitk\u00e4lle ja hehkuu pime\u00e4ss\u00e4, joten voit leikki\u00e4 koirasi kanssa my\u00f6s h\u00e4m\u00e4r\u00e4ss\u00e4 tai y\u00f6ll\u00e4. \u2728 Miksi valita Chuckit! Max Glow?\u2714 Hehkuu pime\u00e4ss\u00e4 \u2013 lataa kirkkaassa valossa 5\u201310 minuuttia ja nauti jopa 30 minuuttia hehkua\u2714 Korkea pomppuisuus \u2013 t\u00e4ydellinen heitto- ja noutoleikkeihin\u2714 Helppo puhdistaa \u2013 sile\u00e4 kumipinta ei ker\u00e4\u00e4 likaa\u2714 Yhteensopiva Chuckit! -heittimien kanssa \u2013 pidemm\u00e4t heitot ja enemm\u00e4n hauskaa \ud83d\udccf Koot:\ud83d\udd39 S \u2013 \u00d8 5 cm\ud83d\udd39 M \u2013 \u00d8 6 cm (1 tai 2 pakkausta)\ud83d\udd39 L \u2013 \u00d8 7 cm\ud83d\udd39 XL \u2013 \u00d8 9 cm \u00c4l\u00e4 anna pimeyden lopettaa leikki\u00e4 \u2013 Chuckit! Max Glow -pallon kanssa koirasi voi leikki\u00e4 milloin tahansa! \ud83d\ude80\ud83d\udc3e","og_url":"https:\/\/miumjau.ee\/fi\/tuote\/chuckit-max-glow-pallo-pimeassa-pelaamiseen-s\/","og_site_name":"MiuMjau","article_publisher":"https:\/\/www.facebook.com\/miumjaupood\/","article_modified_time":"2026-01-07T20:43:58+00:00","og_image":[{"width":600,"height":800,"url":"https:\/\/miumjau.ee\/wp-content\/uploads\/2025\/03\/manguasi-koerale-chuckit2.jpg","type":"image\/jpeg"}],"twitter_card":"summary_large_image","schema":{"@context":"https:\/\/schema.org","@graph":[{"@type":"WebPage","@id":"https:\/\/miumjau.ee\/fi\/tuote\/chuckit-max-glow-pallo-pimeassa-pelaamiseen-s\/","url":"https:\/\/miumjau.ee\/fi\/tuote\/chuckit-max-glow-pallo-pimeassa-pelaamiseen-s\/","name":"Chuckit! Max Glow Pallo pime\u00e4ss\u00e4 pelaamiseen S - MiuMjau","isPartOf":{"@id":"https:\/\/miumjau.ee\/#website"},"primaryImageOfPage":{"@id":"https:\/\/miumjau.ee\/fi\/tuote\/chuckit-max-glow-pallo-pimeassa-pelaamiseen-s\/#primaryimage"},"image":{"@id":"https:\/\/miumjau.ee\/fi\/tuote\/chuckit-max-glow-pallo-pimeassa-pelaamiseen-s\/#primaryimage"},"thumbnailUrl":"https:\/\/miumjau.ee\/wp-content\/uploads\/2025\/03\/manguasi-koerale-chuckit2.jpg","datePublished":"2025-03-05T07:58:11+00:00","dateModified":"2026-01-07T20:43:58+00:00","breadcrumb":{"@id":"https:\/\/miumjau.ee\/fi\/tuote\/chuckit-max-glow-pallo-pimeassa-pelaamiseen-s\/#breadcrumb"},"inLanguage":"fi","potentialAction":[{"@type":"ReadAction","target":["https:\/\/miumjau.ee\/fi\/tuote\/chuckit-max-glow-pallo-pimeassa-pelaamiseen-s\/"]}]},{"@type":"ImageObject","inLanguage":"fi","@id":"https:\/\/miumjau.ee\/fi\/tuote\/chuckit-max-glow-pallo-pimeassa-pelaamiseen-s\/#primaryimage","url":"https:\/\/miumjau.ee\/wp-content\/uploads\/2025\/03\/manguasi-koerale-chuckit2.jpg","contentUrl":"https:\/\/miumjau.ee\/wp-content\/uploads\/2025\/03\/manguasi-koerale-chuckit2.jpg","width":600,"height":800,"caption":"Helendav pall pimedas m\u00e4ngimiseks Chuckit! Max Glow S"},{"@type":"BreadcrumbList","@id":"https:\/\/miumjau.ee\/fi\/tuote\/chuckit-max-glow-pallo-pimeassa-pelaamiseen-s\/#breadcrumb","itemListElement":[{"@type":"ListItem","position":1,"name":"Home","item":"https:\/\/miumjau.ee\/fi\/"},{"@type":"ListItem","position":2,"name":"Kauppa","item":"https:\/\/miumjau.ee\/fi\/kauppa\/"},{"@type":"ListItem","position":3,"name":"Chuckit! Max Glow Pallo pime\u00e4ss\u00e4 pelaamiseen S"}]},{"@type":"WebSite","@id":"https:\/\/miumjau.ee\/#website","url":"https:\/\/miumjau.ee\/","name":"MiuMjau","description":"Kraapimispuud kassidele","publisher":{"@id":"https:\/\/miumjau.ee\/#organization"},"potentialAction":[{"@type":"SearchAction","target":{"@type":"EntryPoint","urlTemplate":"https:\/\/miumjau.ee\/?s={search_term_string}"},"query-input":{"@type":"PropertyValueSpecification","valueRequired":true,"valueName":"search_term_string"}}],"inLanguage":"fi"},{"@type":"Organization","@id":"https:\/\/miumjau.ee\/#organization","name":"MiuMjau O\u00dc","url":"https:\/\/miumjau.ee\/","logo":{"@type":"ImageObject","inLanguage":"fi","@id":"https:\/\/miumjau.ee\/#\/schema\/logo\/image\/","url":"https:\/\/miumjau.ee\/wp-content\/uploads\/2022\/04\/MiuMjau-logo-kollane.png","contentUrl":"https:\/\/miumjau.ee\/wp-content\/uploads\/2022\/04\/MiuMjau-logo-kollane.png","width":219,"height":100,"caption":"MiuMjau O\u00dc"},"image":{"@id":"https:\/\/miumjau.ee\/#\/schema\/logo\/image\/"},"sameAs":["https:\/\/www.facebook.com\/miumjaupood\/"]}]}},"_links":{"self":[{"href":"https:\/\/miumjau.ee\/fi\/wp-json\/wp\/v2\/product\/48844","targetHints":{"allow":["GET"]}}],"collection":[{"href":"https:\/\/miumjau.ee\/fi\/wp-json\/wp\/v2\/product"}],"about":[{"href":"https:\/\/miumjau.ee\/fi\/wp-json\/wp\/v2\/types\/product"}],"wp:featuredmedia":[{"embeddable":true,"href":"https:\/\/miumjau.ee\/fi\/wp-json\/wp\/v2\/media\/28184"}],"wp:attachment":[{"href":"https:\/\/miumjau.ee\/fi\/wp-json\/wp\/v2\/media?parent=48844"}],"wp:term":[{"taxonomy":"product_brand","embeddable":true,"href":"https:\/\/miumjau.ee\/fi\/wp-json\/wp\/v2\/product_brand?post=48844"},{"taxonomy":"product_cat","embeddable":true,"href":"https:\/\/miumjau.ee\/fi\/wp-json\/wp\/v2\/product_cat?post=48844"},{"taxonomy":"product_tag","embeddable":true,"href":"https:\/\/miumjau.ee\/fi\/wp-json\/wp\/v2\/product_tag?post=48844"}],"curies":[{"name":"wp","href":"https:\/\/api.w.org\/{rel}","templated":true}]}}