{"id":48821,"date":"2025-03-05T11:42:55","date_gmt":"2025-03-05T09:42:55","guid":{"rendered":"https:\/\/miumjau.ee\/toode\/kong-puppy-hammastelulelu-pennuille-l\/"},"modified":"2026-01-07T22:44:05","modified_gmt":"2026-01-07T20:44:05","slug":"kong-puppy-hammastelulelu-pennuille-l","status":"publish","type":"product","link":"https:\/\/miumjau.ee\/fi\/tuote\/kong-puppy-hammastelulelu-pennuille-l\/","title":{"rendered":"KONG Puppy Hammastelulelu pennuille L"},"content":{"rendered":"","protected":false},"excerpt":{"rendered":"<p data-start=\"1187\" data-end=\"1281\"><strong data-start=\"1187\" data-end=\"1281\">Puppy Teething Stick \u2013 lievitt\u00e4\u00e4 ikenien kipua ja tukee pennun hampaiden vaihtumista! \ud83d\udc36\ud83e\uddb7<\/strong><\/p>\n<p data-start=\"1283\" data-end=\"1607\">Puppy Teething Stick on erityisesti pennuille suunniteltu lelu, joka lievitt\u00e4\u00e4 ikenien kipua ja tukee hampaiden vaihtumisen aikana. Pinnalle voi laittaa maap\u00e4hkin\u00e4voita tai KONG Easy Treat -tahnaa, mik\u00e4 lis\u00e4\u00e4 hauskuutta ja palkintoja. Herkkuja voi my\u00f6s piilottaa tikun sis\u00e4lle, jolloin pennun tutkiminen on viel\u00e4 hauskempaa!<\/p>\n<p data-start=\"1609\" data-end=\"1910\">\ud83d\udd25 <strong data-start=\"1612\" data-end=\"1650\">Miksi valita Puppy Teething Stick?<\/strong><br data-start=\"1650\" data-end=\"1653\" \/>\u2714 Lievitt\u00e4\u00e4 ikenien kipua \u2013 erityinen muoto tukee pentua hampaiden vaihdon aikana<br data-start=\"1734\" data-end=\"1737\" \/>\u2714 T\u00e4ytett\u00e4v\u00e4 herkuilla \u2013 laita tikkuun maap\u00e4hkin\u00e4voita tai KONG Easy Treat -tahnaa<br data-start=\"1819\" data-end=\"1822\" \/>\u2714 Ihanteellinen pennuille \u2013 pit\u00e4\u00e4 pennun aktiivisena ja tarjoaa henkist\u00e4 stimulaatiota<\/p>\n<p data-start=\"1912\" data-end=\"1992\">\ud83c\udfa8 <strong data-start=\"1915\" data-end=\"1925\">V\u00e4rit:<\/strong><br data-start=\"1925\" data-end=\"1928\" \/>\ud83d\udd39 Vaaleanpunainen tai sininen (v\u00e4ri l\u00e4hetet\u00e4\u00e4n satunnaisesti)<\/p>\n<p data-start=\"1994\" data-end=\"2116\">\ud83d\udccf <strong data-start=\"1997\" data-end=\"2006\">Koot:<\/strong><br data-start=\"2006\" data-end=\"2009\" \/>\ud83d\udd39 S \u2013 8,5 cm (pennuille alle 9 kg)<br data-start=\"2044\" data-end=\"2047\" \/>\ud83d\udd39 M \u2013 9 cm (pennuille 7\u201316 kg)<br data-start=\"2078\" data-end=\"2081\" \/>\ud83d\udd39 L \u2013 12 cm (pennuille 13\u201330 kg)<\/p>\n<p data-start=\"2118\" data-end=\"2247\">Puppy Teething Stick on t\u00e4ydellinen valinta tukemaan tervett\u00e4 hampaiden kehityst\u00e4 ja tarjoamaan hauskoja hetki\u00e4 leikeiss\u00e4! \ud83d\udc3e\ud83c\udf89<\/p>\n","protected":false},"featured_media":28298,"template":"","meta":[],"product_brand":[],"product_cat":[484],"product_tag":[],"class_list":{"0":"post-48821","1":"product","2":"type-product","3":"status-publish","4":"has-post-thumbnail","6":"product_cat-lelut-koirille","8":"first","9":"instock","10":"taxable","11":"shipping-taxable","12":"purchasable","13":"product-type-simple"},"yoast_head":"<!-- This site is optimized with the Yoast SEO plugin v27.2 - https:\/\/yoast.com\/product\/yoast-seo-wordpress\/ -->\n<title>KONG Puppy Hammastelulelu pennuille L - MiuMjau<\/title>\n<meta name=\"robots\" content=\"index, follow, max-snippet:-1, max-image-preview:large, max-video-preview:-1\" \/>\n<link rel=\"canonical\" href=\"https:\/\/miumjau.ee\/fi\/tuote\/kong-puppy-hammastelulelu-pennuille-l\/\" \/>\n<meta property=\"og:locale\" content=\"fi_FI\" \/>\n<meta property=\"og:type\" content=\"article\" \/>\n<meta property=\"og:title\" content=\"KONG Puppy Hammastelulelu pennuille L - MiuMjau\" \/>\n<meta property=\"og:description\" content=\"Puppy Teething Stick \u2013 lievitt\u00e4\u00e4 ikenien kipua ja tukee pennun hampaiden vaihtumista! \ud83d\udc36\ud83e\uddb7 Puppy Teething Stick on erityisesti pennuille suunniteltu lelu, joka lievitt\u00e4\u00e4 ikenien kipua ja tukee hampaiden vaihtumisen aikana. Pinnalle voi laittaa maap\u00e4hkin\u00e4voita tai KONG Easy Treat -tahnaa, mik\u00e4 lis\u00e4\u00e4 hauskuutta ja palkintoja. Herkkuja voi my\u00f6s piilottaa tikun sis\u00e4lle, jolloin pennun tutkiminen on viel\u00e4 hauskempaa! \ud83d\udd25 Miksi valita Puppy Teething Stick?\u2714 Lievitt\u00e4\u00e4 ikenien kipua \u2013 erityinen muoto tukee pentua hampaiden vaihdon aikana\u2714 T\u00e4ytett\u00e4v\u00e4 herkuilla \u2013 laita tikkuun maap\u00e4hkin\u00e4voita tai KONG Easy Treat -tahnaa\u2714 Ihanteellinen pennuille \u2013 pit\u00e4\u00e4 pennun aktiivisena ja tarjoaa henkist\u00e4 stimulaatiota \ud83c\udfa8 V\u00e4rit:\ud83d\udd39 Vaaleanpunainen tai sininen (v\u00e4ri l\u00e4hetet\u00e4\u00e4n satunnaisesti) \ud83d\udccf Koot:\ud83d\udd39 S \u2013 8,5 cm (pennuille alle 9 kg)\ud83d\udd39 M \u2013 9 cm (pennuille 7\u201316 kg)\ud83d\udd39 L \u2013 12 cm (pennuille 13\u201330 kg) Puppy Teething Stick on t\u00e4ydellinen valinta tukemaan tervett\u00e4 hampaiden kehityst\u00e4 ja tarjoamaan hauskoja hetki\u00e4 leikeiss\u00e4! \ud83d\udc3e\ud83c\udf89\" \/>\n<meta property=\"og:url\" content=\"https:\/\/miumjau.ee\/fi\/tuote\/kong-puppy-hammastelulelu-pennuille-l\/\" \/>\n<meta property=\"og:site_name\" content=\"MiuMjau\" \/>\n<meta property=\"article:publisher\" content=\"https:\/\/www.facebook.com\/miumjaupood\/\" \/>\n<meta property=\"article:modified_time\" content=\"2026-01-07T20:44:05+00:00\" \/>\n<meta property=\"og:image\" content=\"https:\/\/miumjau.ee\/wp-content\/uploads\/2025\/03\/manguasi-koerale-kong40.jpg\" \/>\n\t<meta property=\"og:image:width\" content=\"600\" \/>\n\t<meta property=\"og:image:height\" content=\"800\" \/>\n\t<meta property=\"og:image:type\" content=\"image\/jpeg\" \/>\n<meta name=\"twitter:card\" content=\"summary_large_image\" \/>\n<script type=\"application\/ld+json\" class=\"yoast-schema-graph\">{\"@context\":\"https:\/\/schema.org\",\"@graph\":[{\"@type\":\"WebPage\",\"@id\":\"https:\/\/miumjau.ee\/fi\/tuote\/kong-puppy-hammastelulelu-pennuille-l\/\",\"url\":\"https:\/\/miumjau.ee\/fi\/tuote\/kong-puppy-hammastelulelu-pennuille-l\/\",\"name\":\"KONG Puppy Hammastelulelu pennuille L - MiuMjau\",\"isPartOf\":{\"@id\":\"https:\/\/miumjau.ee\/#website\"},\"primaryImageOfPage\":{\"@id\":\"https:\/\/miumjau.ee\/fi\/tuote\/kong-puppy-hammastelulelu-pennuille-l\/#primaryimage\"},\"image\":{\"@id\":\"https:\/\/miumjau.ee\/fi\/tuote\/kong-puppy-hammastelulelu-pennuille-l\/#primaryimage\"},\"thumbnailUrl\":\"https:\/\/miumjau.ee\/wp-content\/uploads\/2025\/03\/manguasi-koerale-kong40.jpg\",\"datePublished\":\"2025-03-05T09:42:55+00:00\",\"dateModified\":\"2026-01-07T20:44:05+00:00\",\"breadcrumb\":{\"@id\":\"https:\/\/miumjau.ee\/fi\/tuote\/kong-puppy-hammastelulelu-pennuille-l\/#breadcrumb\"},\"inLanguage\":\"fi\",\"potentialAction\":[{\"@type\":\"ReadAction\",\"target\":[\"https:\/\/miumjau.ee\/fi\/tuote\/kong-puppy-hammastelulelu-pennuille-l\/\"]}]},{\"@type\":\"ImageObject\",\"inLanguage\":\"fi\",\"@id\":\"https:\/\/miumjau.ee\/fi\/tuote\/kong-puppy-hammastelulelu-pennuille-l\/#primaryimage\",\"url\":\"https:\/\/miumjau.ee\/wp-content\/uploads\/2025\/03\/manguasi-koerale-kong40.jpg\",\"contentUrl\":\"https:\/\/miumjau.ee\/wp-content\/uploads\/2025\/03\/manguasi-koerale-kong40.jpg\",\"width\":600,\"height\":800,\"caption\":\"M\u00e4nguasi koerale KONG\"},{\"@type\":\"BreadcrumbList\",\"@id\":\"https:\/\/miumjau.ee\/fi\/tuote\/kong-puppy-hammastelulelu-pennuille-l\/#breadcrumb\",\"itemListElement\":[{\"@type\":\"ListItem\",\"position\":1,\"name\":\"Home\",\"item\":\"https:\/\/miumjau.ee\/fi\/\"},{\"@type\":\"ListItem\",\"position\":2,\"name\":\"Kauppa\",\"item\":\"https:\/\/miumjau.ee\/fi\/kauppa\/\"},{\"@type\":\"ListItem\",\"position\":3,\"name\":\"KONG Puppy Hammastelulelu pennuille L\"}]},{\"@type\":\"WebSite\",\"@id\":\"https:\/\/miumjau.ee\/#website\",\"url\":\"https:\/\/miumjau.ee\/\",\"name\":\"MiuMjau\",\"description\":\"Kraapimispuud kassidele\",\"publisher\":{\"@id\":\"https:\/\/miumjau.ee\/#organization\"},\"potentialAction\":[{\"@type\":\"SearchAction\",\"target\":{\"@type\":\"EntryPoint\",\"urlTemplate\":\"https:\/\/miumjau.ee\/?s={search_term_string}\"},\"query-input\":{\"@type\":\"PropertyValueSpecification\",\"valueRequired\":true,\"valueName\":\"search_term_string\"}}],\"inLanguage\":\"fi\"},{\"@type\":\"Organization\",\"@id\":\"https:\/\/miumjau.ee\/#organization\",\"name\":\"MiuMjau O\u00dc\",\"url\":\"https:\/\/miumjau.ee\/\",\"logo\":{\"@type\":\"ImageObject\",\"inLanguage\":\"fi\",\"@id\":\"https:\/\/miumjau.ee\/#\/schema\/logo\/image\/\",\"url\":\"https:\/\/miumjau.ee\/wp-content\/uploads\/2022\/04\/MiuMjau-logo-kollane.png\",\"contentUrl\":\"https:\/\/miumjau.ee\/wp-content\/uploads\/2022\/04\/MiuMjau-logo-kollane.png\",\"width\":219,\"height\":100,\"caption\":\"MiuMjau O\u00dc\"},\"image\":{\"@id\":\"https:\/\/miumjau.ee\/#\/schema\/logo\/image\/\"},\"sameAs\":[\"https:\/\/www.facebook.com\/miumjaupood\/\"]}]}<\/script>\n<!-- \/ Yoast SEO plugin. -->","yoast_head_json":{"title":"KONG Puppy Hammastelulelu pennuille L - MiuMjau","robots":{"index":"index","follow":"follow","max-snippet":"max-snippet:-1","max-image-preview":"max-image-preview:large","max-video-preview":"max-video-preview:-1"},"canonical":"https:\/\/miumjau.ee\/fi\/tuote\/kong-puppy-hammastelulelu-pennuille-l\/","og_locale":"fi_FI","og_type":"article","og_title":"KONG Puppy Hammastelulelu pennuille L - MiuMjau","og_description":"Puppy Teething Stick \u2013 lievitt\u00e4\u00e4 ikenien kipua ja tukee pennun hampaiden vaihtumista! \ud83d\udc36\ud83e\uddb7 Puppy Teething Stick on erityisesti pennuille suunniteltu lelu, joka lievitt\u00e4\u00e4 ikenien kipua ja tukee hampaiden vaihtumisen aikana. Pinnalle voi laittaa maap\u00e4hkin\u00e4voita tai KONG Easy Treat -tahnaa, mik\u00e4 lis\u00e4\u00e4 hauskuutta ja palkintoja. Herkkuja voi my\u00f6s piilottaa tikun sis\u00e4lle, jolloin pennun tutkiminen on viel\u00e4 hauskempaa! \ud83d\udd25 Miksi valita Puppy Teething Stick?\u2714 Lievitt\u00e4\u00e4 ikenien kipua \u2013 erityinen muoto tukee pentua hampaiden vaihdon aikana\u2714 T\u00e4ytett\u00e4v\u00e4 herkuilla \u2013 laita tikkuun maap\u00e4hkin\u00e4voita tai KONG Easy Treat -tahnaa\u2714 Ihanteellinen pennuille \u2013 pit\u00e4\u00e4 pennun aktiivisena ja tarjoaa henkist\u00e4 stimulaatiota \ud83c\udfa8 V\u00e4rit:\ud83d\udd39 Vaaleanpunainen tai sininen (v\u00e4ri l\u00e4hetet\u00e4\u00e4n satunnaisesti) \ud83d\udccf Koot:\ud83d\udd39 S \u2013 8,5 cm (pennuille alle 9 kg)\ud83d\udd39 M \u2013 9 cm (pennuille 7\u201316 kg)\ud83d\udd39 L \u2013 12 cm (pennuille 13\u201330 kg) Puppy Teething Stick on t\u00e4ydellinen valinta tukemaan tervett\u00e4 hampaiden kehityst\u00e4 ja tarjoamaan hauskoja hetki\u00e4 leikeiss\u00e4! \ud83d\udc3e\ud83c\udf89","og_url":"https:\/\/miumjau.ee\/fi\/tuote\/kong-puppy-hammastelulelu-pennuille-l\/","og_site_name":"MiuMjau","article_publisher":"https:\/\/www.facebook.com\/miumjaupood\/","article_modified_time":"2026-01-07T20:44:05+00:00","og_image":[{"width":600,"height":800,"url":"https:\/\/miumjau.ee\/wp-content\/uploads\/2025\/03\/manguasi-koerale-kong40.jpg","type":"image\/jpeg"}],"twitter_card":"summary_large_image","schema":{"@context":"https:\/\/schema.org","@graph":[{"@type":"WebPage","@id":"https:\/\/miumjau.ee\/fi\/tuote\/kong-puppy-hammastelulelu-pennuille-l\/","url":"https:\/\/miumjau.ee\/fi\/tuote\/kong-puppy-hammastelulelu-pennuille-l\/","name":"KONG Puppy Hammastelulelu pennuille L - MiuMjau","isPartOf":{"@id":"https:\/\/miumjau.ee\/#website"},"primaryImageOfPage":{"@id":"https:\/\/miumjau.ee\/fi\/tuote\/kong-puppy-hammastelulelu-pennuille-l\/#primaryimage"},"image":{"@id":"https:\/\/miumjau.ee\/fi\/tuote\/kong-puppy-hammastelulelu-pennuille-l\/#primaryimage"},"thumbnailUrl":"https:\/\/miumjau.ee\/wp-content\/uploads\/2025\/03\/manguasi-koerale-kong40.jpg","datePublished":"2025-03-05T09:42:55+00:00","dateModified":"2026-01-07T20:44:05+00:00","breadcrumb":{"@id":"https:\/\/miumjau.ee\/fi\/tuote\/kong-puppy-hammastelulelu-pennuille-l\/#breadcrumb"},"inLanguage":"fi","potentialAction":[{"@type":"ReadAction","target":["https:\/\/miumjau.ee\/fi\/tuote\/kong-puppy-hammastelulelu-pennuille-l\/"]}]},{"@type":"ImageObject","inLanguage":"fi","@id":"https:\/\/miumjau.ee\/fi\/tuote\/kong-puppy-hammastelulelu-pennuille-l\/#primaryimage","url":"https:\/\/miumjau.ee\/wp-content\/uploads\/2025\/03\/manguasi-koerale-kong40.jpg","contentUrl":"https:\/\/miumjau.ee\/wp-content\/uploads\/2025\/03\/manguasi-koerale-kong40.jpg","width":600,"height":800,"caption":"M\u00e4nguasi koerale KONG"},{"@type":"BreadcrumbList","@id":"https:\/\/miumjau.ee\/fi\/tuote\/kong-puppy-hammastelulelu-pennuille-l\/#breadcrumb","itemListElement":[{"@type":"ListItem","position":1,"name":"Home","item":"https:\/\/miumjau.ee\/fi\/"},{"@type":"ListItem","position":2,"name":"Kauppa","item":"https:\/\/miumjau.ee\/fi\/kauppa\/"},{"@type":"ListItem","position":3,"name":"KONG Puppy Hammastelulelu pennuille L"}]},{"@type":"WebSite","@id":"https:\/\/miumjau.ee\/#website","url":"https:\/\/miumjau.ee\/","name":"MiuMjau","description":"Kraapimispuud kassidele","publisher":{"@id":"https:\/\/miumjau.ee\/#organization"},"potentialAction":[{"@type":"SearchAction","target":{"@type":"EntryPoint","urlTemplate":"https:\/\/miumjau.ee\/?s={search_term_string}"},"query-input":{"@type":"PropertyValueSpecification","valueRequired":true,"valueName":"search_term_string"}}],"inLanguage":"fi"},{"@type":"Organization","@id":"https:\/\/miumjau.ee\/#organization","name":"MiuMjau O\u00dc","url":"https:\/\/miumjau.ee\/","logo":{"@type":"ImageObject","inLanguage":"fi","@id":"https:\/\/miumjau.ee\/#\/schema\/logo\/image\/","url":"https:\/\/miumjau.ee\/wp-content\/uploads\/2022\/04\/MiuMjau-logo-kollane.png","contentUrl":"https:\/\/miumjau.ee\/wp-content\/uploads\/2022\/04\/MiuMjau-logo-kollane.png","width":219,"height":100,"caption":"MiuMjau O\u00dc"},"image":{"@id":"https:\/\/miumjau.ee\/#\/schema\/logo\/image\/"},"sameAs":["https:\/\/www.facebook.com\/miumjaupood\/"]}]}},"_links":{"self":[{"href":"https:\/\/miumjau.ee\/fi\/wp-json\/wp\/v2\/product\/48821","targetHints":{"allow":["GET"]}}],"collection":[{"href":"https:\/\/miumjau.ee\/fi\/wp-json\/wp\/v2\/product"}],"about":[{"href":"https:\/\/miumjau.ee\/fi\/wp-json\/wp\/v2\/types\/product"}],"wp:featuredmedia":[{"embeddable":true,"href":"https:\/\/miumjau.ee\/fi\/wp-json\/wp\/v2\/media\/28298"}],"wp:attachment":[{"href":"https:\/\/miumjau.ee\/fi\/wp-json\/wp\/v2\/media?parent=48821"}],"wp:term":[{"taxonomy":"product_brand","embeddable":true,"href":"https:\/\/miumjau.ee\/fi\/wp-json\/wp\/v2\/product_brand?post=48821"},{"taxonomy":"product_cat","embeddable":true,"href":"https:\/\/miumjau.ee\/fi\/wp-json\/wp\/v2\/product_cat?post=48821"},{"taxonomy":"product_tag","embeddable":true,"href":"https:\/\/miumjau.ee\/fi\/wp-json\/wp\/v2\/product_tag?post=48821"}],"curies":[{"name":"wp","href":"https:\/\/api.w.org\/{rel}","templated":true}]}}