{"id":48808,"date":"2025-03-05T11:47:15","date_gmt":"2025-03-05T09:47:15","guid":{"rendered":"https:\/\/miumjau.ee\/toode\/kong-puppy-activity-pallo-m\/"},"modified":"2026-01-07T22:44:05","modified_gmt":"2026-01-07T20:44:05","slug":"kong-puppy-activity-pallo-m","status":"publish","type":"product","link":"https:\/\/miumjau.ee\/fi\/tuote\/kong-puppy-activity-pallo-m\/","title":{"rendered":"KONG Puppy Activity Pallo M"},"content":{"rendered":"","protected":false},"excerpt":{"rendered":"<p data-start=\"1161\" data-end=\"1266\"><strong data-start=\"1161\" data-end=\"1266\">KONG Puppy Activity Pallo \u2013 hauska t\u00e4ytett\u00e4v\u00e4 kumipallo, joka tukee pennun pureskelun kehityst\u00e4! \ud83d\udc36\ud83c\udfbe<\/strong><\/p>\n<p data-start=\"1268\" data-end=\"1622\">KONG Puppy Activity Pallo on suunniteltu erityisesti pennuille tukemaan oikeanlaisen pureskeluk\u00e4yt\u00f6ksen kehittymist\u00e4. Valmistettu ainutlaatuisesta KONG Classic -pentukumista, t\u00e4m\u00e4 pallo tyydytt\u00e4\u00e4 pureskeluinstinktin ja tarjoaa helpotusta kipeille hampaille ja ikenille. T\u00e4yt\u00e4 pallo herkuilla motivoidaksesi pentua pureskelemaan ja saadaksesi lis\u00e4hauskaa!<\/p>\n<p data-start=\"1624\" data-end=\"1950\">\ud83d\udd25 <strong data-start=\"1627\" data-end=\"1670\">Miksi valita KONG Puppy Activity Pallo?<\/strong><br data-start=\"1670\" data-end=\"1673\" \/>\u2714 Tukee oikeaa pureskeluk\u00e4yt\u00f6st\u00e4 \u2013 ihanteellinen nuorille koirille pureskelutaitojen kehitt\u00e4miseen<br data-start=\"1771\" data-end=\"1774\" \/>\u2714 Helpottaa hampaita ja ikeni\u00e4 \u2013 erityinen kumimateriaali hell\u00e4 hampaille ja ikenille<br data-start=\"1859\" data-end=\"1862\" \/>\u2714 T\u00e4ytett\u00e4v\u00e4 herkuilla \u2013 pid\u00e4 pentu aktiivisena ja viihdytettyn\u00e4 lempiherkkujen avulla<\/p>\n<p data-start=\"1952\" data-end=\"2032\">\ud83c\udfa8 <strong data-start=\"1955\" data-end=\"1965\">V\u00e4rit:<\/strong><br data-start=\"1965\" data-end=\"1968\" \/>\ud83d\udd39 Vaaleanpunainen tai sininen (v\u00e4ri l\u00e4hetet\u00e4\u00e4n satunnaisesti)<\/p>\n<p data-start=\"2034\" data-end=\"2082\">\ud83d\udccf <strong data-start=\"2037\" data-end=\"2046\">Koot:<\/strong><br data-start=\"2046\" data-end=\"2049\" \/>\ud83d\udd39 S \u2013 \u00d8 6 cm<br data-start=\"2062\" data-end=\"2065\" \/>\ud83d\udd39 M \u2013 \u00d8 7,5 cm<\/p>\n<p data-start=\"2084\" data-end=\"2231\">KONG Puppy Activity Pallo on t\u00e4ydellinen lelu pennulle oikean pureskeluk\u00e4yt\u00f6ksen kehitt\u00e4miseen ja hauskan, opettavaisen leikin tarjoamiseen! \ud83d\udc3e\ud83d\udc96<\/p>\n","protected":false},"featured_media":28238,"template":"","meta":[],"product_brand":[],"product_cat":[484],"product_tag":[],"class_list":{"0":"post-48808","1":"product","2":"type-product","3":"status-publish","4":"has-post-thumbnail","6":"product_cat-lelut-koirille","8":"first","9":"instock","10":"sale","11":"taxable","12":"shipping-taxable","13":"purchasable","14":"product-type-simple"},"yoast_head":"<!-- This site is optimized with the Yoast SEO plugin v27.4 - https:\/\/yoast.com\/product\/yoast-seo-wordpress\/ -->\n<title>KONG Puppy Activity Pallo M - MiuMjau<\/title>\n<meta name=\"robots\" content=\"index, follow, max-snippet:-1, max-image-preview:large, max-video-preview:-1\" \/>\n<link rel=\"canonical\" href=\"https:\/\/miumjau.ee\/fi\/tuote\/kong-puppy-activity-pallo-m\/\" \/>\n<meta property=\"og:locale\" content=\"fi_FI\" \/>\n<meta property=\"og:type\" content=\"article\" \/>\n<meta property=\"og:title\" content=\"KONG Puppy Activity Pallo M - MiuMjau\" \/>\n<meta property=\"og:description\" content=\"KONG Puppy Activity Pallo \u2013 hauska t\u00e4ytett\u00e4v\u00e4 kumipallo, joka tukee pennun pureskelun kehityst\u00e4! \ud83d\udc36\ud83c\udfbe KONG Puppy Activity Pallo on suunniteltu erityisesti pennuille tukemaan oikeanlaisen pureskeluk\u00e4yt\u00f6ksen kehittymist\u00e4. Valmistettu ainutlaatuisesta KONG Classic -pentukumista, t\u00e4m\u00e4 pallo tyydytt\u00e4\u00e4 pureskeluinstinktin ja tarjoaa helpotusta kipeille hampaille ja ikenille. T\u00e4yt\u00e4 pallo herkuilla motivoidaksesi pentua pureskelemaan ja saadaksesi lis\u00e4hauskaa! \ud83d\udd25 Miksi valita KONG Puppy Activity Pallo?\u2714 Tukee oikeaa pureskeluk\u00e4yt\u00f6st\u00e4 \u2013 ihanteellinen nuorille koirille pureskelutaitojen kehitt\u00e4miseen\u2714 Helpottaa hampaita ja ikeni\u00e4 \u2013 erityinen kumimateriaali hell\u00e4 hampaille ja ikenille\u2714 T\u00e4ytett\u00e4v\u00e4 herkuilla \u2013 pid\u00e4 pentu aktiivisena ja viihdytettyn\u00e4 lempiherkkujen avulla \ud83c\udfa8 V\u00e4rit:\ud83d\udd39 Vaaleanpunainen tai sininen (v\u00e4ri l\u00e4hetet\u00e4\u00e4n satunnaisesti) \ud83d\udccf Koot:\ud83d\udd39 S \u2013 \u00d8 6 cm\ud83d\udd39 M \u2013 \u00d8 7,5 cm KONG Puppy Activity Pallo on t\u00e4ydellinen lelu pennulle oikean pureskeluk\u00e4yt\u00f6ksen kehitt\u00e4miseen ja hauskan, opettavaisen leikin tarjoamiseen! \ud83d\udc3e\ud83d\udc96\" \/>\n<meta property=\"og:url\" content=\"https:\/\/miumjau.ee\/fi\/tuote\/kong-puppy-activity-pallo-m\/\" \/>\n<meta property=\"og:site_name\" content=\"MiuMjau\" \/>\n<meta property=\"article:publisher\" content=\"https:\/\/www.facebook.com\/miumjaupood\/\" \/>\n<meta property=\"article:modified_time\" content=\"2026-01-07T20:44:05+00:00\" \/>\n<meta property=\"og:image\" content=\"https:\/\/miumjau.ee\/wp-content\/uploads\/2025\/03\/manguasi-koerale-kong26.jpg\" \/>\n\t<meta property=\"og:image:width\" content=\"600\" \/>\n\t<meta property=\"og:image:height\" content=\"800\" \/>\n\t<meta property=\"og:image:type\" content=\"image\/jpeg\" \/>\n<meta name=\"twitter:card\" content=\"summary_large_image\" \/>\n<script type=\"application\/ld+json\" class=\"yoast-schema-graph\">{\"@context\":\"https:\\\/\\\/schema.org\",\"@graph\":[{\"@type\":\"WebPage\",\"@id\":\"https:\\\/\\\/miumjau.ee\\\/fi\\\/tuote\\\/kong-puppy-activity-pallo-m\\\/\",\"url\":\"https:\\\/\\\/miumjau.ee\\\/fi\\\/tuote\\\/kong-puppy-activity-pallo-m\\\/\",\"name\":\"KONG Puppy Activity Pallo M - MiuMjau\",\"isPartOf\":{\"@id\":\"https:\\\/\\\/miumjau.ee\\\/#website\"},\"primaryImageOfPage\":{\"@id\":\"https:\\\/\\\/miumjau.ee\\\/fi\\\/tuote\\\/kong-puppy-activity-pallo-m\\\/#primaryimage\"},\"image\":{\"@id\":\"https:\\\/\\\/miumjau.ee\\\/fi\\\/tuote\\\/kong-puppy-activity-pallo-m\\\/#primaryimage\"},\"thumbnailUrl\":\"https:\\\/\\\/miumjau.ee\\\/wp-content\\\/uploads\\\/2025\\\/03\\\/manguasi-koerale-kong26.jpg\",\"datePublished\":\"2025-03-05T09:47:15+00:00\",\"dateModified\":\"2026-01-07T20:44:05+00:00\",\"breadcrumb\":{\"@id\":\"https:\\\/\\\/miumjau.ee\\\/fi\\\/tuote\\\/kong-puppy-activity-pallo-m\\\/#breadcrumb\"},\"inLanguage\":\"fi\",\"potentialAction\":[{\"@type\":\"ReadAction\",\"target\":[\"https:\\\/\\\/miumjau.ee\\\/fi\\\/tuote\\\/kong-puppy-activity-pallo-m\\\/\"]}]},{\"@type\":\"ImageObject\",\"inLanguage\":\"fi\",\"@id\":\"https:\\\/\\\/miumjau.ee\\\/fi\\\/tuote\\\/kong-puppy-activity-pallo-m\\\/#primaryimage\",\"url\":\"https:\\\/\\\/miumjau.ee\\\/wp-content\\\/uploads\\\/2025\\\/03\\\/manguasi-koerale-kong26.jpg\",\"contentUrl\":\"https:\\\/\\\/miumjau.ee\\\/wp-content\\\/uploads\\\/2025\\\/03\\\/manguasi-koerale-kong26.jpg\",\"width\":600,\"height\":800,\"caption\":\"M\u00e4nguasi koerale KONG\"},{\"@type\":\"BreadcrumbList\",\"@id\":\"https:\\\/\\\/miumjau.ee\\\/fi\\\/tuote\\\/kong-puppy-activity-pallo-m\\\/#breadcrumb\",\"itemListElement\":[{\"@type\":\"ListItem\",\"position\":1,\"name\":\"Home\",\"item\":\"https:\\\/\\\/miumjau.ee\\\/fi\\\/\"},{\"@type\":\"ListItem\",\"position\":2,\"name\":\"Kauppa\",\"item\":\"https:\\\/\\\/miumjau.ee\\\/fi\\\/kauppa\\\/\"},{\"@type\":\"ListItem\",\"position\":3,\"name\":\"KONG Puppy Activity Pallo M\"}]},{\"@type\":\"WebSite\",\"@id\":\"https:\\\/\\\/miumjau.ee\\\/#website\",\"url\":\"https:\\\/\\\/miumjau.ee\\\/\",\"name\":\"MiuMjau\",\"description\":\"Kraapimispuud kassidele\",\"publisher\":{\"@id\":\"https:\\\/\\\/miumjau.ee\\\/#organization\"},\"potentialAction\":[{\"@type\":\"SearchAction\",\"target\":{\"@type\":\"EntryPoint\",\"urlTemplate\":\"https:\\\/\\\/miumjau.ee\\\/?s={search_term_string}\"},\"query-input\":{\"@type\":\"PropertyValueSpecification\",\"valueRequired\":true,\"valueName\":\"search_term_string\"}}],\"inLanguage\":\"fi\"},{\"@type\":\"Organization\",\"@id\":\"https:\\\/\\\/miumjau.ee\\\/#organization\",\"name\":\"MiuMjau O\u00dc\",\"url\":\"https:\\\/\\\/miumjau.ee\\\/\",\"logo\":{\"@type\":\"ImageObject\",\"inLanguage\":\"fi\",\"@id\":\"https:\\\/\\\/miumjau.ee\\\/#\\\/schema\\\/logo\\\/image\\\/\",\"url\":\"https:\\\/\\\/miumjau.ee\\\/wp-content\\\/uploads\\\/2022\\\/04\\\/MiuMjau-logo-kollane.png\",\"contentUrl\":\"https:\\\/\\\/miumjau.ee\\\/wp-content\\\/uploads\\\/2022\\\/04\\\/MiuMjau-logo-kollane.png\",\"width\":219,\"height\":100,\"caption\":\"MiuMjau O\u00dc\"},\"image\":{\"@id\":\"https:\\\/\\\/miumjau.ee\\\/#\\\/schema\\\/logo\\\/image\\\/\"},\"sameAs\":[\"https:\\\/\\\/www.facebook.com\\\/miumjaupood\\\/\"]}]}<\/script>\n<!-- \/ Yoast SEO plugin. -->","yoast_head_json":{"title":"KONG Puppy Activity Pallo M - MiuMjau","robots":{"index":"index","follow":"follow","max-snippet":"max-snippet:-1","max-image-preview":"max-image-preview:large","max-video-preview":"max-video-preview:-1"},"canonical":"https:\/\/miumjau.ee\/fi\/tuote\/kong-puppy-activity-pallo-m\/","og_locale":"fi_FI","og_type":"article","og_title":"KONG Puppy Activity Pallo M - MiuMjau","og_description":"KONG Puppy Activity Pallo \u2013 hauska t\u00e4ytett\u00e4v\u00e4 kumipallo, joka tukee pennun pureskelun kehityst\u00e4! \ud83d\udc36\ud83c\udfbe KONG Puppy Activity Pallo on suunniteltu erityisesti pennuille tukemaan oikeanlaisen pureskeluk\u00e4yt\u00f6ksen kehittymist\u00e4. Valmistettu ainutlaatuisesta KONG Classic -pentukumista, t\u00e4m\u00e4 pallo tyydytt\u00e4\u00e4 pureskeluinstinktin ja tarjoaa helpotusta kipeille hampaille ja ikenille. T\u00e4yt\u00e4 pallo herkuilla motivoidaksesi pentua pureskelemaan ja saadaksesi lis\u00e4hauskaa! \ud83d\udd25 Miksi valita KONG Puppy Activity Pallo?\u2714 Tukee oikeaa pureskeluk\u00e4yt\u00f6st\u00e4 \u2013 ihanteellinen nuorille koirille pureskelutaitojen kehitt\u00e4miseen\u2714 Helpottaa hampaita ja ikeni\u00e4 \u2013 erityinen kumimateriaali hell\u00e4 hampaille ja ikenille\u2714 T\u00e4ytett\u00e4v\u00e4 herkuilla \u2013 pid\u00e4 pentu aktiivisena ja viihdytettyn\u00e4 lempiherkkujen avulla \ud83c\udfa8 V\u00e4rit:\ud83d\udd39 Vaaleanpunainen tai sininen (v\u00e4ri l\u00e4hetet\u00e4\u00e4n satunnaisesti) \ud83d\udccf Koot:\ud83d\udd39 S \u2013 \u00d8 6 cm\ud83d\udd39 M \u2013 \u00d8 7,5 cm KONG Puppy Activity Pallo on t\u00e4ydellinen lelu pennulle oikean pureskeluk\u00e4yt\u00f6ksen kehitt\u00e4miseen ja hauskan, opettavaisen leikin tarjoamiseen! \ud83d\udc3e\ud83d\udc96","og_url":"https:\/\/miumjau.ee\/fi\/tuote\/kong-puppy-activity-pallo-m\/","og_site_name":"MiuMjau","article_publisher":"https:\/\/www.facebook.com\/miumjaupood\/","article_modified_time":"2026-01-07T20:44:05+00:00","og_image":[{"width":600,"height":800,"url":"https:\/\/miumjau.ee\/wp-content\/uploads\/2025\/03\/manguasi-koerale-kong26.jpg","type":"image\/jpeg"}],"twitter_card":"summary_large_image","schema":{"@context":"https:\/\/schema.org","@graph":[{"@type":"WebPage","@id":"https:\/\/miumjau.ee\/fi\/tuote\/kong-puppy-activity-pallo-m\/","url":"https:\/\/miumjau.ee\/fi\/tuote\/kong-puppy-activity-pallo-m\/","name":"KONG Puppy Activity Pallo M - MiuMjau","isPartOf":{"@id":"https:\/\/miumjau.ee\/#website"},"primaryImageOfPage":{"@id":"https:\/\/miumjau.ee\/fi\/tuote\/kong-puppy-activity-pallo-m\/#primaryimage"},"image":{"@id":"https:\/\/miumjau.ee\/fi\/tuote\/kong-puppy-activity-pallo-m\/#primaryimage"},"thumbnailUrl":"https:\/\/miumjau.ee\/wp-content\/uploads\/2025\/03\/manguasi-koerale-kong26.jpg","datePublished":"2025-03-05T09:47:15+00:00","dateModified":"2026-01-07T20:44:05+00:00","breadcrumb":{"@id":"https:\/\/miumjau.ee\/fi\/tuote\/kong-puppy-activity-pallo-m\/#breadcrumb"},"inLanguage":"fi","potentialAction":[{"@type":"ReadAction","target":["https:\/\/miumjau.ee\/fi\/tuote\/kong-puppy-activity-pallo-m\/"]}]},{"@type":"ImageObject","inLanguage":"fi","@id":"https:\/\/miumjau.ee\/fi\/tuote\/kong-puppy-activity-pallo-m\/#primaryimage","url":"https:\/\/miumjau.ee\/wp-content\/uploads\/2025\/03\/manguasi-koerale-kong26.jpg","contentUrl":"https:\/\/miumjau.ee\/wp-content\/uploads\/2025\/03\/manguasi-koerale-kong26.jpg","width":600,"height":800,"caption":"M\u00e4nguasi koerale KONG"},{"@type":"BreadcrumbList","@id":"https:\/\/miumjau.ee\/fi\/tuote\/kong-puppy-activity-pallo-m\/#breadcrumb","itemListElement":[{"@type":"ListItem","position":1,"name":"Home","item":"https:\/\/miumjau.ee\/fi\/"},{"@type":"ListItem","position":2,"name":"Kauppa","item":"https:\/\/miumjau.ee\/fi\/kauppa\/"},{"@type":"ListItem","position":3,"name":"KONG Puppy Activity Pallo M"}]},{"@type":"WebSite","@id":"https:\/\/miumjau.ee\/#website","url":"https:\/\/miumjau.ee\/","name":"MiuMjau","description":"Kraapimispuud kassidele","publisher":{"@id":"https:\/\/miumjau.ee\/#organization"},"potentialAction":[{"@type":"SearchAction","target":{"@type":"EntryPoint","urlTemplate":"https:\/\/miumjau.ee\/?s={search_term_string}"},"query-input":{"@type":"PropertyValueSpecification","valueRequired":true,"valueName":"search_term_string"}}],"inLanguage":"fi"},{"@type":"Organization","@id":"https:\/\/miumjau.ee\/#organization","name":"MiuMjau O\u00dc","url":"https:\/\/miumjau.ee\/","logo":{"@type":"ImageObject","inLanguage":"fi","@id":"https:\/\/miumjau.ee\/#\/schema\/logo\/image\/","url":"https:\/\/miumjau.ee\/wp-content\/uploads\/2022\/04\/MiuMjau-logo-kollane.png","contentUrl":"https:\/\/miumjau.ee\/wp-content\/uploads\/2022\/04\/MiuMjau-logo-kollane.png","width":219,"height":100,"caption":"MiuMjau O\u00dc"},"image":{"@id":"https:\/\/miumjau.ee\/#\/schema\/logo\/image\/"},"sameAs":["https:\/\/www.facebook.com\/miumjaupood\/"]}]}},"_links":{"self":[{"href":"https:\/\/miumjau.ee\/fi\/wp-json\/wp\/v2\/product\/48808","targetHints":{"allow":["GET"]}}],"collection":[{"href":"https:\/\/miumjau.ee\/fi\/wp-json\/wp\/v2\/product"}],"about":[{"href":"https:\/\/miumjau.ee\/fi\/wp-json\/wp\/v2\/types\/product"}],"wp:featuredmedia":[{"embeddable":true,"href":"https:\/\/miumjau.ee\/fi\/wp-json\/wp\/v2\/media\/28238"}],"wp:attachment":[{"href":"https:\/\/miumjau.ee\/fi\/wp-json\/wp\/v2\/media?parent=48808"}],"wp:term":[{"taxonomy":"product_brand","embeddable":true,"href":"https:\/\/miumjau.ee\/fi\/wp-json\/wp\/v2\/product_brand?post=48808"},{"taxonomy":"product_cat","embeddable":true,"href":"https:\/\/miumjau.ee\/fi\/wp-json\/wp\/v2\/product_cat?post=48808"},{"taxonomy":"product_tag","embeddable":true,"href":"https:\/\/miumjau.ee\/fi\/wp-json\/wp\/v2\/product_tag?post=48808"}],"curies":[{"name":"wp","href":"https:\/\/api.w.org\/{rel}","templated":true}]}}