{"id":48794,"date":"2025-03-05T11:51:06","date_gmt":"2025-03-05T09:51:06","guid":{"rendered":"https:\/\/miumjau.ee\/toode\/kong-squeezz-goomz-pallo-xl\/"},"modified":"2026-01-07T22:44:05","modified_gmt":"2026-01-07T20:44:05","slug":"kong-squeezz-goomz-pallo-xl","status":"publish","type":"product","link":"https:\/\/miumjau.ee\/fi\/tuote\/kong-squeezz-goomz-pallo-xl\/","title":{"rendered":"KONG Squeezz\u00ae Goomz Pallo XL"},"content":{"rendered":"","protected":false},"excerpt":{"rendered":"<p data-start=\"1052\" data-end=\"1139\"><strong data-start=\"1052\" data-end=\"1139\">KONG Squeezz Goomz Pallo \u2013 pallo, joka auttaa puhdistamaan hampaita ja ikeni\u00e4! \ud83d\udc36\ud83e\uddb7<\/strong><\/p>\n<p data-start=\"1141\" data-end=\"1461\">KONG Squeezz Goomz Pallo on t\u00e4ydellinen lelu, joka auttaa pit\u00e4m\u00e4\u00e4n koirasi hampaat puhtaina ja ikenet tervein\u00e4. Pallon nystyr\u00e4t hierovat ikeni\u00e4 ja auttavat puhdistamaan hampaita, ja kest\u00e4v\u00e4 materiaali sek\u00e4 monipuoliset rakenteet takaavat loputtoman hauskanpidon. Pallossa on my\u00f6s vinkuva \u00e4\u00e4ni, joka lis\u00e4\u00e4 leikinautintoa!<\/p>\n<p data-start=\"1463\" data-end=\"1815\">\ud83d\udd25 <strong data-start=\"1466\" data-end=\"1508\">Miksi valita KONG Squeezz Goomz Pallo?<\/strong><br data-start=\"1508\" data-end=\"1511\" \/>\u2714 Hieroo ikeni\u00e4 ja puhdistaa hampaita \u2013 nystyr\u00e4t parantavat suuhygieniaa<br data-start=\"1583\" data-end=\"1586\" \/>\u2714 Kest\u00e4v\u00e4 materiaali \u2013 erilaiset rakenteet tarjoavat pitk\u00e4kestoista iloa<br data-start=\"1658\" data-end=\"1661\" \/>\u2714 Vinkuva \u00e4\u00e4ni \u2013 tuo leikkiin lis\u00e4\u00e4 hauskuutta ja stimuloi koiraa<br data-start=\"1726\" data-end=\"1729\" \/>\u2714 Tyydytt\u00e4\u00e4 pureskelun vaiston \u2013 ihanteellinen koirille, jotka rakastavat pureskella<\/p>\n<p data-start=\"1817\" data-end=\"1862\">\ud83d\udccf <strong data-start=\"1820\" data-end=\"1829\">Koot:<\/strong><br data-start=\"1829\" data-end=\"1832\" \/>\ud83d\udd39 M \u2013 6,5 cm<br data-start=\"1845\" data-end=\"1848\" \/>\ud83d\udd39 XL \u2013 9 cm<\/p>\n<p data-start=\"1864\" data-end=\"2001\">KONG Squeezz Goomz Pallo on erinomainen valinta koirasi hammasterveyden yll\u00e4pit\u00e4miseen ja hauskan, kehitt\u00e4v\u00e4n leikin tarjoamiseen! \ud83d\udc3e\ud83d\udc9a<\/p>\n","protected":false},"featured_media":28246,"template":"","meta":[],"product_brand":[],"product_cat":[484],"product_tag":[],"class_list":{"0":"post-48794","1":"product","2":"type-product","3":"status-publish","4":"has-post-thumbnail","6":"product_cat-lelut-koirille","8":"first","9":"instock","10":"taxable","11":"shipping-taxable","12":"purchasable","13":"product-type-simple"},"yoast_head":"<!-- This site is optimized with the Yoast SEO plugin v27.2 - https:\/\/yoast.com\/product\/yoast-seo-wordpress\/ -->\n<title>KONG Squeezz\u00ae Goomz Pallo XL - MiuMjau<\/title>\n<meta name=\"robots\" content=\"index, follow, max-snippet:-1, max-image-preview:large, max-video-preview:-1\" \/>\n<link rel=\"canonical\" href=\"https:\/\/miumjau.ee\/fi\/tuote\/kong-squeezz-goomz-pallo-xl\/\" \/>\n<meta property=\"og:locale\" content=\"fi_FI\" \/>\n<meta property=\"og:type\" content=\"article\" \/>\n<meta property=\"og:title\" content=\"KONG Squeezz\u00ae Goomz Pallo XL - MiuMjau\" \/>\n<meta property=\"og:description\" content=\"KONG Squeezz Goomz Pallo \u2013 pallo, joka auttaa puhdistamaan hampaita ja ikeni\u00e4! \ud83d\udc36\ud83e\uddb7 KONG Squeezz Goomz Pallo on t\u00e4ydellinen lelu, joka auttaa pit\u00e4m\u00e4\u00e4n koirasi hampaat puhtaina ja ikenet tervein\u00e4. Pallon nystyr\u00e4t hierovat ikeni\u00e4 ja auttavat puhdistamaan hampaita, ja kest\u00e4v\u00e4 materiaali sek\u00e4 monipuoliset rakenteet takaavat loputtoman hauskanpidon. Pallossa on my\u00f6s vinkuva \u00e4\u00e4ni, joka lis\u00e4\u00e4 leikinautintoa! \ud83d\udd25 Miksi valita KONG Squeezz Goomz Pallo?\u2714 Hieroo ikeni\u00e4 ja puhdistaa hampaita \u2013 nystyr\u00e4t parantavat suuhygieniaa\u2714 Kest\u00e4v\u00e4 materiaali \u2013 erilaiset rakenteet tarjoavat pitk\u00e4kestoista iloa\u2714 Vinkuva \u00e4\u00e4ni \u2013 tuo leikkiin lis\u00e4\u00e4 hauskuutta ja stimuloi koiraa\u2714 Tyydytt\u00e4\u00e4 pureskelun vaiston \u2013 ihanteellinen koirille, jotka rakastavat pureskella \ud83d\udccf Koot:\ud83d\udd39 M \u2013 6,5 cm\ud83d\udd39 XL \u2013 9 cm KONG Squeezz Goomz Pallo on erinomainen valinta koirasi hammasterveyden yll\u00e4pit\u00e4miseen ja hauskan, kehitt\u00e4v\u00e4n leikin tarjoamiseen! \ud83d\udc3e\ud83d\udc9a\" \/>\n<meta property=\"og:url\" content=\"https:\/\/miumjau.ee\/fi\/tuote\/kong-squeezz-goomz-pallo-xl\/\" \/>\n<meta property=\"og:site_name\" content=\"MiuMjau\" \/>\n<meta property=\"article:publisher\" content=\"https:\/\/www.facebook.com\/miumjaupood\/\" \/>\n<meta property=\"article:modified_time\" content=\"2026-01-07T20:44:05+00:00\" \/>\n<meta property=\"og:image\" content=\"https:\/\/miumjau.ee\/wp-content\/uploads\/2025\/03\/manguasi-koerale-kong28.jpg\" \/>\n\t<meta property=\"og:image:width\" content=\"600\" \/>\n\t<meta property=\"og:image:height\" content=\"800\" \/>\n\t<meta property=\"og:image:type\" content=\"image\/jpeg\" \/>\n<meta name=\"twitter:card\" content=\"summary_large_image\" \/>\n<script type=\"application\/ld+json\" class=\"yoast-schema-graph\">{\"@context\":\"https:\/\/schema.org\",\"@graph\":[{\"@type\":\"WebPage\",\"@id\":\"https:\/\/miumjau.ee\/fi\/tuote\/kong-squeezz-goomz-pallo-xl\/\",\"url\":\"https:\/\/miumjau.ee\/fi\/tuote\/kong-squeezz-goomz-pallo-xl\/\",\"name\":\"KONG Squeezz\u00ae Goomz Pallo XL - MiuMjau\",\"isPartOf\":{\"@id\":\"https:\/\/miumjau.ee\/#website\"},\"primaryImageOfPage\":{\"@id\":\"https:\/\/miumjau.ee\/fi\/tuote\/kong-squeezz-goomz-pallo-xl\/#primaryimage\"},\"image\":{\"@id\":\"https:\/\/miumjau.ee\/fi\/tuote\/kong-squeezz-goomz-pallo-xl\/#primaryimage\"},\"thumbnailUrl\":\"https:\/\/miumjau.ee\/wp-content\/uploads\/2025\/03\/manguasi-koerale-kong28.jpg\",\"datePublished\":\"2025-03-05T09:51:06+00:00\",\"dateModified\":\"2026-01-07T20:44:05+00:00\",\"breadcrumb\":{\"@id\":\"https:\/\/miumjau.ee\/fi\/tuote\/kong-squeezz-goomz-pallo-xl\/#breadcrumb\"},\"inLanguage\":\"fi\",\"potentialAction\":[{\"@type\":\"ReadAction\",\"target\":[\"https:\/\/miumjau.ee\/fi\/tuote\/kong-squeezz-goomz-pallo-xl\/\"]}]},{\"@type\":\"ImageObject\",\"inLanguage\":\"fi\",\"@id\":\"https:\/\/miumjau.ee\/fi\/tuote\/kong-squeezz-goomz-pallo-xl\/#primaryimage\",\"url\":\"https:\/\/miumjau.ee\/wp-content\/uploads\/2025\/03\/manguasi-koerale-kong28.jpg\",\"contentUrl\":\"https:\/\/miumjau.ee\/wp-content\/uploads\/2025\/03\/manguasi-koerale-kong28.jpg\",\"width\":600,\"height\":800,\"caption\":\"M\u00e4nguasi koerale KONG\"},{\"@type\":\"BreadcrumbList\",\"@id\":\"https:\/\/miumjau.ee\/fi\/tuote\/kong-squeezz-goomz-pallo-xl\/#breadcrumb\",\"itemListElement\":[{\"@type\":\"ListItem\",\"position\":1,\"name\":\"Home\",\"item\":\"https:\/\/miumjau.ee\/fi\/\"},{\"@type\":\"ListItem\",\"position\":2,\"name\":\"Kauppa\",\"item\":\"https:\/\/miumjau.ee\/fi\/kauppa\/\"},{\"@type\":\"ListItem\",\"position\":3,\"name\":\"KONG Squeezz\u00ae Goomz Pallo XL\"}]},{\"@type\":\"WebSite\",\"@id\":\"https:\/\/miumjau.ee\/#website\",\"url\":\"https:\/\/miumjau.ee\/\",\"name\":\"MiuMjau\",\"description\":\"Kraapimispuud kassidele\",\"publisher\":{\"@id\":\"https:\/\/miumjau.ee\/#organization\"},\"potentialAction\":[{\"@type\":\"SearchAction\",\"target\":{\"@type\":\"EntryPoint\",\"urlTemplate\":\"https:\/\/miumjau.ee\/?s={search_term_string}\"},\"query-input\":{\"@type\":\"PropertyValueSpecification\",\"valueRequired\":true,\"valueName\":\"search_term_string\"}}],\"inLanguage\":\"fi\"},{\"@type\":\"Organization\",\"@id\":\"https:\/\/miumjau.ee\/#organization\",\"name\":\"MiuMjau O\u00dc\",\"url\":\"https:\/\/miumjau.ee\/\",\"logo\":{\"@type\":\"ImageObject\",\"inLanguage\":\"fi\",\"@id\":\"https:\/\/miumjau.ee\/#\/schema\/logo\/image\/\",\"url\":\"https:\/\/miumjau.ee\/wp-content\/uploads\/2022\/04\/MiuMjau-logo-kollane.png\",\"contentUrl\":\"https:\/\/miumjau.ee\/wp-content\/uploads\/2022\/04\/MiuMjau-logo-kollane.png\",\"width\":219,\"height\":100,\"caption\":\"MiuMjau O\u00dc\"},\"image\":{\"@id\":\"https:\/\/miumjau.ee\/#\/schema\/logo\/image\/\"},\"sameAs\":[\"https:\/\/www.facebook.com\/miumjaupood\/\"]}]}<\/script>\n<!-- \/ Yoast SEO plugin. -->","yoast_head_json":{"title":"KONG Squeezz\u00ae Goomz Pallo XL - MiuMjau","robots":{"index":"index","follow":"follow","max-snippet":"max-snippet:-1","max-image-preview":"max-image-preview:large","max-video-preview":"max-video-preview:-1"},"canonical":"https:\/\/miumjau.ee\/fi\/tuote\/kong-squeezz-goomz-pallo-xl\/","og_locale":"fi_FI","og_type":"article","og_title":"KONG Squeezz\u00ae Goomz Pallo XL - MiuMjau","og_description":"KONG Squeezz Goomz Pallo \u2013 pallo, joka auttaa puhdistamaan hampaita ja ikeni\u00e4! \ud83d\udc36\ud83e\uddb7 KONG Squeezz Goomz Pallo on t\u00e4ydellinen lelu, joka auttaa pit\u00e4m\u00e4\u00e4n koirasi hampaat puhtaina ja ikenet tervein\u00e4. Pallon nystyr\u00e4t hierovat ikeni\u00e4 ja auttavat puhdistamaan hampaita, ja kest\u00e4v\u00e4 materiaali sek\u00e4 monipuoliset rakenteet takaavat loputtoman hauskanpidon. Pallossa on my\u00f6s vinkuva \u00e4\u00e4ni, joka lis\u00e4\u00e4 leikinautintoa! \ud83d\udd25 Miksi valita KONG Squeezz Goomz Pallo?\u2714 Hieroo ikeni\u00e4 ja puhdistaa hampaita \u2013 nystyr\u00e4t parantavat suuhygieniaa\u2714 Kest\u00e4v\u00e4 materiaali \u2013 erilaiset rakenteet tarjoavat pitk\u00e4kestoista iloa\u2714 Vinkuva \u00e4\u00e4ni \u2013 tuo leikkiin lis\u00e4\u00e4 hauskuutta ja stimuloi koiraa\u2714 Tyydytt\u00e4\u00e4 pureskelun vaiston \u2013 ihanteellinen koirille, jotka rakastavat pureskella \ud83d\udccf Koot:\ud83d\udd39 M \u2013 6,5 cm\ud83d\udd39 XL \u2013 9 cm KONG Squeezz Goomz Pallo on erinomainen valinta koirasi hammasterveyden yll\u00e4pit\u00e4miseen ja hauskan, kehitt\u00e4v\u00e4n leikin tarjoamiseen! \ud83d\udc3e\ud83d\udc9a","og_url":"https:\/\/miumjau.ee\/fi\/tuote\/kong-squeezz-goomz-pallo-xl\/","og_site_name":"MiuMjau","article_publisher":"https:\/\/www.facebook.com\/miumjaupood\/","article_modified_time":"2026-01-07T20:44:05+00:00","og_image":[{"width":600,"height":800,"url":"https:\/\/miumjau.ee\/wp-content\/uploads\/2025\/03\/manguasi-koerale-kong28.jpg","type":"image\/jpeg"}],"twitter_card":"summary_large_image","schema":{"@context":"https:\/\/schema.org","@graph":[{"@type":"WebPage","@id":"https:\/\/miumjau.ee\/fi\/tuote\/kong-squeezz-goomz-pallo-xl\/","url":"https:\/\/miumjau.ee\/fi\/tuote\/kong-squeezz-goomz-pallo-xl\/","name":"KONG Squeezz\u00ae Goomz Pallo XL - MiuMjau","isPartOf":{"@id":"https:\/\/miumjau.ee\/#website"},"primaryImageOfPage":{"@id":"https:\/\/miumjau.ee\/fi\/tuote\/kong-squeezz-goomz-pallo-xl\/#primaryimage"},"image":{"@id":"https:\/\/miumjau.ee\/fi\/tuote\/kong-squeezz-goomz-pallo-xl\/#primaryimage"},"thumbnailUrl":"https:\/\/miumjau.ee\/wp-content\/uploads\/2025\/03\/manguasi-koerale-kong28.jpg","datePublished":"2025-03-05T09:51:06+00:00","dateModified":"2026-01-07T20:44:05+00:00","breadcrumb":{"@id":"https:\/\/miumjau.ee\/fi\/tuote\/kong-squeezz-goomz-pallo-xl\/#breadcrumb"},"inLanguage":"fi","potentialAction":[{"@type":"ReadAction","target":["https:\/\/miumjau.ee\/fi\/tuote\/kong-squeezz-goomz-pallo-xl\/"]}]},{"@type":"ImageObject","inLanguage":"fi","@id":"https:\/\/miumjau.ee\/fi\/tuote\/kong-squeezz-goomz-pallo-xl\/#primaryimage","url":"https:\/\/miumjau.ee\/wp-content\/uploads\/2025\/03\/manguasi-koerale-kong28.jpg","contentUrl":"https:\/\/miumjau.ee\/wp-content\/uploads\/2025\/03\/manguasi-koerale-kong28.jpg","width":600,"height":800,"caption":"M\u00e4nguasi koerale KONG"},{"@type":"BreadcrumbList","@id":"https:\/\/miumjau.ee\/fi\/tuote\/kong-squeezz-goomz-pallo-xl\/#breadcrumb","itemListElement":[{"@type":"ListItem","position":1,"name":"Home","item":"https:\/\/miumjau.ee\/fi\/"},{"@type":"ListItem","position":2,"name":"Kauppa","item":"https:\/\/miumjau.ee\/fi\/kauppa\/"},{"@type":"ListItem","position":3,"name":"KONG Squeezz\u00ae Goomz Pallo XL"}]},{"@type":"WebSite","@id":"https:\/\/miumjau.ee\/#website","url":"https:\/\/miumjau.ee\/","name":"MiuMjau","description":"Kraapimispuud kassidele","publisher":{"@id":"https:\/\/miumjau.ee\/#organization"},"potentialAction":[{"@type":"SearchAction","target":{"@type":"EntryPoint","urlTemplate":"https:\/\/miumjau.ee\/?s={search_term_string}"},"query-input":{"@type":"PropertyValueSpecification","valueRequired":true,"valueName":"search_term_string"}}],"inLanguage":"fi"},{"@type":"Organization","@id":"https:\/\/miumjau.ee\/#organization","name":"MiuMjau O\u00dc","url":"https:\/\/miumjau.ee\/","logo":{"@type":"ImageObject","inLanguage":"fi","@id":"https:\/\/miumjau.ee\/#\/schema\/logo\/image\/","url":"https:\/\/miumjau.ee\/wp-content\/uploads\/2022\/04\/MiuMjau-logo-kollane.png","contentUrl":"https:\/\/miumjau.ee\/wp-content\/uploads\/2022\/04\/MiuMjau-logo-kollane.png","width":219,"height":100,"caption":"MiuMjau O\u00dc"},"image":{"@id":"https:\/\/miumjau.ee\/#\/schema\/logo\/image\/"},"sameAs":["https:\/\/www.facebook.com\/miumjaupood\/"]}]}},"_links":{"self":[{"href":"https:\/\/miumjau.ee\/fi\/wp-json\/wp\/v2\/product\/48794","targetHints":{"allow":["GET"]}}],"collection":[{"href":"https:\/\/miumjau.ee\/fi\/wp-json\/wp\/v2\/product"}],"about":[{"href":"https:\/\/miumjau.ee\/fi\/wp-json\/wp\/v2\/types\/product"}],"wp:featuredmedia":[{"embeddable":true,"href":"https:\/\/miumjau.ee\/fi\/wp-json\/wp\/v2\/media\/28246"}],"wp:attachment":[{"href":"https:\/\/miumjau.ee\/fi\/wp-json\/wp\/v2\/media?parent=48794"}],"wp:term":[{"taxonomy":"product_brand","embeddable":true,"href":"https:\/\/miumjau.ee\/fi\/wp-json\/wp\/v2\/product_brand?post=48794"},{"taxonomy":"product_cat","embeddable":true,"href":"https:\/\/miumjau.ee\/fi\/wp-json\/wp\/v2\/product_cat?post=48794"},{"taxonomy":"product_tag","embeddable":true,"href":"https:\/\/miumjau.ee\/fi\/wp-json\/wp\/v2\/product_tag?post=48794"}],"curies":[{"name":"wp","href":"https:\/\/api.w.org\/{rel}","templated":true}]}}