{"id":48784,"date":"2025-03-05T11:54:31","date_gmt":"2025-03-05T09:54:31","guid":{"rendered":"https:\/\/miumjau.ee\/toode\/kong-signature-crunch-rope-double-puppy-m-l\/"},"modified":"2026-01-07T22:44:12","modified_gmt":"2026-01-07T20:44:12","slug":"kong-signature-crunch-rope-double-puppy-m-l","status":"publish","type":"product","link":"https:\/\/miumjau.ee\/fi\/tuote\/kong-signature-crunch-rope-double-puppy-m-l\/","title":{"rendered":"KONG Signature Crunch Rope Double Puppy (M\/L)"},"content":{"rendered":"","protected":false},"excerpt":{"rendered":"<p data-start=\"1135\" data-end=\"1190\"><strong data-start=\"1135\" data-end=\"1190\">KONG Signature Crunch \u2013 rapise, ved\u00e4 ja leiki! \ud83d\udc3e\ud83c\udf89<\/strong><\/p>\n<p data-start=\"1192\" data-end=\"1663\">KONG Signature Crunch tarjoaa koirallesi loputtomasti hauskaa ja rapisevaa leikki\u00e4! Sen ainutlaatuinen rapiseva \u00e4\u00e4ni houkuttelee koiria leikkim\u00e4\u00e4n ja pit\u00e4\u00e4 ne vet\u00e4m\u00e4ss\u00e4, heitt\u00e4m\u00e4ss\u00e4 ja ravistamassa, tyydytt\u00e4en luonnollisia vaistoja. 12 tuuman pituus tekee luonnollisesta ravistelusta erityisen hauskaa, ja klassinen sukkanomainen kuori venyy tarjoten pitk\u00e4kestoista iloa. Viel\u00e4 enemm\u00e4n hauskaa: pallo on t\u00e4ydellinen koko kahdelle koiralle vetoleikkeihin ja tiimipeleihin!<\/p>\n<p data-start=\"1665\" data-end=\"1991\">\ud83d\udd25 <strong data-start=\"1668\" data-end=\"1707\">Miksi valita KONG Signature Crunch?<\/strong><br data-start=\"1707\" data-end=\"1710\" \/>\u2714 Tyydytt\u00e4\u00e4 luonnolliset vaistot \u2013 rapiseva \u00e4\u00e4ni kannustaa leikkiin ja tarjoaa tyydytyst\u00e4<br data-start=\"1799\" data-end=\"1802\" \/>\u2714 Venyv\u00e4 sukkanomainen kuori \u2013 takaa pitk\u00e4kestoista iloa ja pidennetty\u00e4 leikki\u00e4<br data-start=\"1881\" data-end=\"1884\" \/>\u2714 Vetoleikkien pident\u00e4minen \u2013 solmut auttavat pident\u00e4m\u00e4\u00e4n vetoleikkej\u00e4 ja tekev\u00e4t leikist\u00e4 j\u00e4nnitt\u00e4v\u00e4mp\u00e4\u00e4<\/p>\n<p data-start=\"1993\" data-end=\"2104\">KONG Signature Crunch on t\u00e4ydellinen lelu tyydytt\u00e4m\u00e4\u00e4n koiran vaistot ja tarjoamaan loputonta viihdett\u00e4! \ud83d\udc36\ud83c\udfbe<\/p>\n","protected":false},"featured_media":28262,"template":"","meta":[],"product_brand":[],"product_cat":[484],"product_tag":[],"class_list":{"0":"post-48784","1":"product","2":"type-product","3":"status-publish","4":"has-post-thumbnail","6":"product_cat-lelut-koirille","8":"first","9":"instock","10":"taxable","11":"shipping-taxable","12":"purchasable","13":"product-type-simple"},"yoast_head":"<!-- This site is optimized with the Yoast SEO plugin v27.2 - https:\/\/yoast.com\/product\/yoast-seo-wordpress\/ -->\n<title>KONG Signature Crunch Rope Double Puppy (M\/L) - MiuMjau<\/title>\n<meta name=\"robots\" content=\"index, follow, max-snippet:-1, max-image-preview:large, max-video-preview:-1\" \/>\n<link rel=\"canonical\" href=\"https:\/\/miumjau.ee\/fi\/tuote\/kong-signature-crunch-rope-double-puppy-m-l\/\" \/>\n<meta property=\"og:locale\" content=\"fi_FI\" \/>\n<meta property=\"og:type\" content=\"article\" \/>\n<meta property=\"og:title\" content=\"KONG Signature Crunch Rope Double Puppy (M\/L) - MiuMjau\" \/>\n<meta property=\"og:description\" content=\"KONG Signature Crunch \u2013 rapise, ved\u00e4 ja leiki! \ud83d\udc3e\ud83c\udf89 KONG Signature Crunch tarjoaa koirallesi loputtomasti hauskaa ja rapisevaa leikki\u00e4! Sen ainutlaatuinen rapiseva \u00e4\u00e4ni houkuttelee koiria leikkim\u00e4\u00e4n ja pit\u00e4\u00e4 ne vet\u00e4m\u00e4ss\u00e4, heitt\u00e4m\u00e4ss\u00e4 ja ravistamassa, tyydytt\u00e4en luonnollisia vaistoja. 12 tuuman pituus tekee luonnollisesta ravistelusta erityisen hauskaa, ja klassinen sukkanomainen kuori venyy tarjoten pitk\u00e4kestoista iloa. Viel\u00e4 enemm\u00e4n hauskaa: pallo on t\u00e4ydellinen koko kahdelle koiralle vetoleikkeihin ja tiimipeleihin! \ud83d\udd25 Miksi valita KONG Signature Crunch?\u2714 Tyydytt\u00e4\u00e4 luonnolliset vaistot \u2013 rapiseva \u00e4\u00e4ni kannustaa leikkiin ja tarjoaa tyydytyst\u00e4\u2714 Venyv\u00e4 sukkanomainen kuori \u2013 takaa pitk\u00e4kestoista iloa ja pidennetty\u00e4 leikki\u00e4\u2714 Vetoleikkien pident\u00e4minen \u2013 solmut auttavat pident\u00e4m\u00e4\u00e4n vetoleikkej\u00e4 ja tekev\u00e4t leikist\u00e4 j\u00e4nnitt\u00e4v\u00e4mp\u00e4\u00e4 KONG Signature Crunch on t\u00e4ydellinen lelu tyydytt\u00e4m\u00e4\u00e4n koiran vaistot ja tarjoamaan loputonta viihdett\u00e4! \ud83d\udc36\ud83c\udfbe\" \/>\n<meta property=\"og:url\" content=\"https:\/\/miumjau.ee\/fi\/tuote\/kong-signature-crunch-rope-double-puppy-m-l\/\" \/>\n<meta property=\"og:site_name\" content=\"MiuMjau\" \/>\n<meta property=\"article:publisher\" content=\"https:\/\/www.facebook.com\/miumjaupood\/\" \/>\n<meta property=\"article:modified_time\" content=\"2026-01-07T20:44:12+00:00\" \/>\n<meta property=\"og:image\" content=\"https:\/\/miumjau.ee\/wp-content\/uploads\/2025\/03\/manguasi-koerale-kong32.jpg\" \/>\n\t<meta property=\"og:image:width\" content=\"600\" \/>\n\t<meta property=\"og:image:height\" content=\"800\" \/>\n\t<meta property=\"og:image:type\" content=\"image\/jpeg\" \/>\n<meta name=\"twitter:card\" content=\"summary_large_image\" \/>\n<script type=\"application\/ld+json\" class=\"yoast-schema-graph\">{\"@context\":\"https:\/\/schema.org\",\"@graph\":[{\"@type\":\"WebPage\",\"@id\":\"https:\/\/miumjau.ee\/fi\/tuote\/kong-signature-crunch-rope-double-puppy-m-l\/\",\"url\":\"https:\/\/miumjau.ee\/fi\/tuote\/kong-signature-crunch-rope-double-puppy-m-l\/\",\"name\":\"KONG Signature Crunch Rope Double Puppy (M\/L) - MiuMjau\",\"isPartOf\":{\"@id\":\"https:\/\/miumjau.ee\/#website\"},\"primaryImageOfPage\":{\"@id\":\"https:\/\/miumjau.ee\/fi\/tuote\/kong-signature-crunch-rope-double-puppy-m-l\/#primaryimage\"},\"image\":{\"@id\":\"https:\/\/miumjau.ee\/fi\/tuote\/kong-signature-crunch-rope-double-puppy-m-l\/#primaryimage\"},\"thumbnailUrl\":\"https:\/\/miumjau.ee\/wp-content\/uploads\/2025\/03\/manguasi-koerale-kong32.jpg\",\"datePublished\":\"2025-03-05T09:54:31+00:00\",\"dateModified\":\"2026-01-07T20:44:12+00:00\",\"breadcrumb\":{\"@id\":\"https:\/\/miumjau.ee\/fi\/tuote\/kong-signature-crunch-rope-double-puppy-m-l\/#breadcrumb\"},\"inLanguage\":\"fi\",\"potentialAction\":[{\"@type\":\"ReadAction\",\"target\":[\"https:\/\/miumjau.ee\/fi\/tuote\/kong-signature-crunch-rope-double-puppy-m-l\/\"]}]},{\"@type\":\"ImageObject\",\"inLanguage\":\"fi\",\"@id\":\"https:\/\/miumjau.ee\/fi\/tuote\/kong-signature-crunch-rope-double-puppy-m-l\/#primaryimage\",\"url\":\"https:\/\/miumjau.ee\/wp-content\/uploads\/2025\/03\/manguasi-koerale-kong32.jpg\",\"contentUrl\":\"https:\/\/miumjau.ee\/wp-content\/uploads\/2025\/03\/manguasi-koerale-kong32.jpg\",\"width\":600,\"height\":800,\"caption\":\"M\u00e4nguasi koerale KONG\"},{\"@type\":\"BreadcrumbList\",\"@id\":\"https:\/\/miumjau.ee\/fi\/tuote\/kong-signature-crunch-rope-double-puppy-m-l\/#breadcrumb\",\"itemListElement\":[{\"@type\":\"ListItem\",\"position\":1,\"name\":\"Home\",\"item\":\"https:\/\/miumjau.ee\/fi\/\"},{\"@type\":\"ListItem\",\"position\":2,\"name\":\"Kauppa\",\"item\":\"https:\/\/miumjau.ee\/fi\/kauppa\/\"},{\"@type\":\"ListItem\",\"position\":3,\"name\":\"KONG Signature Crunch Rope Double Puppy (M\/L)\"}]},{\"@type\":\"WebSite\",\"@id\":\"https:\/\/miumjau.ee\/#website\",\"url\":\"https:\/\/miumjau.ee\/\",\"name\":\"MiuMjau\",\"description\":\"Kraapimispuud kassidele\",\"publisher\":{\"@id\":\"https:\/\/miumjau.ee\/#organization\"},\"potentialAction\":[{\"@type\":\"SearchAction\",\"target\":{\"@type\":\"EntryPoint\",\"urlTemplate\":\"https:\/\/miumjau.ee\/?s={search_term_string}\"},\"query-input\":{\"@type\":\"PropertyValueSpecification\",\"valueRequired\":true,\"valueName\":\"search_term_string\"}}],\"inLanguage\":\"fi\"},{\"@type\":\"Organization\",\"@id\":\"https:\/\/miumjau.ee\/#organization\",\"name\":\"MiuMjau O\u00dc\",\"url\":\"https:\/\/miumjau.ee\/\",\"logo\":{\"@type\":\"ImageObject\",\"inLanguage\":\"fi\",\"@id\":\"https:\/\/miumjau.ee\/#\/schema\/logo\/image\/\",\"url\":\"https:\/\/miumjau.ee\/wp-content\/uploads\/2022\/04\/MiuMjau-logo-kollane.png\",\"contentUrl\":\"https:\/\/miumjau.ee\/wp-content\/uploads\/2022\/04\/MiuMjau-logo-kollane.png\",\"width\":219,\"height\":100,\"caption\":\"MiuMjau O\u00dc\"},\"image\":{\"@id\":\"https:\/\/miumjau.ee\/#\/schema\/logo\/image\/\"},\"sameAs\":[\"https:\/\/www.facebook.com\/miumjaupood\/\"]}]}<\/script>\n<!-- \/ Yoast SEO plugin. -->","yoast_head_json":{"title":"KONG Signature Crunch Rope Double Puppy (M\/L) - MiuMjau","robots":{"index":"index","follow":"follow","max-snippet":"max-snippet:-1","max-image-preview":"max-image-preview:large","max-video-preview":"max-video-preview:-1"},"canonical":"https:\/\/miumjau.ee\/fi\/tuote\/kong-signature-crunch-rope-double-puppy-m-l\/","og_locale":"fi_FI","og_type":"article","og_title":"KONG Signature Crunch Rope Double Puppy (M\/L) - MiuMjau","og_description":"KONG Signature Crunch \u2013 rapise, ved\u00e4 ja leiki! \ud83d\udc3e\ud83c\udf89 KONG Signature Crunch tarjoaa koirallesi loputtomasti hauskaa ja rapisevaa leikki\u00e4! Sen ainutlaatuinen rapiseva \u00e4\u00e4ni houkuttelee koiria leikkim\u00e4\u00e4n ja pit\u00e4\u00e4 ne vet\u00e4m\u00e4ss\u00e4, heitt\u00e4m\u00e4ss\u00e4 ja ravistamassa, tyydytt\u00e4en luonnollisia vaistoja. 12 tuuman pituus tekee luonnollisesta ravistelusta erityisen hauskaa, ja klassinen sukkanomainen kuori venyy tarjoten pitk\u00e4kestoista iloa. Viel\u00e4 enemm\u00e4n hauskaa: pallo on t\u00e4ydellinen koko kahdelle koiralle vetoleikkeihin ja tiimipeleihin! \ud83d\udd25 Miksi valita KONG Signature Crunch?\u2714 Tyydytt\u00e4\u00e4 luonnolliset vaistot \u2013 rapiseva \u00e4\u00e4ni kannustaa leikkiin ja tarjoaa tyydytyst\u00e4\u2714 Venyv\u00e4 sukkanomainen kuori \u2013 takaa pitk\u00e4kestoista iloa ja pidennetty\u00e4 leikki\u00e4\u2714 Vetoleikkien pident\u00e4minen \u2013 solmut auttavat pident\u00e4m\u00e4\u00e4n vetoleikkej\u00e4 ja tekev\u00e4t leikist\u00e4 j\u00e4nnitt\u00e4v\u00e4mp\u00e4\u00e4 KONG Signature Crunch on t\u00e4ydellinen lelu tyydytt\u00e4m\u00e4\u00e4n koiran vaistot ja tarjoamaan loputonta viihdett\u00e4! \ud83d\udc36\ud83c\udfbe","og_url":"https:\/\/miumjau.ee\/fi\/tuote\/kong-signature-crunch-rope-double-puppy-m-l\/","og_site_name":"MiuMjau","article_publisher":"https:\/\/www.facebook.com\/miumjaupood\/","article_modified_time":"2026-01-07T20:44:12+00:00","og_image":[{"width":600,"height":800,"url":"https:\/\/miumjau.ee\/wp-content\/uploads\/2025\/03\/manguasi-koerale-kong32.jpg","type":"image\/jpeg"}],"twitter_card":"summary_large_image","schema":{"@context":"https:\/\/schema.org","@graph":[{"@type":"WebPage","@id":"https:\/\/miumjau.ee\/fi\/tuote\/kong-signature-crunch-rope-double-puppy-m-l\/","url":"https:\/\/miumjau.ee\/fi\/tuote\/kong-signature-crunch-rope-double-puppy-m-l\/","name":"KONG Signature Crunch Rope Double Puppy (M\/L) - MiuMjau","isPartOf":{"@id":"https:\/\/miumjau.ee\/#website"},"primaryImageOfPage":{"@id":"https:\/\/miumjau.ee\/fi\/tuote\/kong-signature-crunch-rope-double-puppy-m-l\/#primaryimage"},"image":{"@id":"https:\/\/miumjau.ee\/fi\/tuote\/kong-signature-crunch-rope-double-puppy-m-l\/#primaryimage"},"thumbnailUrl":"https:\/\/miumjau.ee\/wp-content\/uploads\/2025\/03\/manguasi-koerale-kong32.jpg","datePublished":"2025-03-05T09:54:31+00:00","dateModified":"2026-01-07T20:44:12+00:00","breadcrumb":{"@id":"https:\/\/miumjau.ee\/fi\/tuote\/kong-signature-crunch-rope-double-puppy-m-l\/#breadcrumb"},"inLanguage":"fi","potentialAction":[{"@type":"ReadAction","target":["https:\/\/miumjau.ee\/fi\/tuote\/kong-signature-crunch-rope-double-puppy-m-l\/"]}]},{"@type":"ImageObject","inLanguage":"fi","@id":"https:\/\/miumjau.ee\/fi\/tuote\/kong-signature-crunch-rope-double-puppy-m-l\/#primaryimage","url":"https:\/\/miumjau.ee\/wp-content\/uploads\/2025\/03\/manguasi-koerale-kong32.jpg","contentUrl":"https:\/\/miumjau.ee\/wp-content\/uploads\/2025\/03\/manguasi-koerale-kong32.jpg","width":600,"height":800,"caption":"M\u00e4nguasi koerale KONG"},{"@type":"BreadcrumbList","@id":"https:\/\/miumjau.ee\/fi\/tuote\/kong-signature-crunch-rope-double-puppy-m-l\/#breadcrumb","itemListElement":[{"@type":"ListItem","position":1,"name":"Home","item":"https:\/\/miumjau.ee\/fi\/"},{"@type":"ListItem","position":2,"name":"Kauppa","item":"https:\/\/miumjau.ee\/fi\/kauppa\/"},{"@type":"ListItem","position":3,"name":"KONG Signature Crunch Rope Double Puppy (M\/L)"}]},{"@type":"WebSite","@id":"https:\/\/miumjau.ee\/#website","url":"https:\/\/miumjau.ee\/","name":"MiuMjau","description":"Kraapimispuud kassidele","publisher":{"@id":"https:\/\/miumjau.ee\/#organization"},"potentialAction":[{"@type":"SearchAction","target":{"@type":"EntryPoint","urlTemplate":"https:\/\/miumjau.ee\/?s={search_term_string}"},"query-input":{"@type":"PropertyValueSpecification","valueRequired":true,"valueName":"search_term_string"}}],"inLanguage":"fi"},{"@type":"Organization","@id":"https:\/\/miumjau.ee\/#organization","name":"MiuMjau O\u00dc","url":"https:\/\/miumjau.ee\/","logo":{"@type":"ImageObject","inLanguage":"fi","@id":"https:\/\/miumjau.ee\/#\/schema\/logo\/image\/","url":"https:\/\/miumjau.ee\/wp-content\/uploads\/2022\/04\/MiuMjau-logo-kollane.png","contentUrl":"https:\/\/miumjau.ee\/wp-content\/uploads\/2022\/04\/MiuMjau-logo-kollane.png","width":219,"height":100,"caption":"MiuMjau O\u00dc"},"image":{"@id":"https:\/\/miumjau.ee\/#\/schema\/logo\/image\/"},"sameAs":["https:\/\/www.facebook.com\/miumjaupood\/"]}]}},"_links":{"self":[{"href":"https:\/\/miumjau.ee\/fi\/wp-json\/wp\/v2\/product\/48784","targetHints":{"allow":["GET"]}}],"collection":[{"href":"https:\/\/miumjau.ee\/fi\/wp-json\/wp\/v2\/product"}],"about":[{"href":"https:\/\/miumjau.ee\/fi\/wp-json\/wp\/v2\/types\/product"}],"wp:featuredmedia":[{"embeddable":true,"href":"https:\/\/miumjau.ee\/fi\/wp-json\/wp\/v2\/media\/28262"}],"wp:attachment":[{"href":"https:\/\/miumjau.ee\/fi\/wp-json\/wp\/v2\/media?parent=48784"}],"wp:term":[{"taxonomy":"product_brand","embeddable":true,"href":"https:\/\/miumjau.ee\/fi\/wp-json\/wp\/v2\/product_brand?post=48784"},{"taxonomy":"product_cat","embeddable":true,"href":"https:\/\/miumjau.ee\/fi\/wp-json\/wp\/v2\/product_cat?post=48784"},{"taxonomy":"product_tag","embeddable":true,"href":"https:\/\/miumjau.ee\/fi\/wp-json\/wp\/v2\/product_tag?post=48784"}],"curies":[{"name":"wp","href":"https:\/\/api.w.org\/{rel}","templated":true}]}}