{"id":48777,"date":"2025-03-05T12:00:51","date_gmt":"2025-03-05T10:00:51","guid":{"rendered":"https:\/\/miumjau.ee\/toode\/kong-cuteseas-mustekala-vinkuva-ja-rapiseva-lelu-s\/"},"modified":"2026-01-07T22:44:12","modified_gmt":"2026-01-07T20:44:12","slug":"kong-cuteseas-mustekala-vinkuva-ja-rapiseva-lelu-s","status":"publish","type":"product","link":"https:\/\/miumjau.ee\/fi\/tuote\/kong-cuteseas-mustekala-vinkuva-ja-rapiseva-lelu-s\/","title":{"rendered":"KONG Cuteseas mustekala vinkuva ja rapiseva lelu, S"},"content":{"rendered":"","protected":false},"excerpt":{"rendered":"<p data-start=\"940\" data-end=\"1018\"><strong data-start=\"940\" data-end=\"1018\">KONG CuteSeas \u2013 meriel\u00e4inten halailu ei ole koskaan ollut n\u00e4in s\u00f6p\u00f6\u00e4! \ud83d\udc1a\ud83d\udc96<\/strong><\/p>\n<p data-start=\"1020\" data-end=\"1277\">KONG CuteSeas tarjoaa koirallesi loputtomasti s\u00f6p\u00f6j\u00e4 ja rauhoittavia hetki\u00e4. N\u00e4m\u00e4 meriel\u00e4imet on valmistettu pehme\u00e4st\u00e4 kankaasta, joka sopii t\u00e4ydellisesti halailuun. Ne sis\u00e4lt\u00e4v\u00e4t my\u00f6s vinkuvan ja rapisevan materiaalin, mik\u00e4 tekee leikist\u00e4 viel\u00e4 hauskempaa.<\/p>\n<p data-start=\"1279\" data-end=\"1545\">\ud83d\udd25 <strong data-start=\"1282\" data-end=\"1313\">Miksi valita KONG CuteSeas?<\/strong><br data-start=\"1313\" data-end=\"1316\" \/>\u2714 Vinkuva ja rapiseva \u00e4\u00e4ni \u2013 pit\u00e4\u00e4 koiran aktiivisena ja kiinnostuneena<br data-start=\"1387\" data-end=\"1390\" \/>\u2714 Pehme\u00e4 ja hell\u00e4 kangas \u2013 t\u00e4ydellinen halailuun ja rauhoittumiseen<br data-start=\"1457\" data-end=\"1460\" \/>\u2714 Henkinen stimulointi \u2013 tarjoaa leikkisyytt\u00e4 ja uusia vuorovaikutusmahdollisuuksia<\/p>\n<p data-start=\"1547\" data-end=\"1591\">\ud83d\udccf <strong data-start=\"1550\" data-end=\"1559\">Koot:<\/strong><br data-start=\"1559\" data-end=\"1562\" \/>\ud83d\udd39 S \u2013 16 cm<br data-start=\"1574\" data-end=\"1577\" \/>\ud83d\udd39 L \u2013 32 cm<\/p>\n<p data-start=\"1593\" data-end=\"1704\">KONG CuteSeas on t\u00e4ydellinen lelu, joka tarjoaa koirallesi rauhaa, hauskuutta ja pehmeit\u00e4 halailuhetki\u00e4! \ud83d\udc3e\ud83c\udf0a<\/p>\n","protected":false},"featured_media":28328,"template":"","meta":[],"product_brand":[],"product_cat":[484],"product_tag":[],"class_list":{"0":"post-48777","1":"product","2":"type-product","3":"status-publish","4":"has-post-thumbnail","6":"product_cat-lelut-koirille","8":"first","9":"instock","10":"sale","11":"taxable","12":"shipping-taxable","13":"purchasable","14":"product-type-simple"},"yoast_head":"<!-- This site is optimized with the Yoast SEO plugin v27.4 - https:\/\/yoast.com\/product\/yoast-seo-wordpress\/ -->\n<title>KONG Cuteseas mustekala vinkuva ja rapiseva lelu, S - MiuMjau<\/title>\n<meta name=\"robots\" content=\"index, follow, max-snippet:-1, max-image-preview:large, max-video-preview:-1\" \/>\n<link rel=\"canonical\" href=\"https:\/\/miumjau.ee\/fi\/tuote\/kong-cuteseas-mustekala-vinkuva-ja-rapiseva-lelu-s\/\" \/>\n<meta property=\"og:locale\" content=\"fi_FI\" \/>\n<meta property=\"og:type\" content=\"article\" \/>\n<meta property=\"og:title\" content=\"KONG Cuteseas mustekala vinkuva ja rapiseva lelu, S - MiuMjau\" \/>\n<meta property=\"og:description\" content=\"KONG CuteSeas \u2013 meriel\u00e4inten halailu ei ole koskaan ollut n\u00e4in s\u00f6p\u00f6\u00e4! \ud83d\udc1a\ud83d\udc96 KONG CuteSeas tarjoaa koirallesi loputtomasti s\u00f6p\u00f6j\u00e4 ja rauhoittavia hetki\u00e4. N\u00e4m\u00e4 meriel\u00e4imet on valmistettu pehme\u00e4st\u00e4 kankaasta, joka sopii t\u00e4ydellisesti halailuun. Ne sis\u00e4lt\u00e4v\u00e4t my\u00f6s vinkuvan ja rapisevan materiaalin, mik\u00e4 tekee leikist\u00e4 viel\u00e4 hauskempaa. \ud83d\udd25 Miksi valita KONG CuteSeas?\u2714 Vinkuva ja rapiseva \u00e4\u00e4ni \u2013 pit\u00e4\u00e4 koiran aktiivisena ja kiinnostuneena\u2714 Pehme\u00e4 ja hell\u00e4 kangas \u2013 t\u00e4ydellinen halailuun ja rauhoittumiseen\u2714 Henkinen stimulointi \u2013 tarjoaa leikkisyytt\u00e4 ja uusia vuorovaikutusmahdollisuuksia \ud83d\udccf Koot:\ud83d\udd39 S \u2013 16 cm\ud83d\udd39 L \u2013 32 cm KONG CuteSeas on t\u00e4ydellinen lelu, joka tarjoaa koirallesi rauhaa, hauskuutta ja pehmeit\u00e4 halailuhetki\u00e4! \ud83d\udc3e\ud83c\udf0a\" \/>\n<meta property=\"og:url\" content=\"https:\/\/miumjau.ee\/fi\/tuote\/kong-cuteseas-mustekala-vinkuva-ja-rapiseva-lelu-s\/\" \/>\n<meta property=\"og:site_name\" content=\"MiuMjau\" \/>\n<meta property=\"article:publisher\" content=\"https:\/\/www.facebook.com\/miumjaupood\/\" \/>\n<meta property=\"article:modified_time\" content=\"2026-01-07T20:44:12+00:00\" \/>\n<meta property=\"og:image\" content=\"https:\/\/miumjau.ee\/wp-content\/uploads\/2025\/03\/Kong-cuteseas-octopus.jpg\" \/>\n\t<meta property=\"og:image:width\" content=\"600\" \/>\n\t<meta property=\"og:image:height\" content=\"800\" \/>\n\t<meta property=\"og:image:type\" content=\"image\/jpeg\" \/>\n<meta name=\"twitter:card\" content=\"summary_large_image\" \/>\n<script type=\"application\/ld+json\" class=\"yoast-schema-graph\">{\"@context\":\"https:\\\/\\\/schema.org\",\"@graph\":[{\"@type\":\"WebPage\",\"@id\":\"https:\\\/\\\/miumjau.ee\\\/fi\\\/tuote\\\/kong-cuteseas-mustekala-vinkuva-ja-rapiseva-lelu-s\\\/\",\"url\":\"https:\\\/\\\/miumjau.ee\\\/fi\\\/tuote\\\/kong-cuteseas-mustekala-vinkuva-ja-rapiseva-lelu-s\\\/\",\"name\":\"KONG Cuteseas mustekala vinkuva ja rapiseva lelu, S - MiuMjau\",\"isPartOf\":{\"@id\":\"https:\\\/\\\/miumjau.ee\\\/#website\"},\"primaryImageOfPage\":{\"@id\":\"https:\\\/\\\/miumjau.ee\\\/fi\\\/tuote\\\/kong-cuteseas-mustekala-vinkuva-ja-rapiseva-lelu-s\\\/#primaryimage\"},\"image\":{\"@id\":\"https:\\\/\\\/miumjau.ee\\\/fi\\\/tuote\\\/kong-cuteseas-mustekala-vinkuva-ja-rapiseva-lelu-s\\\/#primaryimage\"},\"thumbnailUrl\":\"https:\\\/\\\/miumjau.ee\\\/wp-content\\\/uploads\\\/2025\\\/03\\\/Kong-cuteseas-octopus.jpg\",\"datePublished\":\"2025-03-05T10:00:51+00:00\",\"dateModified\":\"2026-01-07T20:44:12+00:00\",\"breadcrumb\":{\"@id\":\"https:\\\/\\\/miumjau.ee\\\/fi\\\/tuote\\\/kong-cuteseas-mustekala-vinkuva-ja-rapiseva-lelu-s\\\/#breadcrumb\"},\"inLanguage\":\"fi\",\"potentialAction\":[{\"@type\":\"ReadAction\",\"target\":[\"https:\\\/\\\/miumjau.ee\\\/fi\\\/tuote\\\/kong-cuteseas-mustekala-vinkuva-ja-rapiseva-lelu-s\\\/\"]}]},{\"@type\":\"ImageObject\",\"inLanguage\":\"fi\",\"@id\":\"https:\\\/\\\/miumjau.ee\\\/fi\\\/tuote\\\/kong-cuteseas-mustekala-vinkuva-ja-rapiseva-lelu-s\\\/#primaryimage\",\"url\":\"https:\\\/\\\/miumjau.ee\\\/wp-content\\\/uploads\\\/2025\\\/03\\\/Kong-cuteseas-octopus.jpg\",\"contentUrl\":\"https:\\\/\\\/miumjau.ee\\\/wp-content\\\/uploads\\\/2025\\\/03\\\/Kong-cuteseas-octopus.jpg\",\"width\":600,\"height\":800,\"caption\":\"KONG Cuteseas Octopus piuksuv ja k\u00f5rbisev m\u00e4nguasi, L\"},{\"@type\":\"BreadcrumbList\",\"@id\":\"https:\\\/\\\/miumjau.ee\\\/fi\\\/tuote\\\/kong-cuteseas-mustekala-vinkuva-ja-rapiseva-lelu-s\\\/#breadcrumb\",\"itemListElement\":[{\"@type\":\"ListItem\",\"position\":1,\"name\":\"Home\",\"item\":\"https:\\\/\\\/miumjau.ee\\\/fi\\\/\"},{\"@type\":\"ListItem\",\"position\":2,\"name\":\"Kauppa\",\"item\":\"https:\\\/\\\/miumjau.ee\\\/fi\\\/kauppa\\\/\"},{\"@type\":\"ListItem\",\"position\":3,\"name\":\"KONG Cuteseas mustekala vinkuva ja rapiseva lelu, S\"}]},{\"@type\":\"WebSite\",\"@id\":\"https:\\\/\\\/miumjau.ee\\\/#website\",\"url\":\"https:\\\/\\\/miumjau.ee\\\/\",\"name\":\"MiuMjau\",\"description\":\"Kraapimispuud kassidele\",\"publisher\":{\"@id\":\"https:\\\/\\\/miumjau.ee\\\/#organization\"},\"potentialAction\":[{\"@type\":\"SearchAction\",\"target\":{\"@type\":\"EntryPoint\",\"urlTemplate\":\"https:\\\/\\\/miumjau.ee\\\/?s={search_term_string}\"},\"query-input\":{\"@type\":\"PropertyValueSpecification\",\"valueRequired\":true,\"valueName\":\"search_term_string\"}}],\"inLanguage\":\"fi\"},{\"@type\":\"Organization\",\"@id\":\"https:\\\/\\\/miumjau.ee\\\/#organization\",\"name\":\"MiuMjau O\u00dc\",\"url\":\"https:\\\/\\\/miumjau.ee\\\/\",\"logo\":{\"@type\":\"ImageObject\",\"inLanguage\":\"fi\",\"@id\":\"https:\\\/\\\/miumjau.ee\\\/#\\\/schema\\\/logo\\\/image\\\/\",\"url\":\"https:\\\/\\\/miumjau.ee\\\/wp-content\\\/uploads\\\/2022\\\/04\\\/MiuMjau-logo-kollane.png\",\"contentUrl\":\"https:\\\/\\\/miumjau.ee\\\/wp-content\\\/uploads\\\/2022\\\/04\\\/MiuMjau-logo-kollane.png\",\"width\":219,\"height\":100,\"caption\":\"MiuMjau O\u00dc\"},\"image\":{\"@id\":\"https:\\\/\\\/miumjau.ee\\\/#\\\/schema\\\/logo\\\/image\\\/\"},\"sameAs\":[\"https:\\\/\\\/www.facebook.com\\\/miumjaupood\\\/\"]}]}<\/script>\n<!-- \/ Yoast SEO plugin. -->","yoast_head_json":{"title":"KONG Cuteseas mustekala vinkuva ja rapiseva lelu, S - MiuMjau","robots":{"index":"index","follow":"follow","max-snippet":"max-snippet:-1","max-image-preview":"max-image-preview:large","max-video-preview":"max-video-preview:-1"},"canonical":"https:\/\/miumjau.ee\/fi\/tuote\/kong-cuteseas-mustekala-vinkuva-ja-rapiseva-lelu-s\/","og_locale":"fi_FI","og_type":"article","og_title":"KONG Cuteseas mustekala vinkuva ja rapiseva lelu, S - MiuMjau","og_description":"KONG CuteSeas \u2013 meriel\u00e4inten halailu ei ole koskaan ollut n\u00e4in s\u00f6p\u00f6\u00e4! \ud83d\udc1a\ud83d\udc96 KONG CuteSeas tarjoaa koirallesi loputtomasti s\u00f6p\u00f6j\u00e4 ja rauhoittavia hetki\u00e4. N\u00e4m\u00e4 meriel\u00e4imet on valmistettu pehme\u00e4st\u00e4 kankaasta, joka sopii t\u00e4ydellisesti halailuun. Ne sis\u00e4lt\u00e4v\u00e4t my\u00f6s vinkuvan ja rapisevan materiaalin, mik\u00e4 tekee leikist\u00e4 viel\u00e4 hauskempaa. \ud83d\udd25 Miksi valita KONG CuteSeas?\u2714 Vinkuva ja rapiseva \u00e4\u00e4ni \u2013 pit\u00e4\u00e4 koiran aktiivisena ja kiinnostuneena\u2714 Pehme\u00e4 ja hell\u00e4 kangas \u2013 t\u00e4ydellinen halailuun ja rauhoittumiseen\u2714 Henkinen stimulointi \u2013 tarjoaa leikkisyytt\u00e4 ja uusia vuorovaikutusmahdollisuuksia \ud83d\udccf Koot:\ud83d\udd39 S \u2013 16 cm\ud83d\udd39 L \u2013 32 cm KONG CuteSeas on t\u00e4ydellinen lelu, joka tarjoaa koirallesi rauhaa, hauskuutta ja pehmeit\u00e4 halailuhetki\u00e4! \ud83d\udc3e\ud83c\udf0a","og_url":"https:\/\/miumjau.ee\/fi\/tuote\/kong-cuteseas-mustekala-vinkuva-ja-rapiseva-lelu-s\/","og_site_name":"MiuMjau","article_publisher":"https:\/\/www.facebook.com\/miumjaupood\/","article_modified_time":"2026-01-07T20:44:12+00:00","og_image":[{"width":600,"height":800,"url":"https:\/\/miumjau.ee\/wp-content\/uploads\/2025\/03\/Kong-cuteseas-octopus.jpg","type":"image\/jpeg"}],"twitter_card":"summary_large_image","schema":{"@context":"https:\/\/schema.org","@graph":[{"@type":"WebPage","@id":"https:\/\/miumjau.ee\/fi\/tuote\/kong-cuteseas-mustekala-vinkuva-ja-rapiseva-lelu-s\/","url":"https:\/\/miumjau.ee\/fi\/tuote\/kong-cuteseas-mustekala-vinkuva-ja-rapiseva-lelu-s\/","name":"KONG Cuteseas mustekala vinkuva ja rapiseva lelu, S - MiuMjau","isPartOf":{"@id":"https:\/\/miumjau.ee\/#website"},"primaryImageOfPage":{"@id":"https:\/\/miumjau.ee\/fi\/tuote\/kong-cuteseas-mustekala-vinkuva-ja-rapiseva-lelu-s\/#primaryimage"},"image":{"@id":"https:\/\/miumjau.ee\/fi\/tuote\/kong-cuteseas-mustekala-vinkuva-ja-rapiseva-lelu-s\/#primaryimage"},"thumbnailUrl":"https:\/\/miumjau.ee\/wp-content\/uploads\/2025\/03\/Kong-cuteseas-octopus.jpg","datePublished":"2025-03-05T10:00:51+00:00","dateModified":"2026-01-07T20:44:12+00:00","breadcrumb":{"@id":"https:\/\/miumjau.ee\/fi\/tuote\/kong-cuteseas-mustekala-vinkuva-ja-rapiseva-lelu-s\/#breadcrumb"},"inLanguage":"fi","potentialAction":[{"@type":"ReadAction","target":["https:\/\/miumjau.ee\/fi\/tuote\/kong-cuteseas-mustekala-vinkuva-ja-rapiseva-lelu-s\/"]}]},{"@type":"ImageObject","inLanguage":"fi","@id":"https:\/\/miumjau.ee\/fi\/tuote\/kong-cuteseas-mustekala-vinkuva-ja-rapiseva-lelu-s\/#primaryimage","url":"https:\/\/miumjau.ee\/wp-content\/uploads\/2025\/03\/Kong-cuteseas-octopus.jpg","contentUrl":"https:\/\/miumjau.ee\/wp-content\/uploads\/2025\/03\/Kong-cuteseas-octopus.jpg","width":600,"height":800,"caption":"KONG Cuteseas Octopus piuksuv ja k\u00f5rbisev m\u00e4nguasi, L"},{"@type":"BreadcrumbList","@id":"https:\/\/miumjau.ee\/fi\/tuote\/kong-cuteseas-mustekala-vinkuva-ja-rapiseva-lelu-s\/#breadcrumb","itemListElement":[{"@type":"ListItem","position":1,"name":"Home","item":"https:\/\/miumjau.ee\/fi\/"},{"@type":"ListItem","position":2,"name":"Kauppa","item":"https:\/\/miumjau.ee\/fi\/kauppa\/"},{"@type":"ListItem","position":3,"name":"KONG Cuteseas mustekala vinkuva ja rapiseva lelu, S"}]},{"@type":"WebSite","@id":"https:\/\/miumjau.ee\/#website","url":"https:\/\/miumjau.ee\/","name":"MiuMjau","description":"Kraapimispuud kassidele","publisher":{"@id":"https:\/\/miumjau.ee\/#organization"},"potentialAction":[{"@type":"SearchAction","target":{"@type":"EntryPoint","urlTemplate":"https:\/\/miumjau.ee\/?s={search_term_string}"},"query-input":{"@type":"PropertyValueSpecification","valueRequired":true,"valueName":"search_term_string"}}],"inLanguage":"fi"},{"@type":"Organization","@id":"https:\/\/miumjau.ee\/#organization","name":"MiuMjau O\u00dc","url":"https:\/\/miumjau.ee\/","logo":{"@type":"ImageObject","inLanguage":"fi","@id":"https:\/\/miumjau.ee\/#\/schema\/logo\/image\/","url":"https:\/\/miumjau.ee\/wp-content\/uploads\/2022\/04\/MiuMjau-logo-kollane.png","contentUrl":"https:\/\/miumjau.ee\/wp-content\/uploads\/2022\/04\/MiuMjau-logo-kollane.png","width":219,"height":100,"caption":"MiuMjau O\u00dc"},"image":{"@id":"https:\/\/miumjau.ee\/#\/schema\/logo\/image\/"},"sameAs":["https:\/\/www.facebook.com\/miumjaupood\/"]}]}},"_links":{"self":[{"href":"https:\/\/miumjau.ee\/fi\/wp-json\/wp\/v2\/product\/48777","targetHints":{"allow":["GET"]}}],"collection":[{"href":"https:\/\/miumjau.ee\/fi\/wp-json\/wp\/v2\/product"}],"about":[{"href":"https:\/\/miumjau.ee\/fi\/wp-json\/wp\/v2\/types\/product"}],"wp:featuredmedia":[{"embeddable":true,"href":"https:\/\/miumjau.ee\/fi\/wp-json\/wp\/v2\/media\/28328"}],"wp:attachment":[{"href":"https:\/\/miumjau.ee\/fi\/wp-json\/wp\/v2\/media?parent=48777"}],"wp:term":[{"taxonomy":"product_brand","embeddable":true,"href":"https:\/\/miumjau.ee\/fi\/wp-json\/wp\/v2\/product_brand?post=48777"},{"taxonomy":"product_cat","embeddable":true,"href":"https:\/\/miumjau.ee\/fi\/wp-json\/wp\/v2\/product_cat?post=48777"},{"taxonomy":"product_tag","embeddable":true,"href":"https:\/\/miumjau.ee\/fi\/wp-json\/wp\/v2\/product_tag?post=48777"}],"curies":[{"name":"wp","href":"https:\/\/api.w.org\/{rel}","templated":true}]}}