{"id":48770,"date":"2025-03-05T12:08:14","date_gmt":"2025-03-05T10:08:14","guid":{"rendered":"https:\/\/miumjau.ee\/toode\/kong-shakers-shimmy-crab-koiran-lelu\/"},"modified":"2026-01-07T22:44:12","modified_gmt":"2026-01-07T20:44:12","slug":"kong-shakers-shimmy-crab-koiran-lelu","status":"publish","type":"product","link":"https:\/\/miumjau.ee\/fi\/tuote\/kong-shakers-shimmy-crab-koiran-lelu\/","title":{"rendered":"KONG Shakers Shimmy Crab koiran lelu"},"content":{"rendered":"","protected":false},"excerpt":{"rendered":"<p data-start=\"1189\" data-end=\"1282\"><strong data-start=\"1189\" data-end=\"1282\">KONG Shakers Shimmy Crab \u2013 suuret hauskat raajat, jotka kiinnitt\u00e4v\u00e4t koiran huomion! \ud83e\udd80\ud83c\udf89<\/strong><\/p>\n<p data-start=\"1284\" data-end=\"1661\">KONG Shakers Shimmy Crab tarjoaa koirallesi hauskaa ja aktiivista leikki\u00e4! T\u00e4ss\u00e4 ravussa on suuret huojuvat raajat, jotka kiinnitt\u00e4v\u00e4t koiran huomion ja tyydytt\u00e4v\u00e4t luonnollisia ravistelun vaistoja. Kiilt\u00e4v\u00e4, pehme\u00e4 keinonahka pit\u00e4\u00e4 pennun kiinnostuneena, ja matala vinkuva \u00e4\u00e4ni ja rapiseva \u00e4\u00e4ni kutsuvat hauskaan ravisteluleikkiin, tarjoten terveellist\u00e4 liikuntaa hetken ajan.<\/p>\n<p data-start=\"1663\" data-end=\"2094\">\ud83d\udd25 <strong data-start=\"1666\" data-end=\"1708\">Miksi valita KONG Shakers Shimmy Crab?<\/strong><br data-start=\"1708\" data-end=\"1711\" \/>\u2714 Huojuvat raajat \u2013 tyydytt\u00e4v\u00e4t koiran ravistelun vaistoja ja tuovat lis\u00e4arvoa leikkiin<br data-start=\"1798\" data-end=\"1801\" \/>\u2714 Pitk\u00e4 runko \u2013 tekee ravistelusta viel\u00e4 hauskempaa<br data-start=\"1852\" data-end=\"1855\" \/>\u2714 Matala vinkuva \u00e4\u00e4ni \u2013 pident\u00e4\u00e4 leikin kestoa ja pit\u00e4\u00e4 koiran keskittyneen\u00e4<br data-start=\"1931\" data-end=\"1934\" \/>\u2714 Uniikit tekstuurit \u2013 stimuloivat leikkivaistoja ja tarjoavat monipuolista hauskaa toimintaa<br data-start=\"2027\" data-end=\"2030\" \/>\u2714 Rapiseva \u00e4\u00e4ni \u2013 stimuloi koiraa ja aktivoi mets\u00e4stysvaistoja<\/p>\n<p data-start=\"2096\" data-end=\"2251\">KONG Shakers Shimmy Crab on t\u00e4ydellinen lelu tyydytt\u00e4m\u00e4\u00e4n koiran luonnollisia vaistoja, tarjoamaan loputonta hauskanpitoa ja terveellist\u00e4 liikuntaa! \ud83d\udc3e\ud83c\udf0a<\/p>\n","protected":false},"featured_media":28335,"template":"","meta":[],"product_brand":[],"product_cat":[484],"product_tag":[],"class_list":{"0":"post-48770","1":"product","2":"type-product","3":"status-publish","4":"has-post-thumbnail","6":"product_cat-lelut-koirille","8":"first","9":"instock","10":"sale","11":"taxable","12":"shipping-taxable","13":"purchasable","14":"product-type-simple"},"yoast_head":"<!-- This site is optimized with the Yoast SEO plugin v27.4 - https:\/\/yoast.com\/product\/yoast-seo-wordpress\/ -->\n<title>KONG Shakers Shimmy Crab koiran lelu - MiuMjau<\/title>\n<meta name=\"robots\" content=\"index, follow, max-snippet:-1, max-image-preview:large, max-video-preview:-1\" \/>\n<link rel=\"canonical\" href=\"https:\/\/miumjau.ee\/fi\/tuote\/kong-shakers-shimmy-crab-koiran-lelu\/\" \/>\n<meta property=\"og:locale\" content=\"fi_FI\" \/>\n<meta property=\"og:type\" content=\"article\" \/>\n<meta property=\"og:title\" content=\"KONG Shakers Shimmy Crab koiran lelu - MiuMjau\" \/>\n<meta property=\"og:description\" content=\"KONG Shakers Shimmy Crab \u2013 suuret hauskat raajat, jotka kiinnitt\u00e4v\u00e4t koiran huomion! \ud83e\udd80\ud83c\udf89 KONG Shakers Shimmy Crab tarjoaa koirallesi hauskaa ja aktiivista leikki\u00e4! T\u00e4ss\u00e4 ravussa on suuret huojuvat raajat, jotka kiinnitt\u00e4v\u00e4t koiran huomion ja tyydytt\u00e4v\u00e4t luonnollisia ravistelun vaistoja. Kiilt\u00e4v\u00e4, pehme\u00e4 keinonahka pit\u00e4\u00e4 pennun kiinnostuneena, ja matala vinkuva \u00e4\u00e4ni ja rapiseva \u00e4\u00e4ni kutsuvat hauskaan ravisteluleikkiin, tarjoten terveellist\u00e4 liikuntaa hetken ajan. \ud83d\udd25 Miksi valita KONG Shakers Shimmy Crab?\u2714 Huojuvat raajat \u2013 tyydytt\u00e4v\u00e4t koiran ravistelun vaistoja ja tuovat lis\u00e4arvoa leikkiin\u2714 Pitk\u00e4 runko \u2013 tekee ravistelusta viel\u00e4 hauskempaa\u2714 Matala vinkuva \u00e4\u00e4ni \u2013 pident\u00e4\u00e4 leikin kestoa ja pit\u00e4\u00e4 koiran keskittyneen\u00e4\u2714 Uniikit tekstuurit \u2013 stimuloivat leikkivaistoja ja tarjoavat monipuolista hauskaa toimintaa\u2714 Rapiseva \u00e4\u00e4ni \u2013 stimuloi koiraa ja aktivoi mets\u00e4stysvaistoja KONG Shakers Shimmy Crab on t\u00e4ydellinen lelu tyydytt\u00e4m\u00e4\u00e4n koiran luonnollisia vaistoja, tarjoamaan loputonta hauskanpitoa ja terveellist\u00e4 liikuntaa! \ud83d\udc3e\ud83c\udf0a\" \/>\n<meta property=\"og:url\" content=\"https:\/\/miumjau.ee\/fi\/tuote\/kong-shakers-shimmy-crab-koiran-lelu\/\" \/>\n<meta property=\"og:site_name\" content=\"MiuMjau\" \/>\n<meta property=\"article:publisher\" content=\"https:\/\/www.facebook.com\/miumjaupood\/\" \/>\n<meta property=\"article:modified_time\" content=\"2026-01-07T20:44:12+00:00\" \/>\n<meta property=\"og:image\" content=\"https:\/\/miumjau.ee\/wp-content\/uploads\/2025\/03\/kong-shakers-crab.jpg\" \/>\n\t<meta property=\"og:image:width\" content=\"600\" \/>\n\t<meta property=\"og:image:height\" content=\"800\" \/>\n\t<meta property=\"og:image:type\" content=\"image\/jpeg\" \/>\n<meta name=\"twitter:card\" content=\"summary_large_image\" \/>\n<script type=\"application\/ld+json\" class=\"yoast-schema-graph\">{\"@context\":\"https:\\\/\\\/schema.org\",\"@graph\":[{\"@type\":\"WebPage\",\"@id\":\"https:\\\/\\\/miumjau.ee\\\/fi\\\/tuote\\\/kong-shakers-shimmy-crab-koiran-lelu\\\/\",\"url\":\"https:\\\/\\\/miumjau.ee\\\/fi\\\/tuote\\\/kong-shakers-shimmy-crab-koiran-lelu\\\/\",\"name\":\"KONG Shakers Shimmy Crab koiran lelu - MiuMjau\",\"isPartOf\":{\"@id\":\"https:\\\/\\\/miumjau.ee\\\/#website\"},\"primaryImageOfPage\":{\"@id\":\"https:\\\/\\\/miumjau.ee\\\/fi\\\/tuote\\\/kong-shakers-shimmy-crab-koiran-lelu\\\/#primaryimage\"},\"image\":{\"@id\":\"https:\\\/\\\/miumjau.ee\\\/fi\\\/tuote\\\/kong-shakers-shimmy-crab-koiran-lelu\\\/#primaryimage\"},\"thumbnailUrl\":\"https:\\\/\\\/miumjau.ee\\\/wp-content\\\/uploads\\\/2025\\\/03\\\/kong-shakers-crab.jpg\",\"datePublished\":\"2025-03-05T10:08:14+00:00\",\"dateModified\":\"2026-01-07T20:44:12+00:00\",\"breadcrumb\":{\"@id\":\"https:\\\/\\\/miumjau.ee\\\/fi\\\/tuote\\\/kong-shakers-shimmy-crab-koiran-lelu\\\/#breadcrumb\"},\"inLanguage\":\"fi\",\"potentialAction\":[{\"@type\":\"ReadAction\",\"target\":[\"https:\\\/\\\/miumjau.ee\\\/fi\\\/tuote\\\/kong-shakers-shimmy-crab-koiran-lelu\\\/\"]}]},{\"@type\":\"ImageObject\",\"inLanguage\":\"fi\",\"@id\":\"https:\\\/\\\/miumjau.ee\\\/fi\\\/tuote\\\/kong-shakers-shimmy-crab-koiran-lelu\\\/#primaryimage\",\"url\":\"https:\\\/\\\/miumjau.ee\\\/wp-content\\\/uploads\\\/2025\\\/03\\\/kong-shakers-crab.jpg\",\"contentUrl\":\"https:\\\/\\\/miumjau.ee\\\/wp-content\\\/uploads\\\/2025\\\/03\\\/kong-shakers-crab.jpg\",\"width\":600,\"height\":800,\"caption\":\"KONG Shakers Shimmy Crab m\u00e4nguasi koertele\"},{\"@type\":\"BreadcrumbList\",\"@id\":\"https:\\\/\\\/miumjau.ee\\\/fi\\\/tuote\\\/kong-shakers-shimmy-crab-koiran-lelu\\\/#breadcrumb\",\"itemListElement\":[{\"@type\":\"ListItem\",\"position\":1,\"name\":\"Home\",\"item\":\"https:\\\/\\\/miumjau.ee\\\/fi\\\/\"},{\"@type\":\"ListItem\",\"position\":2,\"name\":\"Kauppa\",\"item\":\"https:\\\/\\\/miumjau.ee\\\/fi\\\/kauppa\\\/\"},{\"@type\":\"ListItem\",\"position\":3,\"name\":\"KONG Shakers Shimmy Crab koiran lelu\"}]},{\"@type\":\"WebSite\",\"@id\":\"https:\\\/\\\/miumjau.ee\\\/#website\",\"url\":\"https:\\\/\\\/miumjau.ee\\\/\",\"name\":\"MiuMjau\",\"description\":\"Kraapimispuud kassidele\",\"publisher\":{\"@id\":\"https:\\\/\\\/miumjau.ee\\\/#organization\"},\"potentialAction\":[{\"@type\":\"SearchAction\",\"target\":{\"@type\":\"EntryPoint\",\"urlTemplate\":\"https:\\\/\\\/miumjau.ee\\\/?s={search_term_string}\"},\"query-input\":{\"@type\":\"PropertyValueSpecification\",\"valueRequired\":true,\"valueName\":\"search_term_string\"}}],\"inLanguage\":\"fi\"},{\"@type\":\"Organization\",\"@id\":\"https:\\\/\\\/miumjau.ee\\\/#organization\",\"name\":\"MiuMjau O\u00dc\",\"url\":\"https:\\\/\\\/miumjau.ee\\\/\",\"logo\":{\"@type\":\"ImageObject\",\"inLanguage\":\"fi\",\"@id\":\"https:\\\/\\\/miumjau.ee\\\/#\\\/schema\\\/logo\\\/image\\\/\",\"url\":\"https:\\\/\\\/miumjau.ee\\\/wp-content\\\/uploads\\\/2022\\\/04\\\/MiuMjau-logo-kollane.png\",\"contentUrl\":\"https:\\\/\\\/miumjau.ee\\\/wp-content\\\/uploads\\\/2022\\\/04\\\/MiuMjau-logo-kollane.png\",\"width\":219,\"height\":100,\"caption\":\"MiuMjau O\u00dc\"},\"image\":{\"@id\":\"https:\\\/\\\/miumjau.ee\\\/#\\\/schema\\\/logo\\\/image\\\/\"},\"sameAs\":[\"https:\\\/\\\/www.facebook.com\\\/miumjaupood\\\/\"]}]}<\/script>\n<!-- \/ Yoast SEO plugin. -->","yoast_head_json":{"title":"KONG Shakers Shimmy Crab koiran lelu - MiuMjau","robots":{"index":"index","follow":"follow","max-snippet":"max-snippet:-1","max-image-preview":"max-image-preview:large","max-video-preview":"max-video-preview:-1"},"canonical":"https:\/\/miumjau.ee\/fi\/tuote\/kong-shakers-shimmy-crab-koiran-lelu\/","og_locale":"fi_FI","og_type":"article","og_title":"KONG Shakers Shimmy Crab koiran lelu - MiuMjau","og_description":"KONG Shakers Shimmy Crab \u2013 suuret hauskat raajat, jotka kiinnitt\u00e4v\u00e4t koiran huomion! \ud83e\udd80\ud83c\udf89 KONG Shakers Shimmy Crab tarjoaa koirallesi hauskaa ja aktiivista leikki\u00e4! T\u00e4ss\u00e4 ravussa on suuret huojuvat raajat, jotka kiinnitt\u00e4v\u00e4t koiran huomion ja tyydytt\u00e4v\u00e4t luonnollisia ravistelun vaistoja. Kiilt\u00e4v\u00e4, pehme\u00e4 keinonahka pit\u00e4\u00e4 pennun kiinnostuneena, ja matala vinkuva \u00e4\u00e4ni ja rapiseva \u00e4\u00e4ni kutsuvat hauskaan ravisteluleikkiin, tarjoten terveellist\u00e4 liikuntaa hetken ajan. \ud83d\udd25 Miksi valita KONG Shakers Shimmy Crab?\u2714 Huojuvat raajat \u2013 tyydytt\u00e4v\u00e4t koiran ravistelun vaistoja ja tuovat lis\u00e4arvoa leikkiin\u2714 Pitk\u00e4 runko \u2013 tekee ravistelusta viel\u00e4 hauskempaa\u2714 Matala vinkuva \u00e4\u00e4ni \u2013 pident\u00e4\u00e4 leikin kestoa ja pit\u00e4\u00e4 koiran keskittyneen\u00e4\u2714 Uniikit tekstuurit \u2013 stimuloivat leikkivaistoja ja tarjoavat monipuolista hauskaa toimintaa\u2714 Rapiseva \u00e4\u00e4ni \u2013 stimuloi koiraa ja aktivoi mets\u00e4stysvaistoja KONG Shakers Shimmy Crab on t\u00e4ydellinen lelu tyydytt\u00e4m\u00e4\u00e4n koiran luonnollisia vaistoja, tarjoamaan loputonta hauskanpitoa ja terveellist\u00e4 liikuntaa! \ud83d\udc3e\ud83c\udf0a","og_url":"https:\/\/miumjau.ee\/fi\/tuote\/kong-shakers-shimmy-crab-koiran-lelu\/","og_site_name":"MiuMjau","article_publisher":"https:\/\/www.facebook.com\/miumjaupood\/","article_modified_time":"2026-01-07T20:44:12+00:00","og_image":[{"width":600,"height":800,"url":"https:\/\/miumjau.ee\/wp-content\/uploads\/2025\/03\/kong-shakers-crab.jpg","type":"image\/jpeg"}],"twitter_card":"summary_large_image","schema":{"@context":"https:\/\/schema.org","@graph":[{"@type":"WebPage","@id":"https:\/\/miumjau.ee\/fi\/tuote\/kong-shakers-shimmy-crab-koiran-lelu\/","url":"https:\/\/miumjau.ee\/fi\/tuote\/kong-shakers-shimmy-crab-koiran-lelu\/","name":"KONG Shakers Shimmy Crab koiran lelu - MiuMjau","isPartOf":{"@id":"https:\/\/miumjau.ee\/#website"},"primaryImageOfPage":{"@id":"https:\/\/miumjau.ee\/fi\/tuote\/kong-shakers-shimmy-crab-koiran-lelu\/#primaryimage"},"image":{"@id":"https:\/\/miumjau.ee\/fi\/tuote\/kong-shakers-shimmy-crab-koiran-lelu\/#primaryimage"},"thumbnailUrl":"https:\/\/miumjau.ee\/wp-content\/uploads\/2025\/03\/kong-shakers-crab.jpg","datePublished":"2025-03-05T10:08:14+00:00","dateModified":"2026-01-07T20:44:12+00:00","breadcrumb":{"@id":"https:\/\/miumjau.ee\/fi\/tuote\/kong-shakers-shimmy-crab-koiran-lelu\/#breadcrumb"},"inLanguage":"fi","potentialAction":[{"@type":"ReadAction","target":["https:\/\/miumjau.ee\/fi\/tuote\/kong-shakers-shimmy-crab-koiran-lelu\/"]}]},{"@type":"ImageObject","inLanguage":"fi","@id":"https:\/\/miumjau.ee\/fi\/tuote\/kong-shakers-shimmy-crab-koiran-lelu\/#primaryimage","url":"https:\/\/miumjau.ee\/wp-content\/uploads\/2025\/03\/kong-shakers-crab.jpg","contentUrl":"https:\/\/miumjau.ee\/wp-content\/uploads\/2025\/03\/kong-shakers-crab.jpg","width":600,"height":800,"caption":"KONG Shakers Shimmy Crab m\u00e4nguasi koertele"},{"@type":"BreadcrumbList","@id":"https:\/\/miumjau.ee\/fi\/tuote\/kong-shakers-shimmy-crab-koiran-lelu\/#breadcrumb","itemListElement":[{"@type":"ListItem","position":1,"name":"Home","item":"https:\/\/miumjau.ee\/fi\/"},{"@type":"ListItem","position":2,"name":"Kauppa","item":"https:\/\/miumjau.ee\/fi\/kauppa\/"},{"@type":"ListItem","position":3,"name":"KONG Shakers Shimmy Crab koiran lelu"}]},{"@type":"WebSite","@id":"https:\/\/miumjau.ee\/#website","url":"https:\/\/miumjau.ee\/","name":"MiuMjau","description":"Kraapimispuud kassidele","publisher":{"@id":"https:\/\/miumjau.ee\/#organization"},"potentialAction":[{"@type":"SearchAction","target":{"@type":"EntryPoint","urlTemplate":"https:\/\/miumjau.ee\/?s={search_term_string}"},"query-input":{"@type":"PropertyValueSpecification","valueRequired":true,"valueName":"search_term_string"}}],"inLanguage":"fi"},{"@type":"Organization","@id":"https:\/\/miumjau.ee\/#organization","name":"MiuMjau O\u00dc","url":"https:\/\/miumjau.ee\/","logo":{"@type":"ImageObject","inLanguage":"fi","@id":"https:\/\/miumjau.ee\/#\/schema\/logo\/image\/","url":"https:\/\/miumjau.ee\/wp-content\/uploads\/2022\/04\/MiuMjau-logo-kollane.png","contentUrl":"https:\/\/miumjau.ee\/wp-content\/uploads\/2022\/04\/MiuMjau-logo-kollane.png","width":219,"height":100,"caption":"MiuMjau O\u00dc"},"image":{"@id":"https:\/\/miumjau.ee\/#\/schema\/logo\/image\/"},"sameAs":["https:\/\/www.facebook.com\/miumjaupood\/"]}]}},"_links":{"self":[{"href":"https:\/\/miumjau.ee\/fi\/wp-json\/wp\/v2\/product\/48770","targetHints":{"allow":["GET"]}}],"collection":[{"href":"https:\/\/miumjau.ee\/fi\/wp-json\/wp\/v2\/product"}],"about":[{"href":"https:\/\/miumjau.ee\/fi\/wp-json\/wp\/v2\/types\/product"}],"wp:featuredmedia":[{"embeddable":true,"href":"https:\/\/miumjau.ee\/fi\/wp-json\/wp\/v2\/media\/28335"}],"wp:attachment":[{"href":"https:\/\/miumjau.ee\/fi\/wp-json\/wp\/v2\/media?parent=48770"}],"wp:term":[{"taxonomy":"product_brand","embeddable":true,"href":"https:\/\/miumjau.ee\/fi\/wp-json\/wp\/v2\/product_brand?post=48770"},{"taxonomy":"product_cat","embeddable":true,"href":"https:\/\/miumjau.ee\/fi\/wp-json\/wp\/v2\/product_cat?post=48770"},{"taxonomy":"product_tag","embeddable":true,"href":"https:\/\/miumjau.ee\/fi\/wp-json\/wp\/v2\/product_tag?post=48770"}],"curies":[{"name":"wp","href":"https:\/\/api.w.org\/{rel}","templated":true}]}}