{"id":48760,"date":"2025-03-04T13:28:28","date_gmt":"2025-03-04T11:28:28","guid":{"rendered":"https:\/\/miumjau.ee\/toode\/koiran-lelu-dog-comets-asteroid-keppi-l\/"},"modified":"2026-01-07T22:44:12","modified_gmt":"2026-01-07T20:44:12","slug":"koiran-lelu-dog-comets-asteroid-keppi-l","status":"publish","type":"product","link":"https:\/\/miumjau.ee\/fi\/tuote\/koiran-lelu-dog-comets-asteroid-keppi-l\/","title":{"rendered":"Koiran lelu Dog Comets Asteroid -keppi L"},"content":{"rendered":"","protected":false},"excerpt":{"rendered":"<p data-start=\"1137\" data-end=\"1219\"><strong data-start=\"1137\" data-end=\"1219\">Dog Comets Asteroid \u2013 t\u00e4ydellinen heittokeppi leikkeihin maalla ja vedess\u00e4! \ud83d\ude80<\/strong><\/p>\n<p data-start=\"1221\" data-end=\"1447\">Rakastaako koirasi juoksemista ja lelujen noutamista? Vai onko se veden yst\u00e4v\u00e4? Dog Comets Asteroid on kest\u00e4v\u00e4st\u00e4 kumista valmistettu heittokeppi, joka pomppii, kelluu ja vinkuu \u2013 ihanteellinen kumppani loputtomiin leikkeihin!<\/p>\n<p data-start=\"1449\" data-end=\"1889\">\ud83c\udf1f <strong data-start=\"1452\" data-end=\"1489\">Miksi valita Dog Comets Asteroid?<\/strong><br data-start=\"1489\" data-end=\"1492\" \/>\u2714 Kelluu vedess\u00e4 \u2013 t\u00e4ydellinen rannalla tai j\u00e4rven rannalla leikkimiseen<br data-start=\"1564\" data-end=\"1567\" \/>\u2714 T\u00e4ydellinen pomppu \u2013 pit\u00e4\u00e4 leikin j\u00e4nnitt\u00e4v\u00e4n\u00e4<br data-start=\"1615\" data-end=\"1618\" \/>\u2714 Puhdistaa hampaita \u2013 uritettu muoto auttaa v\u00e4hent\u00e4m\u00e4\u00e4n plakki<br data-start=\"1681\" data-end=\"1684\" \/>\u2714 Vinkuva \u00e4\u00e4ni \u2013 tekee leluista el\u00e4v\u00e4mm\u00e4n ja pit\u00e4\u00e4 koiran kiinnostuksen yll\u00e4<br data-start=\"1760\" data-end=\"1763\" \/>\u2714 Mukava ote \u2013 vaahtomuoviset p\u00e4\u00e4t helpottavat vet\u00e4mist\u00e4 ja kantamista<br data-start=\"1833\" data-end=\"1836\" \/>\u2714 Kirkkaat v\u00e4rit \u2013 hyvin n\u00e4kyv\u00e4 nurmella ja vedess\u00e4<\/p>\n<p data-start=\"1891\" data-end=\"1935\">\ud83d\udccf <strong data-start=\"1894\" data-end=\"1903\">Koot:<\/strong><br data-start=\"1903\" data-end=\"1906\" \/>\ud83d\udd39 S \u2013 24 cm<br data-start=\"1918\" data-end=\"1921\" \/>\ud83d\udd39 L \u2013 31 cm<\/p>\n<p data-start=\"1937\" data-end=\"2099\">Anna koirasi leikeille uutta energiaa Dog Comets Asteroid -heittokeppi kanssa \u2013 pomppuava, vedess\u00e4 kelluva ja kest\u00e4v\u00e4 leikkikumppani jokaiseen seikkailuun! \ud83d\udc36\ud83d\ude80<\/p>\n","protected":false},"featured_media":28102,"template":"","meta":[],"product_brand":[],"product_cat":[484],"product_tag":[],"class_list":{"0":"post-48760","1":"product","2":"type-product","3":"status-publish","4":"has-post-thumbnail","6":"product_cat-lelut-koirille","8":"first","9":"instock","10":"taxable","11":"shipping-taxable","12":"purchasable","13":"product-type-simple"},"yoast_head":"<!-- This site is optimized with the Yoast SEO plugin v27.4 - https:\/\/yoast.com\/product\/yoast-seo-wordpress\/ -->\n<title>Koiran lelu Dog Comets Asteroid -keppi L - MiuMjau<\/title>\n<meta name=\"robots\" content=\"index, follow, max-snippet:-1, max-image-preview:large, max-video-preview:-1\" \/>\n<link rel=\"canonical\" href=\"https:\/\/miumjau.ee\/fi\/tuote\/koiran-lelu-dog-comets-asteroid-keppi-l\/\" \/>\n<meta property=\"og:locale\" content=\"fi_FI\" \/>\n<meta property=\"og:type\" content=\"article\" \/>\n<meta property=\"og:title\" content=\"Koiran lelu Dog Comets Asteroid -keppi L - MiuMjau\" \/>\n<meta property=\"og:description\" content=\"Dog Comets Asteroid \u2013 t\u00e4ydellinen heittokeppi leikkeihin maalla ja vedess\u00e4! \ud83d\ude80 Rakastaako koirasi juoksemista ja lelujen noutamista? Vai onko se veden yst\u00e4v\u00e4? Dog Comets Asteroid on kest\u00e4v\u00e4st\u00e4 kumista valmistettu heittokeppi, joka pomppii, kelluu ja vinkuu \u2013 ihanteellinen kumppani loputtomiin leikkeihin! \ud83c\udf1f Miksi valita Dog Comets Asteroid?\u2714 Kelluu vedess\u00e4 \u2013 t\u00e4ydellinen rannalla tai j\u00e4rven rannalla leikkimiseen\u2714 T\u00e4ydellinen pomppu \u2013 pit\u00e4\u00e4 leikin j\u00e4nnitt\u00e4v\u00e4n\u00e4\u2714 Puhdistaa hampaita \u2013 uritettu muoto auttaa v\u00e4hent\u00e4m\u00e4\u00e4n plakki\u2714 Vinkuva \u00e4\u00e4ni \u2013 tekee leluista el\u00e4v\u00e4mm\u00e4n ja pit\u00e4\u00e4 koiran kiinnostuksen yll\u00e4\u2714 Mukava ote \u2013 vaahtomuoviset p\u00e4\u00e4t helpottavat vet\u00e4mist\u00e4 ja kantamista\u2714 Kirkkaat v\u00e4rit \u2013 hyvin n\u00e4kyv\u00e4 nurmella ja vedess\u00e4 \ud83d\udccf Koot:\ud83d\udd39 S \u2013 24 cm\ud83d\udd39 L \u2013 31 cm Anna koirasi leikeille uutta energiaa Dog Comets Asteroid -heittokeppi kanssa \u2013 pomppuava, vedess\u00e4 kelluva ja kest\u00e4v\u00e4 leikkikumppani jokaiseen seikkailuun! \ud83d\udc36\ud83d\ude80\" \/>\n<meta property=\"og:url\" content=\"https:\/\/miumjau.ee\/fi\/tuote\/koiran-lelu-dog-comets-asteroid-keppi-l\/\" \/>\n<meta property=\"og:site_name\" content=\"MiuMjau\" \/>\n<meta property=\"article:publisher\" content=\"https:\/\/www.facebook.com\/miumjaupood\/\" \/>\n<meta property=\"article:modified_time\" content=\"2026-01-07T20:44:12+00:00\" \/>\n<meta property=\"og:image\" content=\"https:\/\/miumjau.ee\/wp-content\/uploads\/2025\/03\/manguasi-koertele-dog-comets27.jpg\" \/>\n\t<meta property=\"og:image:width\" content=\"600\" \/>\n\t<meta property=\"og:image:height\" content=\"800\" \/>\n\t<meta property=\"og:image:type\" content=\"image\/jpeg\" \/>\n<meta name=\"twitter:card\" content=\"summary_large_image\" \/>\n<script type=\"application\/ld+json\" class=\"yoast-schema-graph\">{\"@context\":\"https:\\\/\\\/schema.org\",\"@graph\":[{\"@type\":\"WebPage\",\"@id\":\"https:\\\/\\\/miumjau.ee\\\/fi\\\/tuote\\\/koiran-lelu-dog-comets-asteroid-keppi-l\\\/\",\"url\":\"https:\\\/\\\/miumjau.ee\\\/fi\\\/tuote\\\/koiran-lelu-dog-comets-asteroid-keppi-l\\\/\",\"name\":\"Koiran lelu Dog Comets Asteroid -keppi L - MiuMjau\",\"isPartOf\":{\"@id\":\"https:\\\/\\\/miumjau.ee\\\/#website\"},\"primaryImageOfPage\":{\"@id\":\"https:\\\/\\\/miumjau.ee\\\/fi\\\/tuote\\\/koiran-lelu-dog-comets-asteroid-keppi-l\\\/#primaryimage\"},\"image\":{\"@id\":\"https:\\\/\\\/miumjau.ee\\\/fi\\\/tuote\\\/koiran-lelu-dog-comets-asteroid-keppi-l\\\/#primaryimage\"},\"thumbnailUrl\":\"https:\\\/\\\/miumjau.ee\\\/wp-content\\\/uploads\\\/2025\\\/03\\\/manguasi-koertele-dog-comets27.jpg\",\"datePublished\":\"2025-03-04T11:28:28+00:00\",\"dateModified\":\"2026-01-07T20:44:12+00:00\",\"breadcrumb\":{\"@id\":\"https:\\\/\\\/miumjau.ee\\\/fi\\\/tuote\\\/koiran-lelu-dog-comets-asteroid-keppi-l\\\/#breadcrumb\"},\"inLanguage\":\"fi\",\"potentialAction\":[{\"@type\":\"ReadAction\",\"target\":[\"https:\\\/\\\/miumjau.ee\\\/fi\\\/tuote\\\/koiran-lelu-dog-comets-asteroid-keppi-l\\\/\"]}]},{\"@type\":\"ImageObject\",\"inLanguage\":\"fi\",\"@id\":\"https:\\\/\\\/miumjau.ee\\\/fi\\\/tuote\\\/koiran-lelu-dog-comets-asteroid-keppi-l\\\/#primaryimage\",\"url\":\"https:\\\/\\\/miumjau.ee\\\/wp-content\\\/uploads\\\/2025\\\/03\\\/manguasi-koertele-dog-comets27.jpg\",\"contentUrl\":\"https:\\\/\\\/miumjau.ee\\\/wp-content\\\/uploads\\\/2025\\\/03\\\/manguasi-koertele-dog-comets27.jpg\",\"width\":600,\"height\":800,\"caption\":\"M\u00e4nguasi koerale DOg Comets\"},{\"@type\":\"BreadcrumbList\",\"@id\":\"https:\\\/\\\/miumjau.ee\\\/fi\\\/tuote\\\/koiran-lelu-dog-comets-asteroid-keppi-l\\\/#breadcrumb\",\"itemListElement\":[{\"@type\":\"ListItem\",\"position\":1,\"name\":\"Home\",\"item\":\"https:\\\/\\\/miumjau.ee\\\/fi\\\/\"},{\"@type\":\"ListItem\",\"position\":2,\"name\":\"Kauppa\",\"item\":\"https:\\\/\\\/miumjau.ee\\\/fi\\\/kauppa\\\/\"},{\"@type\":\"ListItem\",\"position\":3,\"name\":\"Koiran lelu Dog Comets Asteroid -keppi L\"}]},{\"@type\":\"WebSite\",\"@id\":\"https:\\\/\\\/miumjau.ee\\\/#website\",\"url\":\"https:\\\/\\\/miumjau.ee\\\/\",\"name\":\"MiuMjau\",\"description\":\"Kraapimispuud kassidele\",\"publisher\":{\"@id\":\"https:\\\/\\\/miumjau.ee\\\/#organization\"},\"potentialAction\":[{\"@type\":\"SearchAction\",\"target\":{\"@type\":\"EntryPoint\",\"urlTemplate\":\"https:\\\/\\\/miumjau.ee\\\/?s={search_term_string}\"},\"query-input\":{\"@type\":\"PropertyValueSpecification\",\"valueRequired\":true,\"valueName\":\"search_term_string\"}}],\"inLanguage\":\"fi\"},{\"@type\":\"Organization\",\"@id\":\"https:\\\/\\\/miumjau.ee\\\/#organization\",\"name\":\"MiuMjau O\u00dc\",\"url\":\"https:\\\/\\\/miumjau.ee\\\/\",\"logo\":{\"@type\":\"ImageObject\",\"inLanguage\":\"fi\",\"@id\":\"https:\\\/\\\/miumjau.ee\\\/#\\\/schema\\\/logo\\\/image\\\/\",\"url\":\"https:\\\/\\\/miumjau.ee\\\/wp-content\\\/uploads\\\/2022\\\/04\\\/MiuMjau-logo-kollane.png\",\"contentUrl\":\"https:\\\/\\\/miumjau.ee\\\/wp-content\\\/uploads\\\/2022\\\/04\\\/MiuMjau-logo-kollane.png\",\"width\":219,\"height\":100,\"caption\":\"MiuMjau O\u00dc\"},\"image\":{\"@id\":\"https:\\\/\\\/miumjau.ee\\\/#\\\/schema\\\/logo\\\/image\\\/\"},\"sameAs\":[\"https:\\\/\\\/www.facebook.com\\\/miumjaupood\\\/\"]}]}<\/script>\n<!-- \/ Yoast SEO plugin. -->","yoast_head_json":{"title":"Koiran lelu Dog Comets Asteroid -keppi L - MiuMjau","robots":{"index":"index","follow":"follow","max-snippet":"max-snippet:-1","max-image-preview":"max-image-preview:large","max-video-preview":"max-video-preview:-1"},"canonical":"https:\/\/miumjau.ee\/fi\/tuote\/koiran-lelu-dog-comets-asteroid-keppi-l\/","og_locale":"fi_FI","og_type":"article","og_title":"Koiran lelu Dog Comets Asteroid -keppi L - MiuMjau","og_description":"Dog Comets Asteroid \u2013 t\u00e4ydellinen heittokeppi leikkeihin maalla ja vedess\u00e4! \ud83d\ude80 Rakastaako koirasi juoksemista ja lelujen noutamista? Vai onko se veden yst\u00e4v\u00e4? Dog Comets Asteroid on kest\u00e4v\u00e4st\u00e4 kumista valmistettu heittokeppi, joka pomppii, kelluu ja vinkuu \u2013 ihanteellinen kumppani loputtomiin leikkeihin! \ud83c\udf1f Miksi valita Dog Comets Asteroid?\u2714 Kelluu vedess\u00e4 \u2013 t\u00e4ydellinen rannalla tai j\u00e4rven rannalla leikkimiseen\u2714 T\u00e4ydellinen pomppu \u2013 pit\u00e4\u00e4 leikin j\u00e4nnitt\u00e4v\u00e4n\u00e4\u2714 Puhdistaa hampaita \u2013 uritettu muoto auttaa v\u00e4hent\u00e4m\u00e4\u00e4n plakki\u2714 Vinkuva \u00e4\u00e4ni \u2013 tekee leluista el\u00e4v\u00e4mm\u00e4n ja pit\u00e4\u00e4 koiran kiinnostuksen yll\u00e4\u2714 Mukava ote \u2013 vaahtomuoviset p\u00e4\u00e4t helpottavat vet\u00e4mist\u00e4 ja kantamista\u2714 Kirkkaat v\u00e4rit \u2013 hyvin n\u00e4kyv\u00e4 nurmella ja vedess\u00e4 \ud83d\udccf Koot:\ud83d\udd39 S \u2013 24 cm\ud83d\udd39 L \u2013 31 cm Anna koirasi leikeille uutta energiaa Dog Comets Asteroid -heittokeppi kanssa \u2013 pomppuava, vedess\u00e4 kelluva ja kest\u00e4v\u00e4 leikkikumppani jokaiseen seikkailuun! \ud83d\udc36\ud83d\ude80","og_url":"https:\/\/miumjau.ee\/fi\/tuote\/koiran-lelu-dog-comets-asteroid-keppi-l\/","og_site_name":"MiuMjau","article_publisher":"https:\/\/www.facebook.com\/miumjaupood\/","article_modified_time":"2026-01-07T20:44:12+00:00","og_image":[{"width":600,"height":800,"url":"https:\/\/miumjau.ee\/wp-content\/uploads\/2025\/03\/manguasi-koertele-dog-comets27.jpg","type":"image\/jpeg"}],"twitter_card":"summary_large_image","schema":{"@context":"https:\/\/schema.org","@graph":[{"@type":"WebPage","@id":"https:\/\/miumjau.ee\/fi\/tuote\/koiran-lelu-dog-comets-asteroid-keppi-l\/","url":"https:\/\/miumjau.ee\/fi\/tuote\/koiran-lelu-dog-comets-asteroid-keppi-l\/","name":"Koiran lelu Dog Comets Asteroid -keppi L - MiuMjau","isPartOf":{"@id":"https:\/\/miumjau.ee\/#website"},"primaryImageOfPage":{"@id":"https:\/\/miumjau.ee\/fi\/tuote\/koiran-lelu-dog-comets-asteroid-keppi-l\/#primaryimage"},"image":{"@id":"https:\/\/miumjau.ee\/fi\/tuote\/koiran-lelu-dog-comets-asteroid-keppi-l\/#primaryimage"},"thumbnailUrl":"https:\/\/miumjau.ee\/wp-content\/uploads\/2025\/03\/manguasi-koertele-dog-comets27.jpg","datePublished":"2025-03-04T11:28:28+00:00","dateModified":"2026-01-07T20:44:12+00:00","breadcrumb":{"@id":"https:\/\/miumjau.ee\/fi\/tuote\/koiran-lelu-dog-comets-asteroid-keppi-l\/#breadcrumb"},"inLanguage":"fi","potentialAction":[{"@type":"ReadAction","target":["https:\/\/miumjau.ee\/fi\/tuote\/koiran-lelu-dog-comets-asteroid-keppi-l\/"]}]},{"@type":"ImageObject","inLanguage":"fi","@id":"https:\/\/miumjau.ee\/fi\/tuote\/koiran-lelu-dog-comets-asteroid-keppi-l\/#primaryimage","url":"https:\/\/miumjau.ee\/wp-content\/uploads\/2025\/03\/manguasi-koertele-dog-comets27.jpg","contentUrl":"https:\/\/miumjau.ee\/wp-content\/uploads\/2025\/03\/manguasi-koertele-dog-comets27.jpg","width":600,"height":800,"caption":"M\u00e4nguasi koerale DOg Comets"},{"@type":"BreadcrumbList","@id":"https:\/\/miumjau.ee\/fi\/tuote\/koiran-lelu-dog-comets-asteroid-keppi-l\/#breadcrumb","itemListElement":[{"@type":"ListItem","position":1,"name":"Home","item":"https:\/\/miumjau.ee\/fi\/"},{"@type":"ListItem","position":2,"name":"Kauppa","item":"https:\/\/miumjau.ee\/fi\/kauppa\/"},{"@type":"ListItem","position":3,"name":"Koiran lelu Dog Comets Asteroid -keppi L"}]},{"@type":"WebSite","@id":"https:\/\/miumjau.ee\/#website","url":"https:\/\/miumjau.ee\/","name":"MiuMjau","description":"Kraapimispuud kassidele","publisher":{"@id":"https:\/\/miumjau.ee\/#organization"},"potentialAction":[{"@type":"SearchAction","target":{"@type":"EntryPoint","urlTemplate":"https:\/\/miumjau.ee\/?s={search_term_string}"},"query-input":{"@type":"PropertyValueSpecification","valueRequired":true,"valueName":"search_term_string"}}],"inLanguage":"fi"},{"@type":"Organization","@id":"https:\/\/miumjau.ee\/#organization","name":"MiuMjau O\u00dc","url":"https:\/\/miumjau.ee\/","logo":{"@type":"ImageObject","inLanguage":"fi","@id":"https:\/\/miumjau.ee\/#\/schema\/logo\/image\/","url":"https:\/\/miumjau.ee\/wp-content\/uploads\/2022\/04\/MiuMjau-logo-kollane.png","contentUrl":"https:\/\/miumjau.ee\/wp-content\/uploads\/2022\/04\/MiuMjau-logo-kollane.png","width":219,"height":100,"caption":"MiuMjau O\u00dc"},"image":{"@id":"https:\/\/miumjau.ee\/#\/schema\/logo\/image\/"},"sameAs":["https:\/\/www.facebook.com\/miumjaupood\/"]}]}},"_links":{"self":[{"href":"https:\/\/miumjau.ee\/fi\/wp-json\/wp\/v2\/product\/48760","targetHints":{"allow":["GET"]}}],"collection":[{"href":"https:\/\/miumjau.ee\/fi\/wp-json\/wp\/v2\/product"}],"about":[{"href":"https:\/\/miumjau.ee\/fi\/wp-json\/wp\/v2\/types\/product"}],"wp:featuredmedia":[{"embeddable":true,"href":"https:\/\/miumjau.ee\/fi\/wp-json\/wp\/v2\/media\/28102"}],"wp:attachment":[{"href":"https:\/\/miumjau.ee\/fi\/wp-json\/wp\/v2\/media?parent=48760"}],"wp:term":[{"taxonomy":"product_brand","embeddable":true,"href":"https:\/\/miumjau.ee\/fi\/wp-json\/wp\/v2\/product_brand?post=48760"},{"taxonomy":"product_cat","embeddable":true,"href":"https:\/\/miumjau.ee\/fi\/wp-json\/wp\/v2\/product_cat?post=48760"},{"taxonomy":"product_tag","embeddable":true,"href":"https:\/\/miumjau.ee\/fi\/wp-json\/wp\/v2\/product_tag?post=48760"}],"curies":[{"name":"wp","href":"https:\/\/api.w.org\/{rel}","templated":true}]}}