{"id":48754,"date":"2025-03-03T21:49:58","date_gmt":"2025-03-03T19:49:58","guid":{"rendered":"https:\/\/miumjau.ee\/toode\/koiran-lelu-vedessa-kelluva-dog-comets-meteor-l\/"},"modified":"2026-01-07T22:44:12","modified_gmt":"2026-01-07T20:44:12","slug":"koiran-lelu-vedessa-kelluva-dog-comets-meteor-l","status":"publish","type":"product","link":"https:\/\/miumjau.ee\/fi\/tuote\/koiran-lelu-vedessa-kelluva-dog-comets-meteor-l\/","title":{"rendered":"Koiran lelu, vedess\u00e4 kelluva Dog Comets Meteor L"},"content":{"rendered":"","protected":false},"excerpt":{"rendered":"<p data-start=\"379\" data-end=\"426\"><strong data-start=\"379\" data-end=\"426\">Dog Comets Meteor heittokeppi \u2013 Oranssi (L)<\/strong><\/p>\n<p data-start=\"428\" data-end=\"499\">Kest\u00e4v\u00e4st\u00e4 kumista valmistettu heittokeppi, joka pomppii erinomaisesti!<\/p>\n<p data-start=\"501\" data-end=\"631\">\ud83d\udd38 Kest\u00e4v\u00e4 materiaali<br data-start=\"522\" data-end=\"525\" \/>\ud83d\udd38 Hieroo ikeni\u00e4 ja tukee hampaiden terveytt\u00e4<br data-start=\"570\" data-end=\"573\" \/>\ud83d\udd38 Sis\u00e4\u00e4nrakennettu vinkuva \u00e4\u00e4ni lis\u00e4\u00e4 leikin hauskuutta<\/p>\n<p data-start=\"633\" data-end=\"655\">\ud83d\udccf <strong data-start=\"636\" data-end=\"645\">Koko:<\/strong> L \u2013 32 cm<\/p>\n","protected":false},"featured_media":27975,"template":"","meta":[],"product_brand":[],"product_cat":[484],"product_tag":[],"class_list":{"0":"post-48754","1":"product","2":"type-product","3":"status-publish","4":"has-post-thumbnail","6":"product_cat-lelut-koirille","8":"first","9":"instock","10":"sale","11":"taxable","12":"shipping-taxable","13":"purchasable","14":"product-type-simple"},"yoast_head":"<!-- This site is optimized with the Yoast SEO plugin v27.4 - https:\/\/yoast.com\/product\/yoast-seo-wordpress\/ -->\n<title>Koiran lelu, vedess\u00e4 kelluva Dog Comets Meteor L - MiuMjau<\/title>\n<meta name=\"robots\" content=\"index, follow, max-snippet:-1, max-image-preview:large, max-video-preview:-1\" \/>\n<link rel=\"canonical\" href=\"https:\/\/miumjau.ee\/fi\/tuote\/koiran-lelu-vedessa-kelluva-dog-comets-meteor-l\/\" \/>\n<meta property=\"og:locale\" content=\"fi_FI\" \/>\n<meta property=\"og:type\" content=\"article\" \/>\n<meta property=\"og:title\" content=\"Koiran lelu, vedess\u00e4 kelluva Dog Comets Meteor L - MiuMjau\" \/>\n<meta property=\"og:description\" content=\"Dog Comets Meteor heittokeppi \u2013 Oranssi (L) Kest\u00e4v\u00e4st\u00e4 kumista valmistettu heittokeppi, joka pomppii erinomaisesti! \ud83d\udd38 Kest\u00e4v\u00e4 materiaali\ud83d\udd38 Hieroo ikeni\u00e4 ja tukee hampaiden terveytt\u00e4\ud83d\udd38 Sis\u00e4\u00e4nrakennettu vinkuva \u00e4\u00e4ni lis\u00e4\u00e4 leikin hauskuutta \ud83d\udccf Koko: L \u2013 32 cm\" \/>\n<meta property=\"og:url\" content=\"https:\/\/miumjau.ee\/fi\/tuote\/koiran-lelu-vedessa-kelluva-dog-comets-meteor-l\/\" \/>\n<meta property=\"og:site_name\" content=\"MiuMjau\" \/>\n<meta property=\"article:publisher\" content=\"https:\/\/www.facebook.com\/miumjaupood\/\" \/>\n<meta property=\"article:modified_time\" content=\"2026-01-07T20:44:12+00:00\" \/>\n<meta property=\"og:image\" content=\"https:\/\/miumjau.ee\/wp-content\/uploads\/2025\/03\/koera-manguasi-dog-meteor-star-comet2.jpg\" \/>\n\t<meta property=\"og:image:width\" content=\"600\" \/>\n\t<meta property=\"og:image:height\" content=\"800\" \/>\n\t<meta property=\"og:image:type\" content=\"image\/jpeg\" \/>\n<meta name=\"twitter:card\" content=\"summary_large_image\" \/>\n<script type=\"application\/ld+json\" class=\"yoast-schema-graph\">{\"@context\":\"https:\\\/\\\/schema.org\",\"@graph\":[{\"@type\":\"WebPage\",\"@id\":\"https:\\\/\\\/miumjau.ee\\\/fi\\\/tuote\\\/koiran-lelu-vedessa-kelluva-dog-comets-meteor-l\\\/\",\"url\":\"https:\\\/\\\/miumjau.ee\\\/fi\\\/tuote\\\/koiran-lelu-vedessa-kelluva-dog-comets-meteor-l\\\/\",\"name\":\"Koiran lelu, vedess\u00e4 kelluva Dog Comets Meteor L - MiuMjau\",\"isPartOf\":{\"@id\":\"https:\\\/\\\/miumjau.ee\\\/#website\"},\"primaryImageOfPage\":{\"@id\":\"https:\\\/\\\/miumjau.ee\\\/fi\\\/tuote\\\/koiran-lelu-vedessa-kelluva-dog-comets-meteor-l\\\/#primaryimage\"},\"image\":{\"@id\":\"https:\\\/\\\/miumjau.ee\\\/fi\\\/tuote\\\/koiran-lelu-vedessa-kelluva-dog-comets-meteor-l\\\/#primaryimage\"},\"thumbnailUrl\":\"https:\\\/\\\/miumjau.ee\\\/wp-content\\\/uploads\\\/2025\\\/03\\\/koera-manguasi-dog-meteor-star-comet2.jpg\",\"datePublished\":\"2025-03-03T19:49:58+00:00\",\"dateModified\":\"2026-01-07T20:44:12+00:00\",\"breadcrumb\":{\"@id\":\"https:\\\/\\\/miumjau.ee\\\/fi\\\/tuote\\\/koiran-lelu-vedessa-kelluva-dog-comets-meteor-l\\\/#breadcrumb\"},\"inLanguage\":\"fi\",\"potentialAction\":[{\"@type\":\"ReadAction\",\"target\":[\"https:\\\/\\\/miumjau.ee\\\/fi\\\/tuote\\\/koiran-lelu-vedessa-kelluva-dog-comets-meteor-l\\\/\"]}]},{\"@type\":\"ImageObject\",\"inLanguage\":\"fi\",\"@id\":\"https:\\\/\\\/miumjau.ee\\\/fi\\\/tuote\\\/koiran-lelu-vedessa-kelluva-dog-comets-meteor-l\\\/#primaryimage\",\"url\":\"https:\\\/\\\/miumjau.ee\\\/wp-content\\\/uploads\\\/2025\\\/03\\\/koera-manguasi-dog-meteor-star-comet2.jpg\",\"contentUrl\":\"https:\\\/\\\/miumjau.ee\\\/wp-content\\\/uploads\\\/2025\\\/03\\\/koera-manguasi-dog-meteor-star-comet2.jpg\",\"width\":600,\"height\":800,\"caption\":\"M\u00e4nguasi koerale, visatav ja vees h\u00f5ljuv Dog Comets Meteor L\"},{\"@type\":\"BreadcrumbList\",\"@id\":\"https:\\\/\\\/miumjau.ee\\\/fi\\\/tuote\\\/koiran-lelu-vedessa-kelluva-dog-comets-meteor-l\\\/#breadcrumb\",\"itemListElement\":[{\"@type\":\"ListItem\",\"position\":1,\"name\":\"Home\",\"item\":\"https:\\\/\\\/miumjau.ee\\\/fi\\\/\"},{\"@type\":\"ListItem\",\"position\":2,\"name\":\"Kauppa\",\"item\":\"https:\\\/\\\/miumjau.ee\\\/fi\\\/kauppa\\\/\"},{\"@type\":\"ListItem\",\"position\":3,\"name\":\"Koiran lelu, vedess\u00e4 kelluva Dog Comets Meteor L\"}]},{\"@type\":\"WebSite\",\"@id\":\"https:\\\/\\\/miumjau.ee\\\/#website\",\"url\":\"https:\\\/\\\/miumjau.ee\\\/\",\"name\":\"MiuMjau\",\"description\":\"Kraapimispuud kassidele\",\"publisher\":{\"@id\":\"https:\\\/\\\/miumjau.ee\\\/#organization\"},\"potentialAction\":[{\"@type\":\"SearchAction\",\"target\":{\"@type\":\"EntryPoint\",\"urlTemplate\":\"https:\\\/\\\/miumjau.ee\\\/?s={search_term_string}\"},\"query-input\":{\"@type\":\"PropertyValueSpecification\",\"valueRequired\":true,\"valueName\":\"search_term_string\"}}],\"inLanguage\":\"fi\"},{\"@type\":\"Organization\",\"@id\":\"https:\\\/\\\/miumjau.ee\\\/#organization\",\"name\":\"MiuMjau O\u00dc\",\"url\":\"https:\\\/\\\/miumjau.ee\\\/\",\"logo\":{\"@type\":\"ImageObject\",\"inLanguage\":\"fi\",\"@id\":\"https:\\\/\\\/miumjau.ee\\\/#\\\/schema\\\/logo\\\/image\\\/\",\"url\":\"https:\\\/\\\/miumjau.ee\\\/wp-content\\\/uploads\\\/2022\\\/04\\\/MiuMjau-logo-kollane.png\",\"contentUrl\":\"https:\\\/\\\/miumjau.ee\\\/wp-content\\\/uploads\\\/2022\\\/04\\\/MiuMjau-logo-kollane.png\",\"width\":219,\"height\":100,\"caption\":\"MiuMjau O\u00dc\"},\"image\":{\"@id\":\"https:\\\/\\\/miumjau.ee\\\/#\\\/schema\\\/logo\\\/image\\\/\"},\"sameAs\":[\"https:\\\/\\\/www.facebook.com\\\/miumjaupood\\\/\"]}]}<\/script>\n<!-- \/ Yoast SEO plugin. -->","yoast_head_json":{"title":"Koiran lelu, vedess\u00e4 kelluva Dog Comets Meteor L - MiuMjau","robots":{"index":"index","follow":"follow","max-snippet":"max-snippet:-1","max-image-preview":"max-image-preview:large","max-video-preview":"max-video-preview:-1"},"canonical":"https:\/\/miumjau.ee\/fi\/tuote\/koiran-lelu-vedessa-kelluva-dog-comets-meteor-l\/","og_locale":"fi_FI","og_type":"article","og_title":"Koiran lelu, vedess\u00e4 kelluva Dog Comets Meteor L - MiuMjau","og_description":"Dog Comets Meteor heittokeppi \u2013 Oranssi (L) Kest\u00e4v\u00e4st\u00e4 kumista valmistettu heittokeppi, joka pomppii erinomaisesti! \ud83d\udd38 Kest\u00e4v\u00e4 materiaali\ud83d\udd38 Hieroo ikeni\u00e4 ja tukee hampaiden terveytt\u00e4\ud83d\udd38 Sis\u00e4\u00e4nrakennettu vinkuva \u00e4\u00e4ni lis\u00e4\u00e4 leikin hauskuutta \ud83d\udccf Koko: L \u2013 32 cm","og_url":"https:\/\/miumjau.ee\/fi\/tuote\/koiran-lelu-vedessa-kelluva-dog-comets-meteor-l\/","og_site_name":"MiuMjau","article_publisher":"https:\/\/www.facebook.com\/miumjaupood\/","article_modified_time":"2026-01-07T20:44:12+00:00","og_image":[{"width":600,"height":800,"url":"https:\/\/miumjau.ee\/wp-content\/uploads\/2025\/03\/koera-manguasi-dog-meteor-star-comet2.jpg","type":"image\/jpeg"}],"twitter_card":"summary_large_image","schema":{"@context":"https:\/\/schema.org","@graph":[{"@type":"WebPage","@id":"https:\/\/miumjau.ee\/fi\/tuote\/koiran-lelu-vedessa-kelluva-dog-comets-meteor-l\/","url":"https:\/\/miumjau.ee\/fi\/tuote\/koiran-lelu-vedessa-kelluva-dog-comets-meteor-l\/","name":"Koiran lelu, vedess\u00e4 kelluva Dog Comets Meteor L - MiuMjau","isPartOf":{"@id":"https:\/\/miumjau.ee\/#website"},"primaryImageOfPage":{"@id":"https:\/\/miumjau.ee\/fi\/tuote\/koiran-lelu-vedessa-kelluva-dog-comets-meteor-l\/#primaryimage"},"image":{"@id":"https:\/\/miumjau.ee\/fi\/tuote\/koiran-lelu-vedessa-kelluva-dog-comets-meteor-l\/#primaryimage"},"thumbnailUrl":"https:\/\/miumjau.ee\/wp-content\/uploads\/2025\/03\/koera-manguasi-dog-meteor-star-comet2.jpg","datePublished":"2025-03-03T19:49:58+00:00","dateModified":"2026-01-07T20:44:12+00:00","breadcrumb":{"@id":"https:\/\/miumjau.ee\/fi\/tuote\/koiran-lelu-vedessa-kelluva-dog-comets-meteor-l\/#breadcrumb"},"inLanguage":"fi","potentialAction":[{"@type":"ReadAction","target":["https:\/\/miumjau.ee\/fi\/tuote\/koiran-lelu-vedessa-kelluva-dog-comets-meteor-l\/"]}]},{"@type":"ImageObject","inLanguage":"fi","@id":"https:\/\/miumjau.ee\/fi\/tuote\/koiran-lelu-vedessa-kelluva-dog-comets-meteor-l\/#primaryimage","url":"https:\/\/miumjau.ee\/wp-content\/uploads\/2025\/03\/koera-manguasi-dog-meteor-star-comet2.jpg","contentUrl":"https:\/\/miumjau.ee\/wp-content\/uploads\/2025\/03\/koera-manguasi-dog-meteor-star-comet2.jpg","width":600,"height":800,"caption":"M\u00e4nguasi koerale, visatav ja vees h\u00f5ljuv Dog Comets Meteor L"},{"@type":"BreadcrumbList","@id":"https:\/\/miumjau.ee\/fi\/tuote\/koiran-lelu-vedessa-kelluva-dog-comets-meteor-l\/#breadcrumb","itemListElement":[{"@type":"ListItem","position":1,"name":"Home","item":"https:\/\/miumjau.ee\/fi\/"},{"@type":"ListItem","position":2,"name":"Kauppa","item":"https:\/\/miumjau.ee\/fi\/kauppa\/"},{"@type":"ListItem","position":3,"name":"Koiran lelu, vedess\u00e4 kelluva Dog Comets Meteor L"}]},{"@type":"WebSite","@id":"https:\/\/miumjau.ee\/#website","url":"https:\/\/miumjau.ee\/","name":"MiuMjau","description":"Kraapimispuud kassidele","publisher":{"@id":"https:\/\/miumjau.ee\/#organization"},"potentialAction":[{"@type":"SearchAction","target":{"@type":"EntryPoint","urlTemplate":"https:\/\/miumjau.ee\/?s={search_term_string}"},"query-input":{"@type":"PropertyValueSpecification","valueRequired":true,"valueName":"search_term_string"}}],"inLanguage":"fi"},{"@type":"Organization","@id":"https:\/\/miumjau.ee\/#organization","name":"MiuMjau O\u00dc","url":"https:\/\/miumjau.ee\/","logo":{"@type":"ImageObject","inLanguage":"fi","@id":"https:\/\/miumjau.ee\/#\/schema\/logo\/image\/","url":"https:\/\/miumjau.ee\/wp-content\/uploads\/2022\/04\/MiuMjau-logo-kollane.png","contentUrl":"https:\/\/miumjau.ee\/wp-content\/uploads\/2022\/04\/MiuMjau-logo-kollane.png","width":219,"height":100,"caption":"MiuMjau O\u00dc"},"image":{"@id":"https:\/\/miumjau.ee\/#\/schema\/logo\/image\/"},"sameAs":["https:\/\/www.facebook.com\/miumjaupood\/"]}]}},"_links":{"self":[{"href":"https:\/\/miumjau.ee\/fi\/wp-json\/wp\/v2\/product\/48754","targetHints":{"allow":["GET"]}}],"collection":[{"href":"https:\/\/miumjau.ee\/fi\/wp-json\/wp\/v2\/product"}],"about":[{"href":"https:\/\/miumjau.ee\/fi\/wp-json\/wp\/v2\/types\/product"}],"wp:featuredmedia":[{"embeddable":true,"href":"https:\/\/miumjau.ee\/fi\/wp-json\/wp\/v2\/media\/27975"}],"wp:attachment":[{"href":"https:\/\/miumjau.ee\/fi\/wp-json\/wp\/v2\/media?parent=48754"}],"wp:term":[{"taxonomy":"product_brand","embeddable":true,"href":"https:\/\/miumjau.ee\/fi\/wp-json\/wp\/v2\/product_brand?post=48754"},{"taxonomy":"product_cat","embeddable":true,"href":"https:\/\/miumjau.ee\/fi\/wp-json\/wp\/v2\/product_cat?post=48754"},{"taxonomy":"product_tag","embeddable":true,"href":"https:\/\/miumjau.ee\/fi\/wp-json\/wp\/v2\/product_tag?post=48754"}],"curies":[{"name":"wp","href":"https:\/\/api.w.org\/{rel}","templated":true}]}}