{"id":48726,"date":"2025-03-04T12:17:45","date_gmt":"2025-03-04T10:17:45","guid":{"rendered":"https:\/\/miumjau.ee\/toode\/koiran-lelu-dog-comets-hypernova-15-cm-vihrea\/"},"modified":"2026-01-07T22:44:20","modified_gmt":"2026-01-07T20:44:20","slug":"koiran-lelu-dog-comets-hypernova-15-cm-vihrea","status":"publish","type":"product","link":"https:\/\/miumjau.ee\/fi\/tuote\/koiran-lelu-dog-comets-hypernova-15-cm-vihrea\/","title":{"rendered":"Koiran lelu Dog Comets Hypernova 15 cm, vihre\u00e4"},"content":{"rendered":"","protected":false},"excerpt":{"rendered":"<p data-start=\"1192\" data-end=\"1262\"><strong data-start=\"1192\" data-end=\"1262\">Dog Comets Hypernova \u2013 kosmista leikin iloa parhaalle yst\u00e4v\u00e4llesi!<\/strong><\/p>\n<p data-start=\"1264\" data-end=\"1502\">Voimakkaimman r\u00e4j\u00e4hdyksen \u2013 HYPERNOVAN \u2013 j\u00e4lkeen universumi ajautui t\u00e4ydelliseen kaaokseen. Vuosien kuluessa n\u00e4m\u00e4 ainutlaatuiset Dog Comets Hypernova -pallot ovat kuitenkin saapuneet Maahan tarjotakseen koirallesi loputonta leikin riemua!<\/p>\n<p data-start=\"1504\" data-end=\"1760\">\ud83d\udc3e <strong data-start=\"1507\" data-end=\"1588\">Vahva ja kest\u00e4v\u00e4 \u2013 erityisesti koirille suunniteltu kolmikerroksinen rakenne:<\/strong><br data-start=\"1588\" data-end=\"1591\" \/>\u2714 Sis\u00e4kerros \u2013 vuotamaton kuminen ydin<br data-start=\"1629\" data-end=\"1632\" \/>\u2714 V\u00e4likerros \u2013 pehment\u00e4v\u00e4 puuvillakerros<br data-start=\"1672\" data-end=\"1675\" \/>\u2714 Ulkokerros \u2013 kest\u00e4v\u00e4 PU-materiaali, joka antaa pallolle pehmeytt\u00e4 ja hyv\u00e4n pompun<\/p>\n<p data-start=\"1762\" data-end=\"1999\">\ud83d\udd39 Turvallinen koiran hampaille<br data-start=\"1793\" data-end=\"1796\" \/>\ud83d\udd39 Helppo ottaa mukaan \u2013 vahvat nailonlenkit helpottavat heitt\u00e4mist\u00e4 ja noutamista<br data-start=\"1878\" data-end=\"1881\" \/>\ud83d\udd39 Sopii leikkiin maalla ja vedess\u00e4 \u2013 pallo kelluu<br data-start=\"1931\" data-end=\"1934\" \/>\ud83d\udd39 Mukana pumppu \u2013 pallon voi helposti t\u00e4ytt\u00e4\u00e4<br data-start=\"1980\" data-end=\"1983\" \/>\ud83d\udd39 Koko: 15 cm<\/p>\n<p data-start=\"2001\" data-end=\"2161\">Anna koirasi kokea kosminen ilo Dog Comets Hypernova -pallon kanssa \u2013 kest\u00e4v\u00e4, pomppiva ja t\u00e4ydellinen leikkikaveri jokaiselle energiselle nelijalkaiselle! \ud83d\ude80\ud83d\udc36<\/p>\n","protected":false},"featured_media":28005,"template":"","meta":[],"product_brand":[],"product_cat":[484],"product_tag":[],"class_list":{"0":"post-48726","1":"product","2":"type-product","3":"status-publish","4":"has-post-thumbnail","6":"product_cat-lelut-koirille","8":"first","9":"instock","10":"sale","11":"taxable","12":"shipping-taxable","13":"purchasable","14":"product-type-simple"},"yoast_head":"<!-- This site is optimized with the Yoast SEO plugin v27.4 - https:\/\/yoast.com\/product\/yoast-seo-wordpress\/ -->\n<title>Koiran lelu Dog Comets Hypernova 15 cm, vihre\u00e4 - MiuMjau<\/title>\n<meta name=\"robots\" content=\"index, follow, max-snippet:-1, max-image-preview:large, max-video-preview:-1\" \/>\n<link rel=\"canonical\" href=\"https:\/\/miumjau.ee\/fi\/tuote\/koiran-lelu-dog-comets-hypernova-15-cm-vihrea\/\" \/>\n<meta property=\"og:locale\" content=\"fi_FI\" \/>\n<meta property=\"og:type\" content=\"article\" \/>\n<meta property=\"og:title\" content=\"Koiran lelu Dog Comets Hypernova 15 cm, vihre\u00e4 - MiuMjau\" \/>\n<meta property=\"og:description\" content=\"Dog Comets Hypernova \u2013 kosmista leikin iloa parhaalle yst\u00e4v\u00e4llesi! Voimakkaimman r\u00e4j\u00e4hdyksen \u2013 HYPERNOVAN \u2013 j\u00e4lkeen universumi ajautui t\u00e4ydelliseen kaaokseen. Vuosien kuluessa n\u00e4m\u00e4 ainutlaatuiset Dog Comets Hypernova -pallot ovat kuitenkin saapuneet Maahan tarjotakseen koirallesi loputonta leikin riemua! \ud83d\udc3e Vahva ja kest\u00e4v\u00e4 \u2013 erityisesti koirille suunniteltu kolmikerroksinen rakenne:\u2714 Sis\u00e4kerros \u2013 vuotamaton kuminen ydin\u2714 V\u00e4likerros \u2013 pehment\u00e4v\u00e4 puuvillakerros\u2714 Ulkokerros \u2013 kest\u00e4v\u00e4 PU-materiaali, joka antaa pallolle pehmeytt\u00e4 ja hyv\u00e4n pompun \ud83d\udd39 Turvallinen koiran hampaille\ud83d\udd39 Helppo ottaa mukaan \u2013 vahvat nailonlenkit helpottavat heitt\u00e4mist\u00e4 ja noutamista\ud83d\udd39 Sopii leikkiin maalla ja vedess\u00e4 \u2013 pallo kelluu\ud83d\udd39 Mukana pumppu \u2013 pallon voi helposti t\u00e4ytt\u00e4\u00e4\ud83d\udd39 Koko: 15 cm Anna koirasi kokea kosminen ilo Dog Comets Hypernova -pallon kanssa \u2013 kest\u00e4v\u00e4, pomppiva ja t\u00e4ydellinen leikkikaveri jokaiselle energiselle nelijalkaiselle! \ud83d\ude80\ud83d\udc36\" \/>\n<meta property=\"og:url\" content=\"https:\/\/miumjau.ee\/fi\/tuote\/koiran-lelu-dog-comets-hypernova-15-cm-vihrea\/\" \/>\n<meta property=\"og:site_name\" content=\"MiuMjau\" \/>\n<meta property=\"article:publisher\" content=\"https:\/\/www.facebook.com\/miumjaupood\/\" \/>\n<meta property=\"article:modified_time\" content=\"2026-01-07T20:44:20+00:00\" \/>\n<meta property=\"og:image\" content=\"https:\/\/miumjau.ee\/wp-content\/uploads\/2025\/03\/manguasi-koerale-hypernova7.jpg\" \/>\n\t<meta property=\"og:image:width\" content=\"600\" \/>\n\t<meta property=\"og:image:height\" content=\"800\" \/>\n\t<meta property=\"og:image:type\" content=\"image\/jpeg\" \/>\n<meta name=\"twitter:card\" content=\"summary_large_image\" \/>\n<script type=\"application\/ld+json\" class=\"yoast-schema-graph\">{\"@context\":\"https:\\\/\\\/schema.org\",\"@graph\":[{\"@type\":\"WebPage\",\"@id\":\"https:\\\/\\\/miumjau.ee\\\/fi\\\/tuote\\\/koiran-lelu-dog-comets-hypernova-15-cm-vihrea\\\/\",\"url\":\"https:\\\/\\\/miumjau.ee\\\/fi\\\/tuote\\\/koiran-lelu-dog-comets-hypernova-15-cm-vihrea\\\/\",\"name\":\"Koiran lelu Dog Comets Hypernova 15 cm, vihre\u00e4 - MiuMjau\",\"isPartOf\":{\"@id\":\"https:\\\/\\\/miumjau.ee\\\/#website\"},\"primaryImageOfPage\":{\"@id\":\"https:\\\/\\\/miumjau.ee\\\/fi\\\/tuote\\\/koiran-lelu-dog-comets-hypernova-15-cm-vihrea\\\/#primaryimage\"},\"image\":{\"@id\":\"https:\\\/\\\/miumjau.ee\\\/fi\\\/tuote\\\/koiran-lelu-dog-comets-hypernova-15-cm-vihrea\\\/#primaryimage\"},\"thumbnailUrl\":\"https:\\\/\\\/miumjau.ee\\\/wp-content\\\/uploads\\\/2025\\\/03\\\/manguasi-koerale-hypernova7.jpg\",\"datePublished\":\"2025-03-04T10:17:45+00:00\",\"dateModified\":\"2026-01-07T20:44:20+00:00\",\"breadcrumb\":{\"@id\":\"https:\\\/\\\/miumjau.ee\\\/fi\\\/tuote\\\/koiran-lelu-dog-comets-hypernova-15-cm-vihrea\\\/#breadcrumb\"},\"inLanguage\":\"fi\",\"potentialAction\":[{\"@type\":\"ReadAction\",\"target\":[\"https:\\\/\\\/miumjau.ee\\\/fi\\\/tuote\\\/koiran-lelu-dog-comets-hypernova-15-cm-vihrea\\\/\"]}]},{\"@type\":\"ImageObject\",\"inLanguage\":\"fi\",\"@id\":\"https:\\\/\\\/miumjau.ee\\\/fi\\\/tuote\\\/koiran-lelu-dog-comets-hypernova-15-cm-vihrea\\\/#primaryimage\",\"url\":\"https:\\\/\\\/miumjau.ee\\\/wp-content\\\/uploads\\\/2025\\\/03\\\/manguasi-koerale-hypernova7.jpg\",\"contentUrl\":\"https:\\\/\\\/miumjau.ee\\\/wp-content\\\/uploads\\\/2025\\\/03\\\/manguasi-koerale-hypernova7.jpg\",\"width\":600,\"height\":800,\"caption\":\"M\u00e4nguasi koerale Dog comets Hypernova 15cm, roheline\"},{\"@type\":\"BreadcrumbList\",\"@id\":\"https:\\\/\\\/miumjau.ee\\\/fi\\\/tuote\\\/koiran-lelu-dog-comets-hypernova-15-cm-vihrea\\\/#breadcrumb\",\"itemListElement\":[{\"@type\":\"ListItem\",\"position\":1,\"name\":\"Home\",\"item\":\"https:\\\/\\\/miumjau.ee\\\/fi\\\/\"},{\"@type\":\"ListItem\",\"position\":2,\"name\":\"Kauppa\",\"item\":\"https:\\\/\\\/miumjau.ee\\\/fi\\\/kauppa\\\/\"},{\"@type\":\"ListItem\",\"position\":3,\"name\":\"Koiran lelu Dog Comets Hypernova 15 cm, vihre\u00e4\"}]},{\"@type\":\"WebSite\",\"@id\":\"https:\\\/\\\/miumjau.ee\\\/#website\",\"url\":\"https:\\\/\\\/miumjau.ee\\\/\",\"name\":\"MiuMjau\",\"description\":\"Kraapimispuud kassidele\",\"publisher\":{\"@id\":\"https:\\\/\\\/miumjau.ee\\\/#organization\"},\"potentialAction\":[{\"@type\":\"SearchAction\",\"target\":{\"@type\":\"EntryPoint\",\"urlTemplate\":\"https:\\\/\\\/miumjau.ee\\\/?s={search_term_string}\"},\"query-input\":{\"@type\":\"PropertyValueSpecification\",\"valueRequired\":true,\"valueName\":\"search_term_string\"}}],\"inLanguage\":\"fi\"},{\"@type\":\"Organization\",\"@id\":\"https:\\\/\\\/miumjau.ee\\\/#organization\",\"name\":\"MiuMjau O\u00dc\",\"url\":\"https:\\\/\\\/miumjau.ee\\\/\",\"logo\":{\"@type\":\"ImageObject\",\"inLanguage\":\"fi\",\"@id\":\"https:\\\/\\\/miumjau.ee\\\/#\\\/schema\\\/logo\\\/image\\\/\",\"url\":\"https:\\\/\\\/miumjau.ee\\\/wp-content\\\/uploads\\\/2022\\\/04\\\/MiuMjau-logo-kollane.png\",\"contentUrl\":\"https:\\\/\\\/miumjau.ee\\\/wp-content\\\/uploads\\\/2022\\\/04\\\/MiuMjau-logo-kollane.png\",\"width\":219,\"height\":100,\"caption\":\"MiuMjau O\u00dc\"},\"image\":{\"@id\":\"https:\\\/\\\/miumjau.ee\\\/#\\\/schema\\\/logo\\\/image\\\/\"},\"sameAs\":[\"https:\\\/\\\/www.facebook.com\\\/miumjaupood\\\/\"]}]}<\/script>\n<!-- \/ Yoast SEO plugin. -->","yoast_head_json":{"title":"Koiran lelu Dog Comets Hypernova 15 cm, vihre\u00e4 - MiuMjau","robots":{"index":"index","follow":"follow","max-snippet":"max-snippet:-1","max-image-preview":"max-image-preview:large","max-video-preview":"max-video-preview:-1"},"canonical":"https:\/\/miumjau.ee\/fi\/tuote\/koiran-lelu-dog-comets-hypernova-15-cm-vihrea\/","og_locale":"fi_FI","og_type":"article","og_title":"Koiran lelu Dog Comets Hypernova 15 cm, vihre\u00e4 - MiuMjau","og_description":"Dog Comets Hypernova \u2013 kosmista leikin iloa parhaalle yst\u00e4v\u00e4llesi! Voimakkaimman r\u00e4j\u00e4hdyksen \u2013 HYPERNOVAN \u2013 j\u00e4lkeen universumi ajautui t\u00e4ydelliseen kaaokseen. Vuosien kuluessa n\u00e4m\u00e4 ainutlaatuiset Dog Comets Hypernova -pallot ovat kuitenkin saapuneet Maahan tarjotakseen koirallesi loputonta leikin riemua! \ud83d\udc3e Vahva ja kest\u00e4v\u00e4 \u2013 erityisesti koirille suunniteltu kolmikerroksinen rakenne:\u2714 Sis\u00e4kerros \u2013 vuotamaton kuminen ydin\u2714 V\u00e4likerros \u2013 pehment\u00e4v\u00e4 puuvillakerros\u2714 Ulkokerros \u2013 kest\u00e4v\u00e4 PU-materiaali, joka antaa pallolle pehmeytt\u00e4 ja hyv\u00e4n pompun \ud83d\udd39 Turvallinen koiran hampaille\ud83d\udd39 Helppo ottaa mukaan \u2013 vahvat nailonlenkit helpottavat heitt\u00e4mist\u00e4 ja noutamista\ud83d\udd39 Sopii leikkiin maalla ja vedess\u00e4 \u2013 pallo kelluu\ud83d\udd39 Mukana pumppu \u2013 pallon voi helposti t\u00e4ytt\u00e4\u00e4\ud83d\udd39 Koko: 15 cm Anna koirasi kokea kosminen ilo Dog Comets Hypernova -pallon kanssa \u2013 kest\u00e4v\u00e4, pomppiva ja t\u00e4ydellinen leikkikaveri jokaiselle energiselle nelijalkaiselle! \ud83d\ude80\ud83d\udc36","og_url":"https:\/\/miumjau.ee\/fi\/tuote\/koiran-lelu-dog-comets-hypernova-15-cm-vihrea\/","og_site_name":"MiuMjau","article_publisher":"https:\/\/www.facebook.com\/miumjaupood\/","article_modified_time":"2026-01-07T20:44:20+00:00","og_image":[{"width":600,"height":800,"url":"https:\/\/miumjau.ee\/wp-content\/uploads\/2025\/03\/manguasi-koerale-hypernova7.jpg","type":"image\/jpeg"}],"twitter_card":"summary_large_image","schema":{"@context":"https:\/\/schema.org","@graph":[{"@type":"WebPage","@id":"https:\/\/miumjau.ee\/fi\/tuote\/koiran-lelu-dog-comets-hypernova-15-cm-vihrea\/","url":"https:\/\/miumjau.ee\/fi\/tuote\/koiran-lelu-dog-comets-hypernova-15-cm-vihrea\/","name":"Koiran lelu Dog Comets Hypernova 15 cm, vihre\u00e4 - MiuMjau","isPartOf":{"@id":"https:\/\/miumjau.ee\/#website"},"primaryImageOfPage":{"@id":"https:\/\/miumjau.ee\/fi\/tuote\/koiran-lelu-dog-comets-hypernova-15-cm-vihrea\/#primaryimage"},"image":{"@id":"https:\/\/miumjau.ee\/fi\/tuote\/koiran-lelu-dog-comets-hypernova-15-cm-vihrea\/#primaryimage"},"thumbnailUrl":"https:\/\/miumjau.ee\/wp-content\/uploads\/2025\/03\/manguasi-koerale-hypernova7.jpg","datePublished":"2025-03-04T10:17:45+00:00","dateModified":"2026-01-07T20:44:20+00:00","breadcrumb":{"@id":"https:\/\/miumjau.ee\/fi\/tuote\/koiran-lelu-dog-comets-hypernova-15-cm-vihrea\/#breadcrumb"},"inLanguage":"fi","potentialAction":[{"@type":"ReadAction","target":["https:\/\/miumjau.ee\/fi\/tuote\/koiran-lelu-dog-comets-hypernova-15-cm-vihrea\/"]}]},{"@type":"ImageObject","inLanguage":"fi","@id":"https:\/\/miumjau.ee\/fi\/tuote\/koiran-lelu-dog-comets-hypernova-15-cm-vihrea\/#primaryimage","url":"https:\/\/miumjau.ee\/wp-content\/uploads\/2025\/03\/manguasi-koerale-hypernova7.jpg","contentUrl":"https:\/\/miumjau.ee\/wp-content\/uploads\/2025\/03\/manguasi-koerale-hypernova7.jpg","width":600,"height":800,"caption":"M\u00e4nguasi koerale Dog comets Hypernova 15cm, roheline"},{"@type":"BreadcrumbList","@id":"https:\/\/miumjau.ee\/fi\/tuote\/koiran-lelu-dog-comets-hypernova-15-cm-vihrea\/#breadcrumb","itemListElement":[{"@type":"ListItem","position":1,"name":"Home","item":"https:\/\/miumjau.ee\/fi\/"},{"@type":"ListItem","position":2,"name":"Kauppa","item":"https:\/\/miumjau.ee\/fi\/kauppa\/"},{"@type":"ListItem","position":3,"name":"Koiran lelu Dog Comets Hypernova 15 cm, vihre\u00e4"}]},{"@type":"WebSite","@id":"https:\/\/miumjau.ee\/#website","url":"https:\/\/miumjau.ee\/","name":"MiuMjau","description":"Kraapimispuud kassidele","publisher":{"@id":"https:\/\/miumjau.ee\/#organization"},"potentialAction":[{"@type":"SearchAction","target":{"@type":"EntryPoint","urlTemplate":"https:\/\/miumjau.ee\/?s={search_term_string}"},"query-input":{"@type":"PropertyValueSpecification","valueRequired":true,"valueName":"search_term_string"}}],"inLanguage":"fi"},{"@type":"Organization","@id":"https:\/\/miumjau.ee\/#organization","name":"MiuMjau O\u00dc","url":"https:\/\/miumjau.ee\/","logo":{"@type":"ImageObject","inLanguage":"fi","@id":"https:\/\/miumjau.ee\/#\/schema\/logo\/image\/","url":"https:\/\/miumjau.ee\/wp-content\/uploads\/2022\/04\/MiuMjau-logo-kollane.png","contentUrl":"https:\/\/miumjau.ee\/wp-content\/uploads\/2022\/04\/MiuMjau-logo-kollane.png","width":219,"height":100,"caption":"MiuMjau O\u00dc"},"image":{"@id":"https:\/\/miumjau.ee\/#\/schema\/logo\/image\/"},"sameAs":["https:\/\/www.facebook.com\/miumjaupood\/"]}]}},"_links":{"self":[{"href":"https:\/\/miumjau.ee\/fi\/wp-json\/wp\/v2\/product\/48726","targetHints":{"allow":["GET"]}}],"collection":[{"href":"https:\/\/miumjau.ee\/fi\/wp-json\/wp\/v2\/product"}],"about":[{"href":"https:\/\/miumjau.ee\/fi\/wp-json\/wp\/v2\/types\/product"}],"wp:featuredmedia":[{"embeddable":true,"href":"https:\/\/miumjau.ee\/fi\/wp-json\/wp\/v2\/media\/28005"}],"wp:attachment":[{"href":"https:\/\/miumjau.ee\/fi\/wp-json\/wp\/v2\/media?parent=48726"}],"wp:term":[{"taxonomy":"product_brand","embeddable":true,"href":"https:\/\/miumjau.ee\/fi\/wp-json\/wp\/v2\/product_brand?post=48726"},{"taxonomy":"product_cat","embeddable":true,"href":"https:\/\/miumjau.ee\/fi\/wp-json\/wp\/v2\/product_cat?post=48726"},{"taxonomy":"product_tag","embeddable":true,"href":"https:\/\/miumjau.ee\/fi\/wp-json\/wp\/v2\/product_tag?post=48726"}],"curies":[{"name":"wp","href":"https:\/\/api.w.org\/{rel}","templated":true}]}}