{"id":48692,"date":"2025-04-21T23:29:38","date_gmt":"2025-04-21T20:29:38","guid":{"rendered":"https:\/\/miumjau.ee\/toode\/kong-wubba-s-koiran-lelu\/"},"modified":"2026-01-07T22:44:20","modified_gmt":"2026-01-07T20:44:20","slug":"kong-wubba-s-koiran-lelu","status":"publish","type":"product","link":"https:\/\/miumjau.ee\/fi\/tuote\/kong-wubba-s-koiran-lelu\/","title":{"rendered":"KONG Wubba S koiran lelu"},"content":{"rendered":"","protected":false},"excerpt":{"rendered":"<p data-start=\"831\" data-end=\"910\"><strong data-start=\"831\" data-end=\"910\">KONG Wubba \u2013 t\u00e4ydellinen heitt\u00e4miseen, vet\u00e4miseen ja hauskoihin leikkeihin!<\/strong><\/p>\n<p data-start=\"912\" data-end=\"1214\">KONG Wubba on erityisesti koirille suunniteltu interaktiivinen lelu, joka tarjoaa hauskaa tekemist\u00e4 ja vahvistaa omistajan ja koiran v\u00e4list\u00e4 sidett\u00e4. Kest\u00e4v\u00e4 nailonp\u00e4\u00e4llinen k\u00e4tkee sis\u00e4\u00e4ns\u00e4 kaksi palloa \u2013 ylh\u00e4\u00e4ll\u00e4 tennispallon ja alhaalla vinkuvan pallon, jotka tekev\u00e4t leikist\u00e4 entist\u00e4 j\u00e4nnitt\u00e4v\u00e4mp\u00e4\u00e4.<\/p>\n<p data-start=\"1216\" data-end=\"1512\"><strong data-start=\"1216\" data-end=\"1244\">Miksi valita KONG Wubba?<\/strong><br data-start=\"1244\" data-end=\"1247\" \/>\u2714 Pitk\u00e4t h\u00e4nn\u00e4t \u2013 helppo tarttua, heitt\u00e4\u00e4 ja vet\u00e4\u00e4<br data-start=\"1297\" data-end=\"1300\" \/>\u2714 Kaksoispallorakenne \u2013 tennispallo + vinkuva pallo lis\u00e4\u00e4v\u00e4t leikin vauhtia<br data-start=\"1375\" data-end=\"1378\" \/>\u2714 Kest\u00e4v\u00e4 nailonmateriaali \u2013 lis\u00e4lujuutta aktiivisille koirille<br data-start=\"1441\" data-end=\"1444\" \/>\u2714 Vinkuva ydin \u2013 lis\u00e4\u00e4 j\u00e4nnityst\u00e4 ja houkuttelee koiraa leikkim\u00e4\u00e4n<\/p>\n<p data-start=\"1514\" data-end=\"1571\"><strong data-start=\"1514\" data-end=\"1523\">Koot:<\/strong><br data-start=\"1523\" data-end=\"1526\" \/>S \u2013 22,86 cm<br data-start=\"1538\" data-end=\"1541\" \/>L \u2013 33,02 cm<br data-start=\"1553\" data-end=\"1556\" \/>XL \u2013 43,18 cm<\/p>\n<p data-start=\"1573\" data-end=\"1597\"><strong data-start=\"1573\" data-end=\"1597\">V\u00e4ri on satunnainen!<\/strong><\/p>\n","protected":false},"featured_media":32463,"template":"","meta":[],"product_brand":[],"product_cat":[484],"product_tag":[],"class_list":{"0":"post-48692","1":"product","2":"type-product","3":"status-publish","4":"has-post-thumbnail","6":"product_cat-lelut-koirille","8":"first","9":"instock","10":"taxable","11":"shipping-taxable","12":"purchasable","13":"product-type-simple"},"yoast_head":"<!-- This site is optimized with the Yoast SEO plugin v27.2 - https:\/\/yoast.com\/product\/yoast-seo-wordpress\/ -->\n<title>KONG Wubba S koiran lelu - MiuMjau<\/title>\n<meta name=\"robots\" content=\"index, follow, max-snippet:-1, max-image-preview:large, max-video-preview:-1\" \/>\n<link rel=\"canonical\" href=\"https:\/\/miumjau.ee\/fi\/tuote\/kong-wubba-s-koiran-lelu\/\" \/>\n<meta property=\"og:locale\" content=\"fi_FI\" \/>\n<meta property=\"og:type\" content=\"article\" \/>\n<meta property=\"og:title\" content=\"KONG Wubba S koiran lelu - MiuMjau\" \/>\n<meta property=\"og:description\" content=\"KONG Wubba \u2013 t\u00e4ydellinen heitt\u00e4miseen, vet\u00e4miseen ja hauskoihin leikkeihin! KONG Wubba on erityisesti koirille suunniteltu interaktiivinen lelu, joka tarjoaa hauskaa tekemist\u00e4 ja vahvistaa omistajan ja koiran v\u00e4list\u00e4 sidett\u00e4. Kest\u00e4v\u00e4 nailonp\u00e4\u00e4llinen k\u00e4tkee sis\u00e4\u00e4ns\u00e4 kaksi palloa \u2013 ylh\u00e4\u00e4ll\u00e4 tennispallon ja alhaalla vinkuvan pallon, jotka tekev\u00e4t leikist\u00e4 entist\u00e4 j\u00e4nnitt\u00e4v\u00e4mp\u00e4\u00e4. Miksi valita KONG Wubba?\u2714 Pitk\u00e4t h\u00e4nn\u00e4t \u2013 helppo tarttua, heitt\u00e4\u00e4 ja vet\u00e4\u00e4\u2714 Kaksoispallorakenne \u2013 tennispallo + vinkuva pallo lis\u00e4\u00e4v\u00e4t leikin vauhtia\u2714 Kest\u00e4v\u00e4 nailonmateriaali \u2013 lis\u00e4lujuutta aktiivisille koirille\u2714 Vinkuva ydin \u2013 lis\u00e4\u00e4 j\u00e4nnityst\u00e4 ja houkuttelee koiraa leikkim\u00e4\u00e4n Koot:S \u2013 22,86 cmL \u2013 33,02 cmXL \u2013 43,18 cm V\u00e4ri on satunnainen!\" \/>\n<meta property=\"og:url\" content=\"https:\/\/miumjau.ee\/fi\/tuote\/kong-wubba-s-koiran-lelu\/\" \/>\n<meta property=\"og:site_name\" content=\"MiuMjau\" \/>\n<meta property=\"article:publisher\" content=\"https:\/\/www.facebook.com\/miumjaupood\/\" \/>\n<meta property=\"article:modified_time\" content=\"2026-01-07T20:44:20+00:00\" \/>\n<meta property=\"og:image\" content=\"https:\/\/miumjau.ee\/wp-content\/uploads\/2025\/04\/kong-wubba-manguasi-koertele-1.webp\" \/>\n\t<meta property=\"og:image:width\" content=\"600\" \/>\n\t<meta property=\"og:image:height\" content=\"799\" \/>\n\t<meta property=\"og:image:type\" content=\"image\/webp\" \/>\n<meta name=\"twitter:card\" content=\"summary_large_image\" \/>\n<script type=\"application\/ld+json\" class=\"yoast-schema-graph\">{\"@context\":\"https:\/\/schema.org\",\"@graph\":[{\"@type\":\"WebPage\",\"@id\":\"https:\/\/miumjau.ee\/fi\/tuote\/kong-wubba-s-koiran-lelu\/\",\"url\":\"https:\/\/miumjau.ee\/fi\/tuote\/kong-wubba-s-koiran-lelu\/\",\"name\":\"KONG Wubba S koiran lelu - MiuMjau\",\"isPartOf\":{\"@id\":\"https:\/\/miumjau.ee\/#website\"},\"primaryImageOfPage\":{\"@id\":\"https:\/\/miumjau.ee\/fi\/tuote\/kong-wubba-s-koiran-lelu\/#primaryimage\"},\"image\":{\"@id\":\"https:\/\/miumjau.ee\/fi\/tuote\/kong-wubba-s-koiran-lelu\/#primaryimage\"},\"thumbnailUrl\":\"https:\/\/miumjau.ee\/wp-content\/uploads\/2025\/04\/kong-wubba-manguasi-koertele-1.webp\",\"datePublished\":\"2025-04-21T20:29:38+00:00\",\"dateModified\":\"2026-01-07T20:44:20+00:00\",\"breadcrumb\":{\"@id\":\"https:\/\/miumjau.ee\/fi\/tuote\/kong-wubba-s-koiran-lelu\/#breadcrumb\"},\"inLanguage\":\"fi\",\"potentialAction\":[{\"@type\":\"ReadAction\",\"target\":[\"https:\/\/miumjau.ee\/fi\/tuote\/kong-wubba-s-koiran-lelu\/\"]}]},{\"@type\":\"ImageObject\",\"inLanguage\":\"fi\",\"@id\":\"https:\/\/miumjau.ee\/fi\/tuote\/kong-wubba-s-koiran-lelu\/#primaryimage\",\"url\":\"https:\/\/miumjau.ee\/wp-content\/uploads\/2025\/04\/kong-wubba-manguasi-koertele-1.webp\",\"contentUrl\":\"https:\/\/miumjau.ee\/wp-content\/uploads\/2025\/04\/kong-wubba-manguasi-koertele-1.webp\",\"width\":600,\"height\":799,\"caption\":\"Kong Wubba m\u00e4nguasi koertele\"},{\"@type\":\"BreadcrumbList\",\"@id\":\"https:\/\/miumjau.ee\/fi\/tuote\/kong-wubba-s-koiran-lelu\/#breadcrumb\",\"itemListElement\":[{\"@type\":\"ListItem\",\"position\":1,\"name\":\"Home\",\"item\":\"https:\/\/miumjau.ee\/fi\/\"},{\"@type\":\"ListItem\",\"position\":2,\"name\":\"Kauppa\",\"item\":\"https:\/\/miumjau.ee\/fi\/kauppa\/\"},{\"@type\":\"ListItem\",\"position\":3,\"name\":\"KONG Wubba S koiran lelu\"}]},{\"@type\":\"WebSite\",\"@id\":\"https:\/\/miumjau.ee\/#website\",\"url\":\"https:\/\/miumjau.ee\/\",\"name\":\"MiuMjau\",\"description\":\"Kraapimispuud kassidele\",\"publisher\":{\"@id\":\"https:\/\/miumjau.ee\/#organization\"},\"potentialAction\":[{\"@type\":\"SearchAction\",\"target\":{\"@type\":\"EntryPoint\",\"urlTemplate\":\"https:\/\/miumjau.ee\/?s={search_term_string}\"},\"query-input\":{\"@type\":\"PropertyValueSpecification\",\"valueRequired\":true,\"valueName\":\"search_term_string\"}}],\"inLanguage\":\"fi\"},{\"@type\":\"Organization\",\"@id\":\"https:\/\/miumjau.ee\/#organization\",\"name\":\"MiuMjau O\u00dc\",\"url\":\"https:\/\/miumjau.ee\/\",\"logo\":{\"@type\":\"ImageObject\",\"inLanguage\":\"fi\",\"@id\":\"https:\/\/miumjau.ee\/#\/schema\/logo\/image\/\",\"url\":\"https:\/\/miumjau.ee\/wp-content\/uploads\/2022\/04\/MiuMjau-logo-kollane.png\",\"contentUrl\":\"https:\/\/miumjau.ee\/wp-content\/uploads\/2022\/04\/MiuMjau-logo-kollane.png\",\"width\":219,\"height\":100,\"caption\":\"MiuMjau O\u00dc\"},\"image\":{\"@id\":\"https:\/\/miumjau.ee\/#\/schema\/logo\/image\/\"},\"sameAs\":[\"https:\/\/www.facebook.com\/miumjaupood\/\"]}]}<\/script>\n<!-- \/ Yoast SEO plugin. -->","yoast_head_json":{"title":"KONG Wubba S koiran lelu - MiuMjau","robots":{"index":"index","follow":"follow","max-snippet":"max-snippet:-1","max-image-preview":"max-image-preview:large","max-video-preview":"max-video-preview:-1"},"canonical":"https:\/\/miumjau.ee\/fi\/tuote\/kong-wubba-s-koiran-lelu\/","og_locale":"fi_FI","og_type":"article","og_title":"KONG Wubba S koiran lelu - MiuMjau","og_description":"KONG Wubba \u2013 t\u00e4ydellinen heitt\u00e4miseen, vet\u00e4miseen ja hauskoihin leikkeihin! KONG Wubba on erityisesti koirille suunniteltu interaktiivinen lelu, joka tarjoaa hauskaa tekemist\u00e4 ja vahvistaa omistajan ja koiran v\u00e4list\u00e4 sidett\u00e4. Kest\u00e4v\u00e4 nailonp\u00e4\u00e4llinen k\u00e4tkee sis\u00e4\u00e4ns\u00e4 kaksi palloa \u2013 ylh\u00e4\u00e4ll\u00e4 tennispallon ja alhaalla vinkuvan pallon, jotka tekev\u00e4t leikist\u00e4 entist\u00e4 j\u00e4nnitt\u00e4v\u00e4mp\u00e4\u00e4. Miksi valita KONG Wubba?\u2714 Pitk\u00e4t h\u00e4nn\u00e4t \u2013 helppo tarttua, heitt\u00e4\u00e4 ja vet\u00e4\u00e4\u2714 Kaksoispallorakenne \u2013 tennispallo + vinkuva pallo lis\u00e4\u00e4v\u00e4t leikin vauhtia\u2714 Kest\u00e4v\u00e4 nailonmateriaali \u2013 lis\u00e4lujuutta aktiivisille koirille\u2714 Vinkuva ydin \u2013 lis\u00e4\u00e4 j\u00e4nnityst\u00e4 ja houkuttelee koiraa leikkim\u00e4\u00e4n Koot:S \u2013 22,86 cmL \u2013 33,02 cmXL \u2013 43,18 cm V\u00e4ri on satunnainen!","og_url":"https:\/\/miumjau.ee\/fi\/tuote\/kong-wubba-s-koiran-lelu\/","og_site_name":"MiuMjau","article_publisher":"https:\/\/www.facebook.com\/miumjaupood\/","article_modified_time":"2026-01-07T20:44:20+00:00","og_image":[{"width":600,"height":799,"url":"https:\/\/miumjau.ee\/wp-content\/uploads\/2025\/04\/kong-wubba-manguasi-koertele-1.webp","type":"image\/webp"}],"twitter_card":"summary_large_image","schema":{"@context":"https:\/\/schema.org","@graph":[{"@type":"WebPage","@id":"https:\/\/miumjau.ee\/fi\/tuote\/kong-wubba-s-koiran-lelu\/","url":"https:\/\/miumjau.ee\/fi\/tuote\/kong-wubba-s-koiran-lelu\/","name":"KONG Wubba S koiran lelu - MiuMjau","isPartOf":{"@id":"https:\/\/miumjau.ee\/#website"},"primaryImageOfPage":{"@id":"https:\/\/miumjau.ee\/fi\/tuote\/kong-wubba-s-koiran-lelu\/#primaryimage"},"image":{"@id":"https:\/\/miumjau.ee\/fi\/tuote\/kong-wubba-s-koiran-lelu\/#primaryimage"},"thumbnailUrl":"https:\/\/miumjau.ee\/wp-content\/uploads\/2025\/04\/kong-wubba-manguasi-koertele-1.webp","datePublished":"2025-04-21T20:29:38+00:00","dateModified":"2026-01-07T20:44:20+00:00","breadcrumb":{"@id":"https:\/\/miumjau.ee\/fi\/tuote\/kong-wubba-s-koiran-lelu\/#breadcrumb"},"inLanguage":"fi","potentialAction":[{"@type":"ReadAction","target":["https:\/\/miumjau.ee\/fi\/tuote\/kong-wubba-s-koiran-lelu\/"]}]},{"@type":"ImageObject","inLanguage":"fi","@id":"https:\/\/miumjau.ee\/fi\/tuote\/kong-wubba-s-koiran-lelu\/#primaryimage","url":"https:\/\/miumjau.ee\/wp-content\/uploads\/2025\/04\/kong-wubba-manguasi-koertele-1.webp","contentUrl":"https:\/\/miumjau.ee\/wp-content\/uploads\/2025\/04\/kong-wubba-manguasi-koertele-1.webp","width":600,"height":799,"caption":"Kong Wubba m\u00e4nguasi koertele"},{"@type":"BreadcrumbList","@id":"https:\/\/miumjau.ee\/fi\/tuote\/kong-wubba-s-koiran-lelu\/#breadcrumb","itemListElement":[{"@type":"ListItem","position":1,"name":"Home","item":"https:\/\/miumjau.ee\/fi\/"},{"@type":"ListItem","position":2,"name":"Kauppa","item":"https:\/\/miumjau.ee\/fi\/kauppa\/"},{"@type":"ListItem","position":3,"name":"KONG Wubba S koiran lelu"}]},{"@type":"WebSite","@id":"https:\/\/miumjau.ee\/#website","url":"https:\/\/miumjau.ee\/","name":"MiuMjau","description":"Kraapimispuud kassidele","publisher":{"@id":"https:\/\/miumjau.ee\/#organization"},"potentialAction":[{"@type":"SearchAction","target":{"@type":"EntryPoint","urlTemplate":"https:\/\/miumjau.ee\/?s={search_term_string}"},"query-input":{"@type":"PropertyValueSpecification","valueRequired":true,"valueName":"search_term_string"}}],"inLanguage":"fi"},{"@type":"Organization","@id":"https:\/\/miumjau.ee\/#organization","name":"MiuMjau O\u00dc","url":"https:\/\/miumjau.ee\/","logo":{"@type":"ImageObject","inLanguage":"fi","@id":"https:\/\/miumjau.ee\/#\/schema\/logo\/image\/","url":"https:\/\/miumjau.ee\/wp-content\/uploads\/2022\/04\/MiuMjau-logo-kollane.png","contentUrl":"https:\/\/miumjau.ee\/wp-content\/uploads\/2022\/04\/MiuMjau-logo-kollane.png","width":219,"height":100,"caption":"MiuMjau O\u00dc"},"image":{"@id":"https:\/\/miumjau.ee\/#\/schema\/logo\/image\/"},"sameAs":["https:\/\/www.facebook.com\/miumjaupood\/"]}]}},"_links":{"self":[{"href":"https:\/\/miumjau.ee\/fi\/wp-json\/wp\/v2\/product\/48692","targetHints":{"allow":["GET"]}}],"collection":[{"href":"https:\/\/miumjau.ee\/fi\/wp-json\/wp\/v2\/product"}],"about":[{"href":"https:\/\/miumjau.ee\/fi\/wp-json\/wp\/v2\/types\/product"}],"wp:featuredmedia":[{"embeddable":true,"href":"https:\/\/miumjau.ee\/fi\/wp-json\/wp\/v2\/media\/32463"}],"wp:attachment":[{"href":"https:\/\/miumjau.ee\/fi\/wp-json\/wp\/v2\/media?parent=48692"}],"wp:term":[{"taxonomy":"product_brand","embeddable":true,"href":"https:\/\/miumjau.ee\/fi\/wp-json\/wp\/v2\/product_brand?post=48692"},{"taxonomy":"product_cat","embeddable":true,"href":"https:\/\/miumjau.ee\/fi\/wp-json\/wp\/v2\/product_cat?post=48692"},{"taxonomy":"product_tag","embeddable":true,"href":"https:\/\/miumjau.ee\/fi\/wp-json\/wp\/v2\/product_tag?post=48692"}],"curies":[{"name":"wp","href":"https:\/\/api.w.org\/{rel}","templated":true}]}}