{"id":48682,"date":"2025-05-03T08:56:22","date_gmt":"2025-05-03T05:56:22","guid":{"rendered":"https:\/\/miumjau.ee\/toode\/koiran-uima-allas-coolpets-80-x-20-cm\/"},"modified":"2026-01-07T22:44:27","modified_gmt":"2026-01-07T20:44:27","slug":"koiran-uima-allas-coolpets-80-x-20-cm","status":"publish","type":"product","link":"https:\/\/miumjau.ee\/fi\/tuote\/koiran-uima-allas-coolpets-80-x-20-cm\/","title":{"rendered":"Koiran uima-allas Coolpets 80 x 20 cm"},"content":{"rendered":"","protected":false},"excerpt":{"rendered":"<p data-start=\"973\" data-end=\"1289\">T\u00e4m\u00e4 allas tarjoaa koirille parhaan mahdollisuuden viilenty\u00e4!<br data-start=\"1034\" data-end=\"1037\" \/>Valmistettu eritt\u00e4in kest\u00e4vist\u00e4 materiaaleista, joten se soveltuu pitk\u00e4aikaiseen k\u00e4ytt\u00f6\u00f6n. Altaan sein\u00e4t ja pohja on p\u00e4\u00e4llystetty liukumattomalla materiaalilla. Materiaali on UV-kest\u00e4v\u00e4 ja varustettu tyhjennystulpalla, joka helpottaa veden poistamista.<\/p>\n<p data-start=\"1291\" data-end=\"1375\">K\u00e4ytett\u00e4v\u00e4 tasaisella alustalla, jonka alla ei ole kivi\u00e4 tai muita ter\u00e4vi\u00e4 esineit\u00e4.<\/p>\n<p data-start=\"1377\" data-end=\"1680\"><strong data-start=\"1377\" data-end=\"1386\">Edut:<\/strong><br data-start=\"1386\" data-end=\"1389\" \/>\u2714\ufe0f Tarjoaa miellytt\u00e4v\u00e4\u00e4 viilennyst\u00e4<br data-start=\"1424\" data-end=\"1427\" \/>\u2714\ufe0f Helppo sijoittaa pihalle, terassille tai parvekkeelle<br data-start=\"1483\" data-end=\"1486\" \/>\u2714\ufe0f V\u00e4hent\u00e4\u00e4 ylikuumenemisen riski\u00e4<br data-start=\"1520\" data-end=\"1523\" \/>\u2714\ufe0f Liukumaton pohja ja reunat<br data-start=\"1552\" data-end=\"1555\" \/>\u2714\ufe0f Tulppa helppoa tyhjennyst\u00e4 varten<br data-start=\"1591\" data-end=\"1594\" \/>\u2714\ufe0f Taitettava ja kompakti s\u00e4ilytyst\u00e4 varten talvikaudella<br data-start=\"1651\" data-end=\"1654\" \/>\u2714\ufe0f UV-kest\u00e4v\u00e4 materiaali<\/p>\n<p data-start=\"1682\" data-end=\"1750\"><strong data-start=\"1682\" data-end=\"1692\">Mitat:<\/strong><br data-start=\"1692\" data-end=\"1695\" \/>S: \u00f8 80 x 20 cm<br data-start=\"1710\" data-end=\"1713\" \/>M: \u00f8 100 x 25 cm<br data-start=\"1729\" data-end=\"1732\" \/>L: \u00f8 120 x 30 cm<\/p>\n","protected":false},"featured_media":33778,"template":"","meta":[],"product_brand":[],"product_cat":[484],"product_tag":[],"class_list":{"0":"post-48682","1":"product","2":"type-product","3":"status-publish","4":"has-post-thumbnail","6":"product_cat-lelut-koirille","8":"first","9":"instock","10":"sale","11":"taxable","12":"shipping-taxable","13":"purchasable","14":"product-type-simple"},"yoast_head":"<!-- This site is optimized with the Yoast SEO plugin v27.4 - https:\/\/yoast.com\/product\/yoast-seo-wordpress\/ -->\n<title>Koiran uima-allas Coolpets 80 x 20 cm - MiuMjau<\/title>\n<meta name=\"robots\" content=\"index, follow, max-snippet:-1, max-image-preview:large, max-video-preview:-1\" \/>\n<link rel=\"canonical\" href=\"https:\/\/miumjau.ee\/fi\/tuote\/koiran-uima-allas-coolpets-80-x-20-cm\/\" \/>\n<meta property=\"og:locale\" content=\"fi_FI\" \/>\n<meta property=\"og:type\" content=\"article\" \/>\n<meta property=\"og:title\" content=\"Koiran uima-allas Coolpets 80 x 20 cm - MiuMjau\" \/>\n<meta property=\"og:description\" content=\"T\u00e4m\u00e4 allas tarjoaa koirille parhaan mahdollisuuden viilenty\u00e4!Valmistettu eritt\u00e4in kest\u00e4vist\u00e4 materiaaleista, joten se soveltuu pitk\u00e4aikaiseen k\u00e4ytt\u00f6\u00f6n. Altaan sein\u00e4t ja pohja on p\u00e4\u00e4llystetty liukumattomalla materiaalilla. Materiaali on UV-kest\u00e4v\u00e4 ja varustettu tyhjennystulpalla, joka helpottaa veden poistamista. K\u00e4ytett\u00e4v\u00e4 tasaisella alustalla, jonka alla ei ole kivi\u00e4 tai muita ter\u00e4vi\u00e4 esineit\u00e4. Edut:\u2714\ufe0f Tarjoaa miellytt\u00e4v\u00e4\u00e4 viilennyst\u00e4\u2714\ufe0f Helppo sijoittaa pihalle, terassille tai parvekkeelle\u2714\ufe0f V\u00e4hent\u00e4\u00e4 ylikuumenemisen riski\u00e4\u2714\ufe0f Liukumaton pohja ja reunat\u2714\ufe0f Tulppa helppoa tyhjennyst\u00e4 varten\u2714\ufe0f Taitettava ja kompakti s\u00e4ilytyst\u00e4 varten talvikaudella\u2714\ufe0f UV-kest\u00e4v\u00e4 materiaali Mitat:S: \u00f8 80 x 20 cmM: \u00f8 100 x 25 cmL: \u00f8 120 x 30 cm\" \/>\n<meta property=\"og:url\" content=\"https:\/\/miumjau.ee\/fi\/tuote\/koiran-uima-allas-coolpets-80-x-20-cm\/\" \/>\n<meta property=\"og:site_name\" content=\"MiuMjau\" \/>\n<meta property=\"article:publisher\" content=\"https:\/\/www.facebook.com\/miumjaupood\/\" \/>\n<meta property=\"article:modified_time\" content=\"2026-01-07T20:44:27+00:00\" \/>\n<meta property=\"og:image\" content=\"https:\/\/miumjau.ee\/wp-content\/uploads\/2025\/05\/koerte-bassein-coolpets4.webp\" \/>\n\t<meta property=\"og:image:width\" content=\"600\" \/>\n\t<meta property=\"og:image:height\" content=\"800\" \/>\n\t<meta property=\"og:image:type\" content=\"image\/webp\" \/>\n<meta name=\"twitter:card\" content=\"summary_large_image\" \/>\n<script type=\"application\/ld+json\" class=\"yoast-schema-graph\">{\"@context\":\"https:\\\/\\\/schema.org\",\"@graph\":[{\"@type\":\"WebPage\",\"@id\":\"https:\\\/\\\/miumjau.ee\\\/fi\\\/tuote\\\/koiran-uima-allas-coolpets-80-x-20-cm\\\/\",\"url\":\"https:\\\/\\\/miumjau.ee\\\/fi\\\/tuote\\\/koiran-uima-allas-coolpets-80-x-20-cm\\\/\",\"name\":\"Koiran uima-allas Coolpets 80 x 20 cm - MiuMjau\",\"isPartOf\":{\"@id\":\"https:\\\/\\\/miumjau.ee\\\/#website\"},\"primaryImageOfPage\":{\"@id\":\"https:\\\/\\\/miumjau.ee\\\/fi\\\/tuote\\\/koiran-uima-allas-coolpets-80-x-20-cm\\\/#primaryimage\"},\"image\":{\"@id\":\"https:\\\/\\\/miumjau.ee\\\/fi\\\/tuote\\\/koiran-uima-allas-coolpets-80-x-20-cm\\\/#primaryimage\"},\"thumbnailUrl\":\"https:\\\/\\\/miumjau.ee\\\/wp-content\\\/uploads\\\/2025\\\/05\\\/koerte-bassein-coolpets4.webp\",\"datePublished\":\"2025-05-03T05:56:22+00:00\",\"dateModified\":\"2026-01-07T20:44:27+00:00\",\"breadcrumb\":{\"@id\":\"https:\\\/\\\/miumjau.ee\\\/fi\\\/tuote\\\/koiran-uima-allas-coolpets-80-x-20-cm\\\/#breadcrumb\"},\"inLanguage\":\"fi\",\"potentialAction\":[{\"@type\":\"ReadAction\",\"target\":[\"https:\\\/\\\/miumjau.ee\\\/fi\\\/tuote\\\/koiran-uima-allas-coolpets-80-x-20-cm\\\/\"]}]},{\"@type\":\"ImageObject\",\"inLanguage\":\"fi\",\"@id\":\"https:\\\/\\\/miumjau.ee\\\/fi\\\/tuote\\\/koiran-uima-allas-coolpets-80-x-20-cm\\\/#primaryimage\",\"url\":\"https:\\\/\\\/miumjau.ee\\\/wp-content\\\/uploads\\\/2025\\\/05\\\/koerte-bassein-coolpets4.webp\",\"contentUrl\":\"https:\\\/\\\/miumjau.ee\\\/wp-content\\\/uploads\\\/2025\\\/05\\\/koerte-bassein-coolpets4.webp\",\"width\":600,\"height\":800,\"caption\":\"Koerte bassein Coolpets 80x20cm\"},{\"@type\":\"BreadcrumbList\",\"@id\":\"https:\\\/\\\/miumjau.ee\\\/fi\\\/tuote\\\/koiran-uima-allas-coolpets-80-x-20-cm\\\/#breadcrumb\",\"itemListElement\":[{\"@type\":\"ListItem\",\"position\":1,\"name\":\"Home\",\"item\":\"https:\\\/\\\/miumjau.ee\\\/fi\\\/\"},{\"@type\":\"ListItem\",\"position\":2,\"name\":\"Kauppa\",\"item\":\"https:\\\/\\\/miumjau.ee\\\/fi\\\/kauppa\\\/\"},{\"@type\":\"ListItem\",\"position\":3,\"name\":\"Koiran uima-allas Coolpets 80 x 20 cm\"}]},{\"@type\":\"WebSite\",\"@id\":\"https:\\\/\\\/miumjau.ee\\\/#website\",\"url\":\"https:\\\/\\\/miumjau.ee\\\/\",\"name\":\"MiuMjau\",\"description\":\"Kraapimispuud kassidele\",\"publisher\":{\"@id\":\"https:\\\/\\\/miumjau.ee\\\/#organization\"},\"potentialAction\":[{\"@type\":\"SearchAction\",\"target\":{\"@type\":\"EntryPoint\",\"urlTemplate\":\"https:\\\/\\\/miumjau.ee\\\/?s={search_term_string}\"},\"query-input\":{\"@type\":\"PropertyValueSpecification\",\"valueRequired\":true,\"valueName\":\"search_term_string\"}}],\"inLanguage\":\"fi\"},{\"@type\":\"Organization\",\"@id\":\"https:\\\/\\\/miumjau.ee\\\/#organization\",\"name\":\"MiuMjau O\u00dc\",\"url\":\"https:\\\/\\\/miumjau.ee\\\/\",\"logo\":{\"@type\":\"ImageObject\",\"inLanguage\":\"fi\",\"@id\":\"https:\\\/\\\/miumjau.ee\\\/#\\\/schema\\\/logo\\\/image\\\/\",\"url\":\"https:\\\/\\\/miumjau.ee\\\/wp-content\\\/uploads\\\/2022\\\/04\\\/MiuMjau-logo-kollane.png\",\"contentUrl\":\"https:\\\/\\\/miumjau.ee\\\/wp-content\\\/uploads\\\/2022\\\/04\\\/MiuMjau-logo-kollane.png\",\"width\":219,\"height\":100,\"caption\":\"MiuMjau O\u00dc\"},\"image\":{\"@id\":\"https:\\\/\\\/miumjau.ee\\\/#\\\/schema\\\/logo\\\/image\\\/\"},\"sameAs\":[\"https:\\\/\\\/www.facebook.com\\\/miumjaupood\\\/\"]}]}<\/script>\n<!-- \/ Yoast SEO plugin. -->","yoast_head_json":{"title":"Koiran uima-allas Coolpets 80 x 20 cm - MiuMjau","robots":{"index":"index","follow":"follow","max-snippet":"max-snippet:-1","max-image-preview":"max-image-preview:large","max-video-preview":"max-video-preview:-1"},"canonical":"https:\/\/miumjau.ee\/fi\/tuote\/koiran-uima-allas-coolpets-80-x-20-cm\/","og_locale":"fi_FI","og_type":"article","og_title":"Koiran uima-allas Coolpets 80 x 20 cm - MiuMjau","og_description":"T\u00e4m\u00e4 allas tarjoaa koirille parhaan mahdollisuuden viilenty\u00e4!Valmistettu eritt\u00e4in kest\u00e4vist\u00e4 materiaaleista, joten se soveltuu pitk\u00e4aikaiseen k\u00e4ytt\u00f6\u00f6n. Altaan sein\u00e4t ja pohja on p\u00e4\u00e4llystetty liukumattomalla materiaalilla. Materiaali on UV-kest\u00e4v\u00e4 ja varustettu tyhjennystulpalla, joka helpottaa veden poistamista. K\u00e4ytett\u00e4v\u00e4 tasaisella alustalla, jonka alla ei ole kivi\u00e4 tai muita ter\u00e4vi\u00e4 esineit\u00e4. Edut:\u2714\ufe0f Tarjoaa miellytt\u00e4v\u00e4\u00e4 viilennyst\u00e4\u2714\ufe0f Helppo sijoittaa pihalle, terassille tai parvekkeelle\u2714\ufe0f V\u00e4hent\u00e4\u00e4 ylikuumenemisen riski\u00e4\u2714\ufe0f Liukumaton pohja ja reunat\u2714\ufe0f Tulppa helppoa tyhjennyst\u00e4 varten\u2714\ufe0f Taitettava ja kompakti s\u00e4ilytyst\u00e4 varten talvikaudella\u2714\ufe0f UV-kest\u00e4v\u00e4 materiaali Mitat:S: \u00f8 80 x 20 cmM: \u00f8 100 x 25 cmL: \u00f8 120 x 30 cm","og_url":"https:\/\/miumjau.ee\/fi\/tuote\/koiran-uima-allas-coolpets-80-x-20-cm\/","og_site_name":"MiuMjau","article_publisher":"https:\/\/www.facebook.com\/miumjaupood\/","article_modified_time":"2026-01-07T20:44:27+00:00","og_image":[{"width":600,"height":800,"url":"https:\/\/miumjau.ee\/wp-content\/uploads\/2025\/05\/koerte-bassein-coolpets4.webp","type":"image\/webp"}],"twitter_card":"summary_large_image","schema":{"@context":"https:\/\/schema.org","@graph":[{"@type":"WebPage","@id":"https:\/\/miumjau.ee\/fi\/tuote\/koiran-uima-allas-coolpets-80-x-20-cm\/","url":"https:\/\/miumjau.ee\/fi\/tuote\/koiran-uima-allas-coolpets-80-x-20-cm\/","name":"Koiran uima-allas Coolpets 80 x 20 cm - MiuMjau","isPartOf":{"@id":"https:\/\/miumjau.ee\/#website"},"primaryImageOfPage":{"@id":"https:\/\/miumjau.ee\/fi\/tuote\/koiran-uima-allas-coolpets-80-x-20-cm\/#primaryimage"},"image":{"@id":"https:\/\/miumjau.ee\/fi\/tuote\/koiran-uima-allas-coolpets-80-x-20-cm\/#primaryimage"},"thumbnailUrl":"https:\/\/miumjau.ee\/wp-content\/uploads\/2025\/05\/koerte-bassein-coolpets4.webp","datePublished":"2025-05-03T05:56:22+00:00","dateModified":"2026-01-07T20:44:27+00:00","breadcrumb":{"@id":"https:\/\/miumjau.ee\/fi\/tuote\/koiran-uima-allas-coolpets-80-x-20-cm\/#breadcrumb"},"inLanguage":"fi","potentialAction":[{"@type":"ReadAction","target":["https:\/\/miumjau.ee\/fi\/tuote\/koiran-uima-allas-coolpets-80-x-20-cm\/"]}]},{"@type":"ImageObject","inLanguage":"fi","@id":"https:\/\/miumjau.ee\/fi\/tuote\/koiran-uima-allas-coolpets-80-x-20-cm\/#primaryimage","url":"https:\/\/miumjau.ee\/wp-content\/uploads\/2025\/05\/koerte-bassein-coolpets4.webp","contentUrl":"https:\/\/miumjau.ee\/wp-content\/uploads\/2025\/05\/koerte-bassein-coolpets4.webp","width":600,"height":800,"caption":"Koerte bassein Coolpets 80x20cm"},{"@type":"BreadcrumbList","@id":"https:\/\/miumjau.ee\/fi\/tuote\/koiran-uima-allas-coolpets-80-x-20-cm\/#breadcrumb","itemListElement":[{"@type":"ListItem","position":1,"name":"Home","item":"https:\/\/miumjau.ee\/fi\/"},{"@type":"ListItem","position":2,"name":"Kauppa","item":"https:\/\/miumjau.ee\/fi\/kauppa\/"},{"@type":"ListItem","position":3,"name":"Koiran uima-allas Coolpets 80 x 20 cm"}]},{"@type":"WebSite","@id":"https:\/\/miumjau.ee\/#website","url":"https:\/\/miumjau.ee\/","name":"MiuMjau","description":"Kraapimispuud kassidele","publisher":{"@id":"https:\/\/miumjau.ee\/#organization"},"potentialAction":[{"@type":"SearchAction","target":{"@type":"EntryPoint","urlTemplate":"https:\/\/miumjau.ee\/?s={search_term_string}"},"query-input":{"@type":"PropertyValueSpecification","valueRequired":true,"valueName":"search_term_string"}}],"inLanguage":"fi"},{"@type":"Organization","@id":"https:\/\/miumjau.ee\/#organization","name":"MiuMjau O\u00dc","url":"https:\/\/miumjau.ee\/","logo":{"@type":"ImageObject","inLanguage":"fi","@id":"https:\/\/miumjau.ee\/#\/schema\/logo\/image\/","url":"https:\/\/miumjau.ee\/wp-content\/uploads\/2022\/04\/MiuMjau-logo-kollane.png","contentUrl":"https:\/\/miumjau.ee\/wp-content\/uploads\/2022\/04\/MiuMjau-logo-kollane.png","width":219,"height":100,"caption":"MiuMjau O\u00dc"},"image":{"@id":"https:\/\/miumjau.ee\/#\/schema\/logo\/image\/"},"sameAs":["https:\/\/www.facebook.com\/miumjaupood\/"]}]}},"_links":{"self":[{"href":"https:\/\/miumjau.ee\/fi\/wp-json\/wp\/v2\/product\/48682","targetHints":{"allow":["GET"]}}],"collection":[{"href":"https:\/\/miumjau.ee\/fi\/wp-json\/wp\/v2\/product"}],"about":[{"href":"https:\/\/miumjau.ee\/fi\/wp-json\/wp\/v2\/types\/product"}],"wp:featuredmedia":[{"embeddable":true,"href":"https:\/\/miumjau.ee\/fi\/wp-json\/wp\/v2\/media\/33778"}],"wp:attachment":[{"href":"https:\/\/miumjau.ee\/fi\/wp-json\/wp\/v2\/media?parent=48682"}],"wp:term":[{"taxonomy":"product_brand","embeddable":true,"href":"https:\/\/miumjau.ee\/fi\/wp-json\/wp\/v2\/product_brand?post=48682"},{"taxonomy":"product_cat","embeddable":true,"href":"https:\/\/miumjau.ee\/fi\/wp-json\/wp\/v2\/product_cat?post=48682"},{"taxonomy":"product_tag","embeddable":true,"href":"https:\/\/miumjau.ee\/fi\/wp-json\/wp\/v2\/product_tag?post=48682"}],"curies":[{"name":"wp","href":"https:\/\/api.w.org\/{rel}","templated":true}]}}