{"id":48615,"date":"2025-08-12T16:35:58","date_gmt":"2025-08-12T13:35:58","guid":{"rendered":"https:\/\/miumjau.ee\/toode\/kiipeilytunneli-puu-miumjau-8507-61-cm\/"},"modified":"2026-01-07T22:44:27","modified_gmt":"2026-01-07T20:44:27","slug":"kiipeilytunneli-puu-miumjau-8507-61-cm","status":"publish","type":"product","link":"https:\/\/miumjau.ee\/fi\/tuote\/kiipeilytunneli-puu-miumjau-8507-61-cm\/","title":{"rendered":"Kiipeilytunneli puu MiuMjau 8507, 61 cm"},"content":{"rendered":"","protected":false},"excerpt":{"rendered":"<p data-start=\"133\" data-end=\"592\">Kissat tarvitsevat raapimispuuta, koska raapiminen on heid\u00e4n luonnollinen tapansa huoltaa kynsi\u00e4, venytt\u00e4\u00e4 lihaksia ja merkit\u00e4 reviiri\u00e4\u00e4n. Ilman raapimispuuta ne saattavat k\u00e4ytt\u00e4\u00e4 sohvaa tai verhoja t\u00e4h\u00e4n tarkoitukseen, mik\u00e4 voi johtaa kalliisiin huonekalujen korjauksiin. Raapimispuu tarjoaa kissalle my\u00f6s leikki- ja kiipeilymahdollisuuksia, pit\u00e4\u00e4 sen aktiivisena ja v\u00e4hent\u00e4\u00e4 tylsistymist\u00e4. Helppo sijoitus, joka pit\u00e4\u00e4 kissan onnellisena ja kodin siistin\u00e4.<\/p>\n<p data-start=\"594\" data-end=\"798\">Huomaa, ett\u00e4 kaksi etupuolta on t\u00e4ysin peitetty raaputettavalla materiaalilla. Sopii erinomaisesti pennuille, pienille ja keskikokoisille kissoille. Pesien sis\u00e4ll\u00e4 on kaksi irrotettavaa pehme\u00e4\u00e4 alustaa.<\/p>\n<p data-start=\"800\" data-end=\"861\"><strong data-start=\"800\" data-end=\"810\">Mitat:<\/strong><br data-start=\"810\" data-end=\"813\" \/>Korkeus: 61 cm<br data-start=\"827\" data-end=\"830\" \/>Leveys: 36 cm<br data-start=\"843\" data-end=\"846\" \/>Syvyys: 36 cm<\/p>\n<p data-start=\"863\" data-end=\"936\"><strong data-start=\"863\" data-end=\"882\">Tuotteen paino:<\/strong> 8 kg<br data-start=\"887\" data-end=\"890\" \/><strong data-start=\"890\" data-end=\"927\">Tuotteen paino pakkauksen kanssa:<\/strong> 8,8 kg<\/p>\n","protected":false},"featured_media":38574,"template":"","meta":[],"product_brand":[],"product_cat":[140],"product_tag":[],"class_list":{"0":"post-48615","1":"product","2":"type-product","3":"status-publish","4":"has-post-thumbnail","6":"product_cat-keskikokoiset-raapimispuut","7":"product_shipping_class-pakiautomaati-sobimatu-fi","9":"first","10":"instock","11":"sale","12":"taxable","13":"shipping-taxable","14":"purchasable","15":"product-type-simple"},"yoast_head":"<!-- This site is optimized with the Yoast SEO plugin v27.2 - https:\/\/yoast.com\/product\/yoast-seo-wordpress\/ -->\n<title>Kiipeilytunneli puu MiuMjau 8507, 61 cm - MiuMjau<\/title>\n<meta name=\"robots\" content=\"index, follow, max-snippet:-1, max-image-preview:large, max-video-preview:-1\" \/>\n<link rel=\"canonical\" href=\"https:\/\/miumjau.ee\/fi\/tuote\/kiipeilytunneli-puu-miumjau-8507-61-cm\/\" \/>\n<meta property=\"og:locale\" content=\"fi_FI\" \/>\n<meta property=\"og:type\" content=\"article\" \/>\n<meta property=\"og:title\" content=\"Kiipeilytunneli puu MiuMjau 8507, 61 cm - MiuMjau\" \/>\n<meta property=\"og:description\" content=\"Kissat tarvitsevat raapimispuuta, koska raapiminen on heid\u00e4n luonnollinen tapansa huoltaa kynsi\u00e4, venytt\u00e4\u00e4 lihaksia ja merkit\u00e4 reviiri\u00e4\u00e4n. Ilman raapimispuuta ne saattavat k\u00e4ytt\u00e4\u00e4 sohvaa tai verhoja t\u00e4h\u00e4n tarkoitukseen, mik\u00e4 voi johtaa kalliisiin huonekalujen korjauksiin. Raapimispuu tarjoaa kissalle my\u00f6s leikki- ja kiipeilymahdollisuuksia, pit\u00e4\u00e4 sen aktiivisena ja v\u00e4hent\u00e4\u00e4 tylsistymist\u00e4. Helppo sijoitus, joka pit\u00e4\u00e4 kissan onnellisena ja kodin siistin\u00e4. Huomaa, ett\u00e4 kaksi etupuolta on t\u00e4ysin peitetty raaputettavalla materiaalilla. Sopii erinomaisesti pennuille, pienille ja keskikokoisille kissoille. Pesien sis\u00e4ll\u00e4 on kaksi irrotettavaa pehme\u00e4\u00e4 alustaa. Mitat:Korkeus: 61 cmLeveys: 36 cmSyvyys: 36 cm Tuotteen paino: 8 kgTuotteen paino pakkauksen kanssa: 8,8 kg\" \/>\n<meta property=\"og:url\" content=\"https:\/\/miumjau.ee\/fi\/tuote\/kiipeilytunneli-puu-miumjau-8507-61-cm\/\" \/>\n<meta property=\"og:site_name\" content=\"MiuMjau\" \/>\n<meta property=\"article:publisher\" content=\"https:\/\/www.facebook.com\/miumjaupood\/\" \/>\n<meta property=\"article:modified_time\" content=\"2026-01-07T20:44:27+00:00\" \/>\n<meta property=\"og:image\" content=\"https:\/\/miumjau.ee\/wp-content\/uploads\/2025\/08\/ronimispuu-miumjau-85072.jpg\" \/>\n\t<meta property=\"og:image:width\" content=\"600\" \/>\n\t<meta property=\"og:image:height\" content=\"800\" \/>\n\t<meta property=\"og:image:type\" content=\"image\/jpeg\" \/>\n<meta name=\"twitter:card\" content=\"summary_large_image\" \/>\n<script type=\"application\/ld+json\" class=\"yoast-schema-graph\">{\"@context\":\"https:\/\/schema.org\",\"@graph\":[{\"@type\":\"WebPage\",\"@id\":\"https:\/\/miumjau.ee\/fi\/tuote\/kiipeilytunneli-puu-miumjau-8507-61-cm\/\",\"url\":\"https:\/\/miumjau.ee\/fi\/tuote\/kiipeilytunneli-puu-miumjau-8507-61-cm\/\",\"name\":\"Kiipeilytunneli puu MiuMjau 8507, 61 cm - MiuMjau\",\"isPartOf\":{\"@id\":\"https:\/\/miumjau.ee\/#website\"},\"primaryImageOfPage\":{\"@id\":\"https:\/\/miumjau.ee\/fi\/tuote\/kiipeilytunneli-puu-miumjau-8507-61-cm\/#primaryimage\"},\"image\":{\"@id\":\"https:\/\/miumjau.ee\/fi\/tuote\/kiipeilytunneli-puu-miumjau-8507-61-cm\/#primaryimage\"},\"thumbnailUrl\":\"https:\/\/miumjau.ee\/wp-content\/uploads\/2025\/08\/ronimispuu-miumjau-85072.jpg\",\"datePublished\":\"2025-08-12T13:35:58+00:00\",\"dateModified\":\"2026-01-07T20:44:27+00:00\",\"breadcrumb\":{\"@id\":\"https:\/\/miumjau.ee\/fi\/tuote\/kiipeilytunneli-puu-miumjau-8507-61-cm\/#breadcrumb\"},\"inLanguage\":\"fi\",\"potentialAction\":[{\"@type\":\"ReadAction\",\"target\":[\"https:\/\/miumjau.ee\/fi\/tuote\/kiipeilytunneli-puu-miumjau-8507-61-cm\/\"]}]},{\"@type\":\"ImageObject\",\"inLanguage\":\"fi\",\"@id\":\"https:\/\/miumjau.ee\/fi\/tuote\/kiipeilytunneli-puu-miumjau-8507-61-cm\/#primaryimage\",\"url\":\"https:\/\/miumjau.ee\/wp-content\/uploads\/2025\/08\/ronimispuu-miumjau-85072.jpg\",\"contentUrl\":\"https:\/\/miumjau.ee\/wp-content\/uploads\/2025\/08\/ronimispuu-miumjau-85072.jpg\",\"width\":600,\"height\":800,\"caption\":\"Ronimispuu, tuub MiuMjau 8507, 61cm\"},{\"@type\":\"BreadcrumbList\",\"@id\":\"https:\/\/miumjau.ee\/fi\/tuote\/kiipeilytunneli-puu-miumjau-8507-61-cm\/#breadcrumb\",\"itemListElement\":[{\"@type\":\"ListItem\",\"position\":1,\"name\":\"Home\",\"item\":\"https:\/\/miumjau.ee\/fi\/\"},{\"@type\":\"ListItem\",\"position\":2,\"name\":\"Kauppa\",\"item\":\"https:\/\/miumjau.ee\/fi\/kauppa\/\"},{\"@type\":\"ListItem\",\"position\":3,\"name\":\"Kiipeilytunneli puu MiuMjau 8507, 61 cm\"}]},{\"@type\":\"WebSite\",\"@id\":\"https:\/\/miumjau.ee\/#website\",\"url\":\"https:\/\/miumjau.ee\/\",\"name\":\"MiuMjau\",\"description\":\"Kraapimispuud kassidele\",\"publisher\":{\"@id\":\"https:\/\/miumjau.ee\/#organization\"},\"potentialAction\":[{\"@type\":\"SearchAction\",\"target\":{\"@type\":\"EntryPoint\",\"urlTemplate\":\"https:\/\/miumjau.ee\/?s={search_term_string}\"},\"query-input\":{\"@type\":\"PropertyValueSpecification\",\"valueRequired\":true,\"valueName\":\"search_term_string\"}}],\"inLanguage\":\"fi\"},{\"@type\":\"Organization\",\"@id\":\"https:\/\/miumjau.ee\/#organization\",\"name\":\"MiuMjau O\u00dc\",\"url\":\"https:\/\/miumjau.ee\/\",\"logo\":{\"@type\":\"ImageObject\",\"inLanguage\":\"fi\",\"@id\":\"https:\/\/miumjau.ee\/#\/schema\/logo\/image\/\",\"url\":\"https:\/\/miumjau.ee\/wp-content\/uploads\/2022\/04\/MiuMjau-logo-kollane.png\",\"contentUrl\":\"https:\/\/miumjau.ee\/wp-content\/uploads\/2022\/04\/MiuMjau-logo-kollane.png\",\"width\":219,\"height\":100,\"caption\":\"MiuMjau O\u00dc\"},\"image\":{\"@id\":\"https:\/\/miumjau.ee\/#\/schema\/logo\/image\/\"},\"sameAs\":[\"https:\/\/www.facebook.com\/miumjaupood\/\"]}]}<\/script>\n<!-- \/ Yoast SEO plugin. -->","yoast_head_json":{"title":"Kiipeilytunneli puu MiuMjau 8507, 61 cm - MiuMjau","robots":{"index":"index","follow":"follow","max-snippet":"max-snippet:-1","max-image-preview":"max-image-preview:large","max-video-preview":"max-video-preview:-1"},"canonical":"https:\/\/miumjau.ee\/fi\/tuote\/kiipeilytunneli-puu-miumjau-8507-61-cm\/","og_locale":"fi_FI","og_type":"article","og_title":"Kiipeilytunneli puu MiuMjau 8507, 61 cm - MiuMjau","og_description":"Kissat tarvitsevat raapimispuuta, koska raapiminen on heid\u00e4n luonnollinen tapansa huoltaa kynsi\u00e4, venytt\u00e4\u00e4 lihaksia ja merkit\u00e4 reviiri\u00e4\u00e4n. Ilman raapimispuuta ne saattavat k\u00e4ytt\u00e4\u00e4 sohvaa tai verhoja t\u00e4h\u00e4n tarkoitukseen, mik\u00e4 voi johtaa kalliisiin huonekalujen korjauksiin. Raapimispuu tarjoaa kissalle my\u00f6s leikki- ja kiipeilymahdollisuuksia, pit\u00e4\u00e4 sen aktiivisena ja v\u00e4hent\u00e4\u00e4 tylsistymist\u00e4. Helppo sijoitus, joka pit\u00e4\u00e4 kissan onnellisena ja kodin siistin\u00e4. Huomaa, ett\u00e4 kaksi etupuolta on t\u00e4ysin peitetty raaputettavalla materiaalilla. Sopii erinomaisesti pennuille, pienille ja keskikokoisille kissoille. Pesien sis\u00e4ll\u00e4 on kaksi irrotettavaa pehme\u00e4\u00e4 alustaa. Mitat:Korkeus: 61 cmLeveys: 36 cmSyvyys: 36 cm Tuotteen paino: 8 kgTuotteen paino pakkauksen kanssa: 8,8 kg","og_url":"https:\/\/miumjau.ee\/fi\/tuote\/kiipeilytunneli-puu-miumjau-8507-61-cm\/","og_site_name":"MiuMjau","article_publisher":"https:\/\/www.facebook.com\/miumjaupood\/","article_modified_time":"2026-01-07T20:44:27+00:00","og_image":[{"width":600,"height":800,"url":"https:\/\/miumjau.ee\/wp-content\/uploads\/2025\/08\/ronimispuu-miumjau-85072.jpg","type":"image\/jpeg"}],"twitter_card":"summary_large_image","schema":{"@context":"https:\/\/schema.org","@graph":[{"@type":"WebPage","@id":"https:\/\/miumjau.ee\/fi\/tuote\/kiipeilytunneli-puu-miumjau-8507-61-cm\/","url":"https:\/\/miumjau.ee\/fi\/tuote\/kiipeilytunneli-puu-miumjau-8507-61-cm\/","name":"Kiipeilytunneli puu MiuMjau 8507, 61 cm - MiuMjau","isPartOf":{"@id":"https:\/\/miumjau.ee\/#website"},"primaryImageOfPage":{"@id":"https:\/\/miumjau.ee\/fi\/tuote\/kiipeilytunneli-puu-miumjau-8507-61-cm\/#primaryimage"},"image":{"@id":"https:\/\/miumjau.ee\/fi\/tuote\/kiipeilytunneli-puu-miumjau-8507-61-cm\/#primaryimage"},"thumbnailUrl":"https:\/\/miumjau.ee\/wp-content\/uploads\/2025\/08\/ronimispuu-miumjau-85072.jpg","datePublished":"2025-08-12T13:35:58+00:00","dateModified":"2026-01-07T20:44:27+00:00","breadcrumb":{"@id":"https:\/\/miumjau.ee\/fi\/tuote\/kiipeilytunneli-puu-miumjau-8507-61-cm\/#breadcrumb"},"inLanguage":"fi","potentialAction":[{"@type":"ReadAction","target":["https:\/\/miumjau.ee\/fi\/tuote\/kiipeilytunneli-puu-miumjau-8507-61-cm\/"]}]},{"@type":"ImageObject","inLanguage":"fi","@id":"https:\/\/miumjau.ee\/fi\/tuote\/kiipeilytunneli-puu-miumjau-8507-61-cm\/#primaryimage","url":"https:\/\/miumjau.ee\/wp-content\/uploads\/2025\/08\/ronimispuu-miumjau-85072.jpg","contentUrl":"https:\/\/miumjau.ee\/wp-content\/uploads\/2025\/08\/ronimispuu-miumjau-85072.jpg","width":600,"height":800,"caption":"Ronimispuu, tuub MiuMjau 8507, 61cm"},{"@type":"BreadcrumbList","@id":"https:\/\/miumjau.ee\/fi\/tuote\/kiipeilytunneli-puu-miumjau-8507-61-cm\/#breadcrumb","itemListElement":[{"@type":"ListItem","position":1,"name":"Home","item":"https:\/\/miumjau.ee\/fi\/"},{"@type":"ListItem","position":2,"name":"Kauppa","item":"https:\/\/miumjau.ee\/fi\/kauppa\/"},{"@type":"ListItem","position":3,"name":"Kiipeilytunneli puu MiuMjau 8507, 61 cm"}]},{"@type":"WebSite","@id":"https:\/\/miumjau.ee\/#website","url":"https:\/\/miumjau.ee\/","name":"MiuMjau","description":"Kraapimispuud kassidele","publisher":{"@id":"https:\/\/miumjau.ee\/#organization"},"potentialAction":[{"@type":"SearchAction","target":{"@type":"EntryPoint","urlTemplate":"https:\/\/miumjau.ee\/?s={search_term_string}"},"query-input":{"@type":"PropertyValueSpecification","valueRequired":true,"valueName":"search_term_string"}}],"inLanguage":"fi"},{"@type":"Organization","@id":"https:\/\/miumjau.ee\/#organization","name":"MiuMjau O\u00dc","url":"https:\/\/miumjau.ee\/","logo":{"@type":"ImageObject","inLanguage":"fi","@id":"https:\/\/miumjau.ee\/#\/schema\/logo\/image\/","url":"https:\/\/miumjau.ee\/wp-content\/uploads\/2022\/04\/MiuMjau-logo-kollane.png","contentUrl":"https:\/\/miumjau.ee\/wp-content\/uploads\/2022\/04\/MiuMjau-logo-kollane.png","width":219,"height":100,"caption":"MiuMjau O\u00dc"},"image":{"@id":"https:\/\/miumjau.ee\/#\/schema\/logo\/image\/"},"sameAs":["https:\/\/www.facebook.com\/miumjaupood\/"]}]}},"_links":{"self":[{"href":"https:\/\/miumjau.ee\/fi\/wp-json\/wp\/v2\/product\/48615","targetHints":{"allow":["GET"]}}],"collection":[{"href":"https:\/\/miumjau.ee\/fi\/wp-json\/wp\/v2\/product"}],"about":[{"href":"https:\/\/miumjau.ee\/fi\/wp-json\/wp\/v2\/types\/product"}],"wp:featuredmedia":[{"embeddable":true,"href":"https:\/\/miumjau.ee\/fi\/wp-json\/wp\/v2\/media\/38574"}],"wp:attachment":[{"href":"https:\/\/miumjau.ee\/fi\/wp-json\/wp\/v2\/media?parent=48615"}],"wp:term":[{"taxonomy":"product_brand","embeddable":true,"href":"https:\/\/miumjau.ee\/fi\/wp-json\/wp\/v2\/product_brand?post=48615"},{"taxonomy":"product_cat","embeddable":true,"href":"https:\/\/miumjau.ee\/fi\/wp-json\/wp\/v2\/product_cat?post=48615"},{"taxonomy":"product_tag","embeddable":true,"href":"https:\/\/miumjau.ee\/fi\/wp-json\/wp\/v2\/product_tag?post=48615"}],"curies":[{"name":"wp","href":"https:\/\/api.w.org\/{rel}","templated":true}]}}