{"id":48609,"date":"2025-08-12T16:36:21","date_gmt":"2025-08-12T13:36:21","guid":{"rendered":"https:\/\/miumjau.ee\/toode\/kiipeilypuu-miumjau-7060-155-cm\/"},"modified":"2026-01-07T22:44:27","modified_gmt":"2026-01-07T20:44:27","slug":"kiipeilypuu-miumjau-7060-155-cm","status":"publish","type":"product","link":"https:\/\/miumjau.ee\/fi\/tuote\/kiipeilypuu-miumjau-7060-155-cm\/","title":{"rendered":"Kiipeilypuu MiuMjau 7060, 155 cm"},"content":{"rendered":"","protected":false},"excerpt":{"rendered":"<p data-start=\"126\" data-end=\"585\">Kissat tarvitsevat raapimispuuta, koska raapiminen on heid\u00e4n luonnollinen tapansa huoltaa kynsi\u00e4, venytt\u00e4\u00e4 lihaksia ja merkit\u00e4 reviiri\u00e4\u00e4n. Ilman raapimispuuta ne saattavat k\u00e4ytt\u00e4\u00e4 sohvaa tai verhoja t\u00e4h\u00e4n tarkoitukseen, mik\u00e4 voi johtaa kalliisiin huonekalujen korjauksiin. Raapimispuu tarjoaa kissalle my\u00f6s leikki- ja kiipeilymahdollisuuksia, pit\u00e4\u00e4 sen aktiivisena ja v\u00e4hent\u00e4\u00e4 tylsistymist\u00e4. Helppo sijoitus, joka pit\u00e4\u00e4 kissan onnellisena ja kodin siistin\u00e4.<\/p>\n<p data-start=\"587\" data-end=\"751\">Kiipeilypuu sopii pennuille, pienille kissoille ja kevyille keskikokoisille kissoille. P\u00e4\u00e4pylv\u00e4s on todella paksu ja kokonaan raaputettavan sisal-k\u00f6yden peitossa.<\/p>\n<p data-start=\"753\" data-end=\"898\"><strong data-start=\"753\" data-end=\"763\">Mitat:<\/strong><br data-start=\"763\" data-end=\"766\" \/>Korkeus: 155 cm<br data-start=\"781\" data-end=\"784\" \/>Yl\u00e4osan taso pehme\u00e4ll\u00e4 pes\u00e4ll\u00e4: halkaisija 57 cm<br data-start=\"832\" data-end=\"835\" \/>Ripustettava pes\u00e4: halkaisija 47 cm<br data-start=\"870\" data-end=\"873\" \/>Jalan mitat: 57 x 57 cm<\/p>\n<p data-start=\"900\" data-end=\"975\"><strong data-start=\"900\" data-end=\"919\">Tuotteen paino:<\/strong> 28 kg<br data-start=\"925\" data-end=\"928\" \/><strong data-start=\"928\" data-end=\"965\">Tuotteen paino pakkauksen kanssa:<\/strong> 28,9 kg<\/p>\n","protected":false},"featured_media":38541,"template":"","meta":[],"product_brand":[],"product_cat":[140],"product_tag":[],"class_list":{"0":"post-48609","1":"product","2":"type-product","3":"status-publish","4":"has-post-thumbnail","6":"product_cat-keskikokoiset-raapimispuut","7":"product_shipping_class-pakiautomaati-sobimatu-fi","9":"first","10":"instock","11":"sale","12":"taxable","13":"shipping-taxable","14":"purchasable","15":"product-type-simple"},"yoast_head":"<!-- This site is optimized with the Yoast SEO plugin v27.2 - https:\/\/yoast.com\/product\/yoast-seo-wordpress\/ -->\n<title>Kiipeilypuu MiuMjau 7060, 155 cm - MiuMjau<\/title>\n<meta name=\"robots\" content=\"index, follow, max-snippet:-1, max-image-preview:large, max-video-preview:-1\" \/>\n<link rel=\"canonical\" href=\"https:\/\/miumjau.ee\/fi\/tuote\/kiipeilypuu-miumjau-7060-155-cm\/\" \/>\n<meta property=\"og:locale\" content=\"fi_FI\" \/>\n<meta property=\"og:type\" content=\"article\" \/>\n<meta property=\"og:title\" content=\"Kiipeilypuu MiuMjau 7060, 155 cm - MiuMjau\" \/>\n<meta property=\"og:description\" content=\"Kissat tarvitsevat raapimispuuta, koska raapiminen on heid\u00e4n luonnollinen tapansa huoltaa kynsi\u00e4, venytt\u00e4\u00e4 lihaksia ja merkit\u00e4 reviiri\u00e4\u00e4n. Ilman raapimispuuta ne saattavat k\u00e4ytt\u00e4\u00e4 sohvaa tai verhoja t\u00e4h\u00e4n tarkoitukseen, mik\u00e4 voi johtaa kalliisiin huonekalujen korjauksiin. Raapimispuu tarjoaa kissalle my\u00f6s leikki- ja kiipeilymahdollisuuksia, pit\u00e4\u00e4 sen aktiivisena ja v\u00e4hent\u00e4\u00e4 tylsistymist\u00e4. Helppo sijoitus, joka pit\u00e4\u00e4 kissan onnellisena ja kodin siistin\u00e4. Kiipeilypuu sopii pennuille, pienille kissoille ja kevyille keskikokoisille kissoille. P\u00e4\u00e4pylv\u00e4s on todella paksu ja kokonaan raaputettavan sisal-k\u00f6yden peitossa. Mitat:Korkeus: 155 cmYl\u00e4osan taso pehme\u00e4ll\u00e4 pes\u00e4ll\u00e4: halkaisija 57 cmRipustettava pes\u00e4: halkaisija 47 cmJalan mitat: 57 x 57 cm Tuotteen paino: 28 kgTuotteen paino pakkauksen kanssa: 28,9 kg\" \/>\n<meta property=\"og:url\" content=\"https:\/\/miumjau.ee\/fi\/tuote\/kiipeilypuu-miumjau-7060-155-cm\/\" \/>\n<meta property=\"og:site_name\" content=\"MiuMjau\" \/>\n<meta property=\"article:publisher\" content=\"https:\/\/www.facebook.com\/miumjaupood\/\" \/>\n<meta property=\"article:modified_time\" content=\"2026-01-07T20:44:27+00:00\" \/>\n<meta property=\"og:image\" content=\"https:\/\/miumjau.ee\/wp-content\/uploads\/2025\/08\/ronimispuu-miumjau-7060.jpg\" \/>\n\t<meta property=\"og:image:width\" content=\"600\" \/>\n\t<meta property=\"og:image:height\" content=\"800\" \/>\n\t<meta property=\"og:image:type\" content=\"image\/jpeg\" \/>\n<meta name=\"twitter:card\" content=\"summary_large_image\" \/>\n<script type=\"application\/ld+json\" class=\"yoast-schema-graph\">{\"@context\":\"https:\/\/schema.org\",\"@graph\":[{\"@type\":\"WebPage\",\"@id\":\"https:\/\/miumjau.ee\/fi\/tuote\/kiipeilypuu-miumjau-7060-155-cm\/\",\"url\":\"https:\/\/miumjau.ee\/fi\/tuote\/kiipeilypuu-miumjau-7060-155-cm\/\",\"name\":\"Kiipeilypuu MiuMjau 7060, 155 cm - MiuMjau\",\"isPartOf\":{\"@id\":\"https:\/\/miumjau.ee\/#website\"},\"primaryImageOfPage\":{\"@id\":\"https:\/\/miumjau.ee\/fi\/tuote\/kiipeilypuu-miumjau-7060-155-cm\/#primaryimage\"},\"image\":{\"@id\":\"https:\/\/miumjau.ee\/fi\/tuote\/kiipeilypuu-miumjau-7060-155-cm\/#primaryimage\"},\"thumbnailUrl\":\"https:\/\/miumjau.ee\/wp-content\/uploads\/2025\/08\/ronimispuu-miumjau-7060.jpg\",\"datePublished\":\"2025-08-12T13:36:21+00:00\",\"dateModified\":\"2026-01-07T20:44:27+00:00\",\"breadcrumb\":{\"@id\":\"https:\/\/miumjau.ee\/fi\/tuote\/kiipeilypuu-miumjau-7060-155-cm\/#breadcrumb\"},\"inLanguage\":\"fi\",\"potentialAction\":[{\"@type\":\"ReadAction\",\"target\":[\"https:\/\/miumjau.ee\/fi\/tuote\/kiipeilypuu-miumjau-7060-155-cm\/\"]}]},{\"@type\":\"ImageObject\",\"inLanguage\":\"fi\",\"@id\":\"https:\/\/miumjau.ee\/fi\/tuote\/kiipeilypuu-miumjau-7060-155-cm\/#primaryimage\",\"url\":\"https:\/\/miumjau.ee\/wp-content\/uploads\/2025\/08\/ronimispuu-miumjau-7060.jpg\",\"contentUrl\":\"https:\/\/miumjau.ee\/wp-content\/uploads\/2025\/08\/ronimispuu-miumjau-7060.jpg\",\"width\":600,\"height\":800,\"caption\":\"Ronimispuu MiuMjau 7060, 150cm\"},{\"@type\":\"BreadcrumbList\",\"@id\":\"https:\/\/miumjau.ee\/fi\/tuote\/kiipeilypuu-miumjau-7060-155-cm\/#breadcrumb\",\"itemListElement\":[{\"@type\":\"ListItem\",\"position\":1,\"name\":\"Home\",\"item\":\"https:\/\/miumjau.ee\/fi\/\"},{\"@type\":\"ListItem\",\"position\":2,\"name\":\"Kauppa\",\"item\":\"https:\/\/miumjau.ee\/fi\/kauppa\/\"},{\"@type\":\"ListItem\",\"position\":3,\"name\":\"Kiipeilypuu MiuMjau 7060, 155 cm\"}]},{\"@type\":\"WebSite\",\"@id\":\"https:\/\/miumjau.ee\/#website\",\"url\":\"https:\/\/miumjau.ee\/\",\"name\":\"MiuMjau\",\"description\":\"Kraapimispuud kassidele\",\"publisher\":{\"@id\":\"https:\/\/miumjau.ee\/#organization\"},\"potentialAction\":[{\"@type\":\"SearchAction\",\"target\":{\"@type\":\"EntryPoint\",\"urlTemplate\":\"https:\/\/miumjau.ee\/?s={search_term_string}\"},\"query-input\":{\"@type\":\"PropertyValueSpecification\",\"valueRequired\":true,\"valueName\":\"search_term_string\"}}],\"inLanguage\":\"fi\"},{\"@type\":\"Organization\",\"@id\":\"https:\/\/miumjau.ee\/#organization\",\"name\":\"MiuMjau O\u00dc\",\"url\":\"https:\/\/miumjau.ee\/\",\"logo\":{\"@type\":\"ImageObject\",\"inLanguage\":\"fi\",\"@id\":\"https:\/\/miumjau.ee\/#\/schema\/logo\/image\/\",\"url\":\"https:\/\/miumjau.ee\/wp-content\/uploads\/2022\/04\/MiuMjau-logo-kollane.png\",\"contentUrl\":\"https:\/\/miumjau.ee\/wp-content\/uploads\/2022\/04\/MiuMjau-logo-kollane.png\",\"width\":219,\"height\":100,\"caption\":\"MiuMjau O\u00dc\"},\"image\":{\"@id\":\"https:\/\/miumjau.ee\/#\/schema\/logo\/image\/\"},\"sameAs\":[\"https:\/\/www.facebook.com\/miumjaupood\/\"]}]}<\/script>\n<!-- \/ Yoast SEO plugin. -->","yoast_head_json":{"title":"Kiipeilypuu MiuMjau 7060, 155 cm - MiuMjau","robots":{"index":"index","follow":"follow","max-snippet":"max-snippet:-1","max-image-preview":"max-image-preview:large","max-video-preview":"max-video-preview:-1"},"canonical":"https:\/\/miumjau.ee\/fi\/tuote\/kiipeilypuu-miumjau-7060-155-cm\/","og_locale":"fi_FI","og_type":"article","og_title":"Kiipeilypuu MiuMjau 7060, 155 cm - MiuMjau","og_description":"Kissat tarvitsevat raapimispuuta, koska raapiminen on heid\u00e4n luonnollinen tapansa huoltaa kynsi\u00e4, venytt\u00e4\u00e4 lihaksia ja merkit\u00e4 reviiri\u00e4\u00e4n. Ilman raapimispuuta ne saattavat k\u00e4ytt\u00e4\u00e4 sohvaa tai verhoja t\u00e4h\u00e4n tarkoitukseen, mik\u00e4 voi johtaa kalliisiin huonekalujen korjauksiin. Raapimispuu tarjoaa kissalle my\u00f6s leikki- ja kiipeilymahdollisuuksia, pit\u00e4\u00e4 sen aktiivisena ja v\u00e4hent\u00e4\u00e4 tylsistymist\u00e4. Helppo sijoitus, joka pit\u00e4\u00e4 kissan onnellisena ja kodin siistin\u00e4. Kiipeilypuu sopii pennuille, pienille kissoille ja kevyille keskikokoisille kissoille. P\u00e4\u00e4pylv\u00e4s on todella paksu ja kokonaan raaputettavan sisal-k\u00f6yden peitossa. Mitat:Korkeus: 155 cmYl\u00e4osan taso pehme\u00e4ll\u00e4 pes\u00e4ll\u00e4: halkaisija 57 cmRipustettava pes\u00e4: halkaisija 47 cmJalan mitat: 57 x 57 cm Tuotteen paino: 28 kgTuotteen paino pakkauksen kanssa: 28,9 kg","og_url":"https:\/\/miumjau.ee\/fi\/tuote\/kiipeilypuu-miumjau-7060-155-cm\/","og_site_name":"MiuMjau","article_publisher":"https:\/\/www.facebook.com\/miumjaupood\/","article_modified_time":"2026-01-07T20:44:27+00:00","og_image":[{"width":600,"height":800,"url":"https:\/\/miumjau.ee\/wp-content\/uploads\/2025\/08\/ronimispuu-miumjau-7060.jpg","type":"image\/jpeg"}],"twitter_card":"summary_large_image","schema":{"@context":"https:\/\/schema.org","@graph":[{"@type":"WebPage","@id":"https:\/\/miumjau.ee\/fi\/tuote\/kiipeilypuu-miumjau-7060-155-cm\/","url":"https:\/\/miumjau.ee\/fi\/tuote\/kiipeilypuu-miumjau-7060-155-cm\/","name":"Kiipeilypuu MiuMjau 7060, 155 cm - MiuMjau","isPartOf":{"@id":"https:\/\/miumjau.ee\/#website"},"primaryImageOfPage":{"@id":"https:\/\/miumjau.ee\/fi\/tuote\/kiipeilypuu-miumjau-7060-155-cm\/#primaryimage"},"image":{"@id":"https:\/\/miumjau.ee\/fi\/tuote\/kiipeilypuu-miumjau-7060-155-cm\/#primaryimage"},"thumbnailUrl":"https:\/\/miumjau.ee\/wp-content\/uploads\/2025\/08\/ronimispuu-miumjau-7060.jpg","datePublished":"2025-08-12T13:36:21+00:00","dateModified":"2026-01-07T20:44:27+00:00","breadcrumb":{"@id":"https:\/\/miumjau.ee\/fi\/tuote\/kiipeilypuu-miumjau-7060-155-cm\/#breadcrumb"},"inLanguage":"fi","potentialAction":[{"@type":"ReadAction","target":["https:\/\/miumjau.ee\/fi\/tuote\/kiipeilypuu-miumjau-7060-155-cm\/"]}]},{"@type":"ImageObject","inLanguage":"fi","@id":"https:\/\/miumjau.ee\/fi\/tuote\/kiipeilypuu-miumjau-7060-155-cm\/#primaryimage","url":"https:\/\/miumjau.ee\/wp-content\/uploads\/2025\/08\/ronimispuu-miumjau-7060.jpg","contentUrl":"https:\/\/miumjau.ee\/wp-content\/uploads\/2025\/08\/ronimispuu-miumjau-7060.jpg","width":600,"height":800,"caption":"Ronimispuu MiuMjau 7060, 150cm"},{"@type":"BreadcrumbList","@id":"https:\/\/miumjau.ee\/fi\/tuote\/kiipeilypuu-miumjau-7060-155-cm\/#breadcrumb","itemListElement":[{"@type":"ListItem","position":1,"name":"Home","item":"https:\/\/miumjau.ee\/fi\/"},{"@type":"ListItem","position":2,"name":"Kauppa","item":"https:\/\/miumjau.ee\/fi\/kauppa\/"},{"@type":"ListItem","position":3,"name":"Kiipeilypuu MiuMjau 7060, 155 cm"}]},{"@type":"WebSite","@id":"https:\/\/miumjau.ee\/#website","url":"https:\/\/miumjau.ee\/","name":"MiuMjau","description":"Kraapimispuud kassidele","publisher":{"@id":"https:\/\/miumjau.ee\/#organization"},"potentialAction":[{"@type":"SearchAction","target":{"@type":"EntryPoint","urlTemplate":"https:\/\/miumjau.ee\/?s={search_term_string}"},"query-input":{"@type":"PropertyValueSpecification","valueRequired":true,"valueName":"search_term_string"}}],"inLanguage":"fi"},{"@type":"Organization","@id":"https:\/\/miumjau.ee\/#organization","name":"MiuMjau O\u00dc","url":"https:\/\/miumjau.ee\/","logo":{"@type":"ImageObject","inLanguage":"fi","@id":"https:\/\/miumjau.ee\/#\/schema\/logo\/image\/","url":"https:\/\/miumjau.ee\/wp-content\/uploads\/2022\/04\/MiuMjau-logo-kollane.png","contentUrl":"https:\/\/miumjau.ee\/wp-content\/uploads\/2022\/04\/MiuMjau-logo-kollane.png","width":219,"height":100,"caption":"MiuMjau O\u00dc"},"image":{"@id":"https:\/\/miumjau.ee\/#\/schema\/logo\/image\/"},"sameAs":["https:\/\/www.facebook.com\/miumjaupood\/"]}]}},"_links":{"self":[{"href":"https:\/\/miumjau.ee\/fi\/wp-json\/wp\/v2\/product\/48609","targetHints":{"allow":["GET"]}}],"collection":[{"href":"https:\/\/miumjau.ee\/fi\/wp-json\/wp\/v2\/product"}],"about":[{"href":"https:\/\/miumjau.ee\/fi\/wp-json\/wp\/v2\/types\/product"}],"wp:featuredmedia":[{"embeddable":true,"href":"https:\/\/miumjau.ee\/fi\/wp-json\/wp\/v2\/media\/38541"}],"wp:attachment":[{"href":"https:\/\/miumjau.ee\/fi\/wp-json\/wp\/v2\/media?parent=48609"}],"wp:term":[{"taxonomy":"product_brand","embeddable":true,"href":"https:\/\/miumjau.ee\/fi\/wp-json\/wp\/v2\/product_brand?post=48609"},{"taxonomy":"product_cat","embeddable":true,"href":"https:\/\/miumjau.ee\/fi\/wp-json\/wp\/v2\/product_cat?post=48609"},{"taxonomy":"product_tag","embeddable":true,"href":"https:\/\/miumjau.ee\/fi\/wp-json\/wp\/v2\/product_tag?post=48609"}],"curies":[{"name":"wp","href":"https:\/\/api.w.org\/{rel}","templated":true}]}}