{"id":48596,"date":"2025-08-12T16:41:15","date_gmt":"2025-08-12T13:41:15","guid":{"rendered":"https:\/\/miumjau.ee\/toode\/kiipeilypuu-miumjau-7061-130-cm\/"},"modified":"2026-01-07T22:44:27","modified_gmt":"2026-01-07T20:44:27","slug":"kiipeilypuu-miumjau-7061-130-cm","status":"publish","type":"product","link":"https:\/\/miumjau.ee\/fi\/tuote\/kiipeilypuu-miumjau-7061-130-cm\/","title":{"rendered":"Kiipeilypuu MiuMjau 7061, 130 cm"},"content":{"rendered":"","protected":false},"excerpt":{"rendered":"<p data-start=\"76\" data-end=\"535\">Kissat tarvitsevat raapimispuuta, koska raapiminen on heid\u00e4n luonnollinen tapansa huoltaa kynsi\u00e4, venytt\u00e4\u00e4 lihaksia ja merkit\u00e4 reviiri\u00e4\u00e4n. Ilman raapimispuuta ne saattavat k\u00e4ytt\u00e4\u00e4 sohvaa tai verhoja t\u00e4h\u00e4n tarkoitukseen, mik\u00e4 voi johtaa kalliisiin huonekalujen korjauksiin. Raapimispuu tarjoaa kissalle my\u00f6s leikki- ja kiipeilymahdollisuuksia, pit\u00e4\u00e4 sen aktiivisena ja v\u00e4hent\u00e4\u00e4 tylsistymist\u00e4. Helppo sijoitus, joka pit\u00e4\u00e4 kissan onnellisena ja kodin siistin\u00e4.<\/p>\n<p data-start=\"537\" data-end=\"606\">Raapimispuu sopii pennuille, pienille ja keskikokoisille kissoille.<\/p>\n<p data-start=\"608\" data-end=\"726\"><strong data-start=\"608\" data-end=\"618\">Mitat:<\/strong><br data-start=\"618\" data-end=\"621\" \/>Korkeus: 130 cm<br data-start=\"636\" data-end=\"639\" \/>Tukipylv\u00e4iden halkaisija: 9 cm<br data-start=\"669\" data-end=\"672\" \/>Jalan mitat: 70 x 45 cm<br data-start=\"695\" data-end=\"698\" \/>Tuotteen levein osa: 88 cm<\/p>\n<p data-start=\"728\" data-end=\"801\" data-is-last-node=\"\" data-is-only-node=\"\"><strong data-start=\"728\" data-end=\"747\">Tuotteen paino:<\/strong> 23 kg<br data-start=\"753\" data-end=\"756\" \/><strong data-start=\"756\" data-end=\"793\">Tuotteen paino pakkauksen kanssa:<\/strong> 23,5 kg<\/p>\n","protected":false},"featured_media":38549,"template":"","meta":[],"product_brand":[],"product_cat":[140],"product_tag":[],"class_list":{"0":"post-48596","1":"product","2":"type-product","3":"status-publish","4":"has-post-thumbnail","6":"product_cat-keskikokoiset-raapimispuut","7":"product_shipping_class-pakiautomaati-sobimatu-fi","9":"first","10":"instock","11":"sale","12":"taxable","13":"shipping-taxable","14":"purchasable","15":"product-type-simple"},"yoast_head":"<!-- This site is optimized with the Yoast SEO plugin v27.2 - https:\/\/yoast.com\/product\/yoast-seo-wordpress\/ -->\n<title>Kiipeilypuu MiuMjau 7061, 130 cm - MiuMjau<\/title>\n<meta name=\"robots\" content=\"index, follow, max-snippet:-1, max-image-preview:large, max-video-preview:-1\" \/>\n<link rel=\"canonical\" href=\"https:\/\/miumjau.ee\/fi\/tuote\/kiipeilypuu-miumjau-7061-130-cm\/\" \/>\n<meta property=\"og:locale\" content=\"fi_FI\" \/>\n<meta property=\"og:type\" content=\"article\" \/>\n<meta property=\"og:title\" content=\"Kiipeilypuu MiuMjau 7061, 130 cm - MiuMjau\" \/>\n<meta property=\"og:description\" content=\"Kissat tarvitsevat raapimispuuta, koska raapiminen on heid\u00e4n luonnollinen tapansa huoltaa kynsi\u00e4, venytt\u00e4\u00e4 lihaksia ja merkit\u00e4 reviiri\u00e4\u00e4n. Ilman raapimispuuta ne saattavat k\u00e4ytt\u00e4\u00e4 sohvaa tai verhoja t\u00e4h\u00e4n tarkoitukseen, mik\u00e4 voi johtaa kalliisiin huonekalujen korjauksiin. Raapimispuu tarjoaa kissalle my\u00f6s leikki- ja kiipeilymahdollisuuksia, pit\u00e4\u00e4 sen aktiivisena ja v\u00e4hent\u00e4\u00e4 tylsistymist\u00e4. Helppo sijoitus, joka pit\u00e4\u00e4 kissan onnellisena ja kodin siistin\u00e4. Raapimispuu sopii pennuille, pienille ja keskikokoisille kissoille. Mitat:Korkeus: 130 cmTukipylv\u00e4iden halkaisija: 9 cmJalan mitat: 70 x 45 cmTuotteen levein osa: 88 cm Tuotteen paino: 23 kgTuotteen paino pakkauksen kanssa: 23,5 kg\" \/>\n<meta property=\"og:url\" content=\"https:\/\/miumjau.ee\/fi\/tuote\/kiipeilypuu-miumjau-7061-130-cm\/\" \/>\n<meta property=\"og:site_name\" content=\"MiuMjau\" \/>\n<meta property=\"article:publisher\" content=\"https:\/\/www.facebook.com\/miumjaupood\/\" \/>\n<meta property=\"article:modified_time\" content=\"2026-01-07T20:44:27+00:00\" \/>\n<meta property=\"og:image\" content=\"https:\/\/miumjau.ee\/wp-content\/uploads\/2025\/08\/ronimispuu-miumjau-70613.jpg\" \/>\n\t<meta property=\"og:image:width\" content=\"600\" \/>\n\t<meta property=\"og:image:height\" content=\"800\" \/>\n\t<meta property=\"og:image:type\" content=\"image\/jpeg\" \/>\n<meta name=\"twitter:card\" content=\"summary_large_image\" \/>\n<script type=\"application\/ld+json\" class=\"yoast-schema-graph\">{\"@context\":\"https:\/\/schema.org\",\"@graph\":[{\"@type\":\"WebPage\",\"@id\":\"https:\/\/miumjau.ee\/fi\/tuote\/kiipeilypuu-miumjau-7061-130-cm\/\",\"url\":\"https:\/\/miumjau.ee\/fi\/tuote\/kiipeilypuu-miumjau-7061-130-cm\/\",\"name\":\"Kiipeilypuu MiuMjau 7061, 130 cm - MiuMjau\",\"isPartOf\":{\"@id\":\"https:\/\/miumjau.ee\/#website\"},\"primaryImageOfPage\":{\"@id\":\"https:\/\/miumjau.ee\/fi\/tuote\/kiipeilypuu-miumjau-7061-130-cm\/#primaryimage\"},\"image\":{\"@id\":\"https:\/\/miumjau.ee\/fi\/tuote\/kiipeilypuu-miumjau-7061-130-cm\/#primaryimage\"},\"thumbnailUrl\":\"https:\/\/miumjau.ee\/wp-content\/uploads\/2025\/08\/ronimispuu-miumjau-70613.jpg\",\"datePublished\":\"2025-08-12T13:41:15+00:00\",\"dateModified\":\"2026-01-07T20:44:27+00:00\",\"breadcrumb\":{\"@id\":\"https:\/\/miumjau.ee\/fi\/tuote\/kiipeilypuu-miumjau-7061-130-cm\/#breadcrumb\"},\"inLanguage\":\"fi\",\"potentialAction\":[{\"@type\":\"ReadAction\",\"target\":[\"https:\/\/miumjau.ee\/fi\/tuote\/kiipeilypuu-miumjau-7061-130-cm\/\"]}]},{\"@type\":\"ImageObject\",\"inLanguage\":\"fi\",\"@id\":\"https:\/\/miumjau.ee\/fi\/tuote\/kiipeilypuu-miumjau-7061-130-cm\/#primaryimage\",\"url\":\"https:\/\/miumjau.ee\/wp-content\/uploads\/2025\/08\/ronimispuu-miumjau-70613.jpg\",\"contentUrl\":\"https:\/\/miumjau.ee\/wp-content\/uploads\/2025\/08\/ronimispuu-miumjau-70613.jpg\",\"width\":600,\"height\":800,\"caption\":\"Ronimispuu MiuMjau 7061, 130cm\"},{\"@type\":\"BreadcrumbList\",\"@id\":\"https:\/\/miumjau.ee\/fi\/tuote\/kiipeilypuu-miumjau-7061-130-cm\/#breadcrumb\",\"itemListElement\":[{\"@type\":\"ListItem\",\"position\":1,\"name\":\"Home\",\"item\":\"https:\/\/miumjau.ee\/fi\/\"},{\"@type\":\"ListItem\",\"position\":2,\"name\":\"Kauppa\",\"item\":\"https:\/\/miumjau.ee\/fi\/kauppa\/\"},{\"@type\":\"ListItem\",\"position\":3,\"name\":\"Kiipeilypuu MiuMjau 7061, 130 cm\"}]},{\"@type\":\"WebSite\",\"@id\":\"https:\/\/miumjau.ee\/#website\",\"url\":\"https:\/\/miumjau.ee\/\",\"name\":\"MiuMjau\",\"description\":\"Kraapimispuud kassidele\",\"publisher\":{\"@id\":\"https:\/\/miumjau.ee\/#organization\"},\"potentialAction\":[{\"@type\":\"SearchAction\",\"target\":{\"@type\":\"EntryPoint\",\"urlTemplate\":\"https:\/\/miumjau.ee\/?s={search_term_string}\"},\"query-input\":{\"@type\":\"PropertyValueSpecification\",\"valueRequired\":true,\"valueName\":\"search_term_string\"}}],\"inLanguage\":\"fi\"},{\"@type\":\"Organization\",\"@id\":\"https:\/\/miumjau.ee\/#organization\",\"name\":\"MiuMjau O\u00dc\",\"url\":\"https:\/\/miumjau.ee\/\",\"logo\":{\"@type\":\"ImageObject\",\"inLanguage\":\"fi\",\"@id\":\"https:\/\/miumjau.ee\/#\/schema\/logo\/image\/\",\"url\":\"https:\/\/miumjau.ee\/wp-content\/uploads\/2022\/04\/MiuMjau-logo-kollane.png\",\"contentUrl\":\"https:\/\/miumjau.ee\/wp-content\/uploads\/2022\/04\/MiuMjau-logo-kollane.png\",\"width\":219,\"height\":100,\"caption\":\"MiuMjau O\u00dc\"},\"image\":{\"@id\":\"https:\/\/miumjau.ee\/#\/schema\/logo\/image\/\"},\"sameAs\":[\"https:\/\/www.facebook.com\/miumjaupood\/\"]}]}<\/script>\n<!-- \/ Yoast SEO plugin. -->","yoast_head_json":{"title":"Kiipeilypuu MiuMjau 7061, 130 cm - MiuMjau","robots":{"index":"index","follow":"follow","max-snippet":"max-snippet:-1","max-image-preview":"max-image-preview:large","max-video-preview":"max-video-preview:-1"},"canonical":"https:\/\/miumjau.ee\/fi\/tuote\/kiipeilypuu-miumjau-7061-130-cm\/","og_locale":"fi_FI","og_type":"article","og_title":"Kiipeilypuu MiuMjau 7061, 130 cm - MiuMjau","og_description":"Kissat tarvitsevat raapimispuuta, koska raapiminen on heid\u00e4n luonnollinen tapansa huoltaa kynsi\u00e4, venytt\u00e4\u00e4 lihaksia ja merkit\u00e4 reviiri\u00e4\u00e4n. Ilman raapimispuuta ne saattavat k\u00e4ytt\u00e4\u00e4 sohvaa tai verhoja t\u00e4h\u00e4n tarkoitukseen, mik\u00e4 voi johtaa kalliisiin huonekalujen korjauksiin. Raapimispuu tarjoaa kissalle my\u00f6s leikki- ja kiipeilymahdollisuuksia, pit\u00e4\u00e4 sen aktiivisena ja v\u00e4hent\u00e4\u00e4 tylsistymist\u00e4. Helppo sijoitus, joka pit\u00e4\u00e4 kissan onnellisena ja kodin siistin\u00e4. Raapimispuu sopii pennuille, pienille ja keskikokoisille kissoille. Mitat:Korkeus: 130 cmTukipylv\u00e4iden halkaisija: 9 cmJalan mitat: 70 x 45 cmTuotteen levein osa: 88 cm Tuotteen paino: 23 kgTuotteen paino pakkauksen kanssa: 23,5 kg","og_url":"https:\/\/miumjau.ee\/fi\/tuote\/kiipeilypuu-miumjau-7061-130-cm\/","og_site_name":"MiuMjau","article_publisher":"https:\/\/www.facebook.com\/miumjaupood\/","article_modified_time":"2026-01-07T20:44:27+00:00","og_image":[{"width":600,"height":800,"url":"https:\/\/miumjau.ee\/wp-content\/uploads\/2025\/08\/ronimispuu-miumjau-70613.jpg","type":"image\/jpeg"}],"twitter_card":"summary_large_image","schema":{"@context":"https:\/\/schema.org","@graph":[{"@type":"WebPage","@id":"https:\/\/miumjau.ee\/fi\/tuote\/kiipeilypuu-miumjau-7061-130-cm\/","url":"https:\/\/miumjau.ee\/fi\/tuote\/kiipeilypuu-miumjau-7061-130-cm\/","name":"Kiipeilypuu MiuMjau 7061, 130 cm - MiuMjau","isPartOf":{"@id":"https:\/\/miumjau.ee\/#website"},"primaryImageOfPage":{"@id":"https:\/\/miumjau.ee\/fi\/tuote\/kiipeilypuu-miumjau-7061-130-cm\/#primaryimage"},"image":{"@id":"https:\/\/miumjau.ee\/fi\/tuote\/kiipeilypuu-miumjau-7061-130-cm\/#primaryimage"},"thumbnailUrl":"https:\/\/miumjau.ee\/wp-content\/uploads\/2025\/08\/ronimispuu-miumjau-70613.jpg","datePublished":"2025-08-12T13:41:15+00:00","dateModified":"2026-01-07T20:44:27+00:00","breadcrumb":{"@id":"https:\/\/miumjau.ee\/fi\/tuote\/kiipeilypuu-miumjau-7061-130-cm\/#breadcrumb"},"inLanguage":"fi","potentialAction":[{"@type":"ReadAction","target":["https:\/\/miumjau.ee\/fi\/tuote\/kiipeilypuu-miumjau-7061-130-cm\/"]}]},{"@type":"ImageObject","inLanguage":"fi","@id":"https:\/\/miumjau.ee\/fi\/tuote\/kiipeilypuu-miumjau-7061-130-cm\/#primaryimage","url":"https:\/\/miumjau.ee\/wp-content\/uploads\/2025\/08\/ronimispuu-miumjau-70613.jpg","contentUrl":"https:\/\/miumjau.ee\/wp-content\/uploads\/2025\/08\/ronimispuu-miumjau-70613.jpg","width":600,"height":800,"caption":"Ronimispuu MiuMjau 7061, 130cm"},{"@type":"BreadcrumbList","@id":"https:\/\/miumjau.ee\/fi\/tuote\/kiipeilypuu-miumjau-7061-130-cm\/#breadcrumb","itemListElement":[{"@type":"ListItem","position":1,"name":"Home","item":"https:\/\/miumjau.ee\/fi\/"},{"@type":"ListItem","position":2,"name":"Kauppa","item":"https:\/\/miumjau.ee\/fi\/kauppa\/"},{"@type":"ListItem","position":3,"name":"Kiipeilypuu MiuMjau 7061, 130 cm"}]},{"@type":"WebSite","@id":"https:\/\/miumjau.ee\/#website","url":"https:\/\/miumjau.ee\/","name":"MiuMjau","description":"Kraapimispuud kassidele","publisher":{"@id":"https:\/\/miumjau.ee\/#organization"},"potentialAction":[{"@type":"SearchAction","target":{"@type":"EntryPoint","urlTemplate":"https:\/\/miumjau.ee\/?s={search_term_string}"},"query-input":{"@type":"PropertyValueSpecification","valueRequired":true,"valueName":"search_term_string"}}],"inLanguage":"fi"},{"@type":"Organization","@id":"https:\/\/miumjau.ee\/#organization","name":"MiuMjau O\u00dc","url":"https:\/\/miumjau.ee\/","logo":{"@type":"ImageObject","inLanguage":"fi","@id":"https:\/\/miumjau.ee\/#\/schema\/logo\/image\/","url":"https:\/\/miumjau.ee\/wp-content\/uploads\/2022\/04\/MiuMjau-logo-kollane.png","contentUrl":"https:\/\/miumjau.ee\/wp-content\/uploads\/2022\/04\/MiuMjau-logo-kollane.png","width":219,"height":100,"caption":"MiuMjau O\u00dc"},"image":{"@id":"https:\/\/miumjau.ee\/#\/schema\/logo\/image\/"},"sameAs":["https:\/\/www.facebook.com\/miumjaupood\/"]}]}},"_links":{"self":[{"href":"https:\/\/miumjau.ee\/fi\/wp-json\/wp\/v2\/product\/48596","targetHints":{"allow":["GET"]}}],"collection":[{"href":"https:\/\/miumjau.ee\/fi\/wp-json\/wp\/v2\/product"}],"about":[{"href":"https:\/\/miumjau.ee\/fi\/wp-json\/wp\/v2\/types\/product"}],"wp:featuredmedia":[{"embeddable":true,"href":"https:\/\/miumjau.ee\/fi\/wp-json\/wp\/v2\/media\/38549"}],"wp:attachment":[{"href":"https:\/\/miumjau.ee\/fi\/wp-json\/wp\/v2\/media?parent=48596"}],"wp:term":[{"taxonomy":"product_brand","embeddable":true,"href":"https:\/\/miumjau.ee\/fi\/wp-json\/wp\/v2\/product_brand?post=48596"},{"taxonomy":"product_cat","embeddable":true,"href":"https:\/\/miumjau.ee\/fi\/wp-json\/wp\/v2\/product_cat?post=48596"},{"taxonomy":"product_tag","embeddable":true,"href":"https:\/\/miumjau.ee\/fi\/wp-json\/wp\/v2\/product_tag?post=48596"}],"curies":[{"name":"wp","href":"https:\/\/api.w.org\/{rel}","templated":true}]}}