{"id":48520,"date":"2025-05-16T00:15:46","date_gmt":"2025-05-15T21:15:46","guid":{"rendered":"https:\/\/miumjau.ee\/toode\/frigera-puolikosteat-ja-runsaslihaiset-herkut-hevosenliha-165-g\/"},"modified":"2026-01-07T22:44:34","modified_gmt":"2026-01-07T20:44:34","slug":"frigera-puolikosteat-ja-runsaslihaiset-herkut-hevosenliha-165-g","status":"publish","type":"product","link":"https:\/\/miumjau.ee\/fi\/tuote\/frigera-puolikosteat-ja-runsaslihaiset-herkut-hevosenliha-165-g\/","title":{"rendered":"Frigera puolikosteat ja runsaslihaiset herkut, hevosenliha, 165 g"},"content":{"rendered":"","protected":false},"excerpt":{"rendered":"<p data-start=\"230\" data-end=\"548\">Frigera puolikosteiden herkkusarjan huipputuote! Gluteeniton ja eritt\u00e4in runsaslihainen \u2013 jopa 85 %! Jopa kaikkein herkimm\u00e4t koirat eiv\u00e4t voi vastustaa n\u00e4it\u00e4 herkkuja. Valmistettu vain parhaista saatavilla olevista raaka-aineista ilman s\u00e4il\u00f6nt\u00e4aineita ja keinotekoisia v\u00e4rej\u00e4 \u2013 markkinoiden terveellisimpi\u00e4 herkkuja.<\/p>\n<p data-start=\"550\" data-end=\"657\">Kuten kaikki muutkin Frigera pehme\u00e4t herkut, n\u00e4m\u00e4 ovat k\u00e4tev\u00e4ss\u00e4 koossa ja k\u00e4yt\u00e4nn\u00f6llisess\u00e4 pakkauksessa.<\/p>\n<p data-start=\"659\" data-end=\"818\"><strong data-start=\"659\" data-end=\"673\">Ainesosat:<\/strong> Liha ja el\u00e4inper\u00e4iset ainesosat (85 % lihapitoisuus, sis\u00e4lt\u00e4en 9,5 % hevosenlihajauhoa), kasvipohjaiset ainesosat, \u00f6ljyt ja rasvat, mineraalit<\/p>\n<p data-start=\"820\" data-end=\"920\"><strong data-start=\"820\" data-end=\"847\">Analyyttinen koostumus:<\/strong> Proteiini 48,8 %, Rasva 9,6 %, Kuitu 1,6 %, Kuitu 0,84 %, Kosteus 21 %<\/p>\n<p data-start=\"922\" data-end=\"1100\">Tarjoa Frigera-herkkua v\u00e4lipalana tai palkintona osana tasapainoista ruokavaliota. Valvo koiraa ruokinnan aikana ja varmista aina raikas juomavesi. Ei sovellu ihmisten ruoaksi.<\/p>\n","protected":false},"featured_media":34694,"template":"","meta":[],"product_brand":[],"product_cat":[480],"product_tag":[],"class_list":{"0":"post-48520","1":"product","2":"type-product","3":"status-publish","4":"has-post-thumbnail","6":"product_cat-herkut-koirille","8":"first","9":"instock","10":"taxable","11":"shipping-taxable","12":"purchasable","13":"product-type-simple"},"yoast_head":"<!-- This site is optimized with the Yoast SEO plugin v27.4 - https:\/\/yoast.com\/product\/yoast-seo-wordpress\/ -->\n<title>Frigera puolikosteat ja runsaslihaiset herkut, hevosenliha, 165 g - MiuMjau<\/title>\n<meta name=\"robots\" content=\"index, follow, max-snippet:-1, max-image-preview:large, max-video-preview:-1\" \/>\n<link rel=\"canonical\" href=\"https:\/\/miumjau.ee\/fi\/tuote\/frigera-puolikosteat-ja-runsaslihaiset-herkut-hevosenliha-165-g\/\" \/>\n<meta property=\"og:locale\" content=\"fi_FI\" \/>\n<meta property=\"og:type\" content=\"article\" \/>\n<meta property=\"og:title\" content=\"Frigera puolikosteat ja runsaslihaiset herkut, hevosenliha, 165 g - MiuMjau\" \/>\n<meta property=\"og:description\" content=\"Frigera puolikosteiden herkkusarjan huipputuote! Gluteeniton ja eritt\u00e4in runsaslihainen \u2013 jopa 85 %! Jopa kaikkein herkimm\u00e4t koirat eiv\u00e4t voi vastustaa n\u00e4it\u00e4 herkkuja. Valmistettu vain parhaista saatavilla olevista raaka-aineista ilman s\u00e4il\u00f6nt\u00e4aineita ja keinotekoisia v\u00e4rej\u00e4 \u2013 markkinoiden terveellisimpi\u00e4 herkkuja. Kuten kaikki muutkin Frigera pehme\u00e4t herkut, n\u00e4m\u00e4 ovat k\u00e4tev\u00e4ss\u00e4 koossa ja k\u00e4yt\u00e4nn\u00f6llisess\u00e4 pakkauksessa. Ainesosat: Liha ja el\u00e4inper\u00e4iset ainesosat (85 % lihapitoisuus, sis\u00e4lt\u00e4en 9,5 % hevosenlihajauhoa), kasvipohjaiset ainesosat, \u00f6ljyt ja rasvat, mineraalit Analyyttinen koostumus: Proteiini 48,8 %, Rasva 9,6 %, Kuitu 1,6 %, Kuitu 0,84 %, Kosteus 21 % Tarjoa Frigera-herkkua v\u00e4lipalana tai palkintona osana tasapainoista ruokavaliota. Valvo koiraa ruokinnan aikana ja varmista aina raikas juomavesi. Ei sovellu ihmisten ruoaksi.\" \/>\n<meta property=\"og:url\" content=\"https:\/\/miumjau.ee\/fi\/tuote\/frigera-puolikosteat-ja-runsaslihaiset-herkut-hevosenliha-165-g\/\" \/>\n<meta property=\"og:site_name\" content=\"MiuMjau\" \/>\n<meta property=\"article:publisher\" content=\"https:\/\/www.facebook.com\/miumjaupood\/\" \/>\n<meta property=\"article:modified_time\" content=\"2026-01-07T20:44:34+00:00\" \/>\n<meta property=\"og:image\" content=\"https:\/\/miumjau.ee\/wp-content\/uploads\/2025\/05\/frigera-poolniisked-pehmed-maiused-gluteenivaba-korge-lihasisaldusega-hobune-165g-1-Photoroom.webp\" \/>\n\t<meta property=\"og:image:width\" content=\"600\" \/>\n\t<meta property=\"og:image:height\" content=\"800\" \/>\n\t<meta property=\"og:image:type\" content=\"image\/webp\" \/>\n<meta name=\"twitter:card\" content=\"summary_large_image\" \/>\n<script type=\"application\/ld+json\" class=\"yoast-schema-graph\">{\"@context\":\"https:\\\/\\\/schema.org\",\"@graph\":[{\"@type\":\"WebPage\",\"@id\":\"https:\\\/\\\/miumjau.ee\\\/fi\\\/tuote\\\/frigera-puolikosteat-ja-runsaslihaiset-herkut-hevosenliha-165-g\\\/\",\"url\":\"https:\\\/\\\/miumjau.ee\\\/fi\\\/tuote\\\/frigera-puolikosteat-ja-runsaslihaiset-herkut-hevosenliha-165-g\\\/\",\"name\":\"Frigera puolikosteat ja runsaslihaiset herkut, hevosenliha, 165 g - MiuMjau\",\"isPartOf\":{\"@id\":\"https:\\\/\\\/miumjau.ee\\\/#website\"},\"primaryImageOfPage\":{\"@id\":\"https:\\\/\\\/miumjau.ee\\\/fi\\\/tuote\\\/frigera-puolikosteat-ja-runsaslihaiset-herkut-hevosenliha-165-g\\\/#primaryimage\"},\"image\":{\"@id\":\"https:\\\/\\\/miumjau.ee\\\/fi\\\/tuote\\\/frigera-puolikosteat-ja-runsaslihaiset-herkut-hevosenliha-165-g\\\/#primaryimage\"},\"thumbnailUrl\":\"https:\\\/\\\/miumjau.ee\\\/wp-content\\\/uploads\\\/2025\\\/05\\\/frigera-poolniisked-pehmed-maiused-gluteenivaba-korge-lihasisaldusega-hobune-165g-1-Photoroom.webp\",\"datePublished\":\"2025-05-15T21:15:46+00:00\",\"dateModified\":\"2026-01-07T20:44:34+00:00\",\"breadcrumb\":{\"@id\":\"https:\\\/\\\/miumjau.ee\\\/fi\\\/tuote\\\/frigera-puolikosteat-ja-runsaslihaiset-herkut-hevosenliha-165-g\\\/#breadcrumb\"},\"inLanguage\":\"fi\",\"potentialAction\":[{\"@type\":\"ReadAction\",\"target\":[\"https:\\\/\\\/miumjau.ee\\\/fi\\\/tuote\\\/frigera-puolikosteat-ja-runsaslihaiset-herkut-hevosenliha-165-g\\\/\"]}]},{\"@type\":\"ImageObject\",\"inLanguage\":\"fi\",\"@id\":\"https:\\\/\\\/miumjau.ee\\\/fi\\\/tuote\\\/frigera-puolikosteat-ja-runsaslihaiset-herkut-hevosenliha-165-g\\\/#primaryimage\",\"url\":\"https:\\\/\\\/miumjau.ee\\\/wp-content\\\/uploads\\\/2025\\\/05\\\/frigera-poolniisked-pehmed-maiused-gluteenivaba-korge-lihasisaldusega-hobune-165g-1-Photoroom.webp\",\"contentUrl\":\"https:\\\/\\\/miumjau.ee\\\/wp-content\\\/uploads\\\/2025\\\/05\\\/frigera-poolniisked-pehmed-maiused-gluteenivaba-korge-lihasisaldusega-hobune-165g-1-Photoroom.webp\",\"width\":600,\"height\":800,\"caption\":\"Frigera poolniisked pehmed maiused, gluteenivaba, k\u00f5rge lihasisaldusega hobune, 165 g\"},{\"@type\":\"BreadcrumbList\",\"@id\":\"https:\\\/\\\/miumjau.ee\\\/fi\\\/tuote\\\/frigera-puolikosteat-ja-runsaslihaiset-herkut-hevosenliha-165-g\\\/#breadcrumb\",\"itemListElement\":[{\"@type\":\"ListItem\",\"position\":1,\"name\":\"Home\",\"item\":\"https:\\\/\\\/miumjau.ee\\\/fi\\\/\"},{\"@type\":\"ListItem\",\"position\":2,\"name\":\"Kauppa\",\"item\":\"https:\\\/\\\/miumjau.ee\\\/fi\\\/kauppa\\\/\"},{\"@type\":\"ListItem\",\"position\":3,\"name\":\"Frigera puolikosteat ja runsaslihaiset herkut, hevosenliha, 165 g\"}]},{\"@type\":\"WebSite\",\"@id\":\"https:\\\/\\\/miumjau.ee\\\/#website\",\"url\":\"https:\\\/\\\/miumjau.ee\\\/\",\"name\":\"MiuMjau\",\"description\":\"Kraapimispuud kassidele\",\"publisher\":{\"@id\":\"https:\\\/\\\/miumjau.ee\\\/#organization\"},\"potentialAction\":[{\"@type\":\"SearchAction\",\"target\":{\"@type\":\"EntryPoint\",\"urlTemplate\":\"https:\\\/\\\/miumjau.ee\\\/?s={search_term_string}\"},\"query-input\":{\"@type\":\"PropertyValueSpecification\",\"valueRequired\":true,\"valueName\":\"search_term_string\"}}],\"inLanguage\":\"fi\"},{\"@type\":\"Organization\",\"@id\":\"https:\\\/\\\/miumjau.ee\\\/#organization\",\"name\":\"MiuMjau O\u00dc\",\"url\":\"https:\\\/\\\/miumjau.ee\\\/\",\"logo\":{\"@type\":\"ImageObject\",\"inLanguage\":\"fi\",\"@id\":\"https:\\\/\\\/miumjau.ee\\\/#\\\/schema\\\/logo\\\/image\\\/\",\"url\":\"https:\\\/\\\/miumjau.ee\\\/wp-content\\\/uploads\\\/2022\\\/04\\\/MiuMjau-logo-kollane.png\",\"contentUrl\":\"https:\\\/\\\/miumjau.ee\\\/wp-content\\\/uploads\\\/2022\\\/04\\\/MiuMjau-logo-kollane.png\",\"width\":219,\"height\":100,\"caption\":\"MiuMjau O\u00dc\"},\"image\":{\"@id\":\"https:\\\/\\\/miumjau.ee\\\/#\\\/schema\\\/logo\\\/image\\\/\"},\"sameAs\":[\"https:\\\/\\\/www.facebook.com\\\/miumjaupood\\\/\"]}]}<\/script>\n<!-- \/ Yoast SEO plugin. -->","yoast_head_json":{"title":"Frigera puolikosteat ja runsaslihaiset herkut, hevosenliha, 165 g - MiuMjau","robots":{"index":"index","follow":"follow","max-snippet":"max-snippet:-1","max-image-preview":"max-image-preview:large","max-video-preview":"max-video-preview:-1"},"canonical":"https:\/\/miumjau.ee\/fi\/tuote\/frigera-puolikosteat-ja-runsaslihaiset-herkut-hevosenliha-165-g\/","og_locale":"fi_FI","og_type":"article","og_title":"Frigera puolikosteat ja runsaslihaiset herkut, hevosenliha, 165 g - MiuMjau","og_description":"Frigera puolikosteiden herkkusarjan huipputuote! Gluteeniton ja eritt\u00e4in runsaslihainen \u2013 jopa 85 %! Jopa kaikkein herkimm\u00e4t koirat eiv\u00e4t voi vastustaa n\u00e4it\u00e4 herkkuja. Valmistettu vain parhaista saatavilla olevista raaka-aineista ilman s\u00e4il\u00f6nt\u00e4aineita ja keinotekoisia v\u00e4rej\u00e4 \u2013 markkinoiden terveellisimpi\u00e4 herkkuja. Kuten kaikki muutkin Frigera pehme\u00e4t herkut, n\u00e4m\u00e4 ovat k\u00e4tev\u00e4ss\u00e4 koossa ja k\u00e4yt\u00e4nn\u00f6llisess\u00e4 pakkauksessa. Ainesosat: Liha ja el\u00e4inper\u00e4iset ainesosat (85 % lihapitoisuus, sis\u00e4lt\u00e4en 9,5 % hevosenlihajauhoa), kasvipohjaiset ainesosat, \u00f6ljyt ja rasvat, mineraalit Analyyttinen koostumus: Proteiini 48,8 %, Rasva 9,6 %, Kuitu 1,6 %, Kuitu 0,84 %, Kosteus 21 % Tarjoa Frigera-herkkua v\u00e4lipalana tai palkintona osana tasapainoista ruokavaliota. Valvo koiraa ruokinnan aikana ja varmista aina raikas juomavesi. Ei sovellu ihmisten ruoaksi.","og_url":"https:\/\/miumjau.ee\/fi\/tuote\/frigera-puolikosteat-ja-runsaslihaiset-herkut-hevosenliha-165-g\/","og_site_name":"MiuMjau","article_publisher":"https:\/\/www.facebook.com\/miumjaupood\/","article_modified_time":"2026-01-07T20:44:34+00:00","og_image":[{"width":600,"height":800,"url":"https:\/\/miumjau.ee\/wp-content\/uploads\/2025\/05\/frigera-poolniisked-pehmed-maiused-gluteenivaba-korge-lihasisaldusega-hobune-165g-1-Photoroom.webp","type":"image\/webp"}],"twitter_card":"summary_large_image","schema":{"@context":"https:\/\/schema.org","@graph":[{"@type":"WebPage","@id":"https:\/\/miumjau.ee\/fi\/tuote\/frigera-puolikosteat-ja-runsaslihaiset-herkut-hevosenliha-165-g\/","url":"https:\/\/miumjau.ee\/fi\/tuote\/frigera-puolikosteat-ja-runsaslihaiset-herkut-hevosenliha-165-g\/","name":"Frigera puolikosteat ja runsaslihaiset herkut, hevosenliha, 165 g - MiuMjau","isPartOf":{"@id":"https:\/\/miumjau.ee\/#website"},"primaryImageOfPage":{"@id":"https:\/\/miumjau.ee\/fi\/tuote\/frigera-puolikosteat-ja-runsaslihaiset-herkut-hevosenliha-165-g\/#primaryimage"},"image":{"@id":"https:\/\/miumjau.ee\/fi\/tuote\/frigera-puolikosteat-ja-runsaslihaiset-herkut-hevosenliha-165-g\/#primaryimage"},"thumbnailUrl":"https:\/\/miumjau.ee\/wp-content\/uploads\/2025\/05\/frigera-poolniisked-pehmed-maiused-gluteenivaba-korge-lihasisaldusega-hobune-165g-1-Photoroom.webp","datePublished":"2025-05-15T21:15:46+00:00","dateModified":"2026-01-07T20:44:34+00:00","breadcrumb":{"@id":"https:\/\/miumjau.ee\/fi\/tuote\/frigera-puolikosteat-ja-runsaslihaiset-herkut-hevosenliha-165-g\/#breadcrumb"},"inLanguage":"fi","potentialAction":[{"@type":"ReadAction","target":["https:\/\/miumjau.ee\/fi\/tuote\/frigera-puolikosteat-ja-runsaslihaiset-herkut-hevosenliha-165-g\/"]}]},{"@type":"ImageObject","inLanguage":"fi","@id":"https:\/\/miumjau.ee\/fi\/tuote\/frigera-puolikosteat-ja-runsaslihaiset-herkut-hevosenliha-165-g\/#primaryimage","url":"https:\/\/miumjau.ee\/wp-content\/uploads\/2025\/05\/frigera-poolniisked-pehmed-maiused-gluteenivaba-korge-lihasisaldusega-hobune-165g-1-Photoroom.webp","contentUrl":"https:\/\/miumjau.ee\/wp-content\/uploads\/2025\/05\/frigera-poolniisked-pehmed-maiused-gluteenivaba-korge-lihasisaldusega-hobune-165g-1-Photoroom.webp","width":600,"height":800,"caption":"Frigera poolniisked pehmed maiused, gluteenivaba, k\u00f5rge lihasisaldusega hobune, 165 g"},{"@type":"BreadcrumbList","@id":"https:\/\/miumjau.ee\/fi\/tuote\/frigera-puolikosteat-ja-runsaslihaiset-herkut-hevosenliha-165-g\/#breadcrumb","itemListElement":[{"@type":"ListItem","position":1,"name":"Home","item":"https:\/\/miumjau.ee\/fi\/"},{"@type":"ListItem","position":2,"name":"Kauppa","item":"https:\/\/miumjau.ee\/fi\/kauppa\/"},{"@type":"ListItem","position":3,"name":"Frigera puolikosteat ja runsaslihaiset herkut, hevosenliha, 165 g"}]},{"@type":"WebSite","@id":"https:\/\/miumjau.ee\/#website","url":"https:\/\/miumjau.ee\/","name":"MiuMjau","description":"Kraapimispuud kassidele","publisher":{"@id":"https:\/\/miumjau.ee\/#organization"},"potentialAction":[{"@type":"SearchAction","target":{"@type":"EntryPoint","urlTemplate":"https:\/\/miumjau.ee\/?s={search_term_string}"},"query-input":{"@type":"PropertyValueSpecification","valueRequired":true,"valueName":"search_term_string"}}],"inLanguage":"fi"},{"@type":"Organization","@id":"https:\/\/miumjau.ee\/#organization","name":"MiuMjau O\u00dc","url":"https:\/\/miumjau.ee\/","logo":{"@type":"ImageObject","inLanguage":"fi","@id":"https:\/\/miumjau.ee\/#\/schema\/logo\/image\/","url":"https:\/\/miumjau.ee\/wp-content\/uploads\/2022\/04\/MiuMjau-logo-kollane.png","contentUrl":"https:\/\/miumjau.ee\/wp-content\/uploads\/2022\/04\/MiuMjau-logo-kollane.png","width":219,"height":100,"caption":"MiuMjau O\u00dc"},"image":{"@id":"https:\/\/miumjau.ee\/#\/schema\/logo\/image\/"},"sameAs":["https:\/\/www.facebook.com\/miumjaupood\/"]}]}},"_links":{"self":[{"href":"https:\/\/miumjau.ee\/fi\/wp-json\/wp\/v2\/product\/48520","targetHints":{"allow":["GET"]}}],"collection":[{"href":"https:\/\/miumjau.ee\/fi\/wp-json\/wp\/v2\/product"}],"about":[{"href":"https:\/\/miumjau.ee\/fi\/wp-json\/wp\/v2\/types\/product"}],"wp:featuredmedia":[{"embeddable":true,"href":"https:\/\/miumjau.ee\/fi\/wp-json\/wp\/v2\/media\/34694"}],"wp:attachment":[{"href":"https:\/\/miumjau.ee\/fi\/wp-json\/wp\/v2\/media?parent=48520"}],"wp:term":[{"taxonomy":"product_brand","embeddable":true,"href":"https:\/\/miumjau.ee\/fi\/wp-json\/wp\/v2\/product_brand?post=48520"},{"taxonomy":"product_cat","embeddable":true,"href":"https:\/\/miumjau.ee\/fi\/wp-json\/wp\/v2\/product_cat?post=48520"},{"taxonomy":"product_tag","embeddable":true,"href":"https:\/\/miumjau.ee\/fi\/wp-json\/wp\/v2\/product_tag?post=48520"}],"curies":[{"name":"wp","href":"https:\/\/api.w.org\/{rel}","templated":true}]}}