{"id":48516,"date":"2025-05-18T11:35:22","date_gmt":"2025-05-18T08:35:22","guid":{"rendered":"https:\/\/miumjau.ee\/toode\/frigera-koiran-herkku-tursk-250-g\/"},"modified":"2026-01-07T22:44:34","modified_gmt":"2026-01-07T20:44:34","slug":"frigera-koiran-herkku-tursk-250-g","status":"publish","type":"product","link":"https:\/\/miumjau.ee\/fi\/tuote\/frigera-koiran-herkku-tursk-250-g\/","title":{"rendered":"Frigera koiran herkku, tursk, 250 g"},"content":{"rendered":"","protected":false},"excerpt":{"rendered":"<p data-start=\"181\" data-end=\"387\">FRIGERA koiran herkku \u2013 turskiv\u00e4lipalat ovat monipuolisia ja terveellisi\u00e4, sopivat erinomaisesti my\u00f6s ylipainoisille koirille! Helposti sulava valkoinen kala sis\u00e4lt\u00e4\u00e4 runsaasti hy\u00f6dyllisi\u00e4 ravintoaineita.<\/p>\n<p data-start=\"389\" data-end=\"698\">N\u00e4iss\u00e4 herkuissa on korkea proteiinipitoisuus ja ne ovat my\u00f6s omega-3-rasvahappojen l\u00e4hde \u2013 v\u00e4ltt\u00e4m\u00e4tt\u00f6mi\u00e4 rasvahappoja, joita koiran elimist\u00f6 ei pysty tuottamaan itse, vaan ne on saatava ravinnosta. Omega-3 tukee turkin kiiltoa, v\u00e4hent\u00e4\u00e4 ihon kutinaa ja kuivuutta sek\u00e4 edist\u00e4\u00e4 syd\u00e4n- ja verisuoniterveytt\u00e4.<\/p>\n<p data-start=\"700\" data-end=\"979\">Hell\u00e4varainen kuivausprosessi tekee niist\u00e4 rapeita ja helposti murenevia, auttaen samalla hampaiden luonnollisessa puhdistuksessa. K\u00e4yt\u00e4nn\u00f6llinen koko ja murenevuus tekev\u00e4t herkuista t\u00e4ydellisi\u00e4 koirille kaikissa kokoluokissa ja ne sopivat erinomaisesti my\u00f6s etsint\u00e4leikkeihin.<\/p>\n<p data-start=\"981\" data-end=\"1111\"><strong data-start=\"981\" data-end=\"996\">Nettopaino:<\/strong> 250 g<br data-start=\"1002\" data-end=\"1005\" \/><strong data-start=\"1005\" data-end=\"1019\">Ainesosat:<\/strong> 100 % kala<br data-start=\"1030\" data-end=\"1033\" \/><strong data-start=\"1033\" data-end=\"1060\">Analyyttinen koostumus:<\/strong> Proteiini 77,84 %, Rasva 4,12 %, Kosteus 12,44 %<\/p>\n<p data-start=\"1113\" data-end=\"1351\"><strong data-start=\"1113\" data-end=\"1131\">Annosteluohje:<\/strong> Tarjoa v\u00e4lipalana tai palkintona osana tasapainoista ruokavaliota. Valvo koiraa ruokinnan aikana ja varmista aina raikas juomavesi. Soveltuu p\u00e4ivitt\u00e4iseen k\u00e4ytt\u00f6\u00f6n, mutta vain valvonnassa. Ei sovellu ihmisten ruoaksi.<\/p>\n","protected":false},"featured_media":40905,"template":"","meta":[],"product_brand":[],"product_cat":[480,139],"product_tag":[],"class_list":{"0":"post-48516","1":"product","2":"type-product","3":"status-publish","4":"has-post-thumbnail","6":"product_cat-herkut-koirille","7":"product_cat-kaup24-fi","9":"first","10":"instock","11":"taxable","12":"shipping-taxable","13":"purchasable","14":"product-type-simple"},"yoast_head":"<!-- This site is optimized with the Yoast SEO plugin v27.4 - https:\/\/yoast.com\/product\/yoast-seo-wordpress\/ -->\n<title>Frigera koiran herkku, tursk, 250 g - MiuMjau<\/title>\n<meta name=\"robots\" content=\"index, follow, max-snippet:-1, max-image-preview:large, max-video-preview:-1\" \/>\n<link rel=\"canonical\" href=\"https:\/\/miumjau.ee\/fi\/tuote\/frigera-koiran-herkku-tursk-250-g\/\" \/>\n<meta property=\"og:locale\" content=\"fi_FI\" \/>\n<meta property=\"og:type\" content=\"article\" \/>\n<meta property=\"og:title\" content=\"Frigera koiran herkku, tursk, 250 g - MiuMjau\" \/>\n<meta property=\"og:description\" content=\"FRIGERA koiran herkku \u2013 turskiv\u00e4lipalat ovat monipuolisia ja terveellisi\u00e4, sopivat erinomaisesti my\u00f6s ylipainoisille koirille! Helposti sulava valkoinen kala sis\u00e4lt\u00e4\u00e4 runsaasti hy\u00f6dyllisi\u00e4 ravintoaineita. N\u00e4iss\u00e4 herkuissa on korkea proteiinipitoisuus ja ne ovat my\u00f6s omega-3-rasvahappojen l\u00e4hde \u2013 v\u00e4ltt\u00e4m\u00e4tt\u00f6mi\u00e4 rasvahappoja, joita koiran elimist\u00f6 ei pysty tuottamaan itse, vaan ne on saatava ravinnosta. Omega-3 tukee turkin kiiltoa, v\u00e4hent\u00e4\u00e4 ihon kutinaa ja kuivuutta sek\u00e4 edist\u00e4\u00e4 syd\u00e4n- ja verisuoniterveytt\u00e4. Hell\u00e4varainen kuivausprosessi tekee niist\u00e4 rapeita ja helposti murenevia, auttaen samalla hampaiden luonnollisessa puhdistuksessa. K\u00e4yt\u00e4nn\u00f6llinen koko ja murenevuus tekev\u00e4t herkuista t\u00e4ydellisi\u00e4 koirille kaikissa kokoluokissa ja ne sopivat erinomaisesti my\u00f6s etsint\u00e4leikkeihin. Nettopaino: 250 gAinesosat: 100 % kalaAnalyyttinen koostumus: Proteiini 77,84 %, Rasva 4,12 %, Kosteus 12,44 % Annosteluohje: Tarjoa v\u00e4lipalana tai palkintona osana tasapainoista ruokavaliota. Valvo koiraa ruokinnan aikana ja varmista aina raikas juomavesi. Soveltuu p\u00e4ivitt\u00e4iseen k\u00e4ytt\u00f6\u00f6n, mutta vain valvonnassa. Ei sovellu ihmisten ruoaksi.\" \/>\n<meta property=\"og:url\" content=\"https:\/\/miumjau.ee\/fi\/tuote\/frigera-koiran-herkku-tursk-250-g\/\" \/>\n<meta property=\"og:site_name\" content=\"MiuMjau\" \/>\n<meta property=\"article:publisher\" content=\"https:\/\/www.facebook.com\/miumjaupood\/\" \/>\n<meta property=\"article:modified_time\" content=\"2026-01-07T20:44:34+00:00\" \/>\n<meta property=\"og:image\" content=\"https:\/\/miumjau.ee\/wp-content\/uploads\/2025\/05\/frigera-koerte-maius-tursasnakid-250g-Photoroom.jpg\" \/>\n\t<meta property=\"og:image:width\" content=\"600\" \/>\n\t<meta property=\"og:image:height\" content=\"800\" \/>\n\t<meta property=\"og:image:type\" content=\"image\/jpeg\" \/>\n<meta name=\"twitter:card\" content=\"summary_large_image\" \/>\n<script type=\"application\/ld+json\" class=\"yoast-schema-graph\">{\"@context\":\"https:\\\/\\\/schema.org\",\"@graph\":[{\"@type\":\"WebPage\",\"@id\":\"https:\\\/\\\/miumjau.ee\\\/fi\\\/tuote\\\/frigera-koiran-herkku-tursk-250-g\\\/\",\"url\":\"https:\\\/\\\/miumjau.ee\\\/fi\\\/tuote\\\/frigera-koiran-herkku-tursk-250-g\\\/\",\"name\":\"Frigera koiran herkku, tursk, 250 g - MiuMjau\",\"isPartOf\":{\"@id\":\"https:\\\/\\\/miumjau.ee\\\/#website\"},\"primaryImageOfPage\":{\"@id\":\"https:\\\/\\\/miumjau.ee\\\/fi\\\/tuote\\\/frigera-koiran-herkku-tursk-250-g\\\/#primaryimage\"},\"image\":{\"@id\":\"https:\\\/\\\/miumjau.ee\\\/fi\\\/tuote\\\/frigera-koiran-herkku-tursk-250-g\\\/#primaryimage\"},\"thumbnailUrl\":\"https:\\\/\\\/miumjau.ee\\\/wp-content\\\/uploads\\\/2025\\\/05\\\/frigera-koerte-maius-tursasnakid-250g-Photoroom.jpg\",\"datePublished\":\"2025-05-18T08:35:22+00:00\",\"dateModified\":\"2026-01-07T20:44:34+00:00\",\"breadcrumb\":{\"@id\":\"https:\\\/\\\/miumjau.ee\\\/fi\\\/tuote\\\/frigera-koiran-herkku-tursk-250-g\\\/#breadcrumb\"},\"inLanguage\":\"fi\",\"potentialAction\":[{\"@type\":\"ReadAction\",\"target\":[\"https:\\\/\\\/miumjau.ee\\\/fi\\\/tuote\\\/frigera-koiran-herkku-tursk-250-g\\\/\"]}]},{\"@type\":\"ImageObject\",\"inLanguage\":\"fi\",\"@id\":\"https:\\\/\\\/miumjau.ee\\\/fi\\\/tuote\\\/frigera-koiran-herkku-tursk-250-g\\\/#primaryimage\",\"url\":\"https:\\\/\\\/miumjau.ee\\\/wp-content\\\/uploads\\\/2025\\\/05\\\/frigera-koerte-maius-tursasnakid-250g-Photoroom.jpg\",\"contentUrl\":\"https:\\\/\\\/miumjau.ee\\\/wp-content\\\/uploads\\\/2025\\\/05\\\/frigera-koerte-maius-tursasnakid-250g-Photoroom.jpg\",\"width\":600,\"height\":800,\"caption\":\"Frigera koerte maius, tursa sn\u00e4kid, 250 g\"},{\"@type\":\"BreadcrumbList\",\"@id\":\"https:\\\/\\\/miumjau.ee\\\/fi\\\/tuote\\\/frigera-koiran-herkku-tursk-250-g\\\/#breadcrumb\",\"itemListElement\":[{\"@type\":\"ListItem\",\"position\":1,\"name\":\"Home\",\"item\":\"https:\\\/\\\/miumjau.ee\\\/fi\\\/\"},{\"@type\":\"ListItem\",\"position\":2,\"name\":\"Kauppa\",\"item\":\"https:\\\/\\\/miumjau.ee\\\/fi\\\/kauppa\\\/\"},{\"@type\":\"ListItem\",\"position\":3,\"name\":\"Frigera koiran herkku, tursk, 250 g\"}]},{\"@type\":\"WebSite\",\"@id\":\"https:\\\/\\\/miumjau.ee\\\/#website\",\"url\":\"https:\\\/\\\/miumjau.ee\\\/\",\"name\":\"MiuMjau\",\"description\":\"Kraapimispuud kassidele\",\"publisher\":{\"@id\":\"https:\\\/\\\/miumjau.ee\\\/#organization\"},\"potentialAction\":[{\"@type\":\"SearchAction\",\"target\":{\"@type\":\"EntryPoint\",\"urlTemplate\":\"https:\\\/\\\/miumjau.ee\\\/?s={search_term_string}\"},\"query-input\":{\"@type\":\"PropertyValueSpecification\",\"valueRequired\":true,\"valueName\":\"search_term_string\"}}],\"inLanguage\":\"fi\"},{\"@type\":\"Organization\",\"@id\":\"https:\\\/\\\/miumjau.ee\\\/#organization\",\"name\":\"MiuMjau O\u00dc\",\"url\":\"https:\\\/\\\/miumjau.ee\\\/\",\"logo\":{\"@type\":\"ImageObject\",\"inLanguage\":\"fi\",\"@id\":\"https:\\\/\\\/miumjau.ee\\\/#\\\/schema\\\/logo\\\/image\\\/\",\"url\":\"https:\\\/\\\/miumjau.ee\\\/wp-content\\\/uploads\\\/2022\\\/04\\\/MiuMjau-logo-kollane.png\",\"contentUrl\":\"https:\\\/\\\/miumjau.ee\\\/wp-content\\\/uploads\\\/2022\\\/04\\\/MiuMjau-logo-kollane.png\",\"width\":219,\"height\":100,\"caption\":\"MiuMjau O\u00dc\"},\"image\":{\"@id\":\"https:\\\/\\\/miumjau.ee\\\/#\\\/schema\\\/logo\\\/image\\\/\"},\"sameAs\":[\"https:\\\/\\\/www.facebook.com\\\/miumjaupood\\\/\"]}]}<\/script>\n<!-- \/ Yoast SEO plugin. -->","yoast_head_json":{"title":"Frigera koiran herkku, tursk, 250 g - MiuMjau","robots":{"index":"index","follow":"follow","max-snippet":"max-snippet:-1","max-image-preview":"max-image-preview:large","max-video-preview":"max-video-preview:-1"},"canonical":"https:\/\/miumjau.ee\/fi\/tuote\/frigera-koiran-herkku-tursk-250-g\/","og_locale":"fi_FI","og_type":"article","og_title":"Frigera koiran herkku, tursk, 250 g - MiuMjau","og_description":"FRIGERA koiran herkku \u2013 turskiv\u00e4lipalat ovat monipuolisia ja terveellisi\u00e4, sopivat erinomaisesti my\u00f6s ylipainoisille koirille! Helposti sulava valkoinen kala sis\u00e4lt\u00e4\u00e4 runsaasti hy\u00f6dyllisi\u00e4 ravintoaineita. N\u00e4iss\u00e4 herkuissa on korkea proteiinipitoisuus ja ne ovat my\u00f6s omega-3-rasvahappojen l\u00e4hde \u2013 v\u00e4ltt\u00e4m\u00e4tt\u00f6mi\u00e4 rasvahappoja, joita koiran elimist\u00f6 ei pysty tuottamaan itse, vaan ne on saatava ravinnosta. Omega-3 tukee turkin kiiltoa, v\u00e4hent\u00e4\u00e4 ihon kutinaa ja kuivuutta sek\u00e4 edist\u00e4\u00e4 syd\u00e4n- ja verisuoniterveytt\u00e4. Hell\u00e4varainen kuivausprosessi tekee niist\u00e4 rapeita ja helposti murenevia, auttaen samalla hampaiden luonnollisessa puhdistuksessa. K\u00e4yt\u00e4nn\u00f6llinen koko ja murenevuus tekev\u00e4t herkuista t\u00e4ydellisi\u00e4 koirille kaikissa kokoluokissa ja ne sopivat erinomaisesti my\u00f6s etsint\u00e4leikkeihin. Nettopaino: 250 gAinesosat: 100 % kalaAnalyyttinen koostumus: Proteiini 77,84 %, Rasva 4,12 %, Kosteus 12,44 % Annosteluohje: Tarjoa v\u00e4lipalana tai palkintona osana tasapainoista ruokavaliota. Valvo koiraa ruokinnan aikana ja varmista aina raikas juomavesi. Soveltuu p\u00e4ivitt\u00e4iseen k\u00e4ytt\u00f6\u00f6n, mutta vain valvonnassa. Ei sovellu ihmisten ruoaksi.","og_url":"https:\/\/miumjau.ee\/fi\/tuote\/frigera-koiran-herkku-tursk-250-g\/","og_site_name":"MiuMjau","article_publisher":"https:\/\/www.facebook.com\/miumjaupood\/","article_modified_time":"2026-01-07T20:44:34+00:00","og_image":[{"width":600,"height":800,"url":"https:\/\/miumjau.ee\/wp-content\/uploads\/2025\/05\/frigera-koerte-maius-tursasnakid-250g-Photoroom.jpg","type":"image\/jpeg"}],"twitter_card":"summary_large_image","schema":{"@context":"https:\/\/schema.org","@graph":[{"@type":"WebPage","@id":"https:\/\/miumjau.ee\/fi\/tuote\/frigera-koiran-herkku-tursk-250-g\/","url":"https:\/\/miumjau.ee\/fi\/tuote\/frigera-koiran-herkku-tursk-250-g\/","name":"Frigera koiran herkku, tursk, 250 g - MiuMjau","isPartOf":{"@id":"https:\/\/miumjau.ee\/#website"},"primaryImageOfPage":{"@id":"https:\/\/miumjau.ee\/fi\/tuote\/frigera-koiran-herkku-tursk-250-g\/#primaryimage"},"image":{"@id":"https:\/\/miumjau.ee\/fi\/tuote\/frigera-koiran-herkku-tursk-250-g\/#primaryimage"},"thumbnailUrl":"https:\/\/miumjau.ee\/wp-content\/uploads\/2025\/05\/frigera-koerte-maius-tursasnakid-250g-Photoroom.jpg","datePublished":"2025-05-18T08:35:22+00:00","dateModified":"2026-01-07T20:44:34+00:00","breadcrumb":{"@id":"https:\/\/miumjau.ee\/fi\/tuote\/frigera-koiran-herkku-tursk-250-g\/#breadcrumb"},"inLanguage":"fi","potentialAction":[{"@type":"ReadAction","target":["https:\/\/miumjau.ee\/fi\/tuote\/frigera-koiran-herkku-tursk-250-g\/"]}]},{"@type":"ImageObject","inLanguage":"fi","@id":"https:\/\/miumjau.ee\/fi\/tuote\/frigera-koiran-herkku-tursk-250-g\/#primaryimage","url":"https:\/\/miumjau.ee\/wp-content\/uploads\/2025\/05\/frigera-koerte-maius-tursasnakid-250g-Photoroom.jpg","contentUrl":"https:\/\/miumjau.ee\/wp-content\/uploads\/2025\/05\/frigera-koerte-maius-tursasnakid-250g-Photoroom.jpg","width":600,"height":800,"caption":"Frigera koerte maius, tursa sn\u00e4kid, 250 g"},{"@type":"BreadcrumbList","@id":"https:\/\/miumjau.ee\/fi\/tuote\/frigera-koiran-herkku-tursk-250-g\/#breadcrumb","itemListElement":[{"@type":"ListItem","position":1,"name":"Home","item":"https:\/\/miumjau.ee\/fi\/"},{"@type":"ListItem","position":2,"name":"Kauppa","item":"https:\/\/miumjau.ee\/fi\/kauppa\/"},{"@type":"ListItem","position":3,"name":"Frigera koiran herkku, tursk, 250 g"}]},{"@type":"WebSite","@id":"https:\/\/miumjau.ee\/#website","url":"https:\/\/miumjau.ee\/","name":"MiuMjau","description":"Kraapimispuud kassidele","publisher":{"@id":"https:\/\/miumjau.ee\/#organization"},"potentialAction":[{"@type":"SearchAction","target":{"@type":"EntryPoint","urlTemplate":"https:\/\/miumjau.ee\/?s={search_term_string}"},"query-input":{"@type":"PropertyValueSpecification","valueRequired":true,"valueName":"search_term_string"}}],"inLanguage":"fi"},{"@type":"Organization","@id":"https:\/\/miumjau.ee\/#organization","name":"MiuMjau O\u00dc","url":"https:\/\/miumjau.ee\/","logo":{"@type":"ImageObject","inLanguage":"fi","@id":"https:\/\/miumjau.ee\/#\/schema\/logo\/image\/","url":"https:\/\/miumjau.ee\/wp-content\/uploads\/2022\/04\/MiuMjau-logo-kollane.png","contentUrl":"https:\/\/miumjau.ee\/wp-content\/uploads\/2022\/04\/MiuMjau-logo-kollane.png","width":219,"height":100,"caption":"MiuMjau O\u00dc"},"image":{"@id":"https:\/\/miumjau.ee\/#\/schema\/logo\/image\/"},"sameAs":["https:\/\/www.facebook.com\/miumjaupood\/"]}]}},"_links":{"self":[{"href":"https:\/\/miumjau.ee\/fi\/wp-json\/wp\/v2\/product\/48516","targetHints":{"allow":["GET"]}}],"collection":[{"href":"https:\/\/miumjau.ee\/fi\/wp-json\/wp\/v2\/product"}],"about":[{"href":"https:\/\/miumjau.ee\/fi\/wp-json\/wp\/v2\/types\/product"}],"wp:featuredmedia":[{"embeddable":true,"href":"https:\/\/miumjau.ee\/fi\/wp-json\/wp\/v2\/media\/40905"}],"wp:attachment":[{"href":"https:\/\/miumjau.ee\/fi\/wp-json\/wp\/v2\/media?parent=48516"}],"wp:term":[{"taxonomy":"product_brand","embeddable":true,"href":"https:\/\/miumjau.ee\/fi\/wp-json\/wp\/v2\/product_brand?post=48516"},{"taxonomy":"product_cat","embeddable":true,"href":"https:\/\/miumjau.ee\/fi\/wp-json\/wp\/v2\/product_cat?post=48516"},{"taxonomy":"product_tag","embeddable":true,"href":"https:\/\/miumjau.ee\/fi\/wp-json\/wp\/v2\/product_tag?post=48516"}],"curies":[{"name":"wp","href":"https:\/\/api.w.org\/{rel}","templated":true}]}}