{"id":48508,"date":"2025-05-18T11:50:28","date_gmt":"2025-05-18T08:50:28","guid":{"rendered":"https:\/\/miumjau.ee\/toode\/frigera-kuivattu-kalannahka-100-g\/"},"modified":"2026-01-07T22:44:34","modified_gmt":"2026-01-07T20:44:34","slug":"frigera-kuivattu-kalannahka-100-g","status":"publish","type":"product","link":"https:\/\/miumjau.ee\/fi\/tuote\/frigera-kuivattu-kalannahka-100-g\/","title":{"rendered":"Frigera kuivattu kalannahka, 100 g"},"content":{"rendered":"","protected":false},"excerpt":{"rendered":"<p data-start=\"167\" data-end=\"270\">FRIGERA kuivattu kalannahka on luonnollinen ja terveellinen herkku, sopii kaiken kokoisille koirille!<\/p>\n<p data-start=\"272\" data-end=\"701\">N\u00e4m\u00e4 rouskuvat palat eiv\u00e4t sis\u00e4ll\u00e4 keinotekoisia lis\u00e4aineita tai viljaa ja ne on valmistettu 100 % kalasta. Kalannahka on erinomainen omega-3-rasvahappojen l\u00e4hde, joka auttaa pit\u00e4m\u00e4\u00e4n koiran turkin kiilt\u00e4v\u00e4n\u00e4 ja ihon terveen\u00e4. Lis\u00e4ksi se tukee nivelten toimintaa ja v\u00e4hent\u00e4\u00e4 tulehduksia. Kuivausprosessi s\u00e4ilytt\u00e4\u00e4 kaikki arvokkaat ravintoaineet ja tekee herkusta hampaille hy\u00f6dyllisen, puhdistaen hammaskive\u00e4 pureskelun aikana.<\/p>\n<p data-start=\"703\" data-end=\"825\"><strong data-start=\"703\" data-end=\"718\">Nettopaino:<\/strong> 100 g<br data-start=\"724\" data-end=\"727\" \/><strong data-start=\"727\" data-end=\"741\">Koostumus:<\/strong> 100 % kalannahka<br data-start=\"758\" data-end=\"761\" \/><strong data-start=\"761\" data-end=\"774\">Analyysi:<\/strong> Proteiini 83 %, Rasva 3 %, Ash 12 %, Kosteus 8 %<\/p>\n<p data-start=\"827\" data-end=\"1083\"><strong data-start=\"827\" data-end=\"845\">Annosteluohje:<\/strong> Tarjoa v\u00e4lipalana tai palkintona osana tasapainoista ruokavaliota. Valvo koiraa ruokinnan aikana ja varmista, ett\u00e4 sill\u00e4 on aina raikasta juomavett\u00e4. Soveltuu p\u00e4ivitt\u00e4iseen k\u00e4ytt\u00f6\u00f6n, mutta vain valvonnassa. Ei sovellu ihmisten ruoaksi.<\/p>\n","protected":false},"featured_media":40897,"template":"","meta":[],"product_brand":[],"product_cat":[480,139],"product_tag":[],"class_list":{"0":"post-48508","1":"product","2":"type-product","3":"status-publish","4":"has-post-thumbnail","6":"product_cat-herkut-koirille","7":"product_cat-kaup24-fi","9":"first","10":"instock","11":"taxable","12":"shipping-taxable","13":"purchasable","14":"product-type-simple"},"yoast_head":"<!-- This site is optimized with the Yoast SEO plugin v27.4 - https:\/\/yoast.com\/product\/yoast-seo-wordpress\/ -->\n<title>Frigera kuivattu kalannahka, 100 g - MiuMjau<\/title>\n<meta name=\"robots\" content=\"index, follow, max-snippet:-1, max-image-preview:large, max-video-preview:-1\" \/>\n<link rel=\"canonical\" href=\"https:\/\/miumjau.ee\/fi\/tuote\/frigera-kuivattu-kalannahka-100-g\/\" \/>\n<meta property=\"og:locale\" content=\"fi_FI\" \/>\n<meta property=\"og:type\" content=\"article\" \/>\n<meta property=\"og:title\" content=\"Frigera kuivattu kalannahka, 100 g - MiuMjau\" \/>\n<meta property=\"og:description\" content=\"FRIGERA kuivattu kalannahka on luonnollinen ja terveellinen herkku, sopii kaiken kokoisille koirille! N\u00e4m\u00e4 rouskuvat palat eiv\u00e4t sis\u00e4ll\u00e4 keinotekoisia lis\u00e4aineita tai viljaa ja ne on valmistettu 100 % kalasta. Kalannahka on erinomainen omega-3-rasvahappojen l\u00e4hde, joka auttaa pit\u00e4m\u00e4\u00e4n koiran turkin kiilt\u00e4v\u00e4n\u00e4 ja ihon terveen\u00e4. Lis\u00e4ksi se tukee nivelten toimintaa ja v\u00e4hent\u00e4\u00e4 tulehduksia. Kuivausprosessi s\u00e4ilytt\u00e4\u00e4 kaikki arvokkaat ravintoaineet ja tekee herkusta hampaille hy\u00f6dyllisen, puhdistaen hammaskive\u00e4 pureskelun aikana. Nettopaino: 100 gKoostumus: 100 % kalannahkaAnalyysi: Proteiini 83 %, Rasva 3 %, Ash 12 %, Kosteus 8 % Annosteluohje: Tarjoa v\u00e4lipalana tai palkintona osana tasapainoista ruokavaliota. Valvo koiraa ruokinnan aikana ja varmista, ett\u00e4 sill\u00e4 on aina raikasta juomavett\u00e4. Soveltuu p\u00e4ivitt\u00e4iseen k\u00e4ytt\u00f6\u00f6n, mutta vain valvonnassa. Ei sovellu ihmisten ruoaksi.\" \/>\n<meta property=\"og:url\" content=\"https:\/\/miumjau.ee\/fi\/tuote\/frigera-kuivattu-kalannahka-100-g\/\" \/>\n<meta property=\"og:site_name\" content=\"MiuMjau\" \/>\n<meta property=\"article:publisher\" content=\"https:\/\/www.facebook.com\/miumjaupood\/\" \/>\n<meta property=\"article:modified_time\" content=\"2026-01-07T20:44:34+00:00\" \/>\n<meta property=\"og:image\" content=\"https:\/\/miumjau.ee\/wp-content\/uploads\/2025\/05\/frigera-koerte-maius-kalanahk-100g-1-Photoroom.jpg\" \/>\n\t<meta property=\"og:image:width\" content=\"600\" \/>\n\t<meta property=\"og:image:height\" content=\"800\" \/>\n\t<meta property=\"og:image:type\" content=\"image\/jpeg\" \/>\n<meta name=\"twitter:card\" content=\"summary_large_image\" \/>\n<script type=\"application\/ld+json\" class=\"yoast-schema-graph\">{\"@context\":\"https:\\\/\\\/schema.org\",\"@graph\":[{\"@type\":\"WebPage\",\"@id\":\"https:\\\/\\\/miumjau.ee\\\/fi\\\/tuote\\\/frigera-kuivattu-kalannahka-100-g\\\/\",\"url\":\"https:\\\/\\\/miumjau.ee\\\/fi\\\/tuote\\\/frigera-kuivattu-kalannahka-100-g\\\/\",\"name\":\"Frigera kuivattu kalannahka, 100 g - MiuMjau\",\"isPartOf\":{\"@id\":\"https:\\\/\\\/miumjau.ee\\\/#website\"},\"primaryImageOfPage\":{\"@id\":\"https:\\\/\\\/miumjau.ee\\\/fi\\\/tuote\\\/frigera-kuivattu-kalannahka-100-g\\\/#primaryimage\"},\"image\":{\"@id\":\"https:\\\/\\\/miumjau.ee\\\/fi\\\/tuote\\\/frigera-kuivattu-kalannahka-100-g\\\/#primaryimage\"},\"thumbnailUrl\":\"https:\\\/\\\/miumjau.ee\\\/wp-content\\\/uploads\\\/2025\\\/05\\\/frigera-koerte-maius-kalanahk-100g-1-Photoroom.jpg\",\"datePublished\":\"2025-05-18T08:50:28+00:00\",\"dateModified\":\"2026-01-07T20:44:34+00:00\",\"breadcrumb\":{\"@id\":\"https:\\\/\\\/miumjau.ee\\\/fi\\\/tuote\\\/frigera-kuivattu-kalannahka-100-g\\\/#breadcrumb\"},\"inLanguage\":\"fi\",\"potentialAction\":[{\"@type\":\"ReadAction\",\"target\":[\"https:\\\/\\\/miumjau.ee\\\/fi\\\/tuote\\\/frigera-kuivattu-kalannahka-100-g\\\/\"]}]},{\"@type\":\"ImageObject\",\"inLanguage\":\"fi\",\"@id\":\"https:\\\/\\\/miumjau.ee\\\/fi\\\/tuote\\\/frigera-kuivattu-kalannahka-100-g\\\/#primaryimage\",\"url\":\"https:\\\/\\\/miumjau.ee\\\/wp-content\\\/uploads\\\/2025\\\/05\\\/frigera-koerte-maius-kalanahk-100g-1-Photoroom.jpg\",\"contentUrl\":\"https:\\\/\\\/miumjau.ee\\\/wp-content\\\/uploads\\\/2025\\\/05\\\/frigera-koerte-maius-kalanahk-100g-1-Photoroom.jpg\",\"width\":600,\"height\":800,\"caption\":\"Frigera kuivatatud kalanahk, 100 g\"},{\"@type\":\"BreadcrumbList\",\"@id\":\"https:\\\/\\\/miumjau.ee\\\/fi\\\/tuote\\\/frigera-kuivattu-kalannahka-100-g\\\/#breadcrumb\",\"itemListElement\":[{\"@type\":\"ListItem\",\"position\":1,\"name\":\"Home\",\"item\":\"https:\\\/\\\/miumjau.ee\\\/fi\\\/\"},{\"@type\":\"ListItem\",\"position\":2,\"name\":\"Kauppa\",\"item\":\"https:\\\/\\\/miumjau.ee\\\/fi\\\/kauppa\\\/\"},{\"@type\":\"ListItem\",\"position\":3,\"name\":\"Frigera kuivattu kalannahka, 100 g\"}]},{\"@type\":\"WebSite\",\"@id\":\"https:\\\/\\\/miumjau.ee\\\/#website\",\"url\":\"https:\\\/\\\/miumjau.ee\\\/\",\"name\":\"MiuMjau\",\"description\":\"Kraapimispuud kassidele\",\"publisher\":{\"@id\":\"https:\\\/\\\/miumjau.ee\\\/#organization\"},\"potentialAction\":[{\"@type\":\"SearchAction\",\"target\":{\"@type\":\"EntryPoint\",\"urlTemplate\":\"https:\\\/\\\/miumjau.ee\\\/?s={search_term_string}\"},\"query-input\":{\"@type\":\"PropertyValueSpecification\",\"valueRequired\":true,\"valueName\":\"search_term_string\"}}],\"inLanguage\":\"fi\"},{\"@type\":\"Organization\",\"@id\":\"https:\\\/\\\/miumjau.ee\\\/#organization\",\"name\":\"MiuMjau O\u00dc\",\"url\":\"https:\\\/\\\/miumjau.ee\\\/\",\"logo\":{\"@type\":\"ImageObject\",\"inLanguage\":\"fi\",\"@id\":\"https:\\\/\\\/miumjau.ee\\\/#\\\/schema\\\/logo\\\/image\\\/\",\"url\":\"https:\\\/\\\/miumjau.ee\\\/wp-content\\\/uploads\\\/2022\\\/04\\\/MiuMjau-logo-kollane.png\",\"contentUrl\":\"https:\\\/\\\/miumjau.ee\\\/wp-content\\\/uploads\\\/2022\\\/04\\\/MiuMjau-logo-kollane.png\",\"width\":219,\"height\":100,\"caption\":\"MiuMjau O\u00dc\"},\"image\":{\"@id\":\"https:\\\/\\\/miumjau.ee\\\/#\\\/schema\\\/logo\\\/image\\\/\"},\"sameAs\":[\"https:\\\/\\\/www.facebook.com\\\/miumjaupood\\\/\"]}]}<\/script>\n<!-- \/ Yoast SEO plugin. -->","yoast_head_json":{"title":"Frigera kuivattu kalannahka, 100 g - MiuMjau","robots":{"index":"index","follow":"follow","max-snippet":"max-snippet:-1","max-image-preview":"max-image-preview:large","max-video-preview":"max-video-preview:-1"},"canonical":"https:\/\/miumjau.ee\/fi\/tuote\/frigera-kuivattu-kalannahka-100-g\/","og_locale":"fi_FI","og_type":"article","og_title":"Frigera kuivattu kalannahka, 100 g - MiuMjau","og_description":"FRIGERA kuivattu kalannahka on luonnollinen ja terveellinen herkku, sopii kaiken kokoisille koirille! N\u00e4m\u00e4 rouskuvat palat eiv\u00e4t sis\u00e4ll\u00e4 keinotekoisia lis\u00e4aineita tai viljaa ja ne on valmistettu 100 % kalasta. Kalannahka on erinomainen omega-3-rasvahappojen l\u00e4hde, joka auttaa pit\u00e4m\u00e4\u00e4n koiran turkin kiilt\u00e4v\u00e4n\u00e4 ja ihon terveen\u00e4. Lis\u00e4ksi se tukee nivelten toimintaa ja v\u00e4hent\u00e4\u00e4 tulehduksia. Kuivausprosessi s\u00e4ilytt\u00e4\u00e4 kaikki arvokkaat ravintoaineet ja tekee herkusta hampaille hy\u00f6dyllisen, puhdistaen hammaskive\u00e4 pureskelun aikana. Nettopaino: 100 gKoostumus: 100 % kalannahkaAnalyysi: Proteiini 83 %, Rasva 3 %, Ash 12 %, Kosteus 8 % Annosteluohje: Tarjoa v\u00e4lipalana tai palkintona osana tasapainoista ruokavaliota. Valvo koiraa ruokinnan aikana ja varmista, ett\u00e4 sill\u00e4 on aina raikasta juomavett\u00e4. Soveltuu p\u00e4ivitt\u00e4iseen k\u00e4ytt\u00f6\u00f6n, mutta vain valvonnassa. Ei sovellu ihmisten ruoaksi.","og_url":"https:\/\/miumjau.ee\/fi\/tuote\/frigera-kuivattu-kalannahka-100-g\/","og_site_name":"MiuMjau","article_publisher":"https:\/\/www.facebook.com\/miumjaupood\/","article_modified_time":"2026-01-07T20:44:34+00:00","og_image":[{"width":600,"height":800,"url":"https:\/\/miumjau.ee\/wp-content\/uploads\/2025\/05\/frigera-koerte-maius-kalanahk-100g-1-Photoroom.jpg","type":"image\/jpeg"}],"twitter_card":"summary_large_image","schema":{"@context":"https:\/\/schema.org","@graph":[{"@type":"WebPage","@id":"https:\/\/miumjau.ee\/fi\/tuote\/frigera-kuivattu-kalannahka-100-g\/","url":"https:\/\/miumjau.ee\/fi\/tuote\/frigera-kuivattu-kalannahka-100-g\/","name":"Frigera kuivattu kalannahka, 100 g - MiuMjau","isPartOf":{"@id":"https:\/\/miumjau.ee\/#website"},"primaryImageOfPage":{"@id":"https:\/\/miumjau.ee\/fi\/tuote\/frigera-kuivattu-kalannahka-100-g\/#primaryimage"},"image":{"@id":"https:\/\/miumjau.ee\/fi\/tuote\/frigera-kuivattu-kalannahka-100-g\/#primaryimage"},"thumbnailUrl":"https:\/\/miumjau.ee\/wp-content\/uploads\/2025\/05\/frigera-koerte-maius-kalanahk-100g-1-Photoroom.jpg","datePublished":"2025-05-18T08:50:28+00:00","dateModified":"2026-01-07T20:44:34+00:00","breadcrumb":{"@id":"https:\/\/miumjau.ee\/fi\/tuote\/frigera-kuivattu-kalannahka-100-g\/#breadcrumb"},"inLanguage":"fi","potentialAction":[{"@type":"ReadAction","target":["https:\/\/miumjau.ee\/fi\/tuote\/frigera-kuivattu-kalannahka-100-g\/"]}]},{"@type":"ImageObject","inLanguage":"fi","@id":"https:\/\/miumjau.ee\/fi\/tuote\/frigera-kuivattu-kalannahka-100-g\/#primaryimage","url":"https:\/\/miumjau.ee\/wp-content\/uploads\/2025\/05\/frigera-koerte-maius-kalanahk-100g-1-Photoroom.jpg","contentUrl":"https:\/\/miumjau.ee\/wp-content\/uploads\/2025\/05\/frigera-koerte-maius-kalanahk-100g-1-Photoroom.jpg","width":600,"height":800,"caption":"Frigera kuivatatud kalanahk, 100 g"},{"@type":"BreadcrumbList","@id":"https:\/\/miumjau.ee\/fi\/tuote\/frigera-kuivattu-kalannahka-100-g\/#breadcrumb","itemListElement":[{"@type":"ListItem","position":1,"name":"Home","item":"https:\/\/miumjau.ee\/fi\/"},{"@type":"ListItem","position":2,"name":"Kauppa","item":"https:\/\/miumjau.ee\/fi\/kauppa\/"},{"@type":"ListItem","position":3,"name":"Frigera kuivattu kalannahka, 100 g"}]},{"@type":"WebSite","@id":"https:\/\/miumjau.ee\/#website","url":"https:\/\/miumjau.ee\/","name":"MiuMjau","description":"Kraapimispuud kassidele","publisher":{"@id":"https:\/\/miumjau.ee\/#organization"},"potentialAction":[{"@type":"SearchAction","target":{"@type":"EntryPoint","urlTemplate":"https:\/\/miumjau.ee\/?s={search_term_string}"},"query-input":{"@type":"PropertyValueSpecification","valueRequired":true,"valueName":"search_term_string"}}],"inLanguage":"fi"},{"@type":"Organization","@id":"https:\/\/miumjau.ee\/#organization","name":"MiuMjau O\u00dc","url":"https:\/\/miumjau.ee\/","logo":{"@type":"ImageObject","inLanguage":"fi","@id":"https:\/\/miumjau.ee\/#\/schema\/logo\/image\/","url":"https:\/\/miumjau.ee\/wp-content\/uploads\/2022\/04\/MiuMjau-logo-kollane.png","contentUrl":"https:\/\/miumjau.ee\/wp-content\/uploads\/2022\/04\/MiuMjau-logo-kollane.png","width":219,"height":100,"caption":"MiuMjau O\u00dc"},"image":{"@id":"https:\/\/miumjau.ee\/#\/schema\/logo\/image\/"},"sameAs":["https:\/\/www.facebook.com\/miumjaupood\/"]}]}},"_links":{"self":[{"href":"https:\/\/miumjau.ee\/fi\/wp-json\/wp\/v2\/product\/48508","targetHints":{"allow":["GET"]}}],"collection":[{"href":"https:\/\/miumjau.ee\/fi\/wp-json\/wp\/v2\/product"}],"about":[{"href":"https:\/\/miumjau.ee\/fi\/wp-json\/wp\/v2\/types\/product"}],"wp:featuredmedia":[{"embeddable":true,"href":"https:\/\/miumjau.ee\/fi\/wp-json\/wp\/v2\/media\/40897"}],"wp:attachment":[{"href":"https:\/\/miumjau.ee\/fi\/wp-json\/wp\/v2\/media?parent=48508"}],"wp:term":[{"taxonomy":"product_brand","embeddable":true,"href":"https:\/\/miumjau.ee\/fi\/wp-json\/wp\/v2\/product_brand?post=48508"},{"taxonomy":"product_cat","embeddable":true,"href":"https:\/\/miumjau.ee\/fi\/wp-json\/wp\/v2\/product_cat?post=48508"},{"taxonomy":"product_tag","embeddable":true,"href":"https:\/\/miumjau.ee\/fi\/wp-json\/wp\/v2\/product_tag?post=48508"}],"curies":[{"name":"wp","href":"https:\/\/api.w.org\/{rel}","templated":true}]}}