{"id":48504,"date":"2025-05-18T12:08:53","date_gmt":"2025-05-18T09:08:53","guid":{"rendered":"https:\/\/miumjau.ee\/toode\/frigera-koiran-herkku-kalasormus-2-kpl-min-110-g\/"},"modified":"2026-01-07T22:44:34","modified_gmt":"2026-01-07T20:44:34","slug":"frigera-koiran-herkku-kalasormus-2-kpl-min-110-g","status":"publish","type":"product","link":"https:\/\/miumjau.ee\/fi\/tuote\/frigera-koiran-herkku-kalasormus-2-kpl-min-110-g\/","title":{"rendered":"Frigera koiran herkku, kalasormus, 2 kpl (min. 110 g)"},"content":{"rendered":"","protected":false},"excerpt":{"rendered":"<p data-start=\"188\" data-end=\"289\">Frigera koiran herkku kalasormus on luonnollinen ja terveellinen, sopii kaiken kokoisille koirille!<\/p>\n<p data-start=\"291\" data-end=\"456\">N\u00e4m\u00e4 rouskuvat palat eiv\u00e4t sis\u00e4ll\u00e4 keinotekoisia lis\u00e4aineita tai viljaa, ja ne on valmistettu 100 % kalasta. Kalannahka on erinomainen omega-3-rasvahappojen l\u00e4hde.<\/p>\n<p data-start=\"458\" data-end=\"886\">Oletko kyll\u00e4stynyt etsim\u00e4\u00e4n tietoista herkkua, jolla hemmotella yli painoiseksi taipuvaa ja herkk\u00e4\u00e4 lihansy\u00f6j\u00e4koiraasi? Etsint\u00e4 loppui \u2013 FRIGERA kalasormus on juuri se, mit\u00e4 tarvitset! Helposti sulava herkku, joka sis\u00e4lt\u00e4\u00e4 laadukasta el\u00e4inproteiinia, omega-3-rasvahappoja ja hy\u00f6dyllisi\u00e4 rasvoja. Omega-3 auttaa pit\u00e4m\u00e4\u00e4n koiran turkin kiilt\u00e4v\u00e4n\u00e4 ja ihon terveen\u00e4, lievitt\u00e4\u00e4 kutinaa ja kuivuutta sek\u00e4 tukee yleist\u00e4 hyvinvointia.<\/p>\n<p data-start=\"888\" data-end=\"1231\">Herk\u00e4sti kuivatettu ja rapeaksi muotoiltu rengas auttaa my\u00f6s puhdistamaan hampaita ja v\u00e4hent\u00e4m\u00e4\u00e4n hammaskive\u00e4. Toisin kuin monet muut markkinoilla olevat kalaherkut, meid\u00e4n sormuksemme on valmistettu vain kalannahasta, eik\u00e4 se sis\u00e4ll\u00e4 rasvaista lihaa \u2013 t\u00e4m\u00e4 tarkoittaa pienemp\u00e4\u00e4 rasvapitoisuutta ja fiksumpaa valintaa rakkaalle lemmikillesi!<\/p>\n<p data-start=\"1233\" data-end=\"1351\"><strong data-start=\"1233\" data-end=\"1248\">Nettopaino:<\/strong> 110 g<br data-start=\"1254\" data-end=\"1257\" \/><strong data-start=\"1257\" data-end=\"1271\">Koostumus:<\/strong> 100 % kala<br data-start=\"1282\" data-end=\"1285\" \/><strong data-start=\"1285\" data-end=\"1298\">Analyysi:<\/strong> Proteiini 50 %, Rasva 12 %, Ash 10 %, Kosteus 14 %<\/p>\n<p data-start=\"1353\" data-end=\"1609\"><strong data-start=\"1353\" data-end=\"1371\">Annosteluohje:<\/strong> Tarjoa v\u00e4lipalana tai palkintona osana tasapainoista ruokavaliota. Valvo koiraa ruokinnan aikana ja varmista, ett\u00e4 sill\u00e4 on aina raikasta juomavett\u00e4. Soveltuu p\u00e4ivitt\u00e4iseen k\u00e4ytt\u00f6\u00f6n, mutta vain valvonnassa. Ei sovellu ihmisten ruoaksi.<\/p>\n","protected":false},"featured_media":40893,"template":"","meta":[],"product_brand":[],"product_cat":[480,139],"product_tag":[],"class_list":{"0":"post-48504","1":"product","2":"type-product","3":"status-publish","4":"has-post-thumbnail","6":"product_cat-herkut-koirille","7":"product_cat-kaup24-fi","9":"first","10":"instock","11":"taxable","12":"shipping-taxable","13":"purchasable","14":"product-type-simple"},"yoast_head":"<!-- This site is optimized with the Yoast SEO plugin v27.4 - https:\/\/yoast.com\/product\/yoast-seo-wordpress\/ -->\n<title>Frigera koiran herkku, kalasormus, 2 kpl (min. 110 g) - MiuMjau<\/title>\n<meta name=\"robots\" content=\"index, follow, max-snippet:-1, max-image-preview:large, max-video-preview:-1\" \/>\n<link rel=\"canonical\" href=\"https:\/\/miumjau.ee\/fi\/tuote\/frigera-koiran-herkku-kalasormus-2-kpl-min-110-g\/\" \/>\n<meta property=\"og:locale\" content=\"fi_FI\" \/>\n<meta property=\"og:type\" content=\"article\" \/>\n<meta property=\"og:title\" content=\"Frigera koiran herkku, kalasormus, 2 kpl (min. 110 g) - MiuMjau\" \/>\n<meta property=\"og:description\" content=\"Frigera koiran herkku kalasormus on luonnollinen ja terveellinen, sopii kaiken kokoisille koirille! N\u00e4m\u00e4 rouskuvat palat eiv\u00e4t sis\u00e4ll\u00e4 keinotekoisia lis\u00e4aineita tai viljaa, ja ne on valmistettu 100 % kalasta. Kalannahka on erinomainen omega-3-rasvahappojen l\u00e4hde. Oletko kyll\u00e4stynyt etsim\u00e4\u00e4n tietoista herkkua, jolla hemmotella yli painoiseksi taipuvaa ja herkk\u00e4\u00e4 lihansy\u00f6j\u00e4koiraasi? Etsint\u00e4 loppui \u2013 FRIGERA kalasormus on juuri se, mit\u00e4 tarvitset! Helposti sulava herkku, joka sis\u00e4lt\u00e4\u00e4 laadukasta el\u00e4inproteiinia, omega-3-rasvahappoja ja hy\u00f6dyllisi\u00e4 rasvoja. Omega-3 auttaa pit\u00e4m\u00e4\u00e4n koiran turkin kiilt\u00e4v\u00e4n\u00e4 ja ihon terveen\u00e4, lievitt\u00e4\u00e4 kutinaa ja kuivuutta sek\u00e4 tukee yleist\u00e4 hyvinvointia. Herk\u00e4sti kuivatettu ja rapeaksi muotoiltu rengas auttaa my\u00f6s puhdistamaan hampaita ja v\u00e4hent\u00e4m\u00e4\u00e4n hammaskive\u00e4. Toisin kuin monet muut markkinoilla olevat kalaherkut, meid\u00e4n sormuksemme on valmistettu vain kalannahasta, eik\u00e4 se sis\u00e4ll\u00e4 rasvaista lihaa \u2013 t\u00e4m\u00e4 tarkoittaa pienemp\u00e4\u00e4 rasvapitoisuutta ja fiksumpaa valintaa rakkaalle lemmikillesi! Nettopaino: 110 gKoostumus: 100 % kalaAnalyysi: Proteiini 50 %, Rasva 12 %, Ash 10 %, Kosteus 14 % Annosteluohje: Tarjoa v\u00e4lipalana tai palkintona osana tasapainoista ruokavaliota. Valvo koiraa ruokinnan aikana ja varmista, ett\u00e4 sill\u00e4 on aina raikasta juomavett\u00e4. Soveltuu p\u00e4ivitt\u00e4iseen k\u00e4ytt\u00f6\u00f6n, mutta vain valvonnassa. Ei sovellu ihmisten ruoaksi.\" \/>\n<meta property=\"og:url\" content=\"https:\/\/miumjau.ee\/fi\/tuote\/frigera-koiran-herkku-kalasormus-2-kpl-min-110-g\/\" \/>\n<meta property=\"og:site_name\" content=\"MiuMjau\" \/>\n<meta property=\"article:publisher\" content=\"https:\/\/www.facebook.com\/miumjaupood\/\" \/>\n<meta property=\"article:modified_time\" content=\"2026-01-07T20:44:34+00:00\" \/>\n<meta property=\"og:image\" content=\"https:\/\/miumjau.ee\/wp-content\/uploads\/2025\/05\/frigera-koerte-maius-kalasoorik-2tk-min-110g-1-Photoroom.jpg\" \/>\n\t<meta property=\"og:image:width\" content=\"600\" \/>\n\t<meta property=\"og:image:height\" content=\"800\" \/>\n\t<meta property=\"og:image:type\" content=\"image\/jpeg\" \/>\n<meta name=\"twitter:card\" content=\"summary_large_image\" \/>\n<script type=\"application\/ld+json\" class=\"yoast-schema-graph\">{\"@context\":\"https:\\\/\\\/schema.org\",\"@graph\":[{\"@type\":\"WebPage\",\"@id\":\"https:\\\/\\\/miumjau.ee\\\/fi\\\/tuote\\\/frigera-koiran-herkku-kalasormus-2-kpl-min-110-g\\\/\",\"url\":\"https:\\\/\\\/miumjau.ee\\\/fi\\\/tuote\\\/frigera-koiran-herkku-kalasormus-2-kpl-min-110-g\\\/\",\"name\":\"Frigera koiran herkku, kalasormus, 2 kpl (min. 110 g) - MiuMjau\",\"isPartOf\":{\"@id\":\"https:\\\/\\\/miumjau.ee\\\/#website\"},\"primaryImageOfPage\":{\"@id\":\"https:\\\/\\\/miumjau.ee\\\/fi\\\/tuote\\\/frigera-koiran-herkku-kalasormus-2-kpl-min-110-g\\\/#primaryimage\"},\"image\":{\"@id\":\"https:\\\/\\\/miumjau.ee\\\/fi\\\/tuote\\\/frigera-koiran-herkku-kalasormus-2-kpl-min-110-g\\\/#primaryimage\"},\"thumbnailUrl\":\"https:\\\/\\\/miumjau.ee\\\/wp-content\\\/uploads\\\/2025\\\/05\\\/frigera-koerte-maius-kalasoorik-2tk-min-110g-1-Photoroom.jpg\",\"datePublished\":\"2025-05-18T09:08:53+00:00\",\"dateModified\":\"2026-01-07T20:44:34+00:00\",\"breadcrumb\":{\"@id\":\"https:\\\/\\\/miumjau.ee\\\/fi\\\/tuote\\\/frigera-koiran-herkku-kalasormus-2-kpl-min-110-g\\\/#breadcrumb\"},\"inLanguage\":\"fi\",\"potentialAction\":[{\"@type\":\"ReadAction\",\"target\":[\"https:\\\/\\\/miumjau.ee\\\/fi\\\/tuote\\\/frigera-koiran-herkku-kalasormus-2-kpl-min-110-g\\\/\"]}]},{\"@type\":\"ImageObject\",\"inLanguage\":\"fi\",\"@id\":\"https:\\\/\\\/miumjau.ee\\\/fi\\\/tuote\\\/frigera-koiran-herkku-kalasormus-2-kpl-min-110-g\\\/#primaryimage\",\"url\":\"https:\\\/\\\/miumjau.ee\\\/wp-content\\\/uploads\\\/2025\\\/05\\\/frigera-koerte-maius-kalasoorik-2tk-min-110g-1-Photoroom.jpg\",\"contentUrl\":\"https:\\\/\\\/miumjau.ee\\\/wp-content\\\/uploads\\\/2025\\\/05\\\/frigera-koerte-maius-kalasoorik-2tk-min-110g-1-Photoroom.jpg\",\"width\":600,\"height\":800,\"caption\":\"Frigera koerte maius, kala s\u00f5\u00f5rik, 2 tk (min. 110 g)\"},{\"@type\":\"BreadcrumbList\",\"@id\":\"https:\\\/\\\/miumjau.ee\\\/fi\\\/tuote\\\/frigera-koiran-herkku-kalasormus-2-kpl-min-110-g\\\/#breadcrumb\",\"itemListElement\":[{\"@type\":\"ListItem\",\"position\":1,\"name\":\"Home\",\"item\":\"https:\\\/\\\/miumjau.ee\\\/fi\\\/\"},{\"@type\":\"ListItem\",\"position\":2,\"name\":\"Kauppa\",\"item\":\"https:\\\/\\\/miumjau.ee\\\/fi\\\/kauppa\\\/\"},{\"@type\":\"ListItem\",\"position\":3,\"name\":\"Frigera koiran herkku, kalasormus, 2 kpl (min. 110 g)\"}]},{\"@type\":\"WebSite\",\"@id\":\"https:\\\/\\\/miumjau.ee\\\/#website\",\"url\":\"https:\\\/\\\/miumjau.ee\\\/\",\"name\":\"MiuMjau\",\"description\":\"Kraapimispuud kassidele\",\"publisher\":{\"@id\":\"https:\\\/\\\/miumjau.ee\\\/#organization\"},\"potentialAction\":[{\"@type\":\"SearchAction\",\"target\":{\"@type\":\"EntryPoint\",\"urlTemplate\":\"https:\\\/\\\/miumjau.ee\\\/?s={search_term_string}\"},\"query-input\":{\"@type\":\"PropertyValueSpecification\",\"valueRequired\":true,\"valueName\":\"search_term_string\"}}],\"inLanguage\":\"fi\"},{\"@type\":\"Organization\",\"@id\":\"https:\\\/\\\/miumjau.ee\\\/#organization\",\"name\":\"MiuMjau O\u00dc\",\"url\":\"https:\\\/\\\/miumjau.ee\\\/\",\"logo\":{\"@type\":\"ImageObject\",\"inLanguage\":\"fi\",\"@id\":\"https:\\\/\\\/miumjau.ee\\\/#\\\/schema\\\/logo\\\/image\\\/\",\"url\":\"https:\\\/\\\/miumjau.ee\\\/wp-content\\\/uploads\\\/2022\\\/04\\\/MiuMjau-logo-kollane.png\",\"contentUrl\":\"https:\\\/\\\/miumjau.ee\\\/wp-content\\\/uploads\\\/2022\\\/04\\\/MiuMjau-logo-kollane.png\",\"width\":219,\"height\":100,\"caption\":\"MiuMjau O\u00dc\"},\"image\":{\"@id\":\"https:\\\/\\\/miumjau.ee\\\/#\\\/schema\\\/logo\\\/image\\\/\"},\"sameAs\":[\"https:\\\/\\\/www.facebook.com\\\/miumjaupood\\\/\"]}]}<\/script>\n<!-- \/ Yoast SEO plugin. -->","yoast_head_json":{"title":"Frigera koiran herkku, kalasormus, 2 kpl (min. 110 g) - MiuMjau","robots":{"index":"index","follow":"follow","max-snippet":"max-snippet:-1","max-image-preview":"max-image-preview:large","max-video-preview":"max-video-preview:-1"},"canonical":"https:\/\/miumjau.ee\/fi\/tuote\/frigera-koiran-herkku-kalasormus-2-kpl-min-110-g\/","og_locale":"fi_FI","og_type":"article","og_title":"Frigera koiran herkku, kalasormus, 2 kpl (min. 110 g) - MiuMjau","og_description":"Frigera koiran herkku kalasormus on luonnollinen ja terveellinen, sopii kaiken kokoisille koirille! N\u00e4m\u00e4 rouskuvat palat eiv\u00e4t sis\u00e4ll\u00e4 keinotekoisia lis\u00e4aineita tai viljaa, ja ne on valmistettu 100 % kalasta. Kalannahka on erinomainen omega-3-rasvahappojen l\u00e4hde. Oletko kyll\u00e4stynyt etsim\u00e4\u00e4n tietoista herkkua, jolla hemmotella yli painoiseksi taipuvaa ja herkk\u00e4\u00e4 lihansy\u00f6j\u00e4koiraasi? Etsint\u00e4 loppui \u2013 FRIGERA kalasormus on juuri se, mit\u00e4 tarvitset! Helposti sulava herkku, joka sis\u00e4lt\u00e4\u00e4 laadukasta el\u00e4inproteiinia, omega-3-rasvahappoja ja hy\u00f6dyllisi\u00e4 rasvoja. Omega-3 auttaa pit\u00e4m\u00e4\u00e4n koiran turkin kiilt\u00e4v\u00e4n\u00e4 ja ihon terveen\u00e4, lievitt\u00e4\u00e4 kutinaa ja kuivuutta sek\u00e4 tukee yleist\u00e4 hyvinvointia. Herk\u00e4sti kuivatettu ja rapeaksi muotoiltu rengas auttaa my\u00f6s puhdistamaan hampaita ja v\u00e4hent\u00e4m\u00e4\u00e4n hammaskive\u00e4. Toisin kuin monet muut markkinoilla olevat kalaherkut, meid\u00e4n sormuksemme on valmistettu vain kalannahasta, eik\u00e4 se sis\u00e4ll\u00e4 rasvaista lihaa \u2013 t\u00e4m\u00e4 tarkoittaa pienemp\u00e4\u00e4 rasvapitoisuutta ja fiksumpaa valintaa rakkaalle lemmikillesi! Nettopaino: 110 gKoostumus: 100 % kalaAnalyysi: Proteiini 50 %, Rasva 12 %, Ash 10 %, Kosteus 14 % Annosteluohje: Tarjoa v\u00e4lipalana tai palkintona osana tasapainoista ruokavaliota. Valvo koiraa ruokinnan aikana ja varmista, ett\u00e4 sill\u00e4 on aina raikasta juomavett\u00e4. Soveltuu p\u00e4ivitt\u00e4iseen k\u00e4ytt\u00f6\u00f6n, mutta vain valvonnassa. Ei sovellu ihmisten ruoaksi.","og_url":"https:\/\/miumjau.ee\/fi\/tuote\/frigera-koiran-herkku-kalasormus-2-kpl-min-110-g\/","og_site_name":"MiuMjau","article_publisher":"https:\/\/www.facebook.com\/miumjaupood\/","article_modified_time":"2026-01-07T20:44:34+00:00","og_image":[{"width":600,"height":800,"url":"https:\/\/miumjau.ee\/wp-content\/uploads\/2025\/05\/frigera-koerte-maius-kalasoorik-2tk-min-110g-1-Photoroom.jpg","type":"image\/jpeg"}],"twitter_card":"summary_large_image","schema":{"@context":"https:\/\/schema.org","@graph":[{"@type":"WebPage","@id":"https:\/\/miumjau.ee\/fi\/tuote\/frigera-koiran-herkku-kalasormus-2-kpl-min-110-g\/","url":"https:\/\/miumjau.ee\/fi\/tuote\/frigera-koiran-herkku-kalasormus-2-kpl-min-110-g\/","name":"Frigera koiran herkku, kalasormus, 2 kpl (min. 110 g) - MiuMjau","isPartOf":{"@id":"https:\/\/miumjau.ee\/#website"},"primaryImageOfPage":{"@id":"https:\/\/miumjau.ee\/fi\/tuote\/frigera-koiran-herkku-kalasormus-2-kpl-min-110-g\/#primaryimage"},"image":{"@id":"https:\/\/miumjau.ee\/fi\/tuote\/frigera-koiran-herkku-kalasormus-2-kpl-min-110-g\/#primaryimage"},"thumbnailUrl":"https:\/\/miumjau.ee\/wp-content\/uploads\/2025\/05\/frigera-koerte-maius-kalasoorik-2tk-min-110g-1-Photoroom.jpg","datePublished":"2025-05-18T09:08:53+00:00","dateModified":"2026-01-07T20:44:34+00:00","breadcrumb":{"@id":"https:\/\/miumjau.ee\/fi\/tuote\/frigera-koiran-herkku-kalasormus-2-kpl-min-110-g\/#breadcrumb"},"inLanguage":"fi","potentialAction":[{"@type":"ReadAction","target":["https:\/\/miumjau.ee\/fi\/tuote\/frigera-koiran-herkku-kalasormus-2-kpl-min-110-g\/"]}]},{"@type":"ImageObject","inLanguage":"fi","@id":"https:\/\/miumjau.ee\/fi\/tuote\/frigera-koiran-herkku-kalasormus-2-kpl-min-110-g\/#primaryimage","url":"https:\/\/miumjau.ee\/wp-content\/uploads\/2025\/05\/frigera-koerte-maius-kalasoorik-2tk-min-110g-1-Photoroom.jpg","contentUrl":"https:\/\/miumjau.ee\/wp-content\/uploads\/2025\/05\/frigera-koerte-maius-kalasoorik-2tk-min-110g-1-Photoroom.jpg","width":600,"height":800,"caption":"Frigera koerte maius, kala s\u00f5\u00f5rik, 2 tk (min. 110 g)"},{"@type":"BreadcrumbList","@id":"https:\/\/miumjau.ee\/fi\/tuote\/frigera-koiran-herkku-kalasormus-2-kpl-min-110-g\/#breadcrumb","itemListElement":[{"@type":"ListItem","position":1,"name":"Home","item":"https:\/\/miumjau.ee\/fi\/"},{"@type":"ListItem","position":2,"name":"Kauppa","item":"https:\/\/miumjau.ee\/fi\/kauppa\/"},{"@type":"ListItem","position":3,"name":"Frigera koiran herkku, kalasormus, 2 kpl (min. 110 g)"}]},{"@type":"WebSite","@id":"https:\/\/miumjau.ee\/#website","url":"https:\/\/miumjau.ee\/","name":"MiuMjau","description":"Kraapimispuud kassidele","publisher":{"@id":"https:\/\/miumjau.ee\/#organization"},"potentialAction":[{"@type":"SearchAction","target":{"@type":"EntryPoint","urlTemplate":"https:\/\/miumjau.ee\/?s={search_term_string}"},"query-input":{"@type":"PropertyValueSpecification","valueRequired":true,"valueName":"search_term_string"}}],"inLanguage":"fi"},{"@type":"Organization","@id":"https:\/\/miumjau.ee\/#organization","name":"MiuMjau O\u00dc","url":"https:\/\/miumjau.ee\/","logo":{"@type":"ImageObject","inLanguage":"fi","@id":"https:\/\/miumjau.ee\/#\/schema\/logo\/image\/","url":"https:\/\/miumjau.ee\/wp-content\/uploads\/2022\/04\/MiuMjau-logo-kollane.png","contentUrl":"https:\/\/miumjau.ee\/wp-content\/uploads\/2022\/04\/MiuMjau-logo-kollane.png","width":219,"height":100,"caption":"MiuMjau O\u00dc"},"image":{"@id":"https:\/\/miumjau.ee\/#\/schema\/logo\/image\/"},"sameAs":["https:\/\/www.facebook.com\/miumjaupood\/"]}]}},"_links":{"self":[{"href":"https:\/\/miumjau.ee\/fi\/wp-json\/wp\/v2\/product\/48504","targetHints":{"allow":["GET"]}}],"collection":[{"href":"https:\/\/miumjau.ee\/fi\/wp-json\/wp\/v2\/product"}],"about":[{"href":"https:\/\/miumjau.ee\/fi\/wp-json\/wp\/v2\/types\/product"}],"wp:featuredmedia":[{"embeddable":true,"href":"https:\/\/miumjau.ee\/fi\/wp-json\/wp\/v2\/media\/40893"}],"wp:attachment":[{"href":"https:\/\/miumjau.ee\/fi\/wp-json\/wp\/v2\/media?parent=48504"}],"wp:term":[{"taxonomy":"product_brand","embeddable":true,"href":"https:\/\/miumjau.ee\/fi\/wp-json\/wp\/v2\/product_brand?post=48504"},{"taxonomy":"product_cat","embeddable":true,"href":"https:\/\/miumjau.ee\/fi\/wp-json\/wp\/v2\/product_cat?post=48504"},{"taxonomy":"product_tag","embeddable":true,"href":"https:\/\/miumjau.ee\/fi\/wp-json\/wp\/v2\/product_tag?post=48504"}],"curies":[{"name":"wp","href":"https:\/\/api.w.org\/{rel}","templated":true}]}}