{"id":48498,"date":"2025-05-18T12:15:14","date_gmt":"2025-05-18T09:15:14","guid":{"rendered":"https:\/\/miumjau.ee\/toode\/frigera-kuivatetut-kananjalat-250-g\/"},"modified":"2026-01-07T22:44:34","modified_gmt":"2026-01-07T20:44:34","slug":"frigera-kuivatetut-kananjalat-250-g","status":"publish","type":"product","link":"https:\/\/miumjau.ee\/fi\/tuote\/frigera-kuivatetut-kananjalat-250-g\/","title":{"rendered":"Frigera kuivatetut kananjalat, 250 g"},"content":{"rendered":"","protected":false},"excerpt":{"rendered":"<p data-start=\"169\" data-end=\"281\">FRIGERA kuivatetut kananjalat ovat luonnollinen ja terveellinen herkku, joka sopii kaiken kokoisille koirille!<\/p>\n<p data-start=\"283\" data-end=\"804\">Etsitk\u00f6 loistavaa ja luonnollista vaihtoehtoa nivelravintolisille? Kokeile FRIGERA kananjalkoja! Erityisen rapeat ja mukavan rouskuvat herkut ovat ihanteellinen ja yh\u00e4 suositumpi v\u00e4lipala koirallesi. 100 % luonnolliset ja ilmakuivatut kananjalat koostuvat p\u00e4\u00e4asiassa nahasta, j\u00e4nteist\u00e4, rustoista ja pienist\u00e4 luista. Helposti sulavia ja runsaasti kalsiumia, joka tukee luiden ja hampaiden terveytt\u00e4. Korkea glukosamiini- ja kondroitiinipitoisuus edist\u00e4\u00e4 nivelten yleist\u00e4 hyvinvointia. Rouskutus puhdistaa my\u00f6s hampaita.<\/p>\n<p data-start=\"806\" data-end=\"1001\">Mielenkiintoinen fakta \u2013 monissa maailman maissa n\u00e4m\u00e4 herkut ovat delikaatteja my\u00f6s ihmisille! Pienen koon ja annosteltavuuden ansiosta sopivat erinomaisesti my\u00f6s pienille ja nuorille koirille.<\/p>\n<p data-start=\"1003\" data-end=\"1130\"><strong data-start=\"1003\" data-end=\"1018\">Nettopaino:<\/strong> 250 g<br data-start=\"1024\" data-end=\"1027\" \/><strong data-start=\"1027\" data-end=\"1041\">Koostumus:<\/strong> 100 % kana<br data-start=\"1052\" data-end=\"1055\" \/><strong data-start=\"1055\" data-end=\"1068\">Analyysi:<\/strong> Proteiini 48,2 %, Rasva 34,3 %, Kuitu 11,2 %, Kosteus 6,3 %<\/p>\n<p data-start=\"1132\" data-end=\"1388\"><strong data-start=\"1132\" data-end=\"1150\">Annosteluohje:<\/strong> Tarjoa v\u00e4lipalana tai palkintona osana tasapainoista ruokavaliota. Valvo koiraa ruokinnan aikana ja varmista, ett\u00e4 sill\u00e4 on aina raikasta juomavett\u00e4. Soveltuu p\u00e4ivitt\u00e4iseen k\u00e4ytt\u00f6\u00f6n, mutta vain valvonnassa. Ei sovellu ihmisten ruoaksi.<\/p>\n","protected":false},"featured_media":34226,"template":"","meta":[],"product_brand":[],"product_cat":[480],"product_tag":[],"class_list":{"0":"post-48498","1":"product","2":"type-product","3":"status-publish","4":"has-post-thumbnail","6":"product_cat-herkut-koirille","8":"first","9":"instock","10":"taxable","11":"shipping-taxable","12":"purchasable","13":"product-type-simple"},"yoast_head":"<!-- This site is optimized with the Yoast SEO plugin v27.4 - https:\/\/yoast.com\/product\/yoast-seo-wordpress\/ -->\n<title>Frigera kuivatetut kananjalat, 250 g - MiuMjau<\/title>\n<meta name=\"robots\" content=\"index, follow, max-snippet:-1, max-image-preview:large, max-video-preview:-1\" \/>\n<link rel=\"canonical\" href=\"https:\/\/miumjau.ee\/fi\/tuote\/frigera-kuivatetut-kananjalat-250-g\/\" \/>\n<meta property=\"og:locale\" content=\"fi_FI\" \/>\n<meta property=\"og:type\" content=\"article\" \/>\n<meta property=\"og:title\" content=\"Frigera kuivatetut kananjalat, 250 g - MiuMjau\" \/>\n<meta property=\"og:description\" content=\"FRIGERA kuivatetut kananjalat ovat luonnollinen ja terveellinen herkku, joka sopii kaiken kokoisille koirille! Etsitk\u00f6 loistavaa ja luonnollista vaihtoehtoa nivelravintolisille? Kokeile FRIGERA kananjalkoja! Erityisen rapeat ja mukavan rouskuvat herkut ovat ihanteellinen ja yh\u00e4 suositumpi v\u00e4lipala koirallesi. 100 % luonnolliset ja ilmakuivatut kananjalat koostuvat p\u00e4\u00e4asiassa nahasta, j\u00e4nteist\u00e4, rustoista ja pienist\u00e4 luista. Helposti sulavia ja runsaasti kalsiumia, joka tukee luiden ja hampaiden terveytt\u00e4. Korkea glukosamiini- ja kondroitiinipitoisuus edist\u00e4\u00e4 nivelten yleist\u00e4 hyvinvointia. Rouskutus puhdistaa my\u00f6s hampaita. Mielenkiintoinen fakta \u2013 monissa maailman maissa n\u00e4m\u00e4 herkut ovat delikaatteja my\u00f6s ihmisille! Pienen koon ja annosteltavuuden ansiosta sopivat erinomaisesti my\u00f6s pienille ja nuorille koirille. Nettopaino: 250 gKoostumus: 100 % kanaAnalyysi: Proteiini 48,2 %, Rasva 34,3 %, Kuitu 11,2 %, Kosteus 6,3 % Annosteluohje: Tarjoa v\u00e4lipalana tai palkintona osana tasapainoista ruokavaliota. Valvo koiraa ruokinnan aikana ja varmista, ett\u00e4 sill\u00e4 on aina raikasta juomavett\u00e4. Soveltuu p\u00e4ivitt\u00e4iseen k\u00e4ytt\u00f6\u00f6n, mutta vain valvonnassa. Ei sovellu ihmisten ruoaksi.\" \/>\n<meta property=\"og:url\" content=\"https:\/\/miumjau.ee\/fi\/tuote\/frigera-kuivatetut-kananjalat-250-g\/\" \/>\n<meta property=\"og:site_name\" content=\"MiuMjau\" \/>\n<meta property=\"article:publisher\" content=\"https:\/\/www.facebook.com\/miumjaupood\/\" \/>\n<meta property=\"article:modified_time\" content=\"2026-01-07T20:44:34+00:00\" \/>\n<meta property=\"og:image\" content=\"https:\/\/miumjau.ee\/wp-content\/uploads\/2025\/05\/frigera-koerte-maius-kanajalad-250g-1-Photoroom.webp\" \/>\n\t<meta property=\"og:image:width\" content=\"600\" \/>\n\t<meta property=\"og:image:height\" content=\"800\" \/>\n\t<meta property=\"og:image:type\" content=\"image\/webp\" \/>\n<meta name=\"twitter:card\" content=\"summary_large_image\" \/>\n<script type=\"application\/ld+json\" class=\"yoast-schema-graph\">{\"@context\":\"https:\\\/\\\/schema.org\",\"@graph\":[{\"@type\":\"WebPage\",\"@id\":\"https:\\\/\\\/miumjau.ee\\\/fi\\\/tuote\\\/frigera-kuivatetut-kananjalat-250-g\\\/\",\"url\":\"https:\\\/\\\/miumjau.ee\\\/fi\\\/tuote\\\/frigera-kuivatetut-kananjalat-250-g\\\/\",\"name\":\"Frigera kuivatetut kananjalat, 250 g - MiuMjau\",\"isPartOf\":{\"@id\":\"https:\\\/\\\/miumjau.ee\\\/#website\"},\"primaryImageOfPage\":{\"@id\":\"https:\\\/\\\/miumjau.ee\\\/fi\\\/tuote\\\/frigera-kuivatetut-kananjalat-250-g\\\/#primaryimage\"},\"image\":{\"@id\":\"https:\\\/\\\/miumjau.ee\\\/fi\\\/tuote\\\/frigera-kuivatetut-kananjalat-250-g\\\/#primaryimage\"},\"thumbnailUrl\":\"https:\\\/\\\/miumjau.ee\\\/wp-content\\\/uploads\\\/2025\\\/05\\\/frigera-koerte-maius-kanajalad-250g-1-Photoroom.webp\",\"datePublished\":\"2025-05-18T09:15:14+00:00\",\"dateModified\":\"2026-01-07T20:44:34+00:00\",\"breadcrumb\":{\"@id\":\"https:\\\/\\\/miumjau.ee\\\/fi\\\/tuote\\\/frigera-kuivatetut-kananjalat-250-g\\\/#breadcrumb\"},\"inLanguage\":\"fi\",\"potentialAction\":[{\"@type\":\"ReadAction\",\"target\":[\"https:\\\/\\\/miumjau.ee\\\/fi\\\/tuote\\\/frigera-kuivatetut-kananjalat-250-g\\\/\"]}]},{\"@type\":\"ImageObject\",\"inLanguage\":\"fi\",\"@id\":\"https:\\\/\\\/miumjau.ee\\\/fi\\\/tuote\\\/frigera-kuivatetut-kananjalat-250-g\\\/#primaryimage\",\"url\":\"https:\\\/\\\/miumjau.ee\\\/wp-content\\\/uploads\\\/2025\\\/05\\\/frigera-koerte-maius-kanajalad-250g-1-Photoroom.webp\",\"contentUrl\":\"https:\\\/\\\/miumjau.ee\\\/wp-content\\\/uploads\\\/2025\\\/05\\\/frigera-koerte-maius-kanajalad-250g-1-Photoroom.webp\",\"width\":600,\"height\":800,\"caption\":\"Frigera kuivatatud kanajalad, 250 g\"},{\"@type\":\"BreadcrumbList\",\"@id\":\"https:\\\/\\\/miumjau.ee\\\/fi\\\/tuote\\\/frigera-kuivatetut-kananjalat-250-g\\\/#breadcrumb\",\"itemListElement\":[{\"@type\":\"ListItem\",\"position\":1,\"name\":\"Home\",\"item\":\"https:\\\/\\\/miumjau.ee\\\/fi\\\/\"},{\"@type\":\"ListItem\",\"position\":2,\"name\":\"Kauppa\",\"item\":\"https:\\\/\\\/miumjau.ee\\\/fi\\\/kauppa\\\/\"},{\"@type\":\"ListItem\",\"position\":3,\"name\":\"Frigera kuivatetut kananjalat, 250 g\"}]},{\"@type\":\"WebSite\",\"@id\":\"https:\\\/\\\/miumjau.ee\\\/#website\",\"url\":\"https:\\\/\\\/miumjau.ee\\\/\",\"name\":\"MiuMjau\",\"description\":\"Kraapimispuud kassidele\",\"publisher\":{\"@id\":\"https:\\\/\\\/miumjau.ee\\\/#organization\"},\"potentialAction\":[{\"@type\":\"SearchAction\",\"target\":{\"@type\":\"EntryPoint\",\"urlTemplate\":\"https:\\\/\\\/miumjau.ee\\\/?s={search_term_string}\"},\"query-input\":{\"@type\":\"PropertyValueSpecification\",\"valueRequired\":true,\"valueName\":\"search_term_string\"}}],\"inLanguage\":\"fi\"},{\"@type\":\"Organization\",\"@id\":\"https:\\\/\\\/miumjau.ee\\\/#organization\",\"name\":\"MiuMjau O\u00dc\",\"url\":\"https:\\\/\\\/miumjau.ee\\\/\",\"logo\":{\"@type\":\"ImageObject\",\"inLanguage\":\"fi\",\"@id\":\"https:\\\/\\\/miumjau.ee\\\/#\\\/schema\\\/logo\\\/image\\\/\",\"url\":\"https:\\\/\\\/miumjau.ee\\\/wp-content\\\/uploads\\\/2022\\\/04\\\/MiuMjau-logo-kollane.png\",\"contentUrl\":\"https:\\\/\\\/miumjau.ee\\\/wp-content\\\/uploads\\\/2022\\\/04\\\/MiuMjau-logo-kollane.png\",\"width\":219,\"height\":100,\"caption\":\"MiuMjau O\u00dc\"},\"image\":{\"@id\":\"https:\\\/\\\/miumjau.ee\\\/#\\\/schema\\\/logo\\\/image\\\/\"},\"sameAs\":[\"https:\\\/\\\/www.facebook.com\\\/miumjaupood\\\/\"]}]}<\/script>\n<!-- \/ Yoast SEO plugin. -->","yoast_head_json":{"title":"Frigera kuivatetut kananjalat, 250 g - MiuMjau","robots":{"index":"index","follow":"follow","max-snippet":"max-snippet:-1","max-image-preview":"max-image-preview:large","max-video-preview":"max-video-preview:-1"},"canonical":"https:\/\/miumjau.ee\/fi\/tuote\/frigera-kuivatetut-kananjalat-250-g\/","og_locale":"fi_FI","og_type":"article","og_title":"Frigera kuivatetut kananjalat, 250 g - MiuMjau","og_description":"FRIGERA kuivatetut kananjalat ovat luonnollinen ja terveellinen herkku, joka sopii kaiken kokoisille koirille! Etsitk\u00f6 loistavaa ja luonnollista vaihtoehtoa nivelravintolisille? Kokeile FRIGERA kananjalkoja! Erityisen rapeat ja mukavan rouskuvat herkut ovat ihanteellinen ja yh\u00e4 suositumpi v\u00e4lipala koirallesi. 100 % luonnolliset ja ilmakuivatut kananjalat koostuvat p\u00e4\u00e4asiassa nahasta, j\u00e4nteist\u00e4, rustoista ja pienist\u00e4 luista. Helposti sulavia ja runsaasti kalsiumia, joka tukee luiden ja hampaiden terveytt\u00e4. Korkea glukosamiini- ja kondroitiinipitoisuus edist\u00e4\u00e4 nivelten yleist\u00e4 hyvinvointia. Rouskutus puhdistaa my\u00f6s hampaita. Mielenkiintoinen fakta \u2013 monissa maailman maissa n\u00e4m\u00e4 herkut ovat delikaatteja my\u00f6s ihmisille! Pienen koon ja annosteltavuuden ansiosta sopivat erinomaisesti my\u00f6s pienille ja nuorille koirille. Nettopaino: 250 gKoostumus: 100 % kanaAnalyysi: Proteiini 48,2 %, Rasva 34,3 %, Kuitu 11,2 %, Kosteus 6,3 % Annosteluohje: Tarjoa v\u00e4lipalana tai palkintona osana tasapainoista ruokavaliota. Valvo koiraa ruokinnan aikana ja varmista, ett\u00e4 sill\u00e4 on aina raikasta juomavett\u00e4. Soveltuu p\u00e4ivitt\u00e4iseen k\u00e4ytt\u00f6\u00f6n, mutta vain valvonnassa. Ei sovellu ihmisten ruoaksi.","og_url":"https:\/\/miumjau.ee\/fi\/tuote\/frigera-kuivatetut-kananjalat-250-g\/","og_site_name":"MiuMjau","article_publisher":"https:\/\/www.facebook.com\/miumjaupood\/","article_modified_time":"2026-01-07T20:44:34+00:00","og_image":[{"width":600,"height":800,"url":"https:\/\/miumjau.ee\/wp-content\/uploads\/2025\/05\/frigera-koerte-maius-kanajalad-250g-1-Photoroom.webp","type":"image\/webp"}],"twitter_card":"summary_large_image","schema":{"@context":"https:\/\/schema.org","@graph":[{"@type":"WebPage","@id":"https:\/\/miumjau.ee\/fi\/tuote\/frigera-kuivatetut-kananjalat-250-g\/","url":"https:\/\/miumjau.ee\/fi\/tuote\/frigera-kuivatetut-kananjalat-250-g\/","name":"Frigera kuivatetut kananjalat, 250 g - MiuMjau","isPartOf":{"@id":"https:\/\/miumjau.ee\/#website"},"primaryImageOfPage":{"@id":"https:\/\/miumjau.ee\/fi\/tuote\/frigera-kuivatetut-kananjalat-250-g\/#primaryimage"},"image":{"@id":"https:\/\/miumjau.ee\/fi\/tuote\/frigera-kuivatetut-kananjalat-250-g\/#primaryimage"},"thumbnailUrl":"https:\/\/miumjau.ee\/wp-content\/uploads\/2025\/05\/frigera-koerte-maius-kanajalad-250g-1-Photoroom.webp","datePublished":"2025-05-18T09:15:14+00:00","dateModified":"2026-01-07T20:44:34+00:00","breadcrumb":{"@id":"https:\/\/miumjau.ee\/fi\/tuote\/frigera-kuivatetut-kananjalat-250-g\/#breadcrumb"},"inLanguage":"fi","potentialAction":[{"@type":"ReadAction","target":["https:\/\/miumjau.ee\/fi\/tuote\/frigera-kuivatetut-kananjalat-250-g\/"]}]},{"@type":"ImageObject","inLanguage":"fi","@id":"https:\/\/miumjau.ee\/fi\/tuote\/frigera-kuivatetut-kananjalat-250-g\/#primaryimage","url":"https:\/\/miumjau.ee\/wp-content\/uploads\/2025\/05\/frigera-koerte-maius-kanajalad-250g-1-Photoroom.webp","contentUrl":"https:\/\/miumjau.ee\/wp-content\/uploads\/2025\/05\/frigera-koerte-maius-kanajalad-250g-1-Photoroom.webp","width":600,"height":800,"caption":"Frigera kuivatatud kanajalad, 250 g"},{"@type":"BreadcrumbList","@id":"https:\/\/miumjau.ee\/fi\/tuote\/frigera-kuivatetut-kananjalat-250-g\/#breadcrumb","itemListElement":[{"@type":"ListItem","position":1,"name":"Home","item":"https:\/\/miumjau.ee\/fi\/"},{"@type":"ListItem","position":2,"name":"Kauppa","item":"https:\/\/miumjau.ee\/fi\/kauppa\/"},{"@type":"ListItem","position":3,"name":"Frigera kuivatetut kananjalat, 250 g"}]},{"@type":"WebSite","@id":"https:\/\/miumjau.ee\/#website","url":"https:\/\/miumjau.ee\/","name":"MiuMjau","description":"Kraapimispuud kassidele","publisher":{"@id":"https:\/\/miumjau.ee\/#organization"},"potentialAction":[{"@type":"SearchAction","target":{"@type":"EntryPoint","urlTemplate":"https:\/\/miumjau.ee\/?s={search_term_string}"},"query-input":{"@type":"PropertyValueSpecification","valueRequired":true,"valueName":"search_term_string"}}],"inLanguage":"fi"},{"@type":"Organization","@id":"https:\/\/miumjau.ee\/#organization","name":"MiuMjau O\u00dc","url":"https:\/\/miumjau.ee\/","logo":{"@type":"ImageObject","inLanguage":"fi","@id":"https:\/\/miumjau.ee\/#\/schema\/logo\/image\/","url":"https:\/\/miumjau.ee\/wp-content\/uploads\/2022\/04\/MiuMjau-logo-kollane.png","contentUrl":"https:\/\/miumjau.ee\/wp-content\/uploads\/2022\/04\/MiuMjau-logo-kollane.png","width":219,"height":100,"caption":"MiuMjau O\u00dc"},"image":{"@id":"https:\/\/miumjau.ee\/#\/schema\/logo\/image\/"},"sameAs":["https:\/\/www.facebook.com\/miumjaupood\/"]}]}},"_links":{"self":[{"href":"https:\/\/miumjau.ee\/fi\/wp-json\/wp\/v2\/product\/48498","targetHints":{"allow":["GET"]}}],"collection":[{"href":"https:\/\/miumjau.ee\/fi\/wp-json\/wp\/v2\/product"}],"about":[{"href":"https:\/\/miumjau.ee\/fi\/wp-json\/wp\/v2\/types\/product"}],"wp:featuredmedia":[{"embeddable":true,"href":"https:\/\/miumjau.ee\/fi\/wp-json\/wp\/v2\/media\/34226"}],"wp:attachment":[{"href":"https:\/\/miumjau.ee\/fi\/wp-json\/wp\/v2\/media?parent=48498"}],"wp:term":[{"taxonomy":"product_brand","embeddable":true,"href":"https:\/\/miumjau.ee\/fi\/wp-json\/wp\/v2\/product_brand?post=48498"},{"taxonomy":"product_cat","embeddable":true,"href":"https:\/\/miumjau.ee\/fi\/wp-json\/wp\/v2\/product_cat?post=48498"},{"taxonomy":"product_tag","embeddable":true,"href":"https:\/\/miumjau.ee\/fi\/wp-json\/wp\/v2\/product_tag?post=48498"}],"curies":[{"name":"wp","href":"https:\/\/api.w.org\/{rel}","templated":true}]}}