{"id":48490,"date":"2025-05-20T23:55:36","date_gmt":"2025-05-20T20:55:36","guid":{"rendered":"https:\/\/miumjau.ee\/toode\/frigera-naudan-korvat-lihalla-500-g\/"},"modified":"2026-01-07T22:44:41","modified_gmt":"2026-01-07T20:44:41","slug":"frigera-naudan-korvat-lihalla-500-g","status":"publish","type":"product","link":"https:\/\/miumjau.ee\/fi\/tuote\/frigera-naudan-korvat-lihalla-500-g\/","title":{"rendered":"Frigera naudan korvat lihalla, 500 g"},"content":{"rendered":"","protected":false},"excerpt":{"rendered":"<p data-start=\"171\" data-end=\"235\">Frigera naudan korvat lihalla \u2013 klassinen ja ravitseva herkku!<\/p>\n<p data-start=\"237\" data-end=\"469\">Oletko kuten useimmat koiranomistajat ja hemmottelet karvaista yst\u00e4v\u00e4\u00e4si herkulla? Varmista, ett\u00e4 se on my\u00f6s terveellinen! Yksi kaikkien aikojen suosituimmista klassikoistamme \u2013 naudan korvat lihalla \u2013 on juuri se, mit\u00e4 tarvitset!<\/p>\n<p data-start=\"471\" data-end=\"698\">Ne on valmistettu vapaana kasvatetuista naudoista, joita ei ruokittu antibiooteilla, steroideilla tai hormoneilla. Luonnollisesti v\u00e4h\u00e4rasvaisia ja hajuttomia, mutta vahvalla rakenteella \u2013 erinomainen vaihtoehto sian korville.<\/p>\n<p data-start=\"700\" data-end=\"989\">T\u00e4m\u00e4 herkku tarjoaa pitk\u00e4\u00e4n kest\u00e4v\u00e4\u00e4 pureskelun iloa ja tukee ruoansulatusta. Yhdistelm\u00e4 rustoa, nahkaa ja lihaa tekee siit\u00e4 todella arvokkaan puraisun. Ne sis\u00e4lt\u00e4v\u00e4t runsaasti glukosamiinia ja kondroitiinia nivelten terveyden tukemiseksi, sek\u00e4 omega-3-rasvahappoja, sinkki\u00e4 ja seleeni\u00e4.<\/p>\n<p data-start=\"991\" data-end=\"1111\"><strong data-start=\"991\" data-end=\"1005\">Koostumus:<\/strong> 100 % naudanliha<br data-start=\"1022\" data-end=\"1025\" \/><strong data-start=\"1025\" data-end=\"1040\">Nettopaino:<\/strong> 500 g<br data-start=\"1046\" data-end=\"1049\" \/><strong data-start=\"1049\" data-end=\"1062\">Analyysi:<\/strong> Proteiini 85,1 %, Rasva 1,16 %, Kosteus 6,73 %<\/p>\n<p data-start=\"1113\" data-end=\"1312\"><strong data-start=\"1113\" data-end=\"1131\">Annosteluohje:<\/strong> Tarjoa v\u00e4lipalana tai palkintona osana tasapainoista ruokavaliota. Valvo koiraa ruokinnan aikana ja varmista, ett\u00e4 sill\u00e4 on aina raikasta juomavett\u00e4. Ei sovellu ihmisten ruoaksi.<\/p>\n","protected":false},"featured_media":40877,"template":"","meta":[],"product_brand":[],"product_cat":[480,139],"product_tag":[],"class_list":{"0":"post-48490","1":"product","2":"type-product","3":"status-publish","4":"has-post-thumbnail","6":"product_cat-herkut-koirille","7":"product_cat-kaup24-fi","9":"first","10":"instock","11":"taxable","12":"shipping-taxable","13":"purchasable","14":"product-type-simple"},"yoast_head":"<!-- This site is optimized with the Yoast SEO plugin v27.4 - https:\/\/yoast.com\/product\/yoast-seo-wordpress\/ -->\n<title>Frigera naudan korvat lihalla, 500 g - MiuMjau<\/title>\n<meta name=\"robots\" content=\"index, follow, max-snippet:-1, max-image-preview:large, max-video-preview:-1\" \/>\n<link rel=\"canonical\" href=\"https:\/\/miumjau.ee\/fi\/tuote\/frigera-naudan-korvat-lihalla-500-g\/\" \/>\n<meta property=\"og:locale\" content=\"fi_FI\" \/>\n<meta property=\"og:type\" content=\"article\" \/>\n<meta property=\"og:title\" content=\"Frigera naudan korvat lihalla, 500 g - MiuMjau\" \/>\n<meta property=\"og:description\" content=\"Frigera naudan korvat lihalla \u2013 klassinen ja ravitseva herkku! Oletko kuten useimmat koiranomistajat ja hemmottelet karvaista yst\u00e4v\u00e4\u00e4si herkulla? Varmista, ett\u00e4 se on my\u00f6s terveellinen! Yksi kaikkien aikojen suosituimmista klassikoistamme \u2013 naudan korvat lihalla \u2013 on juuri se, mit\u00e4 tarvitset! Ne on valmistettu vapaana kasvatetuista naudoista, joita ei ruokittu antibiooteilla, steroideilla tai hormoneilla. Luonnollisesti v\u00e4h\u00e4rasvaisia ja hajuttomia, mutta vahvalla rakenteella \u2013 erinomainen vaihtoehto sian korville. T\u00e4m\u00e4 herkku tarjoaa pitk\u00e4\u00e4n kest\u00e4v\u00e4\u00e4 pureskelun iloa ja tukee ruoansulatusta. Yhdistelm\u00e4 rustoa, nahkaa ja lihaa tekee siit\u00e4 todella arvokkaan puraisun. Ne sis\u00e4lt\u00e4v\u00e4t runsaasti glukosamiinia ja kondroitiinia nivelten terveyden tukemiseksi, sek\u00e4 omega-3-rasvahappoja, sinkki\u00e4 ja seleeni\u00e4. Koostumus: 100 % naudanlihaNettopaino: 500 gAnalyysi: Proteiini 85,1 %, Rasva 1,16 %, Kosteus 6,73 % Annosteluohje: Tarjoa v\u00e4lipalana tai palkintona osana tasapainoista ruokavaliota. Valvo koiraa ruokinnan aikana ja varmista, ett\u00e4 sill\u00e4 on aina raikasta juomavett\u00e4. Ei sovellu ihmisten ruoaksi.\" \/>\n<meta property=\"og:url\" content=\"https:\/\/miumjau.ee\/fi\/tuote\/frigera-naudan-korvat-lihalla-500-g\/\" \/>\n<meta property=\"og:site_name\" content=\"MiuMjau\" \/>\n<meta property=\"article:publisher\" content=\"https:\/\/www.facebook.com\/miumjaupood\/\" \/>\n<meta property=\"article:modified_time\" content=\"2026-01-07T20:44:41+00:00\" \/>\n<meta property=\"og:image\" content=\"https:\/\/miumjau.ee\/wp-content\/uploads\/2025\/05\/frigera-koerte-maius-veisekorvad-lihaga-500g-1-Photoroom.jpg\" \/>\n\t<meta property=\"og:image:width\" content=\"600\" \/>\n\t<meta property=\"og:image:height\" content=\"800\" \/>\n\t<meta property=\"og:image:type\" content=\"image\/jpeg\" \/>\n<meta name=\"twitter:card\" content=\"summary_large_image\" \/>\n<script type=\"application\/ld+json\" class=\"yoast-schema-graph\">{\"@context\":\"https:\\\/\\\/schema.org\",\"@graph\":[{\"@type\":\"WebPage\",\"@id\":\"https:\\\/\\\/miumjau.ee\\\/fi\\\/tuote\\\/frigera-naudan-korvat-lihalla-500-g\\\/\",\"url\":\"https:\\\/\\\/miumjau.ee\\\/fi\\\/tuote\\\/frigera-naudan-korvat-lihalla-500-g\\\/\",\"name\":\"Frigera naudan korvat lihalla, 500 g - MiuMjau\",\"isPartOf\":{\"@id\":\"https:\\\/\\\/miumjau.ee\\\/#website\"},\"primaryImageOfPage\":{\"@id\":\"https:\\\/\\\/miumjau.ee\\\/fi\\\/tuote\\\/frigera-naudan-korvat-lihalla-500-g\\\/#primaryimage\"},\"image\":{\"@id\":\"https:\\\/\\\/miumjau.ee\\\/fi\\\/tuote\\\/frigera-naudan-korvat-lihalla-500-g\\\/#primaryimage\"},\"thumbnailUrl\":\"https:\\\/\\\/miumjau.ee\\\/wp-content\\\/uploads\\\/2025\\\/05\\\/frigera-koerte-maius-veisekorvad-lihaga-500g-1-Photoroom.jpg\",\"datePublished\":\"2025-05-20T20:55:36+00:00\",\"dateModified\":\"2026-01-07T20:44:41+00:00\",\"breadcrumb\":{\"@id\":\"https:\\\/\\\/miumjau.ee\\\/fi\\\/tuote\\\/frigera-naudan-korvat-lihalla-500-g\\\/#breadcrumb\"},\"inLanguage\":\"fi\",\"potentialAction\":[{\"@type\":\"ReadAction\",\"target\":[\"https:\\\/\\\/miumjau.ee\\\/fi\\\/tuote\\\/frigera-naudan-korvat-lihalla-500-g\\\/\"]}]},{\"@type\":\"ImageObject\",\"inLanguage\":\"fi\",\"@id\":\"https:\\\/\\\/miumjau.ee\\\/fi\\\/tuote\\\/frigera-naudan-korvat-lihalla-500-g\\\/#primaryimage\",\"url\":\"https:\\\/\\\/miumjau.ee\\\/wp-content\\\/uploads\\\/2025\\\/05\\\/frigera-koerte-maius-veisekorvad-lihaga-500g-1-Photoroom.jpg\",\"contentUrl\":\"https:\\\/\\\/miumjau.ee\\\/wp-content\\\/uploads\\\/2025\\\/05\\\/frigera-koerte-maius-veisekorvad-lihaga-500g-1-Photoroom.jpg\",\"width\":600,\"height\":800,\"caption\":\"Frigera veisek\u00f5rvad lihaga, 500 g\"},{\"@type\":\"BreadcrumbList\",\"@id\":\"https:\\\/\\\/miumjau.ee\\\/fi\\\/tuote\\\/frigera-naudan-korvat-lihalla-500-g\\\/#breadcrumb\",\"itemListElement\":[{\"@type\":\"ListItem\",\"position\":1,\"name\":\"Home\",\"item\":\"https:\\\/\\\/miumjau.ee\\\/fi\\\/\"},{\"@type\":\"ListItem\",\"position\":2,\"name\":\"Kauppa\",\"item\":\"https:\\\/\\\/miumjau.ee\\\/fi\\\/kauppa\\\/\"},{\"@type\":\"ListItem\",\"position\":3,\"name\":\"Frigera naudan korvat lihalla, 500 g\"}]},{\"@type\":\"WebSite\",\"@id\":\"https:\\\/\\\/miumjau.ee\\\/#website\",\"url\":\"https:\\\/\\\/miumjau.ee\\\/\",\"name\":\"MiuMjau\",\"description\":\"Kraapimispuud kassidele\",\"publisher\":{\"@id\":\"https:\\\/\\\/miumjau.ee\\\/#organization\"},\"potentialAction\":[{\"@type\":\"SearchAction\",\"target\":{\"@type\":\"EntryPoint\",\"urlTemplate\":\"https:\\\/\\\/miumjau.ee\\\/?s={search_term_string}\"},\"query-input\":{\"@type\":\"PropertyValueSpecification\",\"valueRequired\":true,\"valueName\":\"search_term_string\"}}],\"inLanguage\":\"fi\"},{\"@type\":\"Organization\",\"@id\":\"https:\\\/\\\/miumjau.ee\\\/#organization\",\"name\":\"MiuMjau O\u00dc\",\"url\":\"https:\\\/\\\/miumjau.ee\\\/\",\"logo\":{\"@type\":\"ImageObject\",\"inLanguage\":\"fi\",\"@id\":\"https:\\\/\\\/miumjau.ee\\\/#\\\/schema\\\/logo\\\/image\\\/\",\"url\":\"https:\\\/\\\/miumjau.ee\\\/wp-content\\\/uploads\\\/2022\\\/04\\\/MiuMjau-logo-kollane.png\",\"contentUrl\":\"https:\\\/\\\/miumjau.ee\\\/wp-content\\\/uploads\\\/2022\\\/04\\\/MiuMjau-logo-kollane.png\",\"width\":219,\"height\":100,\"caption\":\"MiuMjau O\u00dc\"},\"image\":{\"@id\":\"https:\\\/\\\/miumjau.ee\\\/#\\\/schema\\\/logo\\\/image\\\/\"},\"sameAs\":[\"https:\\\/\\\/www.facebook.com\\\/miumjaupood\\\/\"]}]}<\/script>\n<!-- \/ Yoast SEO plugin. -->","yoast_head_json":{"title":"Frigera naudan korvat lihalla, 500 g - MiuMjau","robots":{"index":"index","follow":"follow","max-snippet":"max-snippet:-1","max-image-preview":"max-image-preview:large","max-video-preview":"max-video-preview:-1"},"canonical":"https:\/\/miumjau.ee\/fi\/tuote\/frigera-naudan-korvat-lihalla-500-g\/","og_locale":"fi_FI","og_type":"article","og_title":"Frigera naudan korvat lihalla, 500 g - MiuMjau","og_description":"Frigera naudan korvat lihalla \u2013 klassinen ja ravitseva herkku! Oletko kuten useimmat koiranomistajat ja hemmottelet karvaista yst\u00e4v\u00e4\u00e4si herkulla? Varmista, ett\u00e4 se on my\u00f6s terveellinen! Yksi kaikkien aikojen suosituimmista klassikoistamme \u2013 naudan korvat lihalla \u2013 on juuri se, mit\u00e4 tarvitset! Ne on valmistettu vapaana kasvatetuista naudoista, joita ei ruokittu antibiooteilla, steroideilla tai hormoneilla. Luonnollisesti v\u00e4h\u00e4rasvaisia ja hajuttomia, mutta vahvalla rakenteella \u2013 erinomainen vaihtoehto sian korville. T\u00e4m\u00e4 herkku tarjoaa pitk\u00e4\u00e4n kest\u00e4v\u00e4\u00e4 pureskelun iloa ja tukee ruoansulatusta. Yhdistelm\u00e4 rustoa, nahkaa ja lihaa tekee siit\u00e4 todella arvokkaan puraisun. Ne sis\u00e4lt\u00e4v\u00e4t runsaasti glukosamiinia ja kondroitiinia nivelten terveyden tukemiseksi, sek\u00e4 omega-3-rasvahappoja, sinkki\u00e4 ja seleeni\u00e4. Koostumus: 100 % naudanlihaNettopaino: 500 gAnalyysi: Proteiini 85,1 %, Rasva 1,16 %, Kosteus 6,73 % Annosteluohje: Tarjoa v\u00e4lipalana tai palkintona osana tasapainoista ruokavaliota. Valvo koiraa ruokinnan aikana ja varmista, ett\u00e4 sill\u00e4 on aina raikasta juomavett\u00e4. Ei sovellu ihmisten ruoaksi.","og_url":"https:\/\/miumjau.ee\/fi\/tuote\/frigera-naudan-korvat-lihalla-500-g\/","og_site_name":"MiuMjau","article_publisher":"https:\/\/www.facebook.com\/miumjaupood\/","article_modified_time":"2026-01-07T20:44:41+00:00","og_image":[{"width":600,"height":800,"url":"https:\/\/miumjau.ee\/wp-content\/uploads\/2025\/05\/frigera-koerte-maius-veisekorvad-lihaga-500g-1-Photoroom.jpg","type":"image\/jpeg"}],"twitter_card":"summary_large_image","schema":{"@context":"https:\/\/schema.org","@graph":[{"@type":"WebPage","@id":"https:\/\/miumjau.ee\/fi\/tuote\/frigera-naudan-korvat-lihalla-500-g\/","url":"https:\/\/miumjau.ee\/fi\/tuote\/frigera-naudan-korvat-lihalla-500-g\/","name":"Frigera naudan korvat lihalla, 500 g - MiuMjau","isPartOf":{"@id":"https:\/\/miumjau.ee\/#website"},"primaryImageOfPage":{"@id":"https:\/\/miumjau.ee\/fi\/tuote\/frigera-naudan-korvat-lihalla-500-g\/#primaryimage"},"image":{"@id":"https:\/\/miumjau.ee\/fi\/tuote\/frigera-naudan-korvat-lihalla-500-g\/#primaryimage"},"thumbnailUrl":"https:\/\/miumjau.ee\/wp-content\/uploads\/2025\/05\/frigera-koerte-maius-veisekorvad-lihaga-500g-1-Photoroom.jpg","datePublished":"2025-05-20T20:55:36+00:00","dateModified":"2026-01-07T20:44:41+00:00","breadcrumb":{"@id":"https:\/\/miumjau.ee\/fi\/tuote\/frigera-naudan-korvat-lihalla-500-g\/#breadcrumb"},"inLanguage":"fi","potentialAction":[{"@type":"ReadAction","target":["https:\/\/miumjau.ee\/fi\/tuote\/frigera-naudan-korvat-lihalla-500-g\/"]}]},{"@type":"ImageObject","inLanguage":"fi","@id":"https:\/\/miumjau.ee\/fi\/tuote\/frigera-naudan-korvat-lihalla-500-g\/#primaryimage","url":"https:\/\/miumjau.ee\/wp-content\/uploads\/2025\/05\/frigera-koerte-maius-veisekorvad-lihaga-500g-1-Photoroom.jpg","contentUrl":"https:\/\/miumjau.ee\/wp-content\/uploads\/2025\/05\/frigera-koerte-maius-veisekorvad-lihaga-500g-1-Photoroom.jpg","width":600,"height":800,"caption":"Frigera veisek\u00f5rvad lihaga, 500 g"},{"@type":"BreadcrumbList","@id":"https:\/\/miumjau.ee\/fi\/tuote\/frigera-naudan-korvat-lihalla-500-g\/#breadcrumb","itemListElement":[{"@type":"ListItem","position":1,"name":"Home","item":"https:\/\/miumjau.ee\/fi\/"},{"@type":"ListItem","position":2,"name":"Kauppa","item":"https:\/\/miumjau.ee\/fi\/kauppa\/"},{"@type":"ListItem","position":3,"name":"Frigera naudan korvat lihalla, 500 g"}]},{"@type":"WebSite","@id":"https:\/\/miumjau.ee\/#website","url":"https:\/\/miumjau.ee\/","name":"MiuMjau","description":"Kraapimispuud kassidele","publisher":{"@id":"https:\/\/miumjau.ee\/#organization"},"potentialAction":[{"@type":"SearchAction","target":{"@type":"EntryPoint","urlTemplate":"https:\/\/miumjau.ee\/?s={search_term_string}"},"query-input":{"@type":"PropertyValueSpecification","valueRequired":true,"valueName":"search_term_string"}}],"inLanguage":"fi"},{"@type":"Organization","@id":"https:\/\/miumjau.ee\/#organization","name":"MiuMjau O\u00dc","url":"https:\/\/miumjau.ee\/","logo":{"@type":"ImageObject","inLanguage":"fi","@id":"https:\/\/miumjau.ee\/#\/schema\/logo\/image\/","url":"https:\/\/miumjau.ee\/wp-content\/uploads\/2022\/04\/MiuMjau-logo-kollane.png","contentUrl":"https:\/\/miumjau.ee\/wp-content\/uploads\/2022\/04\/MiuMjau-logo-kollane.png","width":219,"height":100,"caption":"MiuMjau O\u00dc"},"image":{"@id":"https:\/\/miumjau.ee\/#\/schema\/logo\/image\/"},"sameAs":["https:\/\/www.facebook.com\/miumjaupood\/"]}]}},"_links":{"self":[{"href":"https:\/\/miumjau.ee\/fi\/wp-json\/wp\/v2\/product\/48490","targetHints":{"allow":["GET"]}}],"collection":[{"href":"https:\/\/miumjau.ee\/fi\/wp-json\/wp\/v2\/product"}],"about":[{"href":"https:\/\/miumjau.ee\/fi\/wp-json\/wp\/v2\/types\/product"}],"wp:featuredmedia":[{"embeddable":true,"href":"https:\/\/miumjau.ee\/fi\/wp-json\/wp\/v2\/media\/40877"}],"wp:attachment":[{"href":"https:\/\/miumjau.ee\/fi\/wp-json\/wp\/v2\/media?parent=48490"}],"wp:term":[{"taxonomy":"product_brand","embeddable":true,"href":"https:\/\/miumjau.ee\/fi\/wp-json\/wp\/v2\/product_brand?post=48490"},{"taxonomy":"product_cat","embeddable":true,"href":"https:\/\/miumjau.ee\/fi\/wp-json\/wp\/v2\/product_cat?post=48490"},{"taxonomy":"product_tag","embeddable":true,"href":"https:\/\/miumjau.ee\/fi\/wp-json\/wp\/v2\/product_tag?post=48490"}],"curies":[{"name":"wp","href":"https:\/\/api.w.org\/{rel}","templated":true}]}}