{"id":48484,"date":"2025-05-18T12:26:08","date_gmt":"2025-05-18T09:26:08","guid":{"rendered":"https:\/\/miumjau.ee\/toode\/frigera-kuivattu-kanan-kaulat-250-g\/"},"modified":"2026-01-07T22:44:41","modified_gmt":"2026-01-07T20:44:41","slug":"frigera-kuivattu-kanan-kaulat-250-g","status":"publish","type":"product","link":"https:\/\/miumjau.ee\/fi\/tuote\/frigera-kuivattu-kanan-kaulat-250-g\/","title":{"rendered":"Frigera kuivattu kanan kaulat, 250 g"},"content":{"rendered":"","protected":false},"excerpt":{"rendered":"<p data-start=\"171\" data-end=\"297\">FRIGERA kuivatetut kanan kauloja on luonnollinen ja terveellinen herkku, joka sopii erinomaisesti kaikenkokoisille koirille!<\/p>\n<p data-start=\"299\" data-end=\"648\">Etsitk\u00f6 rapeaa kanaherkkuja, joka tukee my\u00f6s hampaiden terveytt\u00e4? Meill\u00e4 on juuri se, mit\u00e4 tarvitset! FRIGERA kanan kaulat ovat hell\u00e4varaisesti ilmakuivattuja kokonaisia kauloja, jotka sis\u00e4lt\u00e4v\u00e4t selk\u00e4rangan, henkitorven, sidekudokset ja lihakset. Ne ovat t\u00e4ynn\u00e4 glukosamiinia, kondroitiinia ja kalsiumia, jotka auttavat pit\u00e4m\u00e4\u00e4n nivelet tervein\u00e4.<\/p>\n<p data-start=\"650\" data-end=\"999\">Lis\u00e4ksi ne sopivat erinomaisesti palkinnoksi pienille ja aloitteleville koirille, mutta my\u00f6s isommille ja vanhemmille koirille, koska ne koostuvat pehme\u00e4st\u00e4 ja helposti pureskeltavasta rustosta. N\u00e4m\u00e4 luonnolliset, puhtaasta kanasta valmistetut herkut ovat todella vaikeasti p\u00e4ihitett\u00e4vi\u00e4. Hemmottele lemmikki\u00e4si t\u00e4ll\u00e4 herkulla \u2013 se on kiitollinen!<\/p>\n<p data-start=\"1001\" data-end=\"1127\"><strong data-start=\"1001\" data-end=\"1016\">Nettopaino:<\/strong> 250 g<br data-start=\"1022\" data-end=\"1025\" \/><strong data-start=\"1025\" data-end=\"1039\">Koostumus:<\/strong> 100 % kana<br data-start=\"1050\" data-end=\"1053\" \/><strong data-start=\"1053\" data-end=\"1066\">Analyysi:<\/strong> Proteiini 42,5 %, Rasva 13,8 %, Peli 11,2 %, Kosteus 5,9 %<\/p>\n<p data-start=\"1129\" data-end=\"1384\"><strong data-start=\"1129\" data-end=\"1147\">Annosteluohje:<\/strong> Tarjoa herkkupalana aterioiden v\u00e4lill\u00e4 tai palkintona osana tasapainoista ruokavaliota. Varmista aina raikas juomavesi ja valvo koiraa sy\u00f6tett\u00e4ess\u00e4. Soveltuu p\u00e4ivitt\u00e4iseen k\u00e4ytt\u00f6\u00f6n, mutta vain valvonnassa. Ei sovellu ihmisten ruoaksi.<\/p>\n","protected":false},"featured_media":34230,"template":"","meta":[],"product_brand":[],"product_cat":[480],"product_tag":[],"class_list":{"0":"post-48484","1":"product","2":"type-product","3":"status-publish","4":"has-post-thumbnail","6":"product_cat-herkut-koirille","8":"first","9":"instock","10":"taxable","11":"shipping-taxable","12":"purchasable","13":"product-type-simple"},"yoast_head":"<!-- This site is optimized with the Yoast SEO plugin v27.2 - https:\/\/yoast.com\/product\/yoast-seo-wordpress\/ -->\n<title>Frigera kuivattu kanan kaulat, 250 g - MiuMjau<\/title>\n<meta name=\"robots\" content=\"index, follow, max-snippet:-1, max-image-preview:large, max-video-preview:-1\" \/>\n<link rel=\"canonical\" href=\"https:\/\/miumjau.ee\/fi\/tuote\/frigera-kuivattu-kanan-kaulat-250-g\/\" \/>\n<meta property=\"og:locale\" content=\"fi_FI\" \/>\n<meta property=\"og:type\" content=\"article\" \/>\n<meta property=\"og:title\" content=\"Frigera kuivattu kanan kaulat, 250 g - MiuMjau\" \/>\n<meta property=\"og:description\" content=\"FRIGERA kuivatetut kanan kauloja on luonnollinen ja terveellinen herkku, joka sopii erinomaisesti kaikenkokoisille koirille! Etsitk\u00f6 rapeaa kanaherkkuja, joka tukee my\u00f6s hampaiden terveytt\u00e4? Meill\u00e4 on juuri se, mit\u00e4 tarvitset! FRIGERA kanan kaulat ovat hell\u00e4varaisesti ilmakuivattuja kokonaisia kauloja, jotka sis\u00e4lt\u00e4v\u00e4t selk\u00e4rangan, henkitorven, sidekudokset ja lihakset. Ne ovat t\u00e4ynn\u00e4 glukosamiinia, kondroitiinia ja kalsiumia, jotka auttavat pit\u00e4m\u00e4\u00e4n nivelet tervein\u00e4. Lis\u00e4ksi ne sopivat erinomaisesti palkinnoksi pienille ja aloitteleville koirille, mutta my\u00f6s isommille ja vanhemmille koirille, koska ne koostuvat pehme\u00e4st\u00e4 ja helposti pureskeltavasta rustosta. N\u00e4m\u00e4 luonnolliset, puhtaasta kanasta valmistetut herkut ovat todella vaikeasti p\u00e4ihitett\u00e4vi\u00e4. Hemmottele lemmikki\u00e4si t\u00e4ll\u00e4 herkulla \u2013 se on kiitollinen! Nettopaino: 250 gKoostumus: 100 % kanaAnalyysi: Proteiini 42,5 %, Rasva 13,8 %, Peli 11,2 %, Kosteus 5,9 % Annosteluohje: Tarjoa herkkupalana aterioiden v\u00e4lill\u00e4 tai palkintona osana tasapainoista ruokavaliota. Varmista aina raikas juomavesi ja valvo koiraa sy\u00f6tett\u00e4ess\u00e4. Soveltuu p\u00e4ivitt\u00e4iseen k\u00e4ytt\u00f6\u00f6n, mutta vain valvonnassa. Ei sovellu ihmisten ruoaksi.\" \/>\n<meta property=\"og:url\" content=\"https:\/\/miumjau.ee\/fi\/tuote\/frigera-kuivattu-kanan-kaulat-250-g\/\" \/>\n<meta property=\"og:site_name\" content=\"MiuMjau\" \/>\n<meta property=\"article:publisher\" content=\"https:\/\/www.facebook.com\/miumjaupood\/\" \/>\n<meta property=\"article:modified_time\" content=\"2026-01-07T20:44:41+00:00\" \/>\n<meta property=\"og:image\" content=\"https:\/\/miumjau.ee\/wp-content\/uploads\/2025\/05\/frigera-koerte-maius-kanakaelad-250g-1-Photoroom.webp\" \/>\n\t<meta property=\"og:image:width\" content=\"600\" \/>\n\t<meta property=\"og:image:height\" content=\"800\" \/>\n\t<meta property=\"og:image:type\" content=\"image\/webp\" \/>\n<meta name=\"twitter:card\" content=\"summary_large_image\" \/>\n<script type=\"application\/ld+json\" class=\"yoast-schema-graph\">{\"@context\":\"https:\/\/schema.org\",\"@graph\":[{\"@type\":\"WebPage\",\"@id\":\"https:\/\/miumjau.ee\/fi\/tuote\/frigera-kuivattu-kanan-kaulat-250-g\/\",\"url\":\"https:\/\/miumjau.ee\/fi\/tuote\/frigera-kuivattu-kanan-kaulat-250-g\/\",\"name\":\"Frigera kuivattu kanan kaulat, 250 g - MiuMjau\",\"isPartOf\":{\"@id\":\"https:\/\/miumjau.ee\/#website\"},\"primaryImageOfPage\":{\"@id\":\"https:\/\/miumjau.ee\/fi\/tuote\/frigera-kuivattu-kanan-kaulat-250-g\/#primaryimage\"},\"image\":{\"@id\":\"https:\/\/miumjau.ee\/fi\/tuote\/frigera-kuivattu-kanan-kaulat-250-g\/#primaryimage\"},\"thumbnailUrl\":\"https:\/\/miumjau.ee\/wp-content\/uploads\/2025\/05\/frigera-koerte-maius-kanakaelad-250g-1-Photoroom.webp\",\"datePublished\":\"2025-05-18T09:26:08+00:00\",\"dateModified\":\"2026-01-07T20:44:41+00:00\",\"breadcrumb\":{\"@id\":\"https:\/\/miumjau.ee\/fi\/tuote\/frigera-kuivattu-kanan-kaulat-250-g\/#breadcrumb\"},\"inLanguage\":\"fi\",\"potentialAction\":[{\"@type\":\"ReadAction\",\"target\":[\"https:\/\/miumjau.ee\/fi\/tuote\/frigera-kuivattu-kanan-kaulat-250-g\/\"]}]},{\"@type\":\"ImageObject\",\"inLanguage\":\"fi\",\"@id\":\"https:\/\/miumjau.ee\/fi\/tuote\/frigera-kuivattu-kanan-kaulat-250-g\/#primaryimage\",\"url\":\"https:\/\/miumjau.ee\/wp-content\/uploads\/2025\/05\/frigera-koerte-maius-kanakaelad-250g-1-Photoroom.webp\",\"contentUrl\":\"https:\/\/miumjau.ee\/wp-content\/uploads\/2025\/05\/frigera-koerte-maius-kanakaelad-250g-1-Photoroom.webp\",\"width\":600,\"height\":800},{\"@type\":\"BreadcrumbList\",\"@id\":\"https:\/\/miumjau.ee\/fi\/tuote\/frigera-kuivattu-kanan-kaulat-250-g\/#breadcrumb\",\"itemListElement\":[{\"@type\":\"ListItem\",\"position\":1,\"name\":\"Home\",\"item\":\"https:\/\/miumjau.ee\/fi\/\"},{\"@type\":\"ListItem\",\"position\":2,\"name\":\"Kauppa\",\"item\":\"https:\/\/miumjau.ee\/fi\/kauppa\/\"},{\"@type\":\"ListItem\",\"position\":3,\"name\":\"Frigera kuivattu kanan kaulat, 250 g\"}]},{\"@type\":\"WebSite\",\"@id\":\"https:\/\/miumjau.ee\/#website\",\"url\":\"https:\/\/miumjau.ee\/\",\"name\":\"MiuMjau\",\"description\":\"Kraapimispuud kassidele\",\"publisher\":{\"@id\":\"https:\/\/miumjau.ee\/#organization\"},\"potentialAction\":[{\"@type\":\"SearchAction\",\"target\":{\"@type\":\"EntryPoint\",\"urlTemplate\":\"https:\/\/miumjau.ee\/?s={search_term_string}\"},\"query-input\":{\"@type\":\"PropertyValueSpecification\",\"valueRequired\":true,\"valueName\":\"search_term_string\"}}],\"inLanguage\":\"fi\"},{\"@type\":\"Organization\",\"@id\":\"https:\/\/miumjau.ee\/#organization\",\"name\":\"MiuMjau O\u00dc\",\"url\":\"https:\/\/miumjau.ee\/\",\"logo\":{\"@type\":\"ImageObject\",\"inLanguage\":\"fi\",\"@id\":\"https:\/\/miumjau.ee\/#\/schema\/logo\/image\/\",\"url\":\"https:\/\/miumjau.ee\/wp-content\/uploads\/2022\/04\/MiuMjau-logo-kollane.png\",\"contentUrl\":\"https:\/\/miumjau.ee\/wp-content\/uploads\/2022\/04\/MiuMjau-logo-kollane.png\",\"width\":219,\"height\":100,\"caption\":\"MiuMjau O\u00dc\"},\"image\":{\"@id\":\"https:\/\/miumjau.ee\/#\/schema\/logo\/image\/\"},\"sameAs\":[\"https:\/\/www.facebook.com\/miumjaupood\/\"]}]}<\/script>\n<!-- \/ Yoast SEO plugin. -->","yoast_head_json":{"title":"Frigera kuivattu kanan kaulat, 250 g - MiuMjau","robots":{"index":"index","follow":"follow","max-snippet":"max-snippet:-1","max-image-preview":"max-image-preview:large","max-video-preview":"max-video-preview:-1"},"canonical":"https:\/\/miumjau.ee\/fi\/tuote\/frigera-kuivattu-kanan-kaulat-250-g\/","og_locale":"fi_FI","og_type":"article","og_title":"Frigera kuivattu kanan kaulat, 250 g - MiuMjau","og_description":"FRIGERA kuivatetut kanan kauloja on luonnollinen ja terveellinen herkku, joka sopii erinomaisesti kaikenkokoisille koirille! Etsitk\u00f6 rapeaa kanaherkkuja, joka tukee my\u00f6s hampaiden terveytt\u00e4? Meill\u00e4 on juuri se, mit\u00e4 tarvitset! FRIGERA kanan kaulat ovat hell\u00e4varaisesti ilmakuivattuja kokonaisia kauloja, jotka sis\u00e4lt\u00e4v\u00e4t selk\u00e4rangan, henkitorven, sidekudokset ja lihakset. Ne ovat t\u00e4ynn\u00e4 glukosamiinia, kondroitiinia ja kalsiumia, jotka auttavat pit\u00e4m\u00e4\u00e4n nivelet tervein\u00e4. Lis\u00e4ksi ne sopivat erinomaisesti palkinnoksi pienille ja aloitteleville koirille, mutta my\u00f6s isommille ja vanhemmille koirille, koska ne koostuvat pehme\u00e4st\u00e4 ja helposti pureskeltavasta rustosta. N\u00e4m\u00e4 luonnolliset, puhtaasta kanasta valmistetut herkut ovat todella vaikeasti p\u00e4ihitett\u00e4vi\u00e4. Hemmottele lemmikki\u00e4si t\u00e4ll\u00e4 herkulla \u2013 se on kiitollinen! Nettopaino: 250 gKoostumus: 100 % kanaAnalyysi: Proteiini 42,5 %, Rasva 13,8 %, Peli 11,2 %, Kosteus 5,9 % Annosteluohje: Tarjoa herkkupalana aterioiden v\u00e4lill\u00e4 tai palkintona osana tasapainoista ruokavaliota. Varmista aina raikas juomavesi ja valvo koiraa sy\u00f6tett\u00e4ess\u00e4. Soveltuu p\u00e4ivitt\u00e4iseen k\u00e4ytt\u00f6\u00f6n, mutta vain valvonnassa. Ei sovellu ihmisten ruoaksi.","og_url":"https:\/\/miumjau.ee\/fi\/tuote\/frigera-kuivattu-kanan-kaulat-250-g\/","og_site_name":"MiuMjau","article_publisher":"https:\/\/www.facebook.com\/miumjaupood\/","article_modified_time":"2026-01-07T20:44:41+00:00","og_image":[{"width":600,"height":800,"url":"https:\/\/miumjau.ee\/wp-content\/uploads\/2025\/05\/frigera-koerte-maius-kanakaelad-250g-1-Photoroom.webp","type":"image\/webp"}],"twitter_card":"summary_large_image","schema":{"@context":"https:\/\/schema.org","@graph":[{"@type":"WebPage","@id":"https:\/\/miumjau.ee\/fi\/tuote\/frigera-kuivattu-kanan-kaulat-250-g\/","url":"https:\/\/miumjau.ee\/fi\/tuote\/frigera-kuivattu-kanan-kaulat-250-g\/","name":"Frigera kuivattu kanan kaulat, 250 g - MiuMjau","isPartOf":{"@id":"https:\/\/miumjau.ee\/#website"},"primaryImageOfPage":{"@id":"https:\/\/miumjau.ee\/fi\/tuote\/frigera-kuivattu-kanan-kaulat-250-g\/#primaryimage"},"image":{"@id":"https:\/\/miumjau.ee\/fi\/tuote\/frigera-kuivattu-kanan-kaulat-250-g\/#primaryimage"},"thumbnailUrl":"https:\/\/miumjau.ee\/wp-content\/uploads\/2025\/05\/frigera-koerte-maius-kanakaelad-250g-1-Photoroom.webp","datePublished":"2025-05-18T09:26:08+00:00","dateModified":"2026-01-07T20:44:41+00:00","breadcrumb":{"@id":"https:\/\/miumjau.ee\/fi\/tuote\/frigera-kuivattu-kanan-kaulat-250-g\/#breadcrumb"},"inLanguage":"fi","potentialAction":[{"@type":"ReadAction","target":["https:\/\/miumjau.ee\/fi\/tuote\/frigera-kuivattu-kanan-kaulat-250-g\/"]}]},{"@type":"ImageObject","inLanguage":"fi","@id":"https:\/\/miumjau.ee\/fi\/tuote\/frigera-kuivattu-kanan-kaulat-250-g\/#primaryimage","url":"https:\/\/miumjau.ee\/wp-content\/uploads\/2025\/05\/frigera-koerte-maius-kanakaelad-250g-1-Photoroom.webp","contentUrl":"https:\/\/miumjau.ee\/wp-content\/uploads\/2025\/05\/frigera-koerte-maius-kanakaelad-250g-1-Photoroom.webp","width":600,"height":800},{"@type":"BreadcrumbList","@id":"https:\/\/miumjau.ee\/fi\/tuote\/frigera-kuivattu-kanan-kaulat-250-g\/#breadcrumb","itemListElement":[{"@type":"ListItem","position":1,"name":"Home","item":"https:\/\/miumjau.ee\/fi\/"},{"@type":"ListItem","position":2,"name":"Kauppa","item":"https:\/\/miumjau.ee\/fi\/kauppa\/"},{"@type":"ListItem","position":3,"name":"Frigera kuivattu kanan kaulat, 250 g"}]},{"@type":"WebSite","@id":"https:\/\/miumjau.ee\/#website","url":"https:\/\/miumjau.ee\/","name":"MiuMjau","description":"Kraapimispuud kassidele","publisher":{"@id":"https:\/\/miumjau.ee\/#organization"},"potentialAction":[{"@type":"SearchAction","target":{"@type":"EntryPoint","urlTemplate":"https:\/\/miumjau.ee\/?s={search_term_string}"},"query-input":{"@type":"PropertyValueSpecification","valueRequired":true,"valueName":"search_term_string"}}],"inLanguage":"fi"},{"@type":"Organization","@id":"https:\/\/miumjau.ee\/#organization","name":"MiuMjau O\u00dc","url":"https:\/\/miumjau.ee\/","logo":{"@type":"ImageObject","inLanguage":"fi","@id":"https:\/\/miumjau.ee\/#\/schema\/logo\/image\/","url":"https:\/\/miumjau.ee\/wp-content\/uploads\/2022\/04\/MiuMjau-logo-kollane.png","contentUrl":"https:\/\/miumjau.ee\/wp-content\/uploads\/2022\/04\/MiuMjau-logo-kollane.png","width":219,"height":100,"caption":"MiuMjau O\u00dc"},"image":{"@id":"https:\/\/miumjau.ee\/#\/schema\/logo\/image\/"},"sameAs":["https:\/\/www.facebook.com\/miumjaupood\/"]}]}},"_links":{"self":[{"href":"https:\/\/miumjau.ee\/fi\/wp-json\/wp\/v2\/product\/48484","targetHints":{"allow":["GET"]}}],"collection":[{"href":"https:\/\/miumjau.ee\/fi\/wp-json\/wp\/v2\/product"}],"about":[{"href":"https:\/\/miumjau.ee\/fi\/wp-json\/wp\/v2\/types\/product"}],"wp:featuredmedia":[{"embeddable":true,"href":"https:\/\/miumjau.ee\/fi\/wp-json\/wp\/v2\/media\/34230"}],"wp:attachment":[{"href":"https:\/\/miumjau.ee\/fi\/wp-json\/wp\/v2\/media?parent=48484"}],"wp:term":[{"taxonomy":"product_brand","embeddable":true,"href":"https:\/\/miumjau.ee\/fi\/wp-json\/wp\/v2\/product_brand?post=48484"},{"taxonomy":"product_cat","embeddable":true,"href":"https:\/\/miumjau.ee\/fi\/wp-json\/wp\/v2\/product_cat?post=48484"},{"taxonomy":"product_tag","embeddable":true,"href":"https:\/\/miumjau.ee\/fi\/wp-json\/wp\/v2\/product_tag?post=48484"}],"curies":[{"name":"wp","href":"https:\/\/api.w.org\/{rel}","templated":true}]}}