{"id":48468,"date":"2025-05-22T00:07:44","date_gmt":"2025-05-21T21:07:44","guid":{"rendered":"https:\/\/miumjau.ee\/toode\/frigera-koiranherkku-naudan-keuhkot-250-g\/"},"modified":"2026-01-07T22:44:41","modified_gmt":"2026-01-07T20:44:41","slug":"frigera-koiranherkku-naudan-keuhkot-250-g","status":"publish","type":"product","link":"https:\/\/miumjau.ee\/fi\/tuote\/frigera-koiranherkku-naudan-keuhkot-250-g\/","title":{"rendered":"Frigera koiranherkku, naudan keuhkot 250 g"},"content":{"rendered":"","protected":false},"excerpt":{"rendered":"<p data-start=\"177\" data-end=\"258\">FRIGERA naudan keuhkot \u2013 l\u00e4hes rasvaton, helposti sulava ja herkullinen herkku!<\/p>\n<p data-start=\"260\" data-end=\"615\">Etsitk\u00f6 v\u00e4h\u00e4rasvaista ja hyvin sulavaa herkkua karvaiselle yst\u00e4v\u00e4llesi? T\u00e4ss\u00e4 se on! Naudan keuhkot on valmistettu hitaasti kuivatuista luonnollisista keuhkoista vapaasti kasvatetuista naudoista, joita kasvatetaan ihmisten ravinnoksi. El\u00e4imi\u00e4 ei ruokittu antibiooteilla, steroideilla tai hormoneilla \u2013 t\u00e4m\u00e4 tekee siit\u00e4 yhden luonnollisimmista herkuista!<\/p>\n<p data-start=\"617\" data-end=\"1010\">Naudan keuhkoilla on huokoinen, puumainen rakenne, jota koirat yksinkertaisesti rakastavat. Se on eritt\u00e4in v\u00e4h\u00e4rasvainen mutta runsas proteiinissa, joten sopii erityisen hyvin herkk\u00e4vatsaisille tai ylipainosta k\u00e4rsiville koirille. Lis\u00e4ksi keuhkot sis\u00e4lt\u00e4v\u00e4t t\u00e4rkeit\u00e4 mineraaleja ja rasvahappoja, kuten omega-3, ja ovat runsaasti vitamiineja sek\u00e4 v\u00e4hint\u00e4\u00e4n kahdeksaa v\u00e4ltt\u00e4m\u00e4t\u00f6nt\u00e4 mineraalia.<\/p>\n<p data-start=\"1012\" data-end=\"1228\">Pehme\u00e4n rakenteensa ja helposti pilkottavan muotonsa ansiosta t\u00e4m\u00e4 herkku sopii my\u00f6s hyvin nuorille, vanhoille tai hampaiden ongelmista k\u00e4rsiville koirille. Hell\u00e4 tuoksu tekee siit\u00e4 t\u00e4ydellisen herkun sis\u00e4tiloihin.<\/p>\n<p data-start=\"1230\" data-end=\"1351\"><strong data-start=\"1230\" data-end=\"1245\">Nettopaino:<\/strong> 250 g<br data-start=\"1251\" data-end=\"1254\" \/><strong data-start=\"1254\" data-end=\"1268\">Koostumus:<\/strong> 100 % naudanliha<br data-start=\"1285\" data-end=\"1288\" \/><strong data-start=\"1288\" data-end=\"1301\">Analyysi:<\/strong> Proteiini 82,56 %, Rasva 9,94 %, Kosteus 3,09 %<\/p>\n<p data-start=\"1353\" data-end=\"1551\"><strong data-start=\"1353\" data-end=\"1371\">Annosteluohje:<\/strong> Tarjoa herkkupalana aterioiden v\u00e4lill\u00e4 tai palkintona osana tasapainoista ruokavaliota. Valvo koiraa sy\u00f6tett\u00e4ess\u00e4 ja varmista aina raikas juomavesi. Ei sovellu ihmisten ruoaksi.<\/p>\n","protected":false},"featured_media":34558,"template":"","meta":[],"product_brand":[],"product_cat":[480],"product_tag":[],"class_list":{"0":"post-48468","1":"product","2":"type-product","3":"status-publish","4":"has-post-thumbnail","6":"product_cat-herkut-koirille","8":"first","9":"instock","10":"taxable","11":"shipping-taxable","12":"purchasable","13":"product-type-simple"},"yoast_head":"<!-- This site is optimized with the Yoast SEO plugin v27.2 - https:\/\/yoast.com\/product\/yoast-seo-wordpress\/ -->\n<title>Frigera koiranherkku, naudan keuhkot 250 g - MiuMjau<\/title>\n<meta name=\"robots\" content=\"index, follow, max-snippet:-1, max-image-preview:large, max-video-preview:-1\" \/>\n<link rel=\"canonical\" href=\"https:\/\/miumjau.ee\/fi\/tuote\/frigera-koiranherkku-naudan-keuhkot-250-g\/\" \/>\n<meta property=\"og:locale\" content=\"fi_FI\" \/>\n<meta property=\"og:type\" content=\"article\" \/>\n<meta property=\"og:title\" content=\"Frigera koiranherkku, naudan keuhkot 250 g - MiuMjau\" \/>\n<meta property=\"og:description\" content=\"FRIGERA naudan keuhkot \u2013 l\u00e4hes rasvaton, helposti sulava ja herkullinen herkku! Etsitk\u00f6 v\u00e4h\u00e4rasvaista ja hyvin sulavaa herkkua karvaiselle yst\u00e4v\u00e4llesi? T\u00e4ss\u00e4 se on! Naudan keuhkot on valmistettu hitaasti kuivatuista luonnollisista keuhkoista vapaasti kasvatetuista naudoista, joita kasvatetaan ihmisten ravinnoksi. El\u00e4imi\u00e4 ei ruokittu antibiooteilla, steroideilla tai hormoneilla \u2013 t\u00e4m\u00e4 tekee siit\u00e4 yhden luonnollisimmista herkuista! Naudan keuhkoilla on huokoinen, puumainen rakenne, jota koirat yksinkertaisesti rakastavat. Se on eritt\u00e4in v\u00e4h\u00e4rasvainen mutta runsas proteiinissa, joten sopii erityisen hyvin herkk\u00e4vatsaisille tai ylipainosta k\u00e4rsiville koirille. Lis\u00e4ksi keuhkot sis\u00e4lt\u00e4v\u00e4t t\u00e4rkeit\u00e4 mineraaleja ja rasvahappoja, kuten omega-3, ja ovat runsaasti vitamiineja sek\u00e4 v\u00e4hint\u00e4\u00e4n kahdeksaa v\u00e4ltt\u00e4m\u00e4t\u00f6nt\u00e4 mineraalia. Pehme\u00e4n rakenteensa ja helposti pilkottavan muotonsa ansiosta t\u00e4m\u00e4 herkku sopii my\u00f6s hyvin nuorille, vanhoille tai hampaiden ongelmista k\u00e4rsiville koirille. Hell\u00e4 tuoksu tekee siit\u00e4 t\u00e4ydellisen herkun sis\u00e4tiloihin. Nettopaino: 250 gKoostumus: 100 % naudanlihaAnalyysi: Proteiini 82,56 %, Rasva 9,94 %, Kosteus 3,09 % Annosteluohje: Tarjoa herkkupalana aterioiden v\u00e4lill\u00e4 tai palkintona osana tasapainoista ruokavaliota. Valvo koiraa sy\u00f6tett\u00e4ess\u00e4 ja varmista aina raikas juomavesi. Ei sovellu ihmisten ruoaksi.\" \/>\n<meta property=\"og:url\" content=\"https:\/\/miumjau.ee\/fi\/tuote\/frigera-koiranherkku-naudan-keuhkot-250-g\/\" \/>\n<meta property=\"og:site_name\" content=\"MiuMjau\" \/>\n<meta property=\"article:publisher\" content=\"https:\/\/www.facebook.com\/miumjaupood\/\" \/>\n<meta property=\"article:modified_time\" content=\"2026-01-07T20:44:41+00:00\" \/>\n<meta property=\"og:image\" content=\"https:\/\/miumjau.ee\/wp-content\/uploads\/2025\/05\/frigera-koerte-maius-veisekops-250g-1-Photoroom.webp\" \/>\n\t<meta property=\"og:image:width\" content=\"600\" \/>\n\t<meta property=\"og:image:height\" content=\"800\" \/>\n\t<meta property=\"og:image:type\" content=\"image\/webp\" \/>\n<meta name=\"twitter:card\" content=\"summary_large_image\" \/>\n<script type=\"application\/ld+json\" class=\"yoast-schema-graph\">{\"@context\":\"https:\/\/schema.org\",\"@graph\":[{\"@type\":\"WebPage\",\"@id\":\"https:\/\/miumjau.ee\/fi\/tuote\/frigera-koiranherkku-naudan-keuhkot-250-g\/\",\"url\":\"https:\/\/miumjau.ee\/fi\/tuote\/frigera-koiranherkku-naudan-keuhkot-250-g\/\",\"name\":\"Frigera koiranherkku, naudan keuhkot 250 g - MiuMjau\",\"isPartOf\":{\"@id\":\"https:\/\/miumjau.ee\/#website\"},\"primaryImageOfPage\":{\"@id\":\"https:\/\/miumjau.ee\/fi\/tuote\/frigera-koiranherkku-naudan-keuhkot-250-g\/#primaryimage\"},\"image\":{\"@id\":\"https:\/\/miumjau.ee\/fi\/tuote\/frigera-koiranherkku-naudan-keuhkot-250-g\/#primaryimage\"},\"thumbnailUrl\":\"https:\/\/miumjau.ee\/wp-content\/uploads\/2025\/05\/frigera-koerte-maius-veisekops-250g-1-Photoroom.webp\",\"datePublished\":\"2025-05-21T21:07:44+00:00\",\"dateModified\":\"2026-01-07T20:44:41+00:00\",\"breadcrumb\":{\"@id\":\"https:\/\/miumjau.ee\/fi\/tuote\/frigera-koiranherkku-naudan-keuhkot-250-g\/#breadcrumb\"},\"inLanguage\":\"fi\",\"potentialAction\":[{\"@type\":\"ReadAction\",\"target\":[\"https:\/\/miumjau.ee\/fi\/tuote\/frigera-koiranherkku-naudan-keuhkot-250-g\/\"]}]},{\"@type\":\"ImageObject\",\"inLanguage\":\"fi\",\"@id\":\"https:\/\/miumjau.ee\/fi\/tuote\/frigera-koiranherkku-naudan-keuhkot-250-g\/#primaryimage\",\"url\":\"https:\/\/miumjau.ee\/wp-content\/uploads\/2025\/05\/frigera-koerte-maius-veisekops-250g-1-Photoroom.webp\",\"contentUrl\":\"https:\/\/miumjau.ee\/wp-content\/uploads\/2025\/05\/frigera-koerte-maius-veisekops-250g-1-Photoroom.webp\",\"width\":600,\"height\":800,\"caption\":\"Frigera veise kops, 250 g\"},{\"@type\":\"BreadcrumbList\",\"@id\":\"https:\/\/miumjau.ee\/fi\/tuote\/frigera-koiranherkku-naudan-keuhkot-250-g\/#breadcrumb\",\"itemListElement\":[{\"@type\":\"ListItem\",\"position\":1,\"name\":\"Home\",\"item\":\"https:\/\/miumjau.ee\/fi\/\"},{\"@type\":\"ListItem\",\"position\":2,\"name\":\"Kauppa\",\"item\":\"https:\/\/miumjau.ee\/fi\/kauppa\/\"},{\"@type\":\"ListItem\",\"position\":3,\"name\":\"Frigera koiranherkku, naudan keuhkot 250 g\"}]},{\"@type\":\"WebSite\",\"@id\":\"https:\/\/miumjau.ee\/#website\",\"url\":\"https:\/\/miumjau.ee\/\",\"name\":\"MiuMjau\",\"description\":\"Kraapimispuud kassidele\",\"publisher\":{\"@id\":\"https:\/\/miumjau.ee\/#organization\"},\"potentialAction\":[{\"@type\":\"SearchAction\",\"target\":{\"@type\":\"EntryPoint\",\"urlTemplate\":\"https:\/\/miumjau.ee\/?s={search_term_string}\"},\"query-input\":{\"@type\":\"PropertyValueSpecification\",\"valueRequired\":true,\"valueName\":\"search_term_string\"}}],\"inLanguage\":\"fi\"},{\"@type\":\"Organization\",\"@id\":\"https:\/\/miumjau.ee\/#organization\",\"name\":\"MiuMjau O\u00dc\",\"url\":\"https:\/\/miumjau.ee\/\",\"logo\":{\"@type\":\"ImageObject\",\"inLanguage\":\"fi\",\"@id\":\"https:\/\/miumjau.ee\/#\/schema\/logo\/image\/\",\"url\":\"https:\/\/miumjau.ee\/wp-content\/uploads\/2022\/04\/MiuMjau-logo-kollane.png\",\"contentUrl\":\"https:\/\/miumjau.ee\/wp-content\/uploads\/2022\/04\/MiuMjau-logo-kollane.png\",\"width\":219,\"height\":100,\"caption\":\"MiuMjau O\u00dc\"},\"image\":{\"@id\":\"https:\/\/miumjau.ee\/#\/schema\/logo\/image\/\"},\"sameAs\":[\"https:\/\/www.facebook.com\/miumjaupood\/\"]}]}<\/script>\n<!-- \/ Yoast SEO plugin. -->","yoast_head_json":{"title":"Frigera koiranherkku, naudan keuhkot 250 g - MiuMjau","robots":{"index":"index","follow":"follow","max-snippet":"max-snippet:-1","max-image-preview":"max-image-preview:large","max-video-preview":"max-video-preview:-1"},"canonical":"https:\/\/miumjau.ee\/fi\/tuote\/frigera-koiranherkku-naudan-keuhkot-250-g\/","og_locale":"fi_FI","og_type":"article","og_title":"Frigera koiranherkku, naudan keuhkot 250 g - MiuMjau","og_description":"FRIGERA naudan keuhkot \u2013 l\u00e4hes rasvaton, helposti sulava ja herkullinen herkku! Etsitk\u00f6 v\u00e4h\u00e4rasvaista ja hyvin sulavaa herkkua karvaiselle yst\u00e4v\u00e4llesi? T\u00e4ss\u00e4 se on! Naudan keuhkot on valmistettu hitaasti kuivatuista luonnollisista keuhkoista vapaasti kasvatetuista naudoista, joita kasvatetaan ihmisten ravinnoksi. El\u00e4imi\u00e4 ei ruokittu antibiooteilla, steroideilla tai hormoneilla \u2013 t\u00e4m\u00e4 tekee siit\u00e4 yhden luonnollisimmista herkuista! Naudan keuhkoilla on huokoinen, puumainen rakenne, jota koirat yksinkertaisesti rakastavat. Se on eritt\u00e4in v\u00e4h\u00e4rasvainen mutta runsas proteiinissa, joten sopii erityisen hyvin herkk\u00e4vatsaisille tai ylipainosta k\u00e4rsiville koirille. Lis\u00e4ksi keuhkot sis\u00e4lt\u00e4v\u00e4t t\u00e4rkeit\u00e4 mineraaleja ja rasvahappoja, kuten omega-3, ja ovat runsaasti vitamiineja sek\u00e4 v\u00e4hint\u00e4\u00e4n kahdeksaa v\u00e4ltt\u00e4m\u00e4t\u00f6nt\u00e4 mineraalia. Pehme\u00e4n rakenteensa ja helposti pilkottavan muotonsa ansiosta t\u00e4m\u00e4 herkku sopii my\u00f6s hyvin nuorille, vanhoille tai hampaiden ongelmista k\u00e4rsiville koirille. Hell\u00e4 tuoksu tekee siit\u00e4 t\u00e4ydellisen herkun sis\u00e4tiloihin. Nettopaino: 250 gKoostumus: 100 % naudanlihaAnalyysi: Proteiini 82,56 %, Rasva 9,94 %, Kosteus 3,09 % Annosteluohje: Tarjoa herkkupalana aterioiden v\u00e4lill\u00e4 tai palkintona osana tasapainoista ruokavaliota. Valvo koiraa sy\u00f6tett\u00e4ess\u00e4 ja varmista aina raikas juomavesi. Ei sovellu ihmisten ruoaksi.","og_url":"https:\/\/miumjau.ee\/fi\/tuote\/frigera-koiranherkku-naudan-keuhkot-250-g\/","og_site_name":"MiuMjau","article_publisher":"https:\/\/www.facebook.com\/miumjaupood\/","article_modified_time":"2026-01-07T20:44:41+00:00","og_image":[{"width":600,"height":800,"url":"https:\/\/miumjau.ee\/wp-content\/uploads\/2025\/05\/frigera-koerte-maius-veisekops-250g-1-Photoroom.webp","type":"image\/webp"}],"twitter_card":"summary_large_image","schema":{"@context":"https:\/\/schema.org","@graph":[{"@type":"WebPage","@id":"https:\/\/miumjau.ee\/fi\/tuote\/frigera-koiranherkku-naudan-keuhkot-250-g\/","url":"https:\/\/miumjau.ee\/fi\/tuote\/frigera-koiranherkku-naudan-keuhkot-250-g\/","name":"Frigera koiranherkku, naudan keuhkot 250 g - MiuMjau","isPartOf":{"@id":"https:\/\/miumjau.ee\/#website"},"primaryImageOfPage":{"@id":"https:\/\/miumjau.ee\/fi\/tuote\/frigera-koiranherkku-naudan-keuhkot-250-g\/#primaryimage"},"image":{"@id":"https:\/\/miumjau.ee\/fi\/tuote\/frigera-koiranherkku-naudan-keuhkot-250-g\/#primaryimage"},"thumbnailUrl":"https:\/\/miumjau.ee\/wp-content\/uploads\/2025\/05\/frigera-koerte-maius-veisekops-250g-1-Photoroom.webp","datePublished":"2025-05-21T21:07:44+00:00","dateModified":"2026-01-07T20:44:41+00:00","breadcrumb":{"@id":"https:\/\/miumjau.ee\/fi\/tuote\/frigera-koiranherkku-naudan-keuhkot-250-g\/#breadcrumb"},"inLanguage":"fi","potentialAction":[{"@type":"ReadAction","target":["https:\/\/miumjau.ee\/fi\/tuote\/frigera-koiranherkku-naudan-keuhkot-250-g\/"]}]},{"@type":"ImageObject","inLanguage":"fi","@id":"https:\/\/miumjau.ee\/fi\/tuote\/frigera-koiranherkku-naudan-keuhkot-250-g\/#primaryimage","url":"https:\/\/miumjau.ee\/wp-content\/uploads\/2025\/05\/frigera-koerte-maius-veisekops-250g-1-Photoroom.webp","contentUrl":"https:\/\/miumjau.ee\/wp-content\/uploads\/2025\/05\/frigera-koerte-maius-veisekops-250g-1-Photoroom.webp","width":600,"height":800,"caption":"Frigera veise kops, 250 g"},{"@type":"BreadcrumbList","@id":"https:\/\/miumjau.ee\/fi\/tuote\/frigera-koiranherkku-naudan-keuhkot-250-g\/#breadcrumb","itemListElement":[{"@type":"ListItem","position":1,"name":"Home","item":"https:\/\/miumjau.ee\/fi\/"},{"@type":"ListItem","position":2,"name":"Kauppa","item":"https:\/\/miumjau.ee\/fi\/kauppa\/"},{"@type":"ListItem","position":3,"name":"Frigera koiranherkku, naudan keuhkot 250 g"}]},{"@type":"WebSite","@id":"https:\/\/miumjau.ee\/#website","url":"https:\/\/miumjau.ee\/","name":"MiuMjau","description":"Kraapimispuud kassidele","publisher":{"@id":"https:\/\/miumjau.ee\/#organization"},"potentialAction":[{"@type":"SearchAction","target":{"@type":"EntryPoint","urlTemplate":"https:\/\/miumjau.ee\/?s={search_term_string}"},"query-input":{"@type":"PropertyValueSpecification","valueRequired":true,"valueName":"search_term_string"}}],"inLanguage":"fi"},{"@type":"Organization","@id":"https:\/\/miumjau.ee\/#organization","name":"MiuMjau O\u00dc","url":"https:\/\/miumjau.ee\/","logo":{"@type":"ImageObject","inLanguage":"fi","@id":"https:\/\/miumjau.ee\/#\/schema\/logo\/image\/","url":"https:\/\/miumjau.ee\/wp-content\/uploads\/2022\/04\/MiuMjau-logo-kollane.png","contentUrl":"https:\/\/miumjau.ee\/wp-content\/uploads\/2022\/04\/MiuMjau-logo-kollane.png","width":219,"height":100,"caption":"MiuMjau O\u00dc"},"image":{"@id":"https:\/\/miumjau.ee\/#\/schema\/logo\/image\/"},"sameAs":["https:\/\/www.facebook.com\/miumjaupood\/"]}]}},"_links":{"self":[{"href":"https:\/\/miumjau.ee\/fi\/wp-json\/wp\/v2\/product\/48468","targetHints":{"allow":["GET"]}}],"collection":[{"href":"https:\/\/miumjau.ee\/fi\/wp-json\/wp\/v2\/product"}],"about":[{"href":"https:\/\/miumjau.ee\/fi\/wp-json\/wp\/v2\/types\/product"}],"wp:featuredmedia":[{"embeddable":true,"href":"https:\/\/miumjau.ee\/fi\/wp-json\/wp\/v2\/media\/34558"}],"wp:attachment":[{"href":"https:\/\/miumjau.ee\/fi\/wp-json\/wp\/v2\/media?parent=48468"}],"wp:term":[{"taxonomy":"product_brand","embeddable":true,"href":"https:\/\/miumjau.ee\/fi\/wp-json\/wp\/v2\/product_brand?post=48468"},{"taxonomy":"product_cat","embeddable":true,"href":"https:\/\/miumjau.ee\/fi\/wp-json\/wp\/v2\/product_cat?post=48468"},{"taxonomy":"product_tag","embeddable":true,"href":"https:\/\/miumjau.ee\/fi\/wp-json\/wp\/v2\/product_tag?post=48468"}],"curies":[{"name":"wp","href":"https:\/\/api.w.org\/{rel}","templated":true}]}}