{"id":48464,"date":"2025-05-22T00:25:59","date_gmt":"2025-05-21T21:25:59","guid":{"rendered":"https:\/\/miumjau.ee\/toode\/frigera-naudan-kaulajanteet-250-g\/"},"modified":"2026-01-07T22:44:41","modified_gmt":"2026-01-07T20:44:41","slug":"frigera-naudan-kaulajanteet-250-g","status":"publish","type":"product","link":"https:\/\/miumjau.ee\/fi\/tuote\/frigera-naudan-kaulajanteet-250-g\/","title":{"rendered":"Frigera naudan kaulaj\u00e4nteet, 250 g"},"content":{"rendered":"","protected":false},"excerpt":{"rendered":"<p data-start=\"209\" data-end=\"316\">FRIGERA naudan kaulaj\u00e4nteet \u2013 todellinen piilotettu helmi ja ihanteellinen herkku voimakkaalle purijalle!<\/p>\n<p data-start=\"318\" data-end=\"592\">Luonnollisesta raaka-aineesta valmistettu herkku, joka on tehty huolellisesti kuivatuista kaulaj\u00e4nteist\u00e4 vapaasti kasvatetuista naudoista, joita kasvatetaan ihmisten ravinnoksi. El\u00e4imi\u00e4 ei ruokittu antibiooteilla, steroideilla tai hormoneilla \u2013 t\u00e4ysin luonnollinen herkku!<\/p>\n<p data-start=\"594\" data-end=\"879\">Alhainen rasvapitoisuus ja hajuttomuus tekev\u00e4t t\u00e4st\u00e4 herkusta erinomaisen ylipainosta k\u00e4rsiville koirille tai sis\u00e4tiloihin annettavaksi esimerkiksi kaupunkialueella. Kova ja uurteinen rakenne muuttuu pureskellessa joustavaksi, auttaa v\u00e4hent\u00e4m\u00e4\u00e4n hammaskive\u00e4 ja tukee purentalihaksia.<\/p>\n<p data-start=\"881\" data-end=\"1043\">Sopivan kokonsa ansiosta kaulaj\u00e4nteet sopivat pienille ja keskikokoisille koirille. Tehokas, terveellinen ja pitk\u00e4kestoinen puruilo pit\u00e4\u00e4 koirasi viihdytettyn\u00e4!<\/p>\n<p data-start=\"1045\" data-end=\"1166\"><strong data-start=\"1045\" data-end=\"1060\">Nettopaino:<\/strong> 250 g<br data-start=\"1066\" data-end=\"1069\" \/><strong data-start=\"1069\" data-end=\"1083\">Koostumus:<\/strong> 100 % naudanliha<br data-start=\"1100\" data-end=\"1103\" \/><strong data-start=\"1103\" data-end=\"1116\">Analyysi:<\/strong> Proteiini 90,51 %, Rasva 5,23 %, Kosteus 7,47 %<\/p>\n<p data-start=\"1168\" data-end=\"1366\"><strong data-start=\"1168\" data-end=\"1186\">Annosteluohje:<\/strong> Tarjoa herkkupalana aterioiden v\u00e4lill\u00e4 tai palkintona osana tasapainoista ruokavaliota. Valvo koiraa sy\u00f6tett\u00e4ess\u00e4 ja varmista aina raikas juomavesi. Ei sovellu ihmisten ruoaksi.<\/p>\n","protected":false},"featured_media":40873,"template":"","meta":[],"product_brand":[],"product_cat":[480,139],"product_tag":[],"class_list":{"0":"post-48464","1":"product","2":"type-product","3":"status-publish","4":"has-post-thumbnail","6":"product_cat-herkut-koirille","7":"product_cat-kaup24-fi","9":"first","10":"instock","11":"taxable","12":"shipping-taxable","13":"purchasable","14":"product-type-simple"},"yoast_head":"<!-- This site is optimized with the Yoast SEO plugin v27.4 - https:\/\/yoast.com\/product\/yoast-seo-wordpress\/ -->\n<title>Frigera naudan kaulaj\u00e4nteet, 250 g - MiuMjau<\/title>\n<meta name=\"robots\" content=\"index, follow, max-snippet:-1, max-image-preview:large, max-video-preview:-1\" \/>\n<link rel=\"canonical\" href=\"https:\/\/miumjau.ee\/fi\/tuote\/frigera-naudan-kaulajanteet-250-g\/\" \/>\n<meta property=\"og:locale\" content=\"fi_FI\" \/>\n<meta property=\"og:type\" content=\"article\" \/>\n<meta property=\"og:title\" content=\"Frigera naudan kaulaj\u00e4nteet, 250 g - MiuMjau\" \/>\n<meta property=\"og:description\" content=\"FRIGERA naudan kaulaj\u00e4nteet \u2013 todellinen piilotettu helmi ja ihanteellinen herkku voimakkaalle purijalle! Luonnollisesta raaka-aineesta valmistettu herkku, joka on tehty huolellisesti kuivatuista kaulaj\u00e4nteist\u00e4 vapaasti kasvatetuista naudoista, joita kasvatetaan ihmisten ravinnoksi. El\u00e4imi\u00e4 ei ruokittu antibiooteilla, steroideilla tai hormoneilla \u2013 t\u00e4ysin luonnollinen herkku! Alhainen rasvapitoisuus ja hajuttomuus tekev\u00e4t t\u00e4st\u00e4 herkusta erinomaisen ylipainosta k\u00e4rsiville koirille tai sis\u00e4tiloihin annettavaksi esimerkiksi kaupunkialueella. Kova ja uurteinen rakenne muuttuu pureskellessa joustavaksi, auttaa v\u00e4hent\u00e4m\u00e4\u00e4n hammaskive\u00e4 ja tukee purentalihaksia. Sopivan kokonsa ansiosta kaulaj\u00e4nteet sopivat pienille ja keskikokoisille koirille. Tehokas, terveellinen ja pitk\u00e4kestoinen puruilo pit\u00e4\u00e4 koirasi viihdytettyn\u00e4! Nettopaino: 250 gKoostumus: 100 % naudanlihaAnalyysi: Proteiini 90,51 %, Rasva 5,23 %, Kosteus 7,47 % Annosteluohje: Tarjoa herkkupalana aterioiden v\u00e4lill\u00e4 tai palkintona osana tasapainoista ruokavaliota. Valvo koiraa sy\u00f6tett\u00e4ess\u00e4 ja varmista aina raikas juomavesi. Ei sovellu ihmisten ruoaksi.\" \/>\n<meta property=\"og:url\" content=\"https:\/\/miumjau.ee\/fi\/tuote\/frigera-naudan-kaulajanteet-250-g\/\" \/>\n<meta property=\"og:site_name\" content=\"MiuMjau\" \/>\n<meta property=\"article:publisher\" content=\"https:\/\/www.facebook.com\/miumjaupood\/\" \/>\n<meta property=\"article:modified_time\" content=\"2026-01-07T20:44:41+00:00\" \/>\n<meta property=\"og:image\" content=\"https:\/\/miumjau.ee\/wp-content\/uploads\/2025\/05\/frigera-koerte-maius-veisekaelakoogilused-250g-1-Photoroom.jpg\" \/>\n\t<meta property=\"og:image:width\" content=\"600\" \/>\n\t<meta property=\"og:image:height\" content=\"800\" \/>\n\t<meta property=\"og:image:type\" content=\"image\/jpeg\" \/>\n<meta name=\"twitter:card\" content=\"summary_large_image\" \/>\n<script type=\"application\/ld+json\" class=\"yoast-schema-graph\">{\"@context\":\"https:\\\/\\\/schema.org\",\"@graph\":[{\"@type\":\"WebPage\",\"@id\":\"https:\\\/\\\/miumjau.ee\\\/fi\\\/tuote\\\/frigera-naudan-kaulajanteet-250-g\\\/\",\"url\":\"https:\\\/\\\/miumjau.ee\\\/fi\\\/tuote\\\/frigera-naudan-kaulajanteet-250-g\\\/\",\"name\":\"Frigera naudan kaulaj\u00e4nteet, 250 g - MiuMjau\",\"isPartOf\":{\"@id\":\"https:\\\/\\\/miumjau.ee\\\/#website\"},\"primaryImageOfPage\":{\"@id\":\"https:\\\/\\\/miumjau.ee\\\/fi\\\/tuote\\\/frigera-naudan-kaulajanteet-250-g\\\/#primaryimage\"},\"image\":{\"@id\":\"https:\\\/\\\/miumjau.ee\\\/fi\\\/tuote\\\/frigera-naudan-kaulajanteet-250-g\\\/#primaryimage\"},\"thumbnailUrl\":\"https:\\\/\\\/miumjau.ee\\\/wp-content\\\/uploads\\\/2025\\\/05\\\/frigera-koerte-maius-veisekaelakoogilused-250g-1-Photoroom.jpg\",\"datePublished\":\"2025-05-21T21:25:59+00:00\",\"dateModified\":\"2026-01-07T20:44:41+00:00\",\"breadcrumb\":{\"@id\":\"https:\\\/\\\/miumjau.ee\\\/fi\\\/tuote\\\/frigera-naudan-kaulajanteet-250-g\\\/#breadcrumb\"},\"inLanguage\":\"fi\",\"potentialAction\":[{\"@type\":\"ReadAction\",\"target\":[\"https:\\\/\\\/miumjau.ee\\\/fi\\\/tuote\\\/frigera-naudan-kaulajanteet-250-g\\\/\"]}]},{\"@type\":\"ImageObject\",\"inLanguage\":\"fi\",\"@id\":\"https:\\\/\\\/miumjau.ee\\\/fi\\\/tuote\\\/frigera-naudan-kaulajanteet-250-g\\\/#primaryimage\",\"url\":\"https:\\\/\\\/miumjau.ee\\\/wp-content\\\/uploads\\\/2025\\\/05\\\/frigera-koerte-maius-veisekaelakoogilused-250g-1-Photoroom.jpg\",\"contentUrl\":\"https:\\\/\\\/miumjau.ee\\\/wp-content\\\/uploads\\\/2025\\\/05\\\/frigera-koerte-maius-veisekaelakoogilused-250g-1-Photoroom.jpg\",\"width\":600,\"height\":800,\"caption\":\"Frigera veise kaelak\u00f5\u00f5lused, 250 g\"},{\"@type\":\"BreadcrumbList\",\"@id\":\"https:\\\/\\\/miumjau.ee\\\/fi\\\/tuote\\\/frigera-naudan-kaulajanteet-250-g\\\/#breadcrumb\",\"itemListElement\":[{\"@type\":\"ListItem\",\"position\":1,\"name\":\"Home\",\"item\":\"https:\\\/\\\/miumjau.ee\\\/fi\\\/\"},{\"@type\":\"ListItem\",\"position\":2,\"name\":\"Kauppa\",\"item\":\"https:\\\/\\\/miumjau.ee\\\/fi\\\/kauppa\\\/\"},{\"@type\":\"ListItem\",\"position\":3,\"name\":\"Frigera naudan kaulaj\u00e4nteet, 250 g\"}]},{\"@type\":\"WebSite\",\"@id\":\"https:\\\/\\\/miumjau.ee\\\/#website\",\"url\":\"https:\\\/\\\/miumjau.ee\\\/\",\"name\":\"MiuMjau\",\"description\":\"Kraapimispuud kassidele\",\"publisher\":{\"@id\":\"https:\\\/\\\/miumjau.ee\\\/#organization\"},\"potentialAction\":[{\"@type\":\"SearchAction\",\"target\":{\"@type\":\"EntryPoint\",\"urlTemplate\":\"https:\\\/\\\/miumjau.ee\\\/?s={search_term_string}\"},\"query-input\":{\"@type\":\"PropertyValueSpecification\",\"valueRequired\":true,\"valueName\":\"search_term_string\"}}],\"inLanguage\":\"fi\"},{\"@type\":\"Organization\",\"@id\":\"https:\\\/\\\/miumjau.ee\\\/#organization\",\"name\":\"MiuMjau O\u00dc\",\"url\":\"https:\\\/\\\/miumjau.ee\\\/\",\"logo\":{\"@type\":\"ImageObject\",\"inLanguage\":\"fi\",\"@id\":\"https:\\\/\\\/miumjau.ee\\\/#\\\/schema\\\/logo\\\/image\\\/\",\"url\":\"https:\\\/\\\/miumjau.ee\\\/wp-content\\\/uploads\\\/2022\\\/04\\\/MiuMjau-logo-kollane.png\",\"contentUrl\":\"https:\\\/\\\/miumjau.ee\\\/wp-content\\\/uploads\\\/2022\\\/04\\\/MiuMjau-logo-kollane.png\",\"width\":219,\"height\":100,\"caption\":\"MiuMjau O\u00dc\"},\"image\":{\"@id\":\"https:\\\/\\\/miumjau.ee\\\/#\\\/schema\\\/logo\\\/image\\\/\"},\"sameAs\":[\"https:\\\/\\\/www.facebook.com\\\/miumjaupood\\\/\"]}]}<\/script>\n<!-- \/ Yoast SEO plugin. -->","yoast_head_json":{"title":"Frigera naudan kaulaj\u00e4nteet, 250 g - MiuMjau","robots":{"index":"index","follow":"follow","max-snippet":"max-snippet:-1","max-image-preview":"max-image-preview:large","max-video-preview":"max-video-preview:-1"},"canonical":"https:\/\/miumjau.ee\/fi\/tuote\/frigera-naudan-kaulajanteet-250-g\/","og_locale":"fi_FI","og_type":"article","og_title":"Frigera naudan kaulaj\u00e4nteet, 250 g - MiuMjau","og_description":"FRIGERA naudan kaulaj\u00e4nteet \u2013 todellinen piilotettu helmi ja ihanteellinen herkku voimakkaalle purijalle! Luonnollisesta raaka-aineesta valmistettu herkku, joka on tehty huolellisesti kuivatuista kaulaj\u00e4nteist\u00e4 vapaasti kasvatetuista naudoista, joita kasvatetaan ihmisten ravinnoksi. El\u00e4imi\u00e4 ei ruokittu antibiooteilla, steroideilla tai hormoneilla \u2013 t\u00e4ysin luonnollinen herkku! Alhainen rasvapitoisuus ja hajuttomuus tekev\u00e4t t\u00e4st\u00e4 herkusta erinomaisen ylipainosta k\u00e4rsiville koirille tai sis\u00e4tiloihin annettavaksi esimerkiksi kaupunkialueella. Kova ja uurteinen rakenne muuttuu pureskellessa joustavaksi, auttaa v\u00e4hent\u00e4m\u00e4\u00e4n hammaskive\u00e4 ja tukee purentalihaksia. Sopivan kokonsa ansiosta kaulaj\u00e4nteet sopivat pienille ja keskikokoisille koirille. Tehokas, terveellinen ja pitk\u00e4kestoinen puruilo pit\u00e4\u00e4 koirasi viihdytettyn\u00e4! Nettopaino: 250 gKoostumus: 100 % naudanlihaAnalyysi: Proteiini 90,51 %, Rasva 5,23 %, Kosteus 7,47 % Annosteluohje: Tarjoa herkkupalana aterioiden v\u00e4lill\u00e4 tai palkintona osana tasapainoista ruokavaliota. Valvo koiraa sy\u00f6tett\u00e4ess\u00e4 ja varmista aina raikas juomavesi. Ei sovellu ihmisten ruoaksi.","og_url":"https:\/\/miumjau.ee\/fi\/tuote\/frigera-naudan-kaulajanteet-250-g\/","og_site_name":"MiuMjau","article_publisher":"https:\/\/www.facebook.com\/miumjaupood\/","article_modified_time":"2026-01-07T20:44:41+00:00","og_image":[{"width":600,"height":800,"url":"https:\/\/miumjau.ee\/wp-content\/uploads\/2025\/05\/frigera-koerte-maius-veisekaelakoogilused-250g-1-Photoroom.jpg","type":"image\/jpeg"}],"twitter_card":"summary_large_image","schema":{"@context":"https:\/\/schema.org","@graph":[{"@type":"WebPage","@id":"https:\/\/miumjau.ee\/fi\/tuote\/frigera-naudan-kaulajanteet-250-g\/","url":"https:\/\/miumjau.ee\/fi\/tuote\/frigera-naudan-kaulajanteet-250-g\/","name":"Frigera naudan kaulaj\u00e4nteet, 250 g - MiuMjau","isPartOf":{"@id":"https:\/\/miumjau.ee\/#website"},"primaryImageOfPage":{"@id":"https:\/\/miumjau.ee\/fi\/tuote\/frigera-naudan-kaulajanteet-250-g\/#primaryimage"},"image":{"@id":"https:\/\/miumjau.ee\/fi\/tuote\/frigera-naudan-kaulajanteet-250-g\/#primaryimage"},"thumbnailUrl":"https:\/\/miumjau.ee\/wp-content\/uploads\/2025\/05\/frigera-koerte-maius-veisekaelakoogilused-250g-1-Photoroom.jpg","datePublished":"2025-05-21T21:25:59+00:00","dateModified":"2026-01-07T20:44:41+00:00","breadcrumb":{"@id":"https:\/\/miumjau.ee\/fi\/tuote\/frigera-naudan-kaulajanteet-250-g\/#breadcrumb"},"inLanguage":"fi","potentialAction":[{"@type":"ReadAction","target":["https:\/\/miumjau.ee\/fi\/tuote\/frigera-naudan-kaulajanteet-250-g\/"]}]},{"@type":"ImageObject","inLanguage":"fi","@id":"https:\/\/miumjau.ee\/fi\/tuote\/frigera-naudan-kaulajanteet-250-g\/#primaryimage","url":"https:\/\/miumjau.ee\/wp-content\/uploads\/2025\/05\/frigera-koerte-maius-veisekaelakoogilused-250g-1-Photoroom.jpg","contentUrl":"https:\/\/miumjau.ee\/wp-content\/uploads\/2025\/05\/frigera-koerte-maius-veisekaelakoogilused-250g-1-Photoroom.jpg","width":600,"height":800,"caption":"Frigera veise kaelak\u00f5\u00f5lused, 250 g"},{"@type":"BreadcrumbList","@id":"https:\/\/miumjau.ee\/fi\/tuote\/frigera-naudan-kaulajanteet-250-g\/#breadcrumb","itemListElement":[{"@type":"ListItem","position":1,"name":"Home","item":"https:\/\/miumjau.ee\/fi\/"},{"@type":"ListItem","position":2,"name":"Kauppa","item":"https:\/\/miumjau.ee\/fi\/kauppa\/"},{"@type":"ListItem","position":3,"name":"Frigera naudan kaulaj\u00e4nteet, 250 g"}]},{"@type":"WebSite","@id":"https:\/\/miumjau.ee\/#website","url":"https:\/\/miumjau.ee\/","name":"MiuMjau","description":"Kraapimispuud kassidele","publisher":{"@id":"https:\/\/miumjau.ee\/#organization"},"potentialAction":[{"@type":"SearchAction","target":{"@type":"EntryPoint","urlTemplate":"https:\/\/miumjau.ee\/?s={search_term_string}"},"query-input":{"@type":"PropertyValueSpecification","valueRequired":true,"valueName":"search_term_string"}}],"inLanguage":"fi"},{"@type":"Organization","@id":"https:\/\/miumjau.ee\/#organization","name":"MiuMjau O\u00dc","url":"https:\/\/miumjau.ee\/","logo":{"@type":"ImageObject","inLanguage":"fi","@id":"https:\/\/miumjau.ee\/#\/schema\/logo\/image\/","url":"https:\/\/miumjau.ee\/wp-content\/uploads\/2022\/04\/MiuMjau-logo-kollane.png","contentUrl":"https:\/\/miumjau.ee\/wp-content\/uploads\/2022\/04\/MiuMjau-logo-kollane.png","width":219,"height":100,"caption":"MiuMjau O\u00dc"},"image":{"@id":"https:\/\/miumjau.ee\/#\/schema\/logo\/image\/"},"sameAs":["https:\/\/www.facebook.com\/miumjaupood\/"]}]}},"_links":{"self":[{"href":"https:\/\/miumjau.ee\/fi\/wp-json\/wp\/v2\/product\/48464","targetHints":{"allow":["GET"]}}],"collection":[{"href":"https:\/\/miumjau.ee\/fi\/wp-json\/wp\/v2\/product"}],"about":[{"href":"https:\/\/miumjau.ee\/fi\/wp-json\/wp\/v2\/types\/product"}],"wp:featuredmedia":[{"embeddable":true,"href":"https:\/\/miumjau.ee\/fi\/wp-json\/wp\/v2\/media\/40873"}],"wp:attachment":[{"href":"https:\/\/miumjau.ee\/fi\/wp-json\/wp\/v2\/media?parent=48464"}],"wp:term":[{"taxonomy":"product_brand","embeddable":true,"href":"https:\/\/miumjau.ee\/fi\/wp-json\/wp\/v2\/product_brand?post=48464"},{"taxonomy":"product_cat","embeddable":true,"href":"https:\/\/miumjau.ee\/fi\/wp-json\/wp\/v2\/product_cat?post=48464"},{"taxonomy":"product_tag","embeddable":true,"href":"https:\/\/miumjau.ee\/fi\/wp-json\/wp\/v2\/product_tag?post=48464"}],"curies":[{"name":"wp","href":"https:\/\/api.w.org\/{rel}","templated":true}]}}