{"id":48458,"date":"2025-05-22T00:57:56","date_gmt":"2025-05-21T21:57:56","guid":{"rendered":"https:\/\/miumjau.ee\/toode\/frigera-koiranherkku-naudan-mahalaukku-250-g\/"},"modified":"2026-01-07T22:44:41","modified_gmt":"2026-01-07T20:44:41","slug":"frigera-koiranherkku-naudan-mahalaukku-250-g","status":"publish","type":"product","link":"https:\/\/miumjau.ee\/fi\/tuote\/frigera-koiranherkku-naudan-mahalaukku-250-g\/","title":{"rendered":"Frigera koiranherkku, naudan mahalaukku 250 g"},"content":{"rendered":"","protected":false},"excerpt":{"rendered":"<p data-start=\"180\" data-end=\"257\">FRIGERA naudan mahalaukku \u2013 luonnollinen ja houkutteleva herkku koirallesi!<\/p>\n<p data-start=\"259\" data-end=\"516\">Herkku on hitaasti kuivattu, rapea ja mehil\u00e4ism\u00e4isen tekstuurinen. Raaka-aine tulee vapaasti kasvatetuista naudoista, jotka on kasvatettu ihmisten ravinnoksi. El\u00e4imi\u00e4 kasvatetaan ilman antibiootteja, steroideja tai hormoneja \u2013 luonnollisempaa ei voi olla!<\/p>\n<p data-start=\"518\" data-end=\"753\">T\u00e4m\u00e4 herkku on v\u00e4h\u00e4rasvainen, mutta runsas proteiinissa ja sis\u00e4lt\u00e4\u00e4 paljon B12-vitamiinia. Lis\u00e4ksi siihen ei ole lis\u00e4tty keinotekoisia v\u00e4riaineita tai s\u00e4il\u00f6nt\u00e4aineita. Korkea kollageenipitoisuus tukee karvapeitteen ja ihon terveytt\u00e4.<\/p>\n<p data-start=\"755\" data-end=\"1127\">Tiesitk\u00f6, ett\u00e4 mahalaukku ei ole vain yksi tunnetuimmista ja rakastetuimmista koiran purutuotteista, vaan joissain maissa my\u00f6s todellinen herkku ihmisille? Intensiivisen tuoksunsa ja ravintorikkauden ansiosta t\u00e4m\u00e4 herkku on erityisen mieluisa my\u00f6s nirsoille koirille. Se tukee my\u00f6s ruoansulatusj\u00e4rjestelm\u00e4n mikroflooraa ja vaikuttaa my\u00f6nteisesti koiran mielenterveyteen.<\/p>\n<p data-start=\"1129\" data-end=\"1246\"><strong data-start=\"1129\" data-end=\"1144\">Nettopaino:<\/strong> 250 g<br data-start=\"1150\" data-end=\"1153\" \/><strong data-start=\"1153\" data-end=\"1167\">Koostumus:<\/strong> 100 % nauta<br data-start=\"1179\" data-end=\"1182\" \/><strong data-start=\"1182\" data-end=\"1195\">Analyysi:<\/strong> Proteiini 57,41 %, Rasva 18,32 %, Kosteus 5,58 %<\/p>\n<p data-start=\"1248\" data-end=\"1446\"><strong data-start=\"1248\" data-end=\"1266\">Annosteluohje:<\/strong> Tarjoa herkkupalana aterioiden v\u00e4lill\u00e4 tai palkintona osana tasapainoista ruokavaliota. Valvo koiraa sy\u00f6tett\u00e4ess\u00e4 ja varmista aina raikas juomavesi. Ei sovellu ihmisten ruoaksi.<\/p>\n","protected":false},"featured_media":34626,"template":"","meta":[],"product_brand":[],"product_cat":[480],"product_tag":[],"class_list":{"0":"post-48458","1":"product","2":"type-product","3":"status-publish","4":"has-post-thumbnail","6":"product_cat-herkut-koirille","8":"first","9":"instock","10":"taxable","11":"shipping-taxable","12":"purchasable","13":"product-type-simple"},"yoast_head":"<!-- This site is optimized with the Yoast SEO plugin v27.2 - https:\/\/yoast.com\/product\/yoast-seo-wordpress\/ -->\n<title>Frigera koiranherkku, naudan mahalaukku 250 g - MiuMjau<\/title>\n<meta name=\"robots\" content=\"index, follow, max-snippet:-1, max-image-preview:large, max-video-preview:-1\" \/>\n<link rel=\"canonical\" href=\"https:\/\/miumjau.ee\/fi\/tuote\/frigera-koiranherkku-naudan-mahalaukku-250-g\/\" \/>\n<meta property=\"og:locale\" content=\"fi_FI\" \/>\n<meta property=\"og:type\" content=\"article\" \/>\n<meta property=\"og:title\" content=\"Frigera koiranherkku, naudan mahalaukku 250 g - MiuMjau\" \/>\n<meta property=\"og:description\" content=\"FRIGERA naudan mahalaukku \u2013 luonnollinen ja houkutteleva herkku koirallesi! Herkku on hitaasti kuivattu, rapea ja mehil\u00e4ism\u00e4isen tekstuurinen. Raaka-aine tulee vapaasti kasvatetuista naudoista, jotka on kasvatettu ihmisten ravinnoksi. El\u00e4imi\u00e4 kasvatetaan ilman antibiootteja, steroideja tai hormoneja \u2013 luonnollisempaa ei voi olla! T\u00e4m\u00e4 herkku on v\u00e4h\u00e4rasvainen, mutta runsas proteiinissa ja sis\u00e4lt\u00e4\u00e4 paljon B12-vitamiinia. Lis\u00e4ksi siihen ei ole lis\u00e4tty keinotekoisia v\u00e4riaineita tai s\u00e4il\u00f6nt\u00e4aineita. Korkea kollageenipitoisuus tukee karvapeitteen ja ihon terveytt\u00e4. Tiesitk\u00f6, ett\u00e4 mahalaukku ei ole vain yksi tunnetuimmista ja rakastetuimmista koiran purutuotteista, vaan joissain maissa my\u00f6s todellinen herkku ihmisille? Intensiivisen tuoksunsa ja ravintorikkauden ansiosta t\u00e4m\u00e4 herkku on erityisen mieluisa my\u00f6s nirsoille koirille. Se tukee my\u00f6s ruoansulatusj\u00e4rjestelm\u00e4n mikroflooraa ja vaikuttaa my\u00f6nteisesti koiran mielenterveyteen. Nettopaino: 250 gKoostumus: 100 % nautaAnalyysi: Proteiini 57,41 %, Rasva 18,32 %, Kosteus 5,58 % Annosteluohje: Tarjoa herkkupalana aterioiden v\u00e4lill\u00e4 tai palkintona osana tasapainoista ruokavaliota. Valvo koiraa sy\u00f6tett\u00e4ess\u00e4 ja varmista aina raikas juomavesi. Ei sovellu ihmisten ruoaksi.\" \/>\n<meta property=\"og:url\" content=\"https:\/\/miumjau.ee\/fi\/tuote\/frigera-koiranherkku-naudan-mahalaukku-250-g\/\" \/>\n<meta property=\"og:site_name\" content=\"MiuMjau\" \/>\n<meta property=\"article:publisher\" content=\"https:\/\/www.facebook.com\/miumjaupood\/\" \/>\n<meta property=\"article:modified_time\" content=\"2026-01-07T20:44:41+00:00\" \/>\n<meta property=\"og:image\" content=\"https:\/\/miumjau.ee\/wp-content\/uploads\/2025\/05\/frigera-koerte-maius-veise-sisus-250g-1-Photoroom.webp\" \/>\n\t<meta property=\"og:image:width\" content=\"600\" \/>\n\t<meta property=\"og:image:height\" content=\"800\" \/>\n\t<meta property=\"og:image:type\" content=\"image\/webp\" \/>\n<meta name=\"twitter:card\" content=\"summary_large_image\" \/>\n<script type=\"application\/ld+json\" class=\"yoast-schema-graph\">{\"@context\":\"https:\/\/schema.org\",\"@graph\":[{\"@type\":\"WebPage\",\"@id\":\"https:\/\/miumjau.ee\/fi\/tuote\/frigera-koiranherkku-naudan-mahalaukku-250-g\/\",\"url\":\"https:\/\/miumjau.ee\/fi\/tuote\/frigera-koiranherkku-naudan-mahalaukku-250-g\/\",\"name\":\"Frigera koiranherkku, naudan mahalaukku 250 g - MiuMjau\",\"isPartOf\":{\"@id\":\"https:\/\/miumjau.ee\/#website\"},\"primaryImageOfPage\":{\"@id\":\"https:\/\/miumjau.ee\/fi\/tuote\/frigera-koiranherkku-naudan-mahalaukku-250-g\/#primaryimage\"},\"image\":{\"@id\":\"https:\/\/miumjau.ee\/fi\/tuote\/frigera-koiranherkku-naudan-mahalaukku-250-g\/#primaryimage\"},\"thumbnailUrl\":\"https:\/\/miumjau.ee\/wp-content\/uploads\/2025\/05\/frigera-koerte-maius-veise-sisus-250g-1-Photoroom.webp\",\"datePublished\":\"2025-05-21T21:57:56+00:00\",\"dateModified\":\"2026-01-07T20:44:41+00:00\",\"breadcrumb\":{\"@id\":\"https:\/\/miumjau.ee\/fi\/tuote\/frigera-koiranherkku-naudan-mahalaukku-250-g\/#breadcrumb\"},\"inLanguage\":\"fi\",\"potentialAction\":[{\"@type\":\"ReadAction\",\"target\":[\"https:\/\/miumjau.ee\/fi\/tuote\/frigera-koiranherkku-naudan-mahalaukku-250-g\/\"]}]},{\"@type\":\"ImageObject\",\"inLanguage\":\"fi\",\"@id\":\"https:\/\/miumjau.ee\/fi\/tuote\/frigera-koiranherkku-naudan-mahalaukku-250-g\/#primaryimage\",\"url\":\"https:\/\/miumjau.ee\/wp-content\/uploads\/2025\/05\/frigera-koerte-maius-veise-sisus-250g-1-Photoroom.webp\",\"contentUrl\":\"https:\/\/miumjau.ee\/wp-content\/uploads\/2025\/05\/frigera-koerte-maius-veise-sisus-250g-1-Photoroom.webp\",\"width\":600,\"height\":800,\"caption\":\"Frigera veise sisus, 250 g\"},{\"@type\":\"BreadcrumbList\",\"@id\":\"https:\/\/miumjau.ee\/fi\/tuote\/frigera-koiranherkku-naudan-mahalaukku-250-g\/#breadcrumb\",\"itemListElement\":[{\"@type\":\"ListItem\",\"position\":1,\"name\":\"Home\",\"item\":\"https:\/\/miumjau.ee\/fi\/\"},{\"@type\":\"ListItem\",\"position\":2,\"name\":\"Kauppa\",\"item\":\"https:\/\/miumjau.ee\/fi\/kauppa\/\"},{\"@type\":\"ListItem\",\"position\":3,\"name\":\"Frigera koiranherkku, naudan mahalaukku 250 g\"}]},{\"@type\":\"WebSite\",\"@id\":\"https:\/\/miumjau.ee\/#website\",\"url\":\"https:\/\/miumjau.ee\/\",\"name\":\"MiuMjau\",\"description\":\"Kraapimispuud kassidele\",\"publisher\":{\"@id\":\"https:\/\/miumjau.ee\/#organization\"},\"potentialAction\":[{\"@type\":\"SearchAction\",\"target\":{\"@type\":\"EntryPoint\",\"urlTemplate\":\"https:\/\/miumjau.ee\/?s={search_term_string}\"},\"query-input\":{\"@type\":\"PropertyValueSpecification\",\"valueRequired\":true,\"valueName\":\"search_term_string\"}}],\"inLanguage\":\"fi\"},{\"@type\":\"Organization\",\"@id\":\"https:\/\/miumjau.ee\/#organization\",\"name\":\"MiuMjau O\u00dc\",\"url\":\"https:\/\/miumjau.ee\/\",\"logo\":{\"@type\":\"ImageObject\",\"inLanguage\":\"fi\",\"@id\":\"https:\/\/miumjau.ee\/#\/schema\/logo\/image\/\",\"url\":\"https:\/\/miumjau.ee\/wp-content\/uploads\/2022\/04\/MiuMjau-logo-kollane.png\",\"contentUrl\":\"https:\/\/miumjau.ee\/wp-content\/uploads\/2022\/04\/MiuMjau-logo-kollane.png\",\"width\":219,\"height\":100,\"caption\":\"MiuMjau O\u00dc\"},\"image\":{\"@id\":\"https:\/\/miumjau.ee\/#\/schema\/logo\/image\/\"},\"sameAs\":[\"https:\/\/www.facebook.com\/miumjaupood\/\"]}]}<\/script>\n<!-- \/ Yoast SEO plugin. -->","yoast_head_json":{"title":"Frigera koiranherkku, naudan mahalaukku 250 g - MiuMjau","robots":{"index":"index","follow":"follow","max-snippet":"max-snippet:-1","max-image-preview":"max-image-preview:large","max-video-preview":"max-video-preview:-1"},"canonical":"https:\/\/miumjau.ee\/fi\/tuote\/frigera-koiranherkku-naudan-mahalaukku-250-g\/","og_locale":"fi_FI","og_type":"article","og_title":"Frigera koiranherkku, naudan mahalaukku 250 g - MiuMjau","og_description":"FRIGERA naudan mahalaukku \u2013 luonnollinen ja houkutteleva herkku koirallesi! Herkku on hitaasti kuivattu, rapea ja mehil\u00e4ism\u00e4isen tekstuurinen. Raaka-aine tulee vapaasti kasvatetuista naudoista, jotka on kasvatettu ihmisten ravinnoksi. El\u00e4imi\u00e4 kasvatetaan ilman antibiootteja, steroideja tai hormoneja \u2013 luonnollisempaa ei voi olla! T\u00e4m\u00e4 herkku on v\u00e4h\u00e4rasvainen, mutta runsas proteiinissa ja sis\u00e4lt\u00e4\u00e4 paljon B12-vitamiinia. Lis\u00e4ksi siihen ei ole lis\u00e4tty keinotekoisia v\u00e4riaineita tai s\u00e4il\u00f6nt\u00e4aineita. Korkea kollageenipitoisuus tukee karvapeitteen ja ihon terveytt\u00e4. Tiesitk\u00f6, ett\u00e4 mahalaukku ei ole vain yksi tunnetuimmista ja rakastetuimmista koiran purutuotteista, vaan joissain maissa my\u00f6s todellinen herkku ihmisille? Intensiivisen tuoksunsa ja ravintorikkauden ansiosta t\u00e4m\u00e4 herkku on erityisen mieluisa my\u00f6s nirsoille koirille. Se tukee my\u00f6s ruoansulatusj\u00e4rjestelm\u00e4n mikroflooraa ja vaikuttaa my\u00f6nteisesti koiran mielenterveyteen. Nettopaino: 250 gKoostumus: 100 % nautaAnalyysi: Proteiini 57,41 %, Rasva 18,32 %, Kosteus 5,58 % Annosteluohje: Tarjoa herkkupalana aterioiden v\u00e4lill\u00e4 tai palkintona osana tasapainoista ruokavaliota. Valvo koiraa sy\u00f6tett\u00e4ess\u00e4 ja varmista aina raikas juomavesi. Ei sovellu ihmisten ruoaksi.","og_url":"https:\/\/miumjau.ee\/fi\/tuote\/frigera-koiranherkku-naudan-mahalaukku-250-g\/","og_site_name":"MiuMjau","article_publisher":"https:\/\/www.facebook.com\/miumjaupood\/","article_modified_time":"2026-01-07T20:44:41+00:00","og_image":[{"width":600,"height":800,"url":"https:\/\/miumjau.ee\/wp-content\/uploads\/2025\/05\/frigera-koerte-maius-veise-sisus-250g-1-Photoroom.webp","type":"image\/webp"}],"twitter_card":"summary_large_image","schema":{"@context":"https:\/\/schema.org","@graph":[{"@type":"WebPage","@id":"https:\/\/miumjau.ee\/fi\/tuote\/frigera-koiranherkku-naudan-mahalaukku-250-g\/","url":"https:\/\/miumjau.ee\/fi\/tuote\/frigera-koiranherkku-naudan-mahalaukku-250-g\/","name":"Frigera koiranherkku, naudan mahalaukku 250 g - MiuMjau","isPartOf":{"@id":"https:\/\/miumjau.ee\/#website"},"primaryImageOfPage":{"@id":"https:\/\/miumjau.ee\/fi\/tuote\/frigera-koiranherkku-naudan-mahalaukku-250-g\/#primaryimage"},"image":{"@id":"https:\/\/miumjau.ee\/fi\/tuote\/frigera-koiranherkku-naudan-mahalaukku-250-g\/#primaryimage"},"thumbnailUrl":"https:\/\/miumjau.ee\/wp-content\/uploads\/2025\/05\/frigera-koerte-maius-veise-sisus-250g-1-Photoroom.webp","datePublished":"2025-05-21T21:57:56+00:00","dateModified":"2026-01-07T20:44:41+00:00","breadcrumb":{"@id":"https:\/\/miumjau.ee\/fi\/tuote\/frigera-koiranherkku-naudan-mahalaukku-250-g\/#breadcrumb"},"inLanguage":"fi","potentialAction":[{"@type":"ReadAction","target":["https:\/\/miumjau.ee\/fi\/tuote\/frigera-koiranherkku-naudan-mahalaukku-250-g\/"]}]},{"@type":"ImageObject","inLanguage":"fi","@id":"https:\/\/miumjau.ee\/fi\/tuote\/frigera-koiranherkku-naudan-mahalaukku-250-g\/#primaryimage","url":"https:\/\/miumjau.ee\/wp-content\/uploads\/2025\/05\/frigera-koerte-maius-veise-sisus-250g-1-Photoroom.webp","contentUrl":"https:\/\/miumjau.ee\/wp-content\/uploads\/2025\/05\/frigera-koerte-maius-veise-sisus-250g-1-Photoroom.webp","width":600,"height":800,"caption":"Frigera veise sisus, 250 g"},{"@type":"BreadcrumbList","@id":"https:\/\/miumjau.ee\/fi\/tuote\/frigera-koiranherkku-naudan-mahalaukku-250-g\/#breadcrumb","itemListElement":[{"@type":"ListItem","position":1,"name":"Home","item":"https:\/\/miumjau.ee\/fi\/"},{"@type":"ListItem","position":2,"name":"Kauppa","item":"https:\/\/miumjau.ee\/fi\/kauppa\/"},{"@type":"ListItem","position":3,"name":"Frigera koiranherkku, naudan mahalaukku 250 g"}]},{"@type":"WebSite","@id":"https:\/\/miumjau.ee\/#website","url":"https:\/\/miumjau.ee\/","name":"MiuMjau","description":"Kraapimispuud kassidele","publisher":{"@id":"https:\/\/miumjau.ee\/#organization"},"potentialAction":[{"@type":"SearchAction","target":{"@type":"EntryPoint","urlTemplate":"https:\/\/miumjau.ee\/?s={search_term_string}"},"query-input":{"@type":"PropertyValueSpecification","valueRequired":true,"valueName":"search_term_string"}}],"inLanguage":"fi"},{"@type":"Organization","@id":"https:\/\/miumjau.ee\/#organization","name":"MiuMjau O\u00dc","url":"https:\/\/miumjau.ee\/","logo":{"@type":"ImageObject","inLanguage":"fi","@id":"https:\/\/miumjau.ee\/#\/schema\/logo\/image\/","url":"https:\/\/miumjau.ee\/wp-content\/uploads\/2022\/04\/MiuMjau-logo-kollane.png","contentUrl":"https:\/\/miumjau.ee\/wp-content\/uploads\/2022\/04\/MiuMjau-logo-kollane.png","width":219,"height":100,"caption":"MiuMjau O\u00dc"},"image":{"@id":"https:\/\/miumjau.ee\/#\/schema\/logo\/image\/"},"sameAs":["https:\/\/www.facebook.com\/miumjaupood\/"]}]}},"_links":{"self":[{"href":"https:\/\/miumjau.ee\/fi\/wp-json\/wp\/v2\/product\/48458","targetHints":{"allow":["GET"]}}],"collection":[{"href":"https:\/\/miumjau.ee\/fi\/wp-json\/wp\/v2\/product"}],"about":[{"href":"https:\/\/miumjau.ee\/fi\/wp-json\/wp\/v2\/types\/product"}],"wp:featuredmedia":[{"embeddable":true,"href":"https:\/\/miumjau.ee\/fi\/wp-json\/wp\/v2\/media\/34626"}],"wp:attachment":[{"href":"https:\/\/miumjau.ee\/fi\/wp-json\/wp\/v2\/media?parent=48458"}],"wp:term":[{"taxonomy":"product_brand","embeddable":true,"href":"https:\/\/miumjau.ee\/fi\/wp-json\/wp\/v2\/product_brand?post=48458"},{"taxonomy":"product_cat","embeddable":true,"href":"https:\/\/miumjau.ee\/fi\/wp-json\/wp\/v2\/product_cat?post=48458"},{"taxonomy":"product_tag","embeddable":true,"href":"https:\/\/miumjau.ee\/fi\/wp-json\/wp\/v2\/product_tag?post=48458"}],"curies":[{"name":"wp","href":"https:\/\/api.w.org\/{rel}","templated":true}]}}