{"id":48452,"date":"2025-05-27T19:12:03","date_gmt":"2025-05-27T16:12:03","guid":{"rendered":"https:\/\/miumjau.ee\/toode\/kuivattu-naudan-korva-koiranherkku-frigera-1-kpl\/"},"modified":"2026-01-07T22:44:41","modified_gmt":"2026-01-07T20:44:41","slug":"kuivattu-naudan-korva-koiranherkku-frigera-1-kpl","status":"publish","type":"product","link":"https:\/\/miumjau.ee\/fi\/tuote\/kuivattu-naudan-korva-koiranherkku-frigera-1-kpl\/","title":{"rendered":"Kuivattu naudan korva, koiranherkku Frigera 1 kpl"},"content":{"rendered":"","protected":false},"excerpt":{"rendered":"<p>Oletko kuten useimmat koiranomistajat ja haluat tarjota karvaiselle yst\u00e4v\u00e4llesi herkkuja? Silloin kannattaa varmistaa, ett\u00e4 herkut ovat my\u00f6s terveellisi\u00e4 ja ravitsevia \u2013 juuri kuten meid\u00e4n naudan korvat!<\/p>\n<p>Naudan korvamme tulevat vapaasti kasvatetuista naudoista, joita kasvatetaan ilman antibiootteja, steroideja tai hormoneja \u2013 mahdollisimman luonnollisina! Lis\u00e4ksi ne ovat l\u00e4hes rasvattomia ja hajuttomia, ja niiden rakenne on sitke\u00e4, mik\u00e4 tekee niist\u00e4 erinomaisen ja edullisemman vaihtoehdon sian korville. T\u00e4m\u00e4 tarkoittaa paljon puruiloa ja parempaa ruoansulatusta koirallesi. Koska ne koostuvat p\u00e4\u00e4osin rustosta, jota ymp\u00e4r\u00f6i iho, ne sis\u00e4lt\u00e4v\u00e4t luonnollisesti glukosamiinia ja kondroitiinia \u2013 yhdisteit\u00e4, jotka tukevat nivelten terveytt\u00e4. Lis\u00e4ksi naudan korvat ovat hyvi\u00e4 omega-3-rasvahappojen sek\u00e4 sinkin ja seleenin l\u00e4hteit\u00e4!<\/p>\n<p>Naudan korvat ovat edullinen valinta, joka puhdistaa, hieroo ja hoitaa koirasi hampaita ja ikeni\u00e4.<\/p>\n<p>Koostumus: 100 % nauta<\/p>\n<p>Analyysi: Proteiini: 85,1 %, Rasva: 1,16 %, Kosteus: 6,73 %<\/p>\n<p>Annosteluohje: Tarjoa aterioiden v\u00e4lill\u00e4 herkkupalana tai palkintona osana tasapainoista ruokavaliota. Valvo aina koiran ruokintaa. Varmista riitt\u00e4v\u00e4 m\u00e4\u00e4r\u00e4 raikasta juomavett\u00e4. Ei sovellu ihmisten ruoaksi.<\/p>\n","protected":false},"featured_media":34961,"template":"","meta":[],"product_brand":[],"product_cat":[480],"product_tag":[],"class_list":{"0":"post-48452","1":"product","2":"type-product","3":"status-publish","4":"has-post-thumbnail","6":"product_cat-herkut-koirille","8":"first","9":"instock","10":"sale","11":"taxable","12":"shipping-taxable","13":"purchasable","14":"product-type-simple"},"yoast_head":"<!-- This site is optimized with the Yoast SEO plugin v27.2 - https:\/\/yoast.com\/product\/yoast-seo-wordpress\/ -->\n<title>Kuivattu naudan korva, koiranherkku Frigera 1 kpl - MiuMjau<\/title>\n<meta name=\"robots\" content=\"index, follow, max-snippet:-1, max-image-preview:large, max-video-preview:-1\" \/>\n<link rel=\"canonical\" href=\"https:\/\/miumjau.ee\/fi\/tuote\/kuivattu-naudan-korva-koiranherkku-frigera-1-kpl\/\" \/>\n<meta property=\"og:locale\" content=\"fi_FI\" \/>\n<meta property=\"og:type\" content=\"article\" \/>\n<meta property=\"og:title\" content=\"Kuivattu naudan korva, koiranherkku Frigera 1 kpl - MiuMjau\" \/>\n<meta property=\"og:description\" content=\"Oletko kuten useimmat koiranomistajat ja haluat tarjota karvaiselle yst\u00e4v\u00e4llesi herkkuja? Silloin kannattaa varmistaa, ett\u00e4 herkut ovat my\u00f6s terveellisi\u00e4 ja ravitsevia \u2013 juuri kuten meid\u00e4n naudan korvat!  Naudan korvamme tulevat vapaasti kasvatetuista naudoista, joita kasvatetaan ilman antibiootteja, steroideja tai hormoneja \u2013 mahdollisimman luonnollisina! Lis\u00e4ksi ne ovat l\u00e4hes rasvattomia ja hajuttomia, ja niiden rakenne on sitke\u00e4, mik\u00e4 tekee niist\u00e4 erinomaisen ja edullisemman vaihtoehdon sian korville. T\u00e4m\u00e4 tarkoittaa paljon puruiloa ja parempaa ruoansulatusta koirallesi. Koska ne koostuvat p\u00e4\u00e4osin rustosta, jota ymp\u00e4r\u00f6i iho, ne sis\u00e4lt\u00e4v\u00e4t luonnollisesti glukosamiinia ja kondroitiinia \u2013 yhdisteit\u00e4, jotka tukevat nivelten terveytt\u00e4. Lis\u00e4ksi naudan korvat ovat hyvi\u00e4 omega-3-rasvahappojen sek\u00e4 sinkin ja seleenin l\u00e4hteit\u00e4!  Naudan korvat ovat edullinen valinta, joka puhdistaa, hieroo ja hoitaa koirasi hampaita ja ikeni\u00e4.  Koostumus: 100 % nauta  Analyysi: Proteiini: 85,1 %, Rasva: 1,16 %, Kosteus: 6,73 %  Annosteluohje: Tarjoa aterioiden v\u00e4lill\u00e4 herkkupalana tai palkintona osana tasapainoista ruokavaliota. Valvo aina koiran ruokintaa. Varmista riitt\u00e4v\u00e4 m\u00e4\u00e4r\u00e4 raikasta juomavett\u00e4. Ei sovellu ihmisten ruoaksi.\" \/>\n<meta property=\"og:url\" content=\"https:\/\/miumjau.ee\/fi\/tuote\/kuivattu-naudan-korva-koiranherkku-frigera-1-kpl\/\" \/>\n<meta property=\"og:site_name\" content=\"MiuMjau\" \/>\n<meta property=\"article:publisher\" content=\"https:\/\/www.facebook.com\/miumjaupood\/\" \/>\n<meta property=\"article:modified_time\" content=\"2026-01-07T20:44:41+00:00\" \/>\n<meta property=\"og:image\" content=\"https:\/\/miumjau.ee\/wp-content\/uploads\/2025\/05\/frigera-koerte-maius-puhvli-korvad-100tk-Photoroom.webp\" \/>\n\t<meta property=\"og:image:width\" content=\"600\" \/>\n\t<meta property=\"og:image:height\" content=\"800\" \/>\n\t<meta property=\"og:image:type\" content=\"image\/webp\" \/>\n<meta name=\"twitter:card\" content=\"summary_large_image\" \/>\n<script type=\"application\/ld+json\" class=\"yoast-schema-graph\">{\"@context\":\"https:\/\/schema.org\",\"@graph\":[{\"@type\":\"WebPage\",\"@id\":\"https:\/\/miumjau.ee\/fi\/tuote\/kuivattu-naudan-korva-koiranherkku-frigera-1-kpl\/\",\"url\":\"https:\/\/miumjau.ee\/fi\/tuote\/kuivattu-naudan-korva-koiranherkku-frigera-1-kpl\/\",\"name\":\"Kuivattu naudan korva, koiranherkku Frigera 1 kpl - MiuMjau\",\"isPartOf\":{\"@id\":\"https:\/\/miumjau.ee\/#website\"},\"primaryImageOfPage\":{\"@id\":\"https:\/\/miumjau.ee\/fi\/tuote\/kuivattu-naudan-korva-koiranherkku-frigera-1-kpl\/#primaryimage\"},\"image\":{\"@id\":\"https:\/\/miumjau.ee\/fi\/tuote\/kuivattu-naudan-korva-koiranherkku-frigera-1-kpl\/#primaryimage\"},\"thumbnailUrl\":\"https:\/\/miumjau.ee\/wp-content\/uploads\/2025\/05\/frigera-koerte-maius-puhvli-korvad-100tk-Photoroom.webp\",\"datePublished\":\"2025-05-27T16:12:03+00:00\",\"dateModified\":\"2026-01-07T20:44:41+00:00\",\"breadcrumb\":{\"@id\":\"https:\/\/miumjau.ee\/fi\/tuote\/kuivattu-naudan-korva-koiranherkku-frigera-1-kpl\/#breadcrumb\"},\"inLanguage\":\"fi\",\"potentialAction\":[{\"@type\":\"ReadAction\",\"target\":[\"https:\/\/miumjau.ee\/fi\/tuote\/kuivattu-naudan-korva-koiranherkku-frigera-1-kpl\/\"]}]},{\"@type\":\"ImageObject\",\"inLanguage\":\"fi\",\"@id\":\"https:\/\/miumjau.ee\/fi\/tuote\/kuivattu-naudan-korva-koiranherkku-frigera-1-kpl\/#primaryimage\",\"url\":\"https:\/\/miumjau.ee\/wp-content\/uploads\/2025\/05\/frigera-koerte-maius-puhvli-korvad-100tk-Photoroom.webp\",\"contentUrl\":\"https:\/\/miumjau.ee\/wp-content\/uploads\/2025\/05\/frigera-koerte-maius-puhvli-korvad-100tk-Photoroom.webp\",\"width\":600,\"height\":800,\"caption\":\"P\u00fchvli k\u00f5rv, maius koertele 1 tk\"},{\"@type\":\"BreadcrumbList\",\"@id\":\"https:\/\/miumjau.ee\/fi\/tuote\/kuivattu-naudan-korva-koiranherkku-frigera-1-kpl\/#breadcrumb\",\"itemListElement\":[{\"@type\":\"ListItem\",\"position\":1,\"name\":\"Home\",\"item\":\"https:\/\/miumjau.ee\/fi\/\"},{\"@type\":\"ListItem\",\"position\":2,\"name\":\"Kauppa\",\"item\":\"https:\/\/miumjau.ee\/fi\/kauppa\/\"},{\"@type\":\"ListItem\",\"position\":3,\"name\":\"Kuivattu naudan korva, koiranherkku Frigera 1 kpl\"}]},{\"@type\":\"WebSite\",\"@id\":\"https:\/\/miumjau.ee\/#website\",\"url\":\"https:\/\/miumjau.ee\/\",\"name\":\"MiuMjau\",\"description\":\"Kraapimispuud kassidele\",\"publisher\":{\"@id\":\"https:\/\/miumjau.ee\/#organization\"},\"potentialAction\":[{\"@type\":\"SearchAction\",\"target\":{\"@type\":\"EntryPoint\",\"urlTemplate\":\"https:\/\/miumjau.ee\/?s={search_term_string}\"},\"query-input\":{\"@type\":\"PropertyValueSpecification\",\"valueRequired\":true,\"valueName\":\"search_term_string\"}}],\"inLanguage\":\"fi\"},{\"@type\":\"Organization\",\"@id\":\"https:\/\/miumjau.ee\/#organization\",\"name\":\"MiuMjau O\u00dc\",\"url\":\"https:\/\/miumjau.ee\/\",\"logo\":{\"@type\":\"ImageObject\",\"inLanguage\":\"fi\",\"@id\":\"https:\/\/miumjau.ee\/#\/schema\/logo\/image\/\",\"url\":\"https:\/\/miumjau.ee\/wp-content\/uploads\/2022\/04\/MiuMjau-logo-kollane.png\",\"contentUrl\":\"https:\/\/miumjau.ee\/wp-content\/uploads\/2022\/04\/MiuMjau-logo-kollane.png\",\"width\":219,\"height\":100,\"caption\":\"MiuMjau O\u00dc\"},\"image\":{\"@id\":\"https:\/\/miumjau.ee\/#\/schema\/logo\/image\/\"},\"sameAs\":[\"https:\/\/www.facebook.com\/miumjaupood\/\"]}]}<\/script>\n<!-- \/ Yoast SEO plugin. -->","yoast_head_json":{"title":"Kuivattu naudan korva, koiranherkku Frigera 1 kpl - MiuMjau","robots":{"index":"index","follow":"follow","max-snippet":"max-snippet:-1","max-image-preview":"max-image-preview:large","max-video-preview":"max-video-preview:-1"},"canonical":"https:\/\/miumjau.ee\/fi\/tuote\/kuivattu-naudan-korva-koiranherkku-frigera-1-kpl\/","og_locale":"fi_FI","og_type":"article","og_title":"Kuivattu naudan korva, koiranherkku Frigera 1 kpl - MiuMjau","og_description":"Oletko kuten useimmat koiranomistajat ja haluat tarjota karvaiselle yst\u00e4v\u00e4llesi herkkuja? Silloin kannattaa varmistaa, ett\u00e4 herkut ovat my\u00f6s terveellisi\u00e4 ja ravitsevia \u2013 juuri kuten meid\u00e4n naudan korvat!  Naudan korvamme tulevat vapaasti kasvatetuista naudoista, joita kasvatetaan ilman antibiootteja, steroideja tai hormoneja \u2013 mahdollisimman luonnollisina! Lis\u00e4ksi ne ovat l\u00e4hes rasvattomia ja hajuttomia, ja niiden rakenne on sitke\u00e4, mik\u00e4 tekee niist\u00e4 erinomaisen ja edullisemman vaihtoehdon sian korville. T\u00e4m\u00e4 tarkoittaa paljon puruiloa ja parempaa ruoansulatusta koirallesi. Koska ne koostuvat p\u00e4\u00e4osin rustosta, jota ymp\u00e4r\u00f6i iho, ne sis\u00e4lt\u00e4v\u00e4t luonnollisesti glukosamiinia ja kondroitiinia \u2013 yhdisteit\u00e4, jotka tukevat nivelten terveytt\u00e4. Lis\u00e4ksi naudan korvat ovat hyvi\u00e4 omega-3-rasvahappojen sek\u00e4 sinkin ja seleenin l\u00e4hteit\u00e4!  Naudan korvat ovat edullinen valinta, joka puhdistaa, hieroo ja hoitaa koirasi hampaita ja ikeni\u00e4.  Koostumus: 100 % nauta  Analyysi: Proteiini: 85,1 %, Rasva: 1,16 %, Kosteus: 6,73 %  Annosteluohje: Tarjoa aterioiden v\u00e4lill\u00e4 herkkupalana tai palkintona osana tasapainoista ruokavaliota. Valvo aina koiran ruokintaa. Varmista riitt\u00e4v\u00e4 m\u00e4\u00e4r\u00e4 raikasta juomavett\u00e4. Ei sovellu ihmisten ruoaksi.","og_url":"https:\/\/miumjau.ee\/fi\/tuote\/kuivattu-naudan-korva-koiranherkku-frigera-1-kpl\/","og_site_name":"MiuMjau","article_publisher":"https:\/\/www.facebook.com\/miumjaupood\/","article_modified_time":"2026-01-07T20:44:41+00:00","og_image":[{"width":600,"height":800,"url":"https:\/\/miumjau.ee\/wp-content\/uploads\/2025\/05\/frigera-koerte-maius-puhvli-korvad-100tk-Photoroom.webp","type":"image\/webp"}],"twitter_card":"summary_large_image","schema":{"@context":"https:\/\/schema.org","@graph":[{"@type":"WebPage","@id":"https:\/\/miumjau.ee\/fi\/tuote\/kuivattu-naudan-korva-koiranherkku-frigera-1-kpl\/","url":"https:\/\/miumjau.ee\/fi\/tuote\/kuivattu-naudan-korva-koiranherkku-frigera-1-kpl\/","name":"Kuivattu naudan korva, koiranherkku Frigera 1 kpl - MiuMjau","isPartOf":{"@id":"https:\/\/miumjau.ee\/#website"},"primaryImageOfPage":{"@id":"https:\/\/miumjau.ee\/fi\/tuote\/kuivattu-naudan-korva-koiranherkku-frigera-1-kpl\/#primaryimage"},"image":{"@id":"https:\/\/miumjau.ee\/fi\/tuote\/kuivattu-naudan-korva-koiranherkku-frigera-1-kpl\/#primaryimage"},"thumbnailUrl":"https:\/\/miumjau.ee\/wp-content\/uploads\/2025\/05\/frigera-koerte-maius-puhvli-korvad-100tk-Photoroom.webp","datePublished":"2025-05-27T16:12:03+00:00","dateModified":"2026-01-07T20:44:41+00:00","breadcrumb":{"@id":"https:\/\/miumjau.ee\/fi\/tuote\/kuivattu-naudan-korva-koiranherkku-frigera-1-kpl\/#breadcrumb"},"inLanguage":"fi","potentialAction":[{"@type":"ReadAction","target":["https:\/\/miumjau.ee\/fi\/tuote\/kuivattu-naudan-korva-koiranherkku-frigera-1-kpl\/"]}]},{"@type":"ImageObject","inLanguage":"fi","@id":"https:\/\/miumjau.ee\/fi\/tuote\/kuivattu-naudan-korva-koiranherkku-frigera-1-kpl\/#primaryimage","url":"https:\/\/miumjau.ee\/wp-content\/uploads\/2025\/05\/frigera-koerte-maius-puhvli-korvad-100tk-Photoroom.webp","contentUrl":"https:\/\/miumjau.ee\/wp-content\/uploads\/2025\/05\/frigera-koerte-maius-puhvli-korvad-100tk-Photoroom.webp","width":600,"height":800,"caption":"P\u00fchvli k\u00f5rv, maius koertele 1 tk"},{"@type":"BreadcrumbList","@id":"https:\/\/miumjau.ee\/fi\/tuote\/kuivattu-naudan-korva-koiranherkku-frigera-1-kpl\/#breadcrumb","itemListElement":[{"@type":"ListItem","position":1,"name":"Home","item":"https:\/\/miumjau.ee\/fi\/"},{"@type":"ListItem","position":2,"name":"Kauppa","item":"https:\/\/miumjau.ee\/fi\/kauppa\/"},{"@type":"ListItem","position":3,"name":"Kuivattu naudan korva, koiranherkku Frigera 1 kpl"}]},{"@type":"WebSite","@id":"https:\/\/miumjau.ee\/#website","url":"https:\/\/miumjau.ee\/","name":"MiuMjau","description":"Kraapimispuud kassidele","publisher":{"@id":"https:\/\/miumjau.ee\/#organization"},"potentialAction":[{"@type":"SearchAction","target":{"@type":"EntryPoint","urlTemplate":"https:\/\/miumjau.ee\/?s={search_term_string}"},"query-input":{"@type":"PropertyValueSpecification","valueRequired":true,"valueName":"search_term_string"}}],"inLanguage":"fi"},{"@type":"Organization","@id":"https:\/\/miumjau.ee\/#organization","name":"MiuMjau O\u00dc","url":"https:\/\/miumjau.ee\/","logo":{"@type":"ImageObject","inLanguage":"fi","@id":"https:\/\/miumjau.ee\/#\/schema\/logo\/image\/","url":"https:\/\/miumjau.ee\/wp-content\/uploads\/2022\/04\/MiuMjau-logo-kollane.png","contentUrl":"https:\/\/miumjau.ee\/wp-content\/uploads\/2022\/04\/MiuMjau-logo-kollane.png","width":219,"height":100,"caption":"MiuMjau O\u00dc"},"image":{"@id":"https:\/\/miumjau.ee\/#\/schema\/logo\/image\/"},"sameAs":["https:\/\/www.facebook.com\/miumjaupood\/"]}]}},"_links":{"self":[{"href":"https:\/\/miumjau.ee\/fi\/wp-json\/wp\/v2\/product\/48452","targetHints":{"allow":["GET"]}}],"collection":[{"href":"https:\/\/miumjau.ee\/fi\/wp-json\/wp\/v2\/product"}],"about":[{"href":"https:\/\/miumjau.ee\/fi\/wp-json\/wp\/v2\/types\/product"}],"wp:featuredmedia":[{"embeddable":true,"href":"https:\/\/miumjau.ee\/fi\/wp-json\/wp\/v2\/media\/34961"}],"wp:attachment":[{"href":"https:\/\/miumjau.ee\/fi\/wp-json\/wp\/v2\/media?parent=48452"}],"wp:term":[{"taxonomy":"product_brand","embeddable":true,"href":"https:\/\/miumjau.ee\/fi\/wp-json\/wp\/v2\/product_brand?post=48452"},{"taxonomy":"product_cat","embeddable":true,"href":"https:\/\/miumjau.ee\/fi\/wp-json\/wp\/v2\/product_cat?post=48452"},{"taxonomy":"product_tag","embeddable":true,"href":"https:\/\/miumjau.ee\/fi\/wp-json\/wp\/v2\/product_tag?post=48452"}],"curies":[{"name":"wp","href":"https:\/\/api.w.org\/{rel}","templated":true}]}}