{"id":48444,"date":"2025-05-28T10:56:44","date_gmt":"2025-05-28T07:56:44","guid":{"rendered":"https:\/\/miumjau.ee\/toode\/vahva-puruluu-frigera-haran-penis-12-cm-1-kpl\/"},"modified":"2026-02-15T18:57:27","modified_gmt":"2026-02-15T16:57:27","slug":"vahva-puruluu-frigera-haran-penis-12-cm-1-kpl","status":"publish","type":"product","link":"https:\/\/miumjau.ee\/fi\/tuote\/vahva-puruluu-frigera-haran-penis-12-cm-1-kpl\/","title":{"rendered":"Vahva puruluu, Frigera h\u00e4r\u00e4n penis 12 cm 1 kpl"},"content":{"rendered":"","protected":false},"excerpt":{"rendered":"<p>T\u00e4ysin luonnolliset purutikut koirille? Juuri niin \u2013 juuri sit\u00e4 pid\u00e4t k\u00e4siss\u00e4si nyt! N\u00e4m\u00e4 herkullisesti tuoksuvat purutikut eiv\u00e4t pet\u00e4 koiraasi! Sopivat pienille ja keskikokoisille koirille. Suuremmat koirat voivat valita isomman koon.<\/p>\n<p>friGERA Bully Stickit on valmistettu parhaista vapaasti kasvatetuista h\u00e4rist\u00e4. T\u00e4m\u00e4 on luonnollinen lihatuote, erinomainen omega-3:n, tauriinin, proteiinin, v\u00e4ltt\u00e4m\u00e4tt\u00f6mien aminohappojen ja mineraalien l\u00e4hde \u2013 samalla sis\u00e4lt\u00e4en v\u00e4hemm\u00e4n tyydyttyneit\u00e4 rasvoja ja kolesterolia kuin useimmat muut luonnolliset herkut.<\/p>\n<p>Bully Stickin pureskelu tukee koirasi hampaiden hygieniaa ja henkist\u00e4 hyvinvointia sek\u00e4 vahvaa leukaluustoa ja yleist\u00e4 lihaskasvua. Bully Stickimme tarjoavat todellista puruiloa jokaiselle h\u00e4nt\u00e4\u00e4 heiluttavalle koiralle!<\/p>\n<p>Koostumus: 100 % nauta<\/p>\n<p>Analyysi: Proteiini: 81 %, Rasva: 3 %, Kosteus: 9 %<\/p>\n<p>Annosteluohje: Tarjoa herkkupalana aterioiden v\u00e4lill\u00e4 tai palkintona osana tasapainoista ruokavaliota. Valvo aina koiran ruokintaa. Varmista riitt\u00e4v\u00e4 m\u00e4\u00e4r\u00e4 raikasta juomavett\u00e4. Ei sovellu ihmisten ruoaksi.<\/p>\n<p>PS! T\u00e4m\u00e4 on painotuote ja pakataan ostetun m\u00e4\u00e4r\u00e4n mukaan joko paperiin tai muoviin.<\/p>\n","protected":false},"featured_media":34977,"template":"","meta":[],"product_brand":[],"product_cat":[480],"product_tag":[],"class_list":{"0":"post-48444","1":"product","2":"type-product","3":"status-publish","4":"has-post-thumbnail","6":"product_cat-herkut-koirille","8":"first","9":"instock","10":"taxable","11":"shipping-taxable","12":"purchasable","13":"product-type-simple"},"yoast_head":"<!-- This site is optimized with the Yoast SEO plugin v27.4 - https:\/\/yoast.com\/product\/yoast-seo-wordpress\/ -->\n<title>Vahva puruluu, Frigera h\u00e4r\u00e4n penis 12 cm 1 kpl - MiuMjau<\/title>\n<meta name=\"robots\" content=\"index, follow, max-snippet:-1, max-image-preview:large, max-video-preview:-1\" \/>\n<link rel=\"canonical\" href=\"https:\/\/miumjau.ee\/fi\/tuote\/vahva-puruluu-frigera-haran-penis-12-cm-1-kpl\/\" \/>\n<meta property=\"og:locale\" content=\"fi_FI\" \/>\n<meta property=\"og:type\" content=\"article\" \/>\n<meta property=\"og:title\" content=\"Vahva puruluu, Frigera h\u00e4r\u00e4n penis 12 cm 1 kpl - MiuMjau\" \/>\n<meta property=\"og:description\" content=\"T\u00e4ysin luonnolliset purutikut koirille? Juuri niin \u2013 juuri sit\u00e4 pid\u00e4t k\u00e4siss\u00e4si nyt! N\u00e4m\u00e4 herkullisesti tuoksuvat purutikut eiv\u00e4t pet\u00e4 koiraasi! Sopivat pienille ja keskikokoisille koirille. Suuremmat koirat voivat valita isomman koon.  friGERA Bully Stickit on valmistettu parhaista vapaasti kasvatetuista h\u00e4rist\u00e4. T\u00e4m\u00e4 on luonnollinen lihatuote, erinomainen omega-3:n, tauriinin, proteiinin, v\u00e4ltt\u00e4m\u00e4tt\u00f6mien aminohappojen ja mineraalien l\u00e4hde \u2013 samalla sis\u00e4lt\u00e4en v\u00e4hemm\u00e4n tyydyttyneit\u00e4 rasvoja ja kolesterolia kuin useimmat muut luonnolliset herkut.  Bully Stickin pureskelu tukee koirasi hampaiden hygieniaa ja henkist\u00e4 hyvinvointia sek\u00e4 vahvaa leukaluustoa ja yleist\u00e4 lihaskasvua. Bully Stickimme tarjoavat todellista puruiloa jokaiselle h\u00e4nt\u00e4\u00e4 heiluttavalle koiralle!  Koostumus: 100 % nauta  Analyysi: Proteiini: 81 %, Rasva: 3 %, Kosteus: 9 %  Annosteluohje: Tarjoa herkkupalana aterioiden v\u00e4lill\u00e4 tai palkintona osana tasapainoista ruokavaliota. Valvo aina koiran ruokintaa. Varmista riitt\u00e4v\u00e4 m\u00e4\u00e4r\u00e4 raikasta juomavett\u00e4. Ei sovellu ihmisten ruoaksi.  PS! T\u00e4m\u00e4 on painotuote ja pakataan ostetun m\u00e4\u00e4r\u00e4n mukaan joko paperiin tai muoviin.\" \/>\n<meta property=\"og:url\" content=\"https:\/\/miumjau.ee\/fi\/tuote\/vahva-puruluu-frigera-haran-penis-12-cm-1-kpl\/\" \/>\n<meta property=\"og:site_name\" content=\"MiuMjau\" \/>\n<meta property=\"article:publisher\" content=\"https:\/\/www.facebook.com\/miumjaupood\/\" \/>\n<meta property=\"article:modified_time\" content=\"2026-02-15T16:57:27+00:00\" \/>\n<meta property=\"og:image\" content=\"https:\/\/miumjau.ee\/wp-content\/uploads\/2025\/05\/frigera-koerte-maius-pullipeenis-12cm-125tk-Photoroom.webp\" \/>\n\t<meta property=\"og:image:width\" content=\"600\" \/>\n\t<meta property=\"og:image:height\" content=\"800\" \/>\n\t<meta property=\"og:image:type\" content=\"image\/webp\" \/>\n<meta name=\"twitter:card\" content=\"summary_large_image\" \/>\n<script type=\"application\/ld+json\" class=\"yoast-schema-graph\">{\"@context\":\"https:\\\/\\\/schema.org\",\"@graph\":[{\"@type\":\"WebPage\",\"@id\":\"https:\\\/\\\/miumjau.ee\\\/fi\\\/tuote\\\/vahva-puruluu-frigera-haran-penis-12-cm-1-kpl\\\/\",\"url\":\"https:\\\/\\\/miumjau.ee\\\/fi\\\/tuote\\\/vahva-puruluu-frigera-haran-penis-12-cm-1-kpl\\\/\",\"name\":\"Vahva puruluu, Frigera h\u00e4r\u00e4n penis 12 cm 1 kpl - MiuMjau\",\"isPartOf\":{\"@id\":\"https:\\\/\\\/miumjau.ee\\\/#website\"},\"primaryImageOfPage\":{\"@id\":\"https:\\\/\\\/miumjau.ee\\\/fi\\\/tuote\\\/vahva-puruluu-frigera-haran-penis-12-cm-1-kpl\\\/#primaryimage\"},\"image\":{\"@id\":\"https:\\\/\\\/miumjau.ee\\\/fi\\\/tuote\\\/vahva-puruluu-frigera-haran-penis-12-cm-1-kpl\\\/#primaryimage\"},\"thumbnailUrl\":\"https:\\\/\\\/miumjau.ee\\\/wp-content\\\/uploads\\\/2025\\\/05\\\/frigera-koerte-maius-pullipeenis-12cm-125tk-Photoroom.webp\",\"datePublished\":\"2025-05-28T07:56:44+00:00\",\"dateModified\":\"2026-02-15T16:57:27+00:00\",\"breadcrumb\":{\"@id\":\"https:\\\/\\\/miumjau.ee\\\/fi\\\/tuote\\\/vahva-puruluu-frigera-haran-penis-12-cm-1-kpl\\\/#breadcrumb\"},\"inLanguage\":\"fi\",\"potentialAction\":[{\"@type\":\"ReadAction\",\"target\":[\"https:\\\/\\\/miumjau.ee\\\/fi\\\/tuote\\\/vahva-puruluu-frigera-haran-penis-12-cm-1-kpl\\\/\"]}]},{\"@type\":\"ImageObject\",\"inLanguage\":\"fi\",\"@id\":\"https:\\\/\\\/miumjau.ee\\\/fi\\\/tuote\\\/vahva-puruluu-frigera-haran-penis-12-cm-1-kpl\\\/#primaryimage\",\"url\":\"https:\\\/\\\/miumjau.ee\\\/wp-content\\\/uploads\\\/2025\\\/05\\\/frigera-koerte-maius-pullipeenis-12cm-125tk-Photoroom.webp\",\"contentUrl\":\"https:\\\/\\\/miumjau.ee\\\/wp-content\\\/uploads\\\/2025\\\/05\\\/frigera-koerte-maius-pullipeenis-12cm-125tk-Photoroom.webp\",\"width\":600,\"height\":800,\"caption\":\"Tugev n\u00e4rimismaius, pullipeenis 12 cm 1 tk\"},{\"@type\":\"BreadcrumbList\",\"@id\":\"https:\\\/\\\/miumjau.ee\\\/fi\\\/tuote\\\/vahva-puruluu-frigera-haran-penis-12-cm-1-kpl\\\/#breadcrumb\",\"itemListElement\":[{\"@type\":\"ListItem\",\"position\":1,\"name\":\"Home\",\"item\":\"https:\\\/\\\/miumjau.ee\\\/fi\\\/\"},{\"@type\":\"ListItem\",\"position\":2,\"name\":\"Kauppa\",\"item\":\"https:\\\/\\\/miumjau.ee\\\/fi\\\/kauppa\\\/\"},{\"@type\":\"ListItem\",\"position\":3,\"name\":\"Vahva puruluu, Frigera h\u00e4r\u00e4n penis 12 cm 1 kpl\"}]},{\"@type\":\"WebSite\",\"@id\":\"https:\\\/\\\/miumjau.ee\\\/#website\",\"url\":\"https:\\\/\\\/miumjau.ee\\\/\",\"name\":\"MiuMjau\",\"description\":\"Kraapimispuud kassidele\",\"publisher\":{\"@id\":\"https:\\\/\\\/miumjau.ee\\\/#organization\"},\"potentialAction\":[{\"@type\":\"SearchAction\",\"target\":{\"@type\":\"EntryPoint\",\"urlTemplate\":\"https:\\\/\\\/miumjau.ee\\\/?s={search_term_string}\"},\"query-input\":{\"@type\":\"PropertyValueSpecification\",\"valueRequired\":true,\"valueName\":\"search_term_string\"}}],\"inLanguage\":\"fi\"},{\"@type\":\"Organization\",\"@id\":\"https:\\\/\\\/miumjau.ee\\\/#organization\",\"name\":\"MiuMjau O\u00dc\",\"url\":\"https:\\\/\\\/miumjau.ee\\\/\",\"logo\":{\"@type\":\"ImageObject\",\"inLanguage\":\"fi\",\"@id\":\"https:\\\/\\\/miumjau.ee\\\/#\\\/schema\\\/logo\\\/image\\\/\",\"url\":\"https:\\\/\\\/miumjau.ee\\\/wp-content\\\/uploads\\\/2022\\\/04\\\/MiuMjau-logo-kollane.png\",\"contentUrl\":\"https:\\\/\\\/miumjau.ee\\\/wp-content\\\/uploads\\\/2022\\\/04\\\/MiuMjau-logo-kollane.png\",\"width\":219,\"height\":100,\"caption\":\"MiuMjau O\u00dc\"},\"image\":{\"@id\":\"https:\\\/\\\/miumjau.ee\\\/#\\\/schema\\\/logo\\\/image\\\/\"},\"sameAs\":[\"https:\\\/\\\/www.facebook.com\\\/miumjaupood\\\/\"]}]}<\/script>\n<!-- \/ Yoast SEO plugin. -->","yoast_head_json":{"title":"Vahva puruluu, Frigera h\u00e4r\u00e4n penis 12 cm 1 kpl - MiuMjau","robots":{"index":"index","follow":"follow","max-snippet":"max-snippet:-1","max-image-preview":"max-image-preview:large","max-video-preview":"max-video-preview:-1"},"canonical":"https:\/\/miumjau.ee\/fi\/tuote\/vahva-puruluu-frigera-haran-penis-12-cm-1-kpl\/","og_locale":"fi_FI","og_type":"article","og_title":"Vahva puruluu, Frigera h\u00e4r\u00e4n penis 12 cm 1 kpl - MiuMjau","og_description":"T\u00e4ysin luonnolliset purutikut koirille? Juuri niin \u2013 juuri sit\u00e4 pid\u00e4t k\u00e4siss\u00e4si nyt! N\u00e4m\u00e4 herkullisesti tuoksuvat purutikut eiv\u00e4t pet\u00e4 koiraasi! Sopivat pienille ja keskikokoisille koirille. Suuremmat koirat voivat valita isomman koon.  friGERA Bully Stickit on valmistettu parhaista vapaasti kasvatetuista h\u00e4rist\u00e4. T\u00e4m\u00e4 on luonnollinen lihatuote, erinomainen omega-3:n, tauriinin, proteiinin, v\u00e4ltt\u00e4m\u00e4tt\u00f6mien aminohappojen ja mineraalien l\u00e4hde \u2013 samalla sis\u00e4lt\u00e4en v\u00e4hemm\u00e4n tyydyttyneit\u00e4 rasvoja ja kolesterolia kuin useimmat muut luonnolliset herkut.  Bully Stickin pureskelu tukee koirasi hampaiden hygieniaa ja henkist\u00e4 hyvinvointia sek\u00e4 vahvaa leukaluustoa ja yleist\u00e4 lihaskasvua. Bully Stickimme tarjoavat todellista puruiloa jokaiselle h\u00e4nt\u00e4\u00e4 heiluttavalle koiralle!  Koostumus: 100 % nauta  Analyysi: Proteiini: 81 %, Rasva: 3 %, Kosteus: 9 %  Annosteluohje: Tarjoa herkkupalana aterioiden v\u00e4lill\u00e4 tai palkintona osana tasapainoista ruokavaliota. Valvo aina koiran ruokintaa. Varmista riitt\u00e4v\u00e4 m\u00e4\u00e4r\u00e4 raikasta juomavett\u00e4. Ei sovellu ihmisten ruoaksi.  PS! T\u00e4m\u00e4 on painotuote ja pakataan ostetun m\u00e4\u00e4r\u00e4n mukaan joko paperiin tai muoviin.","og_url":"https:\/\/miumjau.ee\/fi\/tuote\/vahva-puruluu-frigera-haran-penis-12-cm-1-kpl\/","og_site_name":"MiuMjau","article_publisher":"https:\/\/www.facebook.com\/miumjaupood\/","article_modified_time":"2026-02-15T16:57:27+00:00","og_image":[{"width":600,"height":800,"url":"https:\/\/miumjau.ee\/wp-content\/uploads\/2025\/05\/frigera-koerte-maius-pullipeenis-12cm-125tk-Photoroom.webp","type":"image\/webp"}],"twitter_card":"summary_large_image","schema":{"@context":"https:\/\/schema.org","@graph":[{"@type":"WebPage","@id":"https:\/\/miumjau.ee\/fi\/tuote\/vahva-puruluu-frigera-haran-penis-12-cm-1-kpl\/","url":"https:\/\/miumjau.ee\/fi\/tuote\/vahva-puruluu-frigera-haran-penis-12-cm-1-kpl\/","name":"Vahva puruluu, Frigera h\u00e4r\u00e4n penis 12 cm 1 kpl - MiuMjau","isPartOf":{"@id":"https:\/\/miumjau.ee\/#website"},"primaryImageOfPage":{"@id":"https:\/\/miumjau.ee\/fi\/tuote\/vahva-puruluu-frigera-haran-penis-12-cm-1-kpl\/#primaryimage"},"image":{"@id":"https:\/\/miumjau.ee\/fi\/tuote\/vahva-puruluu-frigera-haran-penis-12-cm-1-kpl\/#primaryimage"},"thumbnailUrl":"https:\/\/miumjau.ee\/wp-content\/uploads\/2025\/05\/frigera-koerte-maius-pullipeenis-12cm-125tk-Photoroom.webp","datePublished":"2025-05-28T07:56:44+00:00","dateModified":"2026-02-15T16:57:27+00:00","breadcrumb":{"@id":"https:\/\/miumjau.ee\/fi\/tuote\/vahva-puruluu-frigera-haran-penis-12-cm-1-kpl\/#breadcrumb"},"inLanguage":"fi","potentialAction":[{"@type":"ReadAction","target":["https:\/\/miumjau.ee\/fi\/tuote\/vahva-puruluu-frigera-haran-penis-12-cm-1-kpl\/"]}]},{"@type":"ImageObject","inLanguage":"fi","@id":"https:\/\/miumjau.ee\/fi\/tuote\/vahva-puruluu-frigera-haran-penis-12-cm-1-kpl\/#primaryimage","url":"https:\/\/miumjau.ee\/wp-content\/uploads\/2025\/05\/frigera-koerte-maius-pullipeenis-12cm-125tk-Photoroom.webp","contentUrl":"https:\/\/miumjau.ee\/wp-content\/uploads\/2025\/05\/frigera-koerte-maius-pullipeenis-12cm-125tk-Photoroom.webp","width":600,"height":800,"caption":"Tugev n\u00e4rimismaius, pullipeenis 12 cm 1 tk"},{"@type":"BreadcrumbList","@id":"https:\/\/miumjau.ee\/fi\/tuote\/vahva-puruluu-frigera-haran-penis-12-cm-1-kpl\/#breadcrumb","itemListElement":[{"@type":"ListItem","position":1,"name":"Home","item":"https:\/\/miumjau.ee\/fi\/"},{"@type":"ListItem","position":2,"name":"Kauppa","item":"https:\/\/miumjau.ee\/fi\/kauppa\/"},{"@type":"ListItem","position":3,"name":"Vahva puruluu, Frigera h\u00e4r\u00e4n penis 12 cm 1 kpl"}]},{"@type":"WebSite","@id":"https:\/\/miumjau.ee\/#website","url":"https:\/\/miumjau.ee\/","name":"MiuMjau","description":"Kraapimispuud kassidele","publisher":{"@id":"https:\/\/miumjau.ee\/#organization"},"potentialAction":[{"@type":"SearchAction","target":{"@type":"EntryPoint","urlTemplate":"https:\/\/miumjau.ee\/?s={search_term_string}"},"query-input":{"@type":"PropertyValueSpecification","valueRequired":true,"valueName":"search_term_string"}}],"inLanguage":"fi"},{"@type":"Organization","@id":"https:\/\/miumjau.ee\/#organization","name":"MiuMjau O\u00dc","url":"https:\/\/miumjau.ee\/","logo":{"@type":"ImageObject","inLanguage":"fi","@id":"https:\/\/miumjau.ee\/#\/schema\/logo\/image\/","url":"https:\/\/miumjau.ee\/wp-content\/uploads\/2022\/04\/MiuMjau-logo-kollane.png","contentUrl":"https:\/\/miumjau.ee\/wp-content\/uploads\/2022\/04\/MiuMjau-logo-kollane.png","width":219,"height":100,"caption":"MiuMjau O\u00dc"},"image":{"@id":"https:\/\/miumjau.ee\/#\/schema\/logo\/image\/"},"sameAs":["https:\/\/www.facebook.com\/miumjaupood\/"]}]}},"_links":{"self":[{"href":"https:\/\/miumjau.ee\/fi\/wp-json\/wp\/v2\/product\/48444","targetHints":{"allow":["GET"]}}],"collection":[{"href":"https:\/\/miumjau.ee\/fi\/wp-json\/wp\/v2\/product"}],"about":[{"href":"https:\/\/miumjau.ee\/fi\/wp-json\/wp\/v2\/types\/product"}],"wp:featuredmedia":[{"embeddable":true,"href":"https:\/\/miumjau.ee\/fi\/wp-json\/wp\/v2\/media\/34977"}],"wp:attachment":[{"href":"https:\/\/miumjau.ee\/fi\/wp-json\/wp\/v2\/media?parent=48444"}],"wp:term":[{"taxonomy":"product_brand","embeddable":true,"href":"https:\/\/miumjau.ee\/fi\/wp-json\/wp\/v2\/product_brand?post=48444"},{"taxonomy":"product_cat","embeddable":true,"href":"https:\/\/miumjau.ee\/fi\/wp-json\/wp\/v2\/product_cat?post=48444"},{"taxonomy":"product_tag","embeddable":true,"href":"https:\/\/miumjau.ee\/fi\/wp-json\/wp\/v2\/product_tag?post=48444"}],"curies":[{"name":"wp","href":"https:\/\/api.w.org\/{rel}","templated":true}]}}