{"id":48419,"date":"2025-05-28T09:51:06","date_gmt":"2025-05-28T06:51:06","guid":{"rendered":"https:\/\/miumjau.ee\/toode\/luonnollinen-koiranherkku-lampaan-korva-karvoineen-frigera-1-kpl\/"},"modified":"2026-01-07T22:44:48","modified_gmt":"2026-01-07T20:44:48","slug":"luonnollinen-koiranherkku-lampaan-korva-karvoineen-frigera-1-kpl","status":"publish","type":"product","link":"https:\/\/miumjau.ee\/fi\/tuote\/luonnollinen-koiranherkku-lampaan-korva-karvoineen-frigera-1-kpl\/","title":{"rendered":"Luonnollinen koiranherkku, lampaan korva karvoineen Frigera 1 kpl"},"content":{"rendered":"","protected":false},"excerpt":{"rendered":"<p>Tuntuuko sian- tai naudan korvat koirallesi liian tavallisilta tai onko h\u00e4nell\u00e4 niille intoleranssia? friGERA karvoilla varustetut lampaan korvat tulevat avuksi!<\/p>\n<p>Lampaan korvamme ovat 100 % luonnollinen tuote, huolellisesti kuivattu tarjoamaan rapeaa mutta hieman pehme\u00e4mp\u00e4\u00e4 ja v\u00e4h\u00e4rasvaisempaa herkkua verrattuna sian korviin.<\/p>\n<p>T\u00e4m\u00e4 hypoallergeeninen herkku ei ainoastaan tyydyt\u00e4 pureskelun tarvetta ja puhdista hampaita, vaan auttaa my\u00f6s yll\u00e4pit\u00e4m\u00e4\u00e4n vahvoja niveli\u00e4 ja terveit\u00e4 j\u00e4nteit\u00e4, koska se on rikas mangaanin l\u00e4hde.<\/p>\n<p>Lis\u00e4ksi lampaan korvat ovat ymp\u00e4rist\u00f6yst\u00e4v\u00e4llisempi vaihtoehto \u2013 lampaat kuormittavat ymp\u00e4rist\u00f6\u00e4 v\u00e4hemm\u00e4n kuin lehm\u00e4t tai siat. Alhaisen tai olemattoman hajun ansiosta ne sopivat erinomaisesti sis\u00e4tiloihin.<\/p>\n<p>Karvat lis\u00e4\u00e4v\u00e4t lambankorvien arvoa luonnollisella ruoansulatusj\u00e4rjestelm\u00e4n puhdistamisella \u2013 aivan kuten koirat s\u00f6iv\u00e4t saaliinsa villiss\u00e4 luonnossa, mukana karvat ja luut!<\/p>\n<p>Sopivan koon ja tekstuurin ansiosta ne sopivat my\u00f6s pienemmille koirille tai niille, joilla on heikommat leuat.<\/p>\n<p>Koostumus: 100 % lammas (karvoineen)<\/p>\n<p>Analyysi: Proteiini: 59,78 %, Rasva: 29,4 %, Kosteus: 8,27 %<\/p>\n<p>Annosteluohje: Tarjoa herkkupalana aterioiden v\u00e4lill\u00e4 tai palkintona osana tasapainoista ruokavaliota. Valvo aina koiran ruokintaa. Varmista riitt\u00e4v\u00e4 m\u00e4\u00e4r\u00e4 raikasta juomavett\u00e4. Ei sovellu ihmisten ruoaksi.<\/p>\n<p>PS! T\u00e4m\u00e4 on irtotavara ja pakataan ostetun m\u00e4\u00e4r\u00e4n mukaan joko paperiin tai muoviin.<\/p>\n","protected":false},"featured_media":34921,"template":"","meta":[],"product_brand":[],"product_cat":[480],"product_tag":[],"class_list":{"0":"post-48419","1":"product","2":"type-product","3":"status-publish","4":"has-post-thumbnail","6":"product_cat-herkut-koirille","8":"first","9":"instock","10":"taxable","11":"shipping-taxable","12":"purchasable","13":"product-type-simple"},"yoast_head":"<!-- This site is optimized with the Yoast SEO plugin v27.4 - https:\/\/yoast.com\/product\/yoast-seo-wordpress\/ -->\n<title>Luonnollinen koiranherkku, lampaan korva karvoineen Frigera 1 kpl - MiuMjau<\/title>\n<meta name=\"robots\" content=\"index, follow, max-snippet:-1, max-image-preview:large, max-video-preview:-1\" \/>\n<link rel=\"canonical\" href=\"https:\/\/miumjau.ee\/fi\/tuote\/luonnollinen-koiranherkku-lampaan-korva-karvoineen-frigera-1-kpl\/\" \/>\n<meta property=\"og:locale\" content=\"fi_FI\" \/>\n<meta property=\"og:type\" content=\"article\" \/>\n<meta property=\"og:title\" content=\"Luonnollinen koiranherkku, lampaan korva karvoineen Frigera 1 kpl - MiuMjau\" \/>\n<meta property=\"og:description\" content=\"Tuntuuko sian- tai naudan korvat koirallesi liian tavallisilta tai onko h\u00e4nell\u00e4 niille intoleranssia? friGERA karvoilla varustetut lampaan korvat tulevat avuksi!  Lampaan korvamme ovat 100 % luonnollinen tuote, huolellisesti kuivattu tarjoamaan rapeaa mutta hieman pehme\u00e4mp\u00e4\u00e4 ja v\u00e4h\u00e4rasvaisempaa herkkua verrattuna sian korviin.  T\u00e4m\u00e4 hypoallergeeninen herkku ei ainoastaan tyydyt\u00e4 pureskelun tarvetta ja puhdista hampaita, vaan auttaa my\u00f6s yll\u00e4pit\u00e4m\u00e4\u00e4n vahvoja niveli\u00e4 ja terveit\u00e4 j\u00e4nteit\u00e4, koska se on rikas mangaanin l\u00e4hde.  Lis\u00e4ksi lampaan korvat ovat ymp\u00e4rist\u00f6yst\u00e4v\u00e4llisempi vaihtoehto \u2013 lampaat kuormittavat ymp\u00e4rist\u00f6\u00e4 v\u00e4hemm\u00e4n kuin lehm\u00e4t tai siat. Alhaisen tai olemattoman hajun ansiosta ne sopivat erinomaisesti sis\u00e4tiloihin.  Karvat lis\u00e4\u00e4v\u00e4t lambankorvien arvoa luonnollisella ruoansulatusj\u00e4rjestelm\u00e4n puhdistamisella \u2013 aivan kuten koirat s\u00f6iv\u00e4t saaliinsa villiss\u00e4 luonnossa, mukana karvat ja luut!  Sopivan koon ja tekstuurin ansiosta ne sopivat my\u00f6s pienemmille koirille tai niille, joilla on heikommat leuat.  Koostumus: 100 % lammas (karvoineen)  Analyysi: Proteiini: 59,78 %, Rasva: 29,4 %, Kosteus: 8,27 %  Annosteluohje: Tarjoa herkkupalana aterioiden v\u00e4lill\u00e4 tai palkintona osana tasapainoista ruokavaliota. Valvo aina koiran ruokintaa. Varmista riitt\u00e4v\u00e4 m\u00e4\u00e4r\u00e4 raikasta juomavett\u00e4. Ei sovellu ihmisten ruoaksi.  PS! T\u00e4m\u00e4 on irtotavara ja pakataan ostetun m\u00e4\u00e4r\u00e4n mukaan joko paperiin tai muoviin.\" \/>\n<meta property=\"og:url\" content=\"https:\/\/miumjau.ee\/fi\/tuote\/luonnollinen-koiranherkku-lampaan-korva-karvoineen-frigera-1-kpl\/\" \/>\n<meta property=\"og:site_name\" content=\"MiuMjau\" \/>\n<meta property=\"article:publisher\" content=\"https:\/\/www.facebook.com\/miumjaupood\/\" \/>\n<meta property=\"article:modified_time\" content=\"2026-01-07T20:44:48+00:00\" \/>\n<meta property=\"og:image\" content=\"https:\/\/miumjau.ee\/wp-content\/uploads\/2025\/05\/frigera-koerte-maius-lambakorvad-karvaga-100tk-Photoroom.webp\" \/>\n\t<meta property=\"og:image:width\" content=\"600\" \/>\n\t<meta property=\"og:image:height\" content=\"800\" \/>\n\t<meta property=\"og:image:type\" content=\"image\/webp\" \/>\n<meta name=\"twitter:card\" content=\"summary_large_image\" \/>\n<script type=\"application\/ld+json\" class=\"yoast-schema-graph\">{\"@context\":\"https:\\\/\\\/schema.org\",\"@graph\":[{\"@type\":\"WebPage\",\"@id\":\"https:\\\/\\\/miumjau.ee\\\/fi\\\/tuote\\\/luonnollinen-koiranherkku-lampaan-korva-karvoineen-frigera-1-kpl\\\/\",\"url\":\"https:\\\/\\\/miumjau.ee\\\/fi\\\/tuote\\\/luonnollinen-koiranherkku-lampaan-korva-karvoineen-frigera-1-kpl\\\/\",\"name\":\"Luonnollinen koiranherkku, lampaan korva karvoineen Frigera 1 kpl - MiuMjau\",\"isPartOf\":{\"@id\":\"https:\\\/\\\/miumjau.ee\\\/#website\"},\"primaryImageOfPage\":{\"@id\":\"https:\\\/\\\/miumjau.ee\\\/fi\\\/tuote\\\/luonnollinen-koiranherkku-lampaan-korva-karvoineen-frigera-1-kpl\\\/#primaryimage\"},\"image\":{\"@id\":\"https:\\\/\\\/miumjau.ee\\\/fi\\\/tuote\\\/luonnollinen-koiranherkku-lampaan-korva-karvoineen-frigera-1-kpl\\\/#primaryimage\"},\"thumbnailUrl\":\"https:\\\/\\\/miumjau.ee\\\/wp-content\\\/uploads\\\/2025\\\/05\\\/frigera-koerte-maius-lambakorvad-karvaga-100tk-Photoroom.webp\",\"datePublished\":\"2025-05-28T06:51:06+00:00\",\"dateModified\":\"2026-01-07T20:44:48+00:00\",\"breadcrumb\":{\"@id\":\"https:\\\/\\\/miumjau.ee\\\/fi\\\/tuote\\\/luonnollinen-koiranherkku-lampaan-korva-karvoineen-frigera-1-kpl\\\/#breadcrumb\"},\"inLanguage\":\"fi\",\"potentialAction\":[{\"@type\":\"ReadAction\",\"target\":[\"https:\\\/\\\/miumjau.ee\\\/fi\\\/tuote\\\/luonnollinen-koiranherkku-lampaan-korva-karvoineen-frigera-1-kpl\\\/\"]}]},{\"@type\":\"ImageObject\",\"inLanguage\":\"fi\",\"@id\":\"https:\\\/\\\/miumjau.ee\\\/fi\\\/tuote\\\/luonnollinen-koiranherkku-lampaan-korva-karvoineen-frigera-1-kpl\\\/#primaryimage\",\"url\":\"https:\\\/\\\/miumjau.ee\\\/wp-content\\\/uploads\\\/2025\\\/05\\\/frigera-koerte-maius-lambakorvad-karvaga-100tk-Photoroom.webp\",\"contentUrl\":\"https:\\\/\\\/miumjau.ee\\\/wp-content\\\/uploads\\\/2025\\\/05\\\/frigera-koerte-maius-lambakorvad-karvaga-100tk-Photoroom.webp\",\"width\":600,\"height\":800,\"caption\":\"Naturaalne koera maius, lamba k\u00f5rv karvaga 1tk\"},{\"@type\":\"BreadcrumbList\",\"@id\":\"https:\\\/\\\/miumjau.ee\\\/fi\\\/tuote\\\/luonnollinen-koiranherkku-lampaan-korva-karvoineen-frigera-1-kpl\\\/#breadcrumb\",\"itemListElement\":[{\"@type\":\"ListItem\",\"position\":1,\"name\":\"Home\",\"item\":\"https:\\\/\\\/miumjau.ee\\\/fi\\\/\"},{\"@type\":\"ListItem\",\"position\":2,\"name\":\"Kauppa\",\"item\":\"https:\\\/\\\/miumjau.ee\\\/fi\\\/kauppa\\\/\"},{\"@type\":\"ListItem\",\"position\":3,\"name\":\"Luonnollinen koiranherkku, lampaan korva karvoineen Frigera 1 kpl\"}]},{\"@type\":\"WebSite\",\"@id\":\"https:\\\/\\\/miumjau.ee\\\/#website\",\"url\":\"https:\\\/\\\/miumjau.ee\\\/\",\"name\":\"MiuMjau\",\"description\":\"Kraapimispuud kassidele\",\"publisher\":{\"@id\":\"https:\\\/\\\/miumjau.ee\\\/#organization\"},\"potentialAction\":[{\"@type\":\"SearchAction\",\"target\":{\"@type\":\"EntryPoint\",\"urlTemplate\":\"https:\\\/\\\/miumjau.ee\\\/?s={search_term_string}\"},\"query-input\":{\"@type\":\"PropertyValueSpecification\",\"valueRequired\":true,\"valueName\":\"search_term_string\"}}],\"inLanguage\":\"fi\"},{\"@type\":\"Organization\",\"@id\":\"https:\\\/\\\/miumjau.ee\\\/#organization\",\"name\":\"MiuMjau O\u00dc\",\"url\":\"https:\\\/\\\/miumjau.ee\\\/\",\"logo\":{\"@type\":\"ImageObject\",\"inLanguage\":\"fi\",\"@id\":\"https:\\\/\\\/miumjau.ee\\\/#\\\/schema\\\/logo\\\/image\\\/\",\"url\":\"https:\\\/\\\/miumjau.ee\\\/wp-content\\\/uploads\\\/2022\\\/04\\\/MiuMjau-logo-kollane.png\",\"contentUrl\":\"https:\\\/\\\/miumjau.ee\\\/wp-content\\\/uploads\\\/2022\\\/04\\\/MiuMjau-logo-kollane.png\",\"width\":219,\"height\":100,\"caption\":\"MiuMjau O\u00dc\"},\"image\":{\"@id\":\"https:\\\/\\\/miumjau.ee\\\/#\\\/schema\\\/logo\\\/image\\\/\"},\"sameAs\":[\"https:\\\/\\\/www.facebook.com\\\/miumjaupood\\\/\"]}]}<\/script>\n<!-- \/ Yoast SEO plugin. -->","yoast_head_json":{"title":"Luonnollinen koiranherkku, lampaan korva karvoineen Frigera 1 kpl - MiuMjau","robots":{"index":"index","follow":"follow","max-snippet":"max-snippet:-1","max-image-preview":"max-image-preview:large","max-video-preview":"max-video-preview:-1"},"canonical":"https:\/\/miumjau.ee\/fi\/tuote\/luonnollinen-koiranherkku-lampaan-korva-karvoineen-frigera-1-kpl\/","og_locale":"fi_FI","og_type":"article","og_title":"Luonnollinen koiranherkku, lampaan korva karvoineen Frigera 1 kpl - MiuMjau","og_description":"Tuntuuko sian- tai naudan korvat koirallesi liian tavallisilta tai onko h\u00e4nell\u00e4 niille intoleranssia? friGERA karvoilla varustetut lampaan korvat tulevat avuksi!  Lampaan korvamme ovat 100 % luonnollinen tuote, huolellisesti kuivattu tarjoamaan rapeaa mutta hieman pehme\u00e4mp\u00e4\u00e4 ja v\u00e4h\u00e4rasvaisempaa herkkua verrattuna sian korviin.  T\u00e4m\u00e4 hypoallergeeninen herkku ei ainoastaan tyydyt\u00e4 pureskelun tarvetta ja puhdista hampaita, vaan auttaa my\u00f6s yll\u00e4pit\u00e4m\u00e4\u00e4n vahvoja niveli\u00e4 ja terveit\u00e4 j\u00e4nteit\u00e4, koska se on rikas mangaanin l\u00e4hde.  Lis\u00e4ksi lampaan korvat ovat ymp\u00e4rist\u00f6yst\u00e4v\u00e4llisempi vaihtoehto \u2013 lampaat kuormittavat ymp\u00e4rist\u00f6\u00e4 v\u00e4hemm\u00e4n kuin lehm\u00e4t tai siat. Alhaisen tai olemattoman hajun ansiosta ne sopivat erinomaisesti sis\u00e4tiloihin.  Karvat lis\u00e4\u00e4v\u00e4t lambankorvien arvoa luonnollisella ruoansulatusj\u00e4rjestelm\u00e4n puhdistamisella \u2013 aivan kuten koirat s\u00f6iv\u00e4t saaliinsa villiss\u00e4 luonnossa, mukana karvat ja luut!  Sopivan koon ja tekstuurin ansiosta ne sopivat my\u00f6s pienemmille koirille tai niille, joilla on heikommat leuat.  Koostumus: 100 % lammas (karvoineen)  Analyysi: Proteiini: 59,78 %, Rasva: 29,4 %, Kosteus: 8,27 %  Annosteluohje: Tarjoa herkkupalana aterioiden v\u00e4lill\u00e4 tai palkintona osana tasapainoista ruokavaliota. Valvo aina koiran ruokintaa. Varmista riitt\u00e4v\u00e4 m\u00e4\u00e4r\u00e4 raikasta juomavett\u00e4. Ei sovellu ihmisten ruoaksi.  PS! T\u00e4m\u00e4 on irtotavara ja pakataan ostetun m\u00e4\u00e4r\u00e4n mukaan joko paperiin tai muoviin.","og_url":"https:\/\/miumjau.ee\/fi\/tuote\/luonnollinen-koiranherkku-lampaan-korva-karvoineen-frigera-1-kpl\/","og_site_name":"MiuMjau","article_publisher":"https:\/\/www.facebook.com\/miumjaupood\/","article_modified_time":"2026-01-07T20:44:48+00:00","og_image":[{"width":600,"height":800,"url":"https:\/\/miumjau.ee\/wp-content\/uploads\/2025\/05\/frigera-koerte-maius-lambakorvad-karvaga-100tk-Photoroom.webp","type":"image\/webp"}],"twitter_card":"summary_large_image","schema":{"@context":"https:\/\/schema.org","@graph":[{"@type":"WebPage","@id":"https:\/\/miumjau.ee\/fi\/tuote\/luonnollinen-koiranherkku-lampaan-korva-karvoineen-frigera-1-kpl\/","url":"https:\/\/miumjau.ee\/fi\/tuote\/luonnollinen-koiranherkku-lampaan-korva-karvoineen-frigera-1-kpl\/","name":"Luonnollinen koiranherkku, lampaan korva karvoineen Frigera 1 kpl - MiuMjau","isPartOf":{"@id":"https:\/\/miumjau.ee\/#website"},"primaryImageOfPage":{"@id":"https:\/\/miumjau.ee\/fi\/tuote\/luonnollinen-koiranherkku-lampaan-korva-karvoineen-frigera-1-kpl\/#primaryimage"},"image":{"@id":"https:\/\/miumjau.ee\/fi\/tuote\/luonnollinen-koiranherkku-lampaan-korva-karvoineen-frigera-1-kpl\/#primaryimage"},"thumbnailUrl":"https:\/\/miumjau.ee\/wp-content\/uploads\/2025\/05\/frigera-koerte-maius-lambakorvad-karvaga-100tk-Photoroom.webp","datePublished":"2025-05-28T06:51:06+00:00","dateModified":"2026-01-07T20:44:48+00:00","breadcrumb":{"@id":"https:\/\/miumjau.ee\/fi\/tuote\/luonnollinen-koiranherkku-lampaan-korva-karvoineen-frigera-1-kpl\/#breadcrumb"},"inLanguage":"fi","potentialAction":[{"@type":"ReadAction","target":["https:\/\/miumjau.ee\/fi\/tuote\/luonnollinen-koiranherkku-lampaan-korva-karvoineen-frigera-1-kpl\/"]}]},{"@type":"ImageObject","inLanguage":"fi","@id":"https:\/\/miumjau.ee\/fi\/tuote\/luonnollinen-koiranherkku-lampaan-korva-karvoineen-frigera-1-kpl\/#primaryimage","url":"https:\/\/miumjau.ee\/wp-content\/uploads\/2025\/05\/frigera-koerte-maius-lambakorvad-karvaga-100tk-Photoroom.webp","contentUrl":"https:\/\/miumjau.ee\/wp-content\/uploads\/2025\/05\/frigera-koerte-maius-lambakorvad-karvaga-100tk-Photoroom.webp","width":600,"height":800,"caption":"Naturaalne koera maius, lamba k\u00f5rv karvaga 1tk"},{"@type":"BreadcrumbList","@id":"https:\/\/miumjau.ee\/fi\/tuote\/luonnollinen-koiranherkku-lampaan-korva-karvoineen-frigera-1-kpl\/#breadcrumb","itemListElement":[{"@type":"ListItem","position":1,"name":"Home","item":"https:\/\/miumjau.ee\/fi\/"},{"@type":"ListItem","position":2,"name":"Kauppa","item":"https:\/\/miumjau.ee\/fi\/kauppa\/"},{"@type":"ListItem","position":3,"name":"Luonnollinen koiranherkku, lampaan korva karvoineen Frigera 1 kpl"}]},{"@type":"WebSite","@id":"https:\/\/miumjau.ee\/#website","url":"https:\/\/miumjau.ee\/","name":"MiuMjau","description":"Kraapimispuud kassidele","publisher":{"@id":"https:\/\/miumjau.ee\/#organization"},"potentialAction":[{"@type":"SearchAction","target":{"@type":"EntryPoint","urlTemplate":"https:\/\/miumjau.ee\/?s={search_term_string}"},"query-input":{"@type":"PropertyValueSpecification","valueRequired":true,"valueName":"search_term_string"}}],"inLanguage":"fi"},{"@type":"Organization","@id":"https:\/\/miumjau.ee\/#organization","name":"MiuMjau O\u00dc","url":"https:\/\/miumjau.ee\/","logo":{"@type":"ImageObject","inLanguage":"fi","@id":"https:\/\/miumjau.ee\/#\/schema\/logo\/image\/","url":"https:\/\/miumjau.ee\/wp-content\/uploads\/2022\/04\/MiuMjau-logo-kollane.png","contentUrl":"https:\/\/miumjau.ee\/wp-content\/uploads\/2022\/04\/MiuMjau-logo-kollane.png","width":219,"height":100,"caption":"MiuMjau O\u00dc"},"image":{"@id":"https:\/\/miumjau.ee\/#\/schema\/logo\/image\/"},"sameAs":["https:\/\/www.facebook.com\/miumjaupood\/"]}]}},"_links":{"self":[{"href":"https:\/\/miumjau.ee\/fi\/wp-json\/wp\/v2\/product\/48419","targetHints":{"allow":["GET"]}}],"collection":[{"href":"https:\/\/miumjau.ee\/fi\/wp-json\/wp\/v2\/product"}],"about":[{"href":"https:\/\/miumjau.ee\/fi\/wp-json\/wp\/v2\/types\/product"}],"wp:featuredmedia":[{"embeddable":true,"href":"https:\/\/miumjau.ee\/fi\/wp-json\/wp\/v2\/media\/34921"}],"wp:attachment":[{"href":"https:\/\/miumjau.ee\/fi\/wp-json\/wp\/v2\/media?parent=48419"}],"wp:term":[{"taxonomy":"product_brand","embeddable":true,"href":"https:\/\/miumjau.ee\/fi\/wp-json\/wp\/v2\/product_brand?post=48419"},{"taxonomy":"product_cat","embeddable":true,"href":"https:\/\/miumjau.ee\/fi\/wp-json\/wp\/v2\/product_cat?post=48419"},{"taxonomy":"product_tag","embeddable":true,"href":"https:\/\/miumjau.ee\/fi\/wp-json\/wp\/v2\/product_tag?post=48419"}],"curies":[{"name":"wp","href":"https:\/\/api.w.org\/{rel}","templated":true}]}}