{"id":48413,"date":"2025-05-28T11:35:58","date_gmt":"2025-05-28T08:35:58","guid":{"rendered":"https:\/\/miumjau.ee\/toode\/frigera-naudan-korva-karvoineen-ja-lihalla-2-kpl\/"},"modified":"2026-01-07T22:44:48","modified_gmt":"2026-01-07T20:44:48","slug":"frigera-naudan-korva-karvoineen-ja-lihalla-2-kpl","status":"publish","type":"product","link":"https:\/\/miumjau.ee\/fi\/tuote\/frigera-naudan-korva-karvoineen-ja-lihalla-2-kpl\/","title":{"rendered":"Frigera naudan korva karvoineen ja lihalla, 2 kpl"},"content":{"rendered":"","protected":false},"excerpt":{"rendered":"<p>Oletko kuten useimmat koiranomistajat ja haluat tarjota karvaiselle yst\u00e4v\u00e4llesi herkkuja? T\u00e4ll\u00f6in haluat varmasti, ett\u00e4 n\u00e4m\u00e4 herkut ovat terveellisi\u00e4 ja ravitsevia. T\u00e4ss\u00e4 tulevat apuun karvoineen olevat naudan korvat!<\/p>\n<p>Karvoineen olevat naudan korvamme on valmistettu parhaista eurooppalaisista naudoista. Ne sis\u00e4lt\u00e4v\u00e4t v\u00e4hemm\u00e4n rasvaa kuin sian korvat ja ovat huomattavasti sitke\u00e4mpi\u00e4, mik\u00e4 tekee niist\u00e4 erinomaisen vaihtoehdon. Tuloksena on paljon puruiloa ja parempi ruoansulatus koirallesi.<\/p>\n<p>Kyseess\u00e4 on todellinen paras kahden maailman yhdistelm\u00e4: lihapitoinen sis\u00e4korva rustoineen ja nahkoineen. Luonnollisesti runsas glukosamiinin ja kondroitiinin l\u00e4hde, tukee nivelten terveytt\u00e4. Lis\u00e4ksi ne sis\u00e4lt\u00e4v\u00e4t arvokkaita omega-3-rasvahappoja ja mineraaleja kuten sinkki\u00e4 ja seleeni\u00e4.<\/p>\n<p>Ja mik\u00e4 parasta \u2013 karva voi auttaa puhdistamaan koiran suolistoa luonnollisesti, j\u00e4ljitellen sit\u00e4, miten koirat mets\u00e4stiv\u00e4t ja s\u00f6iv\u00e4t el\u00e4imi\u00e4 karvoineen ja luineen!<\/p>\n<p>Karvoineen olevat naudan korvat ovat t\u00e4ydellinen herkku, joka puhdistaa, hieroo ja hoitaa koirasi hampaita ja ikeni\u00e4.<\/p>\n<p>Koostumus: 100 % nauta<\/p>\n<p>Analyysi: Proteiini: 78,1 %, Rasva: 5 %, Kosteus: 4,9 %<\/p>\n<p>Annosteluohje: Tarjoa herkkupalana aterioiden v\u00e4lill\u00e4 tai palkintona osana tasapainoista ruokavaliota. Valvo aina koiran ruokintaa. Varmista aina riitt\u00e4v\u00e4 m\u00e4\u00e4r\u00e4 raikasta juomavett\u00e4. Ei sovellu ihmisten ruoaksi.<\/p>\n<p>Huom! Kyseess\u00e4 on painotuote ja pakataan ostetun m\u00e4\u00e4r\u00e4n mukaan joko paperiin tai muoviin.<\/p>\n","protected":false},"featured_media":35057,"template":"","meta":[],"product_brand":[],"product_cat":[480],"product_tag":[],"class_list":{"0":"post-48413","1":"product","2":"type-product","3":"status-publish","4":"has-post-thumbnail","6":"product_cat-herkut-koirille","8":"first","9":"instock","10":"taxable","11":"shipping-taxable","12":"purchasable","13":"product-type-simple"},"yoast_head":"<!-- This site is optimized with the Yoast SEO plugin v27.2 - https:\/\/yoast.com\/product\/yoast-seo-wordpress\/ -->\n<title>Frigera naudan korva karvoineen ja lihalla, 2 kpl - MiuMjau<\/title>\n<meta name=\"robots\" content=\"index, follow, max-snippet:-1, max-image-preview:large, max-video-preview:-1\" \/>\n<link rel=\"canonical\" href=\"https:\/\/miumjau.ee\/fi\/tuote\/frigera-naudan-korva-karvoineen-ja-lihalla-2-kpl\/\" \/>\n<meta property=\"og:locale\" content=\"fi_FI\" \/>\n<meta property=\"og:type\" content=\"article\" \/>\n<meta property=\"og:title\" content=\"Frigera naudan korva karvoineen ja lihalla, 2 kpl - MiuMjau\" \/>\n<meta property=\"og:description\" content=\"Oletko kuten useimmat koiranomistajat ja haluat tarjota karvaiselle yst\u00e4v\u00e4llesi herkkuja? T\u00e4ll\u00f6in haluat varmasti, ett\u00e4 n\u00e4m\u00e4 herkut ovat terveellisi\u00e4 ja ravitsevia. T\u00e4ss\u00e4 tulevat apuun karvoineen olevat naudan korvat!  Karvoineen olevat naudan korvamme on valmistettu parhaista eurooppalaisista naudoista. Ne sis\u00e4lt\u00e4v\u00e4t v\u00e4hemm\u00e4n rasvaa kuin sian korvat ja ovat huomattavasti sitke\u00e4mpi\u00e4, mik\u00e4 tekee niist\u00e4 erinomaisen vaihtoehdon. Tuloksena on paljon puruiloa ja parempi ruoansulatus koirallesi.  Kyseess\u00e4 on todellinen paras kahden maailman yhdistelm\u00e4: lihapitoinen sis\u00e4korva rustoineen ja nahkoineen. Luonnollisesti runsas glukosamiinin ja kondroitiinin l\u00e4hde, tukee nivelten terveytt\u00e4. Lis\u00e4ksi ne sis\u00e4lt\u00e4v\u00e4t arvokkaita omega-3-rasvahappoja ja mineraaleja kuten sinkki\u00e4 ja seleeni\u00e4.  Ja mik\u00e4 parasta \u2013 karva voi auttaa puhdistamaan koiran suolistoa luonnollisesti, j\u00e4ljitellen sit\u00e4, miten koirat mets\u00e4stiv\u00e4t ja s\u00f6iv\u00e4t el\u00e4imi\u00e4 karvoineen ja luineen!  Karvoineen olevat naudan korvat ovat t\u00e4ydellinen herkku, joka puhdistaa, hieroo ja hoitaa koirasi hampaita ja ikeni\u00e4.  Koostumus: 100 % nauta  Analyysi: Proteiini: 78,1 %, Rasva: 5 %, Kosteus: 4,9 %  Annosteluohje: Tarjoa herkkupalana aterioiden v\u00e4lill\u00e4 tai palkintona osana tasapainoista ruokavaliota. Valvo aina koiran ruokintaa. Varmista aina riitt\u00e4v\u00e4 m\u00e4\u00e4r\u00e4 raikasta juomavett\u00e4. Ei sovellu ihmisten ruoaksi.  Huom! Kyseess\u00e4 on painotuote ja pakataan ostetun m\u00e4\u00e4r\u00e4n mukaan joko paperiin tai muoviin.\" \/>\n<meta property=\"og:url\" content=\"https:\/\/miumjau.ee\/fi\/tuote\/frigera-naudan-korva-karvoineen-ja-lihalla-2-kpl\/\" \/>\n<meta property=\"og:site_name\" content=\"MiuMjau\" \/>\n<meta property=\"article:publisher\" content=\"https:\/\/www.facebook.com\/miumjaupood\/\" \/>\n<meta property=\"article:modified_time\" content=\"2026-01-07T20:44:48+00:00\" \/>\n<meta property=\"og:image\" content=\"https:\/\/miumjau.ee\/wp-content\/uploads\/2025\/05\/frigera-koerte-maius-veisekorvad-lihaga-ja-karvaga-25tk-Photoroom.webp\" \/>\n\t<meta property=\"og:image:width\" content=\"600\" \/>\n\t<meta property=\"og:image:height\" content=\"800\" \/>\n\t<meta property=\"og:image:type\" content=\"image\/webp\" \/>\n<meta name=\"twitter:card\" content=\"summary_large_image\" \/>\n<script type=\"application\/ld+json\" class=\"yoast-schema-graph\">{\"@context\":\"https:\/\/schema.org\",\"@graph\":[{\"@type\":\"WebPage\",\"@id\":\"https:\/\/miumjau.ee\/fi\/tuote\/frigera-naudan-korva-karvoineen-ja-lihalla-2-kpl\/\",\"url\":\"https:\/\/miumjau.ee\/fi\/tuote\/frigera-naudan-korva-karvoineen-ja-lihalla-2-kpl\/\",\"name\":\"Frigera naudan korva karvoineen ja lihalla, 2 kpl - MiuMjau\",\"isPartOf\":{\"@id\":\"https:\/\/miumjau.ee\/#website\"},\"primaryImageOfPage\":{\"@id\":\"https:\/\/miumjau.ee\/fi\/tuote\/frigera-naudan-korva-karvoineen-ja-lihalla-2-kpl\/#primaryimage\"},\"image\":{\"@id\":\"https:\/\/miumjau.ee\/fi\/tuote\/frigera-naudan-korva-karvoineen-ja-lihalla-2-kpl\/#primaryimage\"},\"thumbnailUrl\":\"https:\/\/miumjau.ee\/wp-content\/uploads\/2025\/05\/frigera-koerte-maius-veisekorvad-lihaga-ja-karvaga-25tk-Photoroom.webp\",\"datePublished\":\"2025-05-28T08:35:58+00:00\",\"dateModified\":\"2026-01-07T20:44:48+00:00\",\"breadcrumb\":{\"@id\":\"https:\/\/miumjau.ee\/fi\/tuote\/frigera-naudan-korva-karvoineen-ja-lihalla-2-kpl\/#breadcrumb\"},\"inLanguage\":\"fi\",\"potentialAction\":[{\"@type\":\"ReadAction\",\"target\":[\"https:\/\/miumjau.ee\/fi\/tuote\/frigera-naudan-korva-karvoineen-ja-lihalla-2-kpl\/\"]}]},{\"@type\":\"ImageObject\",\"inLanguage\":\"fi\",\"@id\":\"https:\/\/miumjau.ee\/fi\/tuote\/frigera-naudan-korva-karvoineen-ja-lihalla-2-kpl\/#primaryimage\",\"url\":\"https:\/\/miumjau.ee\/wp-content\/uploads\/2025\/05\/frigera-koerte-maius-veisekorvad-lihaga-ja-karvaga-25tk-Photoroom.webp\",\"contentUrl\":\"https:\/\/miumjau.ee\/wp-content\/uploads\/2025\/05\/frigera-koerte-maius-veisekorvad-lihaga-ja-karvaga-25tk-Photoroom.webp\",\"width\":600,\"height\":800,\"caption\":\"N\u00e4rimismaius koertele, veise k\u00f5rv karvade ja lihaga, 1 tk\"},{\"@type\":\"BreadcrumbList\",\"@id\":\"https:\/\/miumjau.ee\/fi\/tuote\/frigera-naudan-korva-karvoineen-ja-lihalla-2-kpl\/#breadcrumb\",\"itemListElement\":[{\"@type\":\"ListItem\",\"position\":1,\"name\":\"Home\",\"item\":\"https:\/\/miumjau.ee\/fi\/\"},{\"@type\":\"ListItem\",\"position\":2,\"name\":\"Kauppa\",\"item\":\"https:\/\/miumjau.ee\/fi\/kauppa\/\"},{\"@type\":\"ListItem\",\"position\":3,\"name\":\"Frigera naudan korva karvoineen ja lihalla, 2 kpl\"}]},{\"@type\":\"WebSite\",\"@id\":\"https:\/\/miumjau.ee\/#website\",\"url\":\"https:\/\/miumjau.ee\/\",\"name\":\"MiuMjau\",\"description\":\"Kraapimispuud kassidele\",\"publisher\":{\"@id\":\"https:\/\/miumjau.ee\/#organization\"},\"potentialAction\":[{\"@type\":\"SearchAction\",\"target\":{\"@type\":\"EntryPoint\",\"urlTemplate\":\"https:\/\/miumjau.ee\/?s={search_term_string}\"},\"query-input\":{\"@type\":\"PropertyValueSpecification\",\"valueRequired\":true,\"valueName\":\"search_term_string\"}}],\"inLanguage\":\"fi\"},{\"@type\":\"Organization\",\"@id\":\"https:\/\/miumjau.ee\/#organization\",\"name\":\"MiuMjau O\u00dc\",\"url\":\"https:\/\/miumjau.ee\/\",\"logo\":{\"@type\":\"ImageObject\",\"inLanguage\":\"fi\",\"@id\":\"https:\/\/miumjau.ee\/#\/schema\/logo\/image\/\",\"url\":\"https:\/\/miumjau.ee\/wp-content\/uploads\/2022\/04\/MiuMjau-logo-kollane.png\",\"contentUrl\":\"https:\/\/miumjau.ee\/wp-content\/uploads\/2022\/04\/MiuMjau-logo-kollane.png\",\"width\":219,\"height\":100,\"caption\":\"MiuMjau O\u00dc\"},\"image\":{\"@id\":\"https:\/\/miumjau.ee\/#\/schema\/logo\/image\/\"},\"sameAs\":[\"https:\/\/www.facebook.com\/miumjaupood\/\"]}]}<\/script>\n<!-- \/ Yoast SEO plugin. -->","yoast_head_json":{"title":"Frigera naudan korva karvoineen ja lihalla, 2 kpl - MiuMjau","robots":{"index":"index","follow":"follow","max-snippet":"max-snippet:-1","max-image-preview":"max-image-preview:large","max-video-preview":"max-video-preview:-1"},"canonical":"https:\/\/miumjau.ee\/fi\/tuote\/frigera-naudan-korva-karvoineen-ja-lihalla-2-kpl\/","og_locale":"fi_FI","og_type":"article","og_title":"Frigera naudan korva karvoineen ja lihalla, 2 kpl - MiuMjau","og_description":"Oletko kuten useimmat koiranomistajat ja haluat tarjota karvaiselle yst\u00e4v\u00e4llesi herkkuja? T\u00e4ll\u00f6in haluat varmasti, ett\u00e4 n\u00e4m\u00e4 herkut ovat terveellisi\u00e4 ja ravitsevia. T\u00e4ss\u00e4 tulevat apuun karvoineen olevat naudan korvat!  Karvoineen olevat naudan korvamme on valmistettu parhaista eurooppalaisista naudoista. Ne sis\u00e4lt\u00e4v\u00e4t v\u00e4hemm\u00e4n rasvaa kuin sian korvat ja ovat huomattavasti sitke\u00e4mpi\u00e4, mik\u00e4 tekee niist\u00e4 erinomaisen vaihtoehdon. Tuloksena on paljon puruiloa ja parempi ruoansulatus koirallesi.  Kyseess\u00e4 on todellinen paras kahden maailman yhdistelm\u00e4: lihapitoinen sis\u00e4korva rustoineen ja nahkoineen. Luonnollisesti runsas glukosamiinin ja kondroitiinin l\u00e4hde, tukee nivelten terveytt\u00e4. Lis\u00e4ksi ne sis\u00e4lt\u00e4v\u00e4t arvokkaita omega-3-rasvahappoja ja mineraaleja kuten sinkki\u00e4 ja seleeni\u00e4.  Ja mik\u00e4 parasta \u2013 karva voi auttaa puhdistamaan koiran suolistoa luonnollisesti, j\u00e4ljitellen sit\u00e4, miten koirat mets\u00e4stiv\u00e4t ja s\u00f6iv\u00e4t el\u00e4imi\u00e4 karvoineen ja luineen!  Karvoineen olevat naudan korvat ovat t\u00e4ydellinen herkku, joka puhdistaa, hieroo ja hoitaa koirasi hampaita ja ikeni\u00e4.  Koostumus: 100 % nauta  Analyysi: Proteiini: 78,1 %, Rasva: 5 %, Kosteus: 4,9 %  Annosteluohje: Tarjoa herkkupalana aterioiden v\u00e4lill\u00e4 tai palkintona osana tasapainoista ruokavaliota. Valvo aina koiran ruokintaa. Varmista aina riitt\u00e4v\u00e4 m\u00e4\u00e4r\u00e4 raikasta juomavett\u00e4. Ei sovellu ihmisten ruoaksi.  Huom! Kyseess\u00e4 on painotuote ja pakataan ostetun m\u00e4\u00e4r\u00e4n mukaan joko paperiin tai muoviin.","og_url":"https:\/\/miumjau.ee\/fi\/tuote\/frigera-naudan-korva-karvoineen-ja-lihalla-2-kpl\/","og_site_name":"MiuMjau","article_publisher":"https:\/\/www.facebook.com\/miumjaupood\/","article_modified_time":"2026-01-07T20:44:48+00:00","og_image":[{"width":600,"height":800,"url":"https:\/\/miumjau.ee\/wp-content\/uploads\/2025\/05\/frigera-koerte-maius-veisekorvad-lihaga-ja-karvaga-25tk-Photoroom.webp","type":"image\/webp"}],"twitter_card":"summary_large_image","schema":{"@context":"https:\/\/schema.org","@graph":[{"@type":"WebPage","@id":"https:\/\/miumjau.ee\/fi\/tuote\/frigera-naudan-korva-karvoineen-ja-lihalla-2-kpl\/","url":"https:\/\/miumjau.ee\/fi\/tuote\/frigera-naudan-korva-karvoineen-ja-lihalla-2-kpl\/","name":"Frigera naudan korva karvoineen ja lihalla, 2 kpl - MiuMjau","isPartOf":{"@id":"https:\/\/miumjau.ee\/#website"},"primaryImageOfPage":{"@id":"https:\/\/miumjau.ee\/fi\/tuote\/frigera-naudan-korva-karvoineen-ja-lihalla-2-kpl\/#primaryimage"},"image":{"@id":"https:\/\/miumjau.ee\/fi\/tuote\/frigera-naudan-korva-karvoineen-ja-lihalla-2-kpl\/#primaryimage"},"thumbnailUrl":"https:\/\/miumjau.ee\/wp-content\/uploads\/2025\/05\/frigera-koerte-maius-veisekorvad-lihaga-ja-karvaga-25tk-Photoroom.webp","datePublished":"2025-05-28T08:35:58+00:00","dateModified":"2026-01-07T20:44:48+00:00","breadcrumb":{"@id":"https:\/\/miumjau.ee\/fi\/tuote\/frigera-naudan-korva-karvoineen-ja-lihalla-2-kpl\/#breadcrumb"},"inLanguage":"fi","potentialAction":[{"@type":"ReadAction","target":["https:\/\/miumjau.ee\/fi\/tuote\/frigera-naudan-korva-karvoineen-ja-lihalla-2-kpl\/"]}]},{"@type":"ImageObject","inLanguage":"fi","@id":"https:\/\/miumjau.ee\/fi\/tuote\/frigera-naudan-korva-karvoineen-ja-lihalla-2-kpl\/#primaryimage","url":"https:\/\/miumjau.ee\/wp-content\/uploads\/2025\/05\/frigera-koerte-maius-veisekorvad-lihaga-ja-karvaga-25tk-Photoroom.webp","contentUrl":"https:\/\/miumjau.ee\/wp-content\/uploads\/2025\/05\/frigera-koerte-maius-veisekorvad-lihaga-ja-karvaga-25tk-Photoroom.webp","width":600,"height":800,"caption":"N\u00e4rimismaius koertele, veise k\u00f5rv karvade ja lihaga, 1 tk"},{"@type":"BreadcrumbList","@id":"https:\/\/miumjau.ee\/fi\/tuote\/frigera-naudan-korva-karvoineen-ja-lihalla-2-kpl\/#breadcrumb","itemListElement":[{"@type":"ListItem","position":1,"name":"Home","item":"https:\/\/miumjau.ee\/fi\/"},{"@type":"ListItem","position":2,"name":"Kauppa","item":"https:\/\/miumjau.ee\/fi\/kauppa\/"},{"@type":"ListItem","position":3,"name":"Frigera naudan korva karvoineen ja lihalla, 2 kpl"}]},{"@type":"WebSite","@id":"https:\/\/miumjau.ee\/#website","url":"https:\/\/miumjau.ee\/","name":"MiuMjau","description":"Kraapimispuud kassidele","publisher":{"@id":"https:\/\/miumjau.ee\/#organization"},"potentialAction":[{"@type":"SearchAction","target":{"@type":"EntryPoint","urlTemplate":"https:\/\/miumjau.ee\/?s={search_term_string}"},"query-input":{"@type":"PropertyValueSpecification","valueRequired":true,"valueName":"search_term_string"}}],"inLanguage":"fi"},{"@type":"Organization","@id":"https:\/\/miumjau.ee\/#organization","name":"MiuMjau O\u00dc","url":"https:\/\/miumjau.ee\/","logo":{"@type":"ImageObject","inLanguage":"fi","@id":"https:\/\/miumjau.ee\/#\/schema\/logo\/image\/","url":"https:\/\/miumjau.ee\/wp-content\/uploads\/2022\/04\/MiuMjau-logo-kollane.png","contentUrl":"https:\/\/miumjau.ee\/wp-content\/uploads\/2022\/04\/MiuMjau-logo-kollane.png","width":219,"height":100,"caption":"MiuMjau O\u00dc"},"image":{"@id":"https:\/\/miumjau.ee\/#\/schema\/logo\/image\/"},"sameAs":["https:\/\/www.facebook.com\/miumjaupood\/"]}]}},"_links":{"self":[{"href":"https:\/\/miumjau.ee\/fi\/wp-json\/wp\/v2\/product\/48413","targetHints":{"allow":["GET"]}}],"collection":[{"href":"https:\/\/miumjau.ee\/fi\/wp-json\/wp\/v2\/product"}],"about":[{"href":"https:\/\/miumjau.ee\/fi\/wp-json\/wp\/v2\/types\/product"}],"wp:featuredmedia":[{"embeddable":true,"href":"https:\/\/miumjau.ee\/fi\/wp-json\/wp\/v2\/media\/35057"}],"wp:attachment":[{"href":"https:\/\/miumjau.ee\/fi\/wp-json\/wp\/v2\/media?parent=48413"}],"wp:term":[{"taxonomy":"product_brand","embeddable":true,"href":"https:\/\/miumjau.ee\/fi\/wp-json\/wp\/v2\/product_brand?post=48413"},{"taxonomy":"product_cat","embeddable":true,"href":"https:\/\/miumjau.ee\/fi\/wp-json\/wp\/v2\/product_cat?post=48413"},{"taxonomy":"product_tag","embeddable":true,"href":"https:\/\/miumjau.ee\/fi\/wp-json\/wp\/v2\/product_tag?post=48413"}],"curies":[{"name":"wp","href":"https:\/\/api.w.org\/{rel}","templated":true}]}}