{"id":48407,"date":"2025-05-28T11:53:22","date_gmt":"2025-05-28T08:53:22","guid":{"rendered":"https:\/\/miumjau.ee\/toode\/puruluu-koirille-frigera-bully-wrap-1-kpl\/"},"modified":"2026-01-07T22:44:48","modified_gmt":"2026-01-07T20:44:48","slug":"puruluu-koirille-frigera-bully-wrap-1-kpl","status":"publish","type":"product","link":"https:\/\/miumjau.ee\/fi\/tuote\/puruluu-koirille-frigera-bully-wrap-1-kpl\/","title":{"rendered":"Puruluu koirille Frigera Bully Wrap 1 kpl"},"content":{"rendered":"","protected":false},"excerpt":{"rendered":"<p data-start=\"145\" data-end=\"349\">Oletko kyll\u00e4stynyt siihen, ett\u00e4 annat karvaiselle yst\u00e4v\u00e4llesi tylsi\u00e4 ja k\u00e4siteltyj\u00e4 purutikkuja? Se aika on ohi! friGERA naudanlihasta valmistetut Bully Wrapit ovat paras tapa hemmotella rakasta koiraasi!<\/p>\n<p data-start=\"351\" data-end=\"603\">Bully Wrapimme ovat herkullinen makupala, valmistettu hell\u00e4sti kuivatuista, vapaana kasvatettujen nautojen lihasta, joita kasvatetaan ihmisravinnoksi. El\u00e4imi\u00e4 kasvatetaan ilman antibiootteja, steroideja tai hormoneja \u2013 l\u00e4hes maksimaalisen luonnollista!<\/p>\n<p data-start=\"605\" data-end=\"805\">T\u00e4m\u00e4 herkku on runsasproteiininen, sis\u00e4lt\u00e4\u00e4 rautaa, sinkki\u00e4, magnesiumia ja B12-vitamiinia, mutta on v\u00e4h\u00e4rasvainen \u2013 ihanteellinen lihasten tukemiseen ja t\u00e4rkeiden ravinteiden tarjoamiseen koirallesi.<\/p>\n<p data-start=\"807\" data-end=\"1058\">Toisin kuin tavalliset purutikut, meid\u00e4n Bully Wrapimme ovat pehmeit\u00e4 mutta sitkeit\u00e4, mik\u00e4 tekee niist\u00e4 erinomaisen valinnan koiran hampaiden ja ikenien hellimiseen samanaikaisesti. \u00c4l\u00e4 tyydy tyls\u00e4\u00e4n \u2013 palkitse koirasi t\u00e4ll\u00e4 herkullisella makupalalla!<\/p>\n<p data-start=\"1060\" data-end=\"1155\">\u26a0\ufe0f Huom! Kyseess\u00e4 on painotuote, joka pakataan ostetun m\u00e4\u00e4r\u00e4n mukaan joko paperiin tai muoviin.<\/p>\n","protected":false},"featured_media":35149,"template":"","meta":[],"product_brand":[],"product_cat":[480],"product_tag":[],"class_list":{"0":"post-48407","1":"product","2":"type-product","3":"status-publish","4":"has-post-thumbnail","6":"product_cat-herkut-koirille","8":"first","9":"instock","10":"taxable","11":"shipping-taxable","12":"purchasable","13":"product-type-simple"},"yoast_head":"<!-- This site is optimized with the Yoast SEO plugin v27.2 - https:\/\/yoast.com\/product\/yoast-seo-wordpress\/ -->\n<title>Puruluu koirille Frigera Bully Wrap 1 kpl - MiuMjau<\/title>\n<meta name=\"robots\" content=\"index, follow, max-snippet:-1, max-image-preview:large, max-video-preview:-1\" \/>\n<link rel=\"canonical\" href=\"https:\/\/miumjau.ee\/fi\/tuote\/puruluu-koirille-frigera-bully-wrap-1-kpl\/\" \/>\n<meta property=\"og:locale\" content=\"fi_FI\" \/>\n<meta property=\"og:type\" content=\"article\" \/>\n<meta property=\"og:title\" content=\"Puruluu koirille Frigera Bully Wrap 1 kpl - MiuMjau\" \/>\n<meta property=\"og:description\" content=\"Oletko kyll\u00e4stynyt siihen, ett\u00e4 annat karvaiselle yst\u00e4v\u00e4llesi tylsi\u00e4 ja k\u00e4siteltyj\u00e4 purutikkuja? Se aika on ohi! friGERA naudanlihasta valmistetut Bully Wrapit ovat paras tapa hemmotella rakasta koiraasi! Bully Wrapimme ovat herkullinen makupala, valmistettu hell\u00e4sti kuivatuista, vapaana kasvatettujen nautojen lihasta, joita kasvatetaan ihmisravinnoksi. El\u00e4imi\u00e4 kasvatetaan ilman antibiootteja, steroideja tai hormoneja \u2013 l\u00e4hes maksimaalisen luonnollista! T\u00e4m\u00e4 herkku on runsasproteiininen, sis\u00e4lt\u00e4\u00e4 rautaa, sinkki\u00e4, magnesiumia ja B12-vitamiinia, mutta on v\u00e4h\u00e4rasvainen \u2013 ihanteellinen lihasten tukemiseen ja t\u00e4rkeiden ravinteiden tarjoamiseen koirallesi. Toisin kuin tavalliset purutikut, meid\u00e4n Bully Wrapimme ovat pehmeit\u00e4 mutta sitkeit\u00e4, mik\u00e4 tekee niist\u00e4 erinomaisen valinnan koiran hampaiden ja ikenien hellimiseen samanaikaisesti. \u00c4l\u00e4 tyydy tyls\u00e4\u00e4n \u2013 palkitse koirasi t\u00e4ll\u00e4 herkullisella makupalalla! \u26a0\ufe0f Huom! Kyseess\u00e4 on painotuote, joka pakataan ostetun m\u00e4\u00e4r\u00e4n mukaan joko paperiin tai muoviin.\" \/>\n<meta property=\"og:url\" content=\"https:\/\/miumjau.ee\/fi\/tuote\/puruluu-koirille-frigera-bully-wrap-1-kpl\/\" \/>\n<meta property=\"og:site_name\" content=\"MiuMjau\" \/>\n<meta property=\"article:publisher\" content=\"https:\/\/www.facebook.com\/miumjaupood\/\" \/>\n<meta property=\"article:modified_time\" content=\"2026-01-07T20:44:48+00:00\" \/>\n<meta property=\"og:image\" content=\"https:\/\/miumjau.ee\/wp-content\/uploads\/2025\/05\/frigera-pullipeenise-torud-35tk-Photoroom.webp\" \/>\n\t<meta property=\"og:image:width\" content=\"600\" \/>\n\t<meta property=\"og:image:height\" content=\"800\" \/>\n\t<meta property=\"og:image:type\" content=\"image\/webp\" \/>\n<meta name=\"twitter:card\" content=\"summary_large_image\" \/>\n<script type=\"application\/ld+json\" class=\"yoast-schema-graph\">{\"@context\":\"https:\/\/schema.org\",\"@graph\":[{\"@type\":\"WebPage\",\"@id\":\"https:\/\/miumjau.ee\/fi\/tuote\/puruluu-koirille-frigera-bully-wrap-1-kpl\/\",\"url\":\"https:\/\/miumjau.ee\/fi\/tuote\/puruluu-koirille-frigera-bully-wrap-1-kpl\/\",\"name\":\"Puruluu koirille Frigera Bully Wrap 1 kpl - MiuMjau\",\"isPartOf\":{\"@id\":\"https:\/\/miumjau.ee\/#website\"},\"primaryImageOfPage\":{\"@id\":\"https:\/\/miumjau.ee\/fi\/tuote\/puruluu-koirille-frigera-bully-wrap-1-kpl\/#primaryimage\"},\"image\":{\"@id\":\"https:\/\/miumjau.ee\/fi\/tuote\/puruluu-koirille-frigera-bully-wrap-1-kpl\/#primaryimage\"},\"thumbnailUrl\":\"https:\/\/miumjau.ee\/wp-content\/uploads\/2025\/05\/frigera-pullipeenise-torud-35tk-Photoroom.webp\",\"datePublished\":\"2025-05-28T08:53:22+00:00\",\"dateModified\":\"2026-01-07T20:44:48+00:00\",\"breadcrumb\":{\"@id\":\"https:\/\/miumjau.ee\/fi\/tuote\/puruluu-koirille-frigera-bully-wrap-1-kpl\/#breadcrumb\"},\"inLanguage\":\"fi\",\"potentialAction\":[{\"@type\":\"ReadAction\",\"target\":[\"https:\/\/miumjau.ee\/fi\/tuote\/puruluu-koirille-frigera-bully-wrap-1-kpl\/\"]}]},{\"@type\":\"ImageObject\",\"inLanguage\":\"fi\",\"@id\":\"https:\/\/miumjau.ee\/fi\/tuote\/puruluu-koirille-frigera-bully-wrap-1-kpl\/#primaryimage\",\"url\":\"https:\/\/miumjau.ee\/wp-content\/uploads\/2025\/05\/frigera-pullipeenise-torud-35tk-Photoroom.webp\",\"contentUrl\":\"https:\/\/miumjau.ee\/wp-content\/uploads\/2025\/05\/frigera-pullipeenise-torud-35tk-Photoroom.webp\",\"width\":600,\"height\":800,\"caption\":\"N\u00e4rimismaius koertele bully wrap 1tk\"},{\"@type\":\"BreadcrumbList\",\"@id\":\"https:\/\/miumjau.ee\/fi\/tuote\/puruluu-koirille-frigera-bully-wrap-1-kpl\/#breadcrumb\",\"itemListElement\":[{\"@type\":\"ListItem\",\"position\":1,\"name\":\"Home\",\"item\":\"https:\/\/miumjau.ee\/fi\/\"},{\"@type\":\"ListItem\",\"position\":2,\"name\":\"Kauppa\",\"item\":\"https:\/\/miumjau.ee\/fi\/kauppa\/\"},{\"@type\":\"ListItem\",\"position\":3,\"name\":\"Puruluu koirille Frigera Bully Wrap 1 kpl\"}]},{\"@type\":\"WebSite\",\"@id\":\"https:\/\/miumjau.ee\/#website\",\"url\":\"https:\/\/miumjau.ee\/\",\"name\":\"MiuMjau\",\"description\":\"Kraapimispuud kassidele\",\"publisher\":{\"@id\":\"https:\/\/miumjau.ee\/#organization\"},\"potentialAction\":[{\"@type\":\"SearchAction\",\"target\":{\"@type\":\"EntryPoint\",\"urlTemplate\":\"https:\/\/miumjau.ee\/?s={search_term_string}\"},\"query-input\":{\"@type\":\"PropertyValueSpecification\",\"valueRequired\":true,\"valueName\":\"search_term_string\"}}],\"inLanguage\":\"fi\"},{\"@type\":\"Organization\",\"@id\":\"https:\/\/miumjau.ee\/#organization\",\"name\":\"MiuMjau O\u00dc\",\"url\":\"https:\/\/miumjau.ee\/\",\"logo\":{\"@type\":\"ImageObject\",\"inLanguage\":\"fi\",\"@id\":\"https:\/\/miumjau.ee\/#\/schema\/logo\/image\/\",\"url\":\"https:\/\/miumjau.ee\/wp-content\/uploads\/2022\/04\/MiuMjau-logo-kollane.png\",\"contentUrl\":\"https:\/\/miumjau.ee\/wp-content\/uploads\/2022\/04\/MiuMjau-logo-kollane.png\",\"width\":219,\"height\":100,\"caption\":\"MiuMjau O\u00dc\"},\"image\":{\"@id\":\"https:\/\/miumjau.ee\/#\/schema\/logo\/image\/\"},\"sameAs\":[\"https:\/\/www.facebook.com\/miumjaupood\/\"]}]}<\/script>\n<!-- \/ Yoast SEO plugin. -->","yoast_head_json":{"title":"Puruluu koirille Frigera Bully Wrap 1 kpl - MiuMjau","robots":{"index":"index","follow":"follow","max-snippet":"max-snippet:-1","max-image-preview":"max-image-preview:large","max-video-preview":"max-video-preview:-1"},"canonical":"https:\/\/miumjau.ee\/fi\/tuote\/puruluu-koirille-frigera-bully-wrap-1-kpl\/","og_locale":"fi_FI","og_type":"article","og_title":"Puruluu koirille Frigera Bully Wrap 1 kpl - MiuMjau","og_description":"Oletko kyll\u00e4stynyt siihen, ett\u00e4 annat karvaiselle yst\u00e4v\u00e4llesi tylsi\u00e4 ja k\u00e4siteltyj\u00e4 purutikkuja? Se aika on ohi! friGERA naudanlihasta valmistetut Bully Wrapit ovat paras tapa hemmotella rakasta koiraasi! Bully Wrapimme ovat herkullinen makupala, valmistettu hell\u00e4sti kuivatuista, vapaana kasvatettujen nautojen lihasta, joita kasvatetaan ihmisravinnoksi. El\u00e4imi\u00e4 kasvatetaan ilman antibiootteja, steroideja tai hormoneja \u2013 l\u00e4hes maksimaalisen luonnollista! T\u00e4m\u00e4 herkku on runsasproteiininen, sis\u00e4lt\u00e4\u00e4 rautaa, sinkki\u00e4, magnesiumia ja B12-vitamiinia, mutta on v\u00e4h\u00e4rasvainen \u2013 ihanteellinen lihasten tukemiseen ja t\u00e4rkeiden ravinteiden tarjoamiseen koirallesi. Toisin kuin tavalliset purutikut, meid\u00e4n Bully Wrapimme ovat pehmeit\u00e4 mutta sitkeit\u00e4, mik\u00e4 tekee niist\u00e4 erinomaisen valinnan koiran hampaiden ja ikenien hellimiseen samanaikaisesti. \u00c4l\u00e4 tyydy tyls\u00e4\u00e4n \u2013 palkitse koirasi t\u00e4ll\u00e4 herkullisella makupalalla! \u26a0\ufe0f Huom! Kyseess\u00e4 on painotuote, joka pakataan ostetun m\u00e4\u00e4r\u00e4n mukaan joko paperiin tai muoviin.","og_url":"https:\/\/miumjau.ee\/fi\/tuote\/puruluu-koirille-frigera-bully-wrap-1-kpl\/","og_site_name":"MiuMjau","article_publisher":"https:\/\/www.facebook.com\/miumjaupood\/","article_modified_time":"2026-01-07T20:44:48+00:00","og_image":[{"width":600,"height":800,"url":"https:\/\/miumjau.ee\/wp-content\/uploads\/2025\/05\/frigera-pullipeenise-torud-35tk-Photoroom.webp","type":"image\/webp"}],"twitter_card":"summary_large_image","schema":{"@context":"https:\/\/schema.org","@graph":[{"@type":"WebPage","@id":"https:\/\/miumjau.ee\/fi\/tuote\/puruluu-koirille-frigera-bully-wrap-1-kpl\/","url":"https:\/\/miumjau.ee\/fi\/tuote\/puruluu-koirille-frigera-bully-wrap-1-kpl\/","name":"Puruluu koirille Frigera Bully Wrap 1 kpl - MiuMjau","isPartOf":{"@id":"https:\/\/miumjau.ee\/#website"},"primaryImageOfPage":{"@id":"https:\/\/miumjau.ee\/fi\/tuote\/puruluu-koirille-frigera-bully-wrap-1-kpl\/#primaryimage"},"image":{"@id":"https:\/\/miumjau.ee\/fi\/tuote\/puruluu-koirille-frigera-bully-wrap-1-kpl\/#primaryimage"},"thumbnailUrl":"https:\/\/miumjau.ee\/wp-content\/uploads\/2025\/05\/frigera-pullipeenise-torud-35tk-Photoroom.webp","datePublished":"2025-05-28T08:53:22+00:00","dateModified":"2026-01-07T20:44:48+00:00","breadcrumb":{"@id":"https:\/\/miumjau.ee\/fi\/tuote\/puruluu-koirille-frigera-bully-wrap-1-kpl\/#breadcrumb"},"inLanguage":"fi","potentialAction":[{"@type":"ReadAction","target":["https:\/\/miumjau.ee\/fi\/tuote\/puruluu-koirille-frigera-bully-wrap-1-kpl\/"]}]},{"@type":"ImageObject","inLanguage":"fi","@id":"https:\/\/miumjau.ee\/fi\/tuote\/puruluu-koirille-frigera-bully-wrap-1-kpl\/#primaryimage","url":"https:\/\/miumjau.ee\/wp-content\/uploads\/2025\/05\/frigera-pullipeenise-torud-35tk-Photoroom.webp","contentUrl":"https:\/\/miumjau.ee\/wp-content\/uploads\/2025\/05\/frigera-pullipeenise-torud-35tk-Photoroom.webp","width":600,"height":800,"caption":"N\u00e4rimismaius koertele bully wrap 1tk"},{"@type":"BreadcrumbList","@id":"https:\/\/miumjau.ee\/fi\/tuote\/puruluu-koirille-frigera-bully-wrap-1-kpl\/#breadcrumb","itemListElement":[{"@type":"ListItem","position":1,"name":"Home","item":"https:\/\/miumjau.ee\/fi\/"},{"@type":"ListItem","position":2,"name":"Kauppa","item":"https:\/\/miumjau.ee\/fi\/kauppa\/"},{"@type":"ListItem","position":3,"name":"Puruluu koirille Frigera Bully Wrap 1 kpl"}]},{"@type":"WebSite","@id":"https:\/\/miumjau.ee\/#website","url":"https:\/\/miumjau.ee\/","name":"MiuMjau","description":"Kraapimispuud kassidele","publisher":{"@id":"https:\/\/miumjau.ee\/#organization"},"potentialAction":[{"@type":"SearchAction","target":{"@type":"EntryPoint","urlTemplate":"https:\/\/miumjau.ee\/?s={search_term_string}"},"query-input":{"@type":"PropertyValueSpecification","valueRequired":true,"valueName":"search_term_string"}}],"inLanguage":"fi"},{"@type":"Organization","@id":"https:\/\/miumjau.ee\/#organization","name":"MiuMjau O\u00dc","url":"https:\/\/miumjau.ee\/","logo":{"@type":"ImageObject","inLanguage":"fi","@id":"https:\/\/miumjau.ee\/#\/schema\/logo\/image\/","url":"https:\/\/miumjau.ee\/wp-content\/uploads\/2022\/04\/MiuMjau-logo-kollane.png","contentUrl":"https:\/\/miumjau.ee\/wp-content\/uploads\/2022\/04\/MiuMjau-logo-kollane.png","width":219,"height":100,"caption":"MiuMjau O\u00dc"},"image":{"@id":"https:\/\/miumjau.ee\/#\/schema\/logo\/image\/"},"sameAs":["https:\/\/www.facebook.com\/miumjaupood\/"]}]}},"_links":{"self":[{"href":"https:\/\/miumjau.ee\/fi\/wp-json\/wp\/v2\/product\/48407","targetHints":{"allow":["GET"]}}],"collection":[{"href":"https:\/\/miumjau.ee\/fi\/wp-json\/wp\/v2\/product"}],"about":[{"href":"https:\/\/miumjau.ee\/fi\/wp-json\/wp\/v2\/types\/product"}],"wp:featuredmedia":[{"embeddable":true,"href":"https:\/\/miumjau.ee\/fi\/wp-json\/wp\/v2\/media\/35149"}],"wp:attachment":[{"href":"https:\/\/miumjau.ee\/fi\/wp-json\/wp\/v2\/media?parent=48407"}],"wp:term":[{"taxonomy":"product_brand","embeddable":true,"href":"https:\/\/miumjau.ee\/fi\/wp-json\/wp\/v2\/product_brand?post=48407"},{"taxonomy":"product_cat","embeddable":true,"href":"https:\/\/miumjau.ee\/fi\/wp-json\/wp\/v2\/product_cat?post=48407"},{"taxonomy":"product_tag","embeddable":true,"href":"https:\/\/miumjau.ee\/fi\/wp-json\/wp\/v2\/product_tag?post=48407"}],"curies":[{"name":"wp","href":"https:\/\/api.w.org\/{rel}","templated":true}]}}