{"id":48401,"date":"2025-05-28T12:04:41","date_gmt":"2025-05-28T09:04:41","guid":{"rendered":"https:\/\/miumjau.ee\/toode\/puruluu-frigera-himalajan-juusto-jakkien-ja-naudan-maidosta-s-25-45-g\/"},"modified":"2026-01-07T22:44:48","modified_gmt":"2026-01-07T20:44:48","slug":"puruluu-frigera-himalajan-juusto-jakkien-ja-naudan-maidosta-s-25-45-g","status":"publish","type":"product","link":"https:\/\/miumjau.ee\/fi\/tuote\/puruluu-frigera-himalajan-juusto-jakkien-ja-naudan-maidosta-s-25-45-g\/","title":{"rendered":"Puruluu Frigera \u201dHimalajan juusto\u201d jakkien ja naudan maidosta S (25\u201345 g)"},"content":{"rendered":"","protected":false},"excerpt":{"rendered":"<p data-start=\"227\" data-end=\"442\">Haluatko tarjota rakkaalle nelijalkaiselle yst\u00e4v\u00e4llesi jotain perinteist\u00e4 ja k\u00e4sintehty\u00e4 maailman toiselta puolelta? Silloin etsint\u00e4si p\u00e4\u00e4ttyy t\u00e4h\u00e4n \u2013 friGERA-jakkimaidosta valmistettu juusto on t\u00e4ydellinen valinta!<\/p>\n<p data-start=\"444\" data-end=\"711\">T\u00e4m\u00e4 ainutlaatuinen ja hypoallergeeninen herkku valmistetaan k\u00e4sity\u00f6n\u00e4 Himalajan paikallisten maanviljelij\u00f6iden toimesta perinteisi\u00e4 menetelmi\u00e4 k\u00e4ytt\u00e4en. L\u00e4hes laktoositon juusto valmistetaan kirnupiim\u00e4st\u00e4 puristamalla vesi pois ja kuivaamalla sit\u00e4 miedolla l\u00e4mm\u00f6ll\u00e4.<\/p>\n<p data-start=\"713\" data-end=\"957\">Kyseess\u00e4 on v\u00e4h\u00e4rasvainen (0 % transrasvaa!) ja eritt\u00e4in proteiinipitoinen tuote, joka sis\u00e4lt\u00e4\u00e4 runsaasti kaseiinia, magnesiumia, kalsiumia ja antioksidantteja \u2013 tehden siit\u00e4 huomattavasti terveellisemm\u00e4n vaihtoehdon tavallisille puruherkuille.<\/p>\n<p data-start=\"959\" data-end=\"983\">Eik\u00e4 siin\u00e4 viel\u00e4 kaikki!<\/p>\n<p data-start=\"985\" data-end=\"1159\">\u2714\ufe0f Ei keinotekoisia v\u00e4ri-, maku- tai s\u00e4il\u00f6nt\u00e4aineita<br data-start=\"1037\" data-end=\"1040\" \/>\u2714\ufe0f Runsas omega-3-l\u00e4hde \u2013 tukee ihon ja turkin hyvinvointia<br data-start=\"1099\" data-end=\"1102\" \/>\u2714\ufe0f Luonnollinen probiootti, joka edist\u00e4\u00e4 ruoansulatusta<\/p>\n<p data-start=\"1161\" data-end=\"1390\">Koska koiran t\u00e4ytyy pureskella juustoa pitk\u00e4\u00e4n pehment\u00e4\u00e4kseen sen, se sopii erinomaisesti hampaiden hoitoon ja pit\u00e4\u00e4 koiran aktiivisena pidemp\u00e4\u00e4n. Valikoimassamme on jakkimaidon juustoa eri kokoisina \u2013 jokaiselle koiralle sopiva!<\/p>\n<p data-start=\"1392\" data-end=\"1549\">\ud83d\udca1 <strong data-start=\"1395\" data-end=\"1406\">Vinkki:<\/strong> jos pureskelun j\u00e4lkeen j\u00e4\u00e4 pieni pala, laita se mikroaaltouuniin 30\u201345 sekunniksi \u2013 siit\u00e4 tulee rapeaa \u201cpopcornia\u201d, uusi herkullinen makupala!<\/p>\n","protected":false},"featured_media":34793,"template":"","meta":[],"product_brand":[],"product_cat":[480],"product_tag":[],"class_list":{"0":"post-48401","1":"product","2":"type-product","3":"status-publish","4":"has-post-thumbnail","6":"product_cat-herkut-koirille","8":"first","9":"instock","10":"sale","11":"taxable","12":"shipping-taxable","13":"purchasable","14":"product-type-simple"},"yoast_head":"<!-- This site is optimized with the Yoast SEO plugin v27.4 - https:\/\/yoast.com\/product\/yoast-seo-wordpress\/ -->\n<title>Puruluu Frigera \u201dHimalajan juusto\u201d jakkien ja naudan maidosta S (25\u201345 g) - MiuMjau<\/title>\n<meta name=\"robots\" content=\"index, follow, max-snippet:-1, max-image-preview:large, max-video-preview:-1\" \/>\n<link rel=\"canonical\" href=\"https:\/\/miumjau.ee\/fi\/tuote\/puruluu-frigera-himalajan-juusto-jakkien-ja-naudan-maidosta-s-25-45-g\/\" \/>\n<meta property=\"og:locale\" content=\"fi_FI\" \/>\n<meta property=\"og:type\" content=\"article\" \/>\n<meta property=\"og:title\" content=\"Puruluu Frigera \u201dHimalajan juusto\u201d jakkien ja naudan maidosta S (25\u201345 g) - MiuMjau\" \/>\n<meta property=\"og:description\" content=\"Haluatko tarjota rakkaalle nelijalkaiselle yst\u00e4v\u00e4llesi jotain perinteist\u00e4 ja k\u00e4sintehty\u00e4 maailman toiselta puolelta? Silloin etsint\u00e4si p\u00e4\u00e4ttyy t\u00e4h\u00e4n \u2013 friGERA-jakkimaidosta valmistettu juusto on t\u00e4ydellinen valinta! T\u00e4m\u00e4 ainutlaatuinen ja hypoallergeeninen herkku valmistetaan k\u00e4sity\u00f6n\u00e4 Himalajan paikallisten maanviljelij\u00f6iden toimesta perinteisi\u00e4 menetelmi\u00e4 k\u00e4ytt\u00e4en. L\u00e4hes laktoositon juusto valmistetaan kirnupiim\u00e4st\u00e4 puristamalla vesi pois ja kuivaamalla sit\u00e4 miedolla l\u00e4mm\u00f6ll\u00e4. Kyseess\u00e4 on v\u00e4h\u00e4rasvainen (0 % transrasvaa!) ja eritt\u00e4in proteiinipitoinen tuote, joka sis\u00e4lt\u00e4\u00e4 runsaasti kaseiinia, magnesiumia, kalsiumia ja antioksidantteja \u2013 tehden siit\u00e4 huomattavasti terveellisemm\u00e4n vaihtoehdon tavallisille puruherkuille. Eik\u00e4 siin\u00e4 viel\u00e4 kaikki! \u2714\ufe0f Ei keinotekoisia v\u00e4ri-, maku- tai s\u00e4il\u00f6nt\u00e4aineita\u2714\ufe0f Runsas omega-3-l\u00e4hde \u2013 tukee ihon ja turkin hyvinvointia\u2714\ufe0f Luonnollinen probiootti, joka edist\u00e4\u00e4 ruoansulatusta Koska koiran t\u00e4ytyy pureskella juustoa pitk\u00e4\u00e4n pehment\u00e4\u00e4kseen sen, se sopii erinomaisesti hampaiden hoitoon ja pit\u00e4\u00e4 koiran aktiivisena pidemp\u00e4\u00e4n. Valikoimassamme on jakkimaidon juustoa eri kokoisina \u2013 jokaiselle koiralle sopiva! \ud83d\udca1 Vinkki: jos pureskelun j\u00e4lkeen j\u00e4\u00e4 pieni pala, laita se mikroaaltouuniin 30\u201345 sekunniksi \u2013 siit\u00e4 tulee rapeaa \u201cpopcornia\u201d, uusi herkullinen makupala!\" \/>\n<meta property=\"og:url\" content=\"https:\/\/miumjau.ee\/fi\/tuote\/puruluu-frigera-himalajan-juusto-jakkien-ja-naudan-maidosta-s-25-45-g\/\" \/>\n<meta property=\"og:site_name\" content=\"MiuMjau\" \/>\n<meta property=\"article:publisher\" content=\"https:\/\/www.facebook.com\/miumjaupood\/\" \/>\n<meta property=\"article:modified_time\" content=\"2026-01-07T20:44:48+00:00\" \/>\n<meta property=\"og:image\" content=\"https:\/\/miumjau.ee\/wp-content\/uploads\/2025\/05\/frigera-jakijuustu-pulk-s-Photoroom.webp\" \/>\n\t<meta property=\"og:image:width\" content=\"600\" \/>\n\t<meta property=\"og:image:height\" content=\"800\" \/>\n\t<meta property=\"og:image:type\" content=\"image\/webp\" \/>\n<meta name=\"twitter:card\" content=\"summary_large_image\" \/>\n<script type=\"application\/ld+json\" class=\"yoast-schema-graph\">{\"@context\":\"https:\\\/\\\/schema.org\",\"@graph\":[{\"@type\":\"WebPage\",\"@id\":\"https:\\\/\\\/miumjau.ee\\\/fi\\\/tuote\\\/puruluu-frigera-himalajan-juusto-jakkien-ja-naudan-maidosta-s-25-45-g\\\/\",\"url\":\"https:\\\/\\\/miumjau.ee\\\/fi\\\/tuote\\\/puruluu-frigera-himalajan-juusto-jakkien-ja-naudan-maidosta-s-25-45-g\\\/\",\"name\":\"Puruluu Frigera \u201dHimalajan juusto\u201d jakkien ja naudan maidosta S (25\u201345 g) - MiuMjau\",\"isPartOf\":{\"@id\":\"https:\\\/\\\/miumjau.ee\\\/#website\"},\"primaryImageOfPage\":{\"@id\":\"https:\\\/\\\/miumjau.ee\\\/fi\\\/tuote\\\/puruluu-frigera-himalajan-juusto-jakkien-ja-naudan-maidosta-s-25-45-g\\\/#primaryimage\"},\"image\":{\"@id\":\"https:\\\/\\\/miumjau.ee\\\/fi\\\/tuote\\\/puruluu-frigera-himalajan-juusto-jakkien-ja-naudan-maidosta-s-25-45-g\\\/#primaryimage\"},\"thumbnailUrl\":\"https:\\\/\\\/miumjau.ee\\\/wp-content\\\/uploads\\\/2025\\\/05\\\/frigera-jakijuustu-pulk-s-Photoroom.webp\",\"datePublished\":\"2025-05-28T09:04:41+00:00\",\"dateModified\":\"2026-01-07T20:44:48+00:00\",\"breadcrumb\":{\"@id\":\"https:\\\/\\\/miumjau.ee\\\/fi\\\/tuote\\\/puruluu-frigera-himalajan-juusto-jakkien-ja-naudan-maidosta-s-25-45-g\\\/#breadcrumb\"},\"inLanguage\":\"fi\",\"potentialAction\":[{\"@type\":\"ReadAction\",\"target\":[\"https:\\\/\\\/miumjau.ee\\\/fi\\\/tuote\\\/puruluu-frigera-himalajan-juusto-jakkien-ja-naudan-maidosta-s-25-45-g\\\/\"]}]},{\"@type\":\"ImageObject\",\"inLanguage\":\"fi\",\"@id\":\"https:\\\/\\\/miumjau.ee\\\/fi\\\/tuote\\\/puruluu-frigera-himalajan-juusto-jakkien-ja-naudan-maidosta-s-25-45-g\\\/#primaryimage\",\"url\":\"https:\\\/\\\/miumjau.ee\\\/wp-content\\\/uploads\\\/2025\\\/05\\\/frigera-jakijuustu-pulk-s-Photoroom.webp\",\"contentUrl\":\"https:\\\/\\\/miumjau.ee\\\/wp-content\\\/uploads\\\/2025\\\/05\\\/frigera-jakijuustu-pulk-s-Photoroom.webp\",\"width\":600,\"height\":800,\"caption\":\"N\u00e4rimismaius \\\"Himaalaja juust\\\" jaki ja veise piimast S (25-45g)\"},{\"@type\":\"BreadcrumbList\",\"@id\":\"https:\\\/\\\/miumjau.ee\\\/fi\\\/tuote\\\/puruluu-frigera-himalajan-juusto-jakkien-ja-naudan-maidosta-s-25-45-g\\\/#breadcrumb\",\"itemListElement\":[{\"@type\":\"ListItem\",\"position\":1,\"name\":\"Home\",\"item\":\"https:\\\/\\\/miumjau.ee\\\/fi\\\/\"},{\"@type\":\"ListItem\",\"position\":2,\"name\":\"Kauppa\",\"item\":\"https:\\\/\\\/miumjau.ee\\\/fi\\\/kauppa\\\/\"},{\"@type\":\"ListItem\",\"position\":3,\"name\":\"Puruluu Frigera \u201dHimalajan juusto\u201d jakkien ja naudan maidosta S (25\u201345 g)\"}]},{\"@type\":\"WebSite\",\"@id\":\"https:\\\/\\\/miumjau.ee\\\/#website\",\"url\":\"https:\\\/\\\/miumjau.ee\\\/\",\"name\":\"MiuMjau\",\"description\":\"Kraapimispuud kassidele\",\"publisher\":{\"@id\":\"https:\\\/\\\/miumjau.ee\\\/#organization\"},\"potentialAction\":[{\"@type\":\"SearchAction\",\"target\":{\"@type\":\"EntryPoint\",\"urlTemplate\":\"https:\\\/\\\/miumjau.ee\\\/?s={search_term_string}\"},\"query-input\":{\"@type\":\"PropertyValueSpecification\",\"valueRequired\":true,\"valueName\":\"search_term_string\"}}],\"inLanguage\":\"fi\"},{\"@type\":\"Organization\",\"@id\":\"https:\\\/\\\/miumjau.ee\\\/#organization\",\"name\":\"MiuMjau O\u00dc\",\"url\":\"https:\\\/\\\/miumjau.ee\\\/\",\"logo\":{\"@type\":\"ImageObject\",\"inLanguage\":\"fi\",\"@id\":\"https:\\\/\\\/miumjau.ee\\\/#\\\/schema\\\/logo\\\/image\\\/\",\"url\":\"https:\\\/\\\/miumjau.ee\\\/wp-content\\\/uploads\\\/2022\\\/04\\\/MiuMjau-logo-kollane.png\",\"contentUrl\":\"https:\\\/\\\/miumjau.ee\\\/wp-content\\\/uploads\\\/2022\\\/04\\\/MiuMjau-logo-kollane.png\",\"width\":219,\"height\":100,\"caption\":\"MiuMjau O\u00dc\"},\"image\":{\"@id\":\"https:\\\/\\\/miumjau.ee\\\/#\\\/schema\\\/logo\\\/image\\\/\"},\"sameAs\":[\"https:\\\/\\\/www.facebook.com\\\/miumjaupood\\\/\"]}]}<\/script>\n<!-- \/ Yoast SEO plugin. -->","yoast_head_json":{"title":"Puruluu Frigera \u201dHimalajan juusto\u201d jakkien ja naudan maidosta S (25\u201345 g) - MiuMjau","robots":{"index":"index","follow":"follow","max-snippet":"max-snippet:-1","max-image-preview":"max-image-preview:large","max-video-preview":"max-video-preview:-1"},"canonical":"https:\/\/miumjau.ee\/fi\/tuote\/puruluu-frigera-himalajan-juusto-jakkien-ja-naudan-maidosta-s-25-45-g\/","og_locale":"fi_FI","og_type":"article","og_title":"Puruluu Frigera \u201dHimalajan juusto\u201d jakkien ja naudan maidosta S (25\u201345 g) - MiuMjau","og_description":"Haluatko tarjota rakkaalle nelijalkaiselle yst\u00e4v\u00e4llesi jotain perinteist\u00e4 ja k\u00e4sintehty\u00e4 maailman toiselta puolelta? Silloin etsint\u00e4si p\u00e4\u00e4ttyy t\u00e4h\u00e4n \u2013 friGERA-jakkimaidosta valmistettu juusto on t\u00e4ydellinen valinta! T\u00e4m\u00e4 ainutlaatuinen ja hypoallergeeninen herkku valmistetaan k\u00e4sity\u00f6n\u00e4 Himalajan paikallisten maanviljelij\u00f6iden toimesta perinteisi\u00e4 menetelmi\u00e4 k\u00e4ytt\u00e4en. L\u00e4hes laktoositon juusto valmistetaan kirnupiim\u00e4st\u00e4 puristamalla vesi pois ja kuivaamalla sit\u00e4 miedolla l\u00e4mm\u00f6ll\u00e4. Kyseess\u00e4 on v\u00e4h\u00e4rasvainen (0 % transrasvaa!) ja eritt\u00e4in proteiinipitoinen tuote, joka sis\u00e4lt\u00e4\u00e4 runsaasti kaseiinia, magnesiumia, kalsiumia ja antioksidantteja \u2013 tehden siit\u00e4 huomattavasti terveellisemm\u00e4n vaihtoehdon tavallisille puruherkuille. Eik\u00e4 siin\u00e4 viel\u00e4 kaikki! \u2714\ufe0f Ei keinotekoisia v\u00e4ri-, maku- tai s\u00e4il\u00f6nt\u00e4aineita\u2714\ufe0f Runsas omega-3-l\u00e4hde \u2013 tukee ihon ja turkin hyvinvointia\u2714\ufe0f Luonnollinen probiootti, joka edist\u00e4\u00e4 ruoansulatusta Koska koiran t\u00e4ytyy pureskella juustoa pitk\u00e4\u00e4n pehment\u00e4\u00e4kseen sen, se sopii erinomaisesti hampaiden hoitoon ja pit\u00e4\u00e4 koiran aktiivisena pidemp\u00e4\u00e4n. Valikoimassamme on jakkimaidon juustoa eri kokoisina \u2013 jokaiselle koiralle sopiva! \ud83d\udca1 Vinkki: jos pureskelun j\u00e4lkeen j\u00e4\u00e4 pieni pala, laita se mikroaaltouuniin 30\u201345 sekunniksi \u2013 siit\u00e4 tulee rapeaa \u201cpopcornia\u201d, uusi herkullinen makupala!","og_url":"https:\/\/miumjau.ee\/fi\/tuote\/puruluu-frigera-himalajan-juusto-jakkien-ja-naudan-maidosta-s-25-45-g\/","og_site_name":"MiuMjau","article_publisher":"https:\/\/www.facebook.com\/miumjaupood\/","article_modified_time":"2026-01-07T20:44:48+00:00","og_image":[{"width":600,"height":800,"url":"https:\/\/miumjau.ee\/wp-content\/uploads\/2025\/05\/frigera-jakijuustu-pulk-s-Photoroom.webp","type":"image\/webp"}],"twitter_card":"summary_large_image","schema":{"@context":"https:\/\/schema.org","@graph":[{"@type":"WebPage","@id":"https:\/\/miumjau.ee\/fi\/tuote\/puruluu-frigera-himalajan-juusto-jakkien-ja-naudan-maidosta-s-25-45-g\/","url":"https:\/\/miumjau.ee\/fi\/tuote\/puruluu-frigera-himalajan-juusto-jakkien-ja-naudan-maidosta-s-25-45-g\/","name":"Puruluu Frigera \u201dHimalajan juusto\u201d jakkien ja naudan maidosta S (25\u201345 g) - MiuMjau","isPartOf":{"@id":"https:\/\/miumjau.ee\/#website"},"primaryImageOfPage":{"@id":"https:\/\/miumjau.ee\/fi\/tuote\/puruluu-frigera-himalajan-juusto-jakkien-ja-naudan-maidosta-s-25-45-g\/#primaryimage"},"image":{"@id":"https:\/\/miumjau.ee\/fi\/tuote\/puruluu-frigera-himalajan-juusto-jakkien-ja-naudan-maidosta-s-25-45-g\/#primaryimage"},"thumbnailUrl":"https:\/\/miumjau.ee\/wp-content\/uploads\/2025\/05\/frigera-jakijuustu-pulk-s-Photoroom.webp","datePublished":"2025-05-28T09:04:41+00:00","dateModified":"2026-01-07T20:44:48+00:00","breadcrumb":{"@id":"https:\/\/miumjau.ee\/fi\/tuote\/puruluu-frigera-himalajan-juusto-jakkien-ja-naudan-maidosta-s-25-45-g\/#breadcrumb"},"inLanguage":"fi","potentialAction":[{"@type":"ReadAction","target":["https:\/\/miumjau.ee\/fi\/tuote\/puruluu-frigera-himalajan-juusto-jakkien-ja-naudan-maidosta-s-25-45-g\/"]}]},{"@type":"ImageObject","inLanguage":"fi","@id":"https:\/\/miumjau.ee\/fi\/tuote\/puruluu-frigera-himalajan-juusto-jakkien-ja-naudan-maidosta-s-25-45-g\/#primaryimage","url":"https:\/\/miumjau.ee\/wp-content\/uploads\/2025\/05\/frigera-jakijuustu-pulk-s-Photoroom.webp","contentUrl":"https:\/\/miumjau.ee\/wp-content\/uploads\/2025\/05\/frigera-jakijuustu-pulk-s-Photoroom.webp","width":600,"height":800,"caption":"N\u00e4rimismaius \"Himaalaja juust\" jaki ja veise piimast S (25-45g)"},{"@type":"BreadcrumbList","@id":"https:\/\/miumjau.ee\/fi\/tuote\/puruluu-frigera-himalajan-juusto-jakkien-ja-naudan-maidosta-s-25-45-g\/#breadcrumb","itemListElement":[{"@type":"ListItem","position":1,"name":"Home","item":"https:\/\/miumjau.ee\/fi\/"},{"@type":"ListItem","position":2,"name":"Kauppa","item":"https:\/\/miumjau.ee\/fi\/kauppa\/"},{"@type":"ListItem","position":3,"name":"Puruluu Frigera \u201dHimalajan juusto\u201d jakkien ja naudan maidosta S (25\u201345 g)"}]},{"@type":"WebSite","@id":"https:\/\/miumjau.ee\/#website","url":"https:\/\/miumjau.ee\/","name":"MiuMjau","description":"Kraapimispuud kassidele","publisher":{"@id":"https:\/\/miumjau.ee\/#organization"},"potentialAction":[{"@type":"SearchAction","target":{"@type":"EntryPoint","urlTemplate":"https:\/\/miumjau.ee\/?s={search_term_string}"},"query-input":{"@type":"PropertyValueSpecification","valueRequired":true,"valueName":"search_term_string"}}],"inLanguage":"fi"},{"@type":"Organization","@id":"https:\/\/miumjau.ee\/#organization","name":"MiuMjau O\u00dc","url":"https:\/\/miumjau.ee\/","logo":{"@type":"ImageObject","inLanguage":"fi","@id":"https:\/\/miumjau.ee\/#\/schema\/logo\/image\/","url":"https:\/\/miumjau.ee\/wp-content\/uploads\/2022\/04\/MiuMjau-logo-kollane.png","contentUrl":"https:\/\/miumjau.ee\/wp-content\/uploads\/2022\/04\/MiuMjau-logo-kollane.png","width":219,"height":100,"caption":"MiuMjau O\u00dc"},"image":{"@id":"https:\/\/miumjau.ee\/#\/schema\/logo\/image\/"},"sameAs":["https:\/\/www.facebook.com\/miumjaupood\/"]}]}},"_links":{"self":[{"href":"https:\/\/miumjau.ee\/fi\/wp-json\/wp\/v2\/product\/48401","targetHints":{"allow":["GET"]}}],"collection":[{"href":"https:\/\/miumjau.ee\/fi\/wp-json\/wp\/v2\/product"}],"about":[{"href":"https:\/\/miumjau.ee\/fi\/wp-json\/wp\/v2\/types\/product"}],"wp:featuredmedia":[{"embeddable":true,"href":"https:\/\/miumjau.ee\/fi\/wp-json\/wp\/v2\/media\/34793"}],"wp:attachment":[{"href":"https:\/\/miumjau.ee\/fi\/wp-json\/wp\/v2\/media?parent=48401"}],"wp:term":[{"taxonomy":"product_brand","embeddable":true,"href":"https:\/\/miumjau.ee\/fi\/wp-json\/wp\/v2\/product_brand?post=48401"},{"taxonomy":"product_cat","embeddable":true,"href":"https:\/\/miumjau.ee\/fi\/wp-json\/wp\/v2\/product_cat?post=48401"},{"taxonomy":"product_tag","embeddable":true,"href":"https:\/\/miumjau.ee\/fi\/wp-json\/wp\/v2\/product_tag?post=48401"}],"curies":[{"name":"wp","href":"https:\/\/api.w.org\/{rel}","templated":true}]}}