{"id":48383,"date":"2025-05-28T13:49:36","date_gmt":"2025-05-28T10:49:36","guid":{"rendered":"https:\/\/miumjau.ee\/toode\/kestava-kahvipuinen-purutikku-koirille-frigera-s\/"},"modified":"2026-01-07T22:44:48","modified_gmt":"2026-01-07T20:44:48","slug":"kestava-kahvipuinen-purutikku-koirille-frigera-s","status":"publish","type":"product","link":"https:\/\/miumjau.ee\/fi\/tuote\/kestava-kahvipuinen-purutikku-koirille-frigera-s\/","title":{"rendered":"Kest\u00e4v\u00e4 kahvipuinen purutikku koirille Frigera S"},"content":{"rendered":"","protected":false},"excerpt":{"rendered":"<p data-start=\"214\" data-end=\"483\">Pureskeleeko koirasi jokaisen herkun ennen kuin ehdit huomatakaan? Oletko kyll\u00e4stynyt rikkin\u00e4isiin kenkiin ja naarmuuntuneisiin huonekalujen jalkoihin? Ei h\u00e4t\u00e4\u00e4 \u2013 friGERA-kahvipuusta valmistetut purutikut pit\u00e4v\u00e4t nelijalkaisen yst\u00e4v\u00e4si loitolla arvokkaista esineist\u00e4si!<\/p>\n<p data-start=\"485\" data-end=\"686\">T\u00e4m\u00e4 on yksi luonnollisimmista ja kest\u00e4vimmist\u00e4 puruherkuista! Kahvipuutikkumme ovat:<br data-start=\"570\" data-end=\"573\" \/>\u2714\ufe0f 100 % vegaanisia<br data-start=\"592\" data-end=\"595\" \/>\u2714\ufe0f K\u00e4sin valmistettuja<br data-start=\"617\" data-end=\"620\" \/>\u2714\ufe0f Valmistettu ylim\u00e4\u00e4r\u00e4isest\u00e4 oksapuusta ilman puiden kaatamista<\/p>\n<p data-start=\"688\" data-end=\"1011\">Luontaisen kovuutensa ansiosta tikut tukevat koiran hampaiden terveytt\u00e4 \u2013 pureskelu auttaa v\u00e4hent\u00e4m\u00e4\u00e4n plakkia ja hammaskive\u00e4, ja puukuidut puhdistavat hampaita hell\u00e4varaisesti. Ja kuin siin\u00e4 ei olisi viel\u00e4 tarpeeksi \u2013 herkku on t\u00e4ysin kaloriton, joten se sopii erityisen hyvin koirille, joilla on taipumusta painonnousuun.<\/p>\n<p data-start=\"1013\" data-end=\"1106\">T\u00e4yt\u00e4 koirasi luonnollinen pureskeluntarve terveellisell\u00e4 ja ymp\u00e4rist\u00f6yst\u00e4v\u00e4llisell\u00e4 tavalla!<\/p>\n<p data-start=\"1108\" data-end=\"1152\">Nettopaino: 35 g<br data-start=\"1124\" data-end=\"1127\" \/>Koostumus: 100 % kahvipuu<\/p>\n","protected":false},"featured_media":35129,"template":"","meta":[],"product_brand":[],"product_cat":[484],"product_tag":[],"class_list":{"0":"post-48383","1":"product","2":"type-product","3":"status-publish","4":"has-post-thumbnail","6":"product_cat-lelut-koirille","8":"first","9":"instock","10":"sale","11":"taxable","12":"shipping-taxable","13":"purchasable","14":"product-type-simple"},"yoast_head":"<!-- This site is optimized with the Yoast SEO plugin v27.4 - https:\/\/yoast.com\/product\/yoast-seo-wordpress\/ -->\n<title>Kest\u00e4v\u00e4 kahvipuinen purutikku koirille Frigera S - MiuMjau<\/title>\n<meta name=\"robots\" content=\"index, follow, max-snippet:-1, max-image-preview:large, max-video-preview:-1\" \/>\n<link rel=\"canonical\" href=\"https:\/\/miumjau.ee\/fi\/tuote\/kestava-kahvipuinen-purutikku-koirille-frigera-s\/\" \/>\n<meta property=\"og:locale\" content=\"fi_FI\" \/>\n<meta property=\"og:type\" content=\"article\" \/>\n<meta property=\"og:title\" content=\"Kest\u00e4v\u00e4 kahvipuinen purutikku koirille Frigera S - MiuMjau\" \/>\n<meta property=\"og:description\" content=\"Pureskeleeko koirasi jokaisen herkun ennen kuin ehdit huomatakaan? Oletko kyll\u00e4stynyt rikkin\u00e4isiin kenkiin ja naarmuuntuneisiin huonekalujen jalkoihin? Ei h\u00e4t\u00e4\u00e4 \u2013 friGERA-kahvipuusta valmistetut purutikut pit\u00e4v\u00e4t nelijalkaisen yst\u00e4v\u00e4si loitolla arvokkaista esineist\u00e4si! T\u00e4m\u00e4 on yksi luonnollisimmista ja kest\u00e4vimmist\u00e4 puruherkuista! Kahvipuutikkumme ovat:\u2714\ufe0f 100 % vegaanisia\u2714\ufe0f K\u00e4sin valmistettuja\u2714\ufe0f Valmistettu ylim\u00e4\u00e4r\u00e4isest\u00e4 oksapuusta ilman puiden kaatamista Luontaisen kovuutensa ansiosta tikut tukevat koiran hampaiden terveytt\u00e4 \u2013 pureskelu auttaa v\u00e4hent\u00e4m\u00e4\u00e4n plakkia ja hammaskive\u00e4, ja puukuidut puhdistavat hampaita hell\u00e4varaisesti. Ja kuin siin\u00e4 ei olisi viel\u00e4 tarpeeksi \u2013 herkku on t\u00e4ysin kaloriton, joten se sopii erityisen hyvin koirille, joilla on taipumusta painonnousuun. T\u00e4yt\u00e4 koirasi luonnollinen pureskeluntarve terveellisell\u00e4 ja ymp\u00e4rist\u00f6yst\u00e4v\u00e4llisell\u00e4 tavalla! Nettopaino: 35 gKoostumus: 100 % kahvipuu\" \/>\n<meta property=\"og:url\" content=\"https:\/\/miumjau.ee\/fi\/tuote\/kestava-kahvipuinen-purutikku-koirille-frigera-s\/\" \/>\n<meta property=\"og:site_name\" content=\"MiuMjau\" \/>\n<meta property=\"article:publisher\" content=\"https:\/\/www.facebook.com\/miumjaupood\/\" \/>\n<meta property=\"article:modified_time\" content=\"2026-01-07T20:44:48+00:00\" \/>\n<meta property=\"og:image\" content=\"https:\/\/miumjau.ee\/wp-content\/uploads\/2025\/05\/frigera-kohvipuidust-narimispulk-s-1-tk-Photoroom.webp\" \/>\n\t<meta property=\"og:image:width\" content=\"600\" \/>\n\t<meta property=\"og:image:height\" content=\"800\" \/>\n\t<meta property=\"og:image:type\" content=\"image\/webp\" \/>\n<meta name=\"twitter:card\" content=\"summary_large_image\" \/>\n<script type=\"application\/ld+json\" class=\"yoast-schema-graph\">{\"@context\":\"https:\\\/\\\/schema.org\",\"@graph\":[{\"@type\":\"WebPage\",\"@id\":\"https:\\\/\\\/miumjau.ee\\\/fi\\\/tuote\\\/kestava-kahvipuinen-purutikku-koirille-frigera-s\\\/\",\"url\":\"https:\\\/\\\/miumjau.ee\\\/fi\\\/tuote\\\/kestava-kahvipuinen-purutikku-koirille-frigera-s\\\/\",\"name\":\"Kest\u00e4v\u00e4 kahvipuinen purutikku koirille Frigera S - MiuMjau\",\"isPartOf\":{\"@id\":\"https:\\\/\\\/miumjau.ee\\\/#website\"},\"primaryImageOfPage\":{\"@id\":\"https:\\\/\\\/miumjau.ee\\\/fi\\\/tuote\\\/kestava-kahvipuinen-purutikku-koirille-frigera-s\\\/#primaryimage\"},\"image\":{\"@id\":\"https:\\\/\\\/miumjau.ee\\\/fi\\\/tuote\\\/kestava-kahvipuinen-purutikku-koirille-frigera-s\\\/#primaryimage\"},\"thumbnailUrl\":\"https:\\\/\\\/miumjau.ee\\\/wp-content\\\/uploads\\\/2025\\\/05\\\/frigera-kohvipuidust-narimispulk-s-1-tk-Photoroom.webp\",\"datePublished\":\"2025-05-28T10:49:36+00:00\",\"dateModified\":\"2026-01-07T20:44:48+00:00\",\"breadcrumb\":{\"@id\":\"https:\\\/\\\/miumjau.ee\\\/fi\\\/tuote\\\/kestava-kahvipuinen-purutikku-koirille-frigera-s\\\/#breadcrumb\"},\"inLanguage\":\"fi\",\"potentialAction\":[{\"@type\":\"ReadAction\",\"target\":[\"https:\\\/\\\/miumjau.ee\\\/fi\\\/tuote\\\/kestava-kahvipuinen-purutikku-koirille-frigera-s\\\/\"]}]},{\"@type\":\"ImageObject\",\"inLanguage\":\"fi\",\"@id\":\"https:\\\/\\\/miumjau.ee\\\/fi\\\/tuote\\\/kestava-kahvipuinen-purutikku-koirille-frigera-s\\\/#primaryimage\",\"url\":\"https:\\\/\\\/miumjau.ee\\\/wp-content\\\/uploads\\\/2025\\\/05\\\/frigera-kohvipuidust-narimispulk-s-1-tk-Photoroom.webp\",\"contentUrl\":\"https:\\\/\\\/miumjau.ee\\\/wp-content\\\/uploads\\\/2025\\\/05\\\/frigera-kohvipuidust-narimispulk-s-1-tk-Photoroom.webp\",\"width\":600,\"height\":800,\"caption\":\"Kohvipuust tugev n\u00e4rimispulk koertele S\"},{\"@type\":\"BreadcrumbList\",\"@id\":\"https:\\\/\\\/miumjau.ee\\\/fi\\\/tuote\\\/kestava-kahvipuinen-purutikku-koirille-frigera-s\\\/#breadcrumb\",\"itemListElement\":[{\"@type\":\"ListItem\",\"position\":1,\"name\":\"Home\",\"item\":\"https:\\\/\\\/miumjau.ee\\\/fi\\\/\"},{\"@type\":\"ListItem\",\"position\":2,\"name\":\"Kauppa\",\"item\":\"https:\\\/\\\/miumjau.ee\\\/fi\\\/kauppa\\\/\"},{\"@type\":\"ListItem\",\"position\":3,\"name\":\"Kest\u00e4v\u00e4 kahvipuinen purutikku koirille Frigera S\"}]},{\"@type\":\"WebSite\",\"@id\":\"https:\\\/\\\/miumjau.ee\\\/#website\",\"url\":\"https:\\\/\\\/miumjau.ee\\\/\",\"name\":\"MiuMjau\",\"description\":\"Kraapimispuud kassidele\",\"publisher\":{\"@id\":\"https:\\\/\\\/miumjau.ee\\\/#organization\"},\"potentialAction\":[{\"@type\":\"SearchAction\",\"target\":{\"@type\":\"EntryPoint\",\"urlTemplate\":\"https:\\\/\\\/miumjau.ee\\\/?s={search_term_string}\"},\"query-input\":{\"@type\":\"PropertyValueSpecification\",\"valueRequired\":true,\"valueName\":\"search_term_string\"}}],\"inLanguage\":\"fi\"},{\"@type\":\"Organization\",\"@id\":\"https:\\\/\\\/miumjau.ee\\\/#organization\",\"name\":\"MiuMjau O\u00dc\",\"url\":\"https:\\\/\\\/miumjau.ee\\\/\",\"logo\":{\"@type\":\"ImageObject\",\"inLanguage\":\"fi\",\"@id\":\"https:\\\/\\\/miumjau.ee\\\/#\\\/schema\\\/logo\\\/image\\\/\",\"url\":\"https:\\\/\\\/miumjau.ee\\\/wp-content\\\/uploads\\\/2022\\\/04\\\/MiuMjau-logo-kollane.png\",\"contentUrl\":\"https:\\\/\\\/miumjau.ee\\\/wp-content\\\/uploads\\\/2022\\\/04\\\/MiuMjau-logo-kollane.png\",\"width\":219,\"height\":100,\"caption\":\"MiuMjau O\u00dc\"},\"image\":{\"@id\":\"https:\\\/\\\/miumjau.ee\\\/#\\\/schema\\\/logo\\\/image\\\/\"},\"sameAs\":[\"https:\\\/\\\/www.facebook.com\\\/miumjaupood\\\/\"]}]}<\/script>\n<!-- \/ Yoast SEO plugin. -->","yoast_head_json":{"title":"Kest\u00e4v\u00e4 kahvipuinen purutikku koirille Frigera S - MiuMjau","robots":{"index":"index","follow":"follow","max-snippet":"max-snippet:-1","max-image-preview":"max-image-preview:large","max-video-preview":"max-video-preview:-1"},"canonical":"https:\/\/miumjau.ee\/fi\/tuote\/kestava-kahvipuinen-purutikku-koirille-frigera-s\/","og_locale":"fi_FI","og_type":"article","og_title":"Kest\u00e4v\u00e4 kahvipuinen purutikku koirille Frigera S - MiuMjau","og_description":"Pureskeleeko koirasi jokaisen herkun ennen kuin ehdit huomatakaan? Oletko kyll\u00e4stynyt rikkin\u00e4isiin kenkiin ja naarmuuntuneisiin huonekalujen jalkoihin? Ei h\u00e4t\u00e4\u00e4 \u2013 friGERA-kahvipuusta valmistetut purutikut pit\u00e4v\u00e4t nelijalkaisen yst\u00e4v\u00e4si loitolla arvokkaista esineist\u00e4si! T\u00e4m\u00e4 on yksi luonnollisimmista ja kest\u00e4vimmist\u00e4 puruherkuista! Kahvipuutikkumme ovat:\u2714\ufe0f 100 % vegaanisia\u2714\ufe0f K\u00e4sin valmistettuja\u2714\ufe0f Valmistettu ylim\u00e4\u00e4r\u00e4isest\u00e4 oksapuusta ilman puiden kaatamista Luontaisen kovuutensa ansiosta tikut tukevat koiran hampaiden terveytt\u00e4 \u2013 pureskelu auttaa v\u00e4hent\u00e4m\u00e4\u00e4n plakkia ja hammaskive\u00e4, ja puukuidut puhdistavat hampaita hell\u00e4varaisesti. Ja kuin siin\u00e4 ei olisi viel\u00e4 tarpeeksi \u2013 herkku on t\u00e4ysin kaloriton, joten se sopii erityisen hyvin koirille, joilla on taipumusta painonnousuun. T\u00e4yt\u00e4 koirasi luonnollinen pureskeluntarve terveellisell\u00e4 ja ymp\u00e4rist\u00f6yst\u00e4v\u00e4llisell\u00e4 tavalla! Nettopaino: 35 gKoostumus: 100 % kahvipuu","og_url":"https:\/\/miumjau.ee\/fi\/tuote\/kestava-kahvipuinen-purutikku-koirille-frigera-s\/","og_site_name":"MiuMjau","article_publisher":"https:\/\/www.facebook.com\/miumjaupood\/","article_modified_time":"2026-01-07T20:44:48+00:00","og_image":[{"width":600,"height":800,"url":"https:\/\/miumjau.ee\/wp-content\/uploads\/2025\/05\/frigera-kohvipuidust-narimispulk-s-1-tk-Photoroom.webp","type":"image\/webp"}],"twitter_card":"summary_large_image","schema":{"@context":"https:\/\/schema.org","@graph":[{"@type":"WebPage","@id":"https:\/\/miumjau.ee\/fi\/tuote\/kestava-kahvipuinen-purutikku-koirille-frigera-s\/","url":"https:\/\/miumjau.ee\/fi\/tuote\/kestava-kahvipuinen-purutikku-koirille-frigera-s\/","name":"Kest\u00e4v\u00e4 kahvipuinen purutikku koirille Frigera S - MiuMjau","isPartOf":{"@id":"https:\/\/miumjau.ee\/#website"},"primaryImageOfPage":{"@id":"https:\/\/miumjau.ee\/fi\/tuote\/kestava-kahvipuinen-purutikku-koirille-frigera-s\/#primaryimage"},"image":{"@id":"https:\/\/miumjau.ee\/fi\/tuote\/kestava-kahvipuinen-purutikku-koirille-frigera-s\/#primaryimage"},"thumbnailUrl":"https:\/\/miumjau.ee\/wp-content\/uploads\/2025\/05\/frigera-kohvipuidust-narimispulk-s-1-tk-Photoroom.webp","datePublished":"2025-05-28T10:49:36+00:00","dateModified":"2026-01-07T20:44:48+00:00","breadcrumb":{"@id":"https:\/\/miumjau.ee\/fi\/tuote\/kestava-kahvipuinen-purutikku-koirille-frigera-s\/#breadcrumb"},"inLanguage":"fi","potentialAction":[{"@type":"ReadAction","target":["https:\/\/miumjau.ee\/fi\/tuote\/kestava-kahvipuinen-purutikku-koirille-frigera-s\/"]}]},{"@type":"ImageObject","inLanguage":"fi","@id":"https:\/\/miumjau.ee\/fi\/tuote\/kestava-kahvipuinen-purutikku-koirille-frigera-s\/#primaryimage","url":"https:\/\/miumjau.ee\/wp-content\/uploads\/2025\/05\/frigera-kohvipuidust-narimispulk-s-1-tk-Photoroom.webp","contentUrl":"https:\/\/miumjau.ee\/wp-content\/uploads\/2025\/05\/frigera-kohvipuidust-narimispulk-s-1-tk-Photoroom.webp","width":600,"height":800,"caption":"Kohvipuust tugev n\u00e4rimispulk koertele S"},{"@type":"BreadcrumbList","@id":"https:\/\/miumjau.ee\/fi\/tuote\/kestava-kahvipuinen-purutikku-koirille-frigera-s\/#breadcrumb","itemListElement":[{"@type":"ListItem","position":1,"name":"Home","item":"https:\/\/miumjau.ee\/fi\/"},{"@type":"ListItem","position":2,"name":"Kauppa","item":"https:\/\/miumjau.ee\/fi\/kauppa\/"},{"@type":"ListItem","position":3,"name":"Kest\u00e4v\u00e4 kahvipuinen purutikku koirille Frigera S"}]},{"@type":"WebSite","@id":"https:\/\/miumjau.ee\/#website","url":"https:\/\/miumjau.ee\/","name":"MiuMjau","description":"Kraapimispuud kassidele","publisher":{"@id":"https:\/\/miumjau.ee\/#organization"},"potentialAction":[{"@type":"SearchAction","target":{"@type":"EntryPoint","urlTemplate":"https:\/\/miumjau.ee\/?s={search_term_string}"},"query-input":{"@type":"PropertyValueSpecification","valueRequired":true,"valueName":"search_term_string"}}],"inLanguage":"fi"},{"@type":"Organization","@id":"https:\/\/miumjau.ee\/#organization","name":"MiuMjau O\u00dc","url":"https:\/\/miumjau.ee\/","logo":{"@type":"ImageObject","inLanguage":"fi","@id":"https:\/\/miumjau.ee\/#\/schema\/logo\/image\/","url":"https:\/\/miumjau.ee\/wp-content\/uploads\/2022\/04\/MiuMjau-logo-kollane.png","contentUrl":"https:\/\/miumjau.ee\/wp-content\/uploads\/2022\/04\/MiuMjau-logo-kollane.png","width":219,"height":100,"caption":"MiuMjau O\u00dc"},"image":{"@id":"https:\/\/miumjau.ee\/#\/schema\/logo\/image\/"},"sameAs":["https:\/\/www.facebook.com\/miumjaupood\/"]}]}},"_links":{"self":[{"href":"https:\/\/miumjau.ee\/fi\/wp-json\/wp\/v2\/product\/48383","targetHints":{"allow":["GET"]}}],"collection":[{"href":"https:\/\/miumjau.ee\/fi\/wp-json\/wp\/v2\/product"}],"about":[{"href":"https:\/\/miumjau.ee\/fi\/wp-json\/wp\/v2\/types\/product"}],"wp:featuredmedia":[{"embeddable":true,"href":"https:\/\/miumjau.ee\/fi\/wp-json\/wp\/v2\/media\/35129"}],"wp:attachment":[{"href":"https:\/\/miumjau.ee\/fi\/wp-json\/wp\/v2\/media?parent=48383"}],"wp:term":[{"taxonomy":"product_brand","embeddable":true,"href":"https:\/\/miumjau.ee\/fi\/wp-json\/wp\/v2\/product_brand?post=48383"},{"taxonomy":"product_cat","embeddable":true,"href":"https:\/\/miumjau.ee\/fi\/wp-json\/wp\/v2\/product_cat?post=48383"},{"taxonomy":"product_tag","embeddable":true,"href":"https:\/\/miumjau.ee\/fi\/wp-json\/wp\/v2\/product_tag?post=48383"}],"curies":[{"name":"wp","href":"https:\/\/api.w.org\/{rel}","templated":true}]}}