{"id":48369,"date":"2025-05-28T15:16:04","date_gmt":"2025-05-28T12:16:04","guid":{"rendered":"https:\/\/miumjau.ee\/toode\/oliivipuinen-puruluu-koirille-frigera-s\/"},"modified":"2026-02-15T18:57:26","modified_gmt":"2026-02-15T16:57:26","slug":"oliivipuinen-puruluu-koirille-frigera-s","status":"publish","type":"product","link":"https:\/\/miumjau.ee\/fi\/tuote\/oliivipuinen-puruluu-koirille-frigera-s\/","title":{"rendered":"Oliivipuinen puruluu koirille, Frigera S"},"content":{"rendered":"","protected":false},"excerpt":{"rendered":"<p data-start=\"188\" data-end=\"403\">Tuhoaako koirasi kaikki herkut hetkess\u00e4? Oletko kyll\u00e4stynyt pureskeltuihin kenkiin ja huonekalujen jalkoihin? Ei h\u00e4t\u00e4\u00e4 \u2013 friGERA-oliivipuusta valmistetut purutikut pit\u00e4v\u00e4t lemmikkisi poissa arvokkaista tavaroistasi!<\/p>\n<p data-start=\"405\" data-end=\"621\">T\u00e4m\u00e4 luonnollinen ja kest\u00e4v\u00e4 puruherkku on valmistettu 100 % oliivipuusta ja k\u00e4sitelty k\u00e4sity\u00f6n\u00e4 juuri koirasi iloksi. Tikkujen valmistuksessa k\u00e4ytet\u00e4\u00e4n ylim\u00e4\u00e4r\u00e4ist\u00e4 oksapuumateriaalia, joten yht\u00e4\u00e4n puuta ei kaadeta.<\/p>\n<p data-start=\"623\" data-end=\"912\">Luontaisen kovuutensa ansiosta oliivipuu sopii erinomaisesti hampaiden hoitoon \u2013 pureskelu auttaa v\u00e4hent\u00e4m\u00e4\u00e4n plakkia ja hammaskive\u00e4, ja hienot puukuidut puhdistavat hampaita hell\u00e4varaisesti. Bonuksena: tuote on t\u00e4ysin kaloriton, joten se sopii my\u00f6s helposti painoa kerrytt\u00e4ville koirille!<\/p>\n<p data-start=\"914\" data-end=\"999\">Tarjoa koirallesi terveellist\u00e4, turvallista ja ymp\u00e4rist\u00f6yst\u00e4v\u00e4llist\u00e4 pureskelun iloa!<\/p>\n<p data-start=\"1001\" data-end=\"1046\">Nettopaino: 50 g<br data-start=\"1017\" data-end=\"1020\" \/>Koostumus: 100 % oliivipuu<\/p>\n","protected":false},"featured_media":35145,"template":"","meta":[],"product_brand":[],"product_cat":[484],"product_tag":[],"class_list":{"0":"post-48369","1":"product","2":"type-product","3":"status-publish","4":"has-post-thumbnail","6":"product_cat-lelut-koirille","8":"first","9":"instock","10":"sale","11":"taxable","12":"shipping-taxable","13":"purchasable","14":"product-type-simple"},"yoast_head":"<!-- This site is optimized with the Yoast SEO plugin v27.4 - https:\/\/yoast.com\/product\/yoast-seo-wordpress\/ -->\n<title>Oliivipuinen puruluu koirille, Frigera S - MiuMjau<\/title>\n<meta name=\"robots\" content=\"index, follow, max-snippet:-1, max-image-preview:large, max-video-preview:-1\" \/>\n<link rel=\"canonical\" href=\"https:\/\/miumjau.ee\/fi\/tuote\/oliivipuinen-puruluu-koirille-frigera-s\/\" \/>\n<meta property=\"og:locale\" content=\"fi_FI\" \/>\n<meta property=\"og:type\" content=\"article\" \/>\n<meta property=\"og:title\" content=\"Oliivipuinen puruluu koirille, Frigera S - MiuMjau\" \/>\n<meta property=\"og:description\" content=\"Tuhoaako koirasi kaikki herkut hetkess\u00e4? Oletko kyll\u00e4stynyt pureskeltuihin kenkiin ja huonekalujen jalkoihin? Ei h\u00e4t\u00e4\u00e4 \u2013 friGERA-oliivipuusta valmistetut purutikut pit\u00e4v\u00e4t lemmikkisi poissa arvokkaista tavaroistasi! T\u00e4m\u00e4 luonnollinen ja kest\u00e4v\u00e4 puruherkku on valmistettu 100 % oliivipuusta ja k\u00e4sitelty k\u00e4sity\u00f6n\u00e4 juuri koirasi iloksi. Tikkujen valmistuksessa k\u00e4ytet\u00e4\u00e4n ylim\u00e4\u00e4r\u00e4ist\u00e4 oksapuumateriaalia, joten yht\u00e4\u00e4n puuta ei kaadeta. Luontaisen kovuutensa ansiosta oliivipuu sopii erinomaisesti hampaiden hoitoon \u2013 pureskelu auttaa v\u00e4hent\u00e4m\u00e4\u00e4n plakkia ja hammaskive\u00e4, ja hienot puukuidut puhdistavat hampaita hell\u00e4varaisesti. Bonuksena: tuote on t\u00e4ysin kaloriton, joten se sopii my\u00f6s helposti painoa kerrytt\u00e4ville koirille! Tarjoa koirallesi terveellist\u00e4, turvallista ja ymp\u00e4rist\u00f6yst\u00e4v\u00e4llist\u00e4 pureskelun iloa! Nettopaino: 50 gKoostumus: 100 % oliivipuu\" \/>\n<meta property=\"og:url\" content=\"https:\/\/miumjau.ee\/fi\/tuote\/oliivipuinen-puruluu-koirille-frigera-s\/\" \/>\n<meta property=\"og:site_name\" content=\"MiuMjau\" \/>\n<meta property=\"article:publisher\" content=\"https:\/\/www.facebook.com\/miumjaupood\/\" \/>\n<meta property=\"article:modified_time\" content=\"2026-02-15T16:57:26+00:00\" \/>\n<meta property=\"og:image\" content=\"https:\/\/miumjau.ee\/wp-content\/uploads\/2025\/05\/frigera-olivipuidust-narimispulk-s-1-tk-Photoroom.webp\" \/>\n\t<meta property=\"og:image:width\" content=\"600\" \/>\n\t<meta property=\"og:image:height\" content=\"800\" \/>\n\t<meta property=\"og:image:type\" content=\"image\/webp\" \/>\n<meta name=\"twitter:card\" content=\"summary_large_image\" \/>\n<script type=\"application\/ld+json\" class=\"yoast-schema-graph\">{\"@context\":\"https:\\\/\\\/schema.org\",\"@graph\":[{\"@type\":\"WebPage\",\"@id\":\"https:\\\/\\\/miumjau.ee\\\/fi\\\/tuote\\\/oliivipuinen-puruluu-koirille-frigera-s\\\/\",\"url\":\"https:\\\/\\\/miumjau.ee\\\/fi\\\/tuote\\\/oliivipuinen-puruluu-koirille-frigera-s\\\/\",\"name\":\"Oliivipuinen puruluu koirille, Frigera S - MiuMjau\",\"isPartOf\":{\"@id\":\"https:\\\/\\\/miumjau.ee\\\/#website\"},\"primaryImageOfPage\":{\"@id\":\"https:\\\/\\\/miumjau.ee\\\/fi\\\/tuote\\\/oliivipuinen-puruluu-koirille-frigera-s\\\/#primaryimage\"},\"image\":{\"@id\":\"https:\\\/\\\/miumjau.ee\\\/fi\\\/tuote\\\/oliivipuinen-puruluu-koirille-frigera-s\\\/#primaryimage\"},\"thumbnailUrl\":\"https:\\\/\\\/miumjau.ee\\\/wp-content\\\/uploads\\\/2025\\\/05\\\/frigera-olivipuidust-narimispulk-s-1-tk-Photoroom.webp\",\"datePublished\":\"2025-05-28T12:16:04+00:00\",\"dateModified\":\"2026-02-15T16:57:26+00:00\",\"breadcrumb\":{\"@id\":\"https:\\\/\\\/miumjau.ee\\\/fi\\\/tuote\\\/oliivipuinen-puruluu-koirille-frigera-s\\\/#breadcrumb\"},\"inLanguage\":\"fi\",\"potentialAction\":[{\"@type\":\"ReadAction\",\"target\":[\"https:\\\/\\\/miumjau.ee\\\/fi\\\/tuote\\\/oliivipuinen-puruluu-koirille-frigera-s\\\/\"]}]},{\"@type\":\"ImageObject\",\"inLanguage\":\"fi\",\"@id\":\"https:\\\/\\\/miumjau.ee\\\/fi\\\/tuote\\\/oliivipuinen-puruluu-koirille-frigera-s\\\/#primaryimage\",\"url\":\"https:\\\/\\\/miumjau.ee\\\/wp-content\\\/uploads\\\/2025\\\/05\\\/frigera-olivipuidust-narimispulk-s-1-tk-Photoroom.webp\",\"contentUrl\":\"https:\\\/\\\/miumjau.ee\\\/wp-content\\\/uploads\\\/2025\\\/05\\\/frigera-olivipuidust-narimispulk-s-1-tk-Photoroom.webp\",\"width\":600,\"height\":800,\"caption\":\"N\u00e4rimispulk koertele oliivipuust, S\"},{\"@type\":\"BreadcrumbList\",\"@id\":\"https:\\\/\\\/miumjau.ee\\\/fi\\\/tuote\\\/oliivipuinen-puruluu-koirille-frigera-s\\\/#breadcrumb\",\"itemListElement\":[{\"@type\":\"ListItem\",\"position\":1,\"name\":\"Home\",\"item\":\"https:\\\/\\\/miumjau.ee\\\/fi\\\/\"},{\"@type\":\"ListItem\",\"position\":2,\"name\":\"Kauppa\",\"item\":\"https:\\\/\\\/miumjau.ee\\\/fi\\\/kauppa\\\/\"},{\"@type\":\"ListItem\",\"position\":3,\"name\":\"Oliivipuinen puruluu koirille, Frigera S\"}]},{\"@type\":\"WebSite\",\"@id\":\"https:\\\/\\\/miumjau.ee\\\/#website\",\"url\":\"https:\\\/\\\/miumjau.ee\\\/\",\"name\":\"MiuMjau\",\"description\":\"Kraapimispuud kassidele\",\"publisher\":{\"@id\":\"https:\\\/\\\/miumjau.ee\\\/#organization\"},\"potentialAction\":[{\"@type\":\"SearchAction\",\"target\":{\"@type\":\"EntryPoint\",\"urlTemplate\":\"https:\\\/\\\/miumjau.ee\\\/?s={search_term_string}\"},\"query-input\":{\"@type\":\"PropertyValueSpecification\",\"valueRequired\":true,\"valueName\":\"search_term_string\"}}],\"inLanguage\":\"fi\"},{\"@type\":\"Organization\",\"@id\":\"https:\\\/\\\/miumjau.ee\\\/#organization\",\"name\":\"MiuMjau O\u00dc\",\"url\":\"https:\\\/\\\/miumjau.ee\\\/\",\"logo\":{\"@type\":\"ImageObject\",\"inLanguage\":\"fi\",\"@id\":\"https:\\\/\\\/miumjau.ee\\\/#\\\/schema\\\/logo\\\/image\\\/\",\"url\":\"https:\\\/\\\/miumjau.ee\\\/wp-content\\\/uploads\\\/2022\\\/04\\\/MiuMjau-logo-kollane.png\",\"contentUrl\":\"https:\\\/\\\/miumjau.ee\\\/wp-content\\\/uploads\\\/2022\\\/04\\\/MiuMjau-logo-kollane.png\",\"width\":219,\"height\":100,\"caption\":\"MiuMjau O\u00dc\"},\"image\":{\"@id\":\"https:\\\/\\\/miumjau.ee\\\/#\\\/schema\\\/logo\\\/image\\\/\"},\"sameAs\":[\"https:\\\/\\\/www.facebook.com\\\/miumjaupood\\\/\"]}]}<\/script>\n<!-- \/ Yoast SEO plugin. -->","yoast_head_json":{"title":"Oliivipuinen puruluu koirille, Frigera S - MiuMjau","robots":{"index":"index","follow":"follow","max-snippet":"max-snippet:-1","max-image-preview":"max-image-preview:large","max-video-preview":"max-video-preview:-1"},"canonical":"https:\/\/miumjau.ee\/fi\/tuote\/oliivipuinen-puruluu-koirille-frigera-s\/","og_locale":"fi_FI","og_type":"article","og_title":"Oliivipuinen puruluu koirille, Frigera S - MiuMjau","og_description":"Tuhoaako koirasi kaikki herkut hetkess\u00e4? Oletko kyll\u00e4stynyt pureskeltuihin kenkiin ja huonekalujen jalkoihin? Ei h\u00e4t\u00e4\u00e4 \u2013 friGERA-oliivipuusta valmistetut purutikut pit\u00e4v\u00e4t lemmikkisi poissa arvokkaista tavaroistasi! T\u00e4m\u00e4 luonnollinen ja kest\u00e4v\u00e4 puruherkku on valmistettu 100 % oliivipuusta ja k\u00e4sitelty k\u00e4sity\u00f6n\u00e4 juuri koirasi iloksi. Tikkujen valmistuksessa k\u00e4ytet\u00e4\u00e4n ylim\u00e4\u00e4r\u00e4ist\u00e4 oksapuumateriaalia, joten yht\u00e4\u00e4n puuta ei kaadeta. Luontaisen kovuutensa ansiosta oliivipuu sopii erinomaisesti hampaiden hoitoon \u2013 pureskelu auttaa v\u00e4hent\u00e4m\u00e4\u00e4n plakkia ja hammaskive\u00e4, ja hienot puukuidut puhdistavat hampaita hell\u00e4varaisesti. Bonuksena: tuote on t\u00e4ysin kaloriton, joten se sopii my\u00f6s helposti painoa kerrytt\u00e4ville koirille! Tarjoa koirallesi terveellist\u00e4, turvallista ja ymp\u00e4rist\u00f6yst\u00e4v\u00e4llist\u00e4 pureskelun iloa! Nettopaino: 50 gKoostumus: 100 % oliivipuu","og_url":"https:\/\/miumjau.ee\/fi\/tuote\/oliivipuinen-puruluu-koirille-frigera-s\/","og_site_name":"MiuMjau","article_publisher":"https:\/\/www.facebook.com\/miumjaupood\/","article_modified_time":"2026-02-15T16:57:26+00:00","og_image":[{"width":600,"height":800,"url":"https:\/\/miumjau.ee\/wp-content\/uploads\/2025\/05\/frigera-olivipuidust-narimispulk-s-1-tk-Photoroom.webp","type":"image\/webp"}],"twitter_card":"summary_large_image","schema":{"@context":"https:\/\/schema.org","@graph":[{"@type":"WebPage","@id":"https:\/\/miumjau.ee\/fi\/tuote\/oliivipuinen-puruluu-koirille-frigera-s\/","url":"https:\/\/miumjau.ee\/fi\/tuote\/oliivipuinen-puruluu-koirille-frigera-s\/","name":"Oliivipuinen puruluu koirille, Frigera S - MiuMjau","isPartOf":{"@id":"https:\/\/miumjau.ee\/#website"},"primaryImageOfPage":{"@id":"https:\/\/miumjau.ee\/fi\/tuote\/oliivipuinen-puruluu-koirille-frigera-s\/#primaryimage"},"image":{"@id":"https:\/\/miumjau.ee\/fi\/tuote\/oliivipuinen-puruluu-koirille-frigera-s\/#primaryimage"},"thumbnailUrl":"https:\/\/miumjau.ee\/wp-content\/uploads\/2025\/05\/frigera-olivipuidust-narimispulk-s-1-tk-Photoroom.webp","datePublished":"2025-05-28T12:16:04+00:00","dateModified":"2026-02-15T16:57:26+00:00","breadcrumb":{"@id":"https:\/\/miumjau.ee\/fi\/tuote\/oliivipuinen-puruluu-koirille-frigera-s\/#breadcrumb"},"inLanguage":"fi","potentialAction":[{"@type":"ReadAction","target":["https:\/\/miumjau.ee\/fi\/tuote\/oliivipuinen-puruluu-koirille-frigera-s\/"]}]},{"@type":"ImageObject","inLanguage":"fi","@id":"https:\/\/miumjau.ee\/fi\/tuote\/oliivipuinen-puruluu-koirille-frigera-s\/#primaryimage","url":"https:\/\/miumjau.ee\/wp-content\/uploads\/2025\/05\/frigera-olivipuidust-narimispulk-s-1-tk-Photoroom.webp","contentUrl":"https:\/\/miumjau.ee\/wp-content\/uploads\/2025\/05\/frigera-olivipuidust-narimispulk-s-1-tk-Photoroom.webp","width":600,"height":800,"caption":"N\u00e4rimispulk koertele oliivipuust, S"},{"@type":"BreadcrumbList","@id":"https:\/\/miumjau.ee\/fi\/tuote\/oliivipuinen-puruluu-koirille-frigera-s\/#breadcrumb","itemListElement":[{"@type":"ListItem","position":1,"name":"Home","item":"https:\/\/miumjau.ee\/fi\/"},{"@type":"ListItem","position":2,"name":"Kauppa","item":"https:\/\/miumjau.ee\/fi\/kauppa\/"},{"@type":"ListItem","position":3,"name":"Oliivipuinen puruluu koirille, Frigera S"}]},{"@type":"WebSite","@id":"https:\/\/miumjau.ee\/#website","url":"https:\/\/miumjau.ee\/","name":"MiuMjau","description":"Kraapimispuud kassidele","publisher":{"@id":"https:\/\/miumjau.ee\/#organization"},"potentialAction":[{"@type":"SearchAction","target":{"@type":"EntryPoint","urlTemplate":"https:\/\/miumjau.ee\/?s={search_term_string}"},"query-input":{"@type":"PropertyValueSpecification","valueRequired":true,"valueName":"search_term_string"}}],"inLanguage":"fi"},{"@type":"Organization","@id":"https:\/\/miumjau.ee\/#organization","name":"MiuMjau O\u00dc","url":"https:\/\/miumjau.ee\/","logo":{"@type":"ImageObject","inLanguage":"fi","@id":"https:\/\/miumjau.ee\/#\/schema\/logo\/image\/","url":"https:\/\/miumjau.ee\/wp-content\/uploads\/2022\/04\/MiuMjau-logo-kollane.png","contentUrl":"https:\/\/miumjau.ee\/wp-content\/uploads\/2022\/04\/MiuMjau-logo-kollane.png","width":219,"height":100,"caption":"MiuMjau O\u00dc"},"image":{"@id":"https:\/\/miumjau.ee\/#\/schema\/logo\/image\/"},"sameAs":["https:\/\/www.facebook.com\/miumjaupood\/"]}]}},"_links":{"self":[{"href":"https:\/\/miumjau.ee\/fi\/wp-json\/wp\/v2\/product\/48369","targetHints":{"allow":["GET"]}}],"collection":[{"href":"https:\/\/miumjau.ee\/fi\/wp-json\/wp\/v2\/product"}],"about":[{"href":"https:\/\/miumjau.ee\/fi\/wp-json\/wp\/v2\/types\/product"}],"wp:featuredmedia":[{"embeddable":true,"href":"https:\/\/miumjau.ee\/fi\/wp-json\/wp\/v2\/media\/35145"}],"wp:attachment":[{"href":"https:\/\/miumjau.ee\/fi\/wp-json\/wp\/v2\/media?parent=48369"}],"wp:term":[{"taxonomy":"product_brand","embeddable":true,"href":"https:\/\/miumjau.ee\/fi\/wp-json\/wp\/v2\/product_brand?post=48369"},{"taxonomy":"product_cat","embeddable":true,"href":"https:\/\/miumjau.ee\/fi\/wp-json\/wp\/v2\/product_cat?post=48369"},{"taxonomy":"product_tag","embeddable":true,"href":"https:\/\/miumjau.ee\/fi\/wp-json\/wp\/v2\/product_tag?post=48369"}],"curies":[{"name":"wp","href":"https:\/\/api.w.org\/{rel}","templated":true}]}}