{"id":48364,"date":"2025-12-15T21:06:47","date_gmt":"2025-12-15T19:06:47","guid":{"rendered":"https:\/\/miumjau.ee\/toode\/petrebels-maine-coon-127-raapimispuu-valkoinen\/"},"modified":"2026-01-07T22:44:55","modified_gmt":"2026-01-07T20:44:55","slug":"petrebels-maine-coon-127-raapimispuu-valkoinen","status":"publish","type":"product","link":"https:\/\/miumjau.ee\/fi\/tuote\/petrebels-maine-coon-127-raapimispuu-valkoinen\/","title":{"rendered":"Petrebels Maine Coon 127 -raapimispuu, valkoinen"},"content":{"rendered":"","protected":false},"excerpt":{"rendered":"<p data-start=\"1473\" data-end=\"1922\">Laadukas ja tukeva raapimispuu aktiivisille, suurille ja painaville kissoille. T\u00e4m\u00e4 vankkarakenteinen raapimispuu on suunniteltu suurille kissaroduille, kuten maine cooneille, ragdolleille ja norjalaisille mets\u00e4kissoille, jotka tarvitsevat erityisen kest\u00e4v\u00e4n kiipeily- ja raapimispaikan. Paksu 20 cm halkaisijaltaan oleva raapimistolppa, vahvistettu jalusta ja pehme\u00e4 plyysipinta tekev\u00e4t siit\u00e4 ihanteellisen paikan sek\u00e4 leikkiin ett\u00e4 rentoutumiseen.<\/p>\n<p data-start=\"1924\" data-end=\"2341\"><strong data-start=\"1924\" data-end=\"1952\">T\u00e4rkeimm\u00e4t ominaisuudet:<\/strong><br data-start=\"1952\" data-end=\"1955\" \/>\ud83d\udc49 Mitat: pituus 68 cm \u00d7 leveys 48 cm \u00d7 korkeus 127 cm<br data-start=\"2009\" data-end=\"2012\" \/>\ud83d\udc49 Sopii: Kaikille kissoille, erityisesti suurille ja painaville kissoille<br data-start=\"2086\" data-end=\"2089\" \/>\ud83d\udc49 Tukeva pohjalevy: Suuri ja vahva pohja takaa erinomaisen vakauden my\u00f6s aktiivisessa k\u00e4yt\u00f6ss\u00e4<br data-start=\"2184\" data-end=\"2187\" \/>\ud83d\udc49 Mukavat lepoalueet: Tilava lepokori ja kest\u00e4v\u00e4 riippumatto nukkumiseen ja lepoon<br data-start=\"2270\" data-end=\"2273\" \/>\ud83d\udc49 Irrotettava riippumatto ja pest\u00e4v\u00e4 tyyny: Helppo pit\u00e4\u00e4 puhtaana<\/p>\n<p data-start=\"2343\" data-end=\"2432\">Tuotteen paino pakkauksessa 24 kg, nettopaino 21,8 kg. Toimitetaan kahdessa pakkauksessa.<\/p>\n<p data-start=\"2434\" data-end=\"2724\">T\u00e4m\u00e4 raapimispuu yhdist\u00e4\u00e4 raapimispinnat, kiipeilymahdollisuudet ja mukavat lepopaikat, jotka vastaavat kissan luontaisia vaistoja \u2013 raapimista, kiipeily\u00e4, leikki\u00e4 ja lep\u00e4\u00e4mist\u00e4. Vankka rakenne ja laadukkaat materiaalit tekev\u00e4t siit\u00e4 ihanteellisen valinnan my\u00f6s eritt\u00e4in suurille kissoille.<\/p>\n","protected":false},"featured_media":48283,"template":"","meta":[],"product_brand":[],"product_cat":[115,116],"product_tag":[],"class_list":{"0":"post-48364","1":"product","2":"type-product","3":"status-publish","4":"has-post-thumbnail","6":"product_cat-keskikokoiset-raapimispuut-petrebels","7":"product_cat-isoille-kissoille-petrebels","8":"product_shipping_class-pakiautomaati-sobimatu-fi","10":"first","11":"instock","12":"taxable","13":"shipping-taxable","14":"purchasable","15":"product-type-simple"},"yoast_head":"<!-- This site is optimized with the Yoast SEO plugin v27.2 - https:\/\/yoast.com\/product\/yoast-seo-wordpress\/ -->\n<title>Petrebels Maine Coon 127 -raapimispuu, valkoinen - MiuMjau<\/title>\n<meta name=\"robots\" content=\"index, follow, max-snippet:-1, max-image-preview:large, max-video-preview:-1\" \/>\n<link rel=\"canonical\" href=\"https:\/\/miumjau.ee\/fi\/tuote\/petrebels-maine-coon-127-raapimispuu-valkoinen\/\" \/>\n<meta property=\"og:locale\" content=\"fi_FI\" \/>\n<meta property=\"og:type\" content=\"article\" \/>\n<meta property=\"og:title\" content=\"Petrebels Maine Coon 127 -raapimispuu, valkoinen - MiuMjau\" \/>\n<meta property=\"og:description\" content=\"Laadukas ja tukeva raapimispuu aktiivisille, suurille ja painaville kissoille. T\u00e4m\u00e4 vankkarakenteinen raapimispuu on suunniteltu suurille kissaroduille, kuten maine cooneille, ragdolleille ja norjalaisille mets\u00e4kissoille, jotka tarvitsevat erityisen kest\u00e4v\u00e4n kiipeily- ja raapimispaikan. Paksu 20 cm halkaisijaltaan oleva raapimistolppa, vahvistettu jalusta ja pehme\u00e4 plyysipinta tekev\u00e4t siit\u00e4 ihanteellisen paikan sek\u00e4 leikkiin ett\u00e4 rentoutumiseen. T\u00e4rkeimm\u00e4t ominaisuudet:\ud83d\udc49 Mitat: pituus 68 cm \u00d7 leveys 48 cm \u00d7 korkeus 127 cm\ud83d\udc49 Sopii: Kaikille kissoille, erityisesti suurille ja painaville kissoille\ud83d\udc49 Tukeva pohjalevy: Suuri ja vahva pohja takaa erinomaisen vakauden my\u00f6s aktiivisessa k\u00e4yt\u00f6ss\u00e4\ud83d\udc49 Mukavat lepoalueet: Tilava lepokori ja kest\u00e4v\u00e4 riippumatto nukkumiseen ja lepoon\ud83d\udc49 Irrotettava riippumatto ja pest\u00e4v\u00e4 tyyny: Helppo pit\u00e4\u00e4 puhtaana Tuotteen paino pakkauksessa 24 kg, nettopaino 21,8 kg. Toimitetaan kahdessa pakkauksessa. T\u00e4m\u00e4 raapimispuu yhdist\u00e4\u00e4 raapimispinnat, kiipeilymahdollisuudet ja mukavat lepopaikat, jotka vastaavat kissan luontaisia vaistoja \u2013 raapimista, kiipeily\u00e4, leikki\u00e4 ja lep\u00e4\u00e4mist\u00e4. Vankka rakenne ja laadukkaat materiaalit tekev\u00e4t siit\u00e4 ihanteellisen valinnan my\u00f6s eritt\u00e4in suurille kissoille.\" \/>\n<meta property=\"og:url\" content=\"https:\/\/miumjau.ee\/fi\/tuote\/petrebels-maine-coon-127-raapimispuu-valkoinen\/\" \/>\n<meta property=\"og:site_name\" content=\"MiuMjau\" \/>\n<meta property=\"article:publisher\" content=\"https:\/\/www.facebook.com\/miumjaupood\/\" \/>\n<meta property=\"article:modified_time\" content=\"2026-01-07T20:44:55+00:00\" \/>\n<meta property=\"og:image\" content=\"https:\/\/miumjau.ee\/wp-content\/uploads\/2025\/12\/kraapimispost-petrebels-mainecoon1273.jpg\" \/>\n\t<meta property=\"og:image:width\" content=\"600\" \/>\n\t<meta property=\"og:image:height\" content=\"800\" \/>\n\t<meta property=\"og:image:type\" content=\"image\/jpeg\" \/>\n<meta name=\"twitter:card\" content=\"summary_large_image\" \/>\n<script type=\"application\/ld+json\" class=\"yoast-schema-graph\">{\"@context\":\"https:\/\/schema.org\",\"@graph\":[{\"@type\":\"WebPage\",\"@id\":\"https:\/\/miumjau.ee\/fi\/tuote\/petrebels-maine-coon-127-raapimispuu-valkoinen\/\",\"url\":\"https:\/\/miumjau.ee\/fi\/tuote\/petrebels-maine-coon-127-raapimispuu-valkoinen\/\",\"name\":\"Petrebels Maine Coon 127 -raapimispuu, valkoinen - MiuMjau\",\"isPartOf\":{\"@id\":\"https:\/\/miumjau.ee\/#website\"},\"primaryImageOfPage\":{\"@id\":\"https:\/\/miumjau.ee\/fi\/tuote\/petrebels-maine-coon-127-raapimispuu-valkoinen\/#primaryimage\"},\"image\":{\"@id\":\"https:\/\/miumjau.ee\/fi\/tuote\/petrebels-maine-coon-127-raapimispuu-valkoinen\/#primaryimage\"},\"thumbnailUrl\":\"https:\/\/miumjau.ee\/wp-content\/uploads\/2025\/12\/kraapimispost-petrebels-mainecoon1273.jpg\",\"datePublished\":\"2025-12-15T19:06:47+00:00\",\"dateModified\":\"2026-01-07T20:44:55+00:00\",\"breadcrumb\":{\"@id\":\"https:\/\/miumjau.ee\/fi\/tuote\/petrebels-maine-coon-127-raapimispuu-valkoinen\/#breadcrumb\"},\"inLanguage\":\"fi\",\"potentialAction\":[{\"@type\":\"ReadAction\",\"target\":[\"https:\/\/miumjau.ee\/fi\/tuote\/petrebels-maine-coon-127-raapimispuu-valkoinen\/\"]}]},{\"@type\":\"ImageObject\",\"inLanguage\":\"fi\",\"@id\":\"https:\/\/miumjau.ee\/fi\/tuote\/petrebels-maine-coon-127-raapimispuu-valkoinen\/#primaryimage\",\"url\":\"https:\/\/miumjau.ee\/wp-content\/uploads\/2025\/12\/kraapimispost-petrebels-mainecoon1273.jpg\",\"contentUrl\":\"https:\/\/miumjau.ee\/wp-content\/uploads\/2025\/12\/kraapimispost-petrebels-mainecoon1273.jpg\",\"width\":600,\"height\":800,\"caption\":\"Kraapimispost Petrebels Maine Coon 127, white\"},{\"@type\":\"BreadcrumbList\",\"@id\":\"https:\/\/miumjau.ee\/fi\/tuote\/petrebels-maine-coon-127-raapimispuu-valkoinen\/#breadcrumb\",\"itemListElement\":[{\"@type\":\"ListItem\",\"position\":1,\"name\":\"Home\",\"item\":\"https:\/\/miumjau.ee\/fi\/\"},{\"@type\":\"ListItem\",\"position\":2,\"name\":\"Kauppa\",\"item\":\"https:\/\/miumjau.ee\/fi\/kauppa\/\"},{\"@type\":\"ListItem\",\"position\":3,\"name\":\"Petrebels Maine Coon 127 -raapimispuu, valkoinen\"}]},{\"@type\":\"WebSite\",\"@id\":\"https:\/\/miumjau.ee\/#website\",\"url\":\"https:\/\/miumjau.ee\/\",\"name\":\"MiuMjau\",\"description\":\"Kraapimispuud kassidele\",\"publisher\":{\"@id\":\"https:\/\/miumjau.ee\/#organization\"},\"potentialAction\":[{\"@type\":\"SearchAction\",\"target\":{\"@type\":\"EntryPoint\",\"urlTemplate\":\"https:\/\/miumjau.ee\/?s={search_term_string}\"},\"query-input\":{\"@type\":\"PropertyValueSpecification\",\"valueRequired\":true,\"valueName\":\"search_term_string\"}}],\"inLanguage\":\"fi\"},{\"@type\":\"Organization\",\"@id\":\"https:\/\/miumjau.ee\/#organization\",\"name\":\"MiuMjau O\u00dc\",\"url\":\"https:\/\/miumjau.ee\/\",\"logo\":{\"@type\":\"ImageObject\",\"inLanguage\":\"fi\",\"@id\":\"https:\/\/miumjau.ee\/#\/schema\/logo\/image\/\",\"url\":\"https:\/\/miumjau.ee\/wp-content\/uploads\/2022\/04\/MiuMjau-logo-kollane.png\",\"contentUrl\":\"https:\/\/miumjau.ee\/wp-content\/uploads\/2022\/04\/MiuMjau-logo-kollane.png\",\"width\":219,\"height\":100,\"caption\":\"MiuMjau O\u00dc\"},\"image\":{\"@id\":\"https:\/\/miumjau.ee\/#\/schema\/logo\/image\/\"},\"sameAs\":[\"https:\/\/www.facebook.com\/miumjaupood\/\"]}]}<\/script>\n<!-- \/ Yoast SEO plugin. -->","yoast_head_json":{"title":"Petrebels Maine Coon 127 -raapimispuu, valkoinen - MiuMjau","robots":{"index":"index","follow":"follow","max-snippet":"max-snippet:-1","max-image-preview":"max-image-preview:large","max-video-preview":"max-video-preview:-1"},"canonical":"https:\/\/miumjau.ee\/fi\/tuote\/petrebels-maine-coon-127-raapimispuu-valkoinen\/","og_locale":"fi_FI","og_type":"article","og_title":"Petrebels Maine Coon 127 -raapimispuu, valkoinen - MiuMjau","og_description":"Laadukas ja tukeva raapimispuu aktiivisille, suurille ja painaville kissoille. T\u00e4m\u00e4 vankkarakenteinen raapimispuu on suunniteltu suurille kissaroduille, kuten maine cooneille, ragdolleille ja norjalaisille mets\u00e4kissoille, jotka tarvitsevat erityisen kest\u00e4v\u00e4n kiipeily- ja raapimispaikan. Paksu 20 cm halkaisijaltaan oleva raapimistolppa, vahvistettu jalusta ja pehme\u00e4 plyysipinta tekev\u00e4t siit\u00e4 ihanteellisen paikan sek\u00e4 leikkiin ett\u00e4 rentoutumiseen. T\u00e4rkeimm\u00e4t ominaisuudet:\ud83d\udc49 Mitat: pituus 68 cm \u00d7 leveys 48 cm \u00d7 korkeus 127 cm\ud83d\udc49 Sopii: Kaikille kissoille, erityisesti suurille ja painaville kissoille\ud83d\udc49 Tukeva pohjalevy: Suuri ja vahva pohja takaa erinomaisen vakauden my\u00f6s aktiivisessa k\u00e4yt\u00f6ss\u00e4\ud83d\udc49 Mukavat lepoalueet: Tilava lepokori ja kest\u00e4v\u00e4 riippumatto nukkumiseen ja lepoon\ud83d\udc49 Irrotettava riippumatto ja pest\u00e4v\u00e4 tyyny: Helppo pit\u00e4\u00e4 puhtaana Tuotteen paino pakkauksessa 24 kg, nettopaino 21,8 kg. Toimitetaan kahdessa pakkauksessa. T\u00e4m\u00e4 raapimispuu yhdist\u00e4\u00e4 raapimispinnat, kiipeilymahdollisuudet ja mukavat lepopaikat, jotka vastaavat kissan luontaisia vaistoja \u2013 raapimista, kiipeily\u00e4, leikki\u00e4 ja lep\u00e4\u00e4mist\u00e4. Vankka rakenne ja laadukkaat materiaalit tekev\u00e4t siit\u00e4 ihanteellisen valinnan my\u00f6s eritt\u00e4in suurille kissoille.","og_url":"https:\/\/miumjau.ee\/fi\/tuote\/petrebels-maine-coon-127-raapimispuu-valkoinen\/","og_site_name":"MiuMjau","article_publisher":"https:\/\/www.facebook.com\/miumjaupood\/","article_modified_time":"2026-01-07T20:44:55+00:00","og_image":[{"width":600,"height":800,"url":"https:\/\/miumjau.ee\/wp-content\/uploads\/2025\/12\/kraapimispost-petrebels-mainecoon1273.jpg","type":"image\/jpeg"}],"twitter_card":"summary_large_image","schema":{"@context":"https:\/\/schema.org","@graph":[{"@type":"WebPage","@id":"https:\/\/miumjau.ee\/fi\/tuote\/petrebels-maine-coon-127-raapimispuu-valkoinen\/","url":"https:\/\/miumjau.ee\/fi\/tuote\/petrebels-maine-coon-127-raapimispuu-valkoinen\/","name":"Petrebels Maine Coon 127 -raapimispuu, valkoinen - MiuMjau","isPartOf":{"@id":"https:\/\/miumjau.ee\/#website"},"primaryImageOfPage":{"@id":"https:\/\/miumjau.ee\/fi\/tuote\/petrebels-maine-coon-127-raapimispuu-valkoinen\/#primaryimage"},"image":{"@id":"https:\/\/miumjau.ee\/fi\/tuote\/petrebels-maine-coon-127-raapimispuu-valkoinen\/#primaryimage"},"thumbnailUrl":"https:\/\/miumjau.ee\/wp-content\/uploads\/2025\/12\/kraapimispost-petrebels-mainecoon1273.jpg","datePublished":"2025-12-15T19:06:47+00:00","dateModified":"2026-01-07T20:44:55+00:00","breadcrumb":{"@id":"https:\/\/miumjau.ee\/fi\/tuote\/petrebels-maine-coon-127-raapimispuu-valkoinen\/#breadcrumb"},"inLanguage":"fi","potentialAction":[{"@type":"ReadAction","target":["https:\/\/miumjau.ee\/fi\/tuote\/petrebels-maine-coon-127-raapimispuu-valkoinen\/"]}]},{"@type":"ImageObject","inLanguage":"fi","@id":"https:\/\/miumjau.ee\/fi\/tuote\/petrebels-maine-coon-127-raapimispuu-valkoinen\/#primaryimage","url":"https:\/\/miumjau.ee\/wp-content\/uploads\/2025\/12\/kraapimispost-petrebels-mainecoon1273.jpg","contentUrl":"https:\/\/miumjau.ee\/wp-content\/uploads\/2025\/12\/kraapimispost-petrebels-mainecoon1273.jpg","width":600,"height":800,"caption":"Kraapimispost Petrebels Maine Coon 127, white"},{"@type":"BreadcrumbList","@id":"https:\/\/miumjau.ee\/fi\/tuote\/petrebels-maine-coon-127-raapimispuu-valkoinen\/#breadcrumb","itemListElement":[{"@type":"ListItem","position":1,"name":"Home","item":"https:\/\/miumjau.ee\/fi\/"},{"@type":"ListItem","position":2,"name":"Kauppa","item":"https:\/\/miumjau.ee\/fi\/kauppa\/"},{"@type":"ListItem","position":3,"name":"Petrebels Maine Coon 127 -raapimispuu, valkoinen"}]},{"@type":"WebSite","@id":"https:\/\/miumjau.ee\/#website","url":"https:\/\/miumjau.ee\/","name":"MiuMjau","description":"Kraapimispuud kassidele","publisher":{"@id":"https:\/\/miumjau.ee\/#organization"},"potentialAction":[{"@type":"SearchAction","target":{"@type":"EntryPoint","urlTemplate":"https:\/\/miumjau.ee\/?s={search_term_string}"},"query-input":{"@type":"PropertyValueSpecification","valueRequired":true,"valueName":"search_term_string"}}],"inLanguage":"fi"},{"@type":"Organization","@id":"https:\/\/miumjau.ee\/#organization","name":"MiuMjau O\u00dc","url":"https:\/\/miumjau.ee\/","logo":{"@type":"ImageObject","inLanguage":"fi","@id":"https:\/\/miumjau.ee\/#\/schema\/logo\/image\/","url":"https:\/\/miumjau.ee\/wp-content\/uploads\/2022\/04\/MiuMjau-logo-kollane.png","contentUrl":"https:\/\/miumjau.ee\/wp-content\/uploads\/2022\/04\/MiuMjau-logo-kollane.png","width":219,"height":100,"caption":"MiuMjau O\u00dc"},"image":{"@id":"https:\/\/miumjau.ee\/#\/schema\/logo\/image\/"},"sameAs":["https:\/\/www.facebook.com\/miumjaupood\/"]}]}},"_links":{"self":[{"href":"https:\/\/miumjau.ee\/fi\/wp-json\/wp\/v2\/product\/48364","targetHints":{"allow":["GET"]}}],"collection":[{"href":"https:\/\/miumjau.ee\/fi\/wp-json\/wp\/v2\/product"}],"about":[{"href":"https:\/\/miumjau.ee\/fi\/wp-json\/wp\/v2\/types\/product"}],"wp:featuredmedia":[{"embeddable":true,"href":"https:\/\/miumjau.ee\/fi\/wp-json\/wp\/v2\/media\/48283"}],"wp:attachment":[{"href":"https:\/\/miumjau.ee\/fi\/wp-json\/wp\/v2\/media?parent=48364"}],"wp:term":[{"taxonomy":"product_brand","embeddable":true,"href":"https:\/\/miumjau.ee\/fi\/wp-json\/wp\/v2\/product_brand?post=48364"},{"taxonomy":"product_cat","embeddable":true,"href":"https:\/\/miumjau.ee\/fi\/wp-json\/wp\/v2\/product_cat?post=48364"},{"taxonomy":"product_tag","embeddable":true,"href":"https:\/\/miumjau.ee\/fi\/wp-json\/wp\/v2\/product_tag?post=48364"}],"curies":[{"name":"wp","href":"https:\/\/api.w.org\/{rel}","templated":true}]}}