{"id":48192,"date":"2025-12-15T17:31:45","date_gmt":"2025-12-15T15:31:45","guid":{"rendered":"https:\/\/miumjau.ee\/?post_type=product&#038;p=48192"},"modified":"2026-01-07T22:45:03","modified_gmt":"2026-01-07T20:45:03","slug":"ibero-natural-mini-adult-kylmapuristettu-ruoka-lampaanlihalla-3-kg-kopeeri","status":"publish","type":"product","link":"https:\/\/miumjau.ee\/fi\/tuote\/ibero-natural-mini-adult-kylmapuristettu-ruoka-lampaanlihalla-3-kg-kopeeri\/","title":{"rendered":"Ibero Natural Mini Adult kylm\u00e4puristettu ruoka lampaanlihalla, 12kg"},"content":{"rendered":"","protected":false},"excerpt":{"rendered":"<p data-start=\"2779\" data-end=\"2895\">Kylm\u00e4puristettu t\u00e4ysravinto pienikokoisille aikuisille koirille lampaanlihalla. Kaikki tarpeellinen yhdest\u00e4 ruoasta!<\/p>\n<p data-start=\"2897\" data-end=\"2960\">Yhdist\u00e4\u00e4 kylm\u00e4puristetun ruoan edut ja Ibero-sarjan uudet maut.<\/p>\n<p data-start=\"2962\" data-end=\"3064\">S\u00e4ilytt\u00e4\u00e4 Ibero-sarjan t\u00e4rkeimm\u00e4t edut \u2013 runsaasti kuivattua lihaa, joka tulee paikallisilta tiloilta.<\/p>\n<p data-start=\"3066\" data-end=\"3140\">100 % LUONNOLLINEN \u2013 kuten koko Ibero-sarja \u2013 ilman kemikaaleja ja GMO:ta.<\/p>\n<p data-start=\"3142\" data-end=\"3313\">Kylm\u00e4puristettua ruokaa tarvitaan v\u00e4hemm\u00e4n \u2013 se on ravinnepitoisempaa, joten vaikka ruoka olisi kalliimpaa, se voi olla lopulta edullisempaa, koska s\u00e4kki kest\u00e4\u00e4 pidemp\u00e4\u00e4n.<\/p>\n<p data-start=\"3315\" data-end=\"3541\"><strong data-start=\"3315\" data-end=\"3337\">Sopii erityisesti:<\/strong><br data-start=\"3337\" data-end=\"3340\" \/>\u2013 Stressaantuneille koirille \u2013 ravintotihe\u00e4 ruoka<br data-start=\"3389\" data-end=\"3392\" \/>\u2013 Tiineille nartuille \u2013 ravinteikkaampi ruokavalio<br data-start=\"3442\" data-end=\"3445\" \/>\u2013 Kasvattajille, jotka suosivat luonnollisempaa k\u00e4sittelytekniikkaa ja el\u00e4inl\u00e4\u00e4k\u00e4rin valvontaa<\/p>\n<p data-start=\"3543\" data-end=\"3626\"><strong data-start=\"3543\" data-end=\"3554\">Ohjeet:<\/strong><br data-start=\"3554\" data-end=\"3557\" \/>Totuta koira ruokaan v\u00e4hitellen.<br data-start=\"3589\" data-end=\"3592\" \/>Pid\u00e4 tarjolla aina raikasta vett\u00e4.<\/p>\n<p data-start=\"3628\" data-end=\"3975\"><strong data-start=\"3628\" data-end=\"3641\">AINEKSET:<\/strong> Kuivattu lammas (32 %), kuivattu bataatti, kuivattu peruna, naudanrasva (14 %), riisijauho (8 %), lampaanmaksa (5 %), kaurahiutaleet (4 %), kuivattu kurpitsa (2 %), kuivattu lampaanmaksa (2 %), maissihiutaleet, kuivattu porkkana (1,2 %), pellavansiemenet, sikurijuuriuute, kuivatut yrtit, beetaglukaanit, vitamiini- ja mineraaliseos.<\/p>\n<p data-start=\"3977\" data-end=\"4146\"><strong data-start=\"3977\" data-end=\"4001\">ANALYYTTISET AINEET:<\/strong> Raakavalkuainen 25 %, raakarasva 14 %, raakakuitu 3,4 %, raakatuhka 6,8 %, kalsium 1,1 %, fosfori 0,85 %, natrium 0,15 %, kosteus enint\u00e4\u00e4n 10 %.<\/p>\n<p data-start=\"4148\" data-end=\"4233\"><strong data-start=\"4148\" data-end=\"4166\">LIS\u00c4AINEET\/kg:<\/strong> vitamiinit ja mineraalit kuten yll\u00e4 englanninkielisess\u00e4 versiossa.<\/p>\n<p data-start=\"4235\" data-end=\"4273\"><strong data-start=\"4235\" data-end=\"4259\">Metabolinen energia:<\/strong> 3830 kcal\/kg.<\/p>\n<p data-start=\"4275\" data-end=\"4526\"><strong data-start=\"4275\" data-end=\"4300\">Ruokinta ja s\u00e4ilytys:<\/strong><br data-start=\"4300\" data-end=\"4303\" \/>Ruoki koiran kunnon mukaan ja tarjoa raikasta vett\u00e4.<br data-start=\"4355\" data-end=\"4358\" \/>\u00c4l\u00e4 k\u00e4yt\u00e4 ekstrudoidun ruoan mittakuppeja \u2013 kylm\u00e4puristettu ruoka on raskaampaa, joten punnitse ruoka.<br data-start=\"4460\" data-end=\"4463\" \/>S\u00e4ilyt\u00e4 viile\u00e4ss\u00e4 ja kuivassa, poissa suorasta auringonvalosta.<\/p>\n<p data-start=\"4528\" data-end=\"4634\"><strong data-start=\"4528\" data-end=\"4551\">P\u00e4ivitt\u00e4inen annos:<\/strong><br data-start=\"4551\" data-end=\"4554\" \/>1 kg \u2013 27 g, 2 kg \u2013 35 g, 3 kg \u2013 45 g, 5 kg \u2013 65 g, 7 kg \u2013 85 g, 10 kg \u2013 115 g<\/p>\n","protected":false},"featured_media":45611,"template":"","meta":[],"product_brand":[],"product_cat":[478],"product_tag":[],"class_list":{"0":"post-48192","1":"product","2":"type-product","3":"status-publish","4":"has-post-thumbnail","6":"product_cat-kuivaruoka-koirille","8":"first","9":"outofstock","10":"sale","11":"taxable","12":"shipping-taxable","13":"purchasable","14":"product-type-simple"},"yoast_head":"<!-- This site is optimized with the Yoast SEO plugin v27.4 - https:\/\/yoast.com\/product\/yoast-seo-wordpress\/ -->\n<title>Ibero Natural Mini Adult kylm\u00e4puristettu ruoka lampaanlihalla, 12kg - MiuMjau<\/title>\n<meta name=\"robots\" content=\"index, follow, max-snippet:-1, max-image-preview:large, max-video-preview:-1\" \/>\n<link rel=\"canonical\" href=\"https:\/\/miumjau.ee\/fi\/tuote\/ibero-natural-mini-adult-kylmapuristettu-ruoka-lampaanlihalla-3-kg-kopeeri\/\" \/>\n<meta property=\"og:locale\" content=\"fi_FI\" \/>\n<meta property=\"og:type\" content=\"article\" \/>\n<meta property=\"og:title\" content=\"Ibero Natural Mini Adult kylm\u00e4puristettu ruoka lampaanlihalla, 12kg - MiuMjau\" \/>\n<meta property=\"og:description\" content=\"Kylm\u00e4puristettu t\u00e4ysravinto pienikokoisille aikuisille koirille lampaanlihalla. Kaikki tarpeellinen yhdest\u00e4 ruoasta! Yhdist\u00e4\u00e4 kylm\u00e4puristetun ruoan edut ja Ibero-sarjan uudet maut. S\u00e4ilytt\u00e4\u00e4 Ibero-sarjan t\u00e4rkeimm\u00e4t edut \u2013 runsaasti kuivattua lihaa, joka tulee paikallisilta tiloilta. 100 % LUONNOLLINEN \u2013 kuten koko Ibero-sarja \u2013 ilman kemikaaleja ja GMO:ta. Kylm\u00e4puristettua ruokaa tarvitaan v\u00e4hemm\u00e4n \u2013 se on ravinnepitoisempaa, joten vaikka ruoka olisi kalliimpaa, se voi olla lopulta edullisempaa, koska s\u00e4kki kest\u00e4\u00e4 pidemp\u00e4\u00e4n. Sopii erityisesti:\u2013 Stressaantuneille koirille \u2013 ravintotihe\u00e4 ruoka\u2013 Tiineille nartuille \u2013 ravinteikkaampi ruokavalio\u2013 Kasvattajille, jotka suosivat luonnollisempaa k\u00e4sittelytekniikkaa ja el\u00e4inl\u00e4\u00e4k\u00e4rin valvontaa Ohjeet:Totuta koira ruokaan v\u00e4hitellen.Pid\u00e4 tarjolla aina raikasta vett\u00e4. AINEKSET: Kuivattu lammas (32 %), kuivattu bataatti, kuivattu peruna, naudanrasva (14 %), riisijauho (8 %), lampaanmaksa (5 %), kaurahiutaleet (4 %), kuivattu kurpitsa (2 %), kuivattu lampaanmaksa (2 %), maissihiutaleet, kuivattu porkkana (1,2 %), pellavansiemenet, sikurijuuriuute, kuivatut yrtit, beetaglukaanit, vitamiini- ja mineraaliseos. ANALYYTTISET AINEET: Raakavalkuainen 25 %, raakarasva 14 %, raakakuitu 3,4 %, raakatuhka 6,8 %, kalsium 1,1 %, fosfori 0,85 %, natrium 0,15 %, kosteus enint\u00e4\u00e4n 10 %. LIS\u00c4AINEET\/kg: vitamiinit ja mineraalit kuten yll\u00e4 englanninkielisess\u00e4 versiossa. Metabolinen energia: 3830 kcal\/kg. Ruokinta ja s\u00e4ilytys:Ruoki koiran kunnon mukaan ja tarjoa raikasta vett\u00e4.\u00c4l\u00e4 k\u00e4yt\u00e4 ekstrudoidun ruoan mittakuppeja \u2013 kylm\u00e4puristettu ruoka on raskaampaa, joten punnitse ruoka.S\u00e4ilyt\u00e4 viile\u00e4ss\u00e4 ja kuivassa, poissa suorasta auringonvalosta. P\u00e4ivitt\u00e4inen annos:1 kg \u2013 27 g, 2 kg \u2013 35 g, 3 kg \u2013 45 g, 5 kg \u2013 65 g, 7 kg \u2013 85 g, 10 kg \u2013 115 g\" \/>\n<meta property=\"og:url\" content=\"https:\/\/miumjau.ee\/fi\/tuote\/ibero-natural-mini-adult-kylmapuristettu-ruoka-lampaanlihalla-3-kg-kopeeri\/\" \/>\n<meta property=\"og:site_name\" content=\"MiuMjau\" \/>\n<meta property=\"article:publisher\" content=\"https:\/\/www.facebook.com\/miumjaupood\/\" \/>\n<meta property=\"article:modified_time\" content=\"2026-01-07T20:45:03+00:00\" \/>\n<meta property=\"og:image\" content=\"https:\/\/miumjau.ee\/wp-content\/uploads\/2025\/11\/ibero-natural-kulmpress-mini-adult-lamb3.jpg\" \/>\n\t<meta property=\"og:image:width\" content=\"600\" \/>\n\t<meta property=\"og:image:height\" content=\"800\" \/>\n\t<meta property=\"og:image:type\" content=\"image\/jpeg\" \/>\n<meta name=\"twitter:card\" content=\"summary_large_image\" \/>\n<script type=\"application\/ld+json\" class=\"yoast-schema-graph\">{\"@context\":\"https:\\\/\\\/schema.org\",\"@graph\":[{\"@type\":\"WebPage\",\"@id\":\"https:\\\/\\\/miumjau.ee\\\/fi\\\/tuote\\\/ibero-natural-mini-adult-kylmapuristettu-ruoka-lampaanlihalla-3-kg-kopeeri\\\/\",\"url\":\"https:\\\/\\\/miumjau.ee\\\/fi\\\/tuote\\\/ibero-natural-mini-adult-kylmapuristettu-ruoka-lampaanlihalla-3-kg-kopeeri\\\/\",\"name\":\"Ibero Natural Mini Adult kylm\u00e4puristettu ruoka lampaanlihalla, 12kg - MiuMjau\",\"isPartOf\":{\"@id\":\"https:\\\/\\\/miumjau.ee\\\/#website\"},\"primaryImageOfPage\":{\"@id\":\"https:\\\/\\\/miumjau.ee\\\/fi\\\/tuote\\\/ibero-natural-mini-adult-kylmapuristettu-ruoka-lampaanlihalla-3-kg-kopeeri\\\/#primaryimage\"},\"image\":{\"@id\":\"https:\\\/\\\/miumjau.ee\\\/fi\\\/tuote\\\/ibero-natural-mini-adult-kylmapuristettu-ruoka-lampaanlihalla-3-kg-kopeeri\\\/#primaryimage\"},\"thumbnailUrl\":\"https:\\\/\\\/miumjau.ee\\\/wp-content\\\/uploads\\\/2025\\\/11\\\/ibero-natural-kulmpress-mini-adult-lamb3.jpg\",\"datePublished\":\"2025-12-15T15:31:45+00:00\",\"dateModified\":\"2026-01-07T20:45:03+00:00\",\"breadcrumb\":{\"@id\":\"https:\\\/\\\/miumjau.ee\\\/fi\\\/tuote\\\/ibero-natural-mini-adult-kylmapuristettu-ruoka-lampaanlihalla-3-kg-kopeeri\\\/#breadcrumb\"},\"inLanguage\":\"fi\",\"potentialAction\":[{\"@type\":\"ReadAction\",\"target\":[\"https:\\\/\\\/miumjau.ee\\\/fi\\\/tuote\\\/ibero-natural-mini-adult-kylmapuristettu-ruoka-lampaanlihalla-3-kg-kopeeri\\\/\"]}]},{\"@type\":\"ImageObject\",\"inLanguage\":\"fi\",\"@id\":\"https:\\\/\\\/miumjau.ee\\\/fi\\\/tuote\\\/ibero-natural-mini-adult-kylmapuristettu-ruoka-lampaanlihalla-3-kg-kopeeri\\\/#primaryimage\",\"url\":\"https:\\\/\\\/miumjau.ee\\\/wp-content\\\/uploads\\\/2025\\\/11\\\/ibero-natural-kulmpress-mini-adult-lamb3.jpg\",\"contentUrl\":\"https:\\\/\\\/miumjau.ee\\\/wp-content\\\/uploads\\\/2025\\\/11\\\/ibero-natural-kulmpress-mini-adult-lamb3.jpg\",\"width\":600,\"height\":800,\"caption\":\"Ibero Natural Mini Adult k\u00fclmpressitud toit lambaga, 3kg\"},{\"@type\":\"BreadcrumbList\",\"@id\":\"https:\\\/\\\/miumjau.ee\\\/fi\\\/tuote\\\/ibero-natural-mini-adult-kylmapuristettu-ruoka-lampaanlihalla-3-kg-kopeeri\\\/#breadcrumb\",\"itemListElement\":[{\"@type\":\"ListItem\",\"position\":1,\"name\":\"Home\",\"item\":\"https:\\\/\\\/miumjau.ee\\\/fi\\\/\"},{\"@type\":\"ListItem\",\"position\":2,\"name\":\"Kauppa\",\"item\":\"https:\\\/\\\/miumjau.ee\\\/fi\\\/kauppa\\\/\"},{\"@type\":\"ListItem\",\"position\":3,\"name\":\"Ibero Natural Mini Adult kylm\u00e4puristettu ruoka lampaanlihalla, 12kg\"}]},{\"@type\":\"WebSite\",\"@id\":\"https:\\\/\\\/miumjau.ee\\\/#website\",\"url\":\"https:\\\/\\\/miumjau.ee\\\/\",\"name\":\"MiuMjau\",\"description\":\"Kraapimispuud kassidele\",\"publisher\":{\"@id\":\"https:\\\/\\\/miumjau.ee\\\/#organization\"},\"potentialAction\":[{\"@type\":\"SearchAction\",\"target\":{\"@type\":\"EntryPoint\",\"urlTemplate\":\"https:\\\/\\\/miumjau.ee\\\/?s={search_term_string}\"},\"query-input\":{\"@type\":\"PropertyValueSpecification\",\"valueRequired\":true,\"valueName\":\"search_term_string\"}}],\"inLanguage\":\"fi\"},{\"@type\":\"Organization\",\"@id\":\"https:\\\/\\\/miumjau.ee\\\/#organization\",\"name\":\"MiuMjau O\u00dc\",\"url\":\"https:\\\/\\\/miumjau.ee\\\/\",\"logo\":{\"@type\":\"ImageObject\",\"inLanguage\":\"fi\",\"@id\":\"https:\\\/\\\/miumjau.ee\\\/#\\\/schema\\\/logo\\\/image\\\/\",\"url\":\"https:\\\/\\\/miumjau.ee\\\/wp-content\\\/uploads\\\/2022\\\/04\\\/MiuMjau-logo-kollane.png\",\"contentUrl\":\"https:\\\/\\\/miumjau.ee\\\/wp-content\\\/uploads\\\/2022\\\/04\\\/MiuMjau-logo-kollane.png\",\"width\":219,\"height\":100,\"caption\":\"MiuMjau O\u00dc\"},\"image\":{\"@id\":\"https:\\\/\\\/miumjau.ee\\\/#\\\/schema\\\/logo\\\/image\\\/\"},\"sameAs\":[\"https:\\\/\\\/www.facebook.com\\\/miumjaupood\\\/\"]}]}<\/script>\n<!-- \/ Yoast SEO plugin. -->","yoast_head_json":{"title":"Ibero Natural Mini Adult kylm\u00e4puristettu ruoka lampaanlihalla, 12kg - MiuMjau","robots":{"index":"index","follow":"follow","max-snippet":"max-snippet:-1","max-image-preview":"max-image-preview:large","max-video-preview":"max-video-preview:-1"},"canonical":"https:\/\/miumjau.ee\/fi\/tuote\/ibero-natural-mini-adult-kylmapuristettu-ruoka-lampaanlihalla-3-kg-kopeeri\/","og_locale":"fi_FI","og_type":"article","og_title":"Ibero Natural Mini Adult kylm\u00e4puristettu ruoka lampaanlihalla, 12kg - MiuMjau","og_description":"Kylm\u00e4puristettu t\u00e4ysravinto pienikokoisille aikuisille koirille lampaanlihalla. Kaikki tarpeellinen yhdest\u00e4 ruoasta! Yhdist\u00e4\u00e4 kylm\u00e4puristetun ruoan edut ja Ibero-sarjan uudet maut. S\u00e4ilytt\u00e4\u00e4 Ibero-sarjan t\u00e4rkeimm\u00e4t edut \u2013 runsaasti kuivattua lihaa, joka tulee paikallisilta tiloilta. 100 % LUONNOLLINEN \u2013 kuten koko Ibero-sarja \u2013 ilman kemikaaleja ja GMO:ta. Kylm\u00e4puristettua ruokaa tarvitaan v\u00e4hemm\u00e4n \u2013 se on ravinnepitoisempaa, joten vaikka ruoka olisi kalliimpaa, se voi olla lopulta edullisempaa, koska s\u00e4kki kest\u00e4\u00e4 pidemp\u00e4\u00e4n. Sopii erityisesti:\u2013 Stressaantuneille koirille \u2013 ravintotihe\u00e4 ruoka\u2013 Tiineille nartuille \u2013 ravinteikkaampi ruokavalio\u2013 Kasvattajille, jotka suosivat luonnollisempaa k\u00e4sittelytekniikkaa ja el\u00e4inl\u00e4\u00e4k\u00e4rin valvontaa Ohjeet:Totuta koira ruokaan v\u00e4hitellen.Pid\u00e4 tarjolla aina raikasta vett\u00e4. AINEKSET: Kuivattu lammas (32 %), kuivattu bataatti, kuivattu peruna, naudanrasva (14 %), riisijauho (8 %), lampaanmaksa (5 %), kaurahiutaleet (4 %), kuivattu kurpitsa (2 %), kuivattu lampaanmaksa (2 %), maissihiutaleet, kuivattu porkkana (1,2 %), pellavansiemenet, sikurijuuriuute, kuivatut yrtit, beetaglukaanit, vitamiini- ja mineraaliseos. ANALYYTTISET AINEET: Raakavalkuainen 25 %, raakarasva 14 %, raakakuitu 3,4 %, raakatuhka 6,8 %, kalsium 1,1 %, fosfori 0,85 %, natrium 0,15 %, kosteus enint\u00e4\u00e4n 10 %. LIS\u00c4AINEET\/kg: vitamiinit ja mineraalit kuten yll\u00e4 englanninkielisess\u00e4 versiossa. Metabolinen energia: 3830 kcal\/kg. Ruokinta ja s\u00e4ilytys:Ruoki koiran kunnon mukaan ja tarjoa raikasta vett\u00e4.\u00c4l\u00e4 k\u00e4yt\u00e4 ekstrudoidun ruoan mittakuppeja \u2013 kylm\u00e4puristettu ruoka on raskaampaa, joten punnitse ruoka.S\u00e4ilyt\u00e4 viile\u00e4ss\u00e4 ja kuivassa, poissa suorasta auringonvalosta. P\u00e4ivitt\u00e4inen annos:1 kg \u2013 27 g, 2 kg \u2013 35 g, 3 kg \u2013 45 g, 5 kg \u2013 65 g, 7 kg \u2013 85 g, 10 kg \u2013 115 g","og_url":"https:\/\/miumjau.ee\/fi\/tuote\/ibero-natural-mini-adult-kylmapuristettu-ruoka-lampaanlihalla-3-kg-kopeeri\/","og_site_name":"MiuMjau","article_publisher":"https:\/\/www.facebook.com\/miumjaupood\/","article_modified_time":"2026-01-07T20:45:03+00:00","og_image":[{"width":600,"height":800,"url":"https:\/\/miumjau.ee\/wp-content\/uploads\/2025\/11\/ibero-natural-kulmpress-mini-adult-lamb3.jpg","type":"image\/jpeg"}],"twitter_card":"summary_large_image","schema":{"@context":"https:\/\/schema.org","@graph":[{"@type":"WebPage","@id":"https:\/\/miumjau.ee\/fi\/tuote\/ibero-natural-mini-adult-kylmapuristettu-ruoka-lampaanlihalla-3-kg-kopeeri\/","url":"https:\/\/miumjau.ee\/fi\/tuote\/ibero-natural-mini-adult-kylmapuristettu-ruoka-lampaanlihalla-3-kg-kopeeri\/","name":"Ibero Natural Mini Adult kylm\u00e4puristettu ruoka lampaanlihalla, 12kg - MiuMjau","isPartOf":{"@id":"https:\/\/miumjau.ee\/#website"},"primaryImageOfPage":{"@id":"https:\/\/miumjau.ee\/fi\/tuote\/ibero-natural-mini-adult-kylmapuristettu-ruoka-lampaanlihalla-3-kg-kopeeri\/#primaryimage"},"image":{"@id":"https:\/\/miumjau.ee\/fi\/tuote\/ibero-natural-mini-adult-kylmapuristettu-ruoka-lampaanlihalla-3-kg-kopeeri\/#primaryimage"},"thumbnailUrl":"https:\/\/miumjau.ee\/wp-content\/uploads\/2025\/11\/ibero-natural-kulmpress-mini-adult-lamb3.jpg","datePublished":"2025-12-15T15:31:45+00:00","dateModified":"2026-01-07T20:45:03+00:00","breadcrumb":{"@id":"https:\/\/miumjau.ee\/fi\/tuote\/ibero-natural-mini-adult-kylmapuristettu-ruoka-lampaanlihalla-3-kg-kopeeri\/#breadcrumb"},"inLanguage":"fi","potentialAction":[{"@type":"ReadAction","target":["https:\/\/miumjau.ee\/fi\/tuote\/ibero-natural-mini-adult-kylmapuristettu-ruoka-lampaanlihalla-3-kg-kopeeri\/"]}]},{"@type":"ImageObject","inLanguage":"fi","@id":"https:\/\/miumjau.ee\/fi\/tuote\/ibero-natural-mini-adult-kylmapuristettu-ruoka-lampaanlihalla-3-kg-kopeeri\/#primaryimage","url":"https:\/\/miumjau.ee\/wp-content\/uploads\/2025\/11\/ibero-natural-kulmpress-mini-adult-lamb3.jpg","contentUrl":"https:\/\/miumjau.ee\/wp-content\/uploads\/2025\/11\/ibero-natural-kulmpress-mini-adult-lamb3.jpg","width":600,"height":800,"caption":"Ibero Natural Mini Adult k\u00fclmpressitud toit lambaga, 3kg"},{"@type":"BreadcrumbList","@id":"https:\/\/miumjau.ee\/fi\/tuote\/ibero-natural-mini-adult-kylmapuristettu-ruoka-lampaanlihalla-3-kg-kopeeri\/#breadcrumb","itemListElement":[{"@type":"ListItem","position":1,"name":"Home","item":"https:\/\/miumjau.ee\/fi\/"},{"@type":"ListItem","position":2,"name":"Kauppa","item":"https:\/\/miumjau.ee\/fi\/kauppa\/"},{"@type":"ListItem","position":3,"name":"Ibero Natural Mini Adult kylm\u00e4puristettu ruoka lampaanlihalla, 12kg"}]},{"@type":"WebSite","@id":"https:\/\/miumjau.ee\/#website","url":"https:\/\/miumjau.ee\/","name":"MiuMjau","description":"Kraapimispuud kassidele","publisher":{"@id":"https:\/\/miumjau.ee\/#organization"},"potentialAction":[{"@type":"SearchAction","target":{"@type":"EntryPoint","urlTemplate":"https:\/\/miumjau.ee\/?s={search_term_string}"},"query-input":{"@type":"PropertyValueSpecification","valueRequired":true,"valueName":"search_term_string"}}],"inLanguage":"fi"},{"@type":"Organization","@id":"https:\/\/miumjau.ee\/#organization","name":"MiuMjau O\u00dc","url":"https:\/\/miumjau.ee\/","logo":{"@type":"ImageObject","inLanguage":"fi","@id":"https:\/\/miumjau.ee\/#\/schema\/logo\/image\/","url":"https:\/\/miumjau.ee\/wp-content\/uploads\/2022\/04\/MiuMjau-logo-kollane.png","contentUrl":"https:\/\/miumjau.ee\/wp-content\/uploads\/2022\/04\/MiuMjau-logo-kollane.png","width":219,"height":100,"caption":"MiuMjau O\u00dc"},"image":{"@id":"https:\/\/miumjau.ee\/#\/schema\/logo\/image\/"},"sameAs":["https:\/\/www.facebook.com\/miumjaupood\/"]}]}},"_links":{"self":[{"href":"https:\/\/miumjau.ee\/fi\/wp-json\/wp\/v2\/product\/48192","targetHints":{"allow":["GET"]}}],"collection":[{"href":"https:\/\/miumjau.ee\/fi\/wp-json\/wp\/v2\/product"}],"about":[{"href":"https:\/\/miumjau.ee\/fi\/wp-json\/wp\/v2\/types\/product"}],"wp:featuredmedia":[{"embeddable":true,"href":"https:\/\/miumjau.ee\/fi\/wp-json\/wp\/v2\/media\/45611"}],"wp:attachment":[{"href":"https:\/\/miumjau.ee\/fi\/wp-json\/wp\/v2\/media?parent=48192"}],"wp:term":[{"taxonomy":"product_brand","embeddable":true,"href":"https:\/\/miumjau.ee\/fi\/wp-json\/wp\/v2\/product_brand?post=48192"},{"taxonomy":"product_cat","embeddable":true,"href":"https:\/\/miumjau.ee\/fi\/wp-json\/wp\/v2\/product_cat?post=48192"},{"taxonomy":"product_tag","embeddable":true,"href":"https:\/\/miumjau.ee\/fi\/wp-json\/wp\/v2\/product_tag?post=48192"}],"curies":[{"name":"wp","href":"https:\/\/api.w.org\/{rel}","templated":true}]}}