{"id":48111,"date":"2025-05-28T16:11:34","date_gmt":"2025-05-28T13:11:34","guid":{"rendered":"https:\/\/miumjau.ee\/toode\/puhvelsarven-koysi-koiran-lelu-frigera-s\/"},"modified":"2026-01-07T22:45:03","modified_gmt":"2026-01-07T20:45:03","slug":"puhvelsarven-koysi-koiran-lelu-frigera-s","status":"publish","type":"product","link":"https:\/\/miumjau.ee\/fi\/tuote\/puhvelsarven-koysi-koiran-lelu-frigera-s\/","title":{"rendered":"Puhvelsarven k\u00f6ysi, koiran lelu, Frigera S"},"content":{"rendered":"","protected":false},"excerpt":{"rendered":"<p data-start=\"1031\" data-end=\"1422\">Eik\u00f6 nelijalkainen yst\u00e4v\u00e4si voi vastustaa kalliiden tennareidesi pureskelua? Ei h\u00e4t\u00e4\u00e4 \u2013 friGERA puhvelisarvesta valmistettu k\u00f6ysilelu tulee apuun! T\u00e4m\u00e4 k\u00e4sintehty luonnollinen lelu tarjoaa koirallesi tuntikausiksi pureskelun iloa. Pureskelu ei ainoastaan karkota tylsyytt\u00e4, vaan sen uskotaan my\u00f6s lievitt\u00e4v\u00e4n ahdistuksen oireita ja v\u00e4hent\u00e4v\u00e4n hammaskive\u00e4, tukien lemmikkisi suun terveytt\u00e4.<\/p>\n<p data-start=\"1424\" data-end=\"1797\">Puhvelisarvesta ja puuvillak\u00f6ydest\u00e4 valmistettu lelumme on terveellinen ja vastuullinen vaihtoehto kalliille synteettisille puruleluille, yhdist\u00e4en orgaanisen puuvillak\u00f6yden ja ravinteikkaat puhvelisarven palat. N\u00e4m\u00e4 palat ovat t\u00e4ynn\u00e4 proteiinia, kalsiumia ja fosforia, tukien terveit\u00e4 luita ja lihaksia! Sis\u00e4isen keratiinin ansiosta lelu kest\u00e4\u00e4 viikkoja, jopa kuukausia!<\/p>\n<p data-start=\"1799\" data-end=\"1859\">Nettopaino: 160 g<br data-start=\"1816\" data-end=\"1819\" \/>Ainesosat: Puhvelisarvi, puuvillak\u00f6ysi<\/p>\n","protected":false},"featured_media":35735,"template":"","meta":[],"product_brand":[],"product_cat":[484],"product_tag":[],"class_list":{"0":"post-48111","1":"product","2":"type-product","3":"status-publish","4":"has-post-thumbnail","6":"product_cat-lelut-koirille","8":"first","9":"instock","10":"sale","11":"taxable","12":"shipping-taxable","13":"purchasable","14":"product-type-simple"},"yoast_head":"<!-- This site is optimized with the Yoast SEO plugin v27.2 - https:\/\/yoast.com\/product\/yoast-seo-wordpress\/ -->\n<title>Puhvelsarven k\u00f6ysi, koiran lelu, Frigera S - MiuMjau<\/title>\n<meta name=\"robots\" content=\"index, follow, max-snippet:-1, max-image-preview:large, max-video-preview:-1\" \/>\n<link rel=\"canonical\" href=\"https:\/\/miumjau.ee\/fi\/tuote\/puhvelsarven-koysi-koiran-lelu-frigera-s\/\" \/>\n<meta property=\"og:locale\" content=\"fi_FI\" \/>\n<meta property=\"og:type\" content=\"article\" \/>\n<meta property=\"og:title\" content=\"Puhvelsarven k\u00f6ysi, koiran lelu, Frigera S - MiuMjau\" \/>\n<meta property=\"og:description\" content=\"Eik\u00f6 nelijalkainen yst\u00e4v\u00e4si voi vastustaa kalliiden tennareidesi pureskelua? Ei h\u00e4t\u00e4\u00e4 \u2013 friGERA puhvelisarvesta valmistettu k\u00f6ysilelu tulee apuun! T\u00e4m\u00e4 k\u00e4sintehty luonnollinen lelu tarjoaa koirallesi tuntikausiksi pureskelun iloa. Pureskelu ei ainoastaan karkota tylsyytt\u00e4, vaan sen uskotaan my\u00f6s lievitt\u00e4v\u00e4n ahdistuksen oireita ja v\u00e4hent\u00e4v\u00e4n hammaskive\u00e4, tukien lemmikkisi suun terveytt\u00e4. Puhvelisarvesta ja puuvillak\u00f6ydest\u00e4 valmistettu lelumme on terveellinen ja vastuullinen vaihtoehto kalliille synteettisille puruleluille, yhdist\u00e4en orgaanisen puuvillak\u00f6yden ja ravinteikkaat puhvelisarven palat. N\u00e4m\u00e4 palat ovat t\u00e4ynn\u00e4 proteiinia, kalsiumia ja fosforia, tukien terveit\u00e4 luita ja lihaksia! Sis\u00e4isen keratiinin ansiosta lelu kest\u00e4\u00e4 viikkoja, jopa kuukausia! Nettopaino: 160 gAinesosat: Puhvelisarvi, puuvillak\u00f6ysi\" \/>\n<meta property=\"og:url\" content=\"https:\/\/miumjau.ee\/fi\/tuote\/puhvelsarven-koysi-koiran-lelu-frigera-s\/\" \/>\n<meta property=\"og:site_name\" content=\"MiuMjau\" \/>\n<meta property=\"article:publisher\" content=\"https:\/\/www.facebook.com\/miumjaupood\/\" \/>\n<meta property=\"article:modified_time\" content=\"2026-01-07T20:45:03+00:00\" \/>\n<meta property=\"og:image\" content=\"https:\/\/miumjau.ee\/wp-content\/uploads\/2025\/05\/kois-puhvli-sarvega-frigera1.webp\" \/>\n\t<meta property=\"og:image:width\" content=\"600\" \/>\n\t<meta property=\"og:image:height\" content=\"800\" \/>\n\t<meta property=\"og:image:type\" content=\"image\/webp\" \/>\n<meta name=\"twitter:card\" content=\"summary_large_image\" \/>\n<script type=\"application\/ld+json\" class=\"yoast-schema-graph\">{\"@context\":\"https:\/\/schema.org\",\"@graph\":[{\"@type\":\"WebPage\",\"@id\":\"https:\/\/miumjau.ee\/fi\/tuote\/puhvelsarven-koysi-koiran-lelu-frigera-s\/\",\"url\":\"https:\/\/miumjau.ee\/fi\/tuote\/puhvelsarven-koysi-koiran-lelu-frigera-s\/\",\"name\":\"Puhvelsarven k\u00f6ysi, koiran lelu, Frigera S - MiuMjau\",\"isPartOf\":{\"@id\":\"https:\/\/miumjau.ee\/#website\"},\"primaryImageOfPage\":{\"@id\":\"https:\/\/miumjau.ee\/fi\/tuote\/puhvelsarven-koysi-koiran-lelu-frigera-s\/#primaryimage\"},\"image\":{\"@id\":\"https:\/\/miumjau.ee\/fi\/tuote\/puhvelsarven-koysi-koiran-lelu-frigera-s\/#primaryimage\"},\"thumbnailUrl\":\"https:\/\/miumjau.ee\/wp-content\/uploads\/2025\/05\/kois-puhvli-sarvega-frigera1.webp\",\"datePublished\":\"2025-05-28T13:11:34+00:00\",\"dateModified\":\"2026-01-07T20:45:03+00:00\",\"breadcrumb\":{\"@id\":\"https:\/\/miumjau.ee\/fi\/tuote\/puhvelsarven-koysi-koiran-lelu-frigera-s\/#breadcrumb\"},\"inLanguage\":\"fi\",\"potentialAction\":[{\"@type\":\"ReadAction\",\"target\":[\"https:\/\/miumjau.ee\/fi\/tuote\/puhvelsarven-koysi-koiran-lelu-frigera-s\/\"]}]},{\"@type\":\"ImageObject\",\"inLanguage\":\"fi\",\"@id\":\"https:\/\/miumjau.ee\/fi\/tuote\/puhvelsarven-koysi-koiran-lelu-frigera-s\/#primaryimage\",\"url\":\"https:\/\/miumjau.ee\/wp-content\/uploads\/2025\/05\/kois-puhvli-sarvega-frigera1.webp\",\"contentUrl\":\"https:\/\/miumjau.ee\/wp-content\/uploads\/2025\/05\/kois-puhvli-sarvega-frigera1.webp\",\"width\":600,\"height\":800,\"caption\":\"P\u00fchvli sarvega k\u00f6is, m\u00e4nguasi koertele S\"},{\"@type\":\"BreadcrumbList\",\"@id\":\"https:\/\/miumjau.ee\/fi\/tuote\/puhvelsarven-koysi-koiran-lelu-frigera-s\/#breadcrumb\",\"itemListElement\":[{\"@type\":\"ListItem\",\"position\":1,\"name\":\"Home\",\"item\":\"https:\/\/miumjau.ee\/fi\/\"},{\"@type\":\"ListItem\",\"position\":2,\"name\":\"Kauppa\",\"item\":\"https:\/\/miumjau.ee\/fi\/kauppa\/\"},{\"@type\":\"ListItem\",\"position\":3,\"name\":\"Puhvelsarven k\u00f6ysi, koiran lelu, Frigera S\"}]},{\"@type\":\"WebSite\",\"@id\":\"https:\/\/miumjau.ee\/#website\",\"url\":\"https:\/\/miumjau.ee\/\",\"name\":\"MiuMjau\",\"description\":\"Kraapimispuud kassidele\",\"publisher\":{\"@id\":\"https:\/\/miumjau.ee\/#organization\"},\"potentialAction\":[{\"@type\":\"SearchAction\",\"target\":{\"@type\":\"EntryPoint\",\"urlTemplate\":\"https:\/\/miumjau.ee\/?s={search_term_string}\"},\"query-input\":{\"@type\":\"PropertyValueSpecification\",\"valueRequired\":true,\"valueName\":\"search_term_string\"}}],\"inLanguage\":\"fi\"},{\"@type\":\"Organization\",\"@id\":\"https:\/\/miumjau.ee\/#organization\",\"name\":\"MiuMjau O\u00dc\",\"url\":\"https:\/\/miumjau.ee\/\",\"logo\":{\"@type\":\"ImageObject\",\"inLanguage\":\"fi\",\"@id\":\"https:\/\/miumjau.ee\/#\/schema\/logo\/image\/\",\"url\":\"https:\/\/miumjau.ee\/wp-content\/uploads\/2022\/04\/MiuMjau-logo-kollane.png\",\"contentUrl\":\"https:\/\/miumjau.ee\/wp-content\/uploads\/2022\/04\/MiuMjau-logo-kollane.png\",\"width\":219,\"height\":100,\"caption\":\"MiuMjau O\u00dc\"},\"image\":{\"@id\":\"https:\/\/miumjau.ee\/#\/schema\/logo\/image\/\"},\"sameAs\":[\"https:\/\/www.facebook.com\/miumjaupood\/\"]}]}<\/script>\n<!-- \/ Yoast SEO plugin. -->","yoast_head_json":{"title":"Puhvelsarven k\u00f6ysi, koiran lelu, Frigera S - MiuMjau","robots":{"index":"index","follow":"follow","max-snippet":"max-snippet:-1","max-image-preview":"max-image-preview:large","max-video-preview":"max-video-preview:-1"},"canonical":"https:\/\/miumjau.ee\/fi\/tuote\/puhvelsarven-koysi-koiran-lelu-frigera-s\/","og_locale":"fi_FI","og_type":"article","og_title":"Puhvelsarven k\u00f6ysi, koiran lelu, Frigera S - MiuMjau","og_description":"Eik\u00f6 nelijalkainen yst\u00e4v\u00e4si voi vastustaa kalliiden tennareidesi pureskelua? Ei h\u00e4t\u00e4\u00e4 \u2013 friGERA puhvelisarvesta valmistettu k\u00f6ysilelu tulee apuun! T\u00e4m\u00e4 k\u00e4sintehty luonnollinen lelu tarjoaa koirallesi tuntikausiksi pureskelun iloa. Pureskelu ei ainoastaan karkota tylsyytt\u00e4, vaan sen uskotaan my\u00f6s lievitt\u00e4v\u00e4n ahdistuksen oireita ja v\u00e4hent\u00e4v\u00e4n hammaskive\u00e4, tukien lemmikkisi suun terveytt\u00e4. Puhvelisarvesta ja puuvillak\u00f6ydest\u00e4 valmistettu lelumme on terveellinen ja vastuullinen vaihtoehto kalliille synteettisille puruleluille, yhdist\u00e4en orgaanisen puuvillak\u00f6yden ja ravinteikkaat puhvelisarven palat. N\u00e4m\u00e4 palat ovat t\u00e4ynn\u00e4 proteiinia, kalsiumia ja fosforia, tukien terveit\u00e4 luita ja lihaksia! Sis\u00e4isen keratiinin ansiosta lelu kest\u00e4\u00e4 viikkoja, jopa kuukausia! Nettopaino: 160 gAinesosat: Puhvelisarvi, puuvillak\u00f6ysi","og_url":"https:\/\/miumjau.ee\/fi\/tuote\/puhvelsarven-koysi-koiran-lelu-frigera-s\/","og_site_name":"MiuMjau","article_publisher":"https:\/\/www.facebook.com\/miumjaupood\/","article_modified_time":"2026-01-07T20:45:03+00:00","og_image":[{"width":600,"height":800,"url":"https:\/\/miumjau.ee\/wp-content\/uploads\/2025\/05\/kois-puhvli-sarvega-frigera1.webp","type":"image\/webp"}],"twitter_card":"summary_large_image","schema":{"@context":"https:\/\/schema.org","@graph":[{"@type":"WebPage","@id":"https:\/\/miumjau.ee\/fi\/tuote\/puhvelsarven-koysi-koiran-lelu-frigera-s\/","url":"https:\/\/miumjau.ee\/fi\/tuote\/puhvelsarven-koysi-koiran-lelu-frigera-s\/","name":"Puhvelsarven k\u00f6ysi, koiran lelu, Frigera S - MiuMjau","isPartOf":{"@id":"https:\/\/miumjau.ee\/#website"},"primaryImageOfPage":{"@id":"https:\/\/miumjau.ee\/fi\/tuote\/puhvelsarven-koysi-koiran-lelu-frigera-s\/#primaryimage"},"image":{"@id":"https:\/\/miumjau.ee\/fi\/tuote\/puhvelsarven-koysi-koiran-lelu-frigera-s\/#primaryimage"},"thumbnailUrl":"https:\/\/miumjau.ee\/wp-content\/uploads\/2025\/05\/kois-puhvli-sarvega-frigera1.webp","datePublished":"2025-05-28T13:11:34+00:00","dateModified":"2026-01-07T20:45:03+00:00","breadcrumb":{"@id":"https:\/\/miumjau.ee\/fi\/tuote\/puhvelsarven-koysi-koiran-lelu-frigera-s\/#breadcrumb"},"inLanguage":"fi","potentialAction":[{"@type":"ReadAction","target":["https:\/\/miumjau.ee\/fi\/tuote\/puhvelsarven-koysi-koiran-lelu-frigera-s\/"]}]},{"@type":"ImageObject","inLanguage":"fi","@id":"https:\/\/miumjau.ee\/fi\/tuote\/puhvelsarven-koysi-koiran-lelu-frigera-s\/#primaryimage","url":"https:\/\/miumjau.ee\/wp-content\/uploads\/2025\/05\/kois-puhvli-sarvega-frigera1.webp","contentUrl":"https:\/\/miumjau.ee\/wp-content\/uploads\/2025\/05\/kois-puhvli-sarvega-frigera1.webp","width":600,"height":800,"caption":"P\u00fchvli sarvega k\u00f6is, m\u00e4nguasi koertele S"},{"@type":"BreadcrumbList","@id":"https:\/\/miumjau.ee\/fi\/tuote\/puhvelsarven-koysi-koiran-lelu-frigera-s\/#breadcrumb","itemListElement":[{"@type":"ListItem","position":1,"name":"Home","item":"https:\/\/miumjau.ee\/fi\/"},{"@type":"ListItem","position":2,"name":"Kauppa","item":"https:\/\/miumjau.ee\/fi\/kauppa\/"},{"@type":"ListItem","position":3,"name":"Puhvelsarven k\u00f6ysi, koiran lelu, Frigera S"}]},{"@type":"WebSite","@id":"https:\/\/miumjau.ee\/#website","url":"https:\/\/miumjau.ee\/","name":"MiuMjau","description":"Kraapimispuud kassidele","publisher":{"@id":"https:\/\/miumjau.ee\/#organization"},"potentialAction":[{"@type":"SearchAction","target":{"@type":"EntryPoint","urlTemplate":"https:\/\/miumjau.ee\/?s={search_term_string}"},"query-input":{"@type":"PropertyValueSpecification","valueRequired":true,"valueName":"search_term_string"}}],"inLanguage":"fi"},{"@type":"Organization","@id":"https:\/\/miumjau.ee\/#organization","name":"MiuMjau O\u00dc","url":"https:\/\/miumjau.ee\/","logo":{"@type":"ImageObject","inLanguage":"fi","@id":"https:\/\/miumjau.ee\/#\/schema\/logo\/image\/","url":"https:\/\/miumjau.ee\/wp-content\/uploads\/2022\/04\/MiuMjau-logo-kollane.png","contentUrl":"https:\/\/miumjau.ee\/wp-content\/uploads\/2022\/04\/MiuMjau-logo-kollane.png","width":219,"height":100,"caption":"MiuMjau O\u00dc"},"image":{"@id":"https:\/\/miumjau.ee\/#\/schema\/logo\/image\/"},"sameAs":["https:\/\/www.facebook.com\/miumjaupood\/"]}]}},"_links":{"self":[{"href":"https:\/\/miumjau.ee\/fi\/wp-json\/wp\/v2\/product\/48111","targetHints":{"allow":["GET"]}}],"collection":[{"href":"https:\/\/miumjau.ee\/fi\/wp-json\/wp\/v2\/product"}],"about":[{"href":"https:\/\/miumjau.ee\/fi\/wp-json\/wp\/v2\/types\/product"}],"wp:featuredmedia":[{"embeddable":true,"href":"https:\/\/miumjau.ee\/fi\/wp-json\/wp\/v2\/media\/35735"}],"wp:attachment":[{"href":"https:\/\/miumjau.ee\/fi\/wp-json\/wp\/v2\/media?parent=48111"}],"wp:term":[{"taxonomy":"product_brand","embeddable":true,"href":"https:\/\/miumjau.ee\/fi\/wp-json\/wp\/v2\/product_brand?post=48111"},{"taxonomy":"product_cat","embeddable":true,"href":"https:\/\/miumjau.ee\/fi\/wp-json\/wp\/v2\/product_cat?post=48111"},{"taxonomy":"product_tag","embeddable":true,"href":"https:\/\/miumjau.ee\/fi\/wp-json\/wp\/v2\/product_tag?post=48111"}],"curies":[{"name":"wp","href":"https:\/\/api.w.org\/{rel}","templated":true}]}}