{"id":48103,"date":"2025-05-28T20:13:00","date_gmt":"2025-05-28T17:13:00","guid":{"rendered":"https:\/\/miumjau.ee\/toode\/puhvelsarven-karki-1-kpl-frigera-l\/"},"modified":"2026-01-07T22:45:03","modified_gmt":"2026-01-07T20:45:03","slug":"puhvelsarven-karki-1-kpl-frigera-l","status":"publish","type":"product","link":"https:\/\/miumjau.ee\/fi\/tuote\/puhvelsarven-karki-1-kpl-frigera-l\/","title":{"rendered":"Puhvelsarven k\u00e4rki 1 kpl, Frigera L"},"content":{"rendered":"","protected":false},"excerpt":{"rendered":"<p data-start=\"1651\" data-end=\"2081\">Purukoirasi tuhoaa kaikki herkut hetkess\u00e4? Oletko kokeillut kaikkia luonnollisia puruluja ja etsit jotain uutta? Ei h\u00e4t\u00e4\u00e4 \u2013 friGERA puhvelsarven k\u00e4rjet ovat edullinen ja kest\u00e4v\u00e4 herkku karvaiselle yst\u00e4v\u00e4llesi! Puhvelisarven k\u00e4rjet tulevat vapaana laiduntavista, nurmella ruokituista puhveleista. Ker\u00e4yksen j\u00e4lkeen ne liotetaan kuumassa vedess\u00e4, puhdistetaan, hiotaan ter\u00e4vien reunojen poistamiseksi ja kuivatetaan huolellisesti.<\/p>\n<p data-start=\"2083\" data-end=\"2540\">Puhvelisarven k\u00e4rjet ovat eritt\u00e4in kest\u00e4v\u00e4\u00e4 keratiinia ja voivat kest\u00e4\u00e4 viikkoja tai jopa kuukausia, joten ne sopivat erityisen hyvin ahdistuneille koirille, joilla on voimakas puruvietti \u2013 intensiivinen pureskelu vapauttaa endorfiineja ja auttaa koiraa tuntemaan olonsa onnelliseksi ja rauhalliseksi. N\u00e4m\u00e4 herkut ovat v\u00e4h\u00e4rasvaisia mutta runsaasti proteiinia, kalsiumia ja fosforia, tukien terveit\u00e4 luita ja lihaksia ilman merkitt\u00e4v\u00e4\u00e4 vaikutusta painoon.<\/p>\n<p data-start=\"2542\" data-end=\"2941\">Vinkki: T\u00e4yt\u00e4 sarven k\u00e4rjet jollakin, mist\u00e4 koirasi pit\u00e4\u00e4 \u2013 maukasta koiran pateeta, lihalla t\u00e4ytetty\u00e4 herkkua, m\u00e4rk\u00e4\u00e4 koiranruokaa jne. Mahdollisuudet ovat rajattomat! T\u00e4m\u00e4 on loistava ja edullinen tapa opettaa koiralle hyv\u00e4\u00e4 puruk\u00e4ytt\u00e4ytymist\u00e4. Kun t\u00e4yte on sy\u00f6ty, koira ei j\u00e4\u00e4 tyhj\u00e4\u00e4n synteettiseen leluun \u2013 j\u00e4ljelle j\u00e4\u00e4 ravitseva ja kest\u00e4v\u00e4 sarvi lis\u00e4palkintona harjoittelun ja leikin j\u00e4lkeen!<\/p>\n<p data-start=\"2943\" data-end=\"2994\">Nettopaino: 300 g<br data-start=\"2960\" data-end=\"2963\" \/>Ainesosat: 100 % puhvelisarvi<\/p>\n<p data-start=\"2996\" data-end=\"3215\">Ravitsemusohje: Tarjoa herkkuna aterioiden v\u00e4lill\u00e4 tai palkintona osana tasapainoista ruokavaliota. Valvo koiraasi aina, kun se sy\u00f6 herkkua. Tarjoa aina riitt\u00e4v\u00e4sti raikasta juomavett\u00e4. Ei tarkoitettu ihmisravinnoksi.<\/p>\n","protected":false},"featured_media":35750,"template":"","meta":[],"product_brand":[],"product_cat":[480],"product_tag":[],"class_list":{"0":"post-48103","1":"product","2":"type-product","3":"status-publish","4":"has-post-thumbnail","6":"product_cat-herkut-koirille","8":"first","9":"instock","10":"taxable","11":"shipping-taxable","12":"purchasable","13":"product-type-simple"},"yoast_head":"<!-- This site is optimized with the Yoast SEO plugin v27.4 - https:\/\/yoast.com\/product\/yoast-seo-wordpress\/ -->\n<title>Puhvelsarven k\u00e4rki 1 kpl, Frigera L - MiuMjau<\/title>\n<meta name=\"robots\" content=\"index, follow, max-snippet:-1, max-image-preview:large, max-video-preview:-1\" \/>\n<link rel=\"canonical\" href=\"https:\/\/miumjau.ee\/fi\/tuote\/puhvelsarven-karki-1-kpl-frigera-l\/\" \/>\n<meta property=\"og:locale\" content=\"fi_FI\" \/>\n<meta property=\"og:type\" content=\"article\" \/>\n<meta property=\"og:title\" content=\"Puhvelsarven k\u00e4rki 1 kpl, Frigera L - MiuMjau\" \/>\n<meta property=\"og:description\" content=\"Purukoirasi tuhoaa kaikki herkut hetkess\u00e4? Oletko kokeillut kaikkia luonnollisia puruluja ja etsit jotain uutta? Ei h\u00e4t\u00e4\u00e4 \u2013 friGERA puhvelsarven k\u00e4rjet ovat edullinen ja kest\u00e4v\u00e4 herkku karvaiselle yst\u00e4v\u00e4llesi! Puhvelisarven k\u00e4rjet tulevat vapaana laiduntavista, nurmella ruokituista puhveleista. Ker\u00e4yksen j\u00e4lkeen ne liotetaan kuumassa vedess\u00e4, puhdistetaan, hiotaan ter\u00e4vien reunojen poistamiseksi ja kuivatetaan huolellisesti. Puhvelisarven k\u00e4rjet ovat eritt\u00e4in kest\u00e4v\u00e4\u00e4 keratiinia ja voivat kest\u00e4\u00e4 viikkoja tai jopa kuukausia, joten ne sopivat erityisen hyvin ahdistuneille koirille, joilla on voimakas puruvietti \u2013 intensiivinen pureskelu vapauttaa endorfiineja ja auttaa koiraa tuntemaan olonsa onnelliseksi ja rauhalliseksi. N\u00e4m\u00e4 herkut ovat v\u00e4h\u00e4rasvaisia mutta runsaasti proteiinia, kalsiumia ja fosforia, tukien terveit\u00e4 luita ja lihaksia ilman merkitt\u00e4v\u00e4\u00e4 vaikutusta painoon. Vinkki: T\u00e4yt\u00e4 sarven k\u00e4rjet jollakin, mist\u00e4 koirasi pit\u00e4\u00e4 \u2013 maukasta koiran pateeta, lihalla t\u00e4ytetty\u00e4 herkkua, m\u00e4rk\u00e4\u00e4 koiranruokaa jne. Mahdollisuudet ovat rajattomat! T\u00e4m\u00e4 on loistava ja edullinen tapa opettaa koiralle hyv\u00e4\u00e4 puruk\u00e4ytt\u00e4ytymist\u00e4. Kun t\u00e4yte on sy\u00f6ty, koira ei j\u00e4\u00e4 tyhj\u00e4\u00e4n synteettiseen leluun \u2013 j\u00e4ljelle j\u00e4\u00e4 ravitseva ja kest\u00e4v\u00e4 sarvi lis\u00e4palkintona harjoittelun ja leikin j\u00e4lkeen! Nettopaino: 300 gAinesosat: 100 % puhvelisarvi Ravitsemusohje: Tarjoa herkkuna aterioiden v\u00e4lill\u00e4 tai palkintona osana tasapainoista ruokavaliota. Valvo koiraasi aina, kun se sy\u00f6 herkkua. Tarjoa aina riitt\u00e4v\u00e4sti raikasta juomavett\u00e4. Ei tarkoitettu ihmisravinnoksi.\" \/>\n<meta property=\"og:url\" content=\"https:\/\/miumjau.ee\/fi\/tuote\/puhvelsarven-karki-1-kpl-frigera-l\/\" \/>\n<meta property=\"og:site_name\" content=\"MiuMjau\" \/>\n<meta property=\"article:publisher\" content=\"https:\/\/www.facebook.com\/miumjaupood\/\" \/>\n<meta property=\"article:modified_time\" content=\"2026-01-07T20:45:03+00:00\" \/>\n<meta property=\"og:image\" content=\"https:\/\/miumjau.ee\/wp-content\/uploads\/2025\/05\/puhvli-sarve-ots-l2.jpg\" \/>\n\t<meta property=\"og:image:width\" content=\"600\" \/>\n\t<meta property=\"og:image:height\" content=\"800\" \/>\n\t<meta property=\"og:image:type\" content=\"image\/jpeg\" \/>\n<meta name=\"twitter:card\" content=\"summary_large_image\" \/>\n<script type=\"application\/ld+json\" class=\"yoast-schema-graph\">{\"@context\":\"https:\\\/\\\/schema.org\",\"@graph\":[{\"@type\":\"WebPage\",\"@id\":\"https:\\\/\\\/miumjau.ee\\\/fi\\\/tuote\\\/puhvelsarven-karki-1-kpl-frigera-l\\\/\",\"url\":\"https:\\\/\\\/miumjau.ee\\\/fi\\\/tuote\\\/puhvelsarven-karki-1-kpl-frigera-l\\\/\",\"name\":\"Puhvelsarven k\u00e4rki 1 kpl, Frigera L - MiuMjau\",\"isPartOf\":{\"@id\":\"https:\\\/\\\/miumjau.ee\\\/#website\"},\"primaryImageOfPage\":{\"@id\":\"https:\\\/\\\/miumjau.ee\\\/fi\\\/tuote\\\/puhvelsarven-karki-1-kpl-frigera-l\\\/#primaryimage\"},\"image\":{\"@id\":\"https:\\\/\\\/miumjau.ee\\\/fi\\\/tuote\\\/puhvelsarven-karki-1-kpl-frigera-l\\\/#primaryimage\"},\"thumbnailUrl\":\"https:\\\/\\\/miumjau.ee\\\/wp-content\\\/uploads\\\/2025\\\/05\\\/puhvli-sarve-ots-l2.jpg\",\"datePublished\":\"2025-05-28T17:13:00+00:00\",\"dateModified\":\"2026-01-07T20:45:03+00:00\",\"breadcrumb\":{\"@id\":\"https:\\\/\\\/miumjau.ee\\\/fi\\\/tuote\\\/puhvelsarven-karki-1-kpl-frigera-l\\\/#breadcrumb\"},\"inLanguage\":\"fi\",\"potentialAction\":[{\"@type\":\"ReadAction\",\"target\":[\"https:\\\/\\\/miumjau.ee\\\/fi\\\/tuote\\\/puhvelsarven-karki-1-kpl-frigera-l\\\/\"]}]},{\"@type\":\"ImageObject\",\"inLanguage\":\"fi\",\"@id\":\"https:\\\/\\\/miumjau.ee\\\/fi\\\/tuote\\\/puhvelsarven-karki-1-kpl-frigera-l\\\/#primaryimage\",\"url\":\"https:\\\/\\\/miumjau.ee\\\/wp-content\\\/uploads\\\/2025\\\/05\\\/puhvli-sarve-ots-l2.jpg\",\"contentUrl\":\"https:\\\/\\\/miumjau.ee\\\/wp-content\\\/uploads\\\/2025\\\/05\\\/puhvli-sarve-ots-l2.jpg\",\"width\":600,\"height\":800,\"caption\":\"P\u00fchvli sarve ots 1 tk, L\"},{\"@type\":\"BreadcrumbList\",\"@id\":\"https:\\\/\\\/miumjau.ee\\\/fi\\\/tuote\\\/puhvelsarven-karki-1-kpl-frigera-l\\\/#breadcrumb\",\"itemListElement\":[{\"@type\":\"ListItem\",\"position\":1,\"name\":\"Home\",\"item\":\"https:\\\/\\\/miumjau.ee\\\/fi\\\/\"},{\"@type\":\"ListItem\",\"position\":2,\"name\":\"Kauppa\",\"item\":\"https:\\\/\\\/miumjau.ee\\\/fi\\\/kauppa\\\/\"},{\"@type\":\"ListItem\",\"position\":3,\"name\":\"Puhvelsarven k\u00e4rki 1 kpl, Frigera L\"}]},{\"@type\":\"WebSite\",\"@id\":\"https:\\\/\\\/miumjau.ee\\\/#website\",\"url\":\"https:\\\/\\\/miumjau.ee\\\/\",\"name\":\"MiuMjau\",\"description\":\"Kraapimispuud kassidele\",\"publisher\":{\"@id\":\"https:\\\/\\\/miumjau.ee\\\/#organization\"},\"potentialAction\":[{\"@type\":\"SearchAction\",\"target\":{\"@type\":\"EntryPoint\",\"urlTemplate\":\"https:\\\/\\\/miumjau.ee\\\/?s={search_term_string}\"},\"query-input\":{\"@type\":\"PropertyValueSpecification\",\"valueRequired\":true,\"valueName\":\"search_term_string\"}}],\"inLanguage\":\"fi\"},{\"@type\":\"Organization\",\"@id\":\"https:\\\/\\\/miumjau.ee\\\/#organization\",\"name\":\"MiuMjau O\u00dc\",\"url\":\"https:\\\/\\\/miumjau.ee\\\/\",\"logo\":{\"@type\":\"ImageObject\",\"inLanguage\":\"fi\",\"@id\":\"https:\\\/\\\/miumjau.ee\\\/#\\\/schema\\\/logo\\\/image\\\/\",\"url\":\"https:\\\/\\\/miumjau.ee\\\/wp-content\\\/uploads\\\/2022\\\/04\\\/MiuMjau-logo-kollane.png\",\"contentUrl\":\"https:\\\/\\\/miumjau.ee\\\/wp-content\\\/uploads\\\/2022\\\/04\\\/MiuMjau-logo-kollane.png\",\"width\":219,\"height\":100,\"caption\":\"MiuMjau O\u00dc\"},\"image\":{\"@id\":\"https:\\\/\\\/miumjau.ee\\\/#\\\/schema\\\/logo\\\/image\\\/\"},\"sameAs\":[\"https:\\\/\\\/www.facebook.com\\\/miumjaupood\\\/\"]}]}<\/script>\n<!-- \/ Yoast SEO plugin. -->","yoast_head_json":{"title":"Puhvelsarven k\u00e4rki 1 kpl, Frigera L - MiuMjau","robots":{"index":"index","follow":"follow","max-snippet":"max-snippet:-1","max-image-preview":"max-image-preview:large","max-video-preview":"max-video-preview:-1"},"canonical":"https:\/\/miumjau.ee\/fi\/tuote\/puhvelsarven-karki-1-kpl-frigera-l\/","og_locale":"fi_FI","og_type":"article","og_title":"Puhvelsarven k\u00e4rki 1 kpl, Frigera L - MiuMjau","og_description":"Purukoirasi tuhoaa kaikki herkut hetkess\u00e4? Oletko kokeillut kaikkia luonnollisia puruluja ja etsit jotain uutta? Ei h\u00e4t\u00e4\u00e4 \u2013 friGERA puhvelsarven k\u00e4rjet ovat edullinen ja kest\u00e4v\u00e4 herkku karvaiselle yst\u00e4v\u00e4llesi! Puhvelisarven k\u00e4rjet tulevat vapaana laiduntavista, nurmella ruokituista puhveleista. Ker\u00e4yksen j\u00e4lkeen ne liotetaan kuumassa vedess\u00e4, puhdistetaan, hiotaan ter\u00e4vien reunojen poistamiseksi ja kuivatetaan huolellisesti. Puhvelisarven k\u00e4rjet ovat eritt\u00e4in kest\u00e4v\u00e4\u00e4 keratiinia ja voivat kest\u00e4\u00e4 viikkoja tai jopa kuukausia, joten ne sopivat erityisen hyvin ahdistuneille koirille, joilla on voimakas puruvietti \u2013 intensiivinen pureskelu vapauttaa endorfiineja ja auttaa koiraa tuntemaan olonsa onnelliseksi ja rauhalliseksi. N\u00e4m\u00e4 herkut ovat v\u00e4h\u00e4rasvaisia mutta runsaasti proteiinia, kalsiumia ja fosforia, tukien terveit\u00e4 luita ja lihaksia ilman merkitt\u00e4v\u00e4\u00e4 vaikutusta painoon. Vinkki: T\u00e4yt\u00e4 sarven k\u00e4rjet jollakin, mist\u00e4 koirasi pit\u00e4\u00e4 \u2013 maukasta koiran pateeta, lihalla t\u00e4ytetty\u00e4 herkkua, m\u00e4rk\u00e4\u00e4 koiranruokaa jne. Mahdollisuudet ovat rajattomat! T\u00e4m\u00e4 on loistava ja edullinen tapa opettaa koiralle hyv\u00e4\u00e4 puruk\u00e4ytt\u00e4ytymist\u00e4. Kun t\u00e4yte on sy\u00f6ty, koira ei j\u00e4\u00e4 tyhj\u00e4\u00e4n synteettiseen leluun \u2013 j\u00e4ljelle j\u00e4\u00e4 ravitseva ja kest\u00e4v\u00e4 sarvi lis\u00e4palkintona harjoittelun ja leikin j\u00e4lkeen! Nettopaino: 300 gAinesosat: 100 % puhvelisarvi Ravitsemusohje: Tarjoa herkkuna aterioiden v\u00e4lill\u00e4 tai palkintona osana tasapainoista ruokavaliota. Valvo koiraasi aina, kun se sy\u00f6 herkkua. Tarjoa aina riitt\u00e4v\u00e4sti raikasta juomavett\u00e4. Ei tarkoitettu ihmisravinnoksi.","og_url":"https:\/\/miumjau.ee\/fi\/tuote\/puhvelsarven-karki-1-kpl-frigera-l\/","og_site_name":"MiuMjau","article_publisher":"https:\/\/www.facebook.com\/miumjaupood\/","article_modified_time":"2026-01-07T20:45:03+00:00","og_image":[{"width":600,"height":800,"url":"https:\/\/miumjau.ee\/wp-content\/uploads\/2025\/05\/puhvli-sarve-ots-l2.jpg","type":"image\/jpeg"}],"twitter_card":"summary_large_image","schema":{"@context":"https:\/\/schema.org","@graph":[{"@type":"WebPage","@id":"https:\/\/miumjau.ee\/fi\/tuote\/puhvelsarven-karki-1-kpl-frigera-l\/","url":"https:\/\/miumjau.ee\/fi\/tuote\/puhvelsarven-karki-1-kpl-frigera-l\/","name":"Puhvelsarven k\u00e4rki 1 kpl, Frigera L - MiuMjau","isPartOf":{"@id":"https:\/\/miumjau.ee\/#website"},"primaryImageOfPage":{"@id":"https:\/\/miumjau.ee\/fi\/tuote\/puhvelsarven-karki-1-kpl-frigera-l\/#primaryimage"},"image":{"@id":"https:\/\/miumjau.ee\/fi\/tuote\/puhvelsarven-karki-1-kpl-frigera-l\/#primaryimage"},"thumbnailUrl":"https:\/\/miumjau.ee\/wp-content\/uploads\/2025\/05\/puhvli-sarve-ots-l2.jpg","datePublished":"2025-05-28T17:13:00+00:00","dateModified":"2026-01-07T20:45:03+00:00","breadcrumb":{"@id":"https:\/\/miumjau.ee\/fi\/tuote\/puhvelsarven-karki-1-kpl-frigera-l\/#breadcrumb"},"inLanguage":"fi","potentialAction":[{"@type":"ReadAction","target":["https:\/\/miumjau.ee\/fi\/tuote\/puhvelsarven-karki-1-kpl-frigera-l\/"]}]},{"@type":"ImageObject","inLanguage":"fi","@id":"https:\/\/miumjau.ee\/fi\/tuote\/puhvelsarven-karki-1-kpl-frigera-l\/#primaryimage","url":"https:\/\/miumjau.ee\/wp-content\/uploads\/2025\/05\/puhvli-sarve-ots-l2.jpg","contentUrl":"https:\/\/miumjau.ee\/wp-content\/uploads\/2025\/05\/puhvli-sarve-ots-l2.jpg","width":600,"height":800,"caption":"P\u00fchvli sarve ots 1 tk, L"},{"@type":"BreadcrumbList","@id":"https:\/\/miumjau.ee\/fi\/tuote\/puhvelsarven-karki-1-kpl-frigera-l\/#breadcrumb","itemListElement":[{"@type":"ListItem","position":1,"name":"Home","item":"https:\/\/miumjau.ee\/fi\/"},{"@type":"ListItem","position":2,"name":"Kauppa","item":"https:\/\/miumjau.ee\/fi\/kauppa\/"},{"@type":"ListItem","position":3,"name":"Puhvelsarven k\u00e4rki 1 kpl, Frigera L"}]},{"@type":"WebSite","@id":"https:\/\/miumjau.ee\/#website","url":"https:\/\/miumjau.ee\/","name":"MiuMjau","description":"Kraapimispuud kassidele","publisher":{"@id":"https:\/\/miumjau.ee\/#organization"},"potentialAction":[{"@type":"SearchAction","target":{"@type":"EntryPoint","urlTemplate":"https:\/\/miumjau.ee\/?s={search_term_string}"},"query-input":{"@type":"PropertyValueSpecification","valueRequired":true,"valueName":"search_term_string"}}],"inLanguage":"fi"},{"@type":"Organization","@id":"https:\/\/miumjau.ee\/#organization","name":"MiuMjau O\u00dc","url":"https:\/\/miumjau.ee\/","logo":{"@type":"ImageObject","inLanguage":"fi","@id":"https:\/\/miumjau.ee\/#\/schema\/logo\/image\/","url":"https:\/\/miumjau.ee\/wp-content\/uploads\/2022\/04\/MiuMjau-logo-kollane.png","contentUrl":"https:\/\/miumjau.ee\/wp-content\/uploads\/2022\/04\/MiuMjau-logo-kollane.png","width":219,"height":100,"caption":"MiuMjau O\u00dc"},"image":{"@id":"https:\/\/miumjau.ee\/#\/schema\/logo\/image\/"},"sameAs":["https:\/\/www.facebook.com\/miumjaupood\/"]}]}},"_links":{"self":[{"href":"https:\/\/miumjau.ee\/fi\/wp-json\/wp\/v2\/product\/48103","targetHints":{"allow":["GET"]}}],"collection":[{"href":"https:\/\/miumjau.ee\/fi\/wp-json\/wp\/v2\/product"}],"about":[{"href":"https:\/\/miumjau.ee\/fi\/wp-json\/wp\/v2\/types\/product"}],"wp:featuredmedia":[{"embeddable":true,"href":"https:\/\/miumjau.ee\/fi\/wp-json\/wp\/v2\/media\/35750"}],"wp:attachment":[{"href":"https:\/\/miumjau.ee\/fi\/wp-json\/wp\/v2\/media?parent=48103"}],"wp:term":[{"taxonomy":"product_brand","embeddable":true,"href":"https:\/\/miumjau.ee\/fi\/wp-json\/wp\/v2\/product_brand?post=48103"},{"taxonomy":"product_cat","embeddable":true,"href":"https:\/\/miumjau.ee\/fi\/wp-json\/wp\/v2\/product_cat?post=48103"},{"taxonomy":"product_tag","embeddable":true,"href":"https:\/\/miumjau.ee\/fi\/wp-json\/wp\/v2\/product_tag?post=48103"}],"curies":[{"name":"wp","href":"https:\/\/api.w.org\/{rel}","templated":true}]}}