{"id":48095,"date":"2025-05-28T20:21:15","date_gmt":"2025-05-28T17:21:15","guid":{"rendered":"https:\/\/miumjau.ee\/toode\/italialainen-kinkkuluu-koiralle-frigera-xl\/"},"modified":"2026-01-07T22:45:10","modified_gmt":"2026-01-07T20:45:10","slug":"italialainen-kinkkuluu-koiralle-frigera-xl","status":"publish","type":"product","link":"https:\/\/miumjau.ee\/fi\/tuote\/italialainen-kinkkuluu-koiralle-frigera-xl\/","title":{"rendered":"Italialainen kinkkuluu koiralle Frigera XL"},"content":{"rendered":"","protected":false},"excerpt":{"rendered":"<p data-start=\"1363\" data-end=\"1557\">Etsitk\u00f6 uskomattoman maukasta, kest\u00e4v\u00e4\u00e4 ja t\u00e4ysin luonnollista puruluuta rakkaalle karvaiselle perheenj\u00e4senellesi? Meill\u00e4 on sinulle t\u00e4ydellinen ratkaisu \u2013 friGERA aito italialainen kinkkuluu!<\/p>\n<p data-start=\"1559\" data-end=\"1774\">Raaka-aine tulee korkealaatuisen italialaisen prosciutto-kypsytysprosessin yhteydess\u00e4. T\u00e4m\u00e4 takaa paitsi j\u00e4tteett\u00f6m\u00e4n ratkaisun, my\u00f6s mahdollisuuden hemmotella nelijalkaista yst\u00e4v\u00e4\u00e4si eksklusiivisen herkun maulla.<\/p>\n<p data-start=\"1776\" data-end=\"2228\">Lis\u00e4ksi n\u00e4m\u00e4 luut ovat erinomainen proteiinin l\u00e4hde, joka on v\u00e4ltt\u00e4m\u00e4t\u00f6n terveiden lihasten yll\u00e4pit\u00e4miseen. Kovan rakenteensa ansiosta ne auttavat puhdistamaan hampaita ja v\u00e4hent\u00e4m\u00e4\u00e4n plakkiutumaa. Ne tarjoavat my\u00f6s tuntikausiksi pureskelun iloa ja henkist\u00e4 stimulointia. Koska luut sis\u00e4lt\u00e4v\u00e4t runsaasti maukasta kinkkua, ne ovat merkitt\u00e4v\u00e4 kollageenin sek\u00e4 luonnollisten \u00f6ljyjen ja rasvojen l\u00e4hde, joka tukee koirasi niveli\u00e4, ihoa ja yleisterveytt\u00e4.<\/p>\n<p data-start=\"2230\" data-end=\"2273\">Nettopaino: 350 g<br data-start=\"2247\" data-end=\"2250\" \/>Ainesosat: 100 % sika<\/p>\n<p data-start=\"2275\" data-end=\"2494\">Ravitsemusohje: Tarjoa herkkuna aterioiden v\u00e4lill\u00e4 tai palkintona osana tasapainoista ruokavaliota. Valvo koiraasi aina, kun se sy\u00f6 herkkua. Tarjoa aina riitt\u00e4v\u00e4sti raikasta juomavett\u00e4. Ei tarkoitettu ihmisravinnoksi.<\/p>\n<p data-start=\"2496\" data-end=\"2571\">Analyyttinen koostumus: Proteiini: 30,3 %, Rasva: 7,85 %, Kosteus: 32,7 %<\/p>\n","protected":false},"featured_media":35761,"template":"","meta":[],"product_brand":[],"product_cat":[480],"product_tag":[],"class_list":{"0":"post-48095","1":"product","2":"type-product","3":"status-publish","4":"has-post-thumbnail","6":"product_cat-herkut-koirille","8":"first","9":"instock","10":"taxable","11":"shipping-taxable","12":"purchasable","13":"product-type-simple"},"yoast_head":"<!-- This site is optimized with the Yoast SEO plugin v27.4 - https:\/\/yoast.com\/product\/yoast-seo-wordpress\/ -->\n<title>Italialainen kinkkuluu koiralle Frigera XL - MiuMjau<\/title>\n<meta name=\"robots\" content=\"index, follow, max-snippet:-1, max-image-preview:large, max-video-preview:-1\" \/>\n<link rel=\"canonical\" href=\"https:\/\/miumjau.ee\/fi\/tuote\/italialainen-kinkkuluu-koiralle-frigera-xl\/\" \/>\n<meta property=\"og:locale\" content=\"fi_FI\" \/>\n<meta property=\"og:type\" content=\"article\" \/>\n<meta property=\"og:title\" content=\"Italialainen kinkkuluu koiralle Frigera XL - MiuMjau\" \/>\n<meta property=\"og:description\" content=\"Etsitk\u00f6 uskomattoman maukasta, kest\u00e4v\u00e4\u00e4 ja t\u00e4ysin luonnollista puruluuta rakkaalle karvaiselle perheenj\u00e4senellesi? Meill\u00e4 on sinulle t\u00e4ydellinen ratkaisu \u2013 friGERA aito italialainen kinkkuluu! Raaka-aine tulee korkealaatuisen italialaisen prosciutto-kypsytysprosessin yhteydess\u00e4. T\u00e4m\u00e4 takaa paitsi j\u00e4tteett\u00f6m\u00e4n ratkaisun, my\u00f6s mahdollisuuden hemmotella nelijalkaista yst\u00e4v\u00e4\u00e4si eksklusiivisen herkun maulla. Lis\u00e4ksi n\u00e4m\u00e4 luut ovat erinomainen proteiinin l\u00e4hde, joka on v\u00e4ltt\u00e4m\u00e4t\u00f6n terveiden lihasten yll\u00e4pit\u00e4miseen. Kovan rakenteensa ansiosta ne auttavat puhdistamaan hampaita ja v\u00e4hent\u00e4m\u00e4\u00e4n plakkiutumaa. Ne tarjoavat my\u00f6s tuntikausiksi pureskelun iloa ja henkist\u00e4 stimulointia. Koska luut sis\u00e4lt\u00e4v\u00e4t runsaasti maukasta kinkkua, ne ovat merkitt\u00e4v\u00e4 kollageenin sek\u00e4 luonnollisten \u00f6ljyjen ja rasvojen l\u00e4hde, joka tukee koirasi niveli\u00e4, ihoa ja yleisterveytt\u00e4. Nettopaino: 350 gAinesosat: 100 % sika Ravitsemusohje: Tarjoa herkkuna aterioiden v\u00e4lill\u00e4 tai palkintona osana tasapainoista ruokavaliota. Valvo koiraasi aina, kun se sy\u00f6 herkkua. Tarjoa aina riitt\u00e4v\u00e4sti raikasta juomavett\u00e4. Ei tarkoitettu ihmisravinnoksi. Analyyttinen koostumus: Proteiini: 30,3 %, Rasva: 7,85 %, Kosteus: 32,7 %\" \/>\n<meta property=\"og:url\" content=\"https:\/\/miumjau.ee\/fi\/tuote\/italialainen-kinkkuluu-koiralle-frigera-xl\/\" \/>\n<meta property=\"og:site_name\" content=\"MiuMjau\" \/>\n<meta property=\"article:publisher\" content=\"https:\/\/www.facebook.com\/miumjaupood\/\" \/>\n<meta property=\"article:modified_time\" content=\"2026-01-07T20:45:10+00:00\" \/>\n<meta property=\"og:image\" content=\"https:\/\/miumjau.ee\/wp-content\/uploads\/2025\/05\/itaalia-singi-kont-xl.jpg\" \/>\n\t<meta property=\"og:image:width\" content=\"600\" \/>\n\t<meta property=\"og:image:height\" content=\"800\" \/>\n\t<meta property=\"og:image:type\" content=\"image\/jpeg\" \/>\n<meta name=\"twitter:card\" content=\"summary_large_image\" \/>\n<script type=\"application\/ld+json\" class=\"yoast-schema-graph\">{\"@context\":\"https:\\\/\\\/schema.org\",\"@graph\":[{\"@type\":\"WebPage\",\"@id\":\"https:\\\/\\\/miumjau.ee\\\/fi\\\/tuote\\\/italialainen-kinkkuluu-koiralle-frigera-xl\\\/\",\"url\":\"https:\\\/\\\/miumjau.ee\\\/fi\\\/tuote\\\/italialainen-kinkkuluu-koiralle-frigera-xl\\\/\",\"name\":\"Italialainen kinkkuluu koiralle Frigera XL - MiuMjau\",\"isPartOf\":{\"@id\":\"https:\\\/\\\/miumjau.ee\\\/#website\"},\"primaryImageOfPage\":{\"@id\":\"https:\\\/\\\/miumjau.ee\\\/fi\\\/tuote\\\/italialainen-kinkkuluu-koiralle-frigera-xl\\\/#primaryimage\"},\"image\":{\"@id\":\"https:\\\/\\\/miumjau.ee\\\/fi\\\/tuote\\\/italialainen-kinkkuluu-koiralle-frigera-xl\\\/#primaryimage\"},\"thumbnailUrl\":\"https:\\\/\\\/miumjau.ee\\\/wp-content\\\/uploads\\\/2025\\\/05\\\/itaalia-singi-kont-xl.jpg\",\"datePublished\":\"2025-05-28T17:21:15+00:00\",\"dateModified\":\"2026-01-07T20:45:10+00:00\",\"breadcrumb\":{\"@id\":\"https:\\\/\\\/miumjau.ee\\\/fi\\\/tuote\\\/italialainen-kinkkuluu-koiralle-frigera-xl\\\/#breadcrumb\"},\"inLanguage\":\"fi\",\"potentialAction\":[{\"@type\":\"ReadAction\",\"target\":[\"https:\\\/\\\/miumjau.ee\\\/fi\\\/tuote\\\/italialainen-kinkkuluu-koiralle-frigera-xl\\\/\"]}]},{\"@type\":\"ImageObject\",\"inLanguage\":\"fi\",\"@id\":\"https:\\\/\\\/miumjau.ee\\\/fi\\\/tuote\\\/italialainen-kinkkuluu-koiralle-frigera-xl\\\/#primaryimage\",\"url\":\"https:\\\/\\\/miumjau.ee\\\/wp-content\\\/uploads\\\/2025\\\/05\\\/itaalia-singi-kont-xl.jpg\",\"contentUrl\":\"https:\\\/\\\/miumjau.ee\\\/wp-content\\\/uploads\\\/2025\\\/05\\\/itaalia-singi-kont-xl.jpg\",\"width\":600,\"height\":800,\"caption\":\"Itaalia singi kont koerale XL\"},{\"@type\":\"BreadcrumbList\",\"@id\":\"https:\\\/\\\/miumjau.ee\\\/fi\\\/tuote\\\/italialainen-kinkkuluu-koiralle-frigera-xl\\\/#breadcrumb\",\"itemListElement\":[{\"@type\":\"ListItem\",\"position\":1,\"name\":\"Home\",\"item\":\"https:\\\/\\\/miumjau.ee\\\/fi\\\/\"},{\"@type\":\"ListItem\",\"position\":2,\"name\":\"Kauppa\",\"item\":\"https:\\\/\\\/miumjau.ee\\\/fi\\\/kauppa\\\/\"},{\"@type\":\"ListItem\",\"position\":3,\"name\":\"Italialainen kinkkuluu koiralle Frigera XL\"}]},{\"@type\":\"WebSite\",\"@id\":\"https:\\\/\\\/miumjau.ee\\\/#website\",\"url\":\"https:\\\/\\\/miumjau.ee\\\/\",\"name\":\"MiuMjau\",\"description\":\"Kraapimispuud kassidele\",\"publisher\":{\"@id\":\"https:\\\/\\\/miumjau.ee\\\/#organization\"},\"potentialAction\":[{\"@type\":\"SearchAction\",\"target\":{\"@type\":\"EntryPoint\",\"urlTemplate\":\"https:\\\/\\\/miumjau.ee\\\/?s={search_term_string}\"},\"query-input\":{\"@type\":\"PropertyValueSpecification\",\"valueRequired\":true,\"valueName\":\"search_term_string\"}}],\"inLanguage\":\"fi\"},{\"@type\":\"Organization\",\"@id\":\"https:\\\/\\\/miumjau.ee\\\/#organization\",\"name\":\"MiuMjau O\u00dc\",\"url\":\"https:\\\/\\\/miumjau.ee\\\/\",\"logo\":{\"@type\":\"ImageObject\",\"inLanguage\":\"fi\",\"@id\":\"https:\\\/\\\/miumjau.ee\\\/#\\\/schema\\\/logo\\\/image\\\/\",\"url\":\"https:\\\/\\\/miumjau.ee\\\/wp-content\\\/uploads\\\/2022\\\/04\\\/MiuMjau-logo-kollane.png\",\"contentUrl\":\"https:\\\/\\\/miumjau.ee\\\/wp-content\\\/uploads\\\/2022\\\/04\\\/MiuMjau-logo-kollane.png\",\"width\":219,\"height\":100,\"caption\":\"MiuMjau O\u00dc\"},\"image\":{\"@id\":\"https:\\\/\\\/miumjau.ee\\\/#\\\/schema\\\/logo\\\/image\\\/\"},\"sameAs\":[\"https:\\\/\\\/www.facebook.com\\\/miumjaupood\\\/\"]}]}<\/script>\n<!-- \/ Yoast SEO plugin. -->","yoast_head_json":{"title":"Italialainen kinkkuluu koiralle Frigera XL - MiuMjau","robots":{"index":"index","follow":"follow","max-snippet":"max-snippet:-1","max-image-preview":"max-image-preview:large","max-video-preview":"max-video-preview:-1"},"canonical":"https:\/\/miumjau.ee\/fi\/tuote\/italialainen-kinkkuluu-koiralle-frigera-xl\/","og_locale":"fi_FI","og_type":"article","og_title":"Italialainen kinkkuluu koiralle Frigera XL - MiuMjau","og_description":"Etsitk\u00f6 uskomattoman maukasta, kest\u00e4v\u00e4\u00e4 ja t\u00e4ysin luonnollista puruluuta rakkaalle karvaiselle perheenj\u00e4senellesi? Meill\u00e4 on sinulle t\u00e4ydellinen ratkaisu \u2013 friGERA aito italialainen kinkkuluu! Raaka-aine tulee korkealaatuisen italialaisen prosciutto-kypsytysprosessin yhteydess\u00e4. T\u00e4m\u00e4 takaa paitsi j\u00e4tteett\u00f6m\u00e4n ratkaisun, my\u00f6s mahdollisuuden hemmotella nelijalkaista yst\u00e4v\u00e4\u00e4si eksklusiivisen herkun maulla. Lis\u00e4ksi n\u00e4m\u00e4 luut ovat erinomainen proteiinin l\u00e4hde, joka on v\u00e4ltt\u00e4m\u00e4t\u00f6n terveiden lihasten yll\u00e4pit\u00e4miseen. Kovan rakenteensa ansiosta ne auttavat puhdistamaan hampaita ja v\u00e4hent\u00e4m\u00e4\u00e4n plakkiutumaa. Ne tarjoavat my\u00f6s tuntikausiksi pureskelun iloa ja henkist\u00e4 stimulointia. Koska luut sis\u00e4lt\u00e4v\u00e4t runsaasti maukasta kinkkua, ne ovat merkitt\u00e4v\u00e4 kollageenin sek\u00e4 luonnollisten \u00f6ljyjen ja rasvojen l\u00e4hde, joka tukee koirasi niveli\u00e4, ihoa ja yleisterveytt\u00e4. Nettopaino: 350 gAinesosat: 100 % sika Ravitsemusohje: Tarjoa herkkuna aterioiden v\u00e4lill\u00e4 tai palkintona osana tasapainoista ruokavaliota. Valvo koiraasi aina, kun se sy\u00f6 herkkua. Tarjoa aina riitt\u00e4v\u00e4sti raikasta juomavett\u00e4. Ei tarkoitettu ihmisravinnoksi. Analyyttinen koostumus: Proteiini: 30,3 %, Rasva: 7,85 %, Kosteus: 32,7 %","og_url":"https:\/\/miumjau.ee\/fi\/tuote\/italialainen-kinkkuluu-koiralle-frigera-xl\/","og_site_name":"MiuMjau","article_publisher":"https:\/\/www.facebook.com\/miumjaupood\/","article_modified_time":"2026-01-07T20:45:10+00:00","og_image":[{"width":600,"height":800,"url":"https:\/\/miumjau.ee\/wp-content\/uploads\/2025\/05\/itaalia-singi-kont-xl.jpg","type":"image\/jpeg"}],"twitter_card":"summary_large_image","schema":{"@context":"https:\/\/schema.org","@graph":[{"@type":"WebPage","@id":"https:\/\/miumjau.ee\/fi\/tuote\/italialainen-kinkkuluu-koiralle-frigera-xl\/","url":"https:\/\/miumjau.ee\/fi\/tuote\/italialainen-kinkkuluu-koiralle-frigera-xl\/","name":"Italialainen kinkkuluu koiralle Frigera XL - MiuMjau","isPartOf":{"@id":"https:\/\/miumjau.ee\/#website"},"primaryImageOfPage":{"@id":"https:\/\/miumjau.ee\/fi\/tuote\/italialainen-kinkkuluu-koiralle-frigera-xl\/#primaryimage"},"image":{"@id":"https:\/\/miumjau.ee\/fi\/tuote\/italialainen-kinkkuluu-koiralle-frigera-xl\/#primaryimage"},"thumbnailUrl":"https:\/\/miumjau.ee\/wp-content\/uploads\/2025\/05\/itaalia-singi-kont-xl.jpg","datePublished":"2025-05-28T17:21:15+00:00","dateModified":"2026-01-07T20:45:10+00:00","breadcrumb":{"@id":"https:\/\/miumjau.ee\/fi\/tuote\/italialainen-kinkkuluu-koiralle-frigera-xl\/#breadcrumb"},"inLanguage":"fi","potentialAction":[{"@type":"ReadAction","target":["https:\/\/miumjau.ee\/fi\/tuote\/italialainen-kinkkuluu-koiralle-frigera-xl\/"]}]},{"@type":"ImageObject","inLanguage":"fi","@id":"https:\/\/miumjau.ee\/fi\/tuote\/italialainen-kinkkuluu-koiralle-frigera-xl\/#primaryimage","url":"https:\/\/miumjau.ee\/wp-content\/uploads\/2025\/05\/itaalia-singi-kont-xl.jpg","contentUrl":"https:\/\/miumjau.ee\/wp-content\/uploads\/2025\/05\/itaalia-singi-kont-xl.jpg","width":600,"height":800,"caption":"Itaalia singi kont koerale XL"},{"@type":"BreadcrumbList","@id":"https:\/\/miumjau.ee\/fi\/tuote\/italialainen-kinkkuluu-koiralle-frigera-xl\/#breadcrumb","itemListElement":[{"@type":"ListItem","position":1,"name":"Home","item":"https:\/\/miumjau.ee\/fi\/"},{"@type":"ListItem","position":2,"name":"Kauppa","item":"https:\/\/miumjau.ee\/fi\/kauppa\/"},{"@type":"ListItem","position":3,"name":"Italialainen kinkkuluu koiralle Frigera XL"}]},{"@type":"WebSite","@id":"https:\/\/miumjau.ee\/#website","url":"https:\/\/miumjau.ee\/","name":"MiuMjau","description":"Kraapimispuud kassidele","publisher":{"@id":"https:\/\/miumjau.ee\/#organization"},"potentialAction":[{"@type":"SearchAction","target":{"@type":"EntryPoint","urlTemplate":"https:\/\/miumjau.ee\/?s={search_term_string}"},"query-input":{"@type":"PropertyValueSpecification","valueRequired":true,"valueName":"search_term_string"}}],"inLanguage":"fi"},{"@type":"Organization","@id":"https:\/\/miumjau.ee\/#organization","name":"MiuMjau O\u00dc","url":"https:\/\/miumjau.ee\/","logo":{"@type":"ImageObject","inLanguage":"fi","@id":"https:\/\/miumjau.ee\/#\/schema\/logo\/image\/","url":"https:\/\/miumjau.ee\/wp-content\/uploads\/2022\/04\/MiuMjau-logo-kollane.png","contentUrl":"https:\/\/miumjau.ee\/wp-content\/uploads\/2022\/04\/MiuMjau-logo-kollane.png","width":219,"height":100,"caption":"MiuMjau O\u00dc"},"image":{"@id":"https:\/\/miumjau.ee\/#\/schema\/logo\/image\/"},"sameAs":["https:\/\/www.facebook.com\/miumjaupood\/"]}]}},"_links":{"self":[{"href":"https:\/\/miumjau.ee\/fi\/wp-json\/wp\/v2\/product\/48095","targetHints":{"allow":["GET"]}}],"collection":[{"href":"https:\/\/miumjau.ee\/fi\/wp-json\/wp\/v2\/product"}],"about":[{"href":"https:\/\/miumjau.ee\/fi\/wp-json\/wp\/v2\/types\/product"}],"wp:featuredmedia":[{"embeddable":true,"href":"https:\/\/miumjau.ee\/fi\/wp-json\/wp\/v2\/media\/35761"}],"wp:attachment":[{"href":"https:\/\/miumjau.ee\/fi\/wp-json\/wp\/v2\/media?parent=48095"}],"wp:term":[{"taxonomy":"product_brand","embeddable":true,"href":"https:\/\/miumjau.ee\/fi\/wp-json\/wp\/v2\/product_brand?post=48095"},{"taxonomy":"product_cat","embeddable":true,"href":"https:\/\/miumjau.ee\/fi\/wp-json\/wp\/v2\/product_cat?post=48095"},{"taxonomy":"product_tag","embeddable":true,"href":"https:\/\/miumjau.ee\/fi\/wp-json\/wp\/v2\/product_tag?post=48095"}],"curies":[{"name":"wp","href":"https:\/\/api.w.org\/{rel}","templated":true}]}}