{"id":48087,"date":"2025-05-28T20:43:56","date_gmt":"2025-05-28T17:43:56","guid":{"rendered":"https:\/\/miumjau.ee\/toode\/pekonilla-taytetty-puruluu-frigera-1-kpl\/"},"modified":"2026-01-07T22:45:10","modified_gmt":"2026-01-07T20:45:10","slug":"pekonilla-taytetty-puruluu-frigera-1-kpl","status":"publish","type":"product","link":"https:\/\/miumjau.ee\/fi\/tuote\/pekonilla-taytetty-puruluu-frigera-1-kpl\/","title":{"rendered":"Pekonilla t\u00e4ytetty puruluu Frigera 1 kpl"},"content":{"rendered":"","protected":false},"excerpt":{"rendered":"<p data-start=\"1658\" data-end=\"1847\">Miksi ostaa koirallesi kalliita synteettisi\u00e4 puruleluja, kun luonto tarjoaa paremman ja terveellisemm\u00e4n vaihtoehdon? T\u00e4ytetyt s\u00e4\u00e4reluumme ovat kuin tuplaherkku maukkaan t\u00e4ytteen ansiosta!<\/p>\n<p data-start=\"1849\" data-end=\"2295\">Luota meihin \u2013 t\u00e4yte-reseptit on suunniteltu erityisesti koiran makuun, joten lemmikkisi varmasti pit\u00e4\u00e4 niist\u00e4! friGERA t\u00e4ytetyt s\u00e4\u00e4reluut on valmistettu puhdistetuista, ilmakuivatuista s\u00e4\u00e4reluista, jotka tulevat vapaana kasvatetuista naudoista, joiden liha sopii my\u00f6s ihmisravinnoksi. Luut on t\u00e4ytetty herkullisella seoksella, mik\u00e4 tekee niist\u00e4 erinomaisen herkun koirille, joilla on vahva purutarve \u2013 samalla ne tukevat my\u00f6s hampaiden hoitoa!<\/p>\n<p data-start=\"2297\" data-end=\"2699\">Lis\u00e4ksi n\u00e4m\u00e4 luut ovat luonnollinen kalsiumin ja fosforin l\u00e4hde, auttaen vahvojen hampaiden ja luiden yll\u00e4pidossa ilman ylim\u00e4\u00e4r\u00e4isi\u00e4 kaloreita ja rasvaa. Bonuksena n\u00e4m\u00e4 luut ovat v\u00e4h\u00e4hajuisia. T\u00e4ytetyt s\u00e4\u00e4reluut ovat my\u00f6s edullinen tapa opettaa koirallesi hyv\u00e4\u00e4 puruk\u00e4ytt\u00e4ytymist\u00e4 \u2013 kun t\u00e4yte on sy\u00f6ty, j\u00e4ljelle j\u00e4\u00e4 ravitseva ja kest\u00e4v\u00e4 luu, joka toimii lis\u00e4palkintona harjoittelun ja leikin j\u00e4lkeen!<\/p>\n<p data-start=\"2701\" data-end=\"2823\">Nettopaino: 120 g<br data-start=\"2718\" data-end=\"2721\" \/>Ainesosat: naudan luu, viljat, \u00f6ljyt ja rasvat, liha ja el\u00e4inper\u00e4iset ainesosat, \u00f6ljypohjainen aromi<\/p>\n<p data-start=\"2825\" data-end=\"3093\">Ravitsemusohje: Tarjoa herkkuna aterioiden v\u00e4lill\u00e4 tai palkintona osana tasapainoista ruokavaliota. Valvo koiraasi aina, kun se sy\u00f6 herkkua. Tarjoa aina riitt\u00e4v\u00e4sti raikasta juomavett\u00e4. Ei tarkoitettu ihmisravinnoksi. Ei sovellu alle 4 kuukauden ik\u00e4isille pennuille.<\/p>\n<p data-start=\"3095\" data-end=\"3165\">Analyyttinen koostumus: Proteiini: 20 %, Rasva: 10 %, Kosteus: 7,5 %<\/p>\n","protected":false},"featured_media":35766,"template":"","meta":[],"product_brand":[],"product_cat":[480],"product_tag":[],"class_list":{"0":"post-48087","1":"product","2":"type-product","3":"status-publish","4":"has-post-thumbnail","6":"product_cat-herkut-koirille","8":"first","9":"instock","10":"taxable","11":"shipping-taxable","12":"purchasable","13":"product-type-simple"},"yoast_head":"<!-- This site is optimized with the Yoast SEO plugin v27.4 - https:\/\/yoast.com\/product\/yoast-seo-wordpress\/ -->\n<title>Pekonilla t\u00e4ytetty puruluu Frigera 1 kpl - MiuMjau<\/title>\n<meta name=\"robots\" content=\"index, follow, max-snippet:-1, max-image-preview:large, max-video-preview:-1\" \/>\n<link rel=\"canonical\" href=\"https:\/\/miumjau.ee\/fi\/tuote\/pekonilla-taytetty-puruluu-frigera-1-kpl\/\" \/>\n<meta property=\"og:locale\" content=\"fi_FI\" \/>\n<meta property=\"og:type\" content=\"article\" \/>\n<meta property=\"og:title\" content=\"Pekonilla t\u00e4ytetty puruluu Frigera 1 kpl - MiuMjau\" \/>\n<meta property=\"og:description\" content=\"Miksi ostaa koirallesi kalliita synteettisi\u00e4 puruleluja, kun luonto tarjoaa paremman ja terveellisemm\u00e4n vaihtoehdon? T\u00e4ytetyt s\u00e4\u00e4reluumme ovat kuin tuplaherkku maukkaan t\u00e4ytteen ansiosta! Luota meihin \u2013 t\u00e4yte-reseptit on suunniteltu erityisesti koiran makuun, joten lemmikkisi varmasti pit\u00e4\u00e4 niist\u00e4! friGERA t\u00e4ytetyt s\u00e4\u00e4reluut on valmistettu puhdistetuista, ilmakuivatuista s\u00e4\u00e4reluista, jotka tulevat vapaana kasvatetuista naudoista, joiden liha sopii my\u00f6s ihmisravinnoksi. Luut on t\u00e4ytetty herkullisella seoksella, mik\u00e4 tekee niist\u00e4 erinomaisen herkun koirille, joilla on vahva purutarve \u2013 samalla ne tukevat my\u00f6s hampaiden hoitoa! Lis\u00e4ksi n\u00e4m\u00e4 luut ovat luonnollinen kalsiumin ja fosforin l\u00e4hde, auttaen vahvojen hampaiden ja luiden yll\u00e4pidossa ilman ylim\u00e4\u00e4r\u00e4isi\u00e4 kaloreita ja rasvaa. Bonuksena n\u00e4m\u00e4 luut ovat v\u00e4h\u00e4hajuisia. T\u00e4ytetyt s\u00e4\u00e4reluut ovat my\u00f6s edullinen tapa opettaa koirallesi hyv\u00e4\u00e4 puruk\u00e4ytt\u00e4ytymist\u00e4 \u2013 kun t\u00e4yte on sy\u00f6ty, j\u00e4ljelle j\u00e4\u00e4 ravitseva ja kest\u00e4v\u00e4 luu, joka toimii lis\u00e4palkintona harjoittelun ja leikin j\u00e4lkeen! Nettopaino: 120 gAinesosat: naudan luu, viljat, \u00f6ljyt ja rasvat, liha ja el\u00e4inper\u00e4iset ainesosat, \u00f6ljypohjainen aromi Ravitsemusohje: Tarjoa herkkuna aterioiden v\u00e4lill\u00e4 tai palkintona osana tasapainoista ruokavaliota. Valvo koiraasi aina, kun se sy\u00f6 herkkua. Tarjoa aina riitt\u00e4v\u00e4sti raikasta juomavett\u00e4. Ei tarkoitettu ihmisravinnoksi. Ei sovellu alle 4 kuukauden ik\u00e4isille pennuille. Analyyttinen koostumus: Proteiini: 20 %, Rasva: 10 %, Kosteus: 7,5 %\" \/>\n<meta property=\"og:url\" content=\"https:\/\/miumjau.ee\/fi\/tuote\/pekonilla-taytetty-puruluu-frigera-1-kpl\/\" \/>\n<meta property=\"og:site_name\" content=\"MiuMjau\" \/>\n<meta property=\"article:publisher\" content=\"https:\/\/www.facebook.com\/miumjaupood\/\" \/>\n<meta property=\"article:modified_time\" content=\"2026-01-07T20:45:10+00:00\" \/>\n<meta property=\"og:image\" content=\"https:\/\/miumjau.ee\/wp-content\/uploads\/2025\/05\/peekoniga-taidetud-kont.jpg\" \/>\n\t<meta property=\"og:image:width\" content=\"600\" \/>\n\t<meta property=\"og:image:height\" content=\"800\" \/>\n\t<meta property=\"og:image:type\" content=\"image\/jpeg\" \/>\n<meta name=\"twitter:card\" content=\"summary_large_image\" \/>\n<script type=\"application\/ld+json\" class=\"yoast-schema-graph\">{\"@context\":\"https:\\\/\\\/schema.org\",\"@graph\":[{\"@type\":\"WebPage\",\"@id\":\"https:\\\/\\\/miumjau.ee\\\/fi\\\/tuote\\\/pekonilla-taytetty-puruluu-frigera-1-kpl\\\/\",\"url\":\"https:\\\/\\\/miumjau.ee\\\/fi\\\/tuote\\\/pekonilla-taytetty-puruluu-frigera-1-kpl\\\/\",\"name\":\"Pekonilla t\u00e4ytetty puruluu Frigera 1 kpl - MiuMjau\",\"isPartOf\":{\"@id\":\"https:\\\/\\\/miumjau.ee\\\/#website\"},\"primaryImageOfPage\":{\"@id\":\"https:\\\/\\\/miumjau.ee\\\/fi\\\/tuote\\\/pekonilla-taytetty-puruluu-frigera-1-kpl\\\/#primaryimage\"},\"image\":{\"@id\":\"https:\\\/\\\/miumjau.ee\\\/fi\\\/tuote\\\/pekonilla-taytetty-puruluu-frigera-1-kpl\\\/#primaryimage\"},\"thumbnailUrl\":\"https:\\\/\\\/miumjau.ee\\\/wp-content\\\/uploads\\\/2025\\\/05\\\/peekoniga-taidetud-kont.jpg\",\"datePublished\":\"2025-05-28T17:43:56+00:00\",\"dateModified\":\"2026-01-07T20:45:10+00:00\",\"breadcrumb\":{\"@id\":\"https:\\\/\\\/miumjau.ee\\\/fi\\\/tuote\\\/pekonilla-taytetty-puruluu-frigera-1-kpl\\\/#breadcrumb\"},\"inLanguage\":\"fi\",\"potentialAction\":[{\"@type\":\"ReadAction\",\"target\":[\"https:\\\/\\\/miumjau.ee\\\/fi\\\/tuote\\\/pekonilla-taytetty-puruluu-frigera-1-kpl\\\/\"]}]},{\"@type\":\"ImageObject\",\"inLanguage\":\"fi\",\"@id\":\"https:\\\/\\\/miumjau.ee\\\/fi\\\/tuote\\\/pekonilla-taytetty-puruluu-frigera-1-kpl\\\/#primaryimage\",\"url\":\"https:\\\/\\\/miumjau.ee\\\/wp-content\\\/uploads\\\/2025\\\/05\\\/peekoniga-taidetud-kont.jpg\",\"contentUrl\":\"https:\\\/\\\/miumjau.ee\\\/wp-content\\\/uploads\\\/2025\\\/05\\\/peekoniga-taidetud-kont.jpg\",\"width\":600,\"height\":800,\"caption\":\"Peekoniga t\u00e4idetud n\u00e4rimiskont 1tk\"},{\"@type\":\"BreadcrumbList\",\"@id\":\"https:\\\/\\\/miumjau.ee\\\/fi\\\/tuote\\\/pekonilla-taytetty-puruluu-frigera-1-kpl\\\/#breadcrumb\",\"itemListElement\":[{\"@type\":\"ListItem\",\"position\":1,\"name\":\"Home\",\"item\":\"https:\\\/\\\/miumjau.ee\\\/fi\\\/\"},{\"@type\":\"ListItem\",\"position\":2,\"name\":\"Kauppa\",\"item\":\"https:\\\/\\\/miumjau.ee\\\/fi\\\/kauppa\\\/\"},{\"@type\":\"ListItem\",\"position\":3,\"name\":\"Pekonilla t\u00e4ytetty puruluu Frigera 1 kpl\"}]},{\"@type\":\"WebSite\",\"@id\":\"https:\\\/\\\/miumjau.ee\\\/#website\",\"url\":\"https:\\\/\\\/miumjau.ee\\\/\",\"name\":\"MiuMjau\",\"description\":\"Kraapimispuud kassidele\",\"publisher\":{\"@id\":\"https:\\\/\\\/miumjau.ee\\\/#organization\"},\"potentialAction\":[{\"@type\":\"SearchAction\",\"target\":{\"@type\":\"EntryPoint\",\"urlTemplate\":\"https:\\\/\\\/miumjau.ee\\\/?s={search_term_string}\"},\"query-input\":{\"@type\":\"PropertyValueSpecification\",\"valueRequired\":true,\"valueName\":\"search_term_string\"}}],\"inLanguage\":\"fi\"},{\"@type\":\"Organization\",\"@id\":\"https:\\\/\\\/miumjau.ee\\\/#organization\",\"name\":\"MiuMjau O\u00dc\",\"url\":\"https:\\\/\\\/miumjau.ee\\\/\",\"logo\":{\"@type\":\"ImageObject\",\"inLanguage\":\"fi\",\"@id\":\"https:\\\/\\\/miumjau.ee\\\/#\\\/schema\\\/logo\\\/image\\\/\",\"url\":\"https:\\\/\\\/miumjau.ee\\\/wp-content\\\/uploads\\\/2022\\\/04\\\/MiuMjau-logo-kollane.png\",\"contentUrl\":\"https:\\\/\\\/miumjau.ee\\\/wp-content\\\/uploads\\\/2022\\\/04\\\/MiuMjau-logo-kollane.png\",\"width\":219,\"height\":100,\"caption\":\"MiuMjau O\u00dc\"},\"image\":{\"@id\":\"https:\\\/\\\/miumjau.ee\\\/#\\\/schema\\\/logo\\\/image\\\/\"},\"sameAs\":[\"https:\\\/\\\/www.facebook.com\\\/miumjaupood\\\/\"]}]}<\/script>\n<!-- \/ Yoast SEO plugin. -->","yoast_head_json":{"title":"Pekonilla t\u00e4ytetty puruluu Frigera 1 kpl - MiuMjau","robots":{"index":"index","follow":"follow","max-snippet":"max-snippet:-1","max-image-preview":"max-image-preview:large","max-video-preview":"max-video-preview:-1"},"canonical":"https:\/\/miumjau.ee\/fi\/tuote\/pekonilla-taytetty-puruluu-frigera-1-kpl\/","og_locale":"fi_FI","og_type":"article","og_title":"Pekonilla t\u00e4ytetty puruluu Frigera 1 kpl - MiuMjau","og_description":"Miksi ostaa koirallesi kalliita synteettisi\u00e4 puruleluja, kun luonto tarjoaa paremman ja terveellisemm\u00e4n vaihtoehdon? T\u00e4ytetyt s\u00e4\u00e4reluumme ovat kuin tuplaherkku maukkaan t\u00e4ytteen ansiosta! Luota meihin \u2013 t\u00e4yte-reseptit on suunniteltu erityisesti koiran makuun, joten lemmikkisi varmasti pit\u00e4\u00e4 niist\u00e4! friGERA t\u00e4ytetyt s\u00e4\u00e4reluut on valmistettu puhdistetuista, ilmakuivatuista s\u00e4\u00e4reluista, jotka tulevat vapaana kasvatetuista naudoista, joiden liha sopii my\u00f6s ihmisravinnoksi. Luut on t\u00e4ytetty herkullisella seoksella, mik\u00e4 tekee niist\u00e4 erinomaisen herkun koirille, joilla on vahva purutarve \u2013 samalla ne tukevat my\u00f6s hampaiden hoitoa! Lis\u00e4ksi n\u00e4m\u00e4 luut ovat luonnollinen kalsiumin ja fosforin l\u00e4hde, auttaen vahvojen hampaiden ja luiden yll\u00e4pidossa ilman ylim\u00e4\u00e4r\u00e4isi\u00e4 kaloreita ja rasvaa. Bonuksena n\u00e4m\u00e4 luut ovat v\u00e4h\u00e4hajuisia. T\u00e4ytetyt s\u00e4\u00e4reluut ovat my\u00f6s edullinen tapa opettaa koirallesi hyv\u00e4\u00e4 puruk\u00e4ytt\u00e4ytymist\u00e4 \u2013 kun t\u00e4yte on sy\u00f6ty, j\u00e4ljelle j\u00e4\u00e4 ravitseva ja kest\u00e4v\u00e4 luu, joka toimii lis\u00e4palkintona harjoittelun ja leikin j\u00e4lkeen! Nettopaino: 120 gAinesosat: naudan luu, viljat, \u00f6ljyt ja rasvat, liha ja el\u00e4inper\u00e4iset ainesosat, \u00f6ljypohjainen aromi Ravitsemusohje: Tarjoa herkkuna aterioiden v\u00e4lill\u00e4 tai palkintona osana tasapainoista ruokavaliota. Valvo koiraasi aina, kun se sy\u00f6 herkkua. Tarjoa aina riitt\u00e4v\u00e4sti raikasta juomavett\u00e4. Ei tarkoitettu ihmisravinnoksi. Ei sovellu alle 4 kuukauden ik\u00e4isille pennuille. Analyyttinen koostumus: Proteiini: 20 %, Rasva: 10 %, Kosteus: 7,5 %","og_url":"https:\/\/miumjau.ee\/fi\/tuote\/pekonilla-taytetty-puruluu-frigera-1-kpl\/","og_site_name":"MiuMjau","article_publisher":"https:\/\/www.facebook.com\/miumjaupood\/","article_modified_time":"2026-01-07T20:45:10+00:00","og_image":[{"width":600,"height":800,"url":"https:\/\/miumjau.ee\/wp-content\/uploads\/2025\/05\/peekoniga-taidetud-kont.jpg","type":"image\/jpeg"}],"twitter_card":"summary_large_image","schema":{"@context":"https:\/\/schema.org","@graph":[{"@type":"WebPage","@id":"https:\/\/miumjau.ee\/fi\/tuote\/pekonilla-taytetty-puruluu-frigera-1-kpl\/","url":"https:\/\/miumjau.ee\/fi\/tuote\/pekonilla-taytetty-puruluu-frigera-1-kpl\/","name":"Pekonilla t\u00e4ytetty puruluu Frigera 1 kpl - MiuMjau","isPartOf":{"@id":"https:\/\/miumjau.ee\/#website"},"primaryImageOfPage":{"@id":"https:\/\/miumjau.ee\/fi\/tuote\/pekonilla-taytetty-puruluu-frigera-1-kpl\/#primaryimage"},"image":{"@id":"https:\/\/miumjau.ee\/fi\/tuote\/pekonilla-taytetty-puruluu-frigera-1-kpl\/#primaryimage"},"thumbnailUrl":"https:\/\/miumjau.ee\/wp-content\/uploads\/2025\/05\/peekoniga-taidetud-kont.jpg","datePublished":"2025-05-28T17:43:56+00:00","dateModified":"2026-01-07T20:45:10+00:00","breadcrumb":{"@id":"https:\/\/miumjau.ee\/fi\/tuote\/pekonilla-taytetty-puruluu-frigera-1-kpl\/#breadcrumb"},"inLanguage":"fi","potentialAction":[{"@type":"ReadAction","target":["https:\/\/miumjau.ee\/fi\/tuote\/pekonilla-taytetty-puruluu-frigera-1-kpl\/"]}]},{"@type":"ImageObject","inLanguage":"fi","@id":"https:\/\/miumjau.ee\/fi\/tuote\/pekonilla-taytetty-puruluu-frigera-1-kpl\/#primaryimage","url":"https:\/\/miumjau.ee\/wp-content\/uploads\/2025\/05\/peekoniga-taidetud-kont.jpg","contentUrl":"https:\/\/miumjau.ee\/wp-content\/uploads\/2025\/05\/peekoniga-taidetud-kont.jpg","width":600,"height":800,"caption":"Peekoniga t\u00e4idetud n\u00e4rimiskont 1tk"},{"@type":"BreadcrumbList","@id":"https:\/\/miumjau.ee\/fi\/tuote\/pekonilla-taytetty-puruluu-frigera-1-kpl\/#breadcrumb","itemListElement":[{"@type":"ListItem","position":1,"name":"Home","item":"https:\/\/miumjau.ee\/fi\/"},{"@type":"ListItem","position":2,"name":"Kauppa","item":"https:\/\/miumjau.ee\/fi\/kauppa\/"},{"@type":"ListItem","position":3,"name":"Pekonilla t\u00e4ytetty puruluu Frigera 1 kpl"}]},{"@type":"WebSite","@id":"https:\/\/miumjau.ee\/#website","url":"https:\/\/miumjau.ee\/","name":"MiuMjau","description":"Kraapimispuud kassidele","publisher":{"@id":"https:\/\/miumjau.ee\/#organization"},"potentialAction":[{"@type":"SearchAction","target":{"@type":"EntryPoint","urlTemplate":"https:\/\/miumjau.ee\/?s={search_term_string}"},"query-input":{"@type":"PropertyValueSpecification","valueRequired":true,"valueName":"search_term_string"}}],"inLanguage":"fi"},{"@type":"Organization","@id":"https:\/\/miumjau.ee\/#organization","name":"MiuMjau O\u00dc","url":"https:\/\/miumjau.ee\/","logo":{"@type":"ImageObject","inLanguage":"fi","@id":"https:\/\/miumjau.ee\/#\/schema\/logo\/image\/","url":"https:\/\/miumjau.ee\/wp-content\/uploads\/2022\/04\/MiuMjau-logo-kollane.png","contentUrl":"https:\/\/miumjau.ee\/wp-content\/uploads\/2022\/04\/MiuMjau-logo-kollane.png","width":219,"height":100,"caption":"MiuMjau O\u00dc"},"image":{"@id":"https:\/\/miumjau.ee\/#\/schema\/logo\/image\/"},"sameAs":["https:\/\/www.facebook.com\/miumjaupood\/"]}]}},"_links":{"self":[{"href":"https:\/\/miumjau.ee\/fi\/wp-json\/wp\/v2\/product\/48087","targetHints":{"allow":["GET"]}}],"collection":[{"href":"https:\/\/miumjau.ee\/fi\/wp-json\/wp\/v2\/product"}],"about":[{"href":"https:\/\/miumjau.ee\/fi\/wp-json\/wp\/v2\/types\/product"}],"wp:featuredmedia":[{"embeddable":true,"href":"https:\/\/miumjau.ee\/fi\/wp-json\/wp\/v2\/media\/35766"}],"wp:attachment":[{"href":"https:\/\/miumjau.ee\/fi\/wp-json\/wp\/v2\/media?parent=48087"}],"wp:term":[{"taxonomy":"product_brand","embeddable":true,"href":"https:\/\/miumjau.ee\/fi\/wp-json\/wp\/v2\/product_brand?post=48087"},{"taxonomy":"product_cat","embeddable":true,"href":"https:\/\/miumjau.ee\/fi\/wp-json\/wp\/v2\/product_cat?post=48087"},{"taxonomy":"product_tag","embeddable":true,"href":"https:\/\/miumjau.ee\/fi\/wp-json\/wp\/v2\/product_tag?post=48087"}],"curies":[{"name":"wp","href":"https:\/\/api.w.org\/{rel}","templated":true}]}}