{"id":48079,"date":"2025-05-28T20:45:47","date_gmt":"2025-05-28T17:45:47","guid":{"rendered":"https:\/\/miumjau.ee\/toode\/naudan-kaulalihasjanne-puruluu-koiralle-25-cm-frigera-1-kpl\/"},"modified":"2026-01-07T22:45:10","modified_gmt":"2026-01-07T20:45:10","slug":"naudan-kaulalihasjanne-puruluu-koiralle-25-cm-frigera-1-kpl","status":"publish","type":"product","link":"https:\/\/miumjau.ee\/fi\/tuote\/naudan-kaulalihasjanne-puruluu-koiralle-25-cm-frigera-1-kpl\/","title":{"rendered":"Naudan kaulalihasj\u00e4nne \u2013 Puruluu koiralle 25 cm Frigera 1 kpl"},"content":{"rendered":"","protected":false},"excerpt":{"rendered":"<p data-start=\"1480\" data-end=\"1592\">friGERA naudan kaulalihasj\u00e4nteet \u2013 todellinen piilotettu aarre ja t\u00e4ydellinen herkku voimakkaalle purijallesi!<\/p>\n<p data-start=\"1594\" data-end=\"1911\">Naudan kaulalihasj\u00e4nteemme ovat maukkaita, hienovaraisesti kuivattuja luonnollisia herkkuja, valmistettu vapaana kasvatettujen nautojen kaulalihaksista, joiden liha sopii my\u00f6s ihmisravinnoksi. N\u00e4it\u00e4 el\u00e4imi\u00e4 kasvatetaan ilman antibiootteja, steroideja tai hormoneja, joten t\u00e4m\u00e4 on yksi luonnollisimmista valinnoista!<\/p>\n<p data-start=\"1913\" data-end=\"2208\">Matala rasvapitoisuus ja hajuttomuus tekev\u00e4t niist\u00e4 erityisen sopivia ylipainoon taipuville koirille tai sis\u00e4k\u00e4ytt\u00f6\u00f6n esimerkiksi kaupunkiymp\u00e4rist\u00f6ss\u00e4. Kova ja j\u00e4ntev\u00e4 rakenne, joka purtaessa muuttuu elastiseksi, auttaa v\u00e4hent\u00e4m\u00e4\u00e4n hammaskive\u00e4 ja plakkiutumaa sek\u00e4 vahvistaa pureskelulihaksia.<\/p>\n<p data-start=\"2210\" data-end=\"2363\">J\u00e4nteet on sopivasti pilkottu pienille ja keskikokoisille koirille \u2013 todellinen monipuolinen herkku, joka pit\u00e4\u00e4 karvaisen yst\u00e4v\u00e4si pitk\u00e4\u00e4n aktiivisena!<\/p>\n<p data-start=\"2365\" data-end=\"2448\">Naudan kaulalihasj\u00e4nteet \u2013 loistava tapa pit\u00e4\u00e4 koirasi onnellisena ja kiireisen\u00e4!<\/p>\n<p data-start=\"2450\" data-end=\"2498\">Nettopaino: 50 g<br data-start=\"2466\" data-end=\"2469\" \/>Ainesosat: 100 % naudanliha<\/p>\n<p data-start=\"2500\" data-end=\"2719\">Ravitsemusohje: Tarjoa herkkuna aterioiden v\u00e4lill\u00e4 tai palkintona osana tasapainoista ruokavaliota. Valvo koiraasi aina, kun se sy\u00f6 herkkua. Tarjoa aina riitt\u00e4v\u00e4sti raikasta juomavett\u00e4. Ei tarkoitettu ihmisravinnoksi.<\/p>\n<p data-start=\"2721\" data-end=\"2797\">Analyyttinen koostumus: Proteiini: 90,51 %, Rasva: 5,23 %, Kosteus: 7,47 %<\/p>\n","protected":false},"featured_media":35771,"template":"","meta":[],"product_brand":[],"product_cat":[480],"product_tag":[],"class_list":{"0":"post-48079","1":"product","2":"type-product","3":"status-publish","4":"has-post-thumbnail","6":"product_cat-herkut-koirille","8":"first","9":"instock","10":"taxable","11":"shipping-taxable","12":"purchasable","13":"product-type-simple"},"yoast_head":"<!-- This site is optimized with the Yoast SEO plugin v27.4 - https:\/\/yoast.com\/product\/yoast-seo-wordpress\/ -->\n<title>Naudan kaulalihasj\u00e4nne \u2013 Puruluu koiralle 25 cm Frigera 1 kpl - MiuMjau<\/title>\n<meta name=\"robots\" content=\"index, follow, max-snippet:-1, max-image-preview:large, max-video-preview:-1\" \/>\n<link rel=\"canonical\" href=\"https:\/\/miumjau.ee\/fi\/tuote\/naudan-kaulalihasjanne-puruluu-koiralle-25-cm-frigera-1-kpl\/\" \/>\n<meta property=\"og:locale\" content=\"fi_FI\" \/>\n<meta property=\"og:type\" content=\"article\" \/>\n<meta property=\"og:title\" content=\"Naudan kaulalihasj\u00e4nne \u2013 Puruluu koiralle 25 cm Frigera 1 kpl - MiuMjau\" \/>\n<meta property=\"og:description\" content=\"friGERA naudan kaulalihasj\u00e4nteet \u2013 todellinen piilotettu aarre ja t\u00e4ydellinen herkku voimakkaalle purijallesi! Naudan kaulalihasj\u00e4nteemme ovat maukkaita, hienovaraisesti kuivattuja luonnollisia herkkuja, valmistettu vapaana kasvatettujen nautojen kaulalihaksista, joiden liha sopii my\u00f6s ihmisravinnoksi. N\u00e4it\u00e4 el\u00e4imi\u00e4 kasvatetaan ilman antibiootteja, steroideja tai hormoneja, joten t\u00e4m\u00e4 on yksi luonnollisimmista valinnoista! Matala rasvapitoisuus ja hajuttomuus tekev\u00e4t niist\u00e4 erityisen sopivia ylipainoon taipuville koirille tai sis\u00e4k\u00e4ytt\u00f6\u00f6n esimerkiksi kaupunkiymp\u00e4rist\u00f6ss\u00e4. Kova ja j\u00e4ntev\u00e4 rakenne, joka purtaessa muuttuu elastiseksi, auttaa v\u00e4hent\u00e4m\u00e4\u00e4n hammaskive\u00e4 ja plakkiutumaa sek\u00e4 vahvistaa pureskelulihaksia. J\u00e4nteet on sopivasti pilkottu pienille ja keskikokoisille koirille \u2013 todellinen monipuolinen herkku, joka pit\u00e4\u00e4 karvaisen yst\u00e4v\u00e4si pitk\u00e4\u00e4n aktiivisena! Naudan kaulalihasj\u00e4nteet \u2013 loistava tapa pit\u00e4\u00e4 koirasi onnellisena ja kiireisen\u00e4! Nettopaino: 50 gAinesosat: 100 % naudanliha Ravitsemusohje: Tarjoa herkkuna aterioiden v\u00e4lill\u00e4 tai palkintona osana tasapainoista ruokavaliota. Valvo koiraasi aina, kun se sy\u00f6 herkkua. Tarjoa aina riitt\u00e4v\u00e4sti raikasta juomavett\u00e4. Ei tarkoitettu ihmisravinnoksi. Analyyttinen koostumus: Proteiini: 90,51 %, Rasva: 5,23 %, Kosteus: 7,47 %\" \/>\n<meta property=\"og:url\" content=\"https:\/\/miumjau.ee\/fi\/tuote\/naudan-kaulalihasjanne-puruluu-koiralle-25-cm-frigera-1-kpl\/\" \/>\n<meta property=\"og:site_name\" content=\"MiuMjau\" \/>\n<meta property=\"article:publisher\" content=\"https:\/\/www.facebook.com\/miumjaupood\/\" \/>\n<meta property=\"article:modified_time\" content=\"2026-01-07T20:45:10+00:00\" \/>\n<meta property=\"og:image\" content=\"https:\/\/miumjau.ee\/wp-content\/uploads\/2025\/05\/veise-kaela-koolus-1tk.jpg\" \/>\n\t<meta property=\"og:image:width\" content=\"600\" \/>\n\t<meta property=\"og:image:height\" content=\"800\" \/>\n\t<meta property=\"og:image:type\" content=\"image\/jpeg\" \/>\n<meta name=\"twitter:card\" content=\"summary_large_image\" \/>\n<script type=\"application\/ld+json\" class=\"yoast-schema-graph\">{\"@context\":\"https:\\\/\\\/schema.org\",\"@graph\":[{\"@type\":\"WebPage\",\"@id\":\"https:\\\/\\\/miumjau.ee\\\/fi\\\/tuote\\\/naudan-kaulalihasjanne-puruluu-koiralle-25-cm-frigera-1-kpl\\\/\",\"url\":\"https:\\\/\\\/miumjau.ee\\\/fi\\\/tuote\\\/naudan-kaulalihasjanne-puruluu-koiralle-25-cm-frigera-1-kpl\\\/\",\"name\":\"Naudan kaulalihasj\u00e4nne \u2013 Puruluu koiralle 25 cm Frigera 1 kpl - MiuMjau\",\"isPartOf\":{\"@id\":\"https:\\\/\\\/miumjau.ee\\\/#website\"},\"primaryImageOfPage\":{\"@id\":\"https:\\\/\\\/miumjau.ee\\\/fi\\\/tuote\\\/naudan-kaulalihasjanne-puruluu-koiralle-25-cm-frigera-1-kpl\\\/#primaryimage\"},\"image\":{\"@id\":\"https:\\\/\\\/miumjau.ee\\\/fi\\\/tuote\\\/naudan-kaulalihasjanne-puruluu-koiralle-25-cm-frigera-1-kpl\\\/#primaryimage\"},\"thumbnailUrl\":\"https:\\\/\\\/miumjau.ee\\\/wp-content\\\/uploads\\\/2025\\\/05\\\/veise-kaela-koolus-1tk.jpg\",\"datePublished\":\"2025-05-28T17:45:47+00:00\",\"dateModified\":\"2026-01-07T20:45:10+00:00\",\"breadcrumb\":{\"@id\":\"https:\\\/\\\/miumjau.ee\\\/fi\\\/tuote\\\/naudan-kaulalihasjanne-puruluu-koiralle-25-cm-frigera-1-kpl\\\/#breadcrumb\"},\"inLanguage\":\"fi\",\"potentialAction\":[{\"@type\":\"ReadAction\",\"target\":[\"https:\\\/\\\/miumjau.ee\\\/fi\\\/tuote\\\/naudan-kaulalihasjanne-puruluu-koiralle-25-cm-frigera-1-kpl\\\/\"]}]},{\"@type\":\"ImageObject\",\"inLanguage\":\"fi\",\"@id\":\"https:\\\/\\\/miumjau.ee\\\/fi\\\/tuote\\\/naudan-kaulalihasjanne-puruluu-koiralle-25-cm-frigera-1-kpl\\\/#primaryimage\",\"url\":\"https:\\\/\\\/miumjau.ee\\\/wp-content\\\/uploads\\\/2025\\\/05\\\/veise-kaela-koolus-1tk.jpg\",\"contentUrl\":\"https:\\\/\\\/miumjau.ee\\\/wp-content\\\/uploads\\\/2025\\\/05\\\/veise-kaela-koolus-1tk.jpg\",\"width\":600,\"height\":800,\"caption\":\"Veise kaela k\u00f5\u00f5lus - n\u00e4rimismaius koerale 1tk\"},{\"@type\":\"BreadcrumbList\",\"@id\":\"https:\\\/\\\/miumjau.ee\\\/fi\\\/tuote\\\/naudan-kaulalihasjanne-puruluu-koiralle-25-cm-frigera-1-kpl\\\/#breadcrumb\",\"itemListElement\":[{\"@type\":\"ListItem\",\"position\":1,\"name\":\"Home\",\"item\":\"https:\\\/\\\/miumjau.ee\\\/fi\\\/\"},{\"@type\":\"ListItem\",\"position\":2,\"name\":\"Kauppa\",\"item\":\"https:\\\/\\\/miumjau.ee\\\/fi\\\/kauppa\\\/\"},{\"@type\":\"ListItem\",\"position\":3,\"name\":\"Naudan kaulalihasj\u00e4nne \u2013 Puruluu koiralle 25 cm Frigera 1 kpl\"}]},{\"@type\":\"WebSite\",\"@id\":\"https:\\\/\\\/miumjau.ee\\\/#website\",\"url\":\"https:\\\/\\\/miumjau.ee\\\/\",\"name\":\"MiuMjau\",\"description\":\"Kraapimispuud kassidele\",\"publisher\":{\"@id\":\"https:\\\/\\\/miumjau.ee\\\/#organization\"},\"potentialAction\":[{\"@type\":\"SearchAction\",\"target\":{\"@type\":\"EntryPoint\",\"urlTemplate\":\"https:\\\/\\\/miumjau.ee\\\/?s={search_term_string}\"},\"query-input\":{\"@type\":\"PropertyValueSpecification\",\"valueRequired\":true,\"valueName\":\"search_term_string\"}}],\"inLanguage\":\"fi\"},{\"@type\":\"Organization\",\"@id\":\"https:\\\/\\\/miumjau.ee\\\/#organization\",\"name\":\"MiuMjau O\u00dc\",\"url\":\"https:\\\/\\\/miumjau.ee\\\/\",\"logo\":{\"@type\":\"ImageObject\",\"inLanguage\":\"fi\",\"@id\":\"https:\\\/\\\/miumjau.ee\\\/#\\\/schema\\\/logo\\\/image\\\/\",\"url\":\"https:\\\/\\\/miumjau.ee\\\/wp-content\\\/uploads\\\/2022\\\/04\\\/MiuMjau-logo-kollane.png\",\"contentUrl\":\"https:\\\/\\\/miumjau.ee\\\/wp-content\\\/uploads\\\/2022\\\/04\\\/MiuMjau-logo-kollane.png\",\"width\":219,\"height\":100,\"caption\":\"MiuMjau O\u00dc\"},\"image\":{\"@id\":\"https:\\\/\\\/miumjau.ee\\\/#\\\/schema\\\/logo\\\/image\\\/\"},\"sameAs\":[\"https:\\\/\\\/www.facebook.com\\\/miumjaupood\\\/\"]}]}<\/script>\n<!-- \/ Yoast SEO plugin. -->","yoast_head_json":{"title":"Naudan kaulalihasj\u00e4nne \u2013 Puruluu koiralle 25 cm Frigera 1 kpl - MiuMjau","robots":{"index":"index","follow":"follow","max-snippet":"max-snippet:-1","max-image-preview":"max-image-preview:large","max-video-preview":"max-video-preview:-1"},"canonical":"https:\/\/miumjau.ee\/fi\/tuote\/naudan-kaulalihasjanne-puruluu-koiralle-25-cm-frigera-1-kpl\/","og_locale":"fi_FI","og_type":"article","og_title":"Naudan kaulalihasj\u00e4nne \u2013 Puruluu koiralle 25 cm Frigera 1 kpl - MiuMjau","og_description":"friGERA naudan kaulalihasj\u00e4nteet \u2013 todellinen piilotettu aarre ja t\u00e4ydellinen herkku voimakkaalle purijallesi! Naudan kaulalihasj\u00e4nteemme ovat maukkaita, hienovaraisesti kuivattuja luonnollisia herkkuja, valmistettu vapaana kasvatettujen nautojen kaulalihaksista, joiden liha sopii my\u00f6s ihmisravinnoksi. N\u00e4it\u00e4 el\u00e4imi\u00e4 kasvatetaan ilman antibiootteja, steroideja tai hormoneja, joten t\u00e4m\u00e4 on yksi luonnollisimmista valinnoista! Matala rasvapitoisuus ja hajuttomuus tekev\u00e4t niist\u00e4 erityisen sopivia ylipainoon taipuville koirille tai sis\u00e4k\u00e4ytt\u00f6\u00f6n esimerkiksi kaupunkiymp\u00e4rist\u00f6ss\u00e4. Kova ja j\u00e4ntev\u00e4 rakenne, joka purtaessa muuttuu elastiseksi, auttaa v\u00e4hent\u00e4m\u00e4\u00e4n hammaskive\u00e4 ja plakkiutumaa sek\u00e4 vahvistaa pureskelulihaksia. J\u00e4nteet on sopivasti pilkottu pienille ja keskikokoisille koirille \u2013 todellinen monipuolinen herkku, joka pit\u00e4\u00e4 karvaisen yst\u00e4v\u00e4si pitk\u00e4\u00e4n aktiivisena! Naudan kaulalihasj\u00e4nteet \u2013 loistava tapa pit\u00e4\u00e4 koirasi onnellisena ja kiireisen\u00e4! Nettopaino: 50 gAinesosat: 100 % naudanliha Ravitsemusohje: Tarjoa herkkuna aterioiden v\u00e4lill\u00e4 tai palkintona osana tasapainoista ruokavaliota. Valvo koiraasi aina, kun se sy\u00f6 herkkua. Tarjoa aina riitt\u00e4v\u00e4sti raikasta juomavett\u00e4. Ei tarkoitettu ihmisravinnoksi. Analyyttinen koostumus: Proteiini: 90,51 %, Rasva: 5,23 %, Kosteus: 7,47 %","og_url":"https:\/\/miumjau.ee\/fi\/tuote\/naudan-kaulalihasjanne-puruluu-koiralle-25-cm-frigera-1-kpl\/","og_site_name":"MiuMjau","article_publisher":"https:\/\/www.facebook.com\/miumjaupood\/","article_modified_time":"2026-01-07T20:45:10+00:00","og_image":[{"width":600,"height":800,"url":"https:\/\/miumjau.ee\/wp-content\/uploads\/2025\/05\/veise-kaela-koolus-1tk.jpg","type":"image\/jpeg"}],"twitter_card":"summary_large_image","schema":{"@context":"https:\/\/schema.org","@graph":[{"@type":"WebPage","@id":"https:\/\/miumjau.ee\/fi\/tuote\/naudan-kaulalihasjanne-puruluu-koiralle-25-cm-frigera-1-kpl\/","url":"https:\/\/miumjau.ee\/fi\/tuote\/naudan-kaulalihasjanne-puruluu-koiralle-25-cm-frigera-1-kpl\/","name":"Naudan kaulalihasj\u00e4nne \u2013 Puruluu koiralle 25 cm Frigera 1 kpl - MiuMjau","isPartOf":{"@id":"https:\/\/miumjau.ee\/#website"},"primaryImageOfPage":{"@id":"https:\/\/miumjau.ee\/fi\/tuote\/naudan-kaulalihasjanne-puruluu-koiralle-25-cm-frigera-1-kpl\/#primaryimage"},"image":{"@id":"https:\/\/miumjau.ee\/fi\/tuote\/naudan-kaulalihasjanne-puruluu-koiralle-25-cm-frigera-1-kpl\/#primaryimage"},"thumbnailUrl":"https:\/\/miumjau.ee\/wp-content\/uploads\/2025\/05\/veise-kaela-koolus-1tk.jpg","datePublished":"2025-05-28T17:45:47+00:00","dateModified":"2026-01-07T20:45:10+00:00","breadcrumb":{"@id":"https:\/\/miumjau.ee\/fi\/tuote\/naudan-kaulalihasjanne-puruluu-koiralle-25-cm-frigera-1-kpl\/#breadcrumb"},"inLanguage":"fi","potentialAction":[{"@type":"ReadAction","target":["https:\/\/miumjau.ee\/fi\/tuote\/naudan-kaulalihasjanne-puruluu-koiralle-25-cm-frigera-1-kpl\/"]}]},{"@type":"ImageObject","inLanguage":"fi","@id":"https:\/\/miumjau.ee\/fi\/tuote\/naudan-kaulalihasjanne-puruluu-koiralle-25-cm-frigera-1-kpl\/#primaryimage","url":"https:\/\/miumjau.ee\/wp-content\/uploads\/2025\/05\/veise-kaela-koolus-1tk.jpg","contentUrl":"https:\/\/miumjau.ee\/wp-content\/uploads\/2025\/05\/veise-kaela-koolus-1tk.jpg","width":600,"height":800,"caption":"Veise kaela k\u00f5\u00f5lus - n\u00e4rimismaius koerale 1tk"},{"@type":"BreadcrumbList","@id":"https:\/\/miumjau.ee\/fi\/tuote\/naudan-kaulalihasjanne-puruluu-koiralle-25-cm-frigera-1-kpl\/#breadcrumb","itemListElement":[{"@type":"ListItem","position":1,"name":"Home","item":"https:\/\/miumjau.ee\/fi\/"},{"@type":"ListItem","position":2,"name":"Kauppa","item":"https:\/\/miumjau.ee\/fi\/kauppa\/"},{"@type":"ListItem","position":3,"name":"Naudan kaulalihasj\u00e4nne \u2013 Puruluu koiralle 25 cm Frigera 1 kpl"}]},{"@type":"WebSite","@id":"https:\/\/miumjau.ee\/#website","url":"https:\/\/miumjau.ee\/","name":"MiuMjau","description":"Kraapimispuud kassidele","publisher":{"@id":"https:\/\/miumjau.ee\/#organization"},"potentialAction":[{"@type":"SearchAction","target":{"@type":"EntryPoint","urlTemplate":"https:\/\/miumjau.ee\/?s={search_term_string}"},"query-input":{"@type":"PropertyValueSpecification","valueRequired":true,"valueName":"search_term_string"}}],"inLanguage":"fi"},{"@type":"Organization","@id":"https:\/\/miumjau.ee\/#organization","name":"MiuMjau O\u00dc","url":"https:\/\/miumjau.ee\/","logo":{"@type":"ImageObject","inLanguage":"fi","@id":"https:\/\/miumjau.ee\/#\/schema\/logo\/image\/","url":"https:\/\/miumjau.ee\/wp-content\/uploads\/2022\/04\/MiuMjau-logo-kollane.png","contentUrl":"https:\/\/miumjau.ee\/wp-content\/uploads\/2022\/04\/MiuMjau-logo-kollane.png","width":219,"height":100,"caption":"MiuMjau O\u00dc"},"image":{"@id":"https:\/\/miumjau.ee\/#\/schema\/logo\/image\/"},"sameAs":["https:\/\/www.facebook.com\/miumjaupood\/"]}]}},"_links":{"self":[{"href":"https:\/\/miumjau.ee\/fi\/wp-json\/wp\/v2\/product\/48079","targetHints":{"allow":["GET"]}}],"collection":[{"href":"https:\/\/miumjau.ee\/fi\/wp-json\/wp\/v2\/product"}],"about":[{"href":"https:\/\/miumjau.ee\/fi\/wp-json\/wp\/v2\/types\/product"}],"wp:featuredmedia":[{"embeddable":true,"href":"https:\/\/miumjau.ee\/fi\/wp-json\/wp\/v2\/media\/35771"}],"wp:attachment":[{"href":"https:\/\/miumjau.ee\/fi\/wp-json\/wp\/v2\/media?parent=48079"}],"wp:term":[{"taxonomy":"product_brand","embeddable":true,"href":"https:\/\/miumjau.ee\/fi\/wp-json\/wp\/v2\/product_brand?post=48079"},{"taxonomy":"product_cat","embeddable":true,"href":"https:\/\/miumjau.ee\/fi\/wp-json\/wp\/v2\/product_cat?post=48079"},{"taxonomy":"product_tag","embeddable":true,"href":"https:\/\/miumjau.ee\/fi\/wp-json\/wp\/v2\/product_tag?post=48079"}],"curies":[{"name":"wp","href":"https:\/\/api.w.org\/{rel}","templated":true}]}}