{"id":48063,"date":"2025-05-28T21:09:04","date_gmt":"2025-05-28T18:09:04","guid":{"rendered":"https:\/\/miumjau.ee\/toode\/purulelu-naudan-sorkka-taytettyna-kanalla-frigera-1-kpl\/"},"modified":"2026-01-07T22:45:10","modified_gmt":"2026-01-07T20:45:10","slug":"purulelu-naudan-sorkka-taytettyna-kanalla-frigera-1-kpl","status":"publish","type":"product","link":"https:\/\/miumjau.ee\/fi\/tuote\/purulelu-naudan-sorkka-taytettyna-kanalla-frigera-1-kpl\/","title":{"rendered":"Purulelu \u2013 naudan sorkka t\u00e4ytettyn\u00e4 kanalla Frigera 1 kpl"},"content":{"rendered":"","protected":false},"excerpt":{"rendered":"<p data-start=\"1473\" data-end=\"1670\">Miksi maksaa kalliista keinotekoisista puruleluista, kun luonto tarjoaa paremman ja terveellisemm\u00e4n vaihtoehdon? T\u00e4ytetyt sorkat tarjoavat kaksinkertaisen nautinnon herkullisen t\u00e4ytteen ansiosta!<\/p>\n<p data-start=\"1672\" data-end=\"1938\">Luota meihin \u2013 t\u00e4yte on suunniteltu erityisesti koirien makuaistia varten, joten karvainen yst\u00e4v\u00e4si varmasti nauttii siit\u00e4. T\u00e4ydellinen herkku nuorille koirille, joilla on voimakas puruntarve, tukien hampaiden terveytt\u00e4 ja auttaen pentuja hampaiden vaihdon aikana.<\/p>\n<p data-start=\"1940\" data-end=\"2180\">Sorkan luonnollinen osa on runsas keratiinia (proteiinin muoto) ja v\u00e4h\u00e4rasvainen, mik\u00e4 tukee lihasten terveytt\u00e4 ja kiilt\u00e4v\u00e4\u00e4 turkkia ilman ylim\u00e4\u00e4r\u00e4isi\u00e4 kaloreita. Lis\u00e4ksi sorkan haju on v\u00e4h\u00e4inen, mik\u00e4 tekee siit\u00e4 t\u00e4ydellisen sis\u00e4k\u00e4ytt\u00f6\u00f6n.<\/p>\n<p data-start=\"2182\" data-end=\"2379\">T\u00e4ytetyt sorkat ovat edullinen ja hauska tapa opettaa koiralle hyv\u00e4\u00e4 purutottumusta \u2013 kun t\u00e4yte on sy\u00f6ty, luonnollinen sorkka j\u00e4\u00e4 j\u00e4ljelle ylim\u00e4\u00e4r\u00e4isen\u00e4 palkintona leikin ja harjoittelun j\u00e4lkeen.<\/p>\n<p data-start=\"2381\" data-end=\"2505\">Nettopaino: 80 g<br data-start=\"2397\" data-end=\"2400\" \/>Ainesosat: Naudan sorkka, viljat, \u00f6ljyt ja rasvat, liha ja el\u00e4inper\u00e4iset ainesosat, \u00f6ljypohjainen aromi<\/p>\n<p data-start=\"2507\" data-end=\"2740\">Ruoanantovinkki: Anna v\u00e4lipalana tai palkintona aterioiden v\u00e4lill\u00e4 osana tasapainoista ruokavaliota. Valvo koiraa aina, kun se sy\u00f6 herkkua. Tarjoa aina raikasta vett\u00e4. Ei sovellu ihmisille eik\u00e4 alle 4 kuukauden ik\u00e4isille pennuille.<\/p>\n<p data-start=\"2742\" data-end=\"2809\">Analyyttinen koostumus: Proteiini 30 %, Rasva 10 %, Kosteus 7,5 %<\/p>\n","protected":false},"featured_media":35785,"template":"","meta":[],"product_brand":[],"product_cat":[480],"product_tag":[],"class_list":{"0":"post-48063","1":"product","2":"type-product","3":"status-publish","4":"has-post-thumbnail","6":"product_cat-herkut-koirille","8":"first","9":"instock","10":"taxable","11":"shipping-taxable","12":"purchasable","13":"product-type-simple"},"yoast_head":"<!-- This site is optimized with the Yoast SEO plugin v27.4 - https:\/\/yoast.com\/product\/yoast-seo-wordpress\/ -->\n<title>Purulelu \u2013 naudan sorkka t\u00e4ytettyn\u00e4 kanalla Frigera 1 kpl - MiuMjau<\/title>\n<meta name=\"robots\" content=\"index, follow, max-snippet:-1, max-image-preview:large, max-video-preview:-1\" \/>\n<link rel=\"canonical\" href=\"https:\/\/miumjau.ee\/fi\/tuote\/purulelu-naudan-sorkka-taytettyna-kanalla-frigera-1-kpl\/\" \/>\n<meta property=\"og:locale\" content=\"fi_FI\" \/>\n<meta property=\"og:type\" content=\"article\" \/>\n<meta property=\"og:title\" content=\"Purulelu \u2013 naudan sorkka t\u00e4ytettyn\u00e4 kanalla Frigera 1 kpl - MiuMjau\" \/>\n<meta property=\"og:description\" content=\"Miksi maksaa kalliista keinotekoisista puruleluista, kun luonto tarjoaa paremman ja terveellisemm\u00e4n vaihtoehdon? T\u00e4ytetyt sorkat tarjoavat kaksinkertaisen nautinnon herkullisen t\u00e4ytteen ansiosta! Luota meihin \u2013 t\u00e4yte on suunniteltu erityisesti koirien makuaistia varten, joten karvainen yst\u00e4v\u00e4si varmasti nauttii siit\u00e4. T\u00e4ydellinen herkku nuorille koirille, joilla on voimakas puruntarve, tukien hampaiden terveytt\u00e4 ja auttaen pentuja hampaiden vaihdon aikana. Sorkan luonnollinen osa on runsas keratiinia (proteiinin muoto) ja v\u00e4h\u00e4rasvainen, mik\u00e4 tukee lihasten terveytt\u00e4 ja kiilt\u00e4v\u00e4\u00e4 turkkia ilman ylim\u00e4\u00e4r\u00e4isi\u00e4 kaloreita. Lis\u00e4ksi sorkan haju on v\u00e4h\u00e4inen, mik\u00e4 tekee siit\u00e4 t\u00e4ydellisen sis\u00e4k\u00e4ytt\u00f6\u00f6n. T\u00e4ytetyt sorkat ovat edullinen ja hauska tapa opettaa koiralle hyv\u00e4\u00e4 purutottumusta \u2013 kun t\u00e4yte on sy\u00f6ty, luonnollinen sorkka j\u00e4\u00e4 j\u00e4ljelle ylim\u00e4\u00e4r\u00e4isen\u00e4 palkintona leikin ja harjoittelun j\u00e4lkeen. Nettopaino: 80 gAinesosat: Naudan sorkka, viljat, \u00f6ljyt ja rasvat, liha ja el\u00e4inper\u00e4iset ainesosat, \u00f6ljypohjainen aromi Ruoanantovinkki: Anna v\u00e4lipalana tai palkintona aterioiden v\u00e4lill\u00e4 osana tasapainoista ruokavaliota. Valvo koiraa aina, kun se sy\u00f6 herkkua. Tarjoa aina raikasta vett\u00e4. Ei sovellu ihmisille eik\u00e4 alle 4 kuukauden ik\u00e4isille pennuille. Analyyttinen koostumus: Proteiini 30 %, Rasva 10 %, Kosteus 7,5 %\" \/>\n<meta property=\"og:url\" content=\"https:\/\/miumjau.ee\/fi\/tuote\/purulelu-naudan-sorkka-taytettyna-kanalla-frigera-1-kpl\/\" \/>\n<meta property=\"og:site_name\" content=\"MiuMjau\" \/>\n<meta property=\"article:publisher\" content=\"https:\/\/www.facebook.com\/miumjaupood\/\" \/>\n<meta property=\"article:modified_time\" content=\"2026-01-07T20:45:10+00:00\" \/>\n<meta property=\"og:image\" content=\"https:\/\/miumjau.ee\/wp-content\/uploads\/2025\/05\/kanaga-taidetud-sorg-1tk.jpg\" \/>\n\t<meta property=\"og:image:width\" content=\"600\" \/>\n\t<meta property=\"og:image:height\" content=\"800\" \/>\n\t<meta property=\"og:image:type\" content=\"image\/jpeg\" \/>\n<meta name=\"twitter:card\" content=\"summary_large_image\" \/>\n<script type=\"application\/ld+json\" class=\"yoast-schema-graph\">{\"@context\":\"https:\\\/\\\/schema.org\",\"@graph\":[{\"@type\":\"WebPage\",\"@id\":\"https:\\\/\\\/miumjau.ee\\\/fi\\\/tuote\\\/purulelu-naudan-sorkka-taytettyna-kanalla-frigera-1-kpl\\\/\",\"url\":\"https:\\\/\\\/miumjau.ee\\\/fi\\\/tuote\\\/purulelu-naudan-sorkka-taytettyna-kanalla-frigera-1-kpl\\\/\",\"name\":\"Purulelu \u2013 naudan sorkka t\u00e4ytettyn\u00e4 kanalla Frigera 1 kpl - MiuMjau\",\"isPartOf\":{\"@id\":\"https:\\\/\\\/miumjau.ee\\\/#website\"},\"primaryImageOfPage\":{\"@id\":\"https:\\\/\\\/miumjau.ee\\\/fi\\\/tuote\\\/purulelu-naudan-sorkka-taytettyna-kanalla-frigera-1-kpl\\\/#primaryimage\"},\"image\":{\"@id\":\"https:\\\/\\\/miumjau.ee\\\/fi\\\/tuote\\\/purulelu-naudan-sorkka-taytettyna-kanalla-frigera-1-kpl\\\/#primaryimage\"},\"thumbnailUrl\":\"https:\\\/\\\/miumjau.ee\\\/wp-content\\\/uploads\\\/2025\\\/05\\\/kanaga-taidetud-sorg-1tk.jpg\",\"datePublished\":\"2025-05-28T18:09:04+00:00\",\"dateModified\":\"2026-01-07T20:45:10+00:00\",\"breadcrumb\":{\"@id\":\"https:\\\/\\\/miumjau.ee\\\/fi\\\/tuote\\\/purulelu-naudan-sorkka-taytettyna-kanalla-frigera-1-kpl\\\/#breadcrumb\"},\"inLanguage\":\"fi\",\"potentialAction\":[{\"@type\":\"ReadAction\",\"target\":[\"https:\\\/\\\/miumjau.ee\\\/fi\\\/tuote\\\/purulelu-naudan-sorkka-taytettyna-kanalla-frigera-1-kpl\\\/\"]}]},{\"@type\":\"ImageObject\",\"inLanguage\":\"fi\",\"@id\":\"https:\\\/\\\/miumjau.ee\\\/fi\\\/tuote\\\/purulelu-naudan-sorkka-taytettyna-kanalla-frigera-1-kpl\\\/#primaryimage\",\"url\":\"https:\\\/\\\/miumjau.ee\\\/wp-content\\\/uploads\\\/2025\\\/05\\\/kanaga-taidetud-sorg-1tk.jpg\",\"contentUrl\":\"https:\\\/\\\/miumjau.ee\\\/wp-content\\\/uploads\\\/2025\\\/05\\\/kanaga-taidetud-sorg-1tk.jpg\",\"width\":600,\"height\":800,\"caption\":\"N\u00e4rimismaius - kanaga t\u00e4idetud veise s\u00f5rg 1 tk\"},{\"@type\":\"BreadcrumbList\",\"@id\":\"https:\\\/\\\/miumjau.ee\\\/fi\\\/tuote\\\/purulelu-naudan-sorkka-taytettyna-kanalla-frigera-1-kpl\\\/#breadcrumb\",\"itemListElement\":[{\"@type\":\"ListItem\",\"position\":1,\"name\":\"Home\",\"item\":\"https:\\\/\\\/miumjau.ee\\\/fi\\\/\"},{\"@type\":\"ListItem\",\"position\":2,\"name\":\"Kauppa\",\"item\":\"https:\\\/\\\/miumjau.ee\\\/fi\\\/kauppa\\\/\"},{\"@type\":\"ListItem\",\"position\":3,\"name\":\"Purulelu \u2013 naudan sorkka t\u00e4ytettyn\u00e4 kanalla Frigera 1 kpl\"}]},{\"@type\":\"WebSite\",\"@id\":\"https:\\\/\\\/miumjau.ee\\\/#website\",\"url\":\"https:\\\/\\\/miumjau.ee\\\/\",\"name\":\"MiuMjau\",\"description\":\"Kraapimispuud kassidele\",\"publisher\":{\"@id\":\"https:\\\/\\\/miumjau.ee\\\/#organization\"},\"potentialAction\":[{\"@type\":\"SearchAction\",\"target\":{\"@type\":\"EntryPoint\",\"urlTemplate\":\"https:\\\/\\\/miumjau.ee\\\/?s={search_term_string}\"},\"query-input\":{\"@type\":\"PropertyValueSpecification\",\"valueRequired\":true,\"valueName\":\"search_term_string\"}}],\"inLanguage\":\"fi\"},{\"@type\":\"Organization\",\"@id\":\"https:\\\/\\\/miumjau.ee\\\/#organization\",\"name\":\"MiuMjau O\u00dc\",\"url\":\"https:\\\/\\\/miumjau.ee\\\/\",\"logo\":{\"@type\":\"ImageObject\",\"inLanguage\":\"fi\",\"@id\":\"https:\\\/\\\/miumjau.ee\\\/#\\\/schema\\\/logo\\\/image\\\/\",\"url\":\"https:\\\/\\\/miumjau.ee\\\/wp-content\\\/uploads\\\/2022\\\/04\\\/MiuMjau-logo-kollane.png\",\"contentUrl\":\"https:\\\/\\\/miumjau.ee\\\/wp-content\\\/uploads\\\/2022\\\/04\\\/MiuMjau-logo-kollane.png\",\"width\":219,\"height\":100,\"caption\":\"MiuMjau O\u00dc\"},\"image\":{\"@id\":\"https:\\\/\\\/miumjau.ee\\\/#\\\/schema\\\/logo\\\/image\\\/\"},\"sameAs\":[\"https:\\\/\\\/www.facebook.com\\\/miumjaupood\\\/\"]}]}<\/script>\n<!-- \/ Yoast SEO plugin. -->","yoast_head_json":{"title":"Purulelu \u2013 naudan sorkka t\u00e4ytettyn\u00e4 kanalla Frigera 1 kpl - MiuMjau","robots":{"index":"index","follow":"follow","max-snippet":"max-snippet:-1","max-image-preview":"max-image-preview:large","max-video-preview":"max-video-preview:-1"},"canonical":"https:\/\/miumjau.ee\/fi\/tuote\/purulelu-naudan-sorkka-taytettyna-kanalla-frigera-1-kpl\/","og_locale":"fi_FI","og_type":"article","og_title":"Purulelu \u2013 naudan sorkka t\u00e4ytettyn\u00e4 kanalla Frigera 1 kpl - MiuMjau","og_description":"Miksi maksaa kalliista keinotekoisista puruleluista, kun luonto tarjoaa paremman ja terveellisemm\u00e4n vaihtoehdon? T\u00e4ytetyt sorkat tarjoavat kaksinkertaisen nautinnon herkullisen t\u00e4ytteen ansiosta! Luota meihin \u2013 t\u00e4yte on suunniteltu erityisesti koirien makuaistia varten, joten karvainen yst\u00e4v\u00e4si varmasti nauttii siit\u00e4. T\u00e4ydellinen herkku nuorille koirille, joilla on voimakas puruntarve, tukien hampaiden terveytt\u00e4 ja auttaen pentuja hampaiden vaihdon aikana. Sorkan luonnollinen osa on runsas keratiinia (proteiinin muoto) ja v\u00e4h\u00e4rasvainen, mik\u00e4 tukee lihasten terveytt\u00e4 ja kiilt\u00e4v\u00e4\u00e4 turkkia ilman ylim\u00e4\u00e4r\u00e4isi\u00e4 kaloreita. Lis\u00e4ksi sorkan haju on v\u00e4h\u00e4inen, mik\u00e4 tekee siit\u00e4 t\u00e4ydellisen sis\u00e4k\u00e4ytt\u00f6\u00f6n. T\u00e4ytetyt sorkat ovat edullinen ja hauska tapa opettaa koiralle hyv\u00e4\u00e4 purutottumusta \u2013 kun t\u00e4yte on sy\u00f6ty, luonnollinen sorkka j\u00e4\u00e4 j\u00e4ljelle ylim\u00e4\u00e4r\u00e4isen\u00e4 palkintona leikin ja harjoittelun j\u00e4lkeen. Nettopaino: 80 gAinesosat: Naudan sorkka, viljat, \u00f6ljyt ja rasvat, liha ja el\u00e4inper\u00e4iset ainesosat, \u00f6ljypohjainen aromi Ruoanantovinkki: Anna v\u00e4lipalana tai palkintona aterioiden v\u00e4lill\u00e4 osana tasapainoista ruokavaliota. Valvo koiraa aina, kun se sy\u00f6 herkkua. Tarjoa aina raikasta vett\u00e4. Ei sovellu ihmisille eik\u00e4 alle 4 kuukauden ik\u00e4isille pennuille. Analyyttinen koostumus: Proteiini 30 %, Rasva 10 %, Kosteus 7,5 %","og_url":"https:\/\/miumjau.ee\/fi\/tuote\/purulelu-naudan-sorkka-taytettyna-kanalla-frigera-1-kpl\/","og_site_name":"MiuMjau","article_publisher":"https:\/\/www.facebook.com\/miumjaupood\/","article_modified_time":"2026-01-07T20:45:10+00:00","og_image":[{"width":600,"height":800,"url":"https:\/\/miumjau.ee\/wp-content\/uploads\/2025\/05\/kanaga-taidetud-sorg-1tk.jpg","type":"image\/jpeg"}],"twitter_card":"summary_large_image","schema":{"@context":"https:\/\/schema.org","@graph":[{"@type":"WebPage","@id":"https:\/\/miumjau.ee\/fi\/tuote\/purulelu-naudan-sorkka-taytettyna-kanalla-frigera-1-kpl\/","url":"https:\/\/miumjau.ee\/fi\/tuote\/purulelu-naudan-sorkka-taytettyna-kanalla-frigera-1-kpl\/","name":"Purulelu \u2013 naudan sorkka t\u00e4ytettyn\u00e4 kanalla Frigera 1 kpl - MiuMjau","isPartOf":{"@id":"https:\/\/miumjau.ee\/#website"},"primaryImageOfPage":{"@id":"https:\/\/miumjau.ee\/fi\/tuote\/purulelu-naudan-sorkka-taytettyna-kanalla-frigera-1-kpl\/#primaryimage"},"image":{"@id":"https:\/\/miumjau.ee\/fi\/tuote\/purulelu-naudan-sorkka-taytettyna-kanalla-frigera-1-kpl\/#primaryimage"},"thumbnailUrl":"https:\/\/miumjau.ee\/wp-content\/uploads\/2025\/05\/kanaga-taidetud-sorg-1tk.jpg","datePublished":"2025-05-28T18:09:04+00:00","dateModified":"2026-01-07T20:45:10+00:00","breadcrumb":{"@id":"https:\/\/miumjau.ee\/fi\/tuote\/purulelu-naudan-sorkka-taytettyna-kanalla-frigera-1-kpl\/#breadcrumb"},"inLanguage":"fi","potentialAction":[{"@type":"ReadAction","target":["https:\/\/miumjau.ee\/fi\/tuote\/purulelu-naudan-sorkka-taytettyna-kanalla-frigera-1-kpl\/"]}]},{"@type":"ImageObject","inLanguage":"fi","@id":"https:\/\/miumjau.ee\/fi\/tuote\/purulelu-naudan-sorkka-taytettyna-kanalla-frigera-1-kpl\/#primaryimage","url":"https:\/\/miumjau.ee\/wp-content\/uploads\/2025\/05\/kanaga-taidetud-sorg-1tk.jpg","contentUrl":"https:\/\/miumjau.ee\/wp-content\/uploads\/2025\/05\/kanaga-taidetud-sorg-1tk.jpg","width":600,"height":800,"caption":"N\u00e4rimismaius - kanaga t\u00e4idetud veise s\u00f5rg 1 tk"},{"@type":"BreadcrumbList","@id":"https:\/\/miumjau.ee\/fi\/tuote\/purulelu-naudan-sorkka-taytettyna-kanalla-frigera-1-kpl\/#breadcrumb","itemListElement":[{"@type":"ListItem","position":1,"name":"Home","item":"https:\/\/miumjau.ee\/fi\/"},{"@type":"ListItem","position":2,"name":"Kauppa","item":"https:\/\/miumjau.ee\/fi\/kauppa\/"},{"@type":"ListItem","position":3,"name":"Purulelu \u2013 naudan sorkka t\u00e4ytettyn\u00e4 kanalla Frigera 1 kpl"}]},{"@type":"WebSite","@id":"https:\/\/miumjau.ee\/#website","url":"https:\/\/miumjau.ee\/","name":"MiuMjau","description":"Kraapimispuud kassidele","publisher":{"@id":"https:\/\/miumjau.ee\/#organization"},"potentialAction":[{"@type":"SearchAction","target":{"@type":"EntryPoint","urlTemplate":"https:\/\/miumjau.ee\/?s={search_term_string}"},"query-input":{"@type":"PropertyValueSpecification","valueRequired":true,"valueName":"search_term_string"}}],"inLanguage":"fi"},{"@type":"Organization","@id":"https:\/\/miumjau.ee\/#organization","name":"MiuMjau O\u00dc","url":"https:\/\/miumjau.ee\/","logo":{"@type":"ImageObject","inLanguage":"fi","@id":"https:\/\/miumjau.ee\/#\/schema\/logo\/image\/","url":"https:\/\/miumjau.ee\/wp-content\/uploads\/2022\/04\/MiuMjau-logo-kollane.png","contentUrl":"https:\/\/miumjau.ee\/wp-content\/uploads\/2022\/04\/MiuMjau-logo-kollane.png","width":219,"height":100,"caption":"MiuMjau O\u00dc"},"image":{"@id":"https:\/\/miumjau.ee\/#\/schema\/logo\/image\/"},"sameAs":["https:\/\/www.facebook.com\/miumjaupood\/"]}]}},"_links":{"self":[{"href":"https:\/\/miumjau.ee\/fi\/wp-json\/wp\/v2\/product\/48063","targetHints":{"allow":["GET"]}}],"collection":[{"href":"https:\/\/miumjau.ee\/fi\/wp-json\/wp\/v2\/product"}],"about":[{"href":"https:\/\/miumjau.ee\/fi\/wp-json\/wp\/v2\/types\/product"}],"wp:featuredmedia":[{"embeddable":true,"href":"https:\/\/miumjau.ee\/fi\/wp-json\/wp\/v2\/media\/35785"}],"wp:attachment":[{"href":"https:\/\/miumjau.ee\/fi\/wp-json\/wp\/v2\/media?parent=48063"}],"wp:term":[{"taxonomy":"product_brand","embeddable":true,"href":"https:\/\/miumjau.ee\/fi\/wp-json\/wp\/v2\/product_brand?post=48063"},{"taxonomy":"product_cat","embeddable":true,"href":"https:\/\/miumjau.ee\/fi\/wp-json\/wp\/v2\/product_cat?post=48063"},{"taxonomy":"product_tag","embeddable":true,"href":"https:\/\/miumjau.ee\/fi\/wp-json\/wp\/v2\/product_tag?post=48063"}],"curies":[{"name":"wp","href":"https:\/\/api.w.org\/{rel}","templated":true}]}}