{"id":48056,"date":"2025-05-29T09:10:46","date_gmt":"2025-05-29T06:10:46","guid":{"rendered":"https:\/\/miumjau.ee\/toode\/proteiinipitoinen-koiranherkku-kana-ja-kalasuikaleet-frigera-500-g\/"},"modified":"2026-01-07T22:45:10","modified_gmt":"2026-01-07T20:45:10","slug":"proteiinipitoinen-koiranherkku-kana-ja-kalasuikaleet-frigera-500-g","status":"publish","type":"product","link":"https:\/\/miumjau.ee\/fi\/tuote\/proteiinipitoinen-koiranherkku-kana-ja-kalasuikaleet-frigera-500-g\/","title":{"rendered":"Proteiinipitoinen koiranherkku, kana- ja kalasuikaleet Frigera 500 g"},"content":{"rendered":"","protected":false},"excerpt":{"rendered":"<p data-start=\"1542\" data-end=\"1749\">Oletko koskaan n\u00e4hnyt koirasi silmien s\u00e4ihkyv\u00e4n ilosta herkun n\u00e4hdess\u00e4\u00e4n? Me kutsumme sit\u00e4 friGERA-efektiksi! Esittelemme friGERA kana- ja kalasuikaleet \u2013 todellinen makuel\u00e4mys nelijalkaiselle yst\u00e4v\u00e4llesi!<\/p>\n<p data-start=\"1751\" data-end=\"2124\">Huolellisesti valmistetut herkut yhdist\u00e4v\u00e4t parhaan villikalasta saadun fileen ja laadukkaan kanan, luoden vastustamattoman maun, jota koirasi varmasti rakastaa. N\u00e4m\u00e4 herkut ovat paitsi maukkaita, my\u00f6s proteiinipitoisia, tukien lihasten kehityst\u00e4 ja yleist\u00e4 terveytt\u00e4. K\u00e4tev\u00e4sti annosteltu ja uudelleen suljettavaan pakkaukseen pakattu, sopii sek\u00e4 treeniin ett\u00e4 herkuksi.<\/p>\n<p data-start=\"2126\" data-end=\"2463\">friGERA kana- ja kalasuikaleet saavat varmasti jokaisen koiran h\u00e4nn\u00e4n heilumaan ilosta. Ilman keinotekoisia lis\u00e4aineita ja s\u00e4il\u00f6nt\u00e4aineita voit olla varma, ett\u00e4 tarjoat lemmikillesi jotain terveellist\u00e4 ja herkullista. Anna koirallesi parasta \u2013 friGERA kana- ja kalasuikaleet, koska jokainen yhteinen hetki ansaitsee maukkaan palkinnon!<\/p>\n<p data-start=\"2465\" data-end=\"2559\">Ainesosat: Kana 78,5 %, Kala 15 %, Sokeri, Glyseriini, Modifioitu maissit\u00e4rkkelys, Sorbitoli<\/p>\n<p data-start=\"2561\" data-end=\"2744\">K\u00e4ytt\u00f6ohje: Anna v\u00e4lipalana tai palkintona aterioiden v\u00e4lill\u00e4 osana tasapainoista ruokavaliota. Valvo koiraa aina herkkua nauttiessa. Tarjoa aina raikasta vett\u00e4. Ei ihmisravinnoksi.<\/p>\n<p data-start=\"2746\" data-end=\"2838\">Analyyttinen koostumus: Proteiini 35 %, Rasva 1 %, Tuhka 4 %, Raakakuitu 2 %, Kosteus 25 %<\/p>\n","protected":false},"featured_media":40869,"template":"","meta":[],"product_brand":[],"product_cat":[480,139],"product_tag":[],"class_list":{"0":"post-48056","1":"product","2":"type-product","3":"status-publish","4":"has-post-thumbnail","6":"product_cat-herkut-koirille","7":"product_cat-kaup24-fi","9":"first","10":"instock","11":"sale","12":"taxable","13":"shipping-taxable","14":"purchasable","15":"product-type-simple"},"yoast_head":"<!-- This site is optimized with the Yoast SEO plugin v27.4 - https:\/\/yoast.com\/product\/yoast-seo-wordpress\/ -->\n<title>Proteiinipitoinen koiranherkku, kana- ja kalasuikaleet Frigera 500 g - MiuMjau<\/title>\n<meta name=\"robots\" content=\"index, follow, max-snippet:-1, max-image-preview:large, max-video-preview:-1\" \/>\n<link rel=\"canonical\" href=\"https:\/\/miumjau.ee\/fi\/tuote\/proteiinipitoinen-koiranherkku-kana-ja-kalasuikaleet-frigera-500-g\/\" \/>\n<meta property=\"og:locale\" content=\"fi_FI\" \/>\n<meta property=\"og:type\" content=\"article\" \/>\n<meta property=\"og:title\" content=\"Proteiinipitoinen koiranherkku, kana- ja kalasuikaleet Frigera 500 g - MiuMjau\" \/>\n<meta property=\"og:description\" content=\"Oletko koskaan n\u00e4hnyt koirasi silmien s\u00e4ihkyv\u00e4n ilosta herkun n\u00e4hdess\u00e4\u00e4n? Me kutsumme sit\u00e4 friGERA-efektiksi! Esittelemme friGERA kana- ja kalasuikaleet \u2013 todellinen makuel\u00e4mys nelijalkaiselle yst\u00e4v\u00e4llesi! Huolellisesti valmistetut herkut yhdist\u00e4v\u00e4t parhaan villikalasta saadun fileen ja laadukkaan kanan, luoden vastustamattoman maun, jota koirasi varmasti rakastaa. N\u00e4m\u00e4 herkut ovat paitsi maukkaita, my\u00f6s proteiinipitoisia, tukien lihasten kehityst\u00e4 ja yleist\u00e4 terveytt\u00e4. K\u00e4tev\u00e4sti annosteltu ja uudelleen suljettavaan pakkaukseen pakattu, sopii sek\u00e4 treeniin ett\u00e4 herkuksi. friGERA kana- ja kalasuikaleet saavat varmasti jokaisen koiran h\u00e4nn\u00e4n heilumaan ilosta. Ilman keinotekoisia lis\u00e4aineita ja s\u00e4il\u00f6nt\u00e4aineita voit olla varma, ett\u00e4 tarjoat lemmikillesi jotain terveellist\u00e4 ja herkullista. Anna koirallesi parasta \u2013 friGERA kana- ja kalasuikaleet, koska jokainen yhteinen hetki ansaitsee maukkaan palkinnon! Ainesosat: Kana 78,5 %, Kala 15 %, Sokeri, Glyseriini, Modifioitu maissit\u00e4rkkelys, Sorbitoli K\u00e4ytt\u00f6ohje: Anna v\u00e4lipalana tai palkintona aterioiden v\u00e4lill\u00e4 osana tasapainoista ruokavaliota. Valvo koiraa aina herkkua nauttiessa. Tarjoa aina raikasta vett\u00e4. Ei ihmisravinnoksi. Analyyttinen koostumus: Proteiini 35 %, Rasva 1 %, Tuhka 4 %, Raakakuitu 2 %, Kosteus 25 %\" \/>\n<meta property=\"og:url\" content=\"https:\/\/miumjau.ee\/fi\/tuote\/proteiinipitoinen-koiranherkku-kana-ja-kalasuikaleet-frigera-500-g\/\" \/>\n<meta property=\"og:site_name\" content=\"MiuMjau\" \/>\n<meta property=\"article:publisher\" content=\"https:\/\/www.facebook.com\/miumjaupood\/\" \/>\n<meta property=\"article:modified_time\" content=\"2026-01-07T20:45:10+00:00\" \/>\n<meta property=\"og:image\" content=\"https:\/\/miumjau.ee\/wp-content\/uploads\/2025\/05\/frigera-koerte-maius-kana-ja-kala-ribad-Photoroom.jpg\" \/>\n\t<meta property=\"og:image:width\" content=\"600\" \/>\n\t<meta property=\"og:image:height\" content=\"800\" \/>\n\t<meta property=\"og:image:type\" content=\"image\/jpeg\" \/>\n<meta name=\"twitter:card\" content=\"summary_large_image\" \/>\n<script type=\"application\/ld+json\" class=\"yoast-schema-graph\">{\"@context\":\"https:\\\/\\\/schema.org\",\"@graph\":[{\"@type\":\"WebPage\",\"@id\":\"https:\\\/\\\/miumjau.ee\\\/fi\\\/tuote\\\/proteiinipitoinen-koiranherkku-kana-ja-kalasuikaleet-frigera-500-g\\\/\",\"url\":\"https:\\\/\\\/miumjau.ee\\\/fi\\\/tuote\\\/proteiinipitoinen-koiranherkku-kana-ja-kalasuikaleet-frigera-500-g\\\/\",\"name\":\"Proteiinipitoinen koiranherkku, kana- ja kalasuikaleet Frigera 500 g - MiuMjau\",\"isPartOf\":{\"@id\":\"https:\\\/\\\/miumjau.ee\\\/#website\"},\"primaryImageOfPage\":{\"@id\":\"https:\\\/\\\/miumjau.ee\\\/fi\\\/tuote\\\/proteiinipitoinen-koiranherkku-kana-ja-kalasuikaleet-frigera-500-g\\\/#primaryimage\"},\"image\":{\"@id\":\"https:\\\/\\\/miumjau.ee\\\/fi\\\/tuote\\\/proteiinipitoinen-koiranherkku-kana-ja-kalasuikaleet-frigera-500-g\\\/#primaryimage\"},\"thumbnailUrl\":\"https:\\\/\\\/miumjau.ee\\\/wp-content\\\/uploads\\\/2025\\\/05\\\/frigera-koerte-maius-kana-ja-kala-ribad-Photoroom.jpg\",\"datePublished\":\"2025-05-29T06:10:46+00:00\",\"dateModified\":\"2026-01-07T20:45:10+00:00\",\"breadcrumb\":{\"@id\":\"https:\\\/\\\/miumjau.ee\\\/fi\\\/tuote\\\/proteiinipitoinen-koiranherkku-kana-ja-kalasuikaleet-frigera-500-g\\\/#breadcrumb\"},\"inLanguage\":\"fi\",\"potentialAction\":[{\"@type\":\"ReadAction\",\"target\":[\"https:\\\/\\\/miumjau.ee\\\/fi\\\/tuote\\\/proteiinipitoinen-koiranherkku-kana-ja-kalasuikaleet-frigera-500-g\\\/\"]}]},{\"@type\":\"ImageObject\",\"inLanguage\":\"fi\",\"@id\":\"https:\\\/\\\/miumjau.ee\\\/fi\\\/tuote\\\/proteiinipitoinen-koiranherkku-kana-ja-kalasuikaleet-frigera-500-g\\\/#primaryimage\",\"url\":\"https:\\\/\\\/miumjau.ee\\\/wp-content\\\/uploads\\\/2025\\\/05\\\/frigera-koerte-maius-kana-ja-kala-ribad-Photoroom.jpg\",\"contentUrl\":\"https:\\\/\\\/miumjau.ee\\\/wp-content\\\/uploads\\\/2025\\\/05\\\/frigera-koerte-maius-kana-ja-kala-ribad-Photoroom.jpg\",\"width\":600,\"height\":800,\"caption\":\"Liharohke koeramaius, kana- ja kalaribad Frigera 500g\"},{\"@type\":\"BreadcrumbList\",\"@id\":\"https:\\\/\\\/miumjau.ee\\\/fi\\\/tuote\\\/proteiinipitoinen-koiranherkku-kana-ja-kalasuikaleet-frigera-500-g\\\/#breadcrumb\",\"itemListElement\":[{\"@type\":\"ListItem\",\"position\":1,\"name\":\"Home\",\"item\":\"https:\\\/\\\/miumjau.ee\\\/fi\\\/\"},{\"@type\":\"ListItem\",\"position\":2,\"name\":\"Kauppa\",\"item\":\"https:\\\/\\\/miumjau.ee\\\/fi\\\/kauppa\\\/\"},{\"@type\":\"ListItem\",\"position\":3,\"name\":\"Proteiinipitoinen koiranherkku, kana- ja kalasuikaleet Frigera 500 g\"}]},{\"@type\":\"WebSite\",\"@id\":\"https:\\\/\\\/miumjau.ee\\\/#website\",\"url\":\"https:\\\/\\\/miumjau.ee\\\/\",\"name\":\"MiuMjau\",\"description\":\"Kraapimispuud kassidele\",\"publisher\":{\"@id\":\"https:\\\/\\\/miumjau.ee\\\/#organization\"},\"potentialAction\":[{\"@type\":\"SearchAction\",\"target\":{\"@type\":\"EntryPoint\",\"urlTemplate\":\"https:\\\/\\\/miumjau.ee\\\/?s={search_term_string}\"},\"query-input\":{\"@type\":\"PropertyValueSpecification\",\"valueRequired\":true,\"valueName\":\"search_term_string\"}}],\"inLanguage\":\"fi\"},{\"@type\":\"Organization\",\"@id\":\"https:\\\/\\\/miumjau.ee\\\/#organization\",\"name\":\"MiuMjau O\u00dc\",\"url\":\"https:\\\/\\\/miumjau.ee\\\/\",\"logo\":{\"@type\":\"ImageObject\",\"inLanguage\":\"fi\",\"@id\":\"https:\\\/\\\/miumjau.ee\\\/#\\\/schema\\\/logo\\\/image\\\/\",\"url\":\"https:\\\/\\\/miumjau.ee\\\/wp-content\\\/uploads\\\/2022\\\/04\\\/MiuMjau-logo-kollane.png\",\"contentUrl\":\"https:\\\/\\\/miumjau.ee\\\/wp-content\\\/uploads\\\/2022\\\/04\\\/MiuMjau-logo-kollane.png\",\"width\":219,\"height\":100,\"caption\":\"MiuMjau O\u00dc\"},\"image\":{\"@id\":\"https:\\\/\\\/miumjau.ee\\\/#\\\/schema\\\/logo\\\/image\\\/\"},\"sameAs\":[\"https:\\\/\\\/www.facebook.com\\\/miumjaupood\\\/\"]}]}<\/script>\n<!-- \/ Yoast SEO plugin. -->","yoast_head_json":{"title":"Proteiinipitoinen koiranherkku, kana- ja kalasuikaleet Frigera 500 g - MiuMjau","robots":{"index":"index","follow":"follow","max-snippet":"max-snippet:-1","max-image-preview":"max-image-preview:large","max-video-preview":"max-video-preview:-1"},"canonical":"https:\/\/miumjau.ee\/fi\/tuote\/proteiinipitoinen-koiranherkku-kana-ja-kalasuikaleet-frigera-500-g\/","og_locale":"fi_FI","og_type":"article","og_title":"Proteiinipitoinen koiranherkku, kana- ja kalasuikaleet Frigera 500 g - MiuMjau","og_description":"Oletko koskaan n\u00e4hnyt koirasi silmien s\u00e4ihkyv\u00e4n ilosta herkun n\u00e4hdess\u00e4\u00e4n? Me kutsumme sit\u00e4 friGERA-efektiksi! Esittelemme friGERA kana- ja kalasuikaleet \u2013 todellinen makuel\u00e4mys nelijalkaiselle yst\u00e4v\u00e4llesi! Huolellisesti valmistetut herkut yhdist\u00e4v\u00e4t parhaan villikalasta saadun fileen ja laadukkaan kanan, luoden vastustamattoman maun, jota koirasi varmasti rakastaa. N\u00e4m\u00e4 herkut ovat paitsi maukkaita, my\u00f6s proteiinipitoisia, tukien lihasten kehityst\u00e4 ja yleist\u00e4 terveytt\u00e4. K\u00e4tev\u00e4sti annosteltu ja uudelleen suljettavaan pakkaukseen pakattu, sopii sek\u00e4 treeniin ett\u00e4 herkuksi. friGERA kana- ja kalasuikaleet saavat varmasti jokaisen koiran h\u00e4nn\u00e4n heilumaan ilosta. Ilman keinotekoisia lis\u00e4aineita ja s\u00e4il\u00f6nt\u00e4aineita voit olla varma, ett\u00e4 tarjoat lemmikillesi jotain terveellist\u00e4 ja herkullista. Anna koirallesi parasta \u2013 friGERA kana- ja kalasuikaleet, koska jokainen yhteinen hetki ansaitsee maukkaan palkinnon! Ainesosat: Kana 78,5 %, Kala 15 %, Sokeri, Glyseriini, Modifioitu maissit\u00e4rkkelys, Sorbitoli K\u00e4ytt\u00f6ohje: Anna v\u00e4lipalana tai palkintona aterioiden v\u00e4lill\u00e4 osana tasapainoista ruokavaliota. Valvo koiraa aina herkkua nauttiessa. Tarjoa aina raikasta vett\u00e4. Ei ihmisravinnoksi. Analyyttinen koostumus: Proteiini 35 %, Rasva 1 %, Tuhka 4 %, Raakakuitu 2 %, Kosteus 25 %","og_url":"https:\/\/miumjau.ee\/fi\/tuote\/proteiinipitoinen-koiranherkku-kana-ja-kalasuikaleet-frigera-500-g\/","og_site_name":"MiuMjau","article_publisher":"https:\/\/www.facebook.com\/miumjaupood\/","article_modified_time":"2026-01-07T20:45:10+00:00","og_image":[{"width":600,"height":800,"url":"https:\/\/miumjau.ee\/wp-content\/uploads\/2025\/05\/frigera-koerte-maius-kana-ja-kala-ribad-Photoroom.jpg","type":"image\/jpeg"}],"twitter_card":"summary_large_image","schema":{"@context":"https:\/\/schema.org","@graph":[{"@type":"WebPage","@id":"https:\/\/miumjau.ee\/fi\/tuote\/proteiinipitoinen-koiranherkku-kana-ja-kalasuikaleet-frigera-500-g\/","url":"https:\/\/miumjau.ee\/fi\/tuote\/proteiinipitoinen-koiranherkku-kana-ja-kalasuikaleet-frigera-500-g\/","name":"Proteiinipitoinen koiranherkku, kana- ja kalasuikaleet Frigera 500 g - MiuMjau","isPartOf":{"@id":"https:\/\/miumjau.ee\/#website"},"primaryImageOfPage":{"@id":"https:\/\/miumjau.ee\/fi\/tuote\/proteiinipitoinen-koiranherkku-kana-ja-kalasuikaleet-frigera-500-g\/#primaryimage"},"image":{"@id":"https:\/\/miumjau.ee\/fi\/tuote\/proteiinipitoinen-koiranherkku-kana-ja-kalasuikaleet-frigera-500-g\/#primaryimage"},"thumbnailUrl":"https:\/\/miumjau.ee\/wp-content\/uploads\/2025\/05\/frigera-koerte-maius-kana-ja-kala-ribad-Photoroom.jpg","datePublished":"2025-05-29T06:10:46+00:00","dateModified":"2026-01-07T20:45:10+00:00","breadcrumb":{"@id":"https:\/\/miumjau.ee\/fi\/tuote\/proteiinipitoinen-koiranherkku-kana-ja-kalasuikaleet-frigera-500-g\/#breadcrumb"},"inLanguage":"fi","potentialAction":[{"@type":"ReadAction","target":["https:\/\/miumjau.ee\/fi\/tuote\/proteiinipitoinen-koiranherkku-kana-ja-kalasuikaleet-frigera-500-g\/"]}]},{"@type":"ImageObject","inLanguage":"fi","@id":"https:\/\/miumjau.ee\/fi\/tuote\/proteiinipitoinen-koiranherkku-kana-ja-kalasuikaleet-frigera-500-g\/#primaryimage","url":"https:\/\/miumjau.ee\/wp-content\/uploads\/2025\/05\/frigera-koerte-maius-kana-ja-kala-ribad-Photoroom.jpg","contentUrl":"https:\/\/miumjau.ee\/wp-content\/uploads\/2025\/05\/frigera-koerte-maius-kana-ja-kala-ribad-Photoroom.jpg","width":600,"height":800,"caption":"Liharohke koeramaius, kana- ja kalaribad Frigera 500g"},{"@type":"BreadcrumbList","@id":"https:\/\/miumjau.ee\/fi\/tuote\/proteiinipitoinen-koiranherkku-kana-ja-kalasuikaleet-frigera-500-g\/#breadcrumb","itemListElement":[{"@type":"ListItem","position":1,"name":"Home","item":"https:\/\/miumjau.ee\/fi\/"},{"@type":"ListItem","position":2,"name":"Kauppa","item":"https:\/\/miumjau.ee\/fi\/kauppa\/"},{"@type":"ListItem","position":3,"name":"Proteiinipitoinen koiranherkku, kana- ja kalasuikaleet Frigera 500 g"}]},{"@type":"WebSite","@id":"https:\/\/miumjau.ee\/#website","url":"https:\/\/miumjau.ee\/","name":"MiuMjau","description":"Kraapimispuud kassidele","publisher":{"@id":"https:\/\/miumjau.ee\/#organization"},"potentialAction":[{"@type":"SearchAction","target":{"@type":"EntryPoint","urlTemplate":"https:\/\/miumjau.ee\/?s={search_term_string}"},"query-input":{"@type":"PropertyValueSpecification","valueRequired":true,"valueName":"search_term_string"}}],"inLanguage":"fi"},{"@type":"Organization","@id":"https:\/\/miumjau.ee\/#organization","name":"MiuMjau O\u00dc","url":"https:\/\/miumjau.ee\/","logo":{"@type":"ImageObject","inLanguage":"fi","@id":"https:\/\/miumjau.ee\/#\/schema\/logo\/image\/","url":"https:\/\/miumjau.ee\/wp-content\/uploads\/2022\/04\/MiuMjau-logo-kollane.png","contentUrl":"https:\/\/miumjau.ee\/wp-content\/uploads\/2022\/04\/MiuMjau-logo-kollane.png","width":219,"height":100,"caption":"MiuMjau O\u00dc"},"image":{"@id":"https:\/\/miumjau.ee\/#\/schema\/logo\/image\/"},"sameAs":["https:\/\/www.facebook.com\/miumjaupood\/"]}]}},"_links":{"self":[{"href":"https:\/\/miumjau.ee\/fi\/wp-json\/wp\/v2\/product\/48056","targetHints":{"allow":["GET"]}}],"collection":[{"href":"https:\/\/miumjau.ee\/fi\/wp-json\/wp\/v2\/product"}],"about":[{"href":"https:\/\/miumjau.ee\/fi\/wp-json\/wp\/v2\/types\/product"}],"wp:featuredmedia":[{"embeddable":true,"href":"https:\/\/miumjau.ee\/fi\/wp-json\/wp\/v2\/media\/40869"}],"wp:attachment":[{"href":"https:\/\/miumjau.ee\/fi\/wp-json\/wp\/v2\/media?parent=48056"}],"wp:term":[{"taxonomy":"product_brand","embeddable":true,"href":"https:\/\/miumjau.ee\/fi\/wp-json\/wp\/v2\/product_brand?post=48056"},{"taxonomy":"product_cat","embeddable":true,"href":"https:\/\/miumjau.ee\/fi\/wp-json\/wp\/v2\/product_cat?post=48056"},{"taxonomy":"product_tag","embeddable":true,"href":"https:\/\/miumjau.ee\/fi\/wp-json\/wp\/v2\/product_tag?post=48056"}],"curies":[{"name":"wp","href":"https:\/\/api.w.org\/{rel}","templated":true}]}}