{"id":48052,"date":"2025-05-29T09:18:37","date_gmt":"2025-05-29T06:18:37","guid":{"rendered":"https:\/\/miumjau.ee\/toode\/luonnolliset-ankanfileenauhat-frigera-100-g-2\/"},"modified":"2026-01-07T22:45:10","modified_gmt":"2026-01-07T20:45:10","slug":"luonnolliset-ankanfileenauhat-frigera-100-g-2","status":"publish","type":"product","link":"https:\/\/miumjau.ee\/fi\/tuote\/luonnolliset-ankanfileenauhat-frigera-100-g-2\/","title":{"rendered":"Luonnolliset ankanfileenauhat Frigera 100 g"},"content":{"rendered":"","protected":false},"excerpt":{"rendered":"<p data-start=\"1265\" data-end=\"1435\">Oletko valmis tekem\u00e4\u00e4n koirasi herkutteluhetkist\u00e4 p\u00e4iv\u00e4n kohokohdan? Esittelemme friGERA ankanfileenauhat \u2013 jokainen puraisu on maukas seikkailu rakkaalle lemmikillesi!<\/p>\n<p data-start=\"1437\" data-end=\"1857\">Valmistettu huolella valitusta vapaan kasvatuksen ankasta, jokainen viipale s\u00e4ilytt\u00e4\u00e4 luonnollisen makunsa ja ravintoarvonsa. N\u00e4m\u00e4 herkulliset fileet eiv\u00e4t ole vain maukkaita, vaan my\u00f6s proteiinipitoisia herkkuja, jotka tukevat koirasi lihasten kehityst\u00e4 ja yleist\u00e4 hyvinvointia. Olipa kyse sitten palkinnosta treenin aikana tai herkullisesta herkutteluhetkest\u00e4, friGERA ankanfilee saa koirasi h\u00e4nn\u00e4n heilumaan ilosta.<\/p>\n<p data-start=\"1859\" data-end=\"1998\">Pakattu k\u00e4tev\u00e4\u00e4n pussiin, joka takaa tuoreuden jokaisessa annoksessa. Voit olla varma, ett\u00e4 tarjoat karvaiselle yst\u00e4v\u00e4llesi vain parasta.<\/p>\n<p data-start=\"2000\" data-end=\"2081\">Ainesosat: Ankanfilee 91,5 %, Glyseriini, Modifioitu maissit\u00e4rkkelys, Sorbitoli<\/p>\n<p data-start=\"2083\" data-end=\"2269\">K\u00e4ytt\u00f6ohje: Anna v\u00e4lipalana tai palkintona aterioiden v\u00e4lill\u00e4 osana tasapainoista ruokavaliota. Valvo koiraa aina pureskellessa. Tarjoa aina raikasta vett\u00e4. Ei sovellu ihmisravinnoksi.<\/p>\n<p data-start=\"2271\" data-end=\"2365\">Analyyttinen koostumus: Proteiini 45 %, Rasva 2 %, Tuhka 1,5 %, Raakakuitu 2 %, Kosteus 20 %<\/p>\n","protected":false},"featured_media":40865,"template":"","meta":[],"product_brand":[],"product_cat":[480,139],"product_tag":[],"class_list":{"0":"post-48052","1":"product","2":"type-product","3":"status-publish","4":"has-post-thumbnail","6":"product_cat-herkut-koirille","7":"product_cat-kaup24-fi","9":"first","10":"instock","11":"taxable","12":"shipping-taxable","13":"purchasable","14":"product-type-simple"},"yoast_head":"<!-- This site is optimized with the Yoast SEO plugin v27.4 - https:\/\/yoast.com\/product\/yoast-seo-wordpress\/ -->\n<title>Luonnolliset ankanfileenauhat Frigera 100 g - MiuMjau<\/title>\n<meta name=\"robots\" content=\"index, follow, max-snippet:-1, max-image-preview:large, max-video-preview:-1\" \/>\n<link rel=\"canonical\" href=\"https:\/\/miumjau.ee\/fi\/tuote\/luonnolliset-ankanfileenauhat-frigera-100-g-2\/\" \/>\n<meta property=\"og:locale\" content=\"fi_FI\" \/>\n<meta property=\"og:type\" content=\"article\" \/>\n<meta property=\"og:title\" content=\"Luonnolliset ankanfileenauhat Frigera 100 g - MiuMjau\" \/>\n<meta property=\"og:description\" content=\"Oletko valmis tekem\u00e4\u00e4n koirasi herkutteluhetkist\u00e4 p\u00e4iv\u00e4n kohokohdan? Esittelemme friGERA ankanfileenauhat \u2013 jokainen puraisu on maukas seikkailu rakkaalle lemmikillesi! Valmistettu huolella valitusta vapaan kasvatuksen ankasta, jokainen viipale s\u00e4ilytt\u00e4\u00e4 luonnollisen makunsa ja ravintoarvonsa. N\u00e4m\u00e4 herkulliset fileet eiv\u00e4t ole vain maukkaita, vaan my\u00f6s proteiinipitoisia herkkuja, jotka tukevat koirasi lihasten kehityst\u00e4 ja yleist\u00e4 hyvinvointia. Olipa kyse sitten palkinnosta treenin aikana tai herkullisesta herkutteluhetkest\u00e4, friGERA ankanfilee saa koirasi h\u00e4nn\u00e4n heilumaan ilosta. Pakattu k\u00e4tev\u00e4\u00e4n pussiin, joka takaa tuoreuden jokaisessa annoksessa. Voit olla varma, ett\u00e4 tarjoat karvaiselle yst\u00e4v\u00e4llesi vain parasta. Ainesosat: Ankanfilee 91,5 %, Glyseriini, Modifioitu maissit\u00e4rkkelys, Sorbitoli K\u00e4ytt\u00f6ohje: Anna v\u00e4lipalana tai palkintona aterioiden v\u00e4lill\u00e4 osana tasapainoista ruokavaliota. Valvo koiraa aina pureskellessa. Tarjoa aina raikasta vett\u00e4. Ei sovellu ihmisravinnoksi. Analyyttinen koostumus: Proteiini 45 %, Rasva 2 %, Tuhka 1,5 %, Raakakuitu 2 %, Kosteus 20 %\" \/>\n<meta property=\"og:url\" content=\"https:\/\/miumjau.ee\/fi\/tuote\/luonnolliset-ankanfileenauhat-frigera-100-g-2\/\" \/>\n<meta property=\"og:site_name\" content=\"MiuMjau\" \/>\n<meta property=\"article:publisher\" content=\"https:\/\/www.facebook.com\/miumjaupood\/\" \/>\n<meta property=\"article:modified_time\" content=\"2026-01-07T20:45:10+00:00\" \/>\n<meta property=\"og:image\" content=\"https:\/\/miumjau.ee\/wp-content\/uploads\/2025\/05\/frigera-koerte-maius-pardifilee-Photoroom.jpg\" \/>\n\t<meta property=\"og:image:width\" content=\"600\" \/>\n\t<meta property=\"og:image:height\" content=\"800\" \/>\n\t<meta property=\"og:image:type\" content=\"image\/jpeg\" \/>\n<meta name=\"twitter:card\" content=\"summary_large_image\" \/>\n<script type=\"application\/ld+json\" class=\"yoast-schema-graph\">{\"@context\":\"https:\\\/\\\/schema.org\",\"@graph\":[{\"@type\":\"WebPage\",\"@id\":\"https:\\\/\\\/miumjau.ee\\\/fi\\\/tuote\\\/luonnolliset-ankanfileenauhat-frigera-100-g-2\\\/\",\"url\":\"https:\\\/\\\/miumjau.ee\\\/fi\\\/tuote\\\/luonnolliset-ankanfileenauhat-frigera-100-g-2\\\/\",\"name\":\"Luonnolliset ankanfileenauhat Frigera 100 g - MiuMjau\",\"isPartOf\":{\"@id\":\"https:\\\/\\\/miumjau.ee\\\/#website\"},\"primaryImageOfPage\":{\"@id\":\"https:\\\/\\\/miumjau.ee\\\/fi\\\/tuote\\\/luonnolliset-ankanfileenauhat-frigera-100-g-2\\\/#primaryimage\"},\"image\":{\"@id\":\"https:\\\/\\\/miumjau.ee\\\/fi\\\/tuote\\\/luonnolliset-ankanfileenauhat-frigera-100-g-2\\\/#primaryimage\"},\"thumbnailUrl\":\"https:\\\/\\\/miumjau.ee\\\/wp-content\\\/uploads\\\/2025\\\/05\\\/frigera-koerte-maius-pardifilee-Photoroom.jpg\",\"datePublished\":\"2025-05-29T06:18:37+00:00\",\"dateModified\":\"2026-01-07T20:45:10+00:00\",\"breadcrumb\":{\"@id\":\"https:\\\/\\\/miumjau.ee\\\/fi\\\/tuote\\\/luonnolliset-ankanfileenauhat-frigera-100-g-2\\\/#breadcrumb\"},\"inLanguage\":\"fi\",\"potentialAction\":[{\"@type\":\"ReadAction\",\"target\":[\"https:\\\/\\\/miumjau.ee\\\/fi\\\/tuote\\\/luonnolliset-ankanfileenauhat-frigera-100-g-2\\\/\"]}]},{\"@type\":\"ImageObject\",\"inLanguage\":\"fi\",\"@id\":\"https:\\\/\\\/miumjau.ee\\\/fi\\\/tuote\\\/luonnolliset-ankanfileenauhat-frigera-100-g-2\\\/#primaryimage\",\"url\":\"https:\\\/\\\/miumjau.ee\\\/wp-content\\\/uploads\\\/2025\\\/05\\\/frigera-koerte-maius-pardifilee-Photoroom.jpg\",\"contentUrl\":\"https:\\\/\\\/miumjau.ee\\\/wp-content\\\/uploads\\\/2025\\\/05\\\/frigera-koerte-maius-pardifilee-Photoroom.jpg\",\"width\":600,\"height\":800,\"caption\":\"Naturaalsed pardifilee ribad Frigera 500g\"},{\"@type\":\"BreadcrumbList\",\"@id\":\"https:\\\/\\\/miumjau.ee\\\/fi\\\/tuote\\\/luonnolliset-ankanfileenauhat-frigera-100-g-2\\\/#breadcrumb\",\"itemListElement\":[{\"@type\":\"ListItem\",\"position\":1,\"name\":\"Home\",\"item\":\"https:\\\/\\\/miumjau.ee\\\/fi\\\/\"},{\"@type\":\"ListItem\",\"position\":2,\"name\":\"Kauppa\",\"item\":\"https:\\\/\\\/miumjau.ee\\\/fi\\\/kauppa\\\/\"},{\"@type\":\"ListItem\",\"position\":3,\"name\":\"Luonnolliset ankanfileenauhat Frigera 100 g\"}]},{\"@type\":\"WebSite\",\"@id\":\"https:\\\/\\\/miumjau.ee\\\/#website\",\"url\":\"https:\\\/\\\/miumjau.ee\\\/\",\"name\":\"MiuMjau\",\"description\":\"Kraapimispuud kassidele\",\"publisher\":{\"@id\":\"https:\\\/\\\/miumjau.ee\\\/#organization\"},\"potentialAction\":[{\"@type\":\"SearchAction\",\"target\":{\"@type\":\"EntryPoint\",\"urlTemplate\":\"https:\\\/\\\/miumjau.ee\\\/?s={search_term_string}\"},\"query-input\":{\"@type\":\"PropertyValueSpecification\",\"valueRequired\":true,\"valueName\":\"search_term_string\"}}],\"inLanguage\":\"fi\"},{\"@type\":\"Organization\",\"@id\":\"https:\\\/\\\/miumjau.ee\\\/#organization\",\"name\":\"MiuMjau O\u00dc\",\"url\":\"https:\\\/\\\/miumjau.ee\\\/\",\"logo\":{\"@type\":\"ImageObject\",\"inLanguage\":\"fi\",\"@id\":\"https:\\\/\\\/miumjau.ee\\\/#\\\/schema\\\/logo\\\/image\\\/\",\"url\":\"https:\\\/\\\/miumjau.ee\\\/wp-content\\\/uploads\\\/2022\\\/04\\\/MiuMjau-logo-kollane.png\",\"contentUrl\":\"https:\\\/\\\/miumjau.ee\\\/wp-content\\\/uploads\\\/2022\\\/04\\\/MiuMjau-logo-kollane.png\",\"width\":219,\"height\":100,\"caption\":\"MiuMjau O\u00dc\"},\"image\":{\"@id\":\"https:\\\/\\\/miumjau.ee\\\/#\\\/schema\\\/logo\\\/image\\\/\"},\"sameAs\":[\"https:\\\/\\\/www.facebook.com\\\/miumjaupood\\\/\"]}]}<\/script>\n<!-- \/ Yoast SEO plugin. -->","yoast_head_json":{"title":"Luonnolliset ankanfileenauhat Frigera 100 g - MiuMjau","robots":{"index":"index","follow":"follow","max-snippet":"max-snippet:-1","max-image-preview":"max-image-preview:large","max-video-preview":"max-video-preview:-1"},"canonical":"https:\/\/miumjau.ee\/fi\/tuote\/luonnolliset-ankanfileenauhat-frigera-100-g-2\/","og_locale":"fi_FI","og_type":"article","og_title":"Luonnolliset ankanfileenauhat Frigera 100 g - MiuMjau","og_description":"Oletko valmis tekem\u00e4\u00e4n koirasi herkutteluhetkist\u00e4 p\u00e4iv\u00e4n kohokohdan? Esittelemme friGERA ankanfileenauhat \u2013 jokainen puraisu on maukas seikkailu rakkaalle lemmikillesi! Valmistettu huolella valitusta vapaan kasvatuksen ankasta, jokainen viipale s\u00e4ilytt\u00e4\u00e4 luonnollisen makunsa ja ravintoarvonsa. N\u00e4m\u00e4 herkulliset fileet eiv\u00e4t ole vain maukkaita, vaan my\u00f6s proteiinipitoisia herkkuja, jotka tukevat koirasi lihasten kehityst\u00e4 ja yleist\u00e4 hyvinvointia. Olipa kyse sitten palkinnosta treenin aikana tai herkullisesta herkutteluhetkest\u00e4, friGERA ankanfilee saa koirasi h\u00e4nn\u00e4n heilumaan ilosta. Pakattu k\u00e4tev\u00e4\u00e4n pussiin, joka takaa tuoreuden jokaisessa annoksessa. Voit olla varma, ett\u00e4 tarjoat karvaiselle yst\u00e4v\u00e4llesi vain parasta. Ainesosat: Ankanfilee 91,5 %, Glyseriini, Modifioitu maissit\u00e4rkkelys, Sorbitoli K\u00e4ytt\u00f6ohje: Anna v\u00e4lipalana tai palkintona aterioiden v\u00e4lill\u00e4 osana tasapainoista ruokavaliota. Valvo koiraa aina pureskellessa. Tarjoa aina raikasta vett\u00e4. Ei sovellu ihmisravinnoksi. Analyyttinen koostumus: Proteiini 45 %, Rasva 2 %, Tuhka 1,5 %, Raakakuitu 2 %, Kosteus 20 %","og_url":"https:\/\/miumjau.ee\/fi\/tuote\/luonnolliset-ankanfileenauhat-frigera-100-g-2\/","og_site_name":"MiuMjau","article_publisher":"https:\/\/www.facebook.com\/miumjaupood\/","article_modified_time":"2026-01-07T20:45:10+00:00","og_image":[{"width":600,"height":800,"url":"https:\/\/miumjau.ee\/wp-content\/uploads\/2025\/05\/frigera-koerte-maius-pardifilee-Photoroom.jpg","type":"image\/jpeg"}],"twitter_card":"summary_large_image","schema":{"@context":"https:\/\/schema.org","@graph":[{"@type":"WebPage","@id":"https:\/\/miumjau.ee\/fi\/tuote\/luonnolliset-ankanfileenauhat-frigera-100-g-2\/","url":"https:\/\/miumjau.ee\/fi\/tuote\/luonnolliset-ankanfileenauhat-frigera-100-g-2\/","name":"Luonnolliset ankanfileenauhat Frigera 100 g - MiuMjau","isPartOf":{"@id":"https:\/\/miumjau.ee\/#website"},"primaryImageOfPage":{"@id":"https:\/\/miumjau.ee\/fi\/tuote\/luonnolliset-ankanfileenauhat-frigera-100-g-2\/#primaryimage"},"image":{"@id":"https:\/\/miumjau.ee\/fi\/tuote\/luonnolliset-ankanfileenauhat-frigera-100-g-2\/#primaryimage"},"thumbnailUrl":"https:\/\/miumjau.ee\/wp-content\/uploads\/2025\/05\/frigera-koerte-maius-pardifilee-Photoroom.jpg","datePublished":"2025-05-29T06:18:37+00:00","dateModified":"2026-01-07T20:45:10+00:00","breadcrumb":{"@id":"https:\/\/miumjau.ee\/fi\/tuote\/luonnolliset-ankanfileenauhat-frigera-100-g-2\/#breadcrumb"},"inLanguage":"fi","potentialAction":[{"@type":"ReadAction","target":["https:\/\/miumjau.ee\/fi\/tuote\/luonnolliset-ankanfileenauhat-frigera-100-g-2\/"]}]},{"@type":"ImageObject","inLanguage":"fi","@id":"https:\/\/miumjau.ee\/fi\/tuote\/luonnolliset-ankanfileenauhat-frigera-100-g-2\/#primaryimage","url":"https:\/\/miumjau.ee\/wp-content\/uploads\/2025\/05\/frigera-koerte-maius-pardifilee-Photoroom.jpg","contentUrl":"https:\/\/miumjau.ee\/wp-content\/uploads\/2025\/05\/frigera-koerte-maius-pardifilee-Photoroom.jpg","width":600,"height":800,"caption":"Naturaalsed pardifilee ribad Frigera 500g"},{"@type":"BreadcrumbList","@id":"https:\/\/miumjau.ee\/fi\/tuote\/luonnolliset-ankanfileenauhat-frigera-100-g-2\/#breadcrumb","itemListElement":[{"@type":"ListItem","position":1,"name":"Home","item":"https:\/\/miumjau.ee\/fi\/"},{"@type":"ListItem","position":2,"name":"Kauppa","item":"https:\/\/miumjau.ee\/fi\/kauppa\/"},{"@type":"ListItem","position":3,"name":"Luonnolliset ankanfileenauhat Frigera 100 g"}]},{"@type":"WebSite","@id":"https:\/\/miumjau.ee\/#website","url":"https:\/\/miumjau.ee\/","name":"MiuMjau","description":"Kraapimispuud kassidele","publisher":{"@id":"https:\/\/miumjau.ee\/#organization"},"potentialAction":[{"@type":"SearchAction","target":{"@type":"EntryPoint","urlTemplate":"https:\/\/miumjau.ee\/?s={search_term_string}"},"query-input":{"@type":"PropertyValueSpecification","valueRequired":true,"valueName":"search_term_string"}}],"inLanguage":"fi"},{"@type":"Organization","@id":"https:\/\/miumjau.ee\/#organization","name":"MiuMjau O\u00dc","url":"https:\/\/miumjau.ee\/","logo":{"@type":"ImageObject","inLanguage":"fi","@id":"https:\/\/miumjau.ee\/#\/schema\/logo\/image\/","url":"https:\/\/miumjau.ee\/wp-content\/uploads\/2022\/04\/MiuMjau-logo-kollane.png","contentUrl":"https:\/\/miumjau.ee\/wp-content\/uploads\/2022\/04\/MiuMjau-logo-kollane.png","width":219,"height":100,"caption":"MiuMjau O\u00dc"},"image":{"@id":"https:\/\/miumjau.ee\/#\/schema\/logo\/image\/"},"sameAs":["https:\/\/www.facebook.com\/miumjaupood\/"]}]}},"_links":{"self":[{"href":"https:\/\/miumjau.ee\/fi\/wp-json\/wp\/v2\/product\/48052","targetHints":{"allow":["GET"]}}],"collection":[{"href":"https:\/\/miumjau.ee\/fi\/wp-json\/wp\/v2\/product"}],"about":[{"href":"https:\/\/miumjau.ee\/fi\/wp-json\/wp\/v2\/types\/product"}],"wp:featuredmedia":[{"embeddable":true,"href":"https:\/\/miumjau.ee\/fi\/wp-json\/wp\/v2\/media\/40865"}],"wp:attachment":[{"href":"https:\/\/miumjau.ee\/fi\/wp-json\/wp\/v2\/media?parent=48052"}],"wp:term":[{"taxonomy":"product_brand","embeddable":true,"href":"https:\/\/miumjau.ee\/fi\/wp-json\/wp\/v2\/product_brand?post=48052"},{"taxonomy":"product_cat","embeddable":true,"href":"https:\/\/miumjau.ee\/fi\/wp-json\/wp\/v2\/product_cat?post=48052"},{"taxonomy":"product_tag","embeddable":true,"href":"https:\/\/miumjau.ee\/fi\/wp-json\/wp\/v2\/product_tag?post=48052"}],"curies":[{"name":"wp","href":"https:\/\/api.w.org\/{rel}","templated":true}]}}