{"id":48042,"date":"2025-05-29T09:27:33","date_gmt":"2025-05-29T06:27:33","guid":{"rendered":"https:\/\/miumjau.ee\/toode\/kuivatetut-puolipehmeat-kanafileenauhat-frigera-500-g\/"},"modified":"2026-01-07T22:45:17","modified_gmt":"2026-01-07T20:45:17","slug":"kuivatetut-puolipehmeat-kanafileenauhat-frigera-500-g","status":"publish","type":"product","link":"https:\/\/miumjau.ee\/fi\/tuote\/kuivatetut-puolipehmeat-kanafileenauhat-frigera-500-g\/","title":{"rendered":"Kuivatetut puolipehme\u00e4t kanafileenauhat Frigera 500 g"},"content":{"rendered":"","protected":false},"excerpt":{"rendered":"<p data-start=\"1482\" data-end=\"1666\">Oletko valmis tekem\u00e4\u00e4n koirasi herkutteluhetkist\u00e4 p\u00e4iv\u00e4n kohokohdan? Esittelemme friGERA kanafileenauhat \u2013 jokainen puraisu on makujen ja ravinteiden r\u00e4j\u00e4hdys rakkaalle lemmikillesi!<\/p>\n<p data-start=\"1668\" data-end=\"1938\">Valmistettu parhaasta kanasta, jokainen nauha k\u00e4sitell\u00e4\u00e4n hell\u00e4varaisesti, jotta sen luonnollinen maku ja ravintoarvo s\u00e4ilyv\u00e4t. N\u00e4m\u00e4 herkulliset herkut eiv\u00e4t ole vain maukkaita, vaan my\u00f6s runsaasti proteiinia sis\u00e4lt\u00e4vi\u00e4 \u2013 tukevat koirasi lihaksia ja yleist\u00e4 terveytt\u00e4.<\/p>\n<p data-start=\"1940\" data-end=\"2280\">Olipa kyse sitten pidempikestoisesta palkinnosta treenin aikana tai vain herkullisesta v\u00e4lipalasta, friGERA kanafileenauhat saavat koirasi h\u00e4nn\u00e4n heilumaan ilosta. K\u00e4tev\u00e4sti annosteltu ja uudelleensuljettavassa pakkauksessa \u2013 tuore ja k\u00e4yt\u00e4nn\u00f6llinen milloin tahansa. Ja mik\u00e4 t\u00e4rkeint\u00e4 \u2013 ilman keinotekoisia lis\u00e4aineita ja s\u00e4il\u00f6nt\u00e4aineita.<\/p>\n<p data-start=\"2282\" data-end=\"2404\">Palkitse koirasi ilon hetkell\u00e4 \u2013 friGERA kanafileenauhat, koska jokainen yhteinen hetki ansaitsee herkullisen palkinnon!<\/p>\n<p data-start=\"2406\" data-end=\"2486\">Ainesosat: Kanafilee 94,5 %, Glyseriini, Modifioitu maissit\u00e4rkkelys, Sorbitoli<\/p>\n<p data-start=\"2488\" data-end=\"2674\">K\u00e4ytt\u00f6ohje: Anna v\u00e4lipalana tai palkintona aterioiden v\u00e4lill\u00e4 osana tasapainoista ruokavaliota. Valvo koiraa aina pureskellessa. Tarjoa aina raikasta vett\u00e4. Ei sovellu ihmisravinnoksi.<\/p>\n<p data-start=\"2676\" data-end=\"2770\">Analyyttinen koostumus: Proteiini 16 %, Rasva 2,2 %, Tuhka 4 %, Raakakuitu 2 %, Kosteus 18 %<\/p>\n","protected":false},"featured_media":40861,"template":"","meta":[],"product_brand":[],"product_cat":[480,139],"product_tag":[],"class_list":{"0":"post-48042","1":"product","2":"type-product","3":"status-publish","4":"has-post-thumbnail","6":"product_cat-herkut-koirille","7":"product_cat-kaup24-fi","9":"first","10":"instock","11":"taxable","12":"shipping-taxable","13":"purchasable","14":"product-type-simple"},"yoast_head":"<!-- This site is optimized with the Yoast SEO plugin v27.4 - https:\/\/yoast.com\/product\/yoast-seo-wordpress\/ -->\n<title>Kuivatetut puolipehme\u00e4t kanafileenauhat Frigera 500 g - MiuMjau<\/title>\n<meta name=\"robots\" content=\"index, follow, max-snippet:-1, max-image-preview:large, max-video-preview:-1\" \/>\n<link rel=\"canonical\" href=\"https:\/\/miumjau.ee\/fi\/tuote\/kuivatetut-puolipehmeat-kanafileenauhat-frigera-500-g\/\" \/>\n<meta property=\"og:locale\" content=\"fi_FI\" \/>\n<meta property=\"og:type\" content=\"article\" \/>\n<meta property=\"og:title\" content=\"Kuivatetut puolipehme\u00e4t kanafileenauhat Frigera 500 g - MiuMjau\" \/>\n<meta property=\"og:description\" content=\"Oletko valmis tekem\u00e4\u00e4n koirasi herkutteluhetkist\u00e4 p\u00e4iv\u00e4n kohokohdan? Esittelemme friGERA kanafileenauhat \u2013 jokainen puraisu on makujen ja ravinteiden r\u00e4j\u00e4hdys rakkaalle lemmikillesi! Valmistettu parhaasta kanasta, jokainen nauha k\u00e4sitell\u00e4\u00e4n hell\u00e4varaisesti, jotta sen luonnollinen maku ja ravintoarvo s\u00e4ilyv\u00e4t. N\u00e4m\u00e4 herkulliset herkut eiv\u00e4t ole vain maukkaita, vaan my\u00f6s runsaasti proteiinia sis\u00e4lt\u00e4vi\u00e4 \u2013 tukevat koirasi lihaksia ja yleist\u00e4 terveytt\u00e4. Olipa kyse sitten pidempikestoisesta palkinnosta treenin aikana tai vain herkullisesta v\u00e4lipalasta, friGERA kanafileenauhat saavat koirasi h\u00e4nn\u00e4n heilumaan ilosta. K\u00e4tev\u00e4sti annosteltu ja uudelleensuljettavassa pakkauksessa \u2013 tuore ja k\u00e4yt\u00e4nn\u00f6llinen milloin tahansa. Ja mik\u00e4 t\u00e4rkeint\u00e4 \u2013 ilman keinotekoisia lis\u00e4aineita ja s\u00e4il\u00f6nt\u00e4aineita. Palkitse koirasi ilon hetkell\u00e4 \u2013 friGERA kanafileenauhat, koska jokainen yhteinen hetki ansaitsee herkullisen palkinnon! Ainesosat: Kanafilee 94,5 %, Glyseriini, Modifioitu maissit\u00e4rkkelys, Sorbitoli K\u00e4ytt\u00f6ohje: Anna v\u00e4lipalana tai palkintona aterioiden v\u00e4lill\u00e4 osana tasapainoista ruokavaliota. Valvo koiraa aina pureskellessa. Tarjoa aina raikasta vett\u00e4. Ei sovellu ihmisravinnoksi. Analyyttinen koostumus: Proteiini 16 %, Rasva 2,2 %, Tuhka 4 %, Raakakuitu 2 %, Kosteus 18 %\" \/>\n<meta property=\"og:url\" content=\"https:\/\/miumjau.ee\/fi\/tuote\/kuivatetut-puolipehmeat-kanafileenauhat-frigera-500-g\/\" \/>\n<meta property=\"og:site_name\" content=\"MiuMjau\" \/>\n<meta property=\"article:publisher\" content=\"https:\/\/www.facebook.com\/miumjaupood\/\" \/>\n<meta property=\"article:modified_time\" content=\"2026-01-07T20:45:17+00:00\" \/>\n<meta property=\"og:image\" content=\"https:\/\/miumjau.ee\/wp-content\/uploads\/2025\/05\/frigera-koerte-maius-kana-ribad-Photoroom.jpg\" \/>\n\t<meta property=\"og:image:width\" content=\"600\" \/>\n\t<meta property=\"og:image:height\" content=\"800\" \/>\n\t<meta property=\"og:image:type\" content=\"image\/jpeg\" \/>\n<meta name=\"twitter:card\" content=\"summary_large_image\" \/>\n<script type=\"application\/ld+json\" class=\"yoast-schema-graph\">{\"@context\":\"https:\\\/\\\/schema.org\",\"@graph\":[{\"@type\":\"WebPage\",\"@id\":\"https:\\\/\\\/miumjau.ee\\\/fi\\\/tuote\\\/kuivatetut-puolipehmeat-kanafileenauhat-frigera-500-g\\\/\",\"url\":\"https:\\\/\\\/miumjau.ee\\\/fi\\\/tuote\\\/kuivatetut-puolipehmeat-kanafileenauhat-frigera-500-g\\\/\",\"name\":\"Kuivatetut puolipehme\u00e4t kanafileenauhat Frigera 500 g - MiuMjau\",\"isPartOf\":{\"@id\":\"https:\\\/\\\/miumjau.ee\\\/#website\"},\"primaryImageOfPage\":{\"@id\":\"https:\\\/\\\/miumjau.ee\\\/fi\\\/tuote\\\/kuivatetut-puolipehmeat-kanafileenauhat-frigera-500-g\\\/#primaryimage\"},\"image\":{\"@id\":\"https:\\\/\\\/miumjau.ee\\\/fi\\\/tuote\\\/kuivatetut-puolipehmeat-kanafileenauhat-frigera-500-g\\\/#primaryimage\"},\"thumbnailUrl\":\"https:\\\/\\\/miumjau.ee\\\/wp-content\\\/uploads\\\/2025\\\/05\\\/frigera-koerte-maius-kana-ribad-Photoroom.jpg\",\"datePublished\":\"2025-05-29T06:27:33+00:00\",\"dateModified\":\"2026-01-07T20:45:17+00:00\",\"breadcrumb\":{\"@id\":\"https:\\\/\\\/miumjau.ee\\\/fi\\\/tuote\\\/kuivatetut-puolipehmeat-kanafileenauhat-frigera-500-g\\\/#breadcrumb\"},\"inLanguage\":\"fi\",\"potentialAction\":[{\"@type\":\"ReadAction\",\"target\":[\"https:\\\/\\\/miumjau.ee\\\/fi\\\/tuote\\\/kuivatetut-puolipehmeat-kanafileenauhat-frigera-500-g\\\/\"]}]},{\"@type\":\"ImageObject\",\"inLanguage\":\"fi\",\"@id\":\"https:\\\/\\\/miumjau.ee\\\/fi\\\/tuote\\\/kuivatetut-puolipehmeat-kanafileenauhat-frigera-500-g\\\/#primaryimage\",\"url\":\"https:\\\/\\\/miumjau.ee\\\/wp-content\\\/uploads\\\/2025\\\/05\\\/frigera-koerte-maius-kana-ribad-Photoroom.jpg\",\"contentUrl\":\"https:\\\/\\\/miumjau.ee\\\/wp-content\\\/uploads\\\/2025\\\/05\\\/frigera-koerte-maius-kana-ribad-Photoroom.jpg\",\"width\":600,\"height\":800,\"caption\":\"Kuivatatud poolpehmed kanafilee ribad Frigera 500g\"},{\"@type\":\"BreadcrumbList\",\"@id\":\"https:\\\/\\\/miumjau.ee\\\/fi\\\/tuote\\\/kuivatetut-puolipehmeat-kanafileenauhat-frigera-500-g\\\/#breadcrumb\",\"itemListElement\":[{\"@type\":\"ListItem\",\"position\":1,\"name\":\"Home\",\"item\":\"https:\\\/\\\/miumjau.ee\\\/fi\\\/\"},{\"@type\":\"ListItem\",\"position\":2,\"name\":\"Kauppa\",\"item\":\"https:\\\/\\\/miumjau.ee\\\/fi\\\/kauppa\\\/\"},{\"@type\":\"ListItem\",\"position\":3,\"name\":\"Kuivatetut puolipehme\u00e4t kanafileenauhat Frigera 500 g\"}]},{\"@type\":\"WebSite\",\"@id\":\"https:\\\/\\\/miumjau.ee\\\/#website\",\"url\":\"https:\\\/\\\/miumjau.ee\\\/\",\"name\":\"MiuMjau\",\"description\":\"Kraapimispuud kassidele\",\"publisher\":{\"@id\":\"https:\\\/\\\/miumjau.ee\\\/#organization\"},\"potentialAction\":[{\"@type\":\"SearchAction\",\"target\":{\"@type\":\"EntryPoint\",\"urlTemplate\":\"https:\\\/\\\/miumjau.ee\\\/?s={search_term_string}\"},\"query-input\":{\"@type\":\"PropertyValueSpecification\",\"valueRequired\":true,\"valueName\":\"search_term_string\"}}],\"inLanguage\":\"fi\"},{\"@type\":\"Organization\",\"@id\":\"https:\\\/\\\/miumjau.ee\\\/#organization\",\"name\":\"MiuMjau O\u00dc\",\"url\":\"https:\\\/\\\/miumjau.ee\\\/\",\"logo\":{\"@type\":\"ImageObject\",\"inLanguage\":\"fi\",\"@id\":\"https:\\\/\\\/miumjau.ee\\\/#\\\/schema\\\/logo\\\/image\\\/\",\"url\":\"https:\\\/\\\/miumjau.ee\\\/wp-content\\\/uploads\\\/2022\\\/04\\\/MiuMjau-logo-kollane.png\",\"contentUrl\":\"https:\\\/\\\/miumjau.ee\\\/wp-content\\\/uploads\\\/2022\\\/04\\\/MiuMjau-logo-kollane.png\",\"width\":219,\"height\":100,\"caption\":\"MiuMjau O\u00dc\"},\"image\":{\"@id\":\"https:\\\/\\\/miumjau.ee\\\/#\\\/schema\\\/logo\\\/image\\\/\"},\"sameAs\":[\"https:\\\/\\\/www.facebook.com\\\/miumjaupood\\\/\"]}]}<\/script>\n<!-- \/ Yoast SEO plugin. -->","yoast_head_json":{"title":"Kuivatetut puolipehme\u00e4t kanafileenauhat Frigera 500 g - MiuMjau","robots":{"index":"index","follow":"follow","max-snippet":"max-snippet:-1","max-image-preview":"max-image-preview:large","max-video-preview":"max-video-preview:-1"},"canonical":"https:\/\/miumjau.ee\/fi\/tuote\/kuivatetut-puolipehmeat-kanafileenauhat-frigera-500-g\/","og_locale":"fi_FI","og_type":"article","og_title":"Kuivatetut puolipehme\u00e4t kanafileenauhat Frigera 500 g - MiuMjau","og_description":"Oletko valmis tekem\u00e4\u00e4n koirasi herkutteluhetkist\u00e4 p\u00e4iv\u00e4n kohokohdan? Esittelemme friGERA kanafileenauhat \u2013 jokainen puraisu on makujen ja ravinteiden r\u00e4j\u00e4hdys rakkaalle lemmikillesi! Valmistettu parhaasta kanasta, jokainen nauha k\u00e4sitell\u00e4\u00e4n hell\u00e4varaisesti, jotta sen luonnollinen maku ja ravintoarvo s\u00e4ilyv\u00e4t. N\u00e4m\u00e4 herkulliset herkut eiv\u00e4t ole vain maukkaita, vaan my\u00f6s runsaasti proteiinia sis\u00e4lt\u00e4vi\u00e4 \u2013 tukevat koirasi lihaksia ja yleist\u00e4 terveytt\u00e4. Olipa kyse sitten pidempikestoisesta palkinnosta treenin aikana tai vain herkullisesta v\u00e4lipalasta, friGERA kanafileenauhat saavat koirasi h\u00e4nn\u00e4n heilumaan ilosta. K\u00e4tev\u00e4sti annosteltu ja uudelleensuljettavassa pakkauksessa \u2013 tuore ja k\u00e4yt\u00e4nn\u00f6llinen milloin tahansa. Ja mik\u00e4 t\u00e4rkeint\u00e4 \u2013 ilman keinotekoisia lis\u00e4aineita ja s\u00e4il\u00f6nt\u00e4aineita. Palkitse koirasi ilon hetkell\u00e4 \u2013 friGERA kanafileenauhat, koska jokainen yhteinen hetki ansaitsee herkullisen palkinnon! Ainesosat: Kanafilee 94,5 %, Glyseriini, Modifioitu maissit\u00e4rkkelys, Sorbitoli K\u00e4ytt\u00f6ohje: Anna v\u00e4lipalana tai palkintona aterioiden v\u00e4lill\u00e4 osana tasapainoista ruokavaliota. Valvo koiraa aina pureskellessa. Tarjoa aina raikasta vett\u00e4. Ei sovellu ihmisravinnoksi. Analyyttinen koostumus: Proteiini 16 %, Rasva 2,2 %, Tuhka 4 %, Raakakuitu 2 %, Kosteus 18 %","og_url":"https:\/\/miumjau.ee\/fi\/tuote\/kuivatetut-puolipehmeat-kanafileenauhat-frigera-500-g\/","og_site_name":"MiuMjau","article_publisher":"https:\/\/www.facebook.com\/miumjaupood\/","article_modified_time":"2026-01-07T20:45:17+00:00","og_image":[{"width":600,"height":800,"url":"https:\/\/miumjau.ee\/wp-content\/uploads\/2025\/05\/frigera-koerte-maius-kana-ribad-Photoroom.jpg","type":"image\/jpeg"}],"twitter_card":"summary_large_image","schema":{"@context":"https:\/\/schema.org","@graph":[{"@type":"WebPage","@id":"https:\/\/miumjau.ee\/fi\/tuote\/kuivatetut-puolipehmeat-kanafileenauhat-frigera-500-g\/","url":"https:\/\/miumjau.ee\/fi\/tuote\/kuivatetut-puolipehmeat-kanafileenauhat-frigera-500-g\/","name":"Kuivatetut puolipehme\u00e4t kanafileenauhat Frigera 500 g - MiuMjau","isPartOf":{"@id":"https:\/\/miumjau.ee\/#website"},"primaryImageOfPage":{"@id":"https:\/\/miumjau.ee\/fi\/tuote\/kuivatetut-puolipehmeat-kanafileenauhat-frigera-500-g\/#primaryimage"},"image":{"@id":"https:\/\/miumjau.ee\/fi\/tuote\/kuivatetut-puolipehmeat-kanafileenauhat-frigera-500-g\/#primaryimage"},"thumbnailUrl":"https:\/\/miumjau.ee\/wp-content\/uploads\/2025\/05\/frigera-koerte-maius-kana-ribad-Photoroom.jpg","datePublished":"2025-05-29T06:27:33+00:00","dateModified":"2026-01-07T20:45:17+00:00","breadcrumb":{"@id":"https:\/\/miumjau.ee\/fi\/tuote\/kuivatetut-puolipehmeat-kanafileenauhat-frigera-500-g\/#breadcrumb"},"inLanguage":"fi","potentialAction":[{"@type":"ReadAction","target":["https:\/\/miumjau.ee\/fi\/tuote\/kuivatetut-puolipehmeat-kanafileenauhat-frigera-500-g\/"]}]},{"@type":"ImageObject","inLanguage":"fi","@id":"https:\/\/miumjau.ee\/fi\/tuote\/kuivatetut-puolipehmeat-kanafileenauhat-frigera-500-g\/#primaryimage","url":"https:\/\/miumjau.ee\/wp-content\/uploads\/2025\/05\/frigera-koerte-maius-kana-ribad-Photoroom.jpg","contentUrl":"https:\/\/miumjau.ee\/wp-content\/uploads\/2025\/05\/frigera-koerte-maius-kana-ribad-Photoroom.jpg","width":600,"height":800,"caption":"Kuivatatud poolpehmed kanafilee ribad Frigera 500g"},{"@type":"BreadcrumbList","@id":"https:\/\/miumjau.ee\/fi\/tuote\/kuivatetut-puolipehmeat-kanafileenauhat-frigera-500-g\/#breadcrumb","itemListElement":[{"@type":"ListItem","position":1,"name":"Home","item":"https:\/\/miumjau.ee\/fi\/"},{"@type":"ListItem","position":2,"name":"Kauppa","item":"https:\/\/miumjau.ee\/fi\/kauppa\/"},{"@type":"ListItem","position":3,"name":"Kuivatetut puolipehme\u00e4t kanafileenauhat Frigera 500 g"}]},{"@type":"WebSite","@id":"https:\/\/miumjau.ee\/#website","url":"https:\/\/miumjau.ee\/","name":"MiuMjau","description":"Kraapimispuud kassidele","publisher":{"@id":"https:\/\/miumjau.ee\/#organization"},"potentialAction":[{"@type":"SearchAction","target":{"@type":"EntryPoint","urlTemplate":"https:\/\/miumjau.ee\/?s={search_term_string}"},"query-input":{"@type":"PropertyValueSpecification","valueRequired":true,"valueName":"search_term_string"}}],"inLanguage":"fi"},{"@type":"Organization","@id":"https:\/\/miumjau.ee\/#organization","name":"MiuMjau O\u00dc","url":"https:\/\/miumjau.ee\/","logo":{"@type":"ImageObject","inLanguage":"fi","@id":"https:\/\/miumjau.ee\/#\/schema\/logo\/image\/","url":"https:\/\/miumjau.ee\/wp-content\/uploads\/2022\/04\/MiuMjau-logo-kollane.png","contentUrl":"https:\/\/miumjau.ee\/wp-content\/uploads\/2022\/04\/MiuMjau-logo-kollane.png","width":219,"height":100,"caption":"MiuMjau O\u00dc"},"image":{"@id":"https:\/\/miumjau.ee\/#\/schema\/logo\/image\/"},"sameAs":["https:\/\/www.facebook.com\/miumjaupood\/"]}]}},"_links":{"self":[{"href":"https:\/\/miumjau.ee\/fi\/wp-json\/wp\/v2\/product\/48042","targetHints":{"allow":["GET"]}}],"collection":[{"href":"https:\/\/miumjau.ee\/fi\/wp-json\/wp\/v2\/product"}],"about":[{"href":"https:\/\/miumjau.ee\/fi\/wp-json\/wp\/v2\/types\/product"}],"wp:featuredmedia":[{"embeddable":true,"href":"https:\/\/miumjau.ee\/fi\/wp-json\/wp\/v2\/media\/40861"}],"wp:attachment":[{"href":"https:\/\/miumjau.ee\/fi\/wp-json\/wp\/v2\/media?parent=48042"}],"wp:term":[{"taxonomy":"product_brand","embeddable":true,"href":"https:\/\/miumjau.ee\/fi\/wp-json\/wp\/v2\/product_brand?post=48042"},{"taxonomy":"product_cat","embeddable":true,"href":"https:\/\/miumjau.ee\/fi\/wp-json\/wp\/v2\/product_cat?post=48042"},{"taxonomy":"product_tag","embeddable":true,"href":"https:\/\/miumjau.ee\/fi\/wp-json\/wp\/v2\/product_tag?post=48042"}],"curies":[{"name":"wp","href":"https:\/\/api.w.org\/{rel}","templated":true}]}}