{"id":48036,"date":"2025-05-29T09:33:38","date_gmt":"2025-05-29T06:33:38","guid":{"rendered":"https:\/\/miumjau.ee\/toode\/kalsiumiset-herkut-kanalla-frigera-100-g\/"},"modified":"2026-01-07T22:45:17","modified_gmt":"2026-01-07T20:45:17","slug":"kalsiumiset-herkut-kanalla-frigera-100-g","status":"publish","type":"product","link":"https:\/\/miumjau.ee\/fi\/tuote\/kalsiumiset-herkut-kanalla-frigera-100-g\/","title":{"rendered":"Kalsiumiset herkut kanalla Frigera 100 g"},"content":{"rendered":"","protected":false},"excerpt":{"rendered":"<p data-start=\"1558\" data-end=\"1764\">Mit\u00e4 jos koirasi herkku olisi koko koirapuiston puheenaihe? Esittelemme friGERA kalsiumikondit kanalla \u2013 t\u00e4ydellinen herkku, joka yhdist\u00e4\u00e4 maun, ravintoarvon ja hammashoidon yhdess\u00e4 maukkaassa purtavassa!<\/p>\n<p data-start=\"1766\" data-end=\"2157\">Valmistettu korkealaatuisesta kanasta, joka on muotoiltu keksin n\u00e4k\u00f6isiksi luiksi. N\u00e4m\u00e4 suolaiset herkut on suunniteltu tukemaan vahvoja hampaita ja ikeni\u00e4. Rapean ja hieman sitke\u00e4n koostumuksen ansiosta ne auttavat yll\u00e4pit\u00e4m\u00e4\u00e4n koiran suun terveytt\u00e4. Kalsiumilla rikastettuna n\u00e4m\u00e4 luuherkut tukevat my\u00f6s luuston terveytt\u00e4, jotta karvainen yst\u00e4v\u00e4si pysyy aktiivisena ja liikkuvana pitk\u00e4\u00e4n.<\/p>\n<p data-start=\"2159\" data-end=\"2411\">Pakattu uudelleensuljettavaan pussiin, jotta tuoreus s\u00e4ilyy jokaisella avaamisella. Ilman keinotekoisia lis\u00e4aineita ja s\u00e4il\u00f6nt\u00e4aineita, voit olla varma, ett\u00e4 friGERA kalsiumikondit kanalla tarjoavat lemmikillesi terveellisen ja nautinnollisen herkun.<\/p>\n<p data-start=\"2413\" data-end=\"2569\">Nosta koirasi herkuttelukokemus uudelle tasolle friGERA:lla \u2013 koska jokainen iloinen h\u00e4nn\u00e4nheilautus ansaitsee herkun, joka on sek\u00e4 ravitseva ett\u00e4 maukas!<\/p>\n<p data-start=\"2571\" data-end=\"2671\">Ainesosat: Kana 32 %, Modifioitu maissit\u00e4rkkelys, Kalsiumkarbonaatti, Glyseriini, Sorbitoli, Suola<\/p>\n<p data-start=\"2673\" data-end=\"2859\">K\u00e4ytt\u00f6ohje: Anna v\u00e4lipalana tai palkintona aterioiden v\u00e4lill\u00e4 osana tasapainoista ruokavaliota. Valvo koiraa aina pureskellessa. Tarjoa aina raikasta vett\u00e4. Ei sovellu ihmisravinnoksi.<\/p>\n<p data-start=\"2861\" data-end=\"2955\">Analyyttinen koostumus: Proteiini 16 %, Rasva 2,2 %, Tuhka 4 %, Raakakuitu 2 %, Kosteus 18 %<\/p>\n","protected":false},"featured_media":40857,"template":"","meta":[],"product_brand":[],"product_cat":[480,139],"product_tag":[],"class_list":{"0":"post-48036","1":"product","2":"type-product","3":"status-publish","4":"has-post-thumbnail","6":"product_cat-herkut-koirille","7":"product_cat-kaup24-fi","9":"first","10":"instock","11":"taxable","12":"shipping-taxable","13":"purchasable","14":"product-type-simple"},"yoast_head":"<!-- This site is optimized with the Yoast SEO plugin v27.4 - https:\/\/yoast.com\/product\/yoast-seo-wordpress\/ -->\n<title>Kalsiumiset herkut kanalla Frigera 100 g - MiuMjau<\/title>\n<meta name=\"robots\" content=\"index, follow, max-snippet:-1, max-image-preview:large, max-video-preview:-1\" \/>\n<link rel=\"canonical\" href=\"https:\/\/miumjau.ee\/fi\/tuote\/kalsiumiset-herkut-kanalla-frigera-100-g\/\" \/>\n<meta property=\"og:locale\" content=\"fi_FI\" \/>\n<meta property=\"og:type\" content=\"article\" \/>\n<meta property=\"og:title\" content=\"Kalsiumiset herkut kanalla Frigera 100 g - MiuMjau\" \/>\n<meta property=\"og:description\" content=\"Mit\u00e4 jos koirasi herkku olisi koko koirapuiston puheenaihe? Esittelemme friGERA kalsiumikondit kanalla \u2013 t\u00e4ydellinen herkku, joka yhdist\u00e4\u00e4 maun, ravintoarvon ja hammashoidon yhdess\u00e4 maukkaassa purtavassa! Valmistettu korkealaatuisesta kanasta, joka on muotoiltu keksin n\u00e4k\u00f6isiksi luiksi. N\u00e4m\u00e4 suolaiset herkut on suunniteltu tukemaan vahvoja hampaita ja ikeni\u00e4. Rapean ja hieman sitke\u00e4n koostumuksen ansiosta ne auttavat yll\u00e4pit\u00e4m\u00e4\u00e4n koiran suun terveytt\u00e4. Kalsiumilla rikastettuna n\u00e4m\u00e4 luuherkut tukevat my\u00f6s luuston terveytt\u00e4, jotta karvainen yst\u00e4v\u00e4si pysyy aktiivisena ja liikkuvana pitk\u00e4\u00e4n. Pakattu uudelleensuljettavaan pussiin, jotta tuoreus s\u00e4ilyy jokaisella avaamisella. Ilman keinotekoisia lis\u00e4aineita ja s\u00e4il\u00f6nt\u00e4aineita, voit olla varma, ett\u00e4 friGERA kalsiumikondit kanalla tarjoavat lemmikillesi terveellisen ja nautinnollisen herkun. Nosta koirasi herkuttelukokemus uudelle tasolle friGERA:lla \u2013 koska jokainen iloinen h\u00e4nn\u00e4nheilautus ansaitsee herkun, joka on sek\u00e4 ravitseva ett\u00e4 maukas! Ainesosat: Kana 32 %, Modifioitu maissit\u00e4rkkelys, Kalsiumkarbonaatti, Glyseriini, Sorbitoli, Suola K\u00e4ytt\u00f6ohje: Anna v\u00e4lipalana tai palkintona aterioiden v\u00e4lill\u00e4 osana tasapainoista ruokavaliota. Valvo koiraa aina pureskellessa. Tarjoa aina raikasta vett\u00e4. Ei sovellu ihmisravinnoksi. Analyyttinen koostumus: Proteiini 16 %, Rasva 2,2 %, Tuhka 4 %, Raakakuitu 2 %, Kosteus 18 %\" \/>\n<meta property=\"og:url\" content=\"https:\/\/miumjau.ee\/fi\/tuote\/kalsiumiset-herkut-kanalla-frigera-100-g\/\" \/>\n<meta property=\"og:site_name\" content=\"MiuMjau\" \/>\n<meta property=\"article:publisher\" content=\"https:\/\/www.facebook.com\/miumjaupood\/\" \/>\n<meta property=\"article:modified_time\" content=\"2026-01-07T20:45:17+00:00\" \/>\n<meta property=\"og:image\" content=\"https:\/\/miumjau.ee\/wp-content\/uploads\/2025\/05\/frigera-koerte-maius-kaltsiumikondid-kanaga-Photoroom.jpg\" \/>\n\t<meta property=\"og:image:width\" content=\"600\" \/>\n\t<meta property=\"og:image:height\" content=\"800\" \/>\n\t<meta property=\"og:image:type\" content=\"image\/jpeg\" \/>\n<meta name=\"twitter:card\" content=\"summary_large_image\" \/>\n<script type=\"application\/ld+json\" class=\"yoast-schema-graph\">{\"@context\":\"https:\\\/\\\/schema.org\",\"@graph\":[{\"@type\":\"WebPage\",\"@id\":\"https:\\\/\\\/miumjau.ee\\\/fi\\\/tuote\\\/kalsiumiset-herkut-kanalla-frigera-100-g\\\/\",\"url\":\"https:\\\/\\\/miumjau.ee\\\/fi\\\/tuote\\\/kalsiumiset-herkut-kanalla-frigera-100-g\\\/\",\"name\":\"Kalsiumiset herkut kanalla Frigera 100 g - MiuMjau\",\"isPartOf\":{\"@id\":\"https:\\\/\\\/miumjau.ee\\\/#website\"},\"primaryImageOfPage\":{\"@id\":\"https:\\\/\\\/miumjau.ee\\\/fi\\\/tuote\\\/kalsiumiset-herkut-kanalla-frigera-100-g\\\/#primaryimage\"},\"image\":{\"@id\":\"https:\\\/\\\/miumjau.ee\\\/fi\\\/tuote\\\/kalsiumiset-herkut-kanalla-frigera-100-g\\\/#primaryimage\"},\"thumbnailUrl\":\"https:\\\/\\\/miumjau.ee\\\/wp-content\\\/uploads\\\/2025\\\/05\\\/frigera-koerte-maius-kaltsiumikondid-kanaga-Photoroom.jpg\",\"datePublished\":\"2025-05-29T06:33:38+00:00\",\"dateModified\":\"2026-01-07T20:45:17+00:00\",\"breadcrumb\":{\"@id\":\"https:\\\/\\\/miumjau.ee\\\/fi\\\/tuote\\\/kalsiumiset-herkut-kanalla-frigera-100-g\\\/#breadcrumb\"},\"inLanguage\":\"fi\",\"potentialAction\":[{\"@type\":\"ReadAction\",\"target\":[\"https:\\\/\\\/miumjau.ee\\\/fi\\\/tuote\\\/kalsiumiset-herkut-kanalla-frigera-100-g\\\/\"]}]},{\"@type\":\"ImageObject\",\"inLanguage\":\"fi\",\"@id\":\"https:\\\/\\\/miumjau.ee\\\/fi\\\/tuote\\\/kalsiumiset-herkut-kanalla-frigera-100-g\\\/#primaryimage\",\"url\":\"https:\\\/\\\/miumjau.ee\\\/wp-content\\\/uploads\\\/2025\\\/05\\\/frigera-koerte-maius-kaltsiumikondid-kanaga-Photoroom.jpg\",\"contentUrl\":\"https:\\\/\\\/miumjau.ee\\\/wp-content\\\/uploads\\\/2025\\\/05\\\/frigera-koerte-maius-kaltsiumikondid-kanaga-Photoroom.jpg\",\"width\":600,\"height\":800,\"caption\":\"Kaltsiumi kondikesed kanaga Frigera 500g\"},{\"@type\":\"BreadcrumbList\",\"@id\":\"https:\\\/\\\/miumjau.ee\\\/fi\\\/tuote\\\/kalsiumiset-herkut-kanalla-frigera-100-g\\\/#breadcrumb\",\"itemListElement\":[{\"@type\":\"ListItem\",\"position\":1,\"name\":\"Home\",\"item\":\"https:\\\/\\\/miumjau.ee\\\/fi\\\/\"},{\"@type\":\"ListItem\",\"position\":2,\"name\":\"Kauppa\",\"item\":\"https:\\\/\\\/miumjau.ee\\\/fi\\\/kauppa\\\/\"},{\"@type\":\"ListItem\",\"position\":3,\"name\":\"Kalsiumiset herkut kanalla Frigera 100 g\"}]},{\"@type\":\"WebSite\",\"@id\":\"https:\\\/\\\/miumjau.ee\\\/#website\",\"url\":\"https:\\\/\\\/miumjau.ee\\\/\",\"name\":\"MiuMjau\",\"description\":\"Kraapimispuud kassidele\",\"publisher\":{\"@id\":\"https:\\\/\\\/miumjau.ee\\\/#organization\"},\"potentialAction\":[{\"@type\":\"SearchAction\",\"target\":{\"@type\":\"EntryPoint\",\"urlTemplate\":\"https:\\\/\\\/miumjau.ee\\\/?s={search_term_string}\"},\"query-input\":{\"@type\":\"PropertyValueSpecification\",\"valueRequired\":true,\"valueName\":\"search_term_string\"}}],\"inLanguage\":\"fi\"},{\"@type\":\"Organization\",\"@id\":\"https:\\\/\\\/miumjau.ee\\\/#organization\",\"name\":\"MiuMjau O\u00dc\",\"url\":\"https:\\\/\\\/miumjau.ee\\\/\",\"logo\":{\"@type\":\"ImageObject\",\"inLanguage\":\"fi\",\"@id\":\"https:\\\/\\\/miumjau.ee\\\/#\\\/schema\\\/logo\\\/image\\\/\",\"url\":\"https:\\\/\\\/miumjau.ee\\\/wp-content\\\/uploads\\\/2022\\\/04\\\/MiuMjau-logo-kollane.png\",\"contentUrl\":\"https:\\\/\\\/miumjau.ee\\\/wp-content\\\/uploads\\\/2022\\\/04\\\/MiuMjau-logo-kollane.png\",\"width\":219,\"height\":100,\"caption\":\"MiuMjau O\u00dc\"},\"image\":{\"@id\":\"https:\\\/\\\/miumjau.ee\\\/#\\\/schema\\\/logo\\\/image\\\/\"},\"sameAs\":[\"https:\\\/\\\/www.facebook.com\\\/miumjaupood\\\/\"]}]}<\/script>\n<!-- \/ Yoast SEO plugin. -->","yoast_head_json":{"title":"Kalsiumiset herkut kanalla Frigera 100 g - MiuMjau","robots":{"index":"index","follow":"follow","max-snippet":"max-snippet:-1","max-image-preview":"max-image-preview:large","max-video-preview":"max-video-preview:-1"},"canonical":"https:\/\/miumjau.ee\/fi\/tuote\/kalsiumiset-herkut-kanalla-frigera-100-g\/","og_locale":"fi_FI","og_type":"article","og_title":"Kalsiumiset herkut kanalla Frigera 100 g - MiuMjau","og_description":"Mit\u00e4 jos koirasi herkku olisi koko koirapuiston puheenaihe? Esittelemme friGERA kalsiumikondit kanalla \u2013 t\u00e4ydellinen herkku, joka yhdist\u00e4\u00e4 maun, ravintoarvon ja hammashoidon yhdess\u00e4 maukkaassa purtavassa! Valmistettu korkealaatuisesta kanasta, joka on muotoiltu keksin n\u00e4k\u00f6isiksi luiksi. N\u00e4m\u00e4 suolaiset herkut on suunniteltu tukemaan vahvoja hampaita ja ikeni\u00e4. Rapean ja hieman sitke\u00e4n koostumuksen ansiosta ne auttavat yll\u00e4pit\u00e4m\u00e4\u00e4n koiran suun terveytt\u00e4. Kalsiumilla rikastettuna n\u00e4m\u00e4 luuherkut tukevat my\u00f6s luuston terveytt\u00e4, jotta karvainen yst\u00e4v\u00e4si pysyy aktiivisena ja liikkuvana pitk\u00e4\u00e4n. Pakattu uudelleensuljettavaan pussiin, jotta tuoreus s\u00e4ilyy jokaisella avaamisella. Ilman keinotekoisia lis\u00e4aineita ja s\u00e4il\u00f6nt\u00e4aineita, voit olla varma, ett\u00e4 friGERA kalsiumikondit kanalla tarjoavat lemmikillesi terveellisen ja nautinnollisen herkun. Nosta koirasi herkuttelukokemus uudelle tasolle friGERA:lla \u2013 koska jokainen iloinen h\u00e4nn\u00e4nheilautus ansaitsee herkun, joka on sek\u00e4 ravitseva ett\u00e4 maukas! Ainesosat: Kana 32 %, Modifioitu maissit\u00e4rkkelys, Kalsiumkarbonaatti, Glyseriini, Sorbitoli, Suola K\u00e4ytt\u00f6ohje: Anna v\u00e4lipalana tai palkintona aterioiden v\u00e4lill\u00e4 osana tasapainoista ruokavaliota. Valvo koiraa aina pureskellessa. Tarjoa aina raikasta vett\u00e4. Ei sovellu ihmisravinnoksi. Analyyttinen koostumus: Proteiini 16 %, Rasva 2,2 %, Tuhka 4 %, Raakakuitu 2 %, Kosteus 18 %","og_url":"https:\/\/miumjau.ee\/fi\/tuote\/kalsiumiset-herkut-kanalla-frigera-100-g\/","og_site_name":"MiuMjau","article_publisher":"https:\/\/www.facebook.com\/miumjaupood\/","article_modified_time":"2026-01-07T20:45:17+00:00","og_image":[{"width":600,"height":800,"url":"https:\/\/miumjau.ee\/wp-content\/uploads\/2025\/05\/frigera-koerte-maius-kaltsiumikondid-kanaga-Photoroom.jpg","type":"image\/jpeg"}],"twitter_card":"summary_large_image","schema":{"@context":"https:\/\/schema.org","@graph":[{"@type":"WebPage","@id":"https:\/\/miumjau.ee\/fi\/tuote\/kalsiumiset-herkut-kanalla-frigera-100-g\/","url":"https:\/\/miumjau.ee\/fi\/tuote\/kalsiumiset-herkut-kanalla-frigera-100-g\/","name":"Kalsiumiset herkut kanalla Frigera 100 g - MiuMjau","isPartOf":{"@id":"https:\/\/miumjau.ee\/#website"},"primaryImageOfPage":{"@id":"https:\/\/miumjau.ee\/fi\/tuote\/kalsiumiset-herkut-kanalla-frigera-100-g\/#primaryimage"},"image":{"@id":"https:\/\/miumjau.ee\/fi\/tuote\/kalsiumiset-herkut-kanalla-frigera-100-g\/#primaryimage"},"thumbnailUrl":"https:\/\/miumjau.ee\/wp-content\/uploads\/2025\/05\/frigera-koerte-maius-kaltsiumikondid-kanaga-Photoroom.jpg","datePublished":"2025-05-29T06:33:38+00:00","dateModified":"2026-01-07T20:45:17+00:00","breadcrumb":{"@id":"https:\/\/miumjau.ee\/fi\/tuote\/kalsiumiset-herkut-kanalla-frigera-100-g\/#breadcrumb"},"inLanguage":"fi","potentialAction":[{"@type":"ReadAction","target":["https:\/\/miumjau.ee\/fi\/tuote\/kalsiumiset-herkut-kanalla-frigera-100-g\/"]}]},{"@type":"ImageObject","inLanguage":"fi","@id":"https:\/\/miumjau.ee\/fi\/tuote\/kalsiumiset-herkut-kanalla-frigera-100-g\/#primaryimage","url":"https:\/\/miumjau.ee\/wp-content\/uploads\/2025\/05\/frigera-koerte-maius-kaltsiumikondid-kanaga-Photoroom.jpg","contentUrl":"https:\/\/miumjau.ee\/wp-content\/uploads\/2025\/05\/frigera-koerte-maius-kaltsiumikondid-kanaga-Photoroom.jpg","width":600,"height":800,"caption":"Kaltsiumi kondikesed kanaga Frigera 500g"},{"@type":"BreadcrumbList","@id":"https:\/\/miumjau.ee\/fi\/tuote\/kalsiumiset-herkut-kanalla-frigera-100-g\/#breadcrumb","itemListElement":[{"@type":"ListItem","position":1,"name":"Home","item":"https:\/\/miumjau.ee\/fi\/"},{"@type":"ListItem","position":2,"name":"Kauppa","item":"https:\/\/miumjau.ee\/fi\/kauppa\/"},{"@type":"ListItem","position":3,"name":"Kalsiumiset herkut kanalla Frigera 100 g"}]},{"@type":"WebSite","@id":"https:\/\/miumjau.ee\/#website","url":"https:\/\/miumjau.ee\/","name":"MiuMjau","description":"Kraapimispuud kassidele","publisher":{"@id":"https:\/\/miumjau.ee\/#organization"},"potentialAction":[{"@type":"SearchAction","target":{"@type":"EntryPoint","urlTemplate":"https:\/\/miumjau.ee\/?s={search_term_string}"},"query-input":{"@type":"PropertyValueSpecification","valueRequired":true,"valueName":"search_term_string"}}],"inLanguage":"fi"},{"@type":"Organization","@id":"https:\/\/miumjau.ee\/#organization","name":"MiuMjau O\u00dc","url":"https:\/\/miumjau.ee\/","logo":{"@type":"ImageObject","inLanguage":"fi","@id":"https:\/\/miumjau.ee\/#\/schema\/logo\/image\/","url":"https:\/\/miumjau.ee\/wp-content\/uploads\/2022\/04\/MiuMjau-logo-kollane.png","contentUrl":"https:\/\/miumjau.ee\/wp-content\/uploads\/2022\/04\/MiuMjau-logo-kollane.png","width":219,"height":100,"caption":"MiuMjau O\u00dc"},"image":{"@id":"https:\/\/miumjau.ee\/#\/schema\/logo\/image\/"},"sameAs":["https:\/\/www.facebook.com\/miumjaupood\/"]}]}},"_links":{"self":[{"href":"https:\/\/miumjau.ee\/fi\/wp-json\/wp\/v2\/product\/48036","targetHints":{"allow":["GET"]}}],"collection":[{"href":"https:\/\/miumjau.ee\/fi\/wp-json\/wp\/v2\/product"}],"about":[{"href":"https:\/\/miumjau.ee\/fi\/wp-json\/wp\/v2\/types\/product"}],"wp:featuredmedia":[{"embeddable":true,"href":"https:\/\/miumjau.ee\/fi\/wp-json\/wp\/v2\/media\/40857"}],"wp:attachment":[{"href":"https:\/\/miumjau.ee\/fi\/wp-json\/wp\/v2\/media?parent=48036"}],"wp:term":[{"taxonomy":"product_brand","embeddable":true,"href":"https:\/\/miumjau.ee\/fi\/wp-json\/wp\/v2\/product_brand?post=48036"},{"taxonomy":"product_cat","embeddable":true,"href":"https:\/\/miumjau.ee\/fi\/wp-json\/wp\/v2\/product_cat?post=48036"},{"taxonomy":"product_tag","embeddable":true,"href":"https:\/\/miumjau.ee\/fi\/wp-json\/wp\/v2\/product_tag?post=48036"}],"curies":[{"name":"wp","href":"https:\/\/api.w.org\/{rel}","templated":true}]}}