{"id":48028,"date":"2025-05-29T09:40:58","date_gmt":"2025-05-29T06:40:58","guid":{"rendered":"https:\/\/miumjau.ee\/toode\/proteiinipitoinen-koiran-herkku-kana-sushi-frigera-500-g\/"},"modified":"2026-01-07T22:45:17","modified_gmt":"2026-01-07T20:45:17","slug":"proteiinipitoinen-koiran-herkku-kana-sushi-frigera-500-g","status":"publish","type":"product","link":"https:\/\/miumjau.ee\/fi\/tuote\/proteiinipitoinen-koiran-herkku-kana-sushi-frigera-500-g\/","title":{"rendered":"Proteiinipitoinen koiran herkku, kana-sushi Frigera 500 g"},"content":{"rendered":"","protected":false},"excerpt":{"rendered":"<p data-start=\"1368\" data-end=\"1513\">Oletko koskaan kokeillut tarjota koirallesi aasialaistyylist\u00e4 herkkua? Esittelemme friGERA kana-sushin \u2013 t\u00e4ydellinen yhdistelm\u00e4 kanaa ja kalaa!<\/p>\n<p data-start=\"1515\" data-end=\"1798\">Valmistettu korkealaatuisesta kanasta, maissit\u00e4rkkelyksest\u00e4 ja kalasta, ja muotoiltu sushin n\u00e4k\u00f6iseksi, t\u00e4m\u00e4 herkku tuo pienen palan Aasiaa koirallesi. Pehme\u00e4n tekstuurin herkut sopivat kaikenik\u00e4isille ja -kokoisille koirille, tarjoten maukkaan ja helposti pureskeltavan palkinnon.<\/p>\n<p data-start=\"1800\" data-end=\"2026\">Herkut on k\u00e4tev\u00e4sti annosteltu ja pakattu uudelleensuljettavaan pakkaukseen, jotta tuoreus s\u00e4ilyy mahdollisimman hyvin. friGERA kana-sushi on luotettava valinta, kun haluat tarjota lemmikillesi jotain maukasta ja ravitsevaa.<\/p>\n<p data-start=\"2028\" data-end=\"2163\">Nosta koirasi herkuttelukokemus uudelle tasolle aasialaisella vivahteella \u2013 friGERA kana-sushi tekee jokaisesta suupalasta erityisen!<\/p>\n<p data-start=\"2165\" data-end=\"2259\">Ainesosat: Kana 78,5 %, Kala 15 %, Sokeri, Glyseriini, Modifioitu maissit\u00e4rkkelys, Sorbitoli<\/p>\n<p data-start=\"2261\" data-end=\"2447\">K\u00e4ytt\u00f6ohje: Anna v\u00e4lipalana tai palkintona aterioiden v\u00e4lill\u00e4 osana tasapainoista ruokavaliota. Valvo koiraa aina pureskellessa. Tarjoa aina raikasta vett\u00e4. Ei sovellu ihmisravinnoksi.<\/p>\n<p data-start=\"2449\" data-end=\"2541\">Analyyttinen koostumus: Proteiini 35 %, Rasva 1 %, Tuhka 4 %, Raakakuitu 2 %, Kosteus 25 %<\/p>\n","protected":false},"featured_media":40853,"template":"","meta":[],"product_brand":[],"product_cat":[480,139],"product_tag":[],"class_list":{"0":"post-48028","1":"product","2":"type-product","3":"status-publish","4":"has-post-thumbnail","6":"product_cat-herkut-koirille","7":"product_cat-kaup24-fi","9":"first","10":"instock","11":"sale","12":"taxable","13":"shipping-taxable","14":"purchasable","15":"product-type-simple"},"yoast_head":"<!-- This site is optimized with the Yoast SEO plugin v27.4 - https:\/\/yoast.com\/product\/yoast-seo-wordpress\/ -->\n<title>Proteiinipitoinen koiran herkku, kana-sushi Frigera 500 g - MiuMjau<\/title>\n<meta name=\"robots\" content=\"index, follow, max-snippet:-1, max-image-preview:large, max-video-preview:-1\" \/>\n<link rel=\"canonical\" href=\"https:\/\/miumjau.ee\/fi\/tuote\/proteiinipitoinen-koiran-herkku-kana-sushi-frigera-500-g\/\" \/>\n<meta property=\"og:locale\" content=\"fi_FI\" \/>\n<meta property=\"og:type\" content=\"article\" \/>\n<meta property=\"og:title\" content=\"Proteiinipitoinen koiran herkku, kana-sushi Frigera 500 g - MiuMjau\" \/>\n<meta property=\"og:description\" content=\"Oletko koskaan kokeillut tarjota koirallesi aasialaistyylist\u00e4 herkkua? Esittelemme friGERA kana-sushin \u2013 t\u00e4ydellinen yhdistelm\u00e4 kanaa ja kalaa! Valmistettu korkealaatuisesta kanasta, maissit\u00e4rkkelyksest\u00e4 ja kalasta, ja muotoiltu sushin n\u00e4k\u00f6iseksi, t\u00e4m\u00e4 herkku tuo pienen palan Aasiaa koirallesi. Pehme\u00e4n tekstuurin herkut sopivat kaikenik\u00e4isille ja -kokoisille koirille, tarjoten maukkaan ja helposti pureskeltavan palkinnon. Herkut on k\u00e4tev\u00e4sti annosteltu ja pakattu uudelleensuljettavaan pakkaukseen, jotta tuoreus s\u00e4ilyy mahdollisimman hyvin. friGERA kana-sushi on luotettava valinta, kun haluat tarjota lemmikillesi jotain maukasta ja ravitsevaa. Nosta koirasi herkuttelukokemus uudelle tasolle aasialaisella vivahteella \u2013 friGERA kana-sushi tekee jokaisesta suupalasta erityisen! Ainesosat: Kana 78,5 %, Kala 15 %, Sokeri, Glyseriini, Modifioitu maissit\u00e4rkkelys, Sorbitoli K\u00e4ytt\u00f6ohje: Anna v\u00e4lipalana tai palkintona aterioiden v\u00e4lill\u00e4 osana tasapainoista ruokavaliota. Valvo koiraa aina pureskellessa. Tarjoa aina raikasta vett\u00e4. Ei sovellu ihmisravinnoksi. Analyyttinen koostumus: Proteiini 35 %, Rasva 1 %, Tuhka 4 %, Raakakuitu 2 %, Kosteus 25 %\" \/>\n<meta property=\"og:url\" content=\"https:\/\/miumjau.ee\/fi\/tuote\/proteiinipitoinen-koiran-herkku-kana-sushi-frigera-500-g\/\" \/>\n<meta property=\"og:site_name\" content=\"MiuMjau\" \/>\n<meta property=\"article:publisher\" content=\"https:\/\/www.facebook.com\/miumjaupood\/\" \/>\n<meta property=\"article:modified_time\" content=\"2026-01-07T20:45:17+00:00\" \/>\n<meta property=\"og:image\" content=\"https:\/\/miumjau.ee\/wp-content\/uploads\/2025\/05\/frigera-koerte-maius-kanasushi-500g-Photoroom.jpg\" \/>\n\t<meta property=\"og:image:width\" content=\"600\" \/>\n\t<meta property=\"og:image:height\" content=\"800\" \/>\n\t<meta property=\"og:image:type\" content=\"image\/jpeg\" \/>\n<meta name=\"twitter:card\" content=\"summary_large_image\" \/>\n<script type=\"application\/ld+json\" class=\"yoast-schema-graph\">{\"@context\":\"https:\\\/\\\/schema.org\",\"@graph\":[{\"@type\":\"WebPage\",\"@id\":\"https:\\\/\\\/miumjau.ee\\\/fi\\\/tuote\\\/proteiinipitoinen-koiran-herkku-kana-sushi-frigera-500-g\\\/\",\"url\":\"https:\\\/\\\/miumjau.ee\\\/fi\\\/tuote\\\/proteiinipitoinen-koiran-herkku-kana-sushi-frigera-500-g\\\/\",\"name\":\"Proteiinipitoinen koiran herkku, kana-sushi Frigera 500 g - MiuMjau\",\"isPartOf\":{\"@id\":\"https:\\\/\\\/miumjau.ee\\\/#website\"},\"primaryImageOfPage\":{\"@id\":\"https:\\\/\\\/miumjau.ee\\\/fi\\\/tuote\\\/proteiinipitoinen-koiran-herkku-kana-sushi-frigera-500-g\\\/#primaryimage\"},\"image\":{\"@id\":\"https:\\\/\\\/miumjau.ee\\\/fi\\\/tuote\\\/proteiinipitoinen-koiran-herkku-kana-sushi-frigera-500-g\\\/#primaryimage\"},\"thumbnailUrl\":\"https:\\\/\\\/miumjau.ee\\\/wp-content\\\/uploads\\\/2025\\\/05\\\/frigera-koerte-maius-kanasushi-500g-Photoroom.jpg\",\"datePublished\":\"2025-05-29T06:40:58+00:00\",\"dateModified\":\"2026-01-07T20:45:17+00:00\",\"breadcrumb\":{\"@id\":\"https:\\\/\\\/miumjau.ee\\\/fi\\\/tuote\\\/proteiinipitoinen-koiran-herkku-kana-sushi-frigera-500-g\\\/#breadcrumb\"},\"inLanguage\":\"fi\",\"potentialAction\":[{\"@type\":\"ReadAction\",\"target\":[\"https:\\\/\\\/miumjau.ee\\\/fi\\\/tuote\\\/proteiinipitoinen-koiran-herkku-kana-sushi-frigera-500-g\\\/\"]}]},{\"@type\":\"ImageObject\",\"inLanguage\":\"fi\",\"@id\":\"https:\\\/\\\/miumjau.ee\\\/fi\\\/tuote\\\/proteiinipitoinen-koiran-herkku-kana-sushi-frigera-500-g\\\/#primaryimage\",\"url\":\"https:\\\/\\\/miumjau.ee\\\/wp-content\\\/uploads\\\/2025\\\/05\\\/frigera-koerte-maius-kanasushi-500g-Photoroom.jpg\",\"contentUrl\":\"https:\\\/\\\/miumjau.ee\\\/wp-content\\\/uploads\\\/2025\\\/05\\\/frigera-koerte-maius-kanasushi-500g-Photoroom.jpg\",\"width\":600,\"height\":800,\"caption\":\"Liharohke maius koertele, kana sushi Frigera 500g\"},{\"@type\":\"BreadcrumbList\",\"@id\":\"https:\\\/\\\/miumjau.ee\\\/fi\\\/tuote\\\/proteiinipitoinen-koiran-herkku-kana-sushi-frigera-500-g\\\/#breadcrumb\",\"itemListElement\":[{\"@type\":\"ListItem\",\"position\":1,\"name\":\"Home\",\"item\":\"https:\\\/\\\/miumjau.ee\\\/fi\\\/\"},{\"@type\":\"ListItem\",\"position\":2,\"name\":\"Kauppa\",\"item\":\"https:\\\/\\\/miumjau.ee\\\/fi\\\/kauppa\\\/\"},{\"@type\":\"ListItem\",\"position\":3,\"name\":\"Proteiinipitoinen koiran herkku, kana-sushi Frigera 500 g\"}]},{\"@type\":\"WebSite\",\"@id\":\"https:\\\/\\\/miumjau.ee\\\/#website\",\"url\":\"https:\\\/\\\/miumjau.ee\\\/\",\"name\":\"MiuMjau\",\"description\":\"Kraapimispuud kassidele\",\"publisher\":{\"@id\":\"https:\\\/\\\/miumjau.ee\\\/#organization\"},\"potentialAction\":[{\"@type\":\"SearchAction\",\"target\":{\"@type\":\"EntryPoint\",\"urlTemplate\":\"https:\\\/\\\/miumjau.ee\\\/?s={search_term_string}\"},\"query-input\":{\"@type\":\"PropertyValueSpecification\",\"valueRequired\":true,\"valueName\":\"search_term_string\"}}],\"inLanguage\":\"fi\"},{\"@type\":\"Organization\",\"@id\":\"https:\\\/\\\/miumjau.ee\\\/#organization\",\"name\":\"MiuMjau O\u00dc\",\"url\":\"https:\\\/\\\/miumjau.ee\\\/\",\"logo\":{\"@type\":\"ImageObject\",\"inLanguage\":\"fi\",\"@id\":\"https:\\\/\\\/miumjau.ee\\\/#\\\/schema\\\/logo\\\/image\\\/\",\"url\":\"https:\\\/\\\/miumjau.ee\\\/wp-content\\\/uploads\\\/2022\\\/04\\\/MiuMjau-logo-kollane.png\",\"contentUrl\":\"https:\\\/\\\/miumjau.ee\\\/wp-content\\\/uploads\\\/2022\\\/04\\\/MiuMjau-logo-kollane.png\",\"width\":219,\"height\":100,\"caption\":\"MiuMjau O\u00dc\"},\"image\":{\"@id\":\"https:\\\/\\\/miumjau.ee\\\/#\\\/schema\\\/logo\\\/image\\\/\"},\"sameAs\":[\"https:\\\/\\\/www.facebook.com\\\/miumjaupood\\\/\"]}]}<\/script>\n<!-- \/ Yoast SEO plugin. -->","yoast_head_json":{"title":"Proteiinipitoinen koiran herkku, kana-sushi Frigera 500 g - MiuMjau","robots":{"index":"index","follow":"follow","max-snippet":"max-snippet:-1","max-image-preview":"max-image-preview:large","max-video-preview":"max-video-preview:-1"},"canonical":"https:\/\/miumjau.ee\/fi\/tuote\/proteiinipitoinen-koiran-herkku-kana-sushi-frigera-500-g\/","og_locale":"fi_FI","og_type":"article","og_title":"Proteiinipitoinen koiran herkku, kana-sushi Frigera 500 g - MiuMjau","og_description":"Oletko koskaan kokeillut tarjota koirallesi aasialaistyylist\u00e4 herkkua? Esittelemme friGERA kana-sushin \u2013 t\u00e4ydellinen yhdistelm\u00e4 kanaa ja kalaa! Valmistettu korkealaatuisesta kanasta, maissit\u00e4rkkelyksest\u00e4 ja kalasta, ja muotoiltu sushin n\u00e4k\u00f6iseksi, t\u00e4m\u00e4 herkku tuo pienen palan Aasiaa koirallesi. Pehme\u00e4n tekstuurin herkut sopivat kaikenik\u00e4isille ja -kokoisille koirille, tarjoten maukkaan ja helposti pureskeltavan palkinnon. Herkut on k\u00e4tev\u00e4sti annosteltu ja pakattu uudelleensuljettavaan pakkaukseen, jotta tuoreus s\u00e4ilyy mahdollisimman hyvin. friGERA kana-sushi on luotettava valinta, kun haluat tarjota lemmikillesi jotain maukasta ja ravitsevaa. Nosta koirasi herkuttelukokemus uudelle tasolle aasialaisella vivahteella \u2013 friGERA kana-sushi tekee jokaisesta suupalasta erityisen! Ainesosat: Kana 78,5 %, Kala 15 %, Sokeri, Glyseriini, Modifioitu maissit\u00e4rkkelys, Sorbitoli K\u00e4ytt\u00f6ohje: Anna v\u00e4lipalana tai palkintona aterioiden v\u00e4lill\u00e4 osana tasapainoista ruokavaliota. Valvo koiraa aina pureskellessa. Tarjoa aina raikasta vett\u00e4. Ei sovellu ihmisravinnoksi. Analyyttinen koostumus: Proteiini 35 %, Rasva 1 %, Tuhka 4 %, Raakakuitu 2 %, Kosteus 25 %","og_url":"https:\/\/miumjau.ee\/fi\/tuote\/proteiinipitoinen-koiran-herkku-kana-sushi-frigera-500-g\/","og_site_name":"MiuMjau","article_publisher":"https:\/\/www.facebook.com\/miumjaupood\/","article_modified_time":"2026-01-07T20:45:17+00:00","og_image":[{"width":600,"height":800,"url":"https:\/\/miumjau.ee\/wp-content\/uploads\/2025\/05\/frigera-koerte-maius-kanasushi-500g-Photoroom.jpg","type":"image\/jpeg"}],"twitter_card":"summary_large_image","schema":{"@context":"https:\/\/schema.org","@graph":[{"@type":"WebPage","@id":"https:\/\/miumjau.ee\/fi\/tuote\/proteiinipitoinen-koiran-herkku-kana-sushi-frigera-500-g\/","url":"https:\/\/miumjau.ee\/fi\/tuote\/proteiinipitoinen-koiran-herkku-kana-sushi-frigera-500-g\/","name":"Proteiinipitoinen koiran herkku, kana-sushi Frigera 500 g - MiuMjau","isPartOf":{"@id":"https:\/\/miumjau.ee\/#website"},"primaryImageOfPage":{"@id":"https:\/\/miumjau.ee\/fi\/tuote\/proteiinipitoinen-koiran-herkku-kana-sushi-frigera-500-g\/#primaryimage"},"image":{"@id":"https:\/\/miumjau.ee\/fi\/tuote\/proteiinipitoinen-koiran-herkku-kana-sushi-frigera-500-g\/#primaryimage"},"thumbnailUrl":"https:\/\/miumjau.ee\/wp-content\/uploads\/2025\/05\/frigera-koerte-maius-kanasushi-500g-Photoroom.jpg","datePublished":"2025-05-29T06:40:58+00:00","dateModified":"2026-01-07T20:45:17+00:00","breadcrumb":{"@id":"https:\/\/miumjau.ee\/fi\/tuote\/proteiinipitoinen-koiran-herkku-kana-sushi-frigera-500-g\/#breadcrumb"},"inLanguage":"fi","potentialAction":[{"@type":"ReadAction","target":["https:\/\/miumjau.ee\/fi\/tuote\/proteiinipitoinen-koiran-herkku-kana-sushi-frigera-500-g\/"]}]},{"@type":"ImageObject","inLanguage":"fi","@id":"https:\/\/miumjau.ee\/fi\/tuote\/proteiinipitoinen-koiran-herkku-kana-sushi-frigera-500-g\/#primaryimage","url":"https:\/\/miumjau.ee\/wp-content\/uploads\/2025\/05\/frigera-koerte-maius-kanasushi-500g-Photoroom.jpg","contentUrl":"https:\/\/miumjau.ee\/wp-content\/uploads\/2025\/05\/frigera-koerte-maius-kanasushi-500g-Photoroom.jpg","width":600,"height":800,"caption":"Liharohke maius koertele, kana sushi Frigera 500g"},{"@type":"BreadcrumbList","@id":"https:\/\/miumjau.ee\/fi\/tuote\/proteiinipitoinen-koiran-herkku-kana-sushi-frigera-500-g\/#breadcrumb","itemListElement":[{"@type":"ListItem","position":1,"name":"Home","item":"https:\/\/miumjau.ee\/fi\/"},{"@type":"ListItem","position":2,"name":"Kauppa","item":"https:\/\/miumjau.ee\/fi\/kauppa\/"},{"@type":"ListItem","position":3,"name":"Proteiinipitoinen koiran herkku, kana-sushi Frigera 500 g"}]},{"@type":"WebSite","@id":"https:\/\/miumjau.ee\/#website","url":"https:\/\/miumjau.ee\/","name":"MiuMjau","description":"Kraapimispuud kassidele","publisher":{"@id":"https:\/\/miumjau.ee\/#organization"},"potentialAction":[{"@type":"SearchAction","target":{"@type":"EntryPoint","urlTemplate":"https:\/\/miumjau.ee\/?s={search_term_string}"},"query-input":{"@type":"PropertyValueSpecification","valueRequired":true,"valueName":"search_term_string"}}],"inLanguage":"fi"},{"@type":"Organization","@id":"https:\/\/miumjau.ee\/#organization","name":"MiuMjau O\u00dc","url":"https:\/\/miumjau.ee\/","logo":{"@type":"ImageObject","inLanguage":"fi","@id":"https:\/\/miumjau.ee\/#\/schema\/logo\/image\/","url":"https:\/\/miumjau.ee\/wp-content\/uploads\/2022\/04\/MiuMjau-logo-kollane.png","contentUrl":"https:\/\/miumjau.ee\/wp-content\/uploads\/2022\/04\/MiuMjau-logo-kollane.png","width":219,"height":100,"caption":"MiuMjau O\u00dc"},"image":{"@id":"https:\/\/miumjau.ee\/#\/schema\/logo\/image\/"},"sameAs":["https:\/\/www.facebook.com\/miumjaupood\/"]}]}},"_links":{"self":[{"href":"https:\/\/miumjau.ee\/fi\/wp-json\/wp\/v2\/product\/48028","targetHints":{"allow":["GET"]}}],"collection":[{"href":"https:\/\/miumjau.ee\/fi\/wp-json\/wp\/v2\/product"}],"about":[{"href":"https:\/\/miumjau.ee\/fi\/wp-json\/wp\/v2\/types\/product"}],"wp:featuredmedia":[{"embeddable":true,"href":"https:\/\/miumjau.ee\/fi\/wp-json\/wp\/v2\/media\/40853"}],"wp:attachment":[{"href":"https:\/\/miumjau.ee\/fi\/wp-json\/wp\/v2\/media?parent=48028"}],"wp:term":[{"taxonomy":"product_brand","embeddable":true,"href":"https:\/\/miumjau.ee\/fi\/wp-json\/wp\/v2\/product_brand?post=48028"},{"taxonomy":"product_cat","embeddable":true,"href":"https:\/\/miumjau.ee\/fi\/wp-json\/wp\/v2\/product_cat?post=48028"},{"taxonomy":"product_tag","embeddable":true,"href":"https:\/\/miumjau.ee\/fi\/wp-json\/wp\/v2\/product_tag?post=48028"}],"curies":[{"name":"wp","href":"https:\/\/api.w.org\/{rel}","templated":true}]}}