{"id":48021,"date":"2025-05-29T10:02:27","date_gmt":"2025-05-29T07:02:27","guid":{"rendered":"https:\/\/miumjau.ee\/toode\/luonnolliset-puolipehmeat-kanafileet-frigera-500-g\/"},"modified":"2026-01-07T22:45:24","modified_gmt":"2026-01-07T20:45:24","slug":"luonnolliset-puolipehmeat-kanafileet-frigera-500-g","status":"publish","type":"product","link":"https:\/\/miumjau.ee\/fi\/tuote\/luonnolliset-puolipehmeat-kanafileet-frigera-500-g\/","title":{"rendered":"Luonnolliset puolipehme\u00e4t kanafileet Frigera 500 g"},"content":{"rendered":"","protected":false},"excerpt":{"rendered":"<p data-start=\"1294\" data-end=\"1503\">Etsitk\u00f6 pehme\u00e4\u00e4 ja maukasta herkkua rakkaalle nelijalkaiselle yst\u00e4v\u00e4llesi? Esittelemme friGERA kanafileet \u2013 terveellinen ja herkullinen herkku, joka on valmistettu rakkaudella ja huolella juuri lemmikillesi.<\/p>\n<p data-start=\"1505\" data-end=\"1802\">Valmistettu parhaasta kanafileest\u00e4, jokainen pala on huolellisesti valittu, hienosti annosteltu ja sijoitettu uudelleensuljettavaan pakkaukseen, jotta maku ja tuoreus s\u00e4ilyv\u00e4t. Hell\u00e4varaisesti k\u00e4sitelty, jotta lihan luonnollinen maku ja ravinteet s\u00e4ilyv\u00e4t, t\u00e4m\u00e4 herkku on koirille vastustamaton.<\/p>\n<p data-start=\"1804\" data-end=\"2040\">Proteiinipitoinen kanafile antaa koirallesi energiaa ja elinvoimaa pysy\u00e4 aktiivisena ja terveen\u00e4. Olipa kyse palkinnosta treenin aikana tai p\u00e4ivitt\u00e4isest\u00e4 hemmottelusta \u2013 friGERA kanafile varmasti saa koirasi h\u00e4nt\u00e4\u00e4n heilumaan ilosta!<\/p>\n<p data-start=\"2042\" data-end=\"2121\">Ainesosat: Kanafile 94,5 %, glyseriini, modifioitu maissit\u00e4rkkelys, sorbitoli<\/p>\n<p data-start=\"2123\" data-end=\"2309\">K\u00e4ytt\u00f6ohje: Anna v\u00e4lipalana tai palkintona aterioiden v\u00e4lill\u00e4 osana tasapainoista ruokavaliota. Valvo koiraa aina pureskellessa. Tarjoa aina raikasta vett\u00e4. Ei sovellu ihmisravinnoksi.<\/p>\n<p data-start=\"2311\" data-end=\"2405\">Analyyttinen koostumus: Proteiini 55 %, Rasva 1,5 %, Tuhka 4 %, Raakakuitu 2 %, Kosteus 20 %<\/p>\n","protected":false},"featured_media":40845,"template":"","meta":[],"product_brand":[],"product_cat":[480,139],"product_tag":[],"class_list":{"0":"post-48021","1":"product","2":"type-product","3":"status-publish","4":"has-post-thumbnail","6":"product_cat-herkut-koirille","7":"product_cat-kaup24-fi","9":"first","10":"instock","11":"sale","12":"taxable","13":"shipping-taxable","14":"purchasable","15":"product-type-simple"},"yoast_head":"<!-- This site is optimized with the Yoast SEO plugin v27.4 - https:\/\/yoast.com\/product\/yoast-seo-wordpress\/ -->\n<title>Luonnolliset puolipehme\u00e4t kanafileet Frigera 500 g - MiuMjau<\/title>\n<meta name=\"robots\" content=\"index, follow, max-snippet:-1, max-image-preview:large, max-video-preview:-1\" \/>\n<link rel=\"canonical\" href=\"https:\/\/miumjau.ee\/fi\/tuote\/luonnolliset-puolipehmeat-kanafileet-frigera-500-g\/\" \/>\n<meta property=\"og:locale\" content=\"fi_FI\" \/>\n<meta property=\"og:type\" content=\"article\" \/>\n<meta property=\"og:title\" content=\"Luonnolliset puolipehme\u00e4t kanafileet Frigera 500 g - MiuMjau\" \/>\n<meta property=\"og:description\" content=\"Etsitk\u00f6 pehme\u00e4\u00e4 ja maukasta herkkua rakkaalle nelijalkaiselle yst\u00e4v\u00e4llesi? Esittelemme friGERA kanafileet \u2013 terveellinen ja herkullinen herkku, joka on valmistettu rakkaudella ja huolella juuri lemmikillesi. Valmistettu parhaasta kanafileest\u00e4, jokainen pala on huolellisesti valittu, hienosti annosteltu ja sijoitettu uudelleensuljettavaan pakkaukseen, jotta maku ja tuoreus s\u00e4ilyv\u00e4t. Hell\u00e4varaisesti k\u00e4sitelty, jotta lihan luonnollinen maku ja ravinteet s\u00e4ilyv\u00e4t, t\u00e4m\u00e4 herkku on koirille vastustamaton. Proteiinipitoinen kanafile antaa koirallesi energiaa ja elinvoimaa pysy\u00e4 aktiivisena ja terveen\u00e4. Olipa kyse palkinnosta treenin aikana tai p\u00e4ivitt\u00e4isest\u00e4 hemmottelusta \u2013 friGERA kanafile varmasti saa koirasi h\u00e4nt\u00e4\u00e4n heilumaan ilosta! Ainesosat: Kanafile 94,5 %, glyseriini, modifioitu maissit\u00e4rkkelys, sorbitoli K\u00e4ytt\u00f6ohje: Anna v\u00e4lipalana tai palkintona aterioiden v\u00e4lill\u00e4 osana tasapainoista ruokavaliota. Valvo koiraa aina pureskellessa. Tarjoa aina raikasta vett\u00e4. Ei sovellu ihmisravinnoksi. Analyyttinen koostumus: Proteiini 55 %, Rasva 1,5 %, Tuhka 4 %, Raakakuitu 2 %, Kosteus 20 %\" \/>\n<meta property=\"og:url\" content=\"https:\/\/miumjau.ee\/fi\/tuote\/luonnolliset-puolipehmeat-kanafileet-frigera-500-g\/\" \/>\n<meta property=\"og:site_name\" content=\"MiuMjau\" \/>\n<meta property=\"article:publisher\" content=\"https:\/\/www.facebook.com\/miumjaupood\/\" \/>\n<meta property=\"article:modified_time\" content=\"2026-01-07T20:45:24+00:00\" \/>\n<meta property=\"og:image\" content=\"https:\/\/miumjau.ee\/wp-content\/uploads\/2025\/05\/frigera-koerte-maius-kanafilee-500g-Photoroom.jpg\" \/>\n\t<meta property=\"og:image:width\" content=\"600\" \/>\n\t<meta property=\"og:image:height\" content=\"800\" \/>\n\t<meta property=\"og:image:type\" content=\"image\/jpeg\" \/>\n<meta name=\"twitter:card\" content=\"summary_large_image\" \/>\n<script type=\"application\/ld+json\" class=\"yoast-schema-graph\">{\"@context\":\"https:\\\/\\\/schema.org\",\"@graph\":[{\"@type\":\"WebPage\",\"@id\":\"https:\\\/\\\/miumjau.ee\\\/fi\\\/tuote\\\/luonnolliset-puolipehmeat-kanafileet-frigera-500-g\\\/\",\"url\":\"https:\\\/\\\/miumjau.ee\\\/fi\\\/tuote\\\/luonnolliset-puolipehmeat-kanafileet-frigera-500-g\\\/\",\"name\":\"Luonnolliset puolipehme\u00e4t kanafileet Frigera 500 g - MiuMjau\",\"isPartOf\":{\"@id\":\"https:\\\/\\\/miumjau.ee\\\/#website\"},\"primaryImageOfPage\":{\"@id\":\"https:\\\/\\\/miumjau.ee\\\/fi\\\/tuote\\\/luonnolliset-puolipehmeat-kanafileet-frigera-500-g\\\/#primaryimage\"},\"image\":{\"@id\":\"https:\\\/\\\/miumjau.ee\\\/fi\\\/tuote\\\/luonnolliset-puolipehmeat-kanafileet-frigera-500-g\\\/#primaryimage\"},\"thumbnailUrl\":\"https:\\\/\\\/miumjau.ee\\\/wp-content\\\/uploads\\\/2025\\\/05\\\/frigera-koerte-maius-kanafilee-500g-Photoroom.jpg\",\"datePublished\":\"2025-05-29T07:02:27+00:00\",\"dateModified\":\"2026-01-07T20:45:24+00:00\",\"breadcrumb\":{\"@id\":\"https:\\\/\\\/miumjau.ee\\\/fi\\\/tuote\\\/luonnolliset-puolipehmeat-kanafileet-frigera-500-g\\\/#breadcrumb\"},\"inLanguage\":\"fi\",\"potentialAction\":[{\"@type\":\"ReadAction\",\"target\":[\"https:\\\/\\\/miumjau.ee\\\/fi\\\/tuote\\\/luonnolliset-puolipehmeat-kanafileet-frigera-500-g\\\/\"]}]},{\"@type\":\"ImageObject\",\"inLanguage\":\"fi\",\"@id\":\"https:\\\/\\\/miumjau.ee\\\/fi\\\/tuote\\\/luonnolliset-puolipehmeat-kanafileet-frigera-500-g\\\/#primaryimage\",\"url\":\"https:\\\/\\\/miumjau.ee\\\/wp-content\\\/uploads\\\/2025\\\/05\\\/frigera-koerte-maius-kanafilee-500g-Photoroom.jpg\",\"contentUrl\":\"https:\\\/\\\/miumjau.ee\\\/wp-content\\\/uploads\\\/2025\\\/05\\\/frigera-koerte-maius-kanafilee-500g-Photoroom.jpg\",\"width\":600,\"height\":800,\"caption\":\"Koeramaius Frigera 100% lambakuubikud 250g\"},{\"@type\":\"BreadcrumbList\",\"@id\":\"https:\\\/\\\/miumjau.ee\\\/fi\\\/tuote\\\/luonnolliset-puolipehmeat-kanafileet-frigera-500-g\\\/#breadcrumb\",\"itemListElement\":[{\"@type\":\"ListItem\",\"position\":1,\"name\":\"Home\",\"item\":\"https:\\\/\\\/miumjau.ee\\\/fi\\\/\"},{\"@type\":\"ListItem\",\"position\":2,\"name\":\"Kauppa\",\"item\":\"https:\\\/\\\/miumjau.ee\\\/fi\\\/kauppa\\\/\"},{\"@type\":\"ListItem\",\"position\":3,\"name\":\"Luonnolliset puolipehme\u00e4t kanafileet Frigera 500 g\"}]},{\"@type\":\"WebSite\",\"@id\":\"https:\\\/\\\/miumjau.ee\\\/#website\",\"url\":\"https:\\\/\\\/miumjau.ee\\\/\",\"name\":\"MiuMjau\",\"description\":\"Kraapimispuud kassidele\",\"publisher\":{\"@id\":\"https:\\\/\\\/miumjau.ee\\\/#organization\"},\"potentialAction\":[{\"@type\":\"SearchAction\",\"target\":{\"@type\":\"EntryPoint\",\"urlTemplate\":\"https:\\\/\\\/miumjau.ee\\\/?s={search_term_string}\"},\"query-input\":{\"@type\":\"PropertyValueSpecification\",\"valueRequired\":true,\"valueName\":\"search_term_string\"}}],\"inLanguage\":\"fi\"},{\"@type\":\"Organization\",\"@id\":\"https:\\\/\\\/miumjau.ee\\\/#organization\",\"name\":\"MiuMjau O\u00dc\",\"url\":\"https:\\\/\\\/miumjau.ee\\\/\",\"logo\":{\"@type\":\"ImageObject\",\"inLanguage\":\"fi\",\"@id\":\"https:\\\/\\\/miumjau.ee\\\/#\\\/schema\\\/logo\\\/image\\\/\",\"url\":\"https:\\\/\\\/miumjau.ee\\\/wp-content\\\/uploads\\\/2022\\\/04\\\/MiuMjau-logo-kollane.png\",\"contentUrl\":\"https:\\\/\\\/miumjau.ee\\\/wp-content\\\/uploads\\\/2022\\\/04\\\/MiuMjau-logo-kollane.png\",\"width\":219,\"height\":100,\"caption\":\"MiuMjau O\u00dc\"},\"image\":{\"@id\":\"https:\\\/\\\/miumjau.ee\\\/#\\\/schema\\\/logo\\\/image\\\/\"},\"sameAs\":[\"https:\\\/\\\/www.facebook.com\\\/miumjaupood\\\/\"]}]}<\/script>\n<!-- \/ Yoast SEO plugin. -->","yoast_head_json":{"title":"Luonnolliset puolipehme\u00e4t kanafileet Frigera 500 g - MiuMjau","robots":{"index":"index","follow":"follow","max-snippet":"max-snippet:-1","max-image-preview":"max-image-preview:large","max-video-preview":"max-video-preview:-1"},"canonical":"https:\/\/miumjau.ee\/fi\/tuote\/luonnolliset-puolipehmeat-kanafileet-frigera-500-g\/","og_locale":"fi_FI","og_type":"article","og_title":"Luonnolliset puolipehme\u00e4t kanafileet Frigera 500 g - MiuMjau","og_description":"Etsitk\u00f6 pehme\u00e4\u00e4 ja maukasta herkkua rakkaalle nelijalkaiselle yst\u00e4v\u00e4llesi? Esittelemme friGERA kanafileet \u2013 terveellinen ja herkullinen herkku, joka on valmistettu rakkaudella ja huolella juuri lemmikillesi. Valmistettu parhaasta kanafileest\u00e4, jokainen pala on huolellisesti valittu, hienosti annosteltu ja sijoitettu uudelleensuljettavaan pakkaukseen, jotta maku ja tuoreus s\u00e4ilyv\u00e4t. Hell\u00e4varaisesti k\u00e4sitelty, jotta lihan luonnollinen maku ja ravinteet s\u00e4ilyv\u00e4t, t\u00e4m\u00e4 herkku on koirille vastustamaton. Proteiinipitoinen kanafile antaa koirallesi energiaa ja elinvoimaa pysy\u00e4 aktiivisena ja terveen\u00e4. Olipa kyse palkinnosta treenin aikana tai p\u00e4ivitt\u00e4isest\u00e4 hemmottelusta \u2013 friGERA kanafile varmasti saa koirasi h\u00e4nt\u00e4\u00e4n heilumaan ilosta! Ainesosat: Kanafile 94,5 %, glyseriini, modifioitu maissit\u00e4rkkelys, sorbitoli K\u00e4ytt\u00f6ohje: Anna v\u00e4lipalana tai palkintona aterioiden v\u00e4lill\u00e4 osana tasapainoista ruokavaliota. Valvo koiraa aina pureskellessa. Tarjoa aina raikasta vett\u00e4. Ei sovellu ihmisravinnoksi. Analyyttinen koostumus: Proteiini 55 %, Rasva 1,5 %, Tuhka 4 %, Raakakuitu 2 %, Kosteus 20 %","og_url":"https:\/\/miumjau.ee\/fi\/tuote\/luonnolliset-puolipehmeat-kanafileet-frigera-500-g\/","og_site_name":"MiuMjau","article_publisher":"https:\/\/www.facebook.com\/miumjaupood\/","article_modified_time":"2026-01-07T20:45:24+00:00","og_image":[{"width":600,"height":800,"url":"https:\/\/miumjau.ee\/wp-content\/uploads\/2025\/05\/frigera-koerte-maius-kanafilee-500g-Photoroom.jpg","type":"image\/jpeg"}],"twitter_card":"summary_large_image","schema":{"@context":"https:\/\/schema.org","@graph":[{"@type":"WebPage","@id":"https:\/\/miumjau.ee\/fi\/tuote\/luonnolliset-puolipehmeat-kanafileet-frigera-500-g\/","url":"https:\/\/miumjau.ee\/fi\/tuote\/luonnolliset-puolipehmeat-kanafileet-frigera-500-g\/","name":"Luonnolliset puolipehme\u00e4t kanafileet Frigera 500 g - MiuMjau","isPartOf":{"@id":"https:\/\/miumjau.ee\/#website"},"primaryImageOfPage":{"@id":"https:\/\/miumjau.ee\/fi\/tuote\/luonnolliset-puolipehmeat-kanafileet-frigera-500-g\/#primaryimage"},"image":{"@id":"https:\/\/miumjau.ee\/fi\/tuote\/luonnolliset-puolipehmeat-kanafileet-frigera-500-g\/#primaryimage"},"thumbnailUrl":"https:\/\/miumjau.ee\/wp-content\/uploads\/2025\/05\/frigera-koerte-maius-kanafilee-500g-Photoroom.jpg","datePublished":"2025-05-29T07:02:27+00:00","dateModified":"2026-01-07T20:45:24+00:00","breadcrumb":{"@id":"https:\/\/miumjau.ee\/fi\/tuote\/luonnolliset-puolipehmeat-kanafileet-frigera-500-g\/#breadcrumb"},"inLanguage":"fi","potentialAction":[{"@type":"ReadAction","target":["https:\/\/miumjau.ee\/fi\/tuote\/luonnolliset-puolipehmeat-kanafileet-frigera-500-g\/"]}]},{"@type":"ImageObject","inLanguage":"fi","@id":"https:\/\/miumjau.ee\/fi\/tuote\/luonnolliset-puolipehmeat-kanafileet-frigera-500-g\/#primaryimage","url":"https:\/\/miumjau.ee\/wp-content\/uploads\/2025\/05\/frigera-koerte-maius-kanafilee-500g-Photoroom.jpg","contentUrl":"https:\/\/miumjau.ee\/wp-content\/uploads\/2025\/05\/frigera-koerte-maius-kanafilee-500g-Photoroom.jpg","width":600,"height":800,"caption":"Koeramaius Frigera 100% lambakuubikud 250g"},{"@type":"BreadcrumbList","@id":"https:\/\/miumjau.ee\/fi\/tuote\/luonnolliset-puolipehmeat-kanafileet-frigera-500-g\/#breadcrumb","itemListElement":[{"@type":"ListItem","position":1,"name":"Home","item":"https:\/\/miumjau.ee\/fi\/"},{"@type":"ListItem","position":2,"name":"Kauppa","item":"https:\/\/miumjau.ee\/fi\/kauppa\/"},{"@type":"ListItem","position":3,"name":"Luonnolliset puolipehme\u00e4t kanafileet Frigera 500 g"}]},{"@type":"WebSite","@id":"https:\/\/miumjau.ee\/#website","url":"https:\/\/miumjau.ee\/","name":"MiuMjau","description":"Kraapimispuud kassidele","publisher":{"@id":"https:\/\/miumjau.ee\/#organization"},"potentialAction":[{"@type":"SearchAction","target":{"@type":"EntryPoint","urlTemplate":"https:\/\/miumjau.ee\/?s={search_term_string}"},"query-input":{"@type":"PropertyValueSpecification","valueRequired":true,"valueName":"search_term_string"}}],"inLanguage":"fi"},{"@type":"Organization","@id":"https:\/\/miumjau.ee\/#organization","name":"MiuMjau O\u00dc","url":"https:\/\/miumjau.ee\/","logo":{"@type":"ImageObject","inLanguage":"fi","@id":"https:\/\/miumjau.ee\/#\/schema\/logo\/image\/","url":"https:\/\/miumjau.ee\/wp-content\/uploads\/2022\/04\/MiuMjau-logo-kollane.png","contentUrl":"https:\/\/miumjau.ee\/wp-content\/uploads\/2022\/04\/MiuMjau-logo-kollane.png","width":219,"height":100,"caption":"MiuMjau O\u00dc"},"image":{"@id":"https:\/\/miumjau.ee\/#\/schema\/logo\/image\/"},"sameAs":["https:\/\/www.facebook.com\/miumjaupood\/"]}]}},"_links":{"self":[{"href":"https:\/\/miumjau.ee\/fi\/wp-json\/wp\/v2\/product\/48021","targetHints":{"allow":["GET"]}}],"collection":[{"href":"https:\/\/miumjau.ee\/fi\/wp-json\/wp\/v2\/product"}],"about":[{"href":"https:\/\/miumjau.ee\/fi\/wp-json\/wp\/v2\/types\/product"}],"wp:featuredmedia":[{"embeddable":true,"href":"https:\/\/miumjau.ee\/fi\/wp-json\/wp\/v2\/media\/40845"}],"wp:attachment":[{"href":"https:\/\/miumjau.ee\/fi\/wp-json\/wp\/v2\/media?parent=48021"}],"wp:term":[{"taxonomy":"product_brand","embeddable":true,"href":"https:\/\/miumjau.ee\/fi\/wp-json\/wp\/v2\/product_brand?post=48021"},{"taxonomy":"product_cat","embeddable":true,"href":"https:\/\/miumjau.ee\/fi\/wp-json\/wp\/v2\/product_cat?post=48021"},{"taxonomy":"product_tag","embeddable":true,"href":"https:\/\/miumjau.ee\/fi\/wp-json\/wp\/v2\/product_tag?post=48021"}],"curies":[{"name":"wp","href":"https:\/\/api.w.org\/{rel}","templated":true}]}}